{"id":37013,"date":"2021-12-07T08:22:53","date_gmt":"2021-12-07T08:22:53","guid":{"rendered":"https:\/\/inti.hr\/product\/konzolni-stol-s-3-razine\/"},"modified":"2021-12-07T08:22:53","modified_gmt":"2021-12-07T08:22:53","slug":"konzolni-stol-s-3-razine","status":"publish","type":"product","link":"https:\/\/inti.hr\/bs\/proizvod\/konzolni-stol-s-3-razine\/","title":{"rendered":"Konzolni stol s 3 razine"},"content":{"rendered":"<p><b>Detalji o proizvodu:<\/b><br \/>\n&#8211; Boja: zlatne boje<br \/>\n&#8211; Materijal: \u010delik, kaljeno staklo<br \/>\n&#8211;\u00a0Ukupna\u00a0veli\u010dina: 130 x 30 x 73 cm (D x \u0160 x V)<br \/>\n&#8211; Te\u017eina: 20,1 kg<br \/>\n&#8211; Maksimalna stati\u010dka nosivost ukupno: 40 kg.<\/p>\n<p>&nbsp;<\/p>\n<p>Bolje je odlu\u010diti se za veliku policu od samog po\u010detka nego se kasnije \u017ealiti na nedostatak prostora.\u00a0Ova troslojna polica od 1,3 m pravi je izbor za vas da poka\u017eete eleganciju i stil. Ova polica dobro do\u0111e. 6 mm kaljeno staklo, \u010dvrst metal &#8211; mirno izlo\u017eite svoje blago na ovoj polici &#8211; ne\u0107e se raspasti! Potrebna je prilagodljivost, ovaj komad namje\u0161taja ima mnogo lica i uklapa se u razli\u010dite prostorije! Konzolni stol u hodniku?\u00a0Polica za biljke u dnevnoj sobi?\u00a0Pomo\u0107ni stoli\u0107 u spava\u0107oj sobi?\u00a0\u0160to drugo?\u00a0Dajte krila za razmi\u0161ljanje!<\/p>\n","protected":false},"excerpt":{"rendered":"<p>Konzolni stol, predsoblje, 3 eta\u017ee, pomo\u0107ni stol, police od kaljenog stakla, &#8230; <\/p>\n","protected":false},"featured_media":37015,"template":"","meta":[],"product_cat":[2570,2418],"product_tag":[2571,2444,3410,5020],"yoast_head":"<!-- This site is optimized with the Yoast SEO plugin v23.7 - https:\/\/yoast.com\/wordpress\/plugins\/seo\/ -->\n<title>Konzolni stol s 3 razine - Inti<\/title>\n<meta name=\"description\" content=\"konzolni stol, predsoblje, 3 eta\u017ee, pomo\u0107ni stol, police od kaljenog stakla, 130 x 30 x 73 cm, metalni okvir, moderan, za hodnik, dnevni boravak, spava\u0107u sobu, zlatna\" \/>\n<meta name=\"robots\" content=\"index, follow, max-snippet:-1, max-image-preview:large, max-video-preview:-1\" \/>\n<link rel=\"canonical\" href=\"https:\/\/inti.hr\/bs\/proizvod\/konzolni-stol-s-3-razine\/\" \/>\n<meta property=\"og:locale\" content=\"bs_BA\" \/>\n<meta property=\"og:type\" content=\"article\" \/>\n<meta property=\"og:title\" content=\"Konzolni stol s 3 razine - Inti\" \/>\n<meta property=\"og:description\" content=\"konzolni stol, predsoblje, 3 eta\u017ee, pomo\u0107ni stol, police od kaljenog stakla, 130 x 30 x 73 cm, metalni okvir, moderan, za hodnik, dnevni boravak, spava\u0107u sobu, zlatna\" \/>\n<meta property=\"og:url\" content=\"https:\/\/inti.hr\/bs\/proizvod\/konzolni-stol-s-3-razine\/\" \/>\n<meta property=\"og:site_name\" content=\"Inti\" \/>\n<meta property=\"og:image\" content=\"https:\/\/i0.wp.com\/inti.hr\/wp-content\/uploads\/2021\/12\/812lYdmiRYS._AC_SL1500_.jpg?fit=1500%2C1500&ssl=1\" \/>\n\t<meta property=\"og:image:width\" content=\"1500\" \/>\n\t<meta property=\"og:image:height\" content=\"1500\" \/>\n\t<meta property=\"og:image:type\" content=\"image\/jpeg\" \/>\n<meta name=\"twitter:card\" content=\"summary_large_image\" \/>\n<meta name=\"twitter:label1\" content=\"Est. reading time\" \/>\n\t<meta name=\"twitter:data1\" content=\"1 minuta\" \/>\n<script type=\"application\/ld+json\" class=\"yoast-schema-graph\">{\"@context\":\"https:\/\/schema.org\",\"@graph\":[{\"@type\":\"WebPage\",\"@id\":\"https:\/\/inti.hr\/bs\/proizvod\/konzolni-stol-s-3-razine\/\",\"url\":\"https:\/\/inti.hr\/bs\/proizvod\/konzolni-stol-s-3-razine\/\",\"name\":\"Konzolni stol s 3 razine - Inti\",\"isPartOf\":{\"@id\":\"https:\/\/inti.hr\/bs\/#website\"},\"primaryImageOfPage\":{\"@id\":\"https:\/\/inti.hr\/bs\/proizvod\/konzolni-stol-s-3-razine\/#primaryimage\"},\"image\":{\"@id\":\"https:\/\/inti.hr\/bs\/proizvod\/konzolni-stol-s-3-razine\/#primaryimage\"},\"thumbnailUrl\":\"https:\/\/i0.wp.com\/inti.hr\/wp-content\/uploads\/2021\/12\/812lYdmiRYS._AC_SL1500_.jpg?fit=1500%2C1500&ssl=1\",\"datePublished\":\"2021-12-07T08:22:53+00:00\",\"dateModified\":\"2021-12-07T08:22:53+00:00\",\"description\":\"konzolni stol, predsoblje, 3 eta\u017ee, pomo\u0107ni stol, police od kaljenog stakla, 130 x 30 x 73 cm, metalni okvir, moderan, za hodnik, dnevni boravak, spava\u0107u sobu, zlatna\",\"breadcrumb\":{\"@id\":\"https:\/\/inti.hr\/bs\/proizvod\/konzolni-stol-s-3-razine\/#breadcrumb\"},\"inLanguage\":\"bs-BA\",\"potentialAction\":[{\"@type\":\"ReadAction\",\"target\":[\"https:\/\/inti.hr\/bs\/proizvod\/konzolni-stol-s-3-razine\/\"]}]},{\"@type\":\"ImageObject\",\"inLanguage\":\"bs-BA\",\"@id\":\"https:\/\/inti.hr\/bs\/proizvod\/konzolni-stol-s-3-razine\/#primaryimage\",\"url\":\"https:\/\/i0.wp.com\/inti.hr\/wp-content\/uploads\/2021\/12\/812lYdmiRYS._AC_SL1500_.jpg?fit=1500%2C1500&ssl=1\",\"contentUrl\":\"https:\/\/i0.wp.com\/inti.hr\/wp-content\/uploads\/2021\/12\/812lYdmiRYS._AC_SL1500_.jpg?fit=1500%2C1500&ssl=1\",\"width\":1500,\"height\":1500},{\"@type\":\"BreadcrumbList\",\"@id\":\"https:\/\/inti.hr\/bs\/proizvod\/konzolni-stol-s-3-razine\/#breadcrumb\",\"itemListElement\":[{\"@type\":\"ListItem\",\"position\":1,\"name\":\"Po\u010detna stranica\",\"item\":\"https:\/\/inti.hr\/bs\/\"},{\"@type\":\"ListItem\",\"position\":2,\"name\":\"Trgovina\",\"item\":\"https:\/\/inti.hr\/bs\/trgovina\/\"},{\"@type\":\"ListItem\",\"position\":3,\"name\":\"Konzolni stol s 3 razine\"}]},{\"@type\":\"WebSite\",\"@id\":\"https:\/\/inti.hr\/bs\/#website\",\"url\":\"https:\/\/inti.hr\/bs\/\",\"name\":\"Inti\",\"description\":\"trgovina\",\"potentialAction\":[{\"@type\":\"SearchAction\",\"target\":{\"@type\":\"EntryPoint\",\"urlTemplate\":\"https:\/\/inti.hr\/bs\/?s={search_term_string}\"},\"query-input\":{\"@type\":\"PropertyValueSpecification\",\"valueRequired\":true,\"valueName\":\"search_term_string\"}}],\"inLanguage\":\"bs-BA\"}]}<\/script>\n<!-- \/ Yoast SEO plugin. -->","yoast_head_json":{"title":"Konzolni stol s 3 razine - Inti","description":"konzolni stol, predsoblje, 3 eta\u017ee, pomo\u0107ni stol, police od kaljenog stakla, 130 x 30 x 73 cm, metalni okvir, moderan, za hodnik, dnevni boravak, spava\u0107u sobu, zlatna","robots":{"index":"index","follow":"follow","max-snippet":"max-snippet:-1","max-image-preview":"max-image-preview:large","max-video-preview":"max-video-preview:-1"},"canonical":"https:\/\/inti.hr\/bs\/proizvod\/konzolni-stol-s-3-razine\/","og_locale":"bs_BA","og_type":"article","og_title":"Konzolni stol s 3 razine - Inti","og_description":"konzolni stol, predsoblje, 3 eta\u017ee, pomo\u0107ni stol, police od kaljenog stakla, 130 x 30 x 73 cm, metalni okvir, moderan, za hodnik, dnevni boravak, spava\u0107u sobu, zlatna","og_url":"https:\/\/inti.hr\/bs\/proizvod\/konzolni-stol-s-3-razine\/","og_site_name":"Inti","og_image":[{"width":1500,"height":1500,"url":"https:\/\/i0.wp.com\/inti.hr\/wp-content\/uploads\/2021\/12\/812lYdmiRYS._AC_SL1500_.jpg?fit=1500%2C1500&ssl=1","type":"image\/jpeg"}],"twitter_card":"summary_large_image","twitter_misc":{"Est. reading time":"1 minuta"},"schema":{"@context":"https:\/\/schema.org","@graph":[{"@type":"WebPage","@id":"https:\/\/inti.hr\/bs\/proizvod\/konzolni-stol-s-3-razine\/","url":"https:\/\/inti.hr\/bs\/proizvod\/konzolni-stol-s-3-razine\/","name":"Konzolni stol s 3 razine - Inti","isPartOf":{"@id":"https:\/\/inti.hr\/bs\/#website"},"primaryImageOfPage":{"@id":"https:\/\/inti.hr\/bs\/proizvod\/konzolni-stol-s-3-razine\/#primaryimage"},"image":{"@id":"https:\/\/inti.hr\/bs\/proizvod\/konzolni-stol-s-3-razine\/#primaryimage"},"thumbnailUrl":"https:\/\/i0.wp.com\/inti.hr\/wp-content\/uploads\/2021\/12\/812lYdmiRYS._AC_SL1500_.jpg?fit=1500%2C1500&ssl=1","datePublished":"2021-12-07T08:22:53+00:00","dateModified":"2021-12-07T08:22:53+00:00","description":"konzolni stol, predsoblje, 3 eta\u017ee, pomo\u0107ni stol, police od kaljenog stakla, 130 x 30 x 73 cm, metalni okvir, moderan, za hodnik, dnevni boravak, spava\u0107u sobu, zlatna","breadcrumb":{"@id":"https:\/\/inti.hr\/bs\/proizvod\/konzolni-stol-s-3-razine\/#breadcrumb"},"inLanguage":"bs-BA","potentialAction":[{"@type":"ReadAction","target":["https:\/\/inti.hr\/bs\/proizvod\/konzolni-stol-s-3-razine\/"]}]},{"@type":"ImageObject","inLanguage":"bs-BA","@id":"https:\/\/inti.hr\/bs\/proizvod\/konzolni-stol-s-3-razine\/#primaryimage","url":"https:\/\/i0.wp.com\/inti.hr\/wp-content\/uploads\/2021\/12\/812lYdmiRYS._AC_SL1500_.jpg?fit=1500%2C1500&ssl=1","contentUrl":"https:\/\/i0.wp.com\/inti.hr\/wp-content\/uploads\/2021\/12\/812lYdmiRYS._AC_SL1500_.jpg?fit=1500%2C1500&ssl=1","width":1500,"height":1500},{"@type":"BreadcrumbList","@id":"https:\/\/inti.hr\/bs\/proizvod\/konzolni-stol-s-3-razine\/#breadcrumb","itemListElement":[{"@type":"ListItem","position":1,"name":"Po\u010detna stranica","item":"https:\/\/inti.hr\/bs\/"},{"@type":"ListItem","position":2,"name":"Trgovina","item":"https:\/\/inti.hr\/bs\/trgovina\/"},{"@type":"ListItem","position":3,"name":"Konzolni stol s 3 razine"}]},{"@type":"WebSite","@id":"https:\/\/inti.hr\/bs\/#website","url":"https:\/\/inti.hr\/bs\/","name":"Inti","description":"trgovina","potentialAction":[{"@type":"SearchAction","target":{"@type":"EntryPoint","urlTemplate":"https:\/\/inti.hr\/bs\/?s={search_term_string}"},"query-input":{"@type":"PropertyValueSpecification","valueRequired":true,"valueName":"search_term_string"}}],"inLanguage":"bs-BA"}]}},"jetpack_sharing_enabled":true,"jetpack-related-posts":[],"_links":{"self":[{"href":"https:\/\/inti.hr\/bs\/wp-json\/wp\/v2\/product\/37013"}],"collection":[{"href":"https:\/\/inti.hr\/bs\/wp-json\/wp\/v2\/product"}],"about":[{"href":"https:\/\/inti.hr\/bs\/wp-json\/wp\/v2\/types\/product"}],"wp:featuredmedia":[{"embeddable":true,"href":"https:\/\/inti.hr\/bs\/wp-json\/wp\/v2\/media\/37015"}],"wp:attachment":[{"href":"https:\/\/inti.hr\/bs\/wp-json\/wp\/v2\/media?parent=37013"}],"wp:term":[{"taxonomy":"product_cat","embeddable":true,"href":"https:\/\/inti.hr\/bs\/wp-json\/wp\/v2\/product_cat?post=37013"},{"taxonomy":"product_tag","embeddable":true,"href":"https:\/\/inti.hr\/bs\/wp-json\/wp\/v2\/product_tag?post=37013"}],"curies":[{"name":"wp","href":"https:\/\/api.w.org\/{rel}","templated":true}]}}