{"id":37047,"date":"2021-12-02T09:52:10","date_gmt":"2021-12-02T09:52:10","guid":{"rendered":"https:\/\/inti.hr\/product\/moderni-racunalni-stol-crno-bijeli\/"},"modified":"2021-12-02T09:52:10","modified_gmt":"2021-12-02T09:52:10","slug":"moderni-racunalni-stol-crno-bijeli","status":"publish","type":"product","link":"https:\/\/inti.hr\/bs\/proizvod\/moderni-racunalni-stol-crno-bijeli\/","title":{"rendered":"Moderni ra\u010dunalni stol crno-bijeli"},"content":{"rendered":"<p><strong>Detalji o proizvodu:<\/strong><br \/>\n&#8211; boja: crna + bijela<br \/>\n&#8211; materijal: iverica, metal<br \/>\n&#8211; potrebna monta\u017ea: da<br \/>\n&#8211; dimenzije: 120 x 76 x 60 cm (\u0160XV x D)<br \/>\n&#8211; nosivost: 50 kg<br \/>\n&#8211; te\u017eina: 20,3 kg<\/p>\n<p>&nbsp;<\/p>\n<p>Ra\u010dunalni stol predstavlja se kao uspje\u0161na jedinica jednostavne optike i svestrane funkcije, daje va\u0161em domu ugodan i doma\u0107i ambijent, prikladan kao ra\u010dunalni stol, uredski stol, radni stol, \u010dak i blagovaonski stol u blagovaonici. Metalni okvir otporan na hr\u0111u i plo\u010da stola debljine 25 mm osiguravaju dugi vijek trajanja.\u00a0Zahvaljuju\u0107i velikom stolu, sve papire i razne knjige mogu se ra\u0161iriti bez ikakvih problema, pru\u017eaju\u0107i tako potreban pregled.\u00a0S 4 podesiva \u0161titnika za stopala stol je stabilan na podu, a istovremeno \u0161tite pod od ogrebotina.<\/p>\n","protected":false},"excerpt":{"rendered":"<p>Ra\u010dunalni stol predstavlja se kao uspje\u0161na jedinica jednostavne optike i svestrane &#8230; <\/p>\n","protected":false},"featured_media":37048,"template":"","meta":[],"product_cat":[2436],"product_tag":[5040,2654,5041,5042],"yoast_head":"<!-- This site is optimized with the Yoast SEO plugin v23.7 - https:\/\/yoast.com\/wordpress\/plugins\/seo\/ -->\n<title>Moderni ra\u010dunalni stol crno-bijeli - Inti<\/title>\n<meta name=\"description\" content=\"Ra\u010dunalni stol predstavlja se kao uspje\u0161na jedinica jednostavne optike i svestrane funkcije, daje va\u0161em domu ugodan i doma\u0107i ambijent, prikladan kao ra\u010dunalni stol, uredski stol, radni stol, \u010dak i blagovaonski stol u blagovaonici. Metalni okvir otporan na hr\u0111u i plo\u010da stola debljine 25 mm osiguravaju dugi vijek trajanja.\u00a0Zahvaljuju\u0107i velikom stolu, sve papire i razne knjige mogu se ra\u0161iriti bez ikakvih problema, pru\u017eaju\u0107i tako potreban pregled.\u00a0S 4 podesiva \u0161titnika za stopala stol je stabilan na podu, a istovremeno \u0161tite pod od ogrebotina.\" \/>\n<meta name=\"robots\" content=\"index, follow, max-snippet:-1, max-image-preview:large, max-video-preview:-1\" \/>\n<link rel=\"canonical\" href=\"https:\/\/inti.hr\/bs\/proizvod\/moderni-racunalni-stol-crno-bijeli\/\" \/>\n<meta property=\"og:locale\" content=\"bs_BA\" \/>\n<meta property=\"og:type\" content=\"article\" \/>\n<meta property=\"og:title\" content=\"Moderni ra\u010dunalni stol crno-bijeli - Inti\" \/>\n<meta property=\"og:description\" content=\"Ra\u010dunalni stol predstavlja se kao uspje\u0161na jedinica jednostavne optike i svestrane funkcije, daje va\u0161em domu ugodan i doma\u0107i ambijent, prikladan kao ra\u010dunalni stol, uredski stol, radni stol, \u010dak i blagovaonski stol u blagovaonici. Metalni okvir otporan na hr\u0111u i plo\u010da stola debljine 25 mm osiguravaju dugi vijek trajanja.\u00a0Zahvaljuju\u0107i velikom stolu, sve papire i razne knjige mogu se ra\u0161iriti bez ikakvih problema, pru\u017eaju\u0107i tako potreban pregled.\u00a0S 4 podesiva \u0161titnika za stopala stol je stabilan na podu, a istovremeno \u0161tite pod od ogrebotina.\" \/>\n<meta property=\"og:url\" content=\"https:\/\/inti.hr\/bs\/proizvod\/moderni-racunalni-stol-crno-bijeli\/\" \/>\n<meta property=\"og:site_name\" content=\"Inti\" \/>\n<meta property=\"og:image\" content=\"https:\/\/i0.wp.com\/inti.hr\/wp-content\/uploads\/2021\/12\/81MMmVrjAmL._AC_SL1500_.jpg?fit=1500%2C1500&ssl=1\" \/>\n\t<meta property=\"og:image:width\" content=\"1500\" \/>\n\t<meta property=\"og:image:height\" content=\"1500\" \/>\n\t<meta property=\"og:image:type\" content=\"image\/jpeg\" \/>\n<meta name=\"twitter:card\" content=\"summary_large_image\" \/>\n<meta name=\"twitter:label1\" content=\"Est. reading time\" \/>\n\t<meta name=\"twitter:data1\" content=\"1 minuta\" \/>\n<script type=\"application\/ld+json\" class=\"yoast-schema-graph\">{\"@context\":\"https:\/\/schema.org\",\"@graph\":[{\"@type\":\"WebPage\",\"@id\":\"https:\/\/inti.hr\/bs\/proizvod\/moderni-racunalni-stol-crno-bijeli\/\",\"url\":\"https:\/\/inti.hr\/bs\/proizvod\/moderni-racunalni-stol-crno-bijeli\/\",\"name\":\"Moderni ra\u010dunalni stol crno-bijeli - Inti\",\"isPartOf\":{\"@id\":\"https:\/\/inti.hr\/bs\/#website\"},\"primaryImageOfPage\":{\"@id\":\"https:\/\/inti.hr\/bs\/proizvod\/moderni-racunalni-stol-crno-bijeli\/#primaryimage\"},\"image\":{\"@id\":\"https:\/\/inti.hr\/bs\/proizvod\/moderni-racunalni-stol-crno-bijeli\/#primaryimage\"},\"thumbnailUrl\":\"https:\/\/i0.wp.com\/inti.hr\/wp-content\/uploads\/2021\/12\/81MMmVrjAmL._AC_SL1500_.jpg?fit=1500%2C1500&ssl=1\",\"datePublished\":\"2021-12-02T09:52:10+00:00\",\"dateModified\":\"2021-12-02T09:52:10+00:00\",\"description\":\"Ra\u010dunalni stol predstavlja se kao uspje\u0161na jedinica jednostavne optike i svestrane funkcije, daje va\u0161em domu ugodan i doma\u0107i ambijent, prikladan kao ra\u010dunalni stol, uredski stol, radni stol, \u010dak i blagovaonski stol u blagovaonici. Metalni okvir otporan na hr\u0111u i plo\u010da stola debljine 25 mm osiguravaju dugi vijek trajanja.\u00a0Zahvaljuju\u0107i velikom stolu, sve papire i razne knjige mogu se ra\u0161iriti bez ikakvih problema, pru\u017eaju\u0107i tako potreban pregled.\u00a0S 4 podesiva \u0161titnika za stopala stol je stabilan na podu, a istovremeno \u0161tite pod od ogrebotina.\",\"breadcrumb\":{\"@id\":\"https:\/\/inti.hr\/bs\/proizvod\/moderni-racunalni-stol-crno-bijeli\/#breadcrumb\"},\"inLanguage\":\"bs-BA\",\"potentialAction\":[{\"@type\":\"ReadAction\",\"target\":[\"https:\/\/inti.hr\/bs\/proizvod\/moderni-racunalni-stol-crno-bijeli\/\"]}]},{\"@type\":\"ImageObject\",\"inLanguage\":\"bs-BA\",\"@id\":\"https:\/\/inti.hr\/bs\/proizvod\/moderni-racunalni-stol-crno-bijeli\/#primaryimage\",\"url\":\"https:\/\/i0.wp.com\/inti.hr\/wp-content\/uploads\/2021\/12\/81MMmVrjAmL._AC_SL1500_.jpg?fit=1500%2C1500&ssl=1\",\"contentUrl\":\"https:\/\/i0.wp.com\/inti.hr\/wp-content\/uploads\/2021\/12\/81MMmVrjAmL._AC_SL1500_.jpg?fit=1500%2C1500&ssl=1\",\"width\":1500,\"height\":1500},{\"@type\":\"BreadcrumbList\",\"@id\":\"https:\/\/inti.hr\/bs\/proizvod\/moderni-racunalni-stol-crno-bijeli\/#breadcrumb\",\"itemListElement\":[{\"@type\":\"ListItem\",\"position\":1,\"name\":\"Po\u010detna stranica\",\"item\":\"https:\/\/inti.hr\/bs\/\"},{\"@type\":\"ListItem\",\"position\":2,\"name\":\"Trgovina\",\"item\":\"https:\/\/inti.hr\/bs\/trgovina\/\"},{\"@type\":\"ListItem\",\"position\":3,\"name\":\"Moderni ra\u010dunalni stol crno-bijeli\"}]},{\"@type\":\"WebSite\",\"@id\":\"https:\/\/inti.hr\/bs\/#website\",\"url\":\"https:\/\/inti.hr\/bs\/\",\"name\":\"Inti\",\"description\":\"trgovina\",\"potentialAction\":[{\"@type\":\"SearchAction\",\"target\":{\"@type\":\"EntryPoint\",\"urlTemplate\":\"https:\/\/inti.hr\/bs\/?s={search_term_string}\"},\"query-input\":{\"@type\":\"PropertyValueSpecification\",\"valueRequired\":true,\"valueName\":\"search_term_string\"}}],\"inLanguage\":\"bs-BA\"}]}<\/script>\n<!-- \/ Yoast SEO plugin. -->","yoast_head_json":{"title":"Moderni ra\u010dunalni stol crno-bijeli - Inti","description":"Ra\u010dunalni stol predstavlja se kao uspje\u0161na jedinica jednostavne optike i svestrane funkcije, daje va\u0161em domu ugodan i doma\u0107i ambijent, prikladan kao ra\u010dunalni stol, uredski stol, radni stol, \u010dak i blagovaonski stol u blagovaonici. Metalni okvir otporan na hr\u0111u i plo\u010da stola debljine 25 mm osiguravaju dugi vijek trajanja.\u00a0Zahvaljuju\u0107i velikom stolu, sve papire i razne knjige mogu se ra\u0161iriti bez ikakvih problema, pru\u017eaju\u0107i tako potreban pregled.\u00a0S 4 podesiva \u0161titnika za stopala stol je stabilan na podu, a istovremeno \u0161tite pod od ogrebotina.","robots":{"index":"index","follow":"follow","max-snippet":"max-snippet:-1","max-image-preview":"max-image-preview:large","max-video-preview":"max-video-preview:-1"},"canonical":"https:\/\/inti.hr\/bs\/proizvod\/moderni-racunalni-stol-crno-bijeli\/","og_locale":"bs_BA","og_type":"article","og_title":"Moderni ra\u010dunalni stol crno-bijeli - Inti","og_description":"Ra\u010dunalni stol predstavlja se kao uspje\u0161na jedinica jednostavne optike i svestrane funkcije, daje va\u0161em domu ugodan i doma\u0107i ambijent, prikladan kao ra\u010dunalni stol, uredski stol, radni stol, \u010dak i blagovaonski stol u blagovaonici. Metalni okvir otporan na hr\u0111u i plo\u010da stola debljine 25 mm osiguravaju dugi vijek trajanja.\u00a0Zahvaljuju\u0107i velikom stolu, sve papire i razne knjige mogu se ra\u0161iriti bez ikakvih problema, pru\u017eaju\u0107i tako potreban pregled.\u00a0S 4 podesiva \u0161titnika za stopala stol je stabilan na podu, a istovremeno \u0161tite pod od ogrebotina.","og_url":"https:\/\/inti.hr\/bs\/proizvod\/moderni-racunalni-stol-crno-bijeli\/","og_site_name":"Inti","og_image":[{"width":1500,"height":1500,"url":"https:\/\/i0.wp.com\/inti.hr\/wp-content\/uploads\/2021\/12\/81MMmVrjAmL._AC_SL1500_.jpg?fit=1500%2C1500&ssl=1","type":"image\/jpeg"}],"twitter_card":"summary_large_image","twitter_misc":{"Est. reading time":"1 minuta"},"schema":{"@context":"https:\/\/schema.org","@graph":[{"@type":"WebPage","@id":"https:\/\/inti.hr\/bs\/proizvod\/moderni-racunalni-stol-crno-bijeli\/","url":"https:\/\/inti.hr\/bs\/proizvod\/moderni-racunalni-stol-crno-bijeli\/","name":"Moderni ra\u010dunalni stol crno-bijeli - Inti","isPartOf":{"@id":"https:\/\/inti.hr\/bs\/#website"},"primaryImageOfPage":{"@id":"https:\/\/inti.hr\/bs\/proizvod\/moderni-racunalni-stol-crno-bijeli\/#primaryimage"},"image":{"@id":"https:\/\/inti.hr\/bs\/proizvod\/moderni-racunalni-stol-crno-bijeli\/#primaryimage"},"thumbnailUrl":"https:\/\/i0.wp.com\/inti.hr\/wp-content\/uploads\/2021\/12\/81MMmVrjAmL._AC_SL1500_.jpg?fit=1500%2C1500&ssl=1","datePublished":"2021-12-02T09:52:10+00:00","dateModified":"2021-12-02T09:52:10+00:00","description":"Ra\u010dunalni stol predstavlja se kao uspje\u0161na jedinica jednostavne optike i svestrane funkcije, daje va\u0161em domu ugodan i doma\u0107i ambijent, prikladan kao ra\u010dunalni stol, uredski stol, radni stol, \u010dak i blagovaonski stol u blagovaonici. Metalni okvir otporan na hr\u0111u i plo\u010da stola debljine 25 mm osiguravaju dugi vijek trajanja.\u00a0Zahvaljuju\u0107i velikom stolu, sve papire i razne knjige mogu se ra\u0161iriti bez ikakvih problema, pru\u017eaju\u0107i tako potreban pregled.\u00a0S 4 podesiva \u0161titnika za stopala stol je stabilan na podu, a istovremeno \u0161tite pod od ogrebotina.","breadcrumb":{"@id":"https:\/\/inti.hr\/bs\/proizvod\/moderni-racunalni-stol-crno-bijeli\/#breadcrumb"},"inLanguage":"bs-BA","potentialAction":[{"@type":"ReadAction","target":["https:\/\/inti.hr\/bs\/proizvod\/moderni-racunalni-stol-crno-bijeli\/"]}]},{"@type":"ImageObject","inLanguage":"bs-BA","@id":"https:\/\/inti.hr\/bs\/proizvod\/moderni-racunalni-stol-crno-bijeli\/#primaryimage","url":"https:\/\/i0.wp.com\/inti.hr\/wp-content\/uploads\/2021\/12\/81MMmVrjAmL._AC_SL1500_.jpg?fit=1500%2C1500&ssl=1","contentUrl":"https:\/\/i0.wp.com\/inti.hr\/wp-content\/uploads\/2021\/12\/81MMmVrjAmL._AC_SL1500_.jpg?fit=1500%2C1500&ssl=1","width":1500,"height":1500},{"@type":"BreadcrumbList","@id":"https:\/\/inti.hr\/bs\/proizvod\/moderni-racunalni-stol-crno-bijeli\/#breadcrumb","itemListElement":[{"@type":"ListItem","position":1,"name":"Po\u010detna stranica","item":"https:\/\/inti.hr\/bs\/"},{"@type":"ListItem","position":2,"name":"Trgovina","item":"https:\/\/inti.hr\/bs\/trgovina\/"},{"@type":"ListItem","position":3,"name":"Moderni ra\u010dunalni stol crno-bijeli"}]},{"@type":"WebSite","@id":"https:\/\/inti.hr\/bs\/#website","url":"https:\/\/inti.hr\/bs\/","name":"Inti","description":"trgovina","potentialAction":[{"@type":"SearchAction","target":{"@type":"EntryPoint","urlTemplate":"https:\/\/inti.hr\/bs\/?s={search_term_string}"},"query-input":{"@type":"PropertyValueSpecification","valueRequired":true,"valueName":"search_term_string"}}],"inLanguage":"bs-BA"}]}},"jetpack_sharing_enabled":true,"jetpack-related-posts":[],"_links":{"self":[{"href":"https:\/\/inti.hr\/bs\/wp-json\/wp\/v2\/product\/37047"}],"collection":[{"href":"https:\/\/inti.hr\/bs\/wp-json\/wp\/v2\/product"}],"about":[{"href":"https:\/\/inti.hr\/bs\/wp-json\/wp\/v2\/types\/product"}],"wp:featuredmedia":[{"embeddable":true,"href":"https:\/\/inti.hr\/bs\/wp-json\/wp\/v2\/media\/37048"}],"wp:attachment":[{"href":"https:\/\/inti.hr\/bs\/wp-json\/wp\/v2\/media?parent=37047"}],"wp:term":[{"taxonomy":"product_cat","embeddable":true,"href":"https:\/\/inti.hr\/bs\/wp-json\/wp\/v2\/product_cat?post=37047"},{"taxonomy":"product_tag","embeddable":true,"href":"https:\/\/inti.hr\/bs\/wp-json\/wp\/v2\/product_tag?post=37047"}],"curies":[{"name":"wp","href":"https:\/\/api.w.org\/{rel}","templated":true}]}}