{"id":37091,"date":"2020-12-08T12:33:36","date_gmt":"2020-12-08T12:33:36","guid":{"rendered":"https:\/\/inti.hr\/product\/visilica-20472\/"},"modified":"2020-12-08T12:33:36","modified_gmt":"2020-12-08T12:33:36","slug":"visilica-20472","status":"publish","type":"product","link":"https:\/\/inti.hr\/bs\/proizvod\/visilica-20472\/","title":{"rendered":"VISILICA 20-472\/20"},"content":{"rendered":"<p><span class=\"tehnicki-podaci-naslov\">TEHNI\u010cKI PODACI<\/span><\/p>\n<ul>\n<li><b>Grlo:<\/b>\u00a0E27<\/li>\n<li><b>Broj izvora:<\/b>\u00a01<\/li>\n<li><b>Max.snaga \u017earulje:<\/b>\u00a040W<\/li>\n<li><b>\u017darulje uklju\u010dene:<\/b>\u00a0Ne<\/li>\n<li><b>Promjer \/ \u0161irina (u mm):<\/b>\u00a0200<\/li>\n<li><b>Visina (u mm):<\/b>\u00a01200<\/li>\n<li><b>Napon \/ Frekvencija:<\/b>\u00a0220-240V~50\/60Hz<\/li>\n<li><b>Materijal:<\/b>\u00a0Staklo + metal<\/li>\n<li><b>IP za\u0161tita:<\/b>\u00a0IP20<\/li>\n<\/ul>\n","protected":false},"excerpt":{"rendered":"<p>Elegantan i bezvremenski dizajn, ugodna svjetiljka kutne zlatne baze\u00a0s pri\u010dvr\u0161\u0107enom mlije\u010dnom&#8221;loptom&#8221;\u00a0koja &#8230; <\/p>\n","protected":false},"featured_media":37092,"template":"","meta":[],"product_cat":[2610],"product_tag":[3163,4068,4318],"yoast_head":"<!-- This site is optimized with the Yoast SEO plugin v23.7 - https:\/\/yoast.com\/wordpress\/plugins\/seo\/ -->\n<title>VISILICA 20-472\/20 - Inti<\/title>\n<meta name=\"description\" content=\"Elegantan i bezvremenski dizajn, ugodna svjetiljka kutne zlatne baze\u00a0s pri\u010dvr\u0161\u0107enom mlije\u010dnom&quot;loptom&quot;\u00a0koja naizgled prkosi zakonima gravitacije .Ova vise\u0107a svjetiljka posti\u017ee osje\u0107aj ravnote\u017ee i podi\u017ee dojam svake prostorije. Savr\u0161ena je za prostore dnevnih boravaka, blagovaona, iznad kuhinjskih otoka ali i za ostale prostorije u va\u0161em domu.\" \/>\n<meta name=\"robots\" content=\"index, follow, max-snippet:-1, max-image-preview:large, max-video-preview:-1\" \/>\n<link rel=\"canonical\" href=\"https:\/\/inti.hr\/bs\/proizvod\/visilica-20472\/\" \/>\n<meta property=\"og:locale\" content=\"bs_BA\" \/>\n<meta property=\"og:type\" content=\"article\" \/>\n<meta property=\"og:title\" content=\"VISILICA 20-472\/20 - Inti\" \/>\n<meta property=\"og:description\" content=\"Elegantan i bezvremenski dizajn, ugodna svjetiljka kutne zlatne baze\u00a0s pri\u010dvr\u0161\u0107enom mlije\u010dnom&quot;loptom&quot;\u00a0koja naizgled prkosi zakonima gravitacije .Ova vise\u0107a svjetiljka posti\u017ee osje\u0107aj ravnote\u017ee i podi\u017ee dojam svake prostorije. Savr\u0161ena je za prostore dnevnih boravaka, blagovaona, iznad kuhinjskih otoka ali i za ostale prostorije u va\u0161em domu.\" \/>\n<meta property=\"og:url\" content=\"https:\/\/inti.hr\/bs\/proizvod\/visilica-20472\/\" \/>\n<meta property=\"og:site_name\" content=\"Inti\" \/>\n<meta property=\"og:image\" content=\"https:\/\/inti.hr\/wp-content\/uploads\/2020\/12\/20472-scaled.jpg\" \/>\n\t<meta property=\"og:image:width\" content=\"2560\" \/>\n\t<meta property=\"og:image:height\" content=\"2557\" \/>\n\t<meta property=\"og:image:type\" content=\"image\/jpeg\" \/>\n<meta name=\"twitter:card\" content=\"summary_large_image\" \/>\n<script type=\"application\/ld+json\" class=\"yoast-schema-graph\">{\"@context\":\"https:\/\/schema.org\",\"@graph\":[{\"@type\":\"WebPage\",\"@id\":\"https:\/\/inti.hr\/bs\/proizvod\/visilica-20472\/\",\"url\":\"https:\/\/inti.hr\/bs\/proizvod\/visilica-20472\/\",\"name\":\"VISILICA 20-472\/20 - Inti\",\"isPartOf\":{\"@id\":\"https:\/\/inti.hr\/bs\/#website\"},\"primaryImageOfPage\":{\"@id\":\"https:\/\/inti.hr\/bs\/proizvod\/visilica-20472\/#primaryimage\"},\"image\":{\"@id\":\"https:\/\/inti.hr\/bs\/proizvod\/visilica-20472\/#primaryimage\"},\"thumbnailUrl\":\"https:\/\/i0.wp.com\/inti.hr\/wp-content\/uploads\/2020\/12\/20472-scaled.jpg?fit=2560%2C2557&ssl=1\",\"datePublished\":\"2020-12-08T12:33:36+00:00\",\"dateModified\":\"2020-12-08T12:33:36+00:00\",\"description\":\"Elegantan i bezvremenski dizajn, ugodna svjetiljka kutne zlatne baze\u00a0s pri\u010dvr\u0161\u0107enom mlije\u010dnom\\\"loptom\\\"\u00a0koja naizgled prkosi zakonima gravitacije .Ova vise\u0107a svjetiljka posti\u017ee osje\u0107aj ravnote\u017ee i podi\u017ee dojam svake prostorije. Savr\u0161ena je za prostore dnevnih boravaka, blagovaona, iznad kuhinjskih otoka ali i za ostale prostorije u va\u0161em domu.\",\"breadcrumb\":{\"@id\":\"https:\/\/inti.hr\/bs\/proizvod\/visilica-20472\/#breadcrumb\"},\"inLanguage\":\"bs-BA\",\"potentialAction\":[{\"@type\":\"ReadAction\",\"target\":[\"https:\/\/inti.hr\/bs\/proizvod\/visilica-20472\/\"]}]},{\"@type\":\"ImageObject\",\"inLanguage\":\"bs-BA\",\"@id\":\"https:\/\/inti.hr\/bs\/proizvod\/visilica-20472\/#primaryimage\",\"url\":\"https:\/\/i0.wp.com\/inti.hr\/wp-content\/uploads\/2020\/12\/20472-scaled.jpg?fit=2560%2C2557&ssl=1\",\"contentUrl\":\"https:\/\/i0.wp.com\/inti.hr\/wp-content\/uploads\/2020\/12\/20472-scaled.jpg?fit=2560%2C2557&ssl=1\",\"width\":2560,\"height\":2557},{\"@type\":\"BreadcrumbList\",\"@id\":\"https:\/\/inti.hr\/bs\/proizvod\/visilica-20472\/#breadcrumb\",\"itemListElement\":[{\"@type\":\"ListItem\",\"position\":1,\"name\":\"Po\u010detna stranica\",\"item\":\"https:\/\/inti.hr\/bs\/\"},{\"@type\":\"ListItem\",\"position\":2,\"name\":\"Trgovina\",\"item\":\"https:\/\/inti.hr\/bs\/trgovina\/\"},{\"@type\":\"ListItem\",\"position\":3,\"name\":\"VISILICA 20-472\/20\"}]},{\"@type\":\"WebSite\",\"@id\":\"https:\/\/inti.hr\/bs\/#website\",\"url\":\"https:\/\/inti.hr\/bs\/\",\"name\":\"Inti\",\"description\":\"trgovina\",\"potentialAction\":[{\"@type\":\"SearchAction\",\"target\":{\"@type\":\"EntryPoint\",\"urlTemplate\":\"https:\/\/inti.hr\/bs\/?s={search_term_string}\"},\"query-input\":{\"@type\":\"PropertyValueSpecification\",\"valueRequired\":true,\"valueName\":\"search_term_string\"}}],\"inLanguage\":\"bs-BA\"}]}<\/script>\n<!-- \/ Yoast SEO plugin. -->","yoast_head_json":{"title":"VISILICA 20-472\/20 - Inti","description":"Elegantan i bezvremenski dizajn, ugodna svjetiljka kutne zlatne baze\u00a0s pri\u010dvr\u0161\u0107enom mlije\u010dnom\"loptom\"\u00a0koja naizgled prkosi zakonima gravitacije .Ova vise\u0107a svjetiljka posti\u017ee osje\u0107aj ravnote\u017ee i podi\u017ee dojam svake prostorije. Savr\u0161ena je za prostore dnevnih boravaka, blagovaona, iznad kuhinjskih otoka ali i za ostale prostorije u va\u0161em domu.","robots":{"index":"index","follow":"follow","max-snippet":"max-snippet:-1","max-image-preview":"max-image-preview:large","max-video-preview":"max-video-preview:-1"},"canonical":"https:\/\/inti.hr\/bs\/proizvod\/visilica-20472\/","og_locale":"bs_BA","og_type":"article","og_title":"VISILICA 20-472\/20 - Inti","og_description":"Elegantan i bezvremenski dizajn, ugodna svjetiljka kutne zlatne baze\u00a0s pri\u010dvr\u0161\u0107enom mlije\u010dnom\"loptom\"\u00a0koja naizgled prkosi zakonima gravitacije .Ova vise\u0107a svjetiljka posti\u017ee osje\u0107aj ravnote\u017ee i podi\u017ee dojam svake prostorije. Savr\u0161ena je za prostore dnevnih boravaka, blagovaona, iznad kuhinjskih otoka ali i za ostale prostorije u va\u0161em domu.","og_url":"https:\/\/inti.hr\/bs\/proizvod\/visilica-20472\/","og_site_name":"Inti","og_image":[{"width":2560,"height":2557,"url":"https:\/\/inti.hr\/wp-content\/uploads\/2020\/12\/20472-scaled.jpg","type":"image\/jpeg"}],"twitter_card":"summary_large_image","schema":{"@context":"https:\/\/schema.org","@graph":[{"@type":"WebPage","@id":"https:\/\/inti.hr\/bs\/proizvod\/visilica-20472\/","url":"https:\/\/inti.hr\/bs\/proizvod\/visilica-20472\/","name":"VISILICA 20-472\/20 - Inti","isPartOf":{"@id":"https:\/\/inti.hr\/bs\/#website"},"primaryImageOfPage":{"@id":"https:\/\/inti.hr\/bs\/proizvod\/visilica-20472\/#primaryimage"},"image":{"@id":"https:\/\/inti.hr\/bs\/proizvod\/visilica-20472\/#primaryimage"},"thumbnailUrl":"https:\/\/i0.wp.com\/inti.hr\/wp-content\/uploads\/2020\/12\/20472-scaled.jpg?fit=2560%2C2557&ssl=1","datePublished":"2020-12-08T12:33:36+00:00","dateModified":"2020-12-08T12:33:36+00:00","description":"Elegantan i bezvremenski dizajn, ugodna svjetiljka kutne zlatne baze\u00a0s pri\u010dvr\u0161\u0107enom mlije\u010dnom\"loptom\"\u00a0koja naizgled prkosi zakonima gravitacije .Ova vise\u0107a svjetiljka posti\u017ee osje\u0107aj ravnote\u017ee i podi\u017ee dojam svake prostorije. Savr\u0161ena je za prostore dnevnih boravaka, blagovaona, iznad kuhinjskih otoka ali i za ostale prostorije u va\u0161em domu.","breadcrumb":{"@id":"https:\/\/inti.hr\/bs\/proizvod\/visilica-20472\/#breadcrumb"},"inLanguage":"bs-BA","potentialAction":[{"@type":"ReadAction","target":["https:\/\/inti.hr\/bs\/proizvod\/visilica-20472\/"]}]},{"@type":"ImageObject","inLanguage":"bs-BA","@id":"https:\/\/inti.hr\/bs\/proizvod\/visilica-20472\/#primaryimage","url":"https:\/\/i0.wp.com\/inti.hr\/wp-content\/uploads\/2020\/12\/20472-scaled.jpg?fit=2560%2C2557&ssl=1","contentUrl":"https:\/\/i0.wp.com\/inti.hr\/wp-content\/uploads\/2020\/12\/20472-scaled.jpg?fit=2560%2C2557&ssl=1","width":2560,"height":2557},{"@type":"BreadcrumbList","@id":"https:\/\/inti.hr\/bs\/proizvod\/visilica-20472\/#breadcrumb","itemListElement":[{"@type":"ListItem","position":1,"name":"Po\u010detna stranica","item":"https:\/\/inti.hr\/bs\/"},{"@type":"ListItem","position":2,"name":"Trgovina","item":"https:\/\/inti.hr\/bs\/trgovina\/"},{"@type":"ListItem","position":3,"name":"VISILICA 20-472\/20"}]},{"@type":"WebSite","@id":"https:\/\/inti.hr\/bs\/#website","url":"https:\/\/inti.hr\/bs\/","name":"Inti","description":"trgovina","potentialAction":[{"@type":"SearchAction","target":{"@type":"EntryPoint","urlTemplate":"https:\/\/inti.hr\/bs\/?s={search_term_string}"},"query-input":{"@type":"PropertyValueSpecification","valueRequired":true,"valueName":"search_term_string"}}],"inLanguage":"bs-BA"}]}},"jetpack_sharing_enabled":true,"jetpack-related-posts":[],"_links":{"self":[{"href":"https:\/\/inti.hr\/bs\/wp-json\/wp\/v2\/product\/37091"}],"collection":[{"href":"https:\/\/inti.hr\/bs\/wp-json\/wp\/v2\/product"}],"about":[{"href":"https:\/\/inti.hr\/bs\/wp-json\/wp\/v2\/types\/product"}],"wp:featuredmedia":[{"embeddable":true,"href":"https:\/\/inti.hr\/bs\/wp-json\/wp\/v2\/media\/37092"}],"wp:attachment":[{"href":"https:\/\/inti.hr\/bs\/wp-json\/wp\/v2\/media?parent=37091"}],"wp:term":[{"taxonomy":"product_cat","embeddable":true,"href":"https:\/\/inti.hr\/bs\/wp-json\/wp\/v2\/product_cat?post=37091"},{"taxonomy":"product_tag","embeddable":true,"href":"https:\/\/inti.hr\/bs\/wp-json\/wp\/v2\/product_tag?post=37091"}],"curies":[{"name":"wp","href":"https:\/\/api.w.org\/{rel}","templated":true}]}}