{"id":37099,"date":"2020-12-08T12:09:41","date_gmt":"2020-12-08T12:09:41","guid":{"rendered":"https:\/\/inti.hr\/product\/visilica-20471\/"},"modified":"2020-12-08T12:09:41","modified_gmt":"2020-12-08T12:09:41","slug":"visilica-20471","status":"publish","type":"product","link":"https:\/\/inti.hr\/bs\/proizvod\/visilica-20471\/","title":{"rendered":"VISILICA 20-471\/20"},"content":{"rendered":"<p><span class=\"tehnicki-podaci-naslov\">TEHNI\u010cKI PODACI<\/span><\/p>\n<ul>\n<li><b>Grlo:<\/b>\u00a0G9<\/li>\n<li><b>Broj izvora:<\/b>\u00a06<\/li>\n<li><b>Max.snaga \u017earulje:<\/b>\u00a07W max.<\/li>\n<li><b>\u017darulje uklju\u010dene:<\/b>\u00a0Ne<\/li>\n<li><b>Promjer \/ \u0161irina (u mm):<\/b>\u00a0830<\/li>\n<li><b>Visina (u mm):<\/b>\u00a0320<\/li>\n<li><b>Napon \/ Frekvencija:<\/b>\u00a0220-240V~50\/60Hz<\/li>\n<li><b>Materijal:<\/b>\u00a0Staklo + metal<\/li>\n<li><b>IP za\u0161tita:<\/b>\u00a0IP20<\/li>\n<\/ul>\n","protected":false},"excerpt":{"rendered":"<p>Osvijetlite svoj prostor ovom elegantnom i suvremenom stropnom svjetiljkom u nordijskom &#8230; <\/p>\n","protected":false},"featured_media":37100,"template":"","meta":[],"product_cat":[2610],"product_tag":[5072,4068,2613],"yoast_head":"<!-- This site is optimized with the Yoast SEO plugin v23.7 - https:\/\/yoast.com\/wordpress\/plugins\/seo\/ -->\n<title>VISILICA 20-471\/20 - Inti<\/title>\n<meta name=\"description\" content=\"Osvijetlite svoj prostor ovom elegantnom i suvremenom stropnom svjetiljkom u nordijskom stilu. Savr\u0161en dodatak za svaki moderni dom. Dizajn stropne svjetiljke uklju\u010duje sofisticirano crno postolje za strop \u010dime ovaj luster istovremeno kombinira funkcionalnost i stil. \u010cetiri rasko\u0161ne staklene kugle s matiranom povr\u0161inom nje\u017eno raspr\u0161uju svjetlost po cijeloj sobi, stvaraju\u0107i toplu i privla\u010dnu atmosferu. Zlatni okrugli okvir dodaje da\u0161ak luksuza, \u010dine\u0107i ovaj luster izvanrednom sredi\u0161njom to\u010dkom u svakom \u017eivotnom prostoru.\" \/>\n<meta name=\"robots\" content=\"index, follow, max-snippet:-1, max-image-preview:large, max-video-preview:-1\" \/>\n<link rel=\"canonical\" href=\"https:\/\/inti.hr\/bs\/proizvod\/visilica-20471\/\" \/>\n<meta property=\"og:locale\" content=\"bs_BA\" \/>\n<meta property=\"og:type\" content=\"article\" \/>\n<meta property=\"og:title\" content=\"VISILICA 20-471\/20 - Inti\" \/>\n<meta property=\"og:description\" content=\"Osvijetlite svoj prostor ovom elegantnom i suvremenom stropnom svjetiljkom u nordijskom stilu. Savr\u0161en dodatak za svaki moderni dom. Dizajn stropne svjetiljke uklju\u010duje sofisticirano crno postolje za strop \u010dime ovaj luster istovremeno kombinira funkcionalnost i stil. \u010cetiri rasko\u0161ne staklene kugle s matiranom povr\u0161inom nje\u017eno raspr\u0161uju svjetlost po cijeloj sobi, stvaraju\u0107i toplu i privla\u010dnu atmosferu. Zlatni okrugli okvir dodaje da\u0161ak luksuza, \u010dine\u0107i ovaj luster izvanrednom sredi\u0161njom to\u010dkom u svakom \u017eivotnom prostoru.\" \/>\n<meta property=\"og:url\" content=\"https:\/\/inti.hr\/bs\/proizvod\/visilica-20471\/\" \/>\n<meta property=\"og:site_name\" content=\"Inti\" \/>\n<meta property=\"og:image\" content=\"https:\/\/inti.hr\/wp-content\/uploads\/2020\/12\/20471.jpg\" \/>\n\t<meta property=\"og:image:width\" content=\"790\" \/>\n\t<meta property=\"og:image:height\" content=\"790\" \/>\n\t<meta property=\"og:image:type\" content=\"image\/jpeg\" \/>\n<meta name=\"twitter:card\" content=\"summary_large_image\" \/>\n<script type=\"application\/ld+json\" class=\"yoast-schema-graph\">{\"@context\":\"https:\/\/schema.org\",\"@graph\":[{\"@type\":\"WebPage\",\"@id\":\"https:\/\/inti.hr\/bs\/proizvod\/visilica-20471\/\",\"url\":\"https:\/\/inti.hr\/bs\/proizvod\/visilica-20471\/\",\"name\":\"VISILICA 20-471\/20 - Inti\",\"isPartOf\":{\"@id\":\"https:\/\/inti.hr\/bs\/#website\"},\"primaryImageOfPage\":{\"@id\":\"https:\/\/inti.hr\/bs\/proizvod\/visilica-20471\/#primaryimage\"},\"image\":{\"@id\":\"https:\/\/inti.hr\/bs\/proizvod\/visilica-20471\/#primaryimage\"},\"thumbnailUrl\":\"https:\/\/i0.wp.com\/inti.hr\/wp-content\/uploads\/2020\/12\/20471.jpg?fit=790%2C790&ssl=1\",\"datePublished\":\"2020-12-08T12:09:41+00:00\",\"dateModified\":\"2020-12-08T12:09:41+00:00\",\"description\":\"Osvijetlite svoj prostor ovom elegantnom i suvremenom stropnom svjetiljkom u nordijskom stilu. Savr\u0161en dodatak za svaki moderni dom. Dizajn stropne svjetiljke uklju\u010duje sofisticirano crno postolje za strop \u010dime ovaj luster istovremeno kombinira funkcionalnost i stil. \u010cetiri rasko\u0161ne staklene kugle s matiranom povr\u0161inom nje\u017eno raspr\u0161uju svjetlost po cijeloj sobi, stvaraju\u0107i toplu i privla\u010dnu atmosferu. Zlatni okrugli okvir dodaje da\u0161ak luksuza, \u010dine\u0107i ovaj luster izvanrednom sredi\u0161njom to\u010dkom u svakom \u017eivotnom prostoru.\",\"breadcrumb\":{\"@id\":\"https:\/\/inti.hr\/bs\/proizvod\/visilica-20471\/#breadcrumb\"},\"inLanguage\":\"bs-BA\",\"potentialAction\":[{\"@type\":\"ReadAction\",\"target\":[\"https:\/\/inti.hr\/bs\/proizvod\/visilica-20471\/\"]}]},{\"@type\":\"ImageObject\",\"inLanguage\":\"bs-BA\",\"@id\":\"https:\/\/inti.hr\/bs\/proizvod\/visilica-20471\/#primaryimage\",\"url\":\"https:\/\/i0.wp.com\/inti.hr\/wp-content\/uploads\/2020\/12\/20471.jpg?fit=790%2C790&ssl=1\",\"contentUrl\":\"https:\/\/i0.wp.com\/inti.hr\/wp-content\/uploads\/2020\/12\/20471.jpg?fit=790%2C790&ssl=1\",\"width\":790,\"height\":790,\"caption\":\"20471 STROPNA SVJETILJKA CRNO ZLATNA MODERNA 6xG9\"},{\"@type\":\"BreadcrumbList\",\"@id\":\"https:\/\/inti.hr\/bs\/proizvod\/visilica-20471\/#breadcrumb\",\"itemListElement\":[{\"@type\":\"ListItem\",\"position\":1,\"name\":\"Po\u010detna stranica\",\"item\":\"https:\/\/inti.hr\/bs\/\"},{\"@type\":\"ListItem\",\"position\":2,\"name\":\"Trgovina\",\"item\":\"https:\/\/inti.hr\/bs\/trgovina\/\"},{\"@type\":\"ListItem\",\"position\":3,\"name\":\"VISILICA 20-471\/20\"}]},{\"@type\":\"WebSite\",\"@id\":\"https:\/\/inti.hr\/bs\/#website\",\"url\":\"https:\/\/inti.hr\/bs\/\",\"name\":\"Inti\",\"description\":\"trgovina\",\"potentialAction\":[{\"@type\":\"SearchAction\",\"target\":{\"@type\":\"EntryPoint\",\"urlTemplate\":\"https:\/\/inti.hr\/bs\/?s={search_term_string}\"},\"query-input\":{\"@type\":\"PropertyValueSpecification\",\"valueRequired\":true,\"valueName\":\"search_term_string\"}}],\"inLanguage\":\"bs-BA\"}]}<\/script>\n<!-- \/ Yoast SEO plugin. -->","yoast_head_json":{"title":"VISILICA 20-471\/20 - Inti","description":"Osvijetlite svoj prostor ovom elegantnom i suvremenom stropnom svjetiljkom u nordijskom stilu. Savr\u0161en dodatak za svaki moderni dom. Dizajn stropne svjetiljke uklju\u010duje sofisticirano crno postolje za strop \u010dime ovaj luster istovremeno kombinira funkcionalnost i stil. \u010cetiri rasko\u0161ne staklene kugle s matiranom povr\u0161inom nje\u017eno raspr\u0161uju svjetlost po cijeloj sobi, stvaraju\u0107i toplu i privla\u010dnu atmosferu. Zlatni okrugli okvir dodaje da\u0161ak luksuza, \u010dine\u0107i ovaj luster izvanrednom sredi\u0161njom to\u010dkom u svakom \u017eivotnom prostoru.","robots":{"index":"index","follow":"follow","max-snippet":"max-snippet:-1","max-image-preview":"max-image-preview:large","max-video-preview":"max-video-preview:-1"},"canonical":"https:\/\/inti.hr\/bs\/proizvod\/visilica-20471\/","og_locale":"bs_BA","og_type":"article","og_title":"VISILICA 20-471\/20 - Inti","og_description":"Osvijetlite svoj prostor ovom elegantnom i suvremenom stropnom svjetiljkom u nordijskom stilu. Savr\u0161en dodatak za svaki moderni dom. Dizajn stropne svjetiljke uklju\u010duje sofisticirano crno postolje za strop \u010dime ovaj luster istovremeno kombinira funkcionalnost i stil. \u010cetiri rasko\u0161ne staklene kugle s matiranom povr\u0161inom nje\u017eno raspr\u0161uju svjetlost po cijeloj sobi, stvaraju\u0107i toplu i privla\u010dnu atmosferu. Zlatni okrugli okvir dodaje da\u0161ak luksuza, \u010dine\u0107i ovaj luster izvanrednom sredi\u0161njom to\u010dkom u svakom \u017eivotnom prostoru.","og_url":"https:\/\/inti.hr\/bs\/proizvod\/visilica-20471\/","og_site_name":"Inti","og_image":[{"width":790,"height":790,"url":"https:\/\/inti.hr\/wp-content\/uploads\/2020\/12\/20471.jpg","type":"image\/jpeg"}],"twitter_card":"summary_large_image","schema":{"@context":"https:\/\/schema.org","@graph":[{"@type":"WebPage","@id":"https:\/\/inti.hr\/bs\/proizvod\/visilica-20471\/","url":"https:\/\/inti.hr\/bs\/proizvod\/visilica-20471\/","name":"VISILICA 20-471\/20 - Inti","isPartOf":{"@id":"https:\/\/inti.hr\/bs\/#website"},"primaryImageOfPage":{"@id":"https:\/\/inti.hr\/bs\/proizvod\/visilica-20471\/#primaryimage"},"image":{"@id":"https:\/\/inti.hr\/bs\/proizvod\/visilica-20471\/#primaryimage"},"thumbnailUrl":"https:\/\/i0.wp.com\/inti.hr\/wp-content\/uploads\/2020\/12\/20471.jpg?fit=790%2C790&ssl=1","datePublished":"2020-12-08T12:09:41+00:00","dateModified":"2020-12-08T12:09:41+00:00","description":"Osvijetlite svoj prostor ovom elegantnom i suvremenom stropnom svjetiljkom u nordijskom stilu. Savr\u0161en dodatak za svaki moderni dom. Dizajn stropne svjetiljke uklju\u010duje sofisticirano crno postolje za strop \u010dime ovaj luster istovremeno kombinira funkcionalnost i stil. \u010cetiri rasko\u0161ne staklene kugle s matiranom povr\u0161inom nje\u017eno raspr\u0161uju svjetlost po cijeloj sobi, stvaraju\u0107i toplu i privla\u010dnu atmosferu. Zlatni okrugli okvir dodaje da\u0161ak luksuza, \u010dine\u0107i ovaj luster izvanrednom sredi\u0161njom to\u010dkom u svakom \u017eivotnom prostoru.","breadcrumb":{"@id":"https:\/\/inti.hr\/bs\/proizvod\/visilica-20471\/#breadcrumb"},"inLanguage":"bs-BA","potentialAction":[{"@type":"ReadAction","target":["https:\/\/inti.hr\/bs\/proizvod\/visilica-20471\/"]}]},{"@type":"ImageObject","inLanguage":"bs-BA","@id":"https:\/\/inti.hr\/bs\/proizvod\/visilica-20471\/#primaryimage","url":"https:\/\/i0.wp.com\/inti.hr\/wp-content\/uploads\/2020\/12\/20471.jpg?fit=790%2C790&ssl=1","contentUrl":"https:\/\/i0.wp.com\/inti.hr\/wp-content\/uploads\/2020\/12\/20471.jpg?fit=790%2C790&ssl=1","width":790,"height":790,"caption":"20471 STROPNA SVJETILJKA CRNO ZLATNA MODERNA 6xG9"},{"@type":"BreadcrumbList","@id":"https:\/\/inti.hr\/bs\/proizvod\/visilica-20471\/#breadcrumb","itemListElement":[{"@type":"ListItem","position":1,"name":"Po\u010detna stranica","item":"https:\/\/inti.hr\/bs\/"},{"@type":"ListItem","position":2,"name":"Trgovina","item":"https:\/\/inti.hr\/bs\/trgovina\/"},{"@type":"ListItem","position":3,"name":"VISILICA 20-471\/20"}]},{"@type":"WebSite","@id":"https:\/\/inti.hr\/bs\/#website","url":"https:\/\/inti.hr\/bs\/","name":"Inti","description":"trgovina","potentialAction":[{"@type":"SearchAction","target":{"@type":"EntryPoint","urlTemplate":"https:\/\/inti.hr\/bs\/?s={search_term_string}"},"query-input":{"@type":"PropertyValueSpecification","valueRequired":true,"valueName":"search_term_string"}}],"inLanguage":"bs-BA"}]}},"jetpack_sharing_enabled":true,"jetpack-related-posts":[],"_links":{"self":[{"href":"https:\/\/inti.hr\/bs\/wp-json\/wp\/v2\/product\/37099"}],"collection":[{"href":"https:\/\/inti.hr\/bs\/wp-json\/wp\/v2\/product"}],"about":[{"href":"https:\/\/inti.hr\/bs\/wp-json\/wp\/v2\/types\/product"}],"wp:featuredmedia":[{"embeddable":true,"href":"https:\/\/inti.hr\/bs\/wp-json\/wp\/v2\/media\/37100"}],"wp:attachment":[{"href":"https:\/\/inti.hr\/bs\/wp-json\/wp\/v2\/media?parent=37099"}],"wp:term":[{"taxonomy":"product_cat","embeddable":true,"href":"https:\/\/inti.hr\/bs\/wp-json\/wp\/v2\/product_cat?post=37099"},{"taxonomy":"product_tag","embeddable":true,"href":"https:\/\/inti.hr\/bs\/wp-json\/wp\/v2\/product_tag?post=37099"}],"curies":[{"name":"wp","href":"https:\/\/api.w.org\/{rel}","templated":true}]}}