{"id":37157,"date":"2024-07-21T13:16:01","date_gmt":"2024-07-21T12:16:01","guid":{"rendered":"https:\/\/inti.hr\/product\/toranj-za-ucenje-za-djecu-od-1-godine\/"},"modified":"2024-07-21T13:16:01","modified_gmt":"2024-07-21T12:16:01","slug":"toranj-za-ucenje-za-djecu-od-1-godine","status":"publish","type":"product","link":"https:\/\/inti.hr\/bs\/proizvod\/toranj-za-ucenje-za-djecu-od-1-godine\/","title":{"rendered":"Toranj za u\u010denje za djecu od 1 godine"},"content":{"rendered":"<p>Tehni\u010dki podaci<br \/>\nMaterijali: MDF + puno drvo<br \/>\nBoja: bijela + boja drveta<br \/>\nUkupne dimenzije: 59 x 90 x 41 cm (\u0160 x V x D)<br \/>\nNeto te\u017eina\/bruto te\u017eina: cca 6,5\/7,65 kg<br \/>\nMaksimalna nosivost: 50 kg<\/p>\n","protected":false},"excerpt":{"rendered":"<p>Zaobljeni kutovi u\u010dinkovito \u0161tite djecu od slu\u010dajnih udaraca; za\u0161titne trake i &#8230; <\/p>\n","protected":false},"featured_media":37158,"template":"","meta":[],"product_cat":[2408],"product_tag":[2945,5084,5085],"yoast_head":"<!-- This site is optimized with the Yoast SEO plugin v23.7 - https:\/\/yoast.com\/wordpress\/plugins\/seo\/ -->\n<title>Toranj za u\u010denje za djecu od 1 godine - Inti<\/title>\n<meta name=\"description\" content=\"Zaobljeni kutovi u\u010dinkovito \u0161tite djecu od slu\u010dajnih udaraca; za\u0161titne trake i \u0161ipke sa svih strana nude sveobuhvatnu za\u0161titu tako da djeca mogu stajati bez opasnosti od pada; srednja pre\u010dka se mo\u017ee skinuti kako bi mali\u0161ani mogli udobnije sjediti; \u0160iroka gazna povr\u0161ina omogu\u0107uje siguran ulazak i silazak. Trapezoidni toranj za otkrivanje mo\u017ee izdr\u017eati do 50 kg. Zahvaljuju\u0107i stabilnoj strukturi ne prevr\u0107e se tijekom kori\u0161tenja. S veli\u010dinom od 59x90x41 cm, toranj je prikladan za djecu od 1 godine i vi\u0161e da slobodno istra\u017euju svaki kutak ku\u0107e. Kako bi se osiguralo da djeca mogu odrastati u zdravom okru\u017eenju, WOLTU toranj za u\u010denje izra\u0111en je od ekolo\u0161ki prihvatljivih MDF plo\u010da klase E1 i plo\u010da od punog drva. Obojani su bezmirisnom i sigurnom bojom na bazi vode, izdr\u017eljivom i lakom za \u010di\u0161\u0107enje. Bilo za radnom plo\u010dom u kuhinji, za umivaonikom u kupaonici ili za stolom za blagovanje, djeca mogu stajati ili sjediti na stolcu za u\u010denje i promatrati obiteljske aktivnosti i sudjelovati u njima, ja\u010daju\u0107i svoje samopouzdanje i osje\u0107aj ravnote\u017ee te dopu\u0161taju\u0107i da vide svijet sami mogu istra\u017eivati. Nudimo vam jasne i detaljne upute i potreban pribor za sastavljanje kako biste olak\u0161ali postavljanje ovog dje\u010djeg tornja za u\u010denje.\" \/>\n<meta name=\"robots\" content=\"index, follow, max-snippet:-1, max-image-preview:large, max-video-preview:-1\" \/>\n<link rel=\"canonical\" href=\"https:\/\/inti.hr\/bs\/proizvod\/toranj-za-ucenje-za-djecu-od-1-godine\/\" \/>\n<meta property=\"og:locale\" content=\"bs_BA\" \/>\n<meta property=\"og:type\" content=\"article\" \/>\n<meta property=\"og:title\" content=\"Toranj za u\u010denje za djecu od 1 godine - Inti\" \/>\n<meta property=\"og:description\" content=\"Zaobljeni kutovi u\u010dinkovito \u0161tite djecu od slu\u010dajnih udaraca; za\u0161titne trake i \u0161ipke sa svih strana nude sveobuhvatnu za\u0161titu tako da djeca mogu stajati bez opasnosti od pada; srednja pre\u010dka se mo\u017ee skinuti kako bi mali\u0161ani mogli udobnije sjediti; \u0160iroka gazna povr\u0161ina omogu\u0107uje siguran ulazak i silazak. Trapezoidni toranj za otkrivanje mo\u017ee izdr\u017eati do 50 kg. Zahvaljuju\u0107i stabilnoj strukturi ne prevr\u0107e se tijekom kori\u0161tenja. S veli\u010dinom od 59x90x41 cm, toranj je prikladan za djecu od 1 godine i vi\u0161e da slobodno istra\u017euju svaki kutak ku\u0107e. Kako bi se osiguralo da djeca mogu odrastati u zdravom okru\u017eenju, WOLTU toranj za u\u010denje izra\u0111en je od ekolo\u0161ki prihvatljivih MDF plo\u010da klase E1 i plo\u010da od punog drva. Obojani su bezmirisnom i sigurnom bojom na bazi vode, izdr\u017eljivom i lakom za \u010di\u0161\u0107enje. Bilo za radnom plo\u010dom u kuhinji, za umivaonikom u kupaonici ili za stolom za blagovanje, djeca mogu stajati ili sjediti na stolcu za u\u010denje i promatrati obiteljske aktivnosti i sudjelovati u njima, ja\u010daju\u0107i svoje samopouzdanje i osje\u0107aj ravnote\u017ee te dopu\u0161taju\u0107i da vide svijet sami mogu istra\u017eivati. Nudimo vam jasne i detaljne upute i potreban pribor za sastavljanje kako biste olak\u0161ali postavljanje ovog dje\u010djeg tornja za u\u010denje.\" \/>\n<meta property=\"og:url\" content=\"https:\/\/inti.hr\/bs\/proizvod\/toranj-za-ucenje-za-djecu-od-1-godine\/\" \/>\n<meta property=\"og:site_name\" content=\"Inti\" \/>\n<meta property=\"og:image\" content=\"https:\/\/i0.wp.com\/inti.hr\/wp-content\/uploads\/2024\/07\/Lernturm-Kinder-ab-1-Jahr-Rausfallschutz-Massivholz-MDF-W0ETT0236-Weiss-Holzfarbe2_600x600.jpg?fit=600%2C600&ssl=1\" \/>\n\t<meta property=\"og:image:width\" content=\"600\" \/>\n\t<meta property=\"og:image:height\" content=\"600\" \/>\n\t<meta property=\"og:image:type\" content=\"image\/jpeg\" \/>\n<meta name=\"twitter:card\" content=\"summary_large_image\" \/>\n<script type=\"application\/ld+json\" class=\"yoast-schema-graph\">{\"@context\":\"https:\/\/schema.org\",\"@graph\":[{\"@type\":\"WebPage\",\"@id\":\"https:\/\/inti.hr\/bs\/proizvod\/toranj-za-ucenje-za-djecu-od-1-godine\/\",\"url\":\"https:\/\/inti.hr\/bs\/proizvod\/toranj-za-ucenje-za-djecu-od-1-godine\/\",\"name\":\"Toranj za u\u010denje za djecu od 1 godine - Inti\",\"isPartOf\":{\"@id\":\"https:\/\/inti.hr\/bs\/#website\"},\"primaryImageOfPage\":{\"@id\":\"https:\/\/inti.hr\/bs\/proizvod\/toranj-za-ucenje-za-djecu-od-1-godine\/#primaryimage\"},\"image\":{\"@id\":\"https:\/\/inti.hr\/bs\/proizvod\/toranj-za-ucenje-za-djecu-od-1-godine\/#primaryimage\"},\"thumbnailUrl\":\"https:\/\/i0.wp.com\/inti.hr\/wp-content\/uploads\/2024\/07\/Lernturm-Kinder-ab-1-Jahr-Rausfallschutz-Massivholz-MDF-W0ETT0236-Weiss-Holzfarbe2_600x600.jpg?fit=600%2C600&ssl=1\",\"datePublished\":\"2024-07-21T12:16:01+00:00\",\"dateModified\":\"2024-07-21T12:16:01+00:00\",\"description\":\"Zaobljeni kutovi u\u010dinkovito \u0161tite djecu od slu\u010dajnih udaraca; za\u0161titne trake i \u0161ipke sa svih strana nude sveobuhvatnu za\u0161titu tako da djeca mogu stajati bez opasnosti od pada; srednja pre\u010dka se mo\u017ee skinuti kako bi mali\u0161ani mogli udobnije sjediti; \u0160iroka gazna povr\u0161ina omogu\u0107uje siguran ulazak i silazak. Trapezoidni toranj za otkrivanje mo\u017ee izdr\u017eati do 50 kg. Zahvaljuju\u0107i stabilnoj strukturi ne prevr\u0107e se tijekom kori\u0161tenja. S veli\u010dinom od 59x90x41 cm, toranj je prikladan za djecu od 1 godine i vi\u0161e da slobodno istra\u017euju svaki kutak ku\u0107e. Kako bi se osiguralo da djeca mogu odrastati u zdravom okru\u017eenju, WOLTU toranj za u\u010denje izra\u0111en je od ekolo\u0161ki prihvatljivih MDF plo\u010da klase E1 i plo\u010da od punog drva. Obojani su bezmirisnom i sigurnom bojom na bazi vode, izdr\u017eljivom i lakom za \u010di\u0161\u0107enje. Bilo za radnom plo\u010dom u kuhinji, za umivaonikom u kupaonici ili za stolom za blagovanje, djeca mogu stajati ili sjediti na stolcu za u\u010denje i promatrati obiteljske aktivnosti i sudjelovati u njima, ja\u010daju\u0107i svoje samopouzdanje i osje\u0107aj ravnote\u017ee te dopu\u0161taju\u0107i da vide svijet sami mogu istra\u017eivati. Nudimo vam jasne i detaljne upute i potreban pribor za sastavljanje kako biste olak\u0161ali postavljanje ovog dje\u010djeg tornja za u\u010denje.\",\"breadcrumb\":{\"@id\":\"https:\/\/inti.hr\/bs\/proizvod\/toranj-za-ucenje-za-djecu-od-1-godine\/#breadcrumb\"},\"inLanguage\":\"bs-BA\",\"potentialAction\":[{\"@type\":\"ReadAction\",\"target\":[\"https:\/\/inti.hr\/bs\/proizvod\/toranj-za-ucenje-za-djecu-od-1-godine\/\"]}]},{\"@type\":\"ImageObject\",\"inLanguage\":\"bs-BA\",\"@id\":\"https:\/\/inti.hr\/bs\/proizvod\/toranj-za-ucenje-za-djecu-od-1-godine\/#primaryimage\",\"url\":\"https:\/\/i0.wp.com\/inti.hr\/wp-content\/uploads\/2024\/07\/Lernturm-Kinder-ab-1-Jahr-Rausfallschutz-Massivholz-MDF-W0ETT0236-Weiss-Holzfarbe2_600x600.jpg?fit=600%2C600&ssl=1\",\"contentUrl\":\"https:\/\/i0.wp.com\/inti.hr\/wp-content\/uploads\/2024\/07\/Lernturm-Kinder-ab-1-Jahr-Rausfallschutz-Massivholz-MDF-W0ETT0236-Weiss-Holzfarbe2_600x600.jpg?fit=600%2C600&ssl=1\",\"width\":600,\"height\":600,\"caption\":\"toranj za u\u010denje za djecu od 1 godine, za\u0161tita od pada, puno MDF drvo, bijela boja drveta\"},{\"@type\":\"BreadcrumbList\",\"@id\":\"https:\/\/inti.hr\/bs\/proizvod\/toranj-za-ucenje-za-djecu-od-1-godine\/#breadcrumb\",\"itemListElement\":[{\"@type\":\"ListItem\",\"position\":1,\"name\":\"Po\u010detna stranica\",\"item\":\"https:\/\/inti.hr\/bs\/\"},{\"@type\":\"ListItem\",\"position\":2,\"name\":\"Trgovina\",\"item\":\"https:\/\/inti.hr\/bs\/trgovina\/\"},{\"@type\":\"ListItem\",\"position\":3,\"name\":\"Toranj za u\u010denje za djecu od 1 godine\"}]},{\"@type\":\"WebSite\",\"@id\":\"https:\/\/inti.hr\/bs\/#website\",\"url\":\"https:\/\/inti.hr\/bs\/\",\"name\":\"Inti\",\"description\":\"trgovina\",\"potentialAction\":[{\"@type\":\"SearchAction\",\"target\":{\"@type\":\"EntryPoint\",\"urlTemplate\":\"https:\/\/inti.hr\/bs\/?s={search_term_string}\"},\"query-input\":{\"@type\":\"PropertyValueSpecification\",\"valueRequired\":true,\"valueName\":\"search_term_string\"}}],\"inLanguage\":\"bs-BA\"}]}<\/script>\n<!-- \/ Yoast SEO plugin. -->","yoast_head_json":{"title":"Toranj za u\u010denje za djecu od 1 godine - Inti","description":"Zaobljeni kutovi u\u010dinkovito \u0161tite djecu od slu\u010dajnih udaraca; za\u0161titne trake i \u0161ipke sa svih strana nude sveobuhvatnu za\u0161titu tako da djeca mogu stajati bez opasnosti od pada; srednja pre\u010dka se mo\u017ee skinuti kako bi mali\u0161ani mogli udobnije sjediti; \u0160iroka gazna povr\u0161ina omogu\u0107uje siguran ulazak i silazak. Trapezoidni toranj za otkrivanje mo\u017ee izdr\u017eati do 50 kg. Zahvaljuju\u0107i stabilnoj strukturi ne prevr\u0107e se tijekom kori\u0161tenja. S veli\u010dinom od 59x90x41 cm, toranj je prikladan za djecu od 1 godine i vi\u0161e da slobodno istra\u017euju svaki kutak ku\u0107e. Kako bi se osiguralo da djeca mogu odrastati u zdravom okru\u017eenju, WOLTU toranj za u\u010denje izra\u0111en je od ekolo\u0161ki prihvatljivih MDF plo\u010da klase E1 i plo\u010da od punog drva. Obojani su bezmirisnom i sigurnom bojom na bazi vode, izdr\u017eljivom i lakom za \u010di\u0161\u0107enje. Bilo za radnom plo\u010dom u kuhinji, za umivaonikom u kupaonici ili za stolom za blagovanje, djeca mogu stajati ili sjediti na stolcu za u\u010denje i promatrati obiteljske aktivnosti i sudjelovati u njima, ja\u010daju\u0107i svoje samopouzdanje i osje\u0107aj ravnote\u017ee te dopu\u0161taju\u0107i da vide svijet sami mogu istra\u017eivati. Nudimo vam jasne i detaljne upute i potreban pribor za sastavljanje kako biste olak\u0161ali postavljanje ovog dje\u010djeg tornja za u\u010denje.","robots":{"index":"index","follow":"follow","max-snippet":"max-snippet:-1","max-image-preview":"max-image-preview:large","max-video-preview":"max-video-preview:-1"},"canonical":"https:\/\/inti.hr\/bs\/proizvod\/toranj-za-ucenje-za-djecu-od-1-godine\/","og_locale":"bs_BA","og_type":"article","og_title":"Toranj za u\u010denje za djecu od 1 godine - Inti","og_description":"Zaobljeni kutovi u\u010dinkovito \u0161tite djecu od slu\u010dajnih udaraca; za\u0161titne trake i \u0161ipke sa svih strana nude sveobuhvatnu za\u0161titu tako da djeca mogu stajati bez opasnosti od pada; srednja pre\u010dka se mo\u017ee skinuti kako bi mali\u0161ani mogli udobnije sjediti; \u0160iroka gazna povr\u0161ina omogu\u0107uje siguran ulazak i silazak. Trapezoidni toranj za otkrivanje mo\u017ee izdr\u017eati do 50 kg. Zahvaljuju\u0107i stabilnoj strukturi ne prevr\u0107e se tijekom kori\u0161tenja. S veli\u010dinom od 59x90x41 cm, toranj je prikladan za djecu od 1 godine i vi\u0161e da slobodno istra\u017euju svaki kutak ku\u0107e. Kako bi se osiguralo da djeca mogu odrastati u zdravom okru\u017eenju, WOLTU toranj za u\u010denje izra\u0111en je od ekolo\u0161ki prihvatljivih MDF plo\u010da klase E1 i plo\u010da od punog drva. Obojani su bezmirisnom i sigurnom bojom na bazi vode, izdr\u017eljivom i lakom za \u010di\u0161\u0107enje. Bilo za radnom plo\u010dom u kuhinji, za umivaonikom u kupaonici ili za stolom za blagovanje, djeca mogu stajati ili sjediti na stolcu za u\u010denje i promatrati obiteljske aktivnosti i sudjelovati u njima, ja\u010daju\u0107i svoje samopouzdanje i osje\u0107aj ravnote\u017ee te dopu\u0161taju\u0107i da vide svijet sami mogu istra\u017eivati. Nudimo vam jasne i detaljne upute i potreban pribor za sastavljanje kako biste olak\u0161ali postavljanje ovog dje\u010djeg tornja za u\u010denje.","og_url":"https:\/\/inti.hr\/bs\/proizvod\/toranj-za-ucenje-za-djecu-od-1-godine\/","og_site_name":"Inti","og_image":[{"width":600,"height":600,"url":"https:\/\/i0.wp.com\/inti.hr\/wp-content\/uploads\/2024\/07\/Lernturm-Kinder-ab-1-Jahr-Rausfallschutz-Massivholz-MDF-W0ETT0236-Weiss-Holzfarbe2_600x600.jpg?fit=600%2C600&ssl=1","type":"image\/jpeg"}],"twitter_card":"summary_large_image","schema":{"@context":"https:\/\/schema.org","@graph":[{"@type":"WebPage","@id":"https:\/\/inti.hr\/bs\/proizvod\/toranj-za-ucenje-za-djecu-od-1-godine\/","url":"https:\/\/inti.hr\/bs\/proizvod\/toranj-za-ucenje-za-djecu-od-1-godine\/","name":"Toranj za u\u010denje za djecu od 1 godine - Inti","isPartOf":{"@id":"https:\/\/inti.hr\/bs\/#website"},"primaryImageOfPage":{"@id":"https:\/\/inti.hr\/bs\/proizvod\/toranj-za-ucenje-za-djecu-od-1-godine\/#primaryimage"},"image":{"@id":"https:\/\/inti.hr\/bs\/proizvod\/toranj-za-ucenje-za-djecu-od-1-godine\/#primaryimage"},"thumbnailUrl":"https:\/\/i0.wp.com\/inti.hr\/wp-content\/uploads\/2024\/07\/Lernturm-Kinder-ab-1-Jahr-Rausfallschutz-Massivholz-MDF-W0ETT0236-Weiss-Holzfarbe2_600x600.jpg?fit=600%2C600&ssl=1","datePublished":"2024-07-21T12:16:01+00:00","dateModified":"2024-07-21T12:16:01+00:00","description":"Zaobljeni kutovi u\u010dinkovito \u0161tite djecu od slu\u010dajnih udaraca; za\u0161titne trake i \u0161ipke sa svih strana nude sveobuhvatnu za\u0161titu tako da djeca mogu stajati bez opasnosti od pada; srednja pre\u010dka se mo\u017ee skinuti kako bi mali\u0161ani mogli udobnije sjediti; \u0160iroka gazna povr\u0161ina omogu\u0107uje siguran ulazak i silazak. Trapezoidni toranj za otkrivanje mo\u017ee izdr\u017eati do 50 kg. Zahvaljuju\u0107i stabilnoj strukturi ne prevr\u0107e se tijekom kori\u0161tenja. S veli\u010dinom od 59x90x41 cm, toranj je prikladan za djecu od 1 godine i vi\u0161e da slobodno istra\u017euju svaki kutak ku\u0107e. Kako bi se osiguralo da djeca mogu odrastati u zdravom okru\u017eenju, WOLTU toranj za u\u010denje izra\u0111en je od ekolo\u0161ki prihvatljivih MDF plo\u010da klase E1 i plo\u010da od punog drva. Obojani su bezmirisnom i sigurnom bojom na bazi vode, izdr\u017eljivom i lakom za \u010di\u0161\u0107enje. Bilo za radnom plo\u010dom u kuhinji, za umivaonikom u kupaonici ili za stolom za blagovanje, djeca mogu stajati ili sjediti na stolcu za u\u010denje i promatrati obiteljske aktivnosti i sudjelovati u njima, ja\u010daju\u0107i svoje samopouzdanje i osje\u0107aj ravnote\u017ee te dopu\u0161taju\u0107i da vide svijet sami mogu istra\u017eivati. Nudimo vam jasne i detaljne upute i potreban pribor za sastavljanje kako biste olak\u0161ali postavljanje ovog dje\u010djeg tornja za u\u010denje.","breadcrumb":{"@id":"https:\/\/inti.hr\/bs\/proizvod\/toranj-za-ucenje-za-djecu-od-1-godine\/#breadcrumb"},"inLanguage":"bs-BA","potentialAction":[{"@type":"ReadAction","target":["https:\/\/inti.hr\/bs\/proizvod\/toranj-za-ucenje-za-djecu-od-1-godine\/"]}]},{"@type":"ImageObject","inLanguage":"bs-BA","@id":"https:\/\/inti.hr\/bs\/proizvod\/toranj-za-ucenje-za-djecu-od-1-godine\/#primaryimage","url":"https:\/\/i0.wp.com\/inti.hr\/wp-content\/uploads\/2024\/07\/Lernturm-Kinder-ab-1-Jahr-Rausfallschutz-Massivholz-MDF-W0ETT0236-Weiss-Holzfarbe2_600x600.jpg?fit=600%2C600&ssl=1","contentUrl":"https:\/\/i0.wp.com\/inti.hr\/wp-content\/uploads\/2024\/07\/Lernturm-Kinder-ab-1-Jahr-Rausfallschutz-Massivholz-MDF-W0ETT0236-Weiss-Holzfarbe2_600x600.jpg?fit=600%2C600&ssl=1","width":600,"height":600,"caption":"toranj za u\u010denje za djecu od 1 godine, za\u0161tita od pada, puno MDF drvo, bijela boja drveta"},{"@type":"BreadcrumbList","@id":"https:\/\/inti.hr\/bs\/proizvod\/toranj-za-ucenje-za-djecu-od-1-godine\/#breadcrumb","itemListElement":[{"@type":"ListItem","position":1,"name":"Po\u010detna stranica","item":"https:\/\/inti.hr\/bs\/"},{"@type":"ListItem","position":2,"name":"Trgovina","item":"https:\/\/inti.hr\/bs\/trgovina\/"},{"@type":"ListItem","position":3,"name":"Toranj za u\u010denje za djecu od 1 godine"}]},{"@type":"WebSite","@id":"https:\/\/inti.hr\/bs\/#website","url":"https:\/\/inti.hr\/bs\/","name":"Inti","description":"trgovina","potentialAction":[{"@type":"SearchAction","target":{"@type":"EntryPoint","urlTemplate":"https:\/\/inti.hr\/bs\/?s={search_term_string}"},"query-input":{"@type":"PropertyValueSpecification","valueRequired":true,"valueName":"search_term_string"}}],"inLanguage":"bs-BA"}]}},"jetpack_sharing_enabled":true,"jetpack-related-posts":[],"_links":{"self":[{"href":"https:\/\/inti.hr\/bs\/wp-json\/wp\/v2\/product\/37157"}],"collection":[{"href":"https:\/\/inti.hr\/bs\/wp-json\/wp\/v2\/product"}],"about":[{"href":"https:\/\/inti.hr\/bs\/wp-json\/wp\/v2\/types\/product"}],"wp:featuredmedia":[{"embeddable":true,"href":"https:\/\/inti.hr\/bs\/wp-json\/wp\/v2\/media\/37158"}],"wp:attachment":[{"href":"https:\/\/inti.hr\/bs\/wp-json\/wp\/v2\/media?parent=37157"}],"wp:term":[{"taxonomy":"product_cat","embeddable":true,"href":"https:\/\/inti.hr\/bs\/wp-json\/wp\/v2\/product_cat?post=37157"},{"taxonomy":"product_tag","embeddable":true,"href":"https:\/\/inti.hr\/bs\/wp-json\/wp\/v2\/product_tag?post=37157"}],"curies":[{"name":"wp","href":"https:\/\/api.w.org\/{rel}","templated":true}]}}