{"id":37197,"date":"2024-07-02T09:32:07","date_gmt":"2024-07-02T08:32:07","guid":{"rendered":"https:\/\/inti.hr\/product\/kupaonski-stup-s-drzacem-za-posteljinu-40x35x172cm-2\/"},"modified":"2024-07-02T09:32:07","modified_gmt":"2024-07-02T08:32:07","slug":"kupaonski-stup-s-drzacem-za-posteljinu-40x35x172cm-2","status":"publish","type":"product","link":"https:\/\/inti.hr\/bs\/proizvod\/kupaonski-stup-s-drzacem-za-posteljinu-40x35x172cm-2\/","title":{"rendered":"Kupaonski stup s dr\u017ea\u010dem za posteljinu 40x35x172cm"},"content":{"rendered":"<p>Detalji o proizvodu:<\/p>\n<p>Materijal: Vlaknasta Plo\u010da, Iverica;<br \/>\nTe\u017eina: 25,3 kg<br \/>\nTestirano za: 40kg;<br \/>\nMjere proizvoda: 40x35x172 cm (vidi sliku)<br \/>\nDimenzije paketa: 99x43x24 cm<br \/>\nS uputama za sastavljanje i vijcima. Jednostavna instalacija.<\/p>\n","protected":false},"excerpt":{"rendered":"<p>Otvoreni pretinci nude mnogo prakti\u010dnog prostora.<\/p>\n<p>Vre\u0107ica za rublje se mo\u017ee ukloniti.<\/p>\n<p>Opremljene &#8230; <\/p>\n","protected":false},"featured_media":37198,"template":"","meta":[],"product_cat":[2392],"product_tag":[2520,5098],"yoast_head":"<!-- This site is optimized with the Yoast SEO plugin v23.7 - https:\/\/yoast.com\/wordpress\/plugins\/seo\/ -->\n<title>Kupaonski stup s dr\u017ea\u010dem za posteljinu 40x35x172cm - Inti<\/title>\n<meta name=\"description\" content=\"Otvoreni pretinci nude mnogo prakti\u010dnog prostora.Vre\u0107ica za rublje se mo\u017ee ukloniti.Opremljene plasti\u010dnim \u0161titnicima za noge za za\u0161titu od vlage.Na\u0161 proizvod je opremljen ure\u0111ajem protiv prevrtanja za pri\u010dvr\u0161\u0107ivanje ormara na zid.Ova ko\u0161ara za rublje nudi dodatni prostor za pohranu i istovremeno uljep\u0161ava va\u0161u kupaonicu. Mo\u017ee se koristiti za spremanje prljavog rublja, dje\u010djih igra\u010daka, papu\u010da ili ru\u010dnika.Visokokvalitetni paneli osiguravaju savr\u0161enu stabilnost i dug vijek trajanja. Povr\u0161ina se lako \u010disti, \u0161to olak\u0161ava ku\u0107anske poslove.\" \/>\n<meta name=\"robots\" content=\"index, follow, max-snippet:-1, max-image-preview:large, max-video-preview:-1\" \/>\n<link rel=\"canonical\" href=\"https:\/\/inti.hr\/bs\/proizvod\/kupaonski-stup-s-drzacem-za-posteljinu-40x35x172cm-2\/\" \/>\n<meta property=\"og:locale\" content=\"bs_BA\" \/>\n<meta property=\"og:type\" content=\"article\" \/>\n<meta property=\"og:title\" content=\"Kupaonski stup s dr\u017ea\u010dem za posteljinu 40x35x172cm - Inti\" \/>\n<meta property=\"og:description\" content=\"Otvoreni pretinci nude mnogo prakti\u010dnog prostora.Vre\u0107ica za rublje se mo\u017ee ukloniti.Opremljene plasti\u010dnim \u0161titnicima za noge za za\u0161titu od vlage.Na\u0161 proizvod je opremljen ure\u0111ajem protiv prevrtanja za pri\u010dvr\u0161\u0107ivanje ormara na zid.Ova ko\u0161ara za rublje nudi dodatni prostor za pohranu i istovremeno uljep\u0161ava va\u0161u kupaonicu. Mo\u017ee se koristiti za spremanje prljavog rublja, dje\u010djih igra\u010daka, papu\u010da ili ru\u010dnika.Visokokvalitetni paneli osiguravaju savr\u0161enu stabilnost i dug vijek trajanja. Povr\u0161ina se lako \u010disti, \u0161to olak\u0161ava ku\u0107anske poslove.\" \/>\n<meta property=\"og:url\" content=\"https:\/\/inti.hr\/bs\/proizvod\/kupaonski-stup-s-drzacem-za-posteljinu-40x35x172cm-2\/\" \/>\n<meta property=\"og:site_name\" content=\"Inti\" \/>\n<meta property=\"og:image\" content=\"https:\/\/i0.wp.com\/inti.hr\/wp-content\/uploads\/2024\/07\/BZR95-W-S001_1800x1800.webp?fit=1600%2C1600&ssl=1\" \/>\n\t<meta property=\"og:image:width\" content=\"1600\" \/>\n\t<meta property=\"og:image:height\" content=\"1600\" \/>\n\t<meta property=\"og:image:type\" content=\"image\/webp\" \/>\n<meta name=\"twitter:card\" content=\"summary_large_image\" \/>\n<script type=\"application\/ld+json\" class=\"yoast-schema-graph\">{\"@context\":\"https:\/\/schema.org\",\"@graph\":[{\"@type\":\"WebPage\",\"@id\":\"https:\/\/inti.hr\/bs\/proizvod\/kupaonski-stup-s-drzacem-za-posteljinu-40x35x172cm-2\/\",\"url\":\"https:\/\/inti.hr\/bs\/proizvod\/kupaonski-stup-s-drzacem-za-posteljinu-40x35x172cm-2\/\",\"name\":\"Kupaonski stup s dr\u017ea\u010dem za posteljinu 40x35x172cm - Inti\",\"isPartOf\":{\"@id\":\"https:\/\/inti.hr\/bs\/#website\"},\"primaryImageOfPage\":{\"@id\":\"https:\/\/inti.hr\/bs\/proizvod\/kupaonski-stup-s-drzacem-za-posteljinu-40x35x172cm-2\/#primaryimage\"},\"image\":{\"@id\":\"https:\/\/inti.hr\/bs\/proizvod\/kupaonski-stup-s-drzacem-za-posteljinu-40x35x172cm-2\/#primaryimage\"},\"thumbnailUrl\":\"https:\/\/i0.wp.com\/inti.hr\/wp-content\/uploads\/2024\/07\/BZR95-W-S001_1800x1800.webp?fit=1600%2C1600&ssl=1\",\"datePublished\":\"2024-07-02T08:32:07+00:00\",\"dateModified\":\"2024-07-02T08:32:07+00:00\",\"description\":\"Otvoreni pretinci nude mnogo prakti\u010dnog prostora.Vre\u0107ica za rublje se mo\u017ee ukloniti.Opremljene plasti\u010dnim \u0161titnicima za noge za za\u0161titu od vlage.Na\u0161 proizvod je opremljen ure\u0111ajem protiv prevrtanja za pri\u010dvr\u0161\u0107ivanje ormara na zid.Ova ko\u0161ara za rublje nudi dodatni prostor za pohranu i istovremeno uljep\u0161ava va\u0161u kupaonicu. Mo\u017ee se koristiti za spremanje prljavog rublja, dje\u010djih igra\u010daka, papu\u010da ili ru\u010dnika.Visokokvalitetni paneli osiguravaju savr\u0161enu stabilnost i dug vijek trajanja. Povr\u0161ina se lako \u010disti, \u0161to olak\u0161ava ku\u0107anske poslove.\",\"breadcrumb\":{\"@id\":\"https:\/\/inti.hr\/bs\/proizvod\/kupaonski-stup-s-drzacem-za-posteljinu-40x35x172cm-2\/#breadcrumb\"},\"inLanguage\":\"bs-BA\",\"potentialAction\":[{\"@type\":\"ReadAction\",\"target\":[\"https:\/\/inti.hr\/bs\/proizvod\/kupaonski-stup-s-drzacem-za-posteljinu-40x35x172cm-2\/\"]}]},{\"@type\":\"ImageObject\",\"inLanguage\":\"bs-BA\",\"@id\":\"https:\/\/inti.hr\/bs\/proizvod\/kupaonski-stup-s-drzacem-za-posteljinu-40x35x172cm-2\/#primaryimage\",\"url\":\"https:\/\/i0.wp.com\/inti.hr\/wp-content\/uploads\/2024\/07\/BZR95-W-S001_1800x1800.webp?fit=1600%2C1600&ssl=1\",\"contentUrl\":\"https:\/\/i0.wp.com\/inti.hr\/wp-content\/uploads\/2024\/07\/BZR95-W-S001_1800x1800.webp?fit=1600%2C1600&ssl=1\",\"width\":1600,\"height\":1600,\"caption\":\"Kupaonski stup s dr\u017ea\u010dem za posteljinu\"},{\"@type\":\"BreadcrumbList\",\"@id\":\"https:\/\/inti.hr\/bs\/proizvod\/kupaonski-stup-s-drzacem-za-posteljinu-40x35x172cm-2\/#breadcrumb\",\"itemListElement\":[{\"@type\":\"ListItem\",\"position\":1,\"name\":\"Po\u010detna stranica\",\"item\":\"https:\/\/inti.hr\/bs\/\"},{\"@type\":\"ListItem\",\"position\":2,\"name\":\"Trgovina\",\"item\":\"https:\/\/inti.hr\/bs\/trgovina\/\"},{\"@type\":\"ListItem\",\"position\":3,\"name\":\"Kupaonski stup s dr\u017ea\u010dem za posteljinu 40x35x172cm\"}]},{\"@type\":\"WebSite\",\"@id\":\"https:\/\/inti.hr\/bs\/#website\",\"url\":\"https:\/\/inti.hr\/bs\/\",\"name\":\"Inti\",\"description\":\"trgovina\",\"potentialAction\":[{\"@type\":\"SearchAction\",\"target\":{\"@type\":\"EntryPoint\",\"urlTemplate\":\"https:\/\/inti.hr\/bs\/?s={search_term_string}\"},\"query-input\":{\"@type\":\"PropertyValueSpecification\",\"valueRequired\":true,\"valueName\":\"search_term_string\"}}],\"inLanguage\":\"bs-BA\"}]}<\/script>\n<!-- \/ Yoast SEO plugin. -->","yoast_head_json":{"title":"Kupaonski stup s dr\u017ea\u010dem za posteljinu 40x35x172cm - Inti","description":"Otvoreni pretinci nude mnogo prakti\u010dnog prostora.Vre\u0107ica za rublje se mo\u017ee ukloniti.Opremljene plasti\u010dnim \u0161titnicima za noge za za\u0161titu od vlage.Na\u0161 proizvod je opremljen ure\u0111ajem protiv prevrtanja za pri\u010dvr\u0161\u0107ivanje ormara na zid.Ova ko\u0161ara za rublje nudi dodatni prostor za pohranu i istovremeno uljep\u0161ava va\u0161u kupaonicu. Mo\u017ee se koristiti za spremanje prljavog rublja, dje\u010djih igra\u010daka, papu\u010da ili ru\u010dnika.Visokokvalitetni paneli osiguravaju savr\u0161enu stabilnost i dug vijek trajanja. Povr\u0161ina se lako \u010disti, \u0161to olak\u0161ava ku\u0107anske poslove.","robots":{"index":"index","follow":"follow","max-snippet":"max-snippet:-1","max-image-preview":"max-image-preview:large","max-video-preview":"max-video-preview:-1"},"canonical":"https:\/\/inti.hr\/bs\/proizvod\/kupaonski-stup-s-drzacem-za-posteljinu-40x35x172cm-2\/","og_locale":"bs_BA","og_type":"article","og_title":"Kupaonski stup s dr\u017ea\u010dem za posteljinu 40x35x172cm - Inti","og_description":"Otvoreni pretinci nude mnogo prakti\u010dnog prostora.Vre\u0107ica za rublje se mo\u017ee ukloniti.Opremljene plasti\u010dnim \u0161titnicima za noge za za\u0161titu od vlage.Na\u0161 proizvod je opremljen ure\u0111ajem protiv prevrtanja za pri\u010dvr\u0161\u0107ivanje ormara na zid.Ova ko\u0161ara za rublje nudi dodatni prostor za pohranu i istovremeno uljep\u0161ava va\u0161u kupaonicu. Mo\u017ee se koristiti za spremanje prljavog rublja, dje\u010djih igra\u010daka, papu\u010da ili ru\u010dnika.Visokokvalitetni paneli osiguravaju savr\u0161enu stabilnost i dug vijek trajanja. Povr\u0161ina se lako \u010disti, \u0161to olak\u0161ava ku\u0107anske poslove.","og_url":"https:\/\/inti.hr\/bs\/proizvod\/kupaonski-stup-s-drzacem-za-posteljinu-40x35x172cm-2\/","og_site_name":"Inti","og_image":[{"width":1600,"height":1600,"url":"https:\/\/i0.wp.com\/inti.hr\/wp-content\/uploads\/2024\/07\/BZR95-W-S001_1800x1800.webp?fit=1600%2C1600&ssl=1","type":"image\/webp"}],"twitter_card":"summary_large_image","schema":{"@context":"https:\/\/schema.org","@graph":[{"@type":"WebPage","@id":"https:\/\/inti.hr\/bs\/proizvod\/kupaonski-stup-s-drzacem-za-posteljinu-40x35x172cm-2\/","url":"https:\/\/inti.hr\/bs\/proizvod\/kupaonski-stup-s-drzacem-za-posteljinu-40x35x172cm-2\/","name":"Kupaonski stup s dr\u017ea\u010dem za posteljinu 40x35x172cm - Inti","isPartOf":{"@id":"https:\/\/inti.hr\/bs\/#website"},"primaryImageOfPage":{"@id":"https:\/\/inti.hr\/bs\/proizvod\/kupaonski-stup-s-drzacem-za-posteljinu-40x35x172cm-2\/#primaryimage"},"image":{"@id":"https:\/\/inti.hr\/bs\/proizvod\/kupaonski-stup-s-drzacem-za-posteljinu-40x35x172cm-2\/#primaryimage"},"thumbnailUrl":"https:\/\/i0.wp.com\/inti.hr\/wp-content\/uploads\/2024\/07\/BZR95-W-S001_1800x1800.webp?fit=1600%2C1600&ssl=1","datePublished":"2024-07-02T08:32:07+00:00","dateModified":"2024-07-02T08:32:07+00:00","description":"Otvoreni pretinci nude mnogo prakti\u010dnog prostora.Vre\u0107ica za rublje se mo\u017ee ukloniti.Opremljene plasti\u010dnim \u0161titnicima za noge za za\u0161titu od vlage.Na\u0161 proizvod je opremljen ure\u0111ajem protiv prevrtanja za pri\u010dvr\u0161\u0107ivanje ormara na zid.Ova ko\u0161ara za rublje nudi dodatni prostor za pohranu i istovremeno uljep\u0161ava va\u0161u kupaonicu. Mo\u017ee se koristiti za spremanje prljavog rublja, dje\u010djih igra\u010daka, papu\u010da ili ru\u010dnika.Visokokvalitetni paneli osiguravaju savr\u0161enu stabilnost i dug vijek trajanja. Povr\u0161ina se lako \u010disti, \u0161to olak\u0161ava ku\u0107anske poslove.","breadcrumb":{"@id":"https:\/\/inti.hr\/bs\/proizvod\/kupaonski-stup-s-drzacem-za-posteljinu-40x35x172cm-2\/#breadcrumb"},"inLanguage":"bs-BA","potentialAction":[{"@type":"ReadAction","target":["https:\/\/inti.hr\/bs\/proizvod\/kupaonski-stup-s-drzacem-za-posteljinu-40x35x172cm-2\/"]}]},{"@type":"ImageObject","inLanguage":"bs-BA","@id":"https:\/\/inti.hr\/bs\/proizvod\/kupaonski-stup-s-drzacem-za-posteljinu-40x35x172cm-2\/#primaryimage","url":"https:\/\/i0.wp.com\/inti.hr\/wp-content\/uploads\/2024\/07\/BZR95-W-S001_1800x1800.webp?fit=1600%2C1600&ssl=1","contentUrl":"https:\/\/i0.wp.com\/inti.hr\/wp-content\/uploads\/2024\/07\/BZR95-W-S001_1800x1800.webp?fit=1600%2C1600&ssl=1","width":1600,"height":1600,"caption":"Kupaonski stup s dr\u017ea\u010dem za posteljinu"},{"@type":"BreadcrumbList","@id":"https:\/\/inti.hr\/bs\/proizvod\/kupaonski-stup-s-drzacem-za-posteljinu-40x35x172cm-2\/#breadcrumb","itemListElement":[{"@type":"ListItem","position":1,"name":"Po\u010detna stranica","item":"https:\/\/inti.hr\/bs\/"},{"@type":"ListItem","position":2,"name":"Trgovina","item":"https:\/\/inti.hr\/bs\/trgovina\/"},{"@type":"ListItem","position":3,"name":"Kupaonski stup s dr\u017ea\u010dem za posteljinu 40x35x172cm"}]},{"@type":"WebSite","@id":"https:\/\/inti.hr\/bs\/#website","url":"https:\/\/inti.hr\/bs\/","name":"Inti","description":"trgovina","potentialAction":[{"@type":"SearchAction","target":{"@type":"EntryPoint","urlTemplate":"https:\/\/inti.hr\/bs\/?s={search_term_string}"},"query-input":{"@type":"PropertyValueSpecification","valueRequired":true,"valueName":"search_term_string"}}],"inLanguage":"bs-BA"}]}},"jetpack_sharing_enabled":true,"jetpack-related-posts":[],"_links":{"self":[{"href":"https:\/\/inti.hr\/bs\/wp-json\/wp\/v2\/product\/37197"}],"collection":[{"href":"https:\/\/inti.hr\/bs\/wp-json\/wp\/v2\/product"}],"about":[{"href":"https:\/\/inti.hr\/bs\/wp-json\/wp\/v2\/types\/product"}],"wp:featuredmedia":[{"embeddable":true,"href":"https:\/\/inti.hr\/bs\/wp-json\/wp\/v2\/media\/37198"}],"wp:attachment":[{"href":"https:\/\/inti.hr\/bs\/wp-json\/wp\/v2\/media?parent=37197"}],"wp:term":[{"taxonomy":"product_cat","embeddable":true,"href":"https:\/\/inti.hr\/bs\/wp-json\/wp\/v2\/product_cat?post=37197"},{"taxonomy":"product_tag","embeddable":true,"href":"https:\/\/inti.hr\/bs\/wp-json\/wp\/v2\/product_tag?post=37197"}],"curies":[{"name":"wp","href":"https:\/\/api.w.org\/{rel}","templated":true}]}}