{"id":37211,"date":"2024-07-02T09:20:07","date_gmt":"2024-07-02T08:20:07","guid":{"rendered":"https:\/\/inti.hr\/product\/ormar-za-rublje-40x35x90cm\/"},"modified":"2024-07-02T09:20:07","modified_gmt":"2024-07-02T08:20:07","slug":"ormar-za-rublje-40x35x90cm","status":"publish","type":"product","link":"https:\/\/inti.hr\/bs\/proizvod\/ormar-za-rublje-40x35x90cm\/","title":{"rendered":"Ormar za rublje 40x35x90cm"},"content":{"rendered":"<p>Detalji o proizvodu:<\/p>\n<p>Materijal: Vlaknasta Plo\u010da, Iverica;<br \/>\nTe\u017eina: 15 kg<br \/>\nTestirano za: 20 kg.<br \/>\nMjere proizvoda: 40x90x35cm (vidi sliku)<br \/>\nDimenzije paketa: 99x43x16cm.<br \/>\nS uputama za sastavljanje i vijcima. Jednostavna instalacija.<\/p>\n","protected":false},"excerpt":{"rendered":"<p>Vre\u0107ica za rublje se mo\u017ee skinuti.<\/p>\n<p>Opremljene plasti\u010dnim \u0161titnicima za noge za &#8230; <\/p>\n","protected":false},"featured_media":37212,"template":"","meta":[],"product_cat":[2392],"product_tag":[2520,3262],"yoast_head":"<!-- This site is optimized with the Yoast SEO plugin v23.7 - https:\/\/yoast.com\/wordpress\/plugins\/seo\/ -->\n<title>Ormar za rublje 40x35x90cm - Inti<\/title>\n<meta name=\"description\" content=\"Vre\u0107ica za rublje se mo\u017ee skinuti.Opremljene plasti\u010dnim \u0161titnicima za noge za za\u0161titu od vlage.Na\u0161 proizvod je opremljen ure\u0111ajem protiv prevrtanja za pri\u010dvr\u0161\u0107ivanje ormara na zid.Sastoji se od vre\u0107e za rublje od flisa i okvira od drva topole, a kri\u017eane metalne \u0161ipke na stra\u017enjoj strani pove\u0107avaju stabilnost. Vre\u0107ica za rublje se mo\u017ee skinuti.Drveni nosa\u010di olak\u0161avaju \u010di\u0161\u0107enje donjeg dijela i savr\u0161eno se uklapaju u sofisticirani stil ove linije.\" \/>\n<meta name=\"robots\" content=\"index, follow, max-snippet:-1, max-image-preview:large, max-video-preview:-1\" \/>\n<link rel=\"canonical\" href=\"https:\/\/inti.hr\/bs\/proizvod\/ormar-za-rublje-40x35x90cm\/\" \/>\n<meta property=\"og:locale\" content=\"bs_BA\" \/>\n<meta property=\"og:type\" content=\"article\" \/>\n<meta property=\"og:title\" content=\"Ormar za rublje 40x35x90cm - Inti\" \/>\n<meta property=\"og:description\" content=\"Vre\u0107ica za rublje se mo\u017ee skinuti.Opremljene plasti\u010dnim \u0161titnicima za noge za za\u0161titu od vlage.Na\u0161 proizvod je opremljen ure\u0111ajem protiv prevrtanja za pri\u010dvr\u0161\u0107ivanje ormara na zid.Sastoji se od vre\u0107e za rublje od flisa i okvira od drva topole, a kri\u017eane metalne \u0161ipke na stra\u017enjoj strani pove\u0107avaju stabilnost. Vre\u0107ica za rublje se mo\u017ee skinuti.Drveni nosa\u010di olak\u0161avaju \u010di\u0161\u0107enje donjeg dijela i savr\u0161eno se uklapaju u sofisticirani stil ove linije.\" \/>\n<meta property=\"og:url\" content=\"https:\/\/inti.hr\/bs\/proizvod\/ormar-za-rublje-40x35x90cm\/\" \/>\n<meta property=\"og:site_name\" content=\"Inti\" \/>\n<meta property=\"og:image\" content=\"https:\/\/i0.wp.com\/inti.hr\/wp-content\/uploads\/2024\/07\/BZR96-SN-S001_1800x1800.webp?fit=1600%2C1600&ssl=1\" \/>\n\t<meta property=\"og:image:width\" content=\"1600\" \/>\n\t<meta property=\"og:image:height\" content=\"1600\" \/>\n\t<meta property=\"og:image:type\" content=\"image\/webp\" \/>\n<meta name=\"twitter:card\" content=\"summary_large_image\" \/>\n<script type=\"application\/ld+json\" class=\"yoast-schema-graph\">{\"@context\":\"https:\/\/schema.org\",\"@graph\":[{\"@type\":\"WebPage\",\"@id\":\"https:\/\/inti.hr\/bs\/proizvod\/ormar-za-rublje-40x35x90cm\/\",\"url\":\"https:\/\/inti.hr\/bs\/proizvod\/ormar-za-rublje-40x35x90cm\/\",\"name\":\"Ormar za rublje 40x35x90cm - Inti\",\"isPartOf\":{\"@id\":\"https:\/\/inti.hr\/bs\/#website\"},\"primaryImageOfPage\":{\"@id\":\"https:\/\/inti.hr\/bs\/proizvod\/ormar-za-rublje-40x35x90cm\/#primaryimage\"},\"image\":{\"@id\":\"https:\/\/inti.hr\/bs\/proizvod\/ormar-za-rublje-40x35x90cm\/#primaryimage\"},\"thumbnailUrl\":\"https:\/\/i0.wp.com\/inti.hr\/wp-content\/uploads\/2024\/07\/BZR96-SN-S001_1800x1800.webp?fit=1600%2C1600&ssl=1\",\"datePublished\":\"2024-07-02T08:20:07+00:00\",\"dateModified\":\"2024-07-02T08:20:07+00:00\",\"description\":\"Vre\u0107ica za rublje se mo\u017ee skinuti.Opremljene plasti\u010dnim \u0161titnicima za noge za za\u0161titu od vlage.Na\u0161 proizvod je opremljen ure\u0111ajem protiv prevrtanja za pri\u010dvr\u0161\u0107ivanje ormara na zid.Sastoji se od vre\u0107e za rublje od flisa i okvira od drva topole, a kri\u017eane metalne \u0161ipke na stra\u017enjoj strani pove\u0107avaju stabilnost. Vre\u0107ica za rublje se mo\u017ee skinuti.Drveni nosa\u010di olak\u0161avaju \u010di\u0161\u0107enje donjeg dijela i savr\u0161eno se uklapaju u sofisticirani stil ove linije.\",\"breadcrumb\":{\"@id\":\"https:\/\/inti.hr\/bs\/proizvod\/ormar-za-rublje-40x35x90cm\/#breadcrumb\"},\"inLanguage\":\"bs-BA\",\"potentialAction\":[{\"@type\":\"ReadAction\",\"target\":[\"https:\/\/inti.hr\/bs\/proizvod\/ormar-za-rublje-40x35x90cm\/\"]}]},{\"@type\":\"ImageObject\",\"inLanguage\":\"bs-BA\",\"@id\":\"https:\/\/inti.hr\/bs\/proizvod\/ormar-za-rublje-40x35x90cm\/#primaryimage\",\"url\":\"https:\/\/i0.wp.com\/inti.hr\/wp-content\/uploads\/2024\/07\/BZR96-SN-S001_1800x1800.webp?fit=1600%2C1600&ssl=1\",\"contentUrl\":\"https:\/\/i0.wp.com\/inti.hr\/wp-content\/uploads\/2024\/07\/BZR96-SN-S001_1800x1800.webp?fit=1600%2C1600&ssl=1\",\"width\":1600,\"height\":1600,\"caption\":\"Ormar za rublje 40x35x90cm\"},{\"@type\":\"BreadcrumbList\",\"@id\":\"https:\/\/inti.hr\/bs\/proizvod\/ormar-za-rublje-40x35x90cm\/#breadcrumb\",\"itemListElement\":[{\"@type\":\"ListItem\",\"position\":1,\"name\":\"Po\u010detna stranica\",\"item\":\"https:\/\/inti.hr\/bs\/\"},{\"@type\":\"ListItem\",\"position\":2,\"name\":\"Trgovina\",\"item\":\"https:\/\/inti.hr\/bs\/trgovina\/\"},{\"@type\":\"ListItem\",\"position\":3,\"name\":\"Ormar za rublje 40x35x90cm\"}]},{\"@type\":\"WebSite\",\"@id\":\"https:\/\/inti.hr\/bs\/#website\",\"url\":\"https:\/\/inti.hr\/bs\/\",\"name\":\"Inti\",\"description\":\"trgovina\",\"potentialAction\":[{\"@type\":\"SearchAction\",\"target\":{\"@type\":\"EntryPoint\",\"urlTemplate\":\"https:\/\/inti.hr\/bs\/?s={search_term_string}\"},\"query-input\":{\"@type\":\"PropertyValueSpecification\",\"valueRequired\":true,\"valueName\":\"search_term_string\"}}],\"inLanguage\":\"bs-BA\"}]}<\/script>\n<!-- \/ Yoast SEO plugin. -->","yoast_head_json":{"title":"Ormar za rublje 40x35x90cm - Inti","description":"Vre\u0107ica za rublje se mo\u017ee skinuti.Opremljene plasti\u010dnim \u0161titnicima za noge za za\u0161titu od vlage.Na\u0161 proizvod je opremljen ure\u0111ajem protiv prevrtanja za pri\u010dvr\u0161\u0107ivanje ormara na zid.Sastoji se od vre\u0107e za rublje od flisa i okvira od drva topole, a kri\u017eane metalne \u0161ipke na stra\u017enjoj strani pove\u0107avaju stabilnost. Vre\u0107ica za rublje se mo\u017ee skinuti.Drveni nosa\u010di olak\u0161avaju \u010di\u0161\u0107enje donjeg dijela i savr\u0161eno se uklapaju u sofisticirani stil ove linije.","robots":{"index":"index","follow":"follow","max-snippet":"max-snippet:-1","max-image-preview":"max-image-preview:large","max-video-preview":"max-video-preview:-1"},"canonical":"https:\/\/inti.hr\/bs\/proizvod\/ormar-za-rublje-40x35x90cm\/","og_locale":"bs_BA","og_type":"article","og_title":"Ormar za rublje 40x35x90cm - Inti","og_description":"Vre\u0107ica za rublje se mo\u017ee skinuti.Opremljene plasti\u010dnim \u0161titnicima za noge za za\u0161titu od vlage.Na\u0161 proizvod je opremljen ure\u0111ajem protiv prevrtanja za pri\u010dvr\u0161\u0107ivanje ormara na zid.Sastoji se od vre\u0107e za rublje od flisa i okvira od drva topole, a kri\u017eane metalne \u0161ipke na stra\u017enjoj strani pove\u0107avaju stabilnost. Vre\u0107ica za rublje se mo\u017ee skinuti.Drveni nosa\u010di olak\u0161avaju \u010di\u0161\u0107enje donjeg dijela i savr\u0161eno se uklapaju u sofisticirani stil ove linije.","og_url":"https:\/\/inti.hr\/bs\/proizvod\/ormar-za-rublje-40x35x90cm\/","og_site_name":"Inti","og_image":[{"width":1600,"height":1600,"url":"https:\/\/i0.wp.com\/inti.hr\/wp-content\/uploads\/2024\/07\/BZR96-SN-S001_1800x1800.webp?fit=1600%2C1600&ssl=1","type":"image\/webp"}],"twitter_card":"summary_large_image","schema":{"@context":"https:\/\/schema.org","@graph":[{"@type":"WebPage","@id":"https:\/\/inti.hr\/bs\/proizvod\/ormar-za-rublje-40x35x90cm\/","url":"https:\/\/inti.hr\/bs\/proizvod\/ormar-za-rublje-40x35x90cm\/","name":"Ormar za rublje 40x35x90cm - Inti","isPartOf":{"@id":"https:\/\/inti.hr\/bs\/#website"},"primaryImageOfPage":{"@id":"https:\/\/inti.hr\/bs\/proizvod\/ormar-za-rublje-40x35x90cm\/#primaryimage"},"image":{"@id":"https:\/\/inti.hr\/bs\/proizvod\/ormar-za-rublje-40x35x90cm\/#primaryimage"},"thumbnailUrl":"https:\/\/i0.wp.com\/inti.hr\/wp-content\/uploads\/2024\/07\/BZR96-SN-S001_1800x1800.webp?fit=1600%2C1600&ssl=1","datePublished":"2024-07-02T08:20:07+00:00","dateModified":"2024-07-02T08:20:07+00:00","description":"Vre\u0107ica za rublje se mo\u017ee skinuti.Opremljene plasti\u010dnim \u0161titnicima za noge za za\u0161titu od vlage.Na\u0161 proizvod je opremljen ure\u0111ajem protiv prevrtanja za pri\u010dvr\u0161\u0107ivanje ormara na zid.Sastoji se od vre\u0107e za rublje od flisa i okvira od drva topole, a kri\u017eane metalne \u0161ipke na stra\u017enjoj strani pove\u0107avaju stabilnost. Vre\u0107ica za rublje se mo\u017ee skinuti.Drveni nosa\u010di olak\u0161avaju \u010di\u0161\u0107enje donjeg dijela i savr\u0161eno se uklapaju u sofisticirani stil ove linije.","breadcrumb":{"@id":"https:\/\/inti.hr\/bs\/proizvod\/ormar-za-rublje-40x35x90cm\/#breadcrumb"},"inLanguage":"bs-BA","potentialAction":[{"@type":"ReadAction","target":["https:\/\/inti.hr\/bs\/proizvod\/ormar-za-rublje-40x35x90cm\/"]}]},{"@type":"ImageObject","inLanguage":"bs-BA","@id":"https:\/\/inti.hr\/bs\/proizvod\/ormar-za-rublje-40x35x90cm\/#primaryimage","url":"https:\/\/i0.wp.com\/inti.hr\/wp-content\/uploads\/2024\/07\/BZR96-SN-S001_1800x1800.webp?fit=1600%2C1600&ssl=1","contentUrl":"https:\/\/i0.wp.com\/inti.hr\/wp-content\/uploads\/2024\/07\/BZR96-SN-S001_1800x1800.webp?fit=1600%2C1600&ssl=1","width":1600,"height":1600,"caption":"Ormar za rublje 40x35x90cm"},{"@type":"BreadcrumbList","@id":"https:\/\/inti.hr\/bs\/proizvod\/ormar-za-rublje-40x35x90cm\/#breadcrumb","itemListElement":[{"@type":"ListItem","position":1,"name":"Po\u010detna stranica","item":"https:\/\/inti.hr\/bs\/"},{"@type":"ListItem","position":2,"name":"Trgovina","item":"https:\/\/inti.hr\/bs\/trgovina\/"},{"@type":"ListItem","position":3,"name":"Ormar za rublje 40x35x90cm"}]},{"@type":"WebSite","@id":"https:\/\/inti.hr\/bs\/#website","url":"https:\/\/inti.hr\/bs\/","name":"Inti","description":"trgovina","potentialAction":[{"@type":"SearchAction","target":{"@type":"EntryPoint","urlTemplate":"https:\/\/inti.hr\/bs\/?s={search_term_string}"},"query-input":{"@type":"PropertyValueSpecification","valueRequired":true,"valueName":"search_term_string"}}],"inLanguage":"bs-BA"}]}},"jetpack_sharing_enabled":true,"jetpack-related-posts":[],"_links":{"self":[{"href":"https:\/\/inti.hr\/bs\/wp-json\/wp\/v2\/product\/37211"}],"collection":[{"href":"https:\/\/inti.hr\/bs\/wp-json\/wp\/v2\/product"}],"about":[{"href":"https:\/\/inti.hr\/bs\/wp-json\/wp\/v2\/types\/product"}],"wp:featuredmedia":[{"embeddable":true,"href":"https:\/\/inti.hr\/bs\/wp-json\/wp\/v2\/media\/37212"}],"wp:attachment":[{"href":"https:\/\/inti.hr\/bs\/wp-json\/wp\/v2\/media?parent=37211"}],"wp:term":[{"taxonomy":"product_cat","embeddable":true,"href":"https:\/\/inti.hr\/bs\/wp-json\/wp\/v2\/product_cat?post=37211"},{"taxonomy":"product_tag","embeddable":true,"href":"https:\/\/inti.hr\/bs\/wp-json\/wp\/v2\/product_tag?post=37211"}],"curies":[{"name":"wp","href":"https:\/\/api.w.org\/{rel}","templated":true}]}}