{"id":37219,"date":"2024-07-02T09:07:17","date_gmt":"2024-07-02T08:07:17","guid":{"rendered":"https:\/\/inti.hr\/product\/stalak-za-cipele-80x25x108cm\/"},"modified":"2024-07-02T09:07:17","modified_gmt":"2024-07-02T08:07:17","slug":"stalak-za-cipele-80x25x108cm","status":"publish","type":"product","link":"https:\/\/inti.hr\/bs\/proizvod\/stalak-za-cipele-80x25x108cm\/","title":{"rendered":"Stalak za cipele 80x25x108cm"},"content":{"rendered":"<p><b><span>Detalji o proizvodu:<\/span><\/b><\/p>\n<ul>\n<li><span>Te\u017eina: 23,1 kg<\/span><\/li>\n<li><span>Testirano za: 35 kg.<\/span><\/li>\n<li><span>Materijal: Vlaknasta plo\u010da, Drvena iverica.<\/span><\/li>\n<li><span>Mjere proizvoda: 80x25x108 cm (vidi sliku)<\/span><\/li>\n<li><span>Dimenzije paketa: 116x46x20 cm.<\/span><\/li>\n<li><span>S uputama za sastavljanje i vijcima. Jednostavna instalacija.<\/span><\/li>\n<\/ul>\n","protected":false},"excerpt":{"rendered":"<p>S ovom policom za cipele mo\u017eete objaviti rat kaosu od cipela &#8230; <\/p>\n","protected":false},"featured_media":37220,"template":"","meta":[],"product_cat":[2632],"product_tag":[2633,5104],"yoast_head":"<!-- This site is optimized with the Yoast SEO plugin v23.7 - https:\/\/yoast.com\/wordpress\/plugins\/seo\/ -->\n<title>Stalak za cipele 80x25x108cm - Inti<\/title>\n<meta name=\"description\" content=\"S ovom policom za cipele mo\u017eete objaviti rat kaosu od cipela u va\u0161em hodniku! Zatvoreni stalak za cipele \u0161titi va\u0161e sandale, cipele s visokom petom i tenisice od pra\u0161ine i promjene boje te osigurava uredan hodnik.Jastu\u010di\u0107i za noge pobolj\u0161avaju stabilnost police za cipele i sprje\u010davaju klizanje te \u0161tite pod od ogrebotina.Visina pretinaca za cipele mo\u017ee se podesiti pomo\u0107u uklonjivih polica, tako da ima mjesta i za vi\u0161e cipele.Na\u0161 proizvod je opremljen ure\u0111ajem protiv prevrtanja za pri\u010dvr\u0161\u0107ivanje ormara na zid.\" \/>\n<meta name=\"robots\" content=\"index, follow, max-snippet:-1, max-image-preview:large, max-video-preview:-1\" \/>\n<link rel=\"canonical\" href=\"https:\/\/inti.hr\/bs\/proizvod\/stalak-za-cipele-80x25x108cm\/\" \/>\n<meta property=\"og:locale\" content=\"bs_BA\" \/>\n<meta property=\"og:type\" content=\"article\" \/>\n<meta property=\"og:title\" content=\"Stalak za cipele 80x25x108cm - Inti\" \/>\n<meta property=\"og:description\" content=\"S ovom policom za cipele mo\u017eete objaviti rat kaosu od cipela u va\u0161em hodniku! Zatvoreni stalak za cipele \u0161titi va\u0161e sandale, cipele s visokom petom i tenisice od pra\u0161ine i promjene boje te osigurava uredan hodnik.Jastu\u010di\u0107i za noge pobolj\u0161avaju stabilnost police za cipele i sprje\u010davaju klizanje te \u0161tite pod od ogrebotina.Visina pretinaca za cipele mo\u017ee se podesiti pomo\u0107u uklonjivih polica, tako da ima mjesta i za vi\u0161e cipele.Na\u0161 proizvod je opremljen ure\u0111ajem protiv prevrtanja za pri\u010dvr\u0161\u0107ivanje ormara na zid.\" \/>\n<meta property=\"og:url\" content=\"https:\/\/inti.hr\/bs\/proizvod\/stalak-za-cipele-80x25x108cm\/\" \/>\n<meta property=\"og:site_name\" content=\"Inti\" \/>\n<meta property=\"og:image\" content=\"https:\/\/i0.wp.com\/inti.hr\/wp-content\/uploads\/2024\/07\/FSR152-HG-Y001_670x.webp?fit=670%2C670&ssl=1\" \/>\n\t<meta property=\"og:image:width\" content=\"670\" \/>\n\t<meta property=\"og:image:height\" content=\"670\" \/>\n\t<meta property=\"og:image:type\" content=\"image\/webp\" \/>\n<meta name=\"twitter:card\" content=\"summary_large_image\" \/>\n<script type=\"application\/ld+json\" class=\"yoast-schema-graph\">{\"@context\":\"https:\/\/schema.org\",\"@graph\":[{\"@type\":\"WebPage\",\"@id\":\"https:\/\/inti.hr\/bs\/proizvod\/stalak-za-cipele-80x25x108cm\/\",\"url\":\"https:\/\/inti.hr\/bs\/proizvod\/stalak-za-cipele-80x25x108cm\/\",\"name\":\"Stalak za cipele 80x25x108cm - Inti\",\"isPartOf\":{\"@id\":\"https:\/\/inti.hr\/bs\/#website\"},\"primaryImageOfPage\":{\"@id\":\"https:\/\/inti.hr\/bs\/proizvod\/stalak-za-cipele-80x25x108cm\/#primaryimage\"},\"image\":{\"@id\":\"https:\/\/inti.hr\/bs\/proizvod\/stalak-za-cipele-80x25x108cm\/#primaryimage\"},\"thumbnailUrl\":\"https:\/\/i0.wp.com\/inti.hr\/wp-content\/uploads\/2024\/07\/FSR152-HG-Y001_670x.webp?fit=670%2C670&ssl=1\",\"datePublished\":\"2024-07-02T08:07:17+00:00\",\"dateModified\":\"2024-07-02T08:07:17+00:00\",\"description\":\"S ovom policom za cipele mo\u017eete objaviti rat kaosu od cipela u va\u0161em hodniku! Zatvoreni stalak za cipele \u0161titi va\u0161e sandale, cipele s visokom petom i tenisice od pra\u0161ine i promjene boje te osigurava uredan hodnik.Jastu\u010di\u0107i za noge pobolj\u0161avaju stabilnost police za cipele i sprje\u010davaju klizanje te \u0161tite pod od ogrebotina.Visina pretinaca za cipele mo\u017ee se podesiti pomo\u0107u uklonjivih polica, tako da ima mjesta i za vi\u0161e cipele.Na\u0161 proizvod je opremljen ure\u0111ajem protiv prevrtanja za pri\u010dvr\u0161\u0107ivanje ormara na zid.\",\"breadcrumb\":{\"@id\":\"https:\/\/inti.hr\/bs\/proizvod\/stalak-za-cipele-80x25x108cm\/#breadcrumb\"},\"inLanguage\":\"bs-BA\",\"potentialAction\":[{\"@type\":\"ReadAction\",\"target\":[\"https:\/\/inti.hr\/bs\/proizvod\/stalak-za-cipele-80x25x108cm\/\"]}]},{\"@type\":\"ImageObject\",\"inLanguage\":\"bs-BA\",\"@id\":\"https:\/\/inti.hr\/bs\/proizvod\/stalak-za-cipele-80x25x108cm\/#primaryimage\",\"url\":\"https:\/\/i0.wp.com\/inti.hr\/wp-content\/uploads\/2024\/07\/FSR152-HG-Y001_670x.webp?fit=670%2C670&ssl=1\",\"contentUrl\":\"https:\/\/i0.wp.com\/inti.hr\/wp-content\/uploads\/2024\/07\/FSR152-HG-Y001_670x.webp?fit=670%2C670&ssl=1\",\"width\":670,\"height\":670,\"caption\":\"Stalak za cipele 80x25x108cm\"},{\"@type\":\"BreadcrumbList\",\"@id\":\"https:\/\/inti.hr\/bs\/proizvod\/stalak-za-cipele-80x25x108cm\/#breadcrumb\",\"itemListElement\":[{\"@type\":\"ListItem\",\"position\":1,\"name\":\"Po\u010detna stranica\",\"item\":\"https:\/\/inti.hr\/bs\/\"},{\"@type\":\"ListItem\",\"position\":2,\"name\":\"Trgovina\",\"item\":\"https:\/\/inti.hr\/bs\/trgovina\/\"},{\"@type\":\"ListItem\",\"position\":3,\"name\":\"Stalak za cipele 80x25x108cm\"}]},{\"@type\":\"WebSite\",\"@id\":\"https:\/\/inti.hr\/bs\/#website\",\"url\":\"https:\/\/inti.hr\/bs\/\",\"name\":\"Inti\",\"description\":\"trgovina\",\"potentialAction\":[{\"@type\":\"SearchAction\",\"target\":{\"@type\":\"EntryPoint\",\"urlTemplate\":\"https:\/\/inti.hr\/bs\/?s={search_term_string}\"},\"query-input\":{\"@type\":\"PropertyValueSpecification\",\"valueRequired\":true,\"valueName\":\"search_term_string\"}}],\"inLanguage\":\"bs-BA\"}]}<\/script>\n<!-- \/ Yoast SEO plugin. -->","yoast_head_json":{"title":"Stalak za cipele 80x25x108cm - Inti","description":"S ovom policom za cipele mo\u017eete objaviti rat kaosu od cipela u va\u0161em hodniku! Zatvoreni stalak za cipele \u0161titi va\u0161e sandale, cipele s visokom petom i tenisice od pra\u0161ine i promjene boje te osigurava uredan hodnik.Jastu\u010di\u0107i za noge pobolj\u0161avaju stabilnost police za cipele i sprje\u010davaju klizanje te \u0161tite pod od ogrebotina.Visina pretinaca za cipele mo\u017ee se podesiti pomo\u0107u uklonjivih polica, tako da ima mjesta i za vi\u0161e cipele.Na\u0161 proizvod je opremljen ure\u0111ajem protiv prevrtanja za pri\u010dvr\u0161\u0107ivanje ormara na zid.","robots":{"index":"index","follow":"follow","max-snippet":"max-snippet:-1","max-image-preview":"max-image-preview:large","max-video-preview":"max-video-preview:-1"},"canonical":"https:\/\/inti.hr\/bs\/proizvod\/stalak-za-cipele-80x25x108cm\/","og_locale":"bs_BA","og_type":"article","og_title":"Stalak za cipele 80x25x108cm - Inti","og_description":"S ovom policom za cipele mo\u017eete objaviti rat kaosu od cipela u va\u0161em hodniku! Zatvoreni stalak za cipele \u0161titi va\u0161e sandale, cipele s visokom petom i tenisice od pra\u0161ine i promjene boje te osigurava uredan hodnik.Jastu\u010di\u0107i za noge pobolj\u0161avaju stabilnost police za cipele i sprje\u010davaju klizanje te \u0161tite pod od ogrebotina.Visina pretinaca za cipele mo\u017ee se podesiti pomo\u0107u uklonjivih polica, tako da ima mjesta i za vi\u0161e cipele.Na\u0161 proizvod je opremljen ure\u0111ajem protiv prevrtanja za pri\u010dvr\u0161\u0107ivanje ormara na zid.","og_url":"https:\/\/inti.hr\/bs\/proizvod\/stalak-za-cipele-80x25x108cm\/","og_site_name":"Inti","og_image":[{"width":670,"height":670,"url":"https:\/\/i0.wp.com\/inti.hr\/wp-content\/uploads\/2024\/07\/FSR152-HG-Y001_670x.webp?fit=670%2C670&ssl=1","type":"image\/webp"}],"twitter_card":"summary_large_image","schema":{"@context":"https:\/\/schema.org","@graph":[{"@type":"WebPage","@id":"https:\/\/inti.hr\/bs\/proizvod\/stalak-za-cipele-80x25x108cm\/","url":"https:\/\/inti.hr\/bs\/proizvod\/stalak-za-cipele-80x25x108cm\/","name":"Stalak za cipele 80x25x108cm - Inti","isPartOf":{"@id":"https:\/\/inti.hr\/bs\/#website"},"primaryImageOfPage":{"@id":"https:\/\/inti.hr\/bs\/proizvod\/stalak-za-cipele-80x25x108cm\/#primaryimage"},"image":{"@id":"https:\/\/inti.hr\/bs\/proizvod\/stalak-za-cipele-80x25x108cm\/#primaryimage"},"thumbnailUrl":"https:\/\/i0.wp.com\/inti.hr\/wp-content\/uploads\/2024\/07\/FSR152-HG-Y001_670x.webp?fit=670%2C670&ssl=1","datePublished":"2024-07-02T08:07:17+00:00","dateModified":"2024-07-02T08:07:17+00:00","description":"S ovom policom za cipele mo\u017eete objaviti rat kaosu od cipela u va\u0161em hodniku! Zatvoreni stalak za cipele \u0161titi va\u0161e sandale, cipele s visokom petom i tenisice od pra\u0161ine i promjene boje te osigurava uredan hodnik.Jastu\u010di\u0107i za noge pobolj\u0161avaju stabilnost police za cipele i sprje\u010davaju klizanje te \u0161tite pod od ogrebotina.Visina pretinaca za cipele mo\u017ee se podesiti pomo\u0107u uklonjivih polica, tako da ima mjesta i za vi\u0161e cipele.Na\u0161 proizvod je opremljen ure\u0111ajem protiv prevrtanja za pri\u010dvr\u0161\u0107ivanje ormara na zid.","breadcrumb":{"@id":"https:\/\/inti.hr\/bs\/proizvod\/stalak-za-cipele-80x25x108cm\/#breadcrumb"},"inLanguage":"bs-BA","potentialAction":[{"@type":"ReadAction","target":["https:\/\/inti.hr\/bs\/proizvod\/stalak-za-cipele-80x25x108cm\/"]}]},{"@type":"ImageObject","inLanguage":"bs-BA","@id":"https:\/\/inti.hr\/bs\/proizvod\/stalak-za-cipele-80x25x108cm\/#primaryimage","url":"https:\/\/i0.wp.com\/inti.hr\/wp-content\/uploads\/2024\/07\/FSR152-HG-Y001_670x.webp?fit=670%2C670&ssl=1","contentUrl":"https:\/\/i0.wp.com\/inti.hr\/wp-content\/uploads\/2024\/07\/FSR152-HG-Y001_670x.webp?fit=670%2C670&ssl=1","width":670,"height":670,"caption":"Stalak za cipele 80x25x108cm"},{"@type":"BreadcrumbList","@id":"https:\/\/inti.hr\/bs\/proizvod\/stalak-za-cipele-80x25x108cm\/#breadcrumb","itemListElement":[{"@type":"ListItem","position":1,"name":"Po\u010detna stranica","item":"https:\/\/inti.hr\/bs\/"},{"@type":"ListItem","position":2,"name":"Trgovina","item":"https:\/\/inti.hr\/bs\/trgovina\/"},{"@type":"ListItem","position":3,"name":"Stalak za cipele 80x25x108cm"}]},{"@type":"WebSite","@id":"https:\/\/inti.hr\/bs\/#website","url":"https:\/\/inti.hr\/bs\/","name":"Inti","description":"trgovina","potentialAction":[{"@type":"SearchAction","target":{"@type":"EntryPoint","urlTemplate":"https:\/\/inti.hr\/bs\/?s={search_term_string}"},"query-input":{"@type":"PropertyValueSpecification","valueRequired":true,"valueName":"search_term_string"}}],"inLanguage":"bs-BA"}]}},"jetpack_sharing_enabled":true,"jetpack-related-posts":[],"_links":{"self":[{"href":"https:\/\/inti.hr\/bs\/wp-json\/wp\/v2\/product\/37219"}],"collection":[{"href":"https:\/\/inti.hr\/bs\/wp-json\/wp\/v2\/product"}],"about":[{"href":"https:\/\/inti.hr\/bs\/wp-json\/wp\/v2\/types\/product"}],"wp:featuredmedia":[{"embeddable":true,"href":"https:\/\/inti.hr\/bs\/wp-json\/wp\/v2\/media\/37220"}],"wp:attachment":[{"href":"https:\/\/inti.hr\/bs\/wp-json\/wp\/v2\/media?parent=37219"}],"wp:term":[{"taxonomy":"product_cat","embeddable":true,"href":"https:\/\/inti.hr\/bs\/wp-json\/wp\/v2\/product_cat?post=37219"},{"taxonomy":"product_tag","embeddable":true,"href":"https:\/\/inti.hr\/bs\/wp-json\/wp\/v2\/product_tag?post=37219"}],"curies":[{"name":"wp","href":"https:\/\/api.w.org\/{rel}","templated":true}]}}