{"id":37227,"date":"2024-07-02T08:30:58","date_gmt":"2024-07-02T07:30:58","guid":{"rendered":"https:\/\/inti.hr\/product\/visenamjenski-ormar-61x30x192cm\/"},"modified":"2024-07-02T08:30:58","modified_gmt":"2024-07-02T07:30:58","slug":"visenamjenski-ormar-61x30x192cm","status":"publish","type":"product","link":"https:\/\/inti.hr\/bs\/proizvod\/visenamjenski-ormar-61x30x192cm\/","title":{"rendered":"Vi\u0161enamjenski ormar 61x30x192cm"},"content":{"rendered":"<p>Tehni\u010dke specifikacije:<\/p>\n<p>Te\u017eina: pribli\u017eno 39,45 kg.<br \/>\nTestirano za: 65 kg.<br \/>\nMaterijal: MDF(E1), akrilna boja, borovina.<br \/>\nMjere proizvoda: 61x30x192 cm (vidi sliku).<br \/>\nDostava: u 2 paketa.<br \/>\nDimenzije paketa A: 86&#215;36,3&#215;17 cm.<br \/>\nMjere paketa B: 116x37x12,5 cm.<br \/>\nS uputama za sastavljanje i vijcima. Jednostavna instalacija.<\/p>\n","protected":false},"excerpt":{"rendered":"<p>Sa svojim ravnim linijama i elegantnim dizajnom, ovaj komad namje\u0161taja mo\u017ee &#8230; <\/p>\n","protected":false},"featured_media":37228,"template":"","meta":[],"product_cat":[2632],"product_tag":[2638,5108],"yoast_head":"<!-- This site is optimized with the Yoast SEO plugin v23.7 - https:\/\/yoast.com\/wordpress\/plugins\/seo\/ -->\n<title>Vi\u0161enamjenski ormar 61x30x192cm - Inti<\/title>\n<meta name=\"description\" content=\"Sa svojim ravnim linijama i elegantnim dizajnom, ovaj komad namje\u0161taja mo\u017ee se savr\u0161eno integrirati u gotovo svaki postoje\u0107i dekor. Ovaj elegantni komad namje\u0161taja dokaz je umije\u0107a izrade i prakti\u010dnosti. \u010cvrsta struktura namje\u0161taja, izra\u0111ena od punog borovog drveta, daje da\u0161ak profinjenosti. Otvaranje dvostrukih vrata otkriva prostranu unutra\u0161njost, pa\u017eljivo podijeljenu na odjeljke i police. Svaka polica je podesiva i mo\u017ee lako primiti predmete razli\u010ditih veli\u010dina. Visok i ponosan, ovaj komad namje\u0161taja nije samo komad namje\u0161taja ve\u0107 izraz ukusa i funkcionalnosti, spreman uljep\u0161ati svaku prostoriju svojom bezvremenskom prisutno\u0161\u0107u.\" \/>\n<meta name=\"robots\" content=\"index, follow, max-snippet:-1, max-image-preview:large, max-video-preview:-1\" \/>\n<link rel=\"canonical\" href=\"https:\/\/inti.hr\/bs\/proizvod\/visenamjenski-ormar-61x30x192cm\/\" \/>\n<meta property=\"og:locale\" content=\"bs_BA\" \/>\n<meta property=\"og:type\" content=\"article\" \/>\n<meta property=\"og:title\" content=\"Vi\u0161enamjenski ormar 61x30x192cm - Inti\" \/>\n<meta property=\"og:description\" content=\"Sa svojim ravnim linijama i elegantnim dizajnom, ovaj komad namje\u0161taja mo\u017ee se savr\u0161eno integrirati u gotovo svaki postoje\u0107i dekor. Ovaj elegantni komad namje\u0161taja dokaz je umije\u0107a izrade i prakti\u010dnosti. \u010cvrsta struktura namje\u0161taja, izra\u0111ena od punog borovog drveta, daje da\u0161ak profinjenosti. Otvaranje dvostrukih vrata otkriva prostranu unutra\u0161njost, pa\u017eljivo podijeljenu na odjeljke i police. Svaka polica je podesiva i mo\u017ee lako primiti predmete razli\u010ditih veli\u010dina. Visok i ponosan, ovaj komad namje\u0161taja nije samo komad namje\u0161taja ve\u0107 izraz ukusa i funkcionalnosti, spreman uljep\u0161ati svaku prostoriju svojom bezvremenskom prisutno\u0161\u0107u.\" \/>\n<meta property=\"og:url\" content=\"https:\/\/inti.hr\/bs\/proizvod\/visenamjenski-ormar-61x30x192cm\/\" \/>\n<meta property=\"og:site_name\" content=\"Inti\" \/>\n<meta property=\"og:image\" content=\"https:\/\/i0.wp.com\/inti.hr\/wp-content\/uploads\/2024\/07\/KSB01-W-S002_1800x1800.webp?fit=1600%2C1600&ssl=1\" \/>\n\t<meta property=\"og:image:width\" content=\"1600\" \/>\n\t<meta property=\"og:image:height\" content=\"1600\" \/>\n\t<meta property=\"og:image:type\" content=\"image\/webp\" \/>\n<meta name=\"twitter:card\" content=\"summary_large_image\" \/>\n<script type=\"application\/ld+json\" class=\"yoast-schema-graph\">{\"@context\":\"https:\/\/schema.org\",\"@graph\":[{\"@type\":\"WebPage\",\"@id\":\"https:\/\/inti.hr\/bs\/proizvod\/visenamjenski-ormar-61x30x192cm\/\",\"url\":\"https:\/\/inti.hr\/bs\/proizvod\/visenamjenski-ormar-61x30x192cm\/\",\"name\":\"Vi\u0161enamjenski ormar 61x30x192cm - Inti\",\"isPartOf\":{\"@id\":\"https:\/\/inti.hr\/bs\/#website\"},\"primaryImageOfPage\":{\"@id\":\"https:\/\/inti.hr\/bs\/proizvod\/visenamjenski-ormar-61x30x192cm\/#primaryimage\"},\"image\":{\"@id\":\"https:\/\/inti.hr\/bs\/proizvod\/visenamjenski-ormar-61x30x192cm\/#primaryimage\"},\"thumbnailUrl\":\"https:\/\/i0.wp.com\/inti.hr\/wp-content\/uploads\/2024\/07\/KSB01-W-S002_1800x1800.webp?fit=1600%2C1600&ssl=1\",\"datePublished\":\"2024-07-02T07:30:58+00:00\",\"dateModified\":\"2024-07-02T07:30:58+00:00\",\"description\":\"Sa svojim ravnim linijama i elegantnim dizajnom, ovaj komad namje\u0161taja mo\u017ee se savr\u0161eno integrirati u gotovo svaki postoje\u0107i dekor. Ovaj elegantni komad namje\u0161taja dokaz je umije\u0107a izrade i prakti\u010dnosti. \u010cvrsta struktura namje\u0161taja, izra\u0111ena od punog borovog drveta, daje da\u0161ak profinjenosti. Otvaranje dvostrukih vrata otkriva prostranu unutra\u0161njost, pa\u017eljivo podijeljenu na odjeljke i police. Svaka polica je podesiva i mo\u017ee lako primiti predmete razli\u010ditih veli\u010dina. Visok i ponosan, ovaj komad namje\u0161taja nije samo komad namje\u0161taja ve\u0107 izraz ukusa i funkcionalnosti, spreman uljep\u0161ati svaku prostoriju svojom bezvremenskom prisutno\u0161\u0107u.\",\"breadcrumb\":{\"@id\":\"https:\/\/inti.hr\/bs\/proizvod\/visenamjenski-ormar-61x30x192cm\/#breadcrumb\"},\"inLanguage\":\"bs-BA\",\"potentialAction\":[{\"@type\":\"ReadAction\",\"target\":[\"https:\/\/inti.hr\/bs\/proizvod\/visenamjenski-ormar-61x30x192cm\/\"]}]},{\"@type\":\"ImageObject\",\"inLanguage\":\"bs-BA\",\"@id\":\"https:\/\/inti.hr\/bs\/proizvod\/visenamjenski-ormar-61x30x192cm\/#primaryimage\",\"url\":\"https:\/\/i0.wp.com\/inti.hr\/wp-content\/uploads\/2024\/07\/KSB01-W-S002_1800x1800.webp?fit=1600%2C1600&ssl=1\",\"contentUrl\":\"https:\/\/i0.wp.com\/inti.hr\/wp-content\/uploads\/2024\/07\/KSB01-W-S002_1800x1800.webp?fit=1600%2C1600&ssl=1\",\"width\":1600,\"height\":1600,\"caption\":\"Vi\u0161enamjenski ormar 61x30x192cm KSB01-W\"},{\"@type\":\"BreadcrumbList\",\"@id\":\"https:\/\/inti.hr\/bs\/proizvod\/visenamjenski-ormar-61x30x192cm\/#breadcrumb\",\"itemListElement\":[{\"@type\":\"ListItem\",\"position\":1,\"name\":\"Po\u010detna stranica\",\"item\":\"https:\/\/inti.hr\/bs\/\"},{\"@type\":\"ListItem\",\"position\":2,\"name\":\"Trgovina\",\"item\":\"https:\/\/inti.hr\/bs\/trgovina\/\"},{\"@type\":\"ListItem\",\"position\":3,\"name\":\"Vi\u0161enamjenski ormar 61x30x192cm\"}]},{\"@type\":\"WebSite\",\"@id\":\"https:\/\/inti.hr\/bs\/#website\",\"url\":\"https:\/\/inti.hr\/bs\/\",\"name\":\"Inti\",\"description\":\"trgovina\",\"potentialAction\":[{\"@type\":\"SearchAction\",\"target\":{\"@type\":\"EntryPoint\",\"urlTemplate\":\"https:\/\/inti.hr\/bs\/?s={search_term_string}\"},\"query-input\":{\"@type\":\"PropertyValueSpecification\",\"valueRequired\":true,\"valueName\":\"search_term_string\"}}],\"inLanguage\":\"bs-BA\"}]}<\/script>\n<!-- \/ Yoast SEO plugin. -->","yoast_head_json":{"title":"Vi\u0161enamjenski ormar 61x30x192cm - Inti","description":"Sa svojim ravnim linijama i elegantnim dizajnom, ovaj komad namje\u0161taja mo\u017ee se savr\u0161eno integrirati u gotovo svaki postoje\u0107i dekor. Ovaj elegantni komad namje\u0161taja dokaz je umije\u0107a izrade i prakti\u010dnosti. \u010cvrsta struktura namje\u0161taja, izra\u0111ena od punog borovog drveta, daje da\u0161ak profinjenosti. Otvaranje dvostrukih vrata otkriva prostranu unutra\u0161njost, pa\u017eljivo podijeljenu na odjeljke i police. Svaka polica je podesiva i mo\u017ee lako primiti predmete razli\u010ditih veli\u010dina. Visok i ponosan, ovaj komad namje\u0161taja nije samo komad namje\u0161taja ve\u0107 izraz ukusa i funkcionalnosti, spreman uljep\u0161ati svaku prostoriju svojom bezvremenskom prisutno\u0161\u0107u.","robots":{"index":"index","follow":"follow","max-snippet":"max-snippet:-1","max-image-preview":"max-image-preview:large","max-video-preview":"max-video-preview:-1"},"canonical":"https:\/\/inti.hr\/bs\/proizvod\/visenamjenski-ormar-61x30x192cm\/","og_locale":"bs_BA","og_type":"article","og_title":"Vi\u0161enamjenski ormar 61x30x192cm - Inti","og_description":"Sa svojim ravnim linijama i elegantnim dizajnom, ovaj komad namje\u0161taja mo\u017ee se savr\u0161eno integrirati u gotovo svaki postoje\u0107i dekor. Ovaj elegantni komad namje\u0161taja dokaz je umije\u0107a izrade i prakti\u010dnosti. \u010cvrsta struktura namje\u0161taja, izra\u0111ena od punog borovog drveta, daje da\u0161ak profinjenosti. Otvaranje dvostrukih vrata otkriva prostranu unutra\u0161njost, pa\u017eljivo podijeljenu na odjeljke i police. Svaka polica je podesiva i mo\u017ee lako primiti predmete razli\u010ditih veli\u010dina. Visok i ponosan, ovaj komad namje\u0161taja nije samo komad namje\u0161taja ve\u0107 izraz ukusa i funkcionalnosti, spreman uljep\u0161ati svaku prostoriju svojom bezvremenskom prisutno\u0161\u0107u.","og_url":"https:\/\/inti.hr\/bs\/proizvod\/visenamjenski-ormar-61x30x192cm\/","og_site_name":"Inti","og_image":[{"width":1600,"height":1600,"url":"https:\/\/i0.wp.com\/inti.hr\/wp-content\/uploads\/2024\/07\/KSB01-W-S002_1800x1800.webp?fit=1600%2C1600&ssl=1","type":"image\/webp"}],"twitter_card":"summary_large_image","schema":{"@context":"https:\/\/schema.org","@graph":[{"@type":"WebPage","@id":"https:\/\/inti.hr\/bs\/proizvod\/visenamjenski-ormar-61x30x192cm\/","url":"https:\/\/inti.hr\/bs\/proizvod\/visenamjenski-ormar-61x30x192cm\/","name":"Vi\u0161enamjenski ormar 61x30x192cm - Inti","isPartOf":{"@id":"https:\/\/inti.hr\/bs\/#website"},"primaryImageOfPage":{"@id":"https:\/\/inti.hr\/bs\/proizvod\/visenamjenski-ormar-61x30x192cm\/#primaryimage"},"image":{"@id":"https:\/\/inti.hr\/bs\/proizvod\/visenamjenski-ormar-61x30x192cm\/#primaryimage"},"thumbnailUrl":"https:\/\/i0.wp.com\/inti.hr\/wp-content\/uploads\/2024\/07\/KSB01-W-S002_1800x1800.webp?fit=1600%2C1600&ssl=1","datePublished":"2024-07-02T07:30:58+00:00","dateModified":"2024-07-02T07:30:58+00:00","description":"Sa svojim ravnim linijama i elegantnim dizajnom, ovaj komad namje\u0161taja mo\u017ee se savr\u0161eno integrirati u gotovo svaki postoje\u0107i dekor. Ovaj elegantni komad namje\u0161taja dokaz je umije\u0107a izrade i prakti\u010dnosti. \u010cvrsta struktura namje\u0161taja, izra\u0111ena od punog borovog drveta, daje da\u0161ak profinjenosti. Otvaranje dvostrukih vrata otkriva prostranu unutra\u0161njost, pa\u017eljivo podijeljenu na odjeljke i police. Svaka polica je podesiva i mo\u017ee lako primiti predmete razli\u010ditih veli\u010dina. Visok i ponosan, ovaj komad namje\u0161taja nije samo komad namje\u0161taja ve\u0107 izraz ukusa i funkcionalnosti, spreman uljep\u0161ati svaku prostoriju svojom bezvremenskom prisutno\u0161\u0107u.","breadcrumb":{"@id":"https:\/\/inti.hr\/bs\/proizvod\/visenamjenski-ormar-61x30x192cm\/#breadcrumb"},"inLanguage":"bs-BA","potentialAction":[{"@type":"ReadAction","target":["https:\/\/inti.hr\/bs\/proizvod\/visenamjenski-ormar-61x30x192cm\/"]}]},{"@type":"ImageObject","inLanguage":"bs-BA","@id":"https:\/\/inti.hr\/bs\/proizvod\/visenamjenski-ormar-61x30x192cm\/#primaryimage","url":"https:\/\/i0.wp.com\/inti.hr\/wp-content\/uploads\/2024\/07\/KSB01-W-S002_1800x1800.webp?fit=1600%2C1600&ssl=1","contentUrl":"https:\/\/i0.wp.com\/inti.hr\/wp-content\/uploads\/2024\/07\/KSB01-W-S002_1800x1800.webp?fit=1600%2C1600&ssl=1","width":1600,"height":1600,"caption":"Vi\u0161enamjenski ormar 61x30x192cm KSB01-W"},{"@type":"BreadcrumbList","@id":"https:\/\/inti.hr\/bs\/proizvod\/visenamjenski-ormar-61x30x192cm\/#breadcrumb","itemListElement":[{"@type":"ListItem","position":1,"name":"Po\u010detna stranica","item":"https:\/\/inti.hr\/bs\/"},{"@type":"ListItem","position":2,"name":"Trgovina","item":"https:\/\/inti.hr\/bs\/trgovina\/"},{"@type":"ListItem","position":3,"name":"Vi\u0161enamjenski ormar 61x30x192cm"}]},{"@type":"WebSite","@id":"https:\/\/inti.hr\/bs\/#website","url":"https:\/\/inti.hr\/bs\/","name":"Inti","description":"trgovina","potentialAction":[{"@type":"SearchAction","target":{"@type":"EntryPoint","urlTemplate":"https:\/\/inti.hr\/bs\/?s={search_term_string}"},"query-input":{"@type":"PropertyValueSpecification","valueRequired":true,"valueName":"search_term_string"}}],"inLanguage":"bs-BA"}]}},"jetpack_sharing_enabled":true,"jetpack-related-posts":[],"_links":{"self":[{"href":"https:\/\/inti.hr\/bs\/wp-json\/wp\/v2\/product\/37227"}],"collection":[{"href":"https:\/\/inti.hr\/bs\/wp-json\/wp\/v2\/product"}],"about":[{"href":"https:\/\/inti.hr\/bs\/wp-json\/wp\/v2\/types\/product"}],"wp:featuredmedia":[{"embeddable":true,"href":"https:\/\/inti.hr\/bs\/wp-json\/wp\/v2\/media\/37228"}],"wp:attachment":[{"href":"https:\/\/inti.hr\/bs\/wp-json\/wp\/v2\/media?parent=37227"}],"wp:term":[{"taxonomy":"product_cat","embeddable":true,"href":"https:\/\/inti.hr\/bs\/wp-json\/wp\/v2\/product_cat?post=37227"},{"taxonomy":"product_tag","embeddable":true,"href":"https:\/\/inti.hr\/bs\/wp-json\/wp\/v2\/product_tag?post=37227"}],"curies":[{"name":"wp","href":"https:\/\/api.w.org\/{rel}","templated":true}]}}