{"id":37231,"date":"2024-07-02T08:27:49","date_gmt":"2024-07-02T07:27:49","guid":{"rendered":"https:\/\/inti.hr\/product\/stalak-za-cipele-104x30x47cm\/"},"modified":"2024-07-02T08:27:49","modified_gmt":"2024-07-02T07:27:49","slug":"stalak-za-cipele-104x30x47cm","status":"publish","type":"product","link":"https:\/\/inti.hr\/bs\/proizvod\/stalak-za-cipele-104x30x47cm\/","title":{"rendered":"Stalak za cipele 104x30x47cm"},"content":{"rendered":"<p><b><span>Detalji o proizvodu:<\/span><\/b><\/p>\n<ul>\n<li><span>Te\u017eina: pribli\u017eno 21,75 kg.\u00a0<\/span><\/li>\n<li><span>Testirano za: 240 kg.<\/span><\/li>\n<li><span>Materijal: MDF(E1), akrilna boja.<\/span><\/li>\n<li><span>Mjere proizvoda: 104x30x47 cm (vidi sliku).\u00a0<\/span><\/li>\n<li><span>Dimenzije paketa: 114&#215;42,5&#215;14 cm.<\/span><\/li>\n<li><span>S uputama za sastavljanje i vijcima. Jednostavna instalacija.<\/span><\/li>\n<\/ul>\n","protected":false},"excerpt":{"rendered":"<p>Zahvaljuju\u0107i dva okretna pretinca s 4 unutarnje police, mo\u017eete uredno pohraniti &#8230; <\/p>\n","protected":false},"featured_media":37232,"template":"","meta":[],"product_cat":[2632],"product_tag":[4466,5110],"yoast_head":"<!-- This site is optimized with the Yoast SEO plugin v23.7 - https:\/\/yoast.com\/wordpress\/plugins\/seo\/ -->\n<title>Stalak za cipele 104x30x47cm - Inti<\/title>\n<meta name=\"description\" content=\"Zahvaljuju\u0107i dva okretna pretinca s 4 unutarnje police, mo\u017eete uredno pohraniti svoje cipele. Visina pretinaca za cipele mo\u017ee se podesiti pomo\u0107u uklonjivih polica, tako da ima mjesta i za vi\u0161e cipele.Uz jednostavan dizajn i klasi\u010dnu shemu boja, ova klupa lako se uklapa u mnoge stilove ure\u0111enja. Klupa nije samo vrlo prakti\u010dna, ve\u0107 ostavlja prekrasan prvi dojam na va\u0161em ulazu.\" \/>\n<meta name=\"robots\" content=\"index, follow, max-snippet:-1, max-image-preview:large, max-video-preview:-1\" \/>\n<link rel=\"canonical\" href=\"https:\/\/inti.hr\/bs\/proizvod\/stalak-za-cipele-104x30x47cm\/\" \/>\n<meta property=\"og:locale\" content=\"bs_BA\" \/>\n<meta property=\"og:type\" content=\"article\" \/>\n<meta property=\"og:title\" content=\"Stalak za cipele 104x30x47cm - Inti\" \/>\n<meta property=\"og:description\" content=\"Zahvaljuju\u0107i dva okretna pretinca s 4 unutarnje police, mo\u017eete uredno pohraniti svoje cipele. Visina pretinaca za cipele mo\u017ee se podesiti pomo\u0107u uklonjivih polica, tako da ima mjesta i za vi\u0161e cipele.Uz jednostavan dizajn i klasi\u010dnu shemu boja, ova klupa lako se uklapa u mnoge stilove ure\u0111enja. Klupa nije samo vrlo prakti\u010dna, ve\u0107 ostavlja prekrasan prvi dojam na va\u0161em ulazu.\" \/>\n<meta property=\"og:url\" content=\"https:\/\/inti.hr\/bs\/proizvod\/stalak-za-cipele-104x30x47cm\/\" \/>\n<meta property=\"og:site_name\" content=\"Inti\" \/>\n<meta property=\"og:image\" content=\"https:\/\/i0.wp.com\/inti.hr\/wp-content\/uploads\/2024\/07\/FSR171-W-Y001_670x.webp?fit=670%2C670&ssl=1\" \/>\n\t<meta property=\"og:image:width\" content=\"670\" \/>\n\t<meta property=\"og:image:height\" content=\"670\" \/>\n\t<meta property=\"og:image:type\" content=\"image\/webp\" \/>\n<meta name=\"twitter:card\" content=\"summary_large_image\" \/>\n<script type=\"application\/ld+json\" class=\"yoast-schema-graph\">{\"@context\":\"https:\/\/schema.org\",\"@graph\":[{\"@type\":\"WebPage\",\"@id\":\"https:\/\/inti.hr\/bs\/proizvod\/stalak-za-cipele-104x30x47cm\/\",\"url\":\"https:\/\/inti.hr\/bs\/proizvod\/stalak-za-cipele-104x30x47cm\/\",\"name\":\"Stalak za cipele 104x30x47cm - Inti\",\"isPartOf\":{\"@id\":\"https:\/\/inti.hr\/bs\/#website\"},\"primaryImageOfPage\":{\"@id\":\"https:\/\/inti.hr\/bs\/proizvod\/stalak-za-cipele-104x30x47cm\/#primaryimage\"},\"image\":{\"@id\":\"https:\/\/inti.hr\/bs\/proizvod\/stalak-za-cipele-104x30x47cm\/#primaryimage\"},\"thumbnailUrl\":\"https:\/\/i0.wp.com\/inti.hr\/wp-content\/uploads\/2024\/07\/FSR171-W-Y001_670x.webp?fit=670%2C670&ssl=1\",\"datePublished\":\"2024-07-02T07:27:49+00:00\",\"dateModified\":\"2024-07-02T07:27:49+00:00\",\"description\":\"Zahvaljuju\u0107i dva okretna pretinca s 4 unutarnje police, mo\u017eete uredno pohraniti svoje cipele. Visina pretinaca za cipele mo\u017ee se podesiti pomo\u0107u uklonjivih polica, tako da ima mjesta i za vi\u0161e cipele.Uz jednostavan dizajn i klasi\u010dnu shemu boja, ova klupa lako se uklapa u mnoge stilove ure\u0111enja. Klupa nije samo vrlo prakti\u010dna, ve\u0107 ostavlja prekrasan prvi dojam na va\u0161em ulazu.\",\"breadcrumb\":{\"@id\":\"https:\/\/inti.hr\/bs\/proizvod\/stalak-za-cipele-104x30x47cm\/#breadcrumb\"},\"inLanguage\":\"bs-BA\",\"potentialAction\":[{\"@type\":\"ReadAction\",\"target\":[\"https:\/\/inti.hr\/bs\/proizvod\/stalak-za-cipele-104x30x47cm\/\"]}]},{\"@type\":\"ImageObject\",\"inLanguage\":\"bs-BA\",\"@id\":\"https:\/\/inti.hr\/bs\/proizvod\/stalak-za-cipele-104x30x47cm\/#primaryimage\",\"url\":\"https:\/\/i0.wp.com\/inti.hr\/wp-content\/uploads\/2024\/07\/FSR171-W-Y001_670x.webp?fit=670%2C670&ssl=1\",\"contentUrl\":\"https:\/\/i0.wp.com\/inti.hr\/wp-content\/uploads\/2024\/07\/FSR171-W-Y001_670x.webp?fit=670%2C670&ssl=1\",\"width\":670,\"height\":670,\"caption\":\"Stalak za cipele 104x30x47cm FSR171-W\"},{\"@type\":\"BreadcrumbList\",\"@id\":\"https:\/\/inti.hr\/bs\/proizvod\/stalak-za-cipele-104x30x47cm\/#breadcrumb\",\"itemListElement\":[{\"@type\":\"ListItem\",\"position\":1,\"name\":\"Po\u010detna stranica\",\"item\":\"https:\/\/inti.hr\/bs\/\"},{\"@type\":\"ListItem\",\"position\":2,\"name\":\"Trgovina\",\"item\":\"https:\/\/inti.hr\/bs\/trgovina\/\"},{\"@type\":\"ListItem\",\"position\":3,\"name\":\"Stalak za cipele 104x30x47cm\"}]},{\"@type\":\"WebSite\",\"@id\":\"https:\/\/inti.hr\/bs\/#website\",\"url\":\"https:\/\/inti.hr\/bs\/\",\"name\":\"Inti\",\"description\":\"trgovina\",\"potentialAction\":[{\"@type\":\"SearchAction\",\"target\":{\"@type\":\"EntryPoint\",\"urlTemplate\":\"https:\/\/inti.hr\/bs\/?s={search_term_string}\"},\"query-input\":{\"@type\":\"PropertyValueSpecification\",\"valueRequired\":true,\"valueName\":\"search_term_string\"}}],\"inLanguage\":\"bs-BA\"}]}<\/script>\n<!-- \/ Yoast SEO plugin. -->","yoast_head_json":{"title":"Stalak za cipele 104x30x47cm - Inti","description":"Zahvaljuju\u0107i dva okretna pretinca s 4 unutarnje police, mo\u017eete uredno pohraniti svoje cipele. Visina pretinaca za cipele mo\u017ee se podesiti pomo\u0107u uklonjivih polica, tako da ima mjesta i za vi\u0161e cipele.Uz jednostavan dizajn i klasi\u010dnu shemu boja, ova klupa lako se uklapa u mnoge stilove ure\u0111enja. Klupa nije samo vrlo prakti\u010dna, ve\u0107 ostavlja prekrasan prvi dojam na va\u0161em ulazu.","robots":{"index":"index","follow":"follow","max-snippet":"max-snippet:-1","max-image-preview":"max-image-preview:large","max-video-preview":"max-video-preview:-1"},"canonical":"https:\/\/inti.hr\/bs\/proizvod\/stalak-za-cipele-104x30x47cm\/","og_locale":"bs_BA","og_type":"article","og_title":"Stalak za cipele 104x30x47cm - Inti","og_description":"Zahvaljuju\u0107i dva okretna pretinca s 4 unutarnje police, mo\u017eete uredno pohraniti svoje cipele. Visina pretinaca za cipele mo\u017ee se podesiti pomo\u0107u uklonjivih polica, tako da ima mjesta i za vi\u0161e cipele.Uz jednostavan dizajn i klasi\u010dnu shemu boja, ova klupa lako se uklapa u mnoge stilove ure\u0111enja. Klupa nije samo vrlo prakti\u010dna, ve\u0107 ostavlja prekrasan prvi dojam na va\u0161em ulazu.","og_url":"https:\/\/inti.hr\/bs\/proizvod\/stalak-za-cipele-104x30x47cm\/","og_site_name":"Inti","og_image":[{"width":670,"height":670,"url":"https:\/\/i0.wp.com\/inti.hr\/wp-content\/uploads\/2024\/07\/FSR171-W-Y001_670x.webp?fit=670%2C670&ssl=1","type":"image\/webp"}],"twitter_card":"summary_large_image","schema":{"@context":"https:\/\/schema.org","@graph":[{"@type":"WebPage","@id":"https:\/\/inti.hr\/bs\/proizvod\/stalak-za-cipele-104x30x47cm\/","url":"https:\/\/inti.hr\/bs\/proizvod\/stalak-za-cipele-104x30x47cm\/","name":"Stalak za cipele 104x30x47cm - Inti","isPartOf":{"@id":"https:\/\/inti.hr\/bs\/#website"},"primaryImageOfPage":{"@id":"https:\/\/inti.hr\/bs\/proizvod\/stalak-za-cipele-104x30x47cm\/#primaryimage"},"image":{"@id":"https:\/\/inti.hr\/bs\/proizvod\/stalak-za-cipele-104x30x47cm\/#primaryimage"},"thumbnailUrl":"https:\/\/i0.wp.com\/inti.hr\/wp-content\/uploads\/2024\/07\/FSR171-W-Y001_670x.webp?fit=670%2C670&ssl=1","datePublished":"2024-07-02T07:27:49+00:00","dateModified":"2024-07-02T07:27:49+00:00","description":"Zahvaljuju\u0107i dva okretna pretinca s 4 unutarnje police, mo\u017eete uredno pohraniti svoje cipele. Visina pretinaca za cipele mo\u017ee se podesiti pomo\u0107u uklonjivih polica, tako da ima mjesta i za vi\u0161e cipele.Uz jednostavan dizajn i klasi\u010dnu shemu boja, ova klupa lako se uklapa u mnoge stilove ure\u0111enja. Klupa nije samo vrlo prakti\u010dna, ve\u0107 ostavlja prekrasan prvi dojam na va\u0161em ulazu.","breadcrumb":{"@id":"https:\/\/inti.hr\/bs\/proizvod\/stalak-za-cipele-104x30x47cm\/#breadcrumb"},"inLanguage":"bs-BA","potentialAction":[{"@type":"ReadAction","target":["https:\/\/inti.hr\/bs\/proizvod\/stalak-za-cipele-104x30x47cm\/"]}]},{"@type":"ImageObject","inLanguage":"bs-BA","@id":"https:\/\/inti.hr\/bs\/proizvod\/stalak-za-cipele-104x30x47cm\/#primaryimage","url":"https:\/\/i0.wp.com\/inti.hr\/wp-content\/uploads\/2024\/07\/FSR171-W-Y001_670x.webp?fit=670%2C670&ssl=1","contentUrl":"https:\/\/i0.wp.com\/inti.hr\/wp-content\/uploads\/2024\/07\/FSR171-W-Y001_670x.webp?fit=670%2C670&ssl=1","width":670,"height":670,"caption":"Stalak za cipele 104x30x47cm FSR171-W"},{"@type":"BreadcrumbList","@id":"https:\/\/inti.hr\/bs\/proizvod\/stalak-za-cipele-104x30x47cm\/#breadcrumb","itemListElement":[{"@type":"ListItem","position":1,"name":"Po\u010detna stranica","item":"https:\/\/inti.hr\/bs\/"},{"@type":"ListItem","position":2,"name":"Trgovina","item":"https:\/\/inti.hr\/bs\/trgovina\/"},{"@type":"ListItem","position":3,"name":"Stalak za cipele 104x30x47cm"}]},{"@type":"WebSite","@id":"https:\/\/inti.hr\/bs\/#website","url":"https:\/\/inti.hr\/bs\/","name":"Inti","description":"trgovina","potentialAction":[{"@type":"SearchAction","target":{"@type":"EntryPoint","urlTemplate":"https:\/\/inti.hr\/bs\/?s={search_term_string}"},"query-input":{"@type":"PropertyValueSpecification","valueRequired":true,"valueName":"search_term_string"}}],"inLanguage":"bs-BA"}]}},"jetpack_sharing_enabled":true,"jetpack-related-posts":[],"_links":{"self":[{"href":"https:\/\/inti.hr\/bs\/wp-json\/wp\/v2\/product\/37231"}],"collection":[{"href":"https:\/\/inti.hr\/bs\/wp-json\/wp\/v2\/product"}],"about":[{"href":"https:\/\/inti.hr\/bs\/wp-json\/wp\/v2\/types\/product"}],"wp:featuredmedia":[{"embeddable":true,"href":"https:\/\/inti.hr\/bs\/wp-json\/wp\/v2\/media\/37232"}],"wp:attachment":[{"href":"https:\/\/inti.hr\/bs\/wp-json\/wp\/v2\/media?parent=37231"}],"wp:term":[{"taxonomy":"product_cat","embeddable":true,"href":"https:\/\/inti.hr\/bs\/wp-json\/wp\/v2\/product_cat?post=37231"},{"taxonomy":"product_tag","embeddable":true,"href":"https:\/\/inti.hr\/bs\/wp-json\/wp\/v2\/product_tag?post=37231"}],"curies":[{"name":"wp","href":"https:\/\/api.w.org\/{rel}","templated":true}]}}