{"id":37235,"date":"2024-07-02T08:21:08","date_gmt":"2024-07-02T07:21:08","guid":{"rendered":"https:\/\/inti.hr\/product\/pomocni-stolic-40x40x60cm\/"},"modified":"2024-07-02T08:21:08","modified_gmt":"2024-07-02T07:21:08","slug":"pomocni-stolic-40x40x60cm","status":"publish","type":"product","link":"https:\/\/inti.hr\/bs\/proizvod\/pomocni-stolic-40x40x60cm\/","title":{"rendered":"Pomo\u0107ni stoli\u0107 40x40x60cm"},"content":{"rendered":"<p>Detalji o proizvodu:<\/p>\n<p>Te\u017eina: oko 13,1 kg.<br \/>\nTestirano za: 29 kg.<br \/>\nMaterijal: MDF(E1), akrilna boja.<br \/>\nMjere proizvoda: 40x40x60 cm (vidi sliku).<br \/>\nDimenzije paketa: 83x24x10 cm.<br \/>\nS uputama za sastavljanje i vijcima. Jednostavna instalacija.<\/p>\n","protected":false},"excerpt":{"rendered":"<p>Ako \u017eelite stabilan stoli\u0107 za kavu uz kau\u010d ili krevet, ovaj &#8230; <\/p>\n","protected":false},"featured_media":37236,"template":"","meta":[],"product_cat":[2418],"product_tag":[2672,3096],"yoast_head":"<!-- This site is optimized with the Yoast SEO plugin v23.7 - https:\/\/yoast.com\/wordpress\/plugins\/seo\/ -->\n<title>Pomo\u0107ni stoli\u0107 40x40x60cm - Inti<\/title>\n<meta name=\"description\" content=\"Ako \u017eelite stabilan stoli\u0107 za kavu uz kau\u010d ili krevet, ovaj stol je upravo ono \u0161to vam treba.Noge od filca ispod nogu stola smanjuju buku i \u0161tite pod za noge na dnu, pobolj\u0161avaju stabilnost no\u0107nog ormari\u0107a i sprje\u010davaju klizanje i \u0161tite pod od ogrebotina.Svojim jednostavnim izgledom diskretno se uklapaju u va\u0161 dekor i uvijek \u0107e ostaviti dobar dojam bilo u dnevnom boravku, spava\u0107oj sobi ili predsoblju.Mo\u017ee se koristiti kao stoli\u0107 za kavu, idealan za dnevni boravak, spava\u0107u sobu ili predsoblje. Savr\u0161eno za male sobe koje zauzimaju malo prostora.\" \/>\n<meta name=\"robots\" content=\"index, follow, max-snippet:-1, max-image-preview:large, max-video-preview:-1\" \/>\n<link rel=\"canonical\" href=\"https:\/\/inti.hr\/bs\/proizvod\/pomocni-stolic-40x40x60cm\/\" \/>\n<meta property=\"og:locale\" content=\"bs_BA\" \/>\n<meta property=\"og:type\" content=\"article\" \/>\n<meta property=\"og:title\" content=\"Pomo\u0107ni stoli\u0107 40x40x60cm - Inti\" \/>\n<meta property=\"og:description\" content=\"Ako \u017eelite stabilan stoli\u0107 za kavu uz kau\u010d ili krevet, ovaj stol je upravo ono \u0161to vam treba.Noge od filca ispod nogu stola smanjuju buku i \u0161tite pod za noge na dnu, pobolj\u0161avaju stabilnost no\u0107nog ormari\u0107a i sprje\u010davaju klizanje i \u0161tite pod od ogrebotina.Svojim jednostavnim izgledom diskretno se uklapaju u va\u0161 dekor i uvijek \u0107e ostaviti dobar dojam bilo u dnevnom boravku, spava\u0107oj sobi ili predsoblju.Mo\u017ee se koristiti kao stoli\u0107 za kavu, idealan za dnevni boravak, spava\u0107u sobu ili predsoblje. Savr\u0161eno za male sobe koje zauzimaju malo prostora.\" \/>\n<meta property=\"og:url\" content=\"https:\/\/inti.hr\/bs\/proizvod\/pomocni-stolic-40x40x60cm\/\" \/>\n<meta property=\"og:site_name\" content=\"Inti\" \/>\n<meta property=\"og:image\" content=\"https:\/\/i0.wp.com\/inti.hr\/wp-content\/uploads\/2024\/07\/FBT136-W-Y001_1800x1800.webp?fit=1600%2C1600&ssl=1\" \/>\n\t<meta property=\"og:image:width\" content=\"1600\" \/>\n\t<meta property=\"og:image:height\" content=\"1600\" \/>\n\t<meta property=\"og:image:type\" content=\"image\/webp\" \/>\n<meta name=\"twitter:card\" content=\"summary_large_image\" \/>\n<script type=\"application\/ld+json\" class=\"yoast-schema-graph\">{\"@context\":\"https:\/\/schema.org\",\"@graph\":[{\"@type\":\"WebPage\",\"@id\":\"https:\/\/inti.hr\/bs\/proizvod\/pomocni-stolic-40x40x60cm\/\",\"url\":\"https:\/\/inti.hr\/bs\/proizvod\/pomocni-stolic-40x40x60cm\/\",\"name\":\"Pomo\u0107ni stoli\u0107 40x40x60cm - Inti\",\"isPartOf\":{\"@id\":\"https:\/\/inti.hr\/bs\/#website\"},\"primaryImageOfPage\":{\"@id\":\"https:\/\/inti.hr\/bs\/proizvod\/pomocni-stolic-40x40x60cm\/#primaryimage\"},\"image\":{\"@id\":\"https:\/\/inti.hr\/bs\/proizvod\/pomocni-stolic-40x40x60cm\/#primaryimage\"},\"thumbnailUrl\":\"https:\/\/i0.wp.com\/inti.hr\/wp-content\/uploads\/2024\/07\/FBT136-W-Y001_1800x1800.webp?fit=1600%2C1600&ssl=1\",\"datePublished\":\"2024-07-02T07:21:08+00:00\",\"dateModified\":\"2024-07-02T07:21:08+00:00\",\"description\":\"Ako \u017eelite stabilan stoli\u0107 za kavu uz kau\u010d ili krevet, ovaj stol je upravo ono \u0161to vam treba.Noge od filca ispod nogu stola smanjuju buku i \u0161tite pod za noge na dnu, pobolj\u0161avaju stabilnost no\u0107nog ormari\u0107a i sprje\u010davaju klizanje i \u0161tite pod od ogrebotina.Svojim jednostavnim izgledom diskretno se uklapaju u va\u0161 dekor i uvijek \u0107e ostaviti dobar dojam bilo u dnevnom boravku, spava\u0107oj sobi ili predsoblju.Mo\u017ee se koristiti kao stoli\u0107 za kavu, idealan za dnevni boravak, spava\u0107u sobu ili predsoblje. Savr\u0161eno za male sobe koje zauzimaju malo prostora.\",\"breadcrumb\":{\"@id\":\"https:\/\/inti.hr\/bs\/proizvod\/pomocni-stolic-40x40x60cm\/#breadcrumb\"},\"inLanguage\":\"bs-BA\",\"potentialAction\":[{\"@type\":\"ReadAction\",\"target\":[\"https:\/\/inti.hr\/bs\/proizvod\/pomocni-stolic-40x40x60cm\/\"]}]},{\"@type\":\"ImageObject\",\"inLanguage\":\"bs-BA\",\"@id\":\"https:\/\/inti.hr\/bs\/proizvod\/pomocni-stolic-40x40x60cm\/#primaryimage\",\"url\":\"https:\/\/i0.wp.com\/inti.hr\/wp-content\/uploads\/2024\/07\/FBT136-W-Y001_1800x1800.webp?fit=1600%2C1600&ssl=1\",\"contentUrl\":\"https:\/\/i0.wp.com\/inti.hr\/wp-content\/uploads\/2024\/07\/FBT136-W-Y001_1800x1800.webp?fit=1600%2C1600&ssl=1\",\"width\":1600,\"height\":1600,\"caption\":\"Stol za kavu 40x40x60cm\"},{\"@type\":\"BreadcrumbList\",\"@id\":\"https:\/\/inti.hr\/bs\/proizvod\/pomocni-stolic-40x40x60cm\/#breadcrumb\",\"itemListElement\":[{\"@type\":\"ListItem\",\"position\":1,\"name\":\"Po\u010detna stranica\",\"item\":\"https:\/\/inti.hr\/bs\/\"},{\"@type\":\"ListItem\",\"position\":2,\"name\":\"Trgovina\",\"item\":\"https:\/\/inti.hr\/bs\/trgovina\/\"},{\"@type\":\"ListItem\",\"position\":3,\"name\":\"Pomo\u0107ni stoli\u0107 40x40x60cm\"}]},{\"@type\":\"WebSite\",\"@id\":\"https:\/\/inti.hr\/bs\/#website\",\"url\":\"https:\/\/inti.hr\/bs\/\",\"name\":\"Inti\",\"description\":\"trgovina\",\"potentialAction\":[{\"@type\":\"SearchAction\",\"target\":{\"@type\":\"EntryPoint\",\"urlTemplate\":\"https:\/\/inti.hr\/bs\/?s={search_term_string}\"},\"query-input\":{\"@type\":\"PropertyValueSpecification\",\"valueRequired\":true,\"valueName\":\"search_term_string\"}}],\"inLanguage\":\"bs-BA\"}]}<\/script>\n<!-- \/ Yoast SEO plugin. -->","yoast_head_json":{"title":"Pomo\u0107ni stoli\u0107 40x40x60cm - Inti","description":"Ako \u017eelite stabilan stoli\u0107 za kavu uz kau\u010d ili krevet, ovaj stol je upravo ono \u0161to vam treba.Noge od filca ispod nogu stola smanjuju buku i \u0161tite pod za noge na dnu, pobolj\u0161avaju stabilnost no\u0107nog ormari\u0107a i sprje\u010davaju klizanje i \u0161tite pod od ogrebotina.Svojim jednostavnim izgledom diskretno se uklapaju u va\u0161 dekor i uvijek \u0107e ostaviti dobar dojam bilo u dnevnom boravku, spava\u0107oj sobi ili predsoblju.Mo\u017ee se koristiti kao stoli\u0107 za kavu, idealan za dnevni boravak, spava\u0107u sobu ili predsoblje. Savr\u0161eno za male sobe koje zauzimaju malo prostora.","robots":{"index":"index","follow":"follow","max-snippet":"max-snippet:-1","max-image-preview":"max-image-preview:large","max-video-preview":"max-video-preview:-1"},"canonical":"https:\/\/inti.hr\/bs\/proizvod\/pomocni-stolic-40x40x60cm\/","og_locale":"bs_BA","og_type":"article","og_title":"Pomo\u0107ni stoli\u0107 40x40x60cm - Inti","og_description":"Ako \u017eelite stabilan stoli\u0107 za kavu uz kau\u010d ili krevet, ovaj stol je upravo ono \u0161to vam treba.Noge od filca ispod nogu stola smanjuju buku i \u0161tite pod za noge na dnu, pobolj\u0161avaju stabilnost no\u0107nog ormari\u0107a i sprje\u010davaju klizanje i \u0161tite pod od ogrebotina.Svojim jednostavnim izgledom diskretno se uklapaju u va\u0161 dekor i uvijek \u0107e ostaviti dobar dojam bilo u dnevnom boravku, spava\u0107oj sobi ili predsoblju.Mo\u017ee se koristiti kao stoli\u0107 za kavu, idealan za dnevni boravak, spava\u0107u sobu ili predsoblje. Savr\u0161eno za male sobe koje zauzimaju malo prostora.","og_url":"https:\/\/inti.hr\/bs\/proizvod\/pomocni-stolic-40x40x60cm\/","og_site_name":"Inti","og_image":[{"width":1600,"height":1600,"url":"https:\/\/i0.wp.com\/inti.hr\/wp-content\/uploads\/2024\/07\/FBT136-W-Y001_1800x1800.webp?fit=1600%2C1600&ssl=1","type":"image\/webp"}],"twitter_card":"summary_large_image","schema":{"@context":"https:\/\/schema.org","@graph":[{"@type":"WebPage","@id":"https:\/\/inti.hr\/bs\/proizvod\/pomocni-stolic-40x40x60cm\/","url":"https:\/\/inti.hr\/bs\/proizvod\/pomocni-stolic-40x40x60cm\/","name":"Pomo\u0107ni stoli\u0107 40x40x60cm - Inti","isPartOf":{"@id":"https:\/\/inti.hr\/bs\/#website"},"primaryImageOfPage":{"@id":"https:\/\/inti.hr\/bs\/proizvod\/pomocni-stolic-40x40x60cm\/#primaryimage"},"image":{"@id":"https:\/\/inti.hr\/bs\/proizvod\/pomocni-stolic-40x40x60cm\/#primaryimage"},"thumbnailUrl":"https:\/\/i0.wp.com\/inti.hr\/wp-content\/uploads\/2024\/07\/FBT136-W-Y001_1800x1800.webp?fit=1600%2C1600&ssl=1","datePublished":"2024-07-02T07:21:08+00:00","dateModified":"2024-07-02T07:21:08+00:00","description":"Ako \u017eelite stabilan stoli\u0107 za kavu uz kau\u010d ili krevet, ovaj stol je upravo ono \u0161to vam treba.Noge od filca ispod nogu stola smanjuju buku i \u0161tite pod za noge na dnu, pobolj\u0161avaju stabilnost no\u0107nog ormari\u0107a i sprje\u010davaju klizanje i \u0161tite pod od ogrebotina.Svojim jednostavnim izgledom diskretno se uklapaju u va\u0161 dekor i uvijek \u0107e ostaviti dobar dojam bilo u dnevnom boravku, spava\u0107oj sobi ili predsoblju.Mo\u017ee se koristiti kao stoli\u0107 za kavu, idealan za dnevni boravak, spava\u0107u sobu ili predsoblje. Savr\u0161eno za male sobe koje zauzimaju malo prostora.","breadcrumb":{"@id":"https:\/\/inti.hr\/bs\/proizvod\/pomocni-stolic-40x40x60cm\/#breadcrumb"},"inLanguage":"bs-BA","potentialAction":[{"@type":"ReadAction","target":["https:\/\/inti.hr\/bs\/proizvod\/pomocni-stolic-40x40x60cm\/"]}]},{"@type":"ImageObject","inLanguage":"bs-BA","@id":"https:\/\/inti.hr\/bs\/proizvod\/pomocni-stolic-40x40x60cm\/#primaryimage","url":"https:\/\/i0.wp.com\/inti.hr\/wp-content\/uploads\/2024\/07\/FBT136-W-Y001_1800x1800.webp?fit=1600%2C1600&ssl=1","contentUrl":"https:\/\/i0.wp.com\/inti.hr\/wp-content\/uploads\/2024\/07\/FBT136-W-Y001_1800x1800.webp?fit=1600%2C1600&ssl=1","width":1600,"height":1600,"caption":"Stol za kavu 40x40x60cm"},{"@type":"BreadcrumbList","@id":"https:\/\/inti.hr\/bs\/proizvod\/pomocni-stolic-40x40x60cm\/#breadcrumb","itemListElement":[{"@type":"ListItem","position":1,"name":"Po\u010detna stranica","item":"https:\/\/inti.hr\/bs\/"},{"@type":"ListItem","position":2,"name":"Trgovina","item":"https:\/\/inti.hr\/bs\/trgovina\/"},{"@type":"ListItem","position":3,"name":"Pomo\u0107ni stoli\u0107 40x40x60cm"}]},{"@type":"WebSite","@id":"https:\/\/inti.hr\/bs\/#website","url":"https:\/\/inti.hr\/bs\/","name":"Inti","description":"trgovina","potentialAction":[{"@type":"SearchAction","target":{"@type":"EntryPoint","urlTemplate":"https:\/\/inti.hr\/bs\/?s={search_term_string}"},"query-input":{"@type":"PropertyValueSpecification","valueRequired":true,"valueName":"search_term_string"}}],"inLanguage":"bs-BA"}]}},"jetpack_sharing_enabled":true,"jetpack-related-posts":[],"_links":{"self":[{"href":"https:\/\/inti.hr\/bs\/wp-json\/wp\/v2\/product\/37235"}],"collection":[{"href":"https:\/\/inti.hr\/bs\/wp-json\/wp\/v2\/product"}],"about":[{"href":"https:\/\/inti.hr\/bs\/wp-json\/wp\/v2\/types\/product"}],"wp:featuredmedia":[{"embeddable":true,"href":"https:\/\/inti.hr\/bs\/wp-json\/wp\/v2\/media\/37236"}],"wp:attachment":[{"href":"https:\/\/inti.hr\/bs\/wp-json\/wp\/v2\/media?parent=37235"}],"wp:term":[{"taxonomy":"product_cat","embeddable":true,"href":"https:\/\/inti.hr\/bs\/wp-json\/wp\/v2\/product_cat?post=37235"},{"taxonomy":"product_tag","embeddable":true,"href":"https:\/\/inti.hr\/bs\/wp-json\/wp\/v2\/product_tag?post=37235"}],"curies":[{"name":"wp","href":"https:\/\/api.w.org\/{rel}","templated":true}]}}