{"id":37239,"date":"2024-06-28T11:58:30","date_gmt":"2024-06-28T10:58:30","guid":{"rendered":"https:\/\/inti.hr\/product\/konzola-110x39x76cm\/"},"modified":"2024-06-28T11:58:30","modified_gmt":"2024-06-28T10:58:30","slug":"konzola-110x39x76cm","status":"publish","type":"product","link":"https:\/\/inti.hr\/bs\/proizvod\/konzola-110x39x76cm\/","title":{"rendered":"Konzola 110x39x76cm"},"content":{"rendered":"<p>Detalji o proizvodu:<\/p>\n<p>Te\u017eina: pribli\u017eno 13,8 kg<br \/>\nTestirano za: 75 kg<br \/>\nMaterijal: MDF(E1), \u017eeljezo<br \/>\nMjere proizvoda: 110x39x76 cm (vidi sliku)<br \/>\nDostava: u 1 paketu<br \/>\nDimenzije paketa: 118x44x11 cm<br \/>\nS uputama za sastavljanje i vijcima. Jednostavna instalacija.<\/p>\n","protected":false},"excerpt":{"rendered":"<p>Ovaj stol spoj je umjetni\u010dke inspiracije i industrijskog dizajna. Mo\u017ee poslu\u017eiti &#8230; <\/p>\n","protected":false},"featured_media":37240,"template":"","meta":[],"product_cat":[2418],"product_tag":[2444,2746],"yoast_head":"<!-- This site is optimized with the Yoast SEO plugin v23.7 - https:\/\/yoast.com\/wordpress\/plugins\/seo\/ -->\n<title>Konzola 110x39x76cm - Inti<\/title>\n<meta name=\"description\" content=\"Ovaj stol spoj je umjetni\u010dke inspiracije i industrijskog dizajna. Mo\u017ee poslu\u017eiti kao ukras za svaki dom ili ured.Dekorativna ili svestrana, ova tanka i uska konzola lako \u0107e prona\u0107i svoje mjesto u va\u0161em domu.Uz vintage drveni izgled i industrijski crni metalni dizajn, ova polica prikazuje \u0161arm retro stila koji se savr\u0161eno sla\u017ee s bilo kojom vrstom dekora.\" \/>\n<meta name=\"robots\" content=\"index, follow, max-snippet:-1, max-image-preview:large, max-video-preview:-1\" \/>\n<link rel=\"canonical\" href=\"https:\/\/inti.hr\/bs\/proizvod\/konzola-110x39x76cm\/\" \/>\n<meta property=\"og:locale\" content=\"bs_BA\" \/>\n<meta property=\"og:type\" content=\"article\" \/>\n<meta property=\"og:title\" content=\"Konzola 110x39x76cm - Inti\" \/>\n<meta property=\"og:description\" content=\"Ovaj stol spoj je umjetni\u010dke inspiracije i industrijskog dizajna. Mo\u017ee poslu\u017eiti kao ukras za svaki dom ili ured.Dekorativna ili svestrana, ova tanka i uska konzola lako \u0107e prona\u0107i svoje mjesto u va\u0161em domu.Uz vintage drveni izgled i industrijski crni metalni dizajn, ova polica prikazuje \u0161arm retro stila koji se savr\u0161eno sla\u017ee s bilo kojom vrstom dekora.\" \/>\n<meta property=\"og:url\" content=\"https:\/\/inti.hr\/bs\/proizvod\/konzola-110x39x76cm\/\" \/>\n<meta property=\"og:site_name\" content=\"Inti\" \/>\n<meta property=\"og:image\" content=\"https:\/\/i0.wp.com\/inti.hr\/wp-content\/uploads\/2024\/06\/FSB90-SCH-Y001_670x.webp?fit=670%2C670&ssl=1\" \/>\n\t<meta property=\"og:image:width\" content=\"670\" \/>\n\t<meta property=\"og:image:height\" content=\"670\" \/>\n\t<meta property=\"og:image:type\" content=\"image\/webp\" \/>\n<meta name=\"twitter:card\" content=\"summary_large_image\" \/>\n<script type=\"application\/ld+json\" class=\"yoast-schema-graph\">{\"@context\":\"https:\/\/schema.org\",\"@graph\":[{\"@type\":\"WebPage\",\"@id\":\"https:\/\/inti.hr\/bs\/proizvod\/konzola-110x39x76cm\/\",\"url\":\"https:\/\/inti.hr\/bs\/proizvod\/konzola-110x39x76cm\/\",\"name\":\"Konzola 110x39x76cm - Inti\",\"isPartOf\":{\"@id\":\"https:\/\/inti.hr\/bs\/#website\"},\"primaryImageOfPage\":{\"@id\":\"https:\/\/inti.hr\/bs\/proizvod\/konzola-110x39x76cm\/#primaryimage\"},\"image\":{\"@id\":\"https:\/\/inti.hr\/bs\/proizvod\/konzola-110x39x76cm\/#primaryimage\"},\"thumbnailUrl\":\"https:\/\/i0.wp.com\/inti.hr\/wp-content\/uploads\/2024\/06\/FSB90-SCH-Y001_670x.webp?fit=670%2C670&ssl=1\",\"datePublished\":\"2024-06-28T10:58:30+00:00\",\"dateModified\":\"2024-06-28T10:58:30+00:00\",\"description\":\"Ovaj stol spoj je umjetni\u010dke inspiracije i industrijskog dizajna. Mo\u017ee poslu\u017eiti kao ukras za svaki dom ili ured.Dekorativna ili svestrana, ova tanka i uska konzola lako \u0107e prona\u0107i svoje mjesto u va\u0161em domu.Uz vintage drveni izgled i industrijski crni metalni dizajn, ova polica prikazuje \u0161arm retro stila koji se savr\u0161eno sla\u017ee s bilo kojom vrstom dekora.\",\"breadcrumb\":{\"@id\":\"https:\/\/inti.hr\/bs\/proizvod\/konzola-110x39x76cm\/#breadcrumb\"},\"inLanguage\":\"bs-BA\",\"potentialAction\":[{\"@type\":\"ReadAction\",\"target\":[\"https:\/\/inti.hr\/bs\/proizvod\/konzola-110x39x76cm\/\"]}]},{\"@type\":\"ImageObject\",\"inLanguage\":\"bs-BA\",\"@id\":\"https:\/\/inti.hr\/bs\/proizvod\/konzola-110x39x76cm\/#primaryimage\",\"url\":\"https:\/\/i0.wp.com\/inti.hr\/wp-content\/uploads\/2024\/06\/FSB90-SCH-Y001_670x.webp?fit=670%2C670&ssl=1\",\"contentUrl\":\"https:\/\/i0.wp.com\/inti.hr\/wp-content\/uploads\/2024\/06\/FSB90-SCH-Y001_670x.webp?fit=670%2C670&ssl=1\",\"width\":670,\"height\":670,\"caption\":\"Konzola 110x39x76cm\"},{\"@type\":\"BreadcrumbList\",\"@id\":\"https:\/\/inti.hr\/bs\/proizvod\/konzola-110x39x76cm\/#breadcrumb\",\"itemListElement\":[{\"@type\":\"ListItem\",\"position\":1,\"name\":\"Po\u010detna stranica\",\"item\":\"https:\/\/inti.hr\/bs\/\"},{\"@type\":\"ListItem\",\"position\":2,\"name\":\"Trgovina\",\"item\":\"https:\/\/inti.hr\/bs\/trgovina\/\"},{\"@type\":\"ListItem\",\"position\":3,\"name\":\"Konzola 110x39x76cm\"}]},{\"@type\":\"WebSite\",\"@id\":\"https:\/\/inti.hr\/bs\/#website\",\"url\":\"https:\/\/inti.hr\/bs\/\",\"name\":\"Inti\",\"description\":\"trgovina\",\"potentialAction\":[{\"@type\":\"SearchAction\",\"target\":{\"@type\":\"EntryPoint\",\"urlTemplate\":\"https:\/\/inti.hr\/bs\/?s={search_term_string}\"},\"query-input\":{\"@type\":\"PropertyValueSpecification\",\"valueRequired\":true,\"valueName\":\"search_term_string\"}}],\"inLanguage\":\"bs-BA\"}]}<\/script>\n<!-- \/ Yoast SEO plugin. -->","yoast_head_json":{"title":"Konzola 110x39x76cm - Inti","description":"Ovaj stol spoj je umjetni\u010dke inspiracije i industrijskog dizajna. Mo\u017ee poslu\u017eiti kao ukras za svaki dom ili ured.Dekorativna ili svestrana, ova tanka i uska konzola lako \u0107e prona\u0107i svoje mjesto u va\u0161em domu.Uz vintage drveni izgled i industrijski crni metalni dizajn, ova polica prikazuje \u0161arm retro stila koji se savr\u0161eno sla\u017ee s bilo kojom vrstom dekora.","robots":{"index":"index","follow":"follow","max-snippet":"max-snippet:-1","max-image-preview":"max-image-preview:large","max-video-preview":"max-video-preview:-1"},"canonical":"https:\/\/inti.hr\/bs\/proizvod\/konzola-110x39x76cm\/","og_locale":"bs_BA","og_type":"article","og_title":"Konzola 110x39x76cm - Inti","og_description":"Ovaj stol spoj je umjetni\u010dke inspiracije i industrijskog dizajna. Mo\u017ee poslu\u017eiti kao ukras za svaki dom ili ured.Dekorativna ili svestrana, ova tanka i uska konzola lako \u0107e prona\u0107i svoje mjesto u va\u0161em domu.Uz vintage drveni izgled i industrijski crni metalni dizajn, ova polica prikazuje \u0161arm retro stila koji se savr\u0161eno sla\u017ee s bilo kojom vrstom dekora.","og_url":"https:\/\/inti.hr\/bs\/proizvod\/konzola-110x39x76cm\/","og_site_name":"Inti","og_image":[{"width":670,"height":670,"url":"https:\/\/i0.wp.com\/inti.hr\/wp-content\/uploads\/2024\/06\/FSB90-SCH-Y001_670x.webp?fit=670%2C670&ssl=1","type":"image\/webp"}],"twitter_card":"summary_large_image","schema":{"@context":"https:\/\/schema.org","@graph":[{"@type":"WebPage","@id":"https:\/\/inti.hr\/bs\/proizvod\/konzola-110x39x76cm\/","url":"https:\/\/inti.hr\/bs\/proizvod\/konzola-110x39x76cm\/","name":"Konzola 110x39x76cm - Inti","isPartOf":{"@id":"https:\/\/inti.hr\/bs\/#website"},"primaryImageOfPage":{"@id":"https:\/\/inti.hr\/bs\/proizvod\/konzola-110x39x76cm\/#primaryimage"},"image":{"@id":"https:\/\/inti.hr\/bs\/proizvod\/konzola-110x39x76cm\/#primaryimage"},"thumbnailUrl":"https:\/\/i0.wp.com\/inti.hr\/wp-content\/uploads\/2024\/06\/FSB90-SCH-Y001_670x.webp?fit=670%2C670&ssl=1","datePublished":"2024-06-28T10:58:30+00:00","dateModified":"2024-06-28T10:58:30+00:00","description":"Ovaj stol spoj je umjetni\u010dke inspiracije i industrijskog dizajna. Mo\u017ee poslu\u017eiti kao ukras za svaki dom ili ured.Dekorativna ili svestrana, ova tanka i uska konzola lako \u0107e prona\u0107i svoje mjesto u va\u0161em domu.Uz vintage drveni izgled i industrijski crni metalni dizajn, ova polica prikazuje \u0161arm retro stila koji se savr\u0161eno sla\u017ee s bilo kojom vrstom dekora.","breadcrumb":{"@id":"https:\/\/inti.hr\/bs\/proizvod\/konzola-110x39x76cm\/#breadcrumb"},"inLanguage":"bs-BA","potentialAction":[{"@type":"ReadAction","target":["https:\/\/inti.hr\/bs\/proizvod\/konzola-110x39x76cm\/"]}]},{"@type":"ImageObject","inLanguage":"bs-BA","@id":"https:\/\/inti.hr\/bs\/proizvod\/konzola-110x39x76cm\/#primaryimage","url":"https:\/\/i0.wp.com\/inti.hr\/wp-content\/uploads\/2024\/06\/FSB90-SCH-Y001_670x.webp?fit=670%2C670&ssl=1","contentUrl":"https:\/\/i0.wp.com\/inti.hr\/wp-content\/uploads\/2024\/06\/FSB90-SCH-Y001_670x.webp?fit=670%2C670&ssl=1","width":670,"height":670,"caption":"Konzola 110x39x76cm"},{"@type":"BreadcrumbList","@id":"https:\/\/inti.hr\/bs\/proizvod\/konzola-110x39x76cm\/#breadcrumb","itemListElement":[{"@type":"ListItem","position":1,"name":"Po\u010detna stranica","item":"https:\/\/inti.hr\/bs\/"},{"@type":"ListItem","position":2,"name":"Trgovina","item":"https:\/\/inti.hr\/bs\/trgovina\/"},{"@type":"ListItem","position":3,"name":"Konzola 110x39x76cm"}]},{"@type":"WebSite","@id":"https:\/\/inti.hr\/bs\/#website","url":"https:\/\/inti.hr\/bs\/","name":"Inti","description":"trgovina","potentialAction":[{"@type":"SearchAction","target":{"@type":"EntryPoint","urlTemplate":"https:\/\/inti.hr\/bs\/?s={search_term_string}"},"query-input":{"@type":"PropertyValueSpecification","valueRequired":true,"valueName":"search_term_string"}}],"inLanguage":"bs-BA"}]}},"jetpack_sharing_enabled":true,"jetpack-related-posts":[],"_links":{"self":[{"href":"https:\/\/inti.hr\/bs\/wp-json\/wp\/v2\/product\/37239"}],"collection":[{"href":"https:\/\/inti.hr\/bs\/wp-json\/wp\/v2\/product"}],"about":[{"href":"https:\/\/inti.hr\/bs\/wp-json\/wp\/v2\/types\/product"}],"wp:featuredmedia":[{"embeddable":true,"href":"https:\/\/inti.hr\/bs\/wp-json\/wp\/v2\/media\/37240"}],"wp:attachment":[{"href":"https:\/\/inti.hr\/bs\/wp-json\/wp\/v2\/media?parent=37239"}],"wp:term":[{"taxonomy":"product_cat","embeddable":true,"href":"https:\/\/inti.hr\/bs\/wp-json\/wp\/v2\/product_cat?post=37239"},{"taxonomy":"product_tag","embeddable":true,"href":"https:\/\/inti.hr\/bs\/wp-json\/wp\/v2\/product_tag?post=37239"}],"curies":[{"name":"wp","href":"https:\/\/api.w.org\/{rel}","templated":true}]}}