{"id":37243,"date":"2024-06-28T11:54:22","date_gmt":"2024-06-28T10:54:22","guid":{"rendered":"https:\/\/inti.hr\/product\/zidna-polica-38x17x75cm\/"},"modified":"2024-06-28T11:54:22","modified_gmt":"2024-06-28T10:54:22","slug":"zidna-polica-38x17x75cm","status":"publish","type":"product","link":"https:\/\/inti.hr\/bs\/proizvod\/zidna-polica-38x17x75cm\/","title":{"rendered":"Zidna polica 38x17x75cm"},"content":{"rendered":"<p>Detalji o proizvodu:<\/p>\n<p>Te\u017eina: oko 4,7 kg.<br \/>\nTestirano za: 19 kg.<br \/>\nMaterijal: PB(E1), \u017eeljezo.<br \/>\nMjere proizvoda: 38x17x75 cm (vidi sliku).<br \/>\nDimenzije paketa: 83x24x10 cm.<br \/>\nS uputama za sastavljanje i vijcima. Jednostavna instalacija.<\/p>\n","protected":false},"excerpt":{"rendered":"<p>Ako vas jo\u0161 uvijek brine nedostatak prostora, ovaj jednostavan i elegantan &#8230; <\/p>\n","protected":false},"featured_media":37244,"template":"","meta":[],"product_cat":[2536],"product_tag":[2537,2748],"yoast_head":"<!-- This site is optimized with the Yoast SEO plugin v23.7 - https:\/\/yoast.com\/wordpress\/plugins\/seo\/ -->\n<title>Zidna polica 38x17x75cm - Inti<\/title>\n<meta name=\"description\" content=\"Ako vas jo\u0161 uvijek brine nedostatak prostora, ovaj jednostavan i elegantan komad namje\u0161taja je prava stvar za vas!Mo\u017ee se brzo sastaviti bez potrebe za bu\u0161enjem ili kori\u0161tenjem vijaka, a uklanjanje je jednako jednostavno.4 police pru\u017eaju vam raznovrstan prostor za va\u0161 pribor i druge sitnice. Prakti\u010dan za kori\u0161tenje s 4 police nudi dovoljno prostora i \u010dini va\u0161u kuhinju urednom.\" \/>\n<meta name=\"robots\" content=\"index, follow, max-snippet:-1, max-image-preview:large, max-video-preview:-1\" \/>\n<link rel=\"canonical\" href=\"https:\/\/inti.hr\/bs\/proizvod\/zidna-polica-38x17x75cm\/\" \/>\n<meta property=\"og:locale\" content=\"bs_BA\" \/>\n<meta property=\"og:type\" content=\"article\" \/>\n<meta property=\"og:title\" content=\"Zidna polica 38x17x75cm - Inti\" \/>\n<meta property=\"og:description\" content=\"Ako vas jo\u0161 uvijek brine nedostatak prostora, ovaj jednostavan i elegantan komad namje\u0161taja je prava stvar za vas!Mo\u017ee se brzo sastaviti bez potrebe za bu\u0161enjem ili kori\u0161tenjem vijaka, a uklanjanje je jednako jednostavno.4 police pru\u017eaju vam raznovrstan prostor za va\u0161 pribor i druge sitnice. Prakti\u010dan za kori\u0161tenje s 4 police nudi dovoljno prostora i \u010dini va\u0161u kuhinju urednom.\" \/>\n<meta property=\"og:url\" content=\"https:\/\/inti.hr\/bs\/proizvod\/zidna-polica-38x17x75cm\/\" \/>\n<meta property=\"og:site_name\" content=\"Inti\" \/>\n<meta property=\"og:image\" content=\"https:\/\/i0.wp.com\/inti.hr\/wp-content\/uploads\/2024\/06\/KCR12-N-Y003_1800x1800.webp?fit=1600%2C1600&ssl=1\" \/>\n\t<meta property=\"og:image:width\" content=\"1600\" \/>\n\t<meta property=\"og:image:height\" content=\"1600\" \/>\n\t<meta property=\"og:image:type\" content=\"image\/webp\" \/>\n<meta name=\"twitter:card\" content=\"summary_large_image\" \/>\n<script type=\"application\/ld+json\" class=\"yoast-schema-graph\">{\"@context\":\"https:\/\/schema.org\",\"@graph\":[{\"@type\":\"WebPage\",\"@id\":\"https:\/\/inti.hr\/bs\/proizvod\/zidna-polica-38x17x75cm\/\",\"url\":\"https:\/\/inti.hr\/bs\/proizvod\/zidna-polica-38x17x75cm\/\",\"name\":\"Zidna polica 38x17x75cm - Inti\",\"isPartOf\":{\"@id\":\"https:\/\/inti.hr\/bs\/#website\"},\"primaryImageOfPage\":{\"@id\":\"https:\/\/inti.hr\/bs\/proizvod\/zidna-polica-38x17x75cm\/#primaryimage\"},\"image\":{\"@id\":\"https:\/\/inti.hr\/bs\/proizvod\/zidna-polica-38x17x75cm\/#primaryimage\"},\"thumbnailUrl\":\"https:\/\/i0.wp.com\/inti.hr\/wp-content\/uploads\/2024\/06\/KCR12-N-Y003_1800x1800.webp?fit=1600%2C1600&ssl=1\",\"datePublished\":\"2024-06-28T10:54:22+00:00\",\"dateModified\":\"2024-06-28T10:54:22+00:00\",\"description\":\"Ako vas jo\u0161 uvijek brine nedostatak prostora, ovaj jednostavan i elegantan komad namje\u0161taja je prava stvar za vas!Mo\u017ee se brzo sastaviti bez potrebe za bu\u0161enjem ili kori\u0161tenjem vijaka, a uklanjanje je jednako jednostavno.4 police pru\u017eaju vam raznovrstan prostor za va\u0161 pribor i druge sitnice. Prakti\u010dan za kori\u0161tenje s 4 police nudi dovoljno prostora i \u010dini va\u0161u kuhinju urednom.\",\"breadcrumb\":{\"@id\":\"https:\/\/inti.hr\/bs\/proizvod\/zidna-polica-38x17x75cm\/#breadcrumb\"},\"inLanguage\":\"bs-BA\",\"potentialAction\":[{\"@type\":\"ReadAction\",\"target\":[\"https:\/\/inti.hr\/bs\/proizvod\/zidna-polica-38x17x75cm\/\"]}]},{\"@type\":\"ImageObject\",\"inLanguage\":\"bs-BA\",\"@id\":\"https:\/\/inti.hr\/bs\/proizvod\/zidna-polica-38x17x75cm\/#primaryimage\",\"url\":\"https:\/\/i0.wp.com\/inti.hr\/wp-content\/uploads\/2024\/06\/KCR12-N-Y003_1800x1800.webp?fit=1600%2C1600&ssl=1\",\"contentUrl\":\"https:\/\/i0.wp.com\/inti.hr\/wp-content\/uploads\/2024\/06\/KCR12-N-Y003_1800x1800.webp?fit=1600%2C1600&ssl=1\",\"width\":1600,\"height\":1600,\"caption\":\"Zidna polica 38x17x75cm KCR12-N\"},{\"@type\":\"BreadcrumbList\",\"@id\":\"https:\/\/inti.hr\/bs\/proizvod\/zidna-polica-38x17x75cm\/#breadcrumb\",\"itemListElement\":[{\"@type\":\"ListItem\",\"position\":1,\"name\":\"Po\u010detna stranica\",\"item\":\"https:\/\/inti.hr\/bs\/\"},{\"@type\":\"ListItem\",\"position\":2,\"name\":\"Trgovina\",\"item\":\"https:\/\/inti.hr\/bs\/trgovina\/\"},{\"@type\":\"ListItem\",\"position\":3,\"name\":\"Zidna polica 38x17x75cm\"}]},{\"@type\":\"WebSite\",\"@id\":\"https:\/\/inti.hr\/bs\/#website\",\"url\":\"https:\/\/inti.hr\/bs\/\",\"name\":\"Inti\",\"description\":\"trgovina\",\"potentialAction\":[{\"@type\":\"SearchAction\",\"target\":{\"@type\":\"EntryPoint\",\"urlTemplate\":\"https:\/\/inti.hr\/bs\/?s={search_term_string}\"},\"query-input\":{\"@type\":\"PropertyValueSpecification\",\"valueRequired\":true,\"valueName\":\"search_term_string\"}}],\"inLanguage\":\"bs-BA\"}]}<\/script>\n<!-- \/ Yoast SEO plugin. -->","yoast_head_json":{"title":"Zidna polica 38x17x75cm - Inti","description":"Ako vas jo\u0161 uvijek brine nedostatak prostora, ovaj jednostavan i elegantan komad namje\u0161taja je prava stvar za vas!Mo\u017ee se brzo sastaviti bez potrebe za bu\u0161enjem ili kori\u0161tenjem vijaka, a uklanjanje je jednako jednostavno.4 police pru\u017eaju vam raznovrstan prostor za va\u0161 pribor i druge sitnice. Prakti\u010dan za kori\u0161tenje s 4 police nudi dovoljno prostora i \u010dini va\u0161u kuhinju urednom.","robots":{"index":"index","follow":"follow","max-snippet":"max-snippet:-1","max-image-preview":"max-image-preview:large","max-video-preview":"max-video-preview:-1"},"canonical":"https:\/\/inti.hr\/bs\/proizvod\/zidna-polica-38x17x75cm\/","og_locale":"bs_BA","og_type":"article","og_title":"Zidna polica 38x17x75cm - Inti","og_description":"Ako vas jo\u0161 uvijek brine nedostatak prostora, ovaj jednostavan i elegantan komad namje\u0161taja je prava stvar za vas!Mo\u017ee se brzo sastaviti bez potrebe za bu\u0161enjem ili kori\u0161tenjem vijaka, a uklanjanje je jednako jednostavno.4 police pru\u017eaju vam raznovrstan prostor za va\u0161 pribor i druge sitnice. Prakti\u010dan za kori\u0161tenje s 4 police nudi dovoljno prostora i \u010dini va\u0161u kuhinju urednom.","og_url":"https:\/\/inti.hr\/bs\/proizvod\/zidna-polica-38x17x75cm\/","og_site_name":"Inti","og_image":[{"width":1600,"height":1600,"url":"https:\/\/i0.wp.com\/inti.hr\/wp-content\/uploads\/2024\/06\/KCR12-N-Y003_1800x1800.webp?fit=1600%2C1600&ssl=1","type":"image\/webp"}],"twitter_card":"summary_large_image","schema":{"@context":"https:\/\/schema.org","@graph":[{"@type":"WebPage","@id":"https:\/\/inti.hr\/bs\/proizvod\/zidna-polica-38x17x75cm\/","url":"https:\/\/inti.hr\/bs\/proizvod\/zidna-polica-38x17x75cm\/","name":"Zidna polica 38x17x75cm - Inti","isPartOf":{"@id":"https:\/\/inti.hr\/bs\/#website"},"primaryImageOfPage":{"@id":"https:\/\/inti.hr\/bs\/proizvod\/zidna-polica-38x17x75cm\/#primaryimage"},"image":{"@id":"https:\/\/inti.hr\/bs\/proizvod\/zidna-polica-38x17x75cm\/#primaryimage"},"thumbnailUrl":"https:\/\/i0.wp.com\/inti.hr\/wp-content\/uploads\/2024\/06\/KCR12-N-Y003_1800x1800.webp?fit=1600%2C1600&ssl=1","datePublished":"2024-06-28T10:54:22+00:00","dateModified":"2024-06-28T10:54:22+00:00","description":"Ako vas jo\u0161 uvijek brine nedostatak prostora, ovaj jednostavan i elegantan komad namje\u0161taja je prava stvar za vas!Mo\u017ee se brzo sastaviti bez potrebe za bu\u0161enjem ili kori\u0161tenjem vijaka, a uklanjanje je jednako jednostavno.4 police pru\u017eaju vam raznovrstan prostor za va\u0161 pribor i druge sitnice. Prakti\u010dan za kori\u0161tenje s 4 police nudi dovoljno prostora i \u010dini va\u0161u kuhinju urednom.","breadcrumb":{"@id":"https:\/\/inti.hr\/bs\/proizvod\/zidna-polica-38x17x75cm\/#breadcrumb"},"inLanguage":"bs-BA","potentialAction":[{"@type":"ReadAction","target":["https:\/\/inti.hr\/bs\/proizvod\/zidna-polica-38x17x75cm\/"]}]},{"@type":"ImageObject","inLanguage":"bs-BA","@id":"https:\/\/inti.hr\/bs\/proizvod\/zidna-polica-38x17x75cm\/#primaryimage","url":"https:\/\/i0.wp.com\/inti.hr\/wp-content\/uploads\/2024\/06\/KCR12-N-Y003_1800x1800.webp?fit=1600%2C1600&ssl=1","contentUrl":"https:\/\/i0.wp.com\/inti.hr\/wp-content\/uploads\/2024\/06\/KCR12-N-Y003_1800x1800.webp?fit=1600%2C1600&ssl=1","width":1600,"height":1600,"caption":"Zidna polica 38x17x75cm KCR12-N"},{"@type":"BreadcrumbList","@id":"https:\/\/inti.hr\/bs\/proizvod\/zidna-polica-38x17x75cm\/#breadcrumb","itemListElement":[{"@type":"ListItem","position":1,"name":"Po\u010detna stranica","item":"https:\/\/inti.hr\/bs\/"},{"@type":"ListItem","position":2,"name":"Trgovina","item":"https:\/\/inti.hr\/bs\/trgovina\/"},{"@type":"ListItem","position":3,"name":"Zidna polica 38x17x75cm"}]},{"@type":"WebSite","@id":"https:\/\/inti.hr\/bs\/#website","url":"https:\/\/inti.hr\/bs\/","name":"Inti","description":"trgovina","potentialAction":[{"@type":"SearchAction","target":{"@type":"EntryPoint","urlTemplate":"https:\/\/inti.hr\/bs\/?s={search_term_string}"},"query-input":{"@type":"PropertyValueSpecification","valueRequired":true,"valueName":"search_term_string"}}],"inLanguage":"bs-BA"}]}},"jetpack_sharing_enabled":true,"jetpack-related-posts":[],"_links":{"self":[{"href":"https:\/\/inti.hr\/bs\/wp-json\/wp\/v2\/product\/37243"}],"collection":[{"href":"https:\/\/inti.hr\/bs\/wp-json\/wp\/v2\/product"}],"about":[{"href":"https:\/\/inti.hr\/bs\/wp-json\/wp\/v2\/types\/product"}],"wp:featuredmedia":[{"embeddable":true,"href":"https:\/\/inti.hr\/bs\/wp-json\/wp\/v2\/media\/37244"}],"wp:attachment":[{"href":"https:\/\/inti.hr\/bs\/wp-json\/wp\/v2\/media?parent=37243"}],"wp:term":[{"taxonomy":"product_cat","embeddable":true,"href":"https:\/\/inti.hr\/bs\/wp-json\/wp\/v2\/product_cat?post=37243"},{"taxonomy":"product_tag","embeddable":true,"href":"https:\/\/inti.hr\/bs\/wp-json\/wp\/v2\/product_tag?post=37243"}],"curies":[{"name":"wp","href":"https:\/\/api.w.org\/{rel}","templated":true}]}}