{"id":37247,"date":"2024-06-28T11:34:09","date_gmt":"2024-06-28T10:34:09","guid":{"rendered":"https:\/\/inti.hr\/product\/stol-za-kavu-70x35x60cm\/"},"modified":"2024-06-28T11:34:09","modified_gmt":"2024-06-28T10:34:09","slug":"stol-za-kavu-70x35x60cm","status":"publish","type":"product","link":"https:\/\/inti.hr\/bs\/proizvod\/stol-za-kavu-70x35x60cm\/","title":{"rendered":"Stol za kavu 70x35x60cm"},"content":{"rendered":"<p>Detalji o proizvodu:<\/p>\n<p>Te\u017eina: oko 17,25 kg.<br \/>\nTestirano za: 48 kg.<br \/>\nMaterijal: MDF(E1), drvo, akrilna boja.<br \/>\nMjere proizvoda: 70x35x60 cm (vidi sliku).<br \/>\nMjere pakiranja: 81,5&#215;56,5&#215;13 cm.<br \/>\nS uputama za sastavljanje i vijcima. Jednostavna instalacija.<\/p>\n","protected":false},"excerpt":{"rendered":"<p>Funkcionalni pomo\u0107ni stol nudi idealno mjesto za pohranu \u010dasopisa, knjiga, daljinskih &#8230; <\/p>\n","protected":false},"featured_media":37248,"template":"","meta":[],"product_cat":[2418],"product_tag":[2444,3864],"yoast_head":"<!-- This site is optimized with the Yoast SEO plugin v23.7 - https:\/\/yoast.com\/wordpress\/plugins\/seo\/ -->\n<title>Stol za kavu 70x35x60cm - Inti<\/title>\n<meta name=\"description\" content=\"Funkcionalni pomo\u0107ni stol nudi idealno mjesto za pohranu \u010dasopisa, knjiga, daljinskih upravlja\u010da i ostalih dodataka.Mo\u017ee se koristiti kao ulazni stoli\u0107 u hodniku, kao stoli\u0107 na razvla\u010denje u dnevnoj sobi ili kao TV stalak u spava\u0107oj sobi. Dajte svom domu moderan i sofisticiran dizajn.Stoli\u0107 je izra\u0111en od visokokvalitetnog PB (E1) sa poliranom i poliranom povr\u0161inom, glatkom i lakom za \u010di\u0161\u0107enje i odr\u017eavanje.Ovaj stoli\u0107 za kavu savr\u0161en je za integraciju s ostalim namje\u0161tajem u ku\u0107i.\" \/>\n<meta name=\"robots\" content=\"index, follow, max-snippet:-1, max-image-preview:large, max-video-preview:-1\" \/>\n<link rel=\"canonical\" href=\"https:\/\/inti.hr\/bs\/proizvod\/stol-za-kavu-70x35x60cm\/\" \/>\n<meta property=\"og:locale\" content=\"bs_BA\" \/>\n<meta property=\"og:type\" content=\"article\" \/>\n<meta property=\"og:title\" content=\"Stol za kavu 70x35x60cm - Inti\" \/>\n<meta property=\"og:description\" content=\"Funkcionalni pomo\u0107ni stol nudi idealno mjesto za pohranu \u010dasopisa, knjiga, daljinskih upravlja\u010da i ostalih dodataka.Mo\u017ee se koristiti kao ulazni stoli\u0107 u hodniku, kao stoli\u0107 na razvla\u010denje u dnevnoj sobi ili kao TV stalak u spava\u0107oj sobi. Dajte svom domu moderan i sofisticiran dizajn.Stoli\u0107 je izra\u0111en od visokokvalitetnog PB (E1) sa poliranom i poliranom povr\u0161inom, glatkom i lakom za \u010di\u0161\u0107enje i odr\u017eavanje.Ovaj stoli\u0107 za kavu savr\u0161en je za integraciju s ostalim namje\u0161tajem u ku\u0107i.\" \/>\n<meta property=\"og:url\" content=\"https:\/\/inti.hr\/bs\/proizvod\/stol-za-kavu-70x35x60cm\/\" \/>\n<meta property=\"og:site_name\" content=\"Inti\" \/>\n<meta property=\"og:image\" content=\"https:\/\/i0.wp.com\/inti.hr\/wp-content\/uploads\/2024\/06\/FBT135-W-Y003_670x.webp?fit=670%2C670&ssl=1\" \/>\n\t<meta property=\"og:image:width\" content=\"670\" \/>\n\t<meta property=\"og:image:height\" content=\"670\" \/>\n\t<meta property=\"og:image:type\" content=\"image\/webp\" \/>\n<meta name=\"twitter:card\" content=\"summary_large_image\" \/>\n<meta name=\"twitter:label1\" content=\"Est. reading time\" \/>\n\t<meta name=\"twitter:data1\" content=\"1 minuta\" \/>\n<script type=\"application\/ld+json\" class=\"yoast-schema-graph\">{\"@context\":\"https:\/\/schema.org\",\"@graph\":[{\"@type\":\"WebPage\",\"@id\":\"https:\/\/inti.hr\/bs\/proizvod\/stol-za-kavu-70x35x60cm\/\",\"url\":\"https:\/\/inti.hr\/bs\/proizvod\/stol-za-kavu-70x35x60cm\/\",\"name\":\"Stol za kavu 70x35x60cm - Inti\",\"isPartOf\":{\"@id\":\"https:\/\/inti.hr\/bs\/#website\"},\"primaryImageOfPage\":{\"@id\":\"https:\/\/inti.hr\/bs\/proizvod\/stol-za-kavu-70x35x60cm\/#primaryimage\"},\"image\":{\"@id\":\"https:\/\/inti.hr\/bs\/proizvod\/stol-za-kavu-70x35x60cm\/#primaryimage\"},\"thumbnailUrl\":\"https:\/\/i0.wp.com\/inti.hr\/wp-content\/uploads\/2024\/06\/FBT135-W-Y003_670x.webp?fit=670%2C670&ssl=1\",\"datePublished\":\"2024-06-28T10:34:09+00:00\",\"dateModified\":\"2024-06-28T10:34:09+00:00\",\"description\":\"Funkcionalni pomo\u0107ni stol nudi idealno mjesto za pohranu \u010dasopisa, knjiga, daljinskih upravlja\u010da i ostalih dodataka.Mo\u017ee se koristiti kao ulazni stoli\u0107 u hodniku, kao stoli\u0107 na razvla\u010denje u dnevnoj sobi ili kao TV stalak u spava\u0107oj sobi. Dajte svom domu moderan i sofisticiran dizajn.Stoli\u0107 je izra\u0111en od visokokvalitetnog PB (E1) sa poliranom i poliranom povr\u0161inom, glatkom i lakom za \u010di\u0161\u0107enje i odr\u017eavanje.Ovaj stoli\u0107 za kavu savr\u0161en je za integraciju s ostalim namje\u0161tajem u ku\u0107i.\",\"breadcrumb\":{\"@id\":\"https:\/\/inti.hr\/bs\/proizvod\/stol-za-kavu-70x35x60cm\/#breadcrumb\"},\"inLanguage\":\"bs-BA\",\"potentialAction\":[{\"@type\":\"ReadAction\",\"target\":[\"https:\/\/inti.hr\/bs\/proizvod\/stol-za-kavu-70x35x60cm\/\"]}]},{\"@type\":\"ImageObject\",\"inLanguage\":\"bs-BA\",\"@id\":\"https:\/\/inti.hr\/bs\/proizvod\/stol-za-kavu-70x35x60cm\/#primaryimage\",\"url\":\"https:\/\/i0.wp.com\/inti.hr\/wp-content\/uploads\/2024\/06\/FBT135-W-Y003_670x.webp?fit=670%2C670&ssl=1\",\"contentUrl\":\"https:\/\/i0.wp.com\/inti.hr\/wp-content\/uploads\/2024\/06\/FBT135-W-Y003_670x.webp?fit=670%2C670&ssl=1\",\"width\":670,\"height\":670,\"caption\":\"Stol za kavu 70x35x60c\"},{\"@type\":\"BreadcrumbList\",\"@id\":\"https:\/\/inti.hr\/bs\/proizvod\/stol-za-kavu-70x35x60cm\/#breadcrumb\",\"itemListElement\":[{\"@type\":\"ListItem\",\"position\":1,\"name\":\"Po\u010detna stranica\",\"item\":\"https:\/\/inti.hr\/bs\/\"},{\"@type\":\"ListItem\",\"position\":2,\"name\":\"Trgovina\",\"item\":\"https:\/\/inti.hr\/bs\/trgovina\/\"},{\"@type\":\"ListItem\",\"position\":3,\"name\":\"Stol za kavu 70x35x60cm\"}]},{\"@type\":\"WebSite\",\"@id\":\"https:\/\/inti.hr\/bs\/#website\",\"url\":\"https:\/\/inti.hr\/bs\/\",\"name\":\"Inti\",\"description\":\"trgovina\",\"potentialAction\":[{\"@type\":\"SearchAction\",\"target\":{\"@type\":\"EntryPoint\",\"urlTemplate\":\"https:\/\/inti.hr\/bs\/?s={search_term_string}\"},\"query-input\":{\"@type\":\"PropertyValueSpecification\",\"valueRequired\":true,\"valueName\":\"search_term_string\"}}],\"inLanguage\":\"bs-BA\"}]}<\/script>\n<!-- \/ Yoast SEO plugin. -->","yoast_head_json":{"title":"Stol za kavu 70x35x60cm - Inti","description":"Funkcionalni pomo\u0107ni stol nudi idealno mjesto za pohranu \u010dasopisa, knjiga, daljinskih upravlja\u010da i ostalih dodataka.Mo\u017ee se koristiti kao ulazni stoli\u0107 u hodniku, kao stoli\u0107 na razvla\u010denje u dnevnoj sobi ili kao TV stalak u spava\u0107oj sobi. Dajte svom domu moderan i sofisticiran dizajn.Stoli\u0107 je izra\u0111en od visokokvalitetnog PB (E1) sa poliranom i poliranom povr\u0161inom, glatkom i lakom za \u010di\u0161\u0107enje i odr\u017eavanje.Ovaj stoli\u0107 za kavu savr\u0161en je za integraciju s ostalim namje\u0161tajem u ku\u0107i.","robots":{"index":"index","follow":"follow","max-snippet":"max-snippet:-1","max-image-preview":"max-image-preview:large","max-video-preview":"max-video-preview:-1"},"canonical":"https:\/\/inti.hr\/bs\/proizvod\/stol-za-kavu-70x35x60cm\/","og_locale":"bs_BA","og_type":"article","og_title":"Stol za kavu 70x35x60cm - Inti","og_description":"Funkcionalni pomo\u0107ni stol nudi idealno mjesto za pohranu \u010dasopisa, knjiga, daljinskih upravlja\u010da i ostalih dodataka.Mo\u017ee se koristiti kao ulazni stoli\u0107 u hodniku, kao stoli\u0107 na razvla\u010denje u dnevnoj sobi ili kao TV stalak u spava\u0107oj sobi. Dajte svom domu moderan i sofisticiran dizajn.Stoli\u0107 je izra\u0111en od visokokvalitetnog PB (E1) sa poliranom i poliranom povr\u0161inom, glatkom i lakom za \u010di\u0161\u0107enje i odr\u017eavanje.Ovaj stoli\u0107 za kavu savr\u0161en je za integraciju s ostalim namje\u0161tajem u ku\u0107i.","og_url":"https:\/\/inti.hr\/bs\/proizvod\/stol-za-kavu-70x35x60cm\/","og_site_name":"Inti","og_image":[{"width":670,"height":670,"url":"https:\/\/i0.wp.com\/inti.hr\/wp-content\/uploads\/2024\/06\/FBT135-W-Y003_670x.webp?fit=670%2C670&ssl=1","type":"image\/webp"}],"twitter_card":"summary_large_image","twitter_misc":{"Est. reading time":"1 minuta"},"schema":{"@context":"https:\/\/schema.org","@graph":[{"@type":"WebPage","@id":"https:\/\/inti.hr\/bs\/proizvod\/stol-za-kavu-70x35x60cm\/","url":"https:\/\/inti.hr\/bs\/proizvod\/stol-za-kavu-70x35x60cm\/","name":"Stol za kavu 70x35x60cm - Inti","isPartOf":{"@id":"https:\/\/inti.hr\/bs\/#website"},"primaryImageOfPage":{"@id":"https:\/\/inti.hr\/bs\/proizvod\/stol-za-kavu-70x35x60cm\/#primaryimage"},"image":{"@id":"https:\/\/inti.hr\/bs\/proizvod\/stol-za-kavu-70x35x60cm\/#primaryimage"},"thumbnailUrl":"https:\/\/i0.wp.com\/inti.hr\/wp-content\/uploads\/2024\/06\/FBT135-W-Y003_670x.webp?fit=670%2C670&ssl=1","datePublished":"2024-06-28T10:34:09+00:00","dateModified":"2024-06-28T10:34:09+00:00","description":"Funkcionalni pomo\u0107ni stol nudi idealno mjesto za pohranu \u010dasopisa, knjiga, daljinskih upravlja\u010da i ostalih dodataka.Mo\u017ee se koristiti kao ulazni stoli\u0107 u hodniku, kao stoli\u0107 na razvla\u010denje u dnevnoj sobi ili kao TV stalak u spava\u0107oj sobi. Dajte svom domu moderan i sofisticiran dizajn.Stoli\u0107 je izra\u0111en od visokokvalitetnog PB (E1) sa poliranom i poliranom povr\u0161inom, glatkom i lakom za \u010di\u0161\u0107enje i odr\u017eavanje.Ovaj stoli\u0107 za kavu savr\u0161en je za integraciju s ostalim namje\u0161tajem u ku\u0107i.","breadcrumb":{"@id":"https:\/\/inti.hr\/bs\/proizvod\/stol-za-kavu-70x35x60cm\/#breadcrumb"},"inLanguage":"bs-BA","potentialAction":[{"@type":"ReadAction","target":["https:\/\/inti.hr\/bs\/proizvod\/stol-za-kavu-70x35x60cm\/"]}]},{"@type":"ImageObject","inLanguage":"bs-BA","@id":"https:\/\/inti.hr\/bs\/proizvod\/stol-za-kavu-70x35x60cm\/#primaryimage","url":"https:\/\/i0.wp.com\/inti.hr\/wp-content\/uploads\/2024\/06\/FBT135-W-Y003_670x.webp?fit=670%2C670&ssl=1","contentUrl":"https:\/\/i0.wp.com\/inti.hr\/wp-content\/uploads\/2024\/06\/FBT135-W-Y003_670x.webp?fit=670%2C670&ssl=1","width":670,"height":670,"caption":"Stol za kavu 70x35x60c"},{"@type":"BreadcrumbList","@id":"https:\/\/inti.hr\/bs\/proizvod\/stol-za-kavu-70x35x60cm\/#breadcrumb","itemListElement":[{"@type":"ListItem","position":1,"name":"Po\u010detna stranica","item":"https:\/\/inti.hr\/bs\/"},{"@type":"ListItem","position":2,"name":"Trgovina","item":"https:\/\/inti.hr\/bs\/trgovina\/"},{"@type":"ListItem","position":3,"name":"Stol za kavu 70x35x60cm"}]},{"@type":"WebSite","@id":"https:\/\/inti.hr\/bs\/#website","url":"https:\/\/inti.hr\/bs\/","name":"Inti","description":"trgovina","potentialAction":[{"@type":"SearchAction","target":{"@type":"EntryPoint","urlTemplate":"https:\/\/inti.hr\/bs\/?s={search_term_string}"},"query-input":{"@type":"PropertyValueSpecification","valueRequired":true,"valueName":"search_term_string"}}],"inLanguage":"bs-BA"}]}},"jetpack_sharing_enabled":true,"jetpack-related-posts":[],"_links":{"self":[{"href":"https:\/\/inti.hr\/bs\/wp-json\/wp\/v2\/product\/37247"}],"collection":[{"href":"https:\/\/inti.hr\/bs\/wp-json\/wp\/v2\/product"}],"about":[{"href":"https:\/\/inti.hr\/bs\/wp-json\/wp\/v2\/types\/product"}],"wp:featuredmedia":[{"embeddable":true,"href":"https:\/\/inti.hr\/bs\/wp-json\/wp\/v2\/media\/37248"}],"wp:attachment":[{"href":"https:\/\/inti.hr\/bs\/wp-json\/wp\/v2\/media?parent=37247"}],"wp:term":[{"taxonomy":"product_cat","embeddable":true,"href":"https:\/\/inti.hr\/bs\/wp-json\/wp\/v2\/product_cat?post=37247"},{"taxonomy":"product_tag","embeddable":true,"href":"https:\/\/inti.hr\/bs\/wp-json\/wp\/v2\/product_tag?post=37247"}],"curies":[{"name":"wp","href":"https:\/\/api.w.org\/{rel}","templated":true}]}}