{"id":37251,"date":"2024-06-28T11:29:11","date_gmt":"2024-06-28T10:29:11","guid":{"rendered":"https:\/\/inti.hr\/product\/ormar-za-dokumente-30x61x70-cm\/"},"modified":"2024-06-28T11:29:11","modified_gmt":"2024-06-28T10:29:11","slug":"ormar-za-dokumente-30x61x70-cm","status":"publish","type":"product","link":"https:\/\/inti.hr\/bs\/proizvod\/ormar-za-dokumente-30x61x70-cm\/","title":{"rendered":"Ormar za dokumente 30x61x70 cm"},"content":{"rendered":"<p>Detalji o proizvodu:<\/p>\n<p>Te\u017eina: oko 20,5 kg,<br \/>\nnosivost: do 43 kg, materijal: PB(E1), MDF (E1).<br \/>\nDimenzije proizvoda: BHT cca. 30 x 61 x 70 cm (vidi sliku).<br \/>\nDimenzije pakiranja: cca 82,5 x 37 x 20 cm.<br \/>\nSastavljanje: \u2013 Uvjeti isporuke: rastavljeno i prikladno zapakirano \u2013 Lako slijediti upute za sastavljanje<\/p>\n","protected":false},"excerpt":{"rendered":"<p>Elegantan stoli\u0107 za kavu na kota\u010di\u0107ima: jednostavan i moderan stoli\u0107 za &#8230; <\/p>\n","protected":false},"featured_media":37252,"template":"","meta":[],"product_cat":[2400],"product_tag":[2654,3834],"yoast_head":"<!-- This site is optimized with the Yoast SEO plugin v23.7 - https:\/\/yoast.com\/wordpress\/plugins\/seo\/ -->\n<title>Ormar za dokumente 30x61x70 cm - Inti<\/title>\n<meta name=\"robots\" content=\"index, follow, max-snippet:-1, max-image-preview:large, max-video-preview:-1\" \/>\n<link rel=\"canonical\" href=\"https:\/\/inti.hr\/bs\/proizvod\/ormar-za-dokumente-30x61x70-cm\/\" \/>\n<meta property=\"og:locale\" content=\"bs_BA\" \/>\n<meta property=\"og:type\" content=\"article\" \/>\n<meta property=\"og:title\" content=\"Ormar za dokumente 30x61x70 cm - Inti\" \/>\n<meta property=\"og:description\" content=\"Elegantan stoli\u0107 za kavu na kota\u010di\u0107ima: jednostavan i moderan stoli\u0107 za ...\" \/>\n<meta property=\"og:url\" content=\"https:\/\/inti.hr\/bs\/proizvod\/ormar-za-dokumente-30x61x70-cm\/\" \/>\n<meta property=\"og:site_name\" content=\"Inti\" \/>\n<meta property=\"og:image\" content=\"https:\/\/i0.wp.com\/inti.hr\/wp-content\/uploads\/2024\/06\/FBT134-W-S001_1800x1800.webp?fit=1600%2C1600&ssl=1\" \/>\n\t<meta property=\"og:image:width\" content=\"1600\" \/>\n\t<meta property=\"og:image:height\" content=\"1600\" \/>\n\t<meta property=\"og:image:type\" content=\"image\/webp\" \/>\n<meta name=\"twitter:card\" content=\"summary_large_image\" \/>\n<script type=\"application\/ld+json\" class=\"yoast-schema-graph\">{\"@context\":\"https:\/\/schema.org\",\"@graph\":[{\"@type\":\"WebPage\",\"@id\":\"https:\/\/inti.hr\/bs\/proizvod\/ormar-za-dokumente-30x61x70-cm\/\",\"url\":\"https:\/\/inti.hr\/bs\/proizvod\/ormar-za-dokumente-30x61x70-cm\/\",\"name\":\"Ormar za dokumente 30x61x70 cm - Inti\",\"isPartOf\":{\"@id\":\"https:\/\/inti.hr\/bs\/#website\"},\"primaryImageOfPage\":{\"@id\":\"https:\/\/inti.hr\/bs\/proizvod\/ormar-za-dokumente-30x61x70-cm\/#primaryimage\"},\"image\":{\"@id\":\"https:\/\/inti.hr\/bs\/proizvod\/ormar-za-dokumente-30x61x70-cm\/#primaryimage\"},\"thumbnailUrl\":\"https:\/\/i0.wp.com\/inti.hr\/wp-content\/uploads\/2024\/06\/FBT134-W-S001_1800x1800.webp?fit=1600%2C1600&ssl=1\",\"datePublished\":\"2024-06-28T10:29:11+00:00\",\"dateModified\":\"2024-06-28T10:29:11+00:00\",\"breadcrumb\":{\"@id\":\"https:\/\/inti.hr\/bs\/proizvod\/ormar-za-dokumente-30x61x70-cm\/#breadcrumb\"},\"inLanguage\":\"bs-BA\",\"potentialAction\":[{\"@type\":\"ReadAction\",\"target\":[\"https:\/\/inti.hr\/bs\/proizvod\/ormar-za-dokumente-30x61x70-cm\/\"]}]},{\"@type\":\"ImageObject\",\"inLanguage\":\"bs-BA\",\"@id\":\"https:\/\/inti.hr\/bs\/proizvod\/ormar-za-dokumente-30x61x70-cm\/#primaryimage\",\"url\":\"https:\/\/i0.wp.com\/inti.hr\/wp-content\/uploads\/2024\/06\/FBT134-W-S001_1800x1800.webp?fit=1600%2C1600&ssl=1\",\"contentUrl\":\"https:\/\/i0.wp.com\/inti.hr\/wp-content\/uploads\/2024\/06\/FBT134-W-S001_1800x1800.webp?fit=1600%2C1600&ssl=1\",\"width\":1600,\"height\":1600,\"caption\":\"Ormar za dokumente 30x61x70 cm FBT134-W\"},{\"@type\":\"BreadcrumbList\",\"@id\":\"https:\/\/inti.hr\/bs\/proizvod\/ormar-za-dokumente-30x61x70-cm\/#breadcrumb\",\"itemListElement\":[{\"@type\":\"ListItem\",\"position\":1,\"name\":\"Po\u010detna stranica\",\"item\":\"https:\/\/inti.hr\/bs\/\"},{\"@type\":\"ListItem\",\"position\":2,\"name\":\"Trgovina\",\"item\":\"https:\/\/inti.hr\/bs\/trgovina\/\"},{\"@type\":\"ListItem\",\"position\":3,\"name\":\"Ormar za dokumente 30x61x70 cm\"}]},{\"@type\":\"WebSite\",\"@id\":\"https:\/\/inti.hr\/bs\/#website\",\"url\":\"https:\/\/inti.hr\/bs\/\",\"name\":\"Inti\",\"description\":\"trgovina\",\"potentialAction\":[{\"@type\":\"SearchAction\",\"target\":{\"@type\":\"EntryPoint\",\"urlTemplate\":\"https:\/\/inti.hr\/bs\/?s={search_term_string}\"},\"query-input\":{\"@type\":\"PropertyValueSpecification\",\"valueRequired\":true,\"valueName\":\"search_term_string\"}}],\"inLanguage\":\"bs-BA\"}]}<\/script>\n<!-- \/ Yoast SEO plugin. -->","yoast_head_json":{"title":"Ormar za dokumente 30x61x70 cm - Inti","robots":{"index":"index","follow":"follow","max-snippet":"max-snippet:-1","max-image-preview":"max-image-preview:large","max-video-preview":"max-video-preview:-1"},"canonical":"https:\/\/inti.hr\/bs\/proizvod\/ormar-za-dokumente-30x61x70-cm\/","og_locale":"bs_BA","og_type":"article","og_title":"Ormar za dokumente 30x61x70 cm - Inti","og_description":"Elegantan stoli\u0107 za kavu na kota\u010di\u0107ima: jednostavan i moderan stoli\u0107 za ...","og_url":"https:\/\/inti.hr\/bs\/proizvod\/ormar-za-dokumente-30x61x70-cm\/","og_site_name":"Inti","og_image":[{"width":1600,"height":1600,"url":"https:\/\/i0.wp.com\/inti.hr\/wp-content\/uploads\/2024\/06\/FBT134-W-S001_1800x1800.webp?fit=1600%2C1600&ssl=1","type":"image\/webp"}],"twitter_card":"summary_large_image","schema":{"@context":"https:\/\/schema.org","@graph":[{"@type":"WebPage","@id":"https:\/\/inti.hr\/bs\/proizvod\/ormar-za-dokumente-30x61x70-cm\/","url":"https:\/\/inti.hr\/bs\/proizvod\/ormar-za-dokumente-30x61x70-cm\/","name":"Ormar za dokumente 30x61x70 cm - Inti","isPartOf":{"@id":"https:\/\/inti.hr\/bs\/#website"},"primaryImageOfPage":{"@id":"https:\/\/inti.hr\/bs\/proizvod\/ormar-za-dokumente-30x61x70-cm\/#primaryimage"},"image":{"@id":"https:\/\/inti.hr\/bs\/proizvod\/ormar-za-dokumente-30x61x70-cm\/#primaryimage"},"thumbnailUrl":"https:\/\/i0.wp.com\/inti.hr\/wp-content\/uploads\/2024\/06\/FBT134-W-S001_1800x1800.webp?fit=1600%2C1600&ssl=1","datePublished":"2024-06-28T10:29:11+00:00","dateModified":"2024-06-28T10:29:11+00:00","breadcrumb":{"@id":"https:\/\/inti.hr\/bs\/proizvod\/ormar-za-dokumente-30x61x70-cm\/#breadcrumb"},"inLanguage":"bs-BA","potentialAction":[{"@type":"ReadAction","target":["https:\/\/inti.hr\/bs\/proizvod\/ormar-za-dokumente-30x61x70-cm\/"]}]},{"@type":"ImageObject","inLanguage":"bs-BA","@id":"https:\/\/inti.hr\/bs\/proizvod\/ormar-za-dokumente-30x61x70-cm\/#primaryimage","url":"https:\/\/i0.wp.com\/inti.hr\/wp-content\/uploads\/2024\/06\/FBT134-W-S001_1800x1800.webp?fit=1600%2C1600&ssl=1","contentUrl":"https:\/\/i0.wp.com\/inti.hr\/wp-content\/uploads\/2024\/06\/FBT134-W-S001_1800x1800.webp?fit=1600%2C1600&ssl=1","width":1600,"height":1600,"caption":"Ormar za dokumente 30x61x70 cm FBT134-W"},{"@type":"BreadcrumbList","@id":"https:\/\/inti.hr\/bs\/proizvod\/ormar-za-dokumente-30x61x70-cm\/#breadcrumb","itemListElement":[{"@type":"ListItem","position":1,"name":"Po\u010detna stranica","item":"https:\/\/inti.hr\/bs\/"},{"@type":"ListItem","position":2,"name":"Trgovina","item":"https:\/\/inti.hr\/bs\/trgovina\/"},{"@type":"ListItem","position":3,"name":"Ormar za dokumente 30x61x70 cm"}]},{"@type":"WebSite","@id":"https:\/\/inti.hr\/bs\/#website","url":"https:\/\/inti.hr\/bs\/","name":"Inti","description":"trgovina","potentialAction":[{"@type":"SearchAction","target":{"@type":"EntryPoint","urlTemplate":"https:\/\/inti.hr\/bs\/?s={search_term_string}"},"query-input":{"@type":"PropertyValueSpecification","valueRequired":true,"valueName":"search_term_string"}}],"inLanguage":"bs-BA"}]}},"jetpack_sharing_enabled":true,"jetpack-related-posts":[],"_links":{"self":[{"href":"https:\/\/inti.hr\/bs\/wp-json\/wp\/v2\/product\/37251"}],"collection":[{"href":"https:\/\/inti.hr\/bs\/wp-json\/wp\/v2\/product"}],"about":[{"href":"https:\/\/inti.hr\/bs\/wp-json\/wp\/v2\/types\/product"}],"wp:featuredmedia":[{"embeddable":true,"href":"https:\/\/inti.hr\/bs\/wp-json\/wp\/v2\/media\/37252"}],"wp:attachment":[{"href":"https:\/\/inti.hr\/bs\/wp-json\/wp\/v2\/media?parent=37251"}],"wp:term":[{"taxonomy":"product_cat","embeddable":true,"href":"https:\/\/inti.hr\/bs\/wp-json\/wp\/v2\/product_cat?post=37251"},{"taxonomy":"product_tag","embeddable":true,"href":"https:\/\/inti.hr\/bs\/wp-json\/wp\/v2\/product_tag?post=37251"}],"curies":[{"name":"wp","href":"https:\/\/api.w.org\/{rel}","templated":true}]}}