{"id":37263,"date":"2024-06-28T10:57:48","date_gmt":"2024-06-28T09:57:48","guid":{"rendered":"https:\/\/inti.hr\/product\/stol-za-kavu-s-kotacima-75x35x61cm\/"},"modified":"2024-06-28T10:57:48","modified_gmt":"2024-06-28T09:57:48","slug":"stol-za-kavu-s-kotacima-75x35x61cm","status":"publish","type":"product","link":"https:\/\/inti.hr\/bs\/proizvod\/stol-za-kavu-s-kotacima-75x35x61cm\/","title":{"rendered":"Stol za kavu s kota\u010dima 75x35x61cm"},"content":{"rendered":"<p>Detalji o proizvodu:<\/p>\n<p>Materijal: PB(E1), staklo.<br \/>\nMjere: L70*D35*H61cm.<br \/>\nMjere proizvoda: 84x41x20 cm.<br \/>\nTe\u017eina: 23,7 kg.<br \/>\nTestirano za: 53 kg.<br \/>\nS uputama za sastavljanje i vijcima. Jednostavna instalacija.<\/p>\n","protected":false},"excerpt":{"rendered":"<p>Jednostavan, moderan stoli\u0107 za kavu koji privla\u010di poglede u svakom dnevnom &#8230; <\/p>\n","protected":false},"featured_media":37264,"template":"","meta":[],"product_cat":[2418],"product_tag":[3864,5116],"yoast_head":"<!-- This site is optimized with the Yoast SEO plugin v23.7 - https:\/\/yoast.com\/wordpress\/plugins\/seo\/ -->\n<title>Stol za kavu s kota\u010dima 75x35x61cm - Inti<\/title>\n<meta name=\"robots\" content=\"index, follow, max-snippet:-1, max-image-preview:large, max-video-preview:-1\" \/>\n<link rel=\"canonical\" href=\"https:\/\/inti.hr\/bs\/proizvod\/stol-za-kavu-s-kotacima-75x35x61cm\/\" \/>\n<meta property=\"og:locale\" content=\"bs_BA\" \/>\n<meta property=\"og:type\" content=\"article\" \/>\n<meta property=\"og:title\" content=\"Stol za kavu s kota\u010dima 75x35x61cm - Inti\" \/>\n<meta property=\"og:description\" content=\"Jednostavan, moderan stoli\u0107 za kavu koji privla\u010di poglede u svakom dnevnom ...\" \/>\n<meta property=\"og:url\" content=\"https:\/\/inti.hr\/bs\/proizvod\/stol-za-kavu-s-kotacima-75x35x61cm\/\" \/>\n<meta property=\"og:site_name\" content=\"Inti\" \/>\n<meta property=\"og:image\" content=\"https:\/\/i0.wp.com\/inti.hr\/wp-content\/uploads\/2024\/06\/FBT141-W-Y001_670x.webp?fit=670%2C670&ssl=1\" \/>\n\t<meta property=\"og:image:width\" content=\"670\" \/>\n\t<meta property=\"og:image:height\" content=\"670\" \/>\n\t<meta property=\"og:image:type\" content=\"image\/webp\" \/>\n<meta name=\"twitter:card\" content=\"summary_large_image\" \/>\n<script type=\"application\/ld+json\" class=\"yoast-schema-graph\">{\"@context\":\"https:\/\/schema.org\",\"@graph\":[{\"@type\":\"WebPage\",\"@id\":\"https:\/\/inti.hr\/bs\/proizvod\/stol-za-kavu-s-kotacima-75x35x61cm\/\",\"url\":\"https:\/\/inti.hr\/bs\/proizvod\/stol-za-kavu-s-kotacima-75x35x61cm\/\",\"name\":\"Stol za kavu s kota\u010dima 75x35x61cm - Inti\",\"isPartOf\":{\"@id\":\"https:\/\/inti.hr\/bs\/#website\"},\"primaryImageOfPage\":{\"@id\":\"https:\/\/inti.hr\/bs\/proizvod\/stol-za-kavu-s-kotacima-75x35x61cm\/#primaryimage\"},\"image\":{\"@id\":\"https:\/\/inti.hr\/bs\/proizvod\/stol-za-kavu-s-kotacima-75x35x61cm\/#primaryimage\"},\"thumbnailUrl\":\"https:\/\/i0.wp.com\/inti.hr\/wp-content\/uploads\/2024\/06\/FBT141-W-Y001_670x.webp?fit=670%2C670&ssl=1\",\"datePublished\":\"2024-06-28T09:57:48+00:00\",\"dateModified\":\"2024-06-28T09:57:48+00:00\",\"breadcrumb\":{\"@id\":\"https:\/\/inti.hr\/bs\/proizvod\/stol-za-kavu-s-kotacima-75x35x61cm\/#breadcrumb\"},\"inLanguage\":\"bs-BA\",\"potentialAction\":[{\"@type\":\"ReadAction\",\"target\":[\"https:\/\/inti.hr\/bs\/proizvod\/stol-za-kavu-s-kotacima-75x35x61cm\/\"]}]},{\"@type\":\"ImageObject\",\"inLanguage\":\"bs-BA\",\"@id\":\"https:\/\/inti.hr\/bs\/proizvod\/stol-za-kavu-s-kotacima-75x35x61cm\/#primaryimage\",\"url\":\"https:\/\/i0.wp.com\/inti.hr\/wp-content\/uploads\/2024\/06\/FBT141-W-Y001_670x.webp?fit=670%2C670&ssl=1\",\"contentUrl\":\"https:\/\/i0.wp.com\/inti.hr\/wp-content\/uploads\/2024\/06\/FBT141-W-Y001_670x.webp?fit=670%2C670&ssl=1\",\"width\":670,\"height\":670,\"caption\":\"Stol za kavu s kota\u010dima 75x35x61cm FBT141-W\"},{\"@type\":\"BreadcrumbList\",\"@id\":\"https:\/\/inti.hr\/bs\/proizvod\/stol-za-kavu-s-kotacima-75x35x61cm\/#breadcrumb\",\"itemListElement\":[{\"@type\":\"ListItem\",\"position\":1,\"name\":\"Po\u010detna stranica\",\"item\":\"https:\/\/inti.hr\/bs\/\"},{\"@type\":\"ListItem\",\"position\":2,\"name\":\"Trgovina\",\"item\":\"https:\/\/inti.hr\/bs\/trgovina\/\"},{\"@type\":\"ListItem\",\"position\":3,\"name\":\"Stol za kavu s kota\u010dima 75x35x61cm\"}]},{\"@type\":\"WebSite\",\"@id\":\"https:\/\/inti.hr\/bs\/#website\",\"url\":\"https:\/\/inti.hr\/bs\/\",\"name\":\"Inti\",\"description\":\"trgovina\",\"potentialAction\":[{\"@type\":\"SearchAction\",\"target\":{\"@type\":\"EntryPoint\",\"urlTemplate\":\"https:\/\/inti.hr\/bs\/?s={search_term_string}\"},\"query-input\":{\"@type\":\"PropertyValueSpecification\",\"valueRequired\":true,\"valueName\":\"search_term_string\"}}],\"inLanguage\":\"bs-BA\"}]}<\/script>\n<!-- \/ Yoast SEO plugin. -->","yoast_head_json":{"title":"Stol za kavu s kota\u010dima 75x35x61cm - Inti","robots":{"index":"index","follow":"follow","max-snippet":"max-snippet:-1","max-image-preview":"max-image-preview:large","max-video-preview":"max-video-preview:-1"},"canonical":"https:\/\/inti.hr\/bs\/proizvod\/stol-za-kavu-s-kotacima-75x35x61cm\/","og_locale":"bs_BA","og_type":"article","og_title":"Stol za kavu s kota\u010dima 75x35x61cm - Inti","og_description":"Jednostavan, moderan stoli\u0107 za kavu koji privla\u010di poglede u svakom dnevnom ...","og_url":"https:\/\/inti.hr\/bs\/proizvod\/stol-za-kavu-s-kotacima-75x35x61cm\/","og_site_name":"Inti","og_image":[{"width":670,"height":670,"url":"https:\/\/i0.wp.com\/inti.hr\/wp-content\/uploads\/2024\/06\/FBT141-W-Y001_670x.webp?fit=670%2C670&ssl=1","type":"image\/webp"}],"twitter_card":"summary_large_image","schema":{"@context":"https:\/\/schema.org","@graph":[{"@type":"WebPage","@id":"https:\/\/inti.hr\/bs\/proizvod\/stol-za-kavu-s-kotacima-75x35x61cm\/","url":"https:\/\/inti.hr\/bs\/proizvod\/stol-za-kavu-s-kotacima-75x35x61cm\/","name":"Stol za kavu s kota\u010dima 75x35x61cm - Inti","isPartOf":{"@id":"https:\/\/inti.hr\/bs\/#website"},"primaryImageOfPage":{"@id":"https:\/\/inti.hr\/bs\/proizvod\/stol-za-kavu-s-kotacima-75x35x61cm\/#primaryimage"},"image":{"@id":"https:\/\/inti.hr\/bs\/proizvod\/stol-za-kavu-s-kotacima-75x35x61cm\/#primaryimage"},"thumbnailUrl":"https:\/\/i0.wp.com\/inti.hr\/wp-content\/uploads\/2024\/06\/FBT141-W-Y001_670x.webp?fit=670%2C670&ssl=1","datePublished":"2024-06-28T09:57:48+00:00","dateModified":"2024-06-28T09:57:48+00:00","breadcrumb":{"@id":"https:\/\/inti.hr\/bs\/proizvod\/stol-za-kavu-s-kotacima-75x35x61cm\/#breadcrumb"},"inLanguage":"bs-BA","potentialAction":[{"@type":"ReadAction","target":["https:\/\/inti.hr\/bs\/proizvod\/stol-za-kavu-s-kotacima-75x35x61cm\/"]}]},{"@type":"ImageObject","inLanguage":"bs-BA","@id":"https:\/\/inti.hr\/bs\/proizvod\/stol-za-kavu-s-kotacima-75x35x61cm\/#primaryimage","url":"https:\/\/i0.wp.com\/inti.hr\/wp-content\/uploads\/2024\/06\/FBT141-W-Y001_670x.webp?fit=670%2C670&ssl=1","contentUrl":"https:\/\/i0.wp.com\/inti.hr\/wp-content\/uploads\/2024\/06\/FBT141-W-Y001_670x.webp?fit=670%2C670&ssl=1","width":670,"height":670,"caption":"Stol za kavu s kota\u010dima 75x35x61cm FBT141-W"},{"@type":"BreadcrumbList","@id":"https:\/\/inti.hr\/bs\/proizvod\/stol-za-kavu-s-kotacima-75x35x61cm\/#breadcrumb","itemListElement":[{"@type":"ListItem","position":1,"name":"Po\u010detna stranica","item":"https:\/\/inti.hr\/bs\/"},{"@type":"ListItem","position":2,"name":"Trgovina","item":"https:\/\/inti.hr\/bs\/trgovina\/"},{"@type":"ListItem","position":3,"name":"Stol za kavu s kota\u010dima 75x35x61cm"}]},{"@type":"WebSite","@id":"https:\/\/inti.hr\/bs\/#website","url":"https:\/\/inti.hr\/bs\/","name":"Inti","description":"trgovina","potentialAction":[{"@type":"SearchAction","target":{"@type":"EntryPoint","urlTemplate":"https:\/\/inti.hr\/bs\/?s={search_term_string}"},"query-input":{"@type":"PropertyValueSpecification","valueRequired":true,"valueName":"search_term_string"}}],"inLanguage":"bs-BA"}]}},"jetpack_sharing_enabled":true,"jetpack-related-posts":[],"_links":{"self":[{"href":"https:\/\/inti.hr\/bs\/wp-json\/wp\/v2\/product\/37263"}],"collection":[{"href":"https:\/\/inti.hr\/bs\/wp-json\/wp\/v2\/product"}],"about":[{"href":"https:\/\/inti.hr\/bs\/wp-json\/wp\/v2\/types\/product"}],"wp:featuredmedia":[{"embeddable":true,"href":"https:\/\/inti.hr\/bs\/wp-json\/wp\/v2\/media\/37264"}],"wp:attachment":[{"href":"https:\/\/inti.hr\/bs\/wp-json\/wp\/v2\/media?parent=37263"}],"wp:term":[{"taxonomy":"product_cat","embeddable":true,"href":"https:\/\/inti.hr\/bs\/wp-json\/wp\/v2\/product_cat?post=37263"},{"taxonomy":"product_tag","embeddable":true,"href":"https:\/\/inti.hr\/bs\/wp-json\/wp\/v2\/product_tag?post=37263"}],"curies":[{"name":"wp","href":"https:\/\/api.w.org\/{rel}","templated":true}]}}