{"id":37313,"date":"2024-03-18T18:25:44","date_gmt":"2024-03-18T17:25:44","guid":{"rendered":"https:\/\/inti.hr\/product\/sklopivi-stolac-od-2-komada-za-kampiranje\/"},"modified":"2024-03-18T18:25:44","modified_gmt":"2024-03-18T17:25:44","slug":"sklopivi-stolac-od-2-komada-za-kampiranje","status":"publish","type":"product","link":"https:\/\/inti.hr\/bs\/proizvod\/sklopivi-stolac-od-2-komada-za-kampiranje\/","title":{"rendered":"Sklopivi stolac od 2 komada za kampiranje"},"content":{"rendered":"<p>Detalji proizvoda:<\/p>\n<p>Boja: siva, plava<br \/>\nMaterijal: \u010delik, Oxford tkanina<br \/>\nVeli\u010dina po stolcu: 54 x 86 x 97 cm (D x \u0160 x V)<br \/>\nVeli\u010dina po stolcu kada je sklopljena: 13 x 90 x 13 cm (D x \u0160 x V)<br \/>\nVeli\u010dina sjedala: 42 x 42 cm (D x \u0160)<br \/>\nVisina naslona: 54 cm<br \/>\nUdaljenost izme\u0111u sjedala i poda: 43 cm<br \/>\nTe\u017eina po stolici: 2,6 kg<br \/>\nMaksimalna stati\u010dka nosivost po stolici: 150 kg<\/p>\n","protected":false},"excerpt":{"rendered":"<p>Visina naslona: 54 cm, veli\u010dina sjedala: 42 x 42 cm (D &#8230; <\/p>\n","protected":false},"featured_media":37314,"template":"","meta":[],"product_cat":[2452],"product_tag":[5126,2491],"yoast_head":"<!-- This site is optimized with the Yoast SEO plugin v23.7 - https:\/\/yoast.com\/wordpress\/plugins\/seo\/ -->\n<title>Sklopivi stolac od 2 komada za kampiranje - Inti<\/title>\n<meta name=\"description\" content=\"Visina naslona: 54 cm, veli\u010dina sjedala: 42 x 42 cm (D x \u0160), udaljenost sjedala od poda: 43 cm. Ova ergonomska pecarska stolica dizajnirana je za optimalnu udobnost sjedenja. Kompaktna sklopiva stolica te\u017ei samo 2,6 kg i mo\u017ee se sklopiti i spremiti u prilo\u017eenu torbu za no\u0161enje (sklopljena veli\u010dina: 13 x 90 x 13 cm) tako da je mo\u017eete jednostavno staviti u automobil ili objesiti na ruksak. Ove 2 sklopive stolice za kampiranje zadovoljavaju razli\u010dite potrebe - ribolov na rijeci, sun\u010danje na terasi popodne, planinarenje ili gledanje nogometa, sve bez problema. \u010celi\u010dni okvir, cijevi debljine stijenke 0,8 mm - vrlo stabilan; 600D Oxford tkanina s vodootpornim premazom - ekstra otporna na habanje i izdr\u017eljiva. Stolica za kampiranje nosi do 150 kg. Jednostavno rasklopite le\u017ealjku za pla\u017eu kada je koristite - nema kompliciranog sastavljanja. Tako\u0111er, stolica ima dr\u017ea\u010d za \u010da\u0161e za pohranjivanje pi\u0107a, mobitela, boce vode ili drugih sitnica.\u00a0\" \/>\n<meta name=\"robots\" content=\"index, follow, max-snippet:-1, max-image-preview:large, max-video-preview:-1\" \/>\n<link rel=\"canonical\" href=\"https:\/\/inti.hr\/bs\/proizvod\/sklopivi-stolac-od-2-komada-za-kampiranje\/\" \/>\n<meta property=\"og:locale\" content=\"bs_BA\" \/>\n<meta property=\"og:type\" content=\"article\" \/>\n<meta property=\"og:title\" content=\"Sklopivi stolac od 2 komada za kampiranje - Inti\" \/>\n<meta property=\"og:description\" content=\"Visina naslona: 54 cm, veli\u010dina sjedala: 42 x 42 cm (D x \u0160), udaljenost sjedala od poda: 43 cm. Ova ergonomska pecarska stolica dizajnirana je za optimalnu udobnost sjedenja. Kompaktna sklopiva stolica te\u017ei samo 2,6 kg i mo\u017ee se sklopiti i spremiti u prilo\u017eenu torbu za no\u0161enje (sklopljena veli\u010dina: 13 x 90 x 13 cm) tako da je mo\u017eete jednostavno staviti u automobil ili objesiti na ruksak. Ove 2 sklopive stolice za kampiranje zadovoljavaju razli\u010dite potrebe - ribolov na rijeci, sun\u010danje na terasi popodne, planinarenje ili gledanje nogometa, sve bez problema. \u010celi\u010dni okvir, cijevi debljine stijenke 0,8 mm - vrlo stabilan; 600D Oxford tkanina s vodootpornim premazom - ekstra otporna na habanje i izdr\u017eljiva. Stolica za kampiranje nosi do 150 kg. Jednostavno rasklopite le\u017ealjku za pla\u017eu kada je koristite - nema kompliciranog sastavljanja. Tako\u0111er, stolica ima dr\u017ea\u010d za \u010da\u0161e za pohranjivanje pi\u0107a, mobitela, boce vode ili drugih sitnica.\u00a0\" \/>\n<meta property=\"og:url\" content=\"https:\/\/inti.hr\/bs\/proizvod\/sklopivi-stolac-od-2-komada-za-kampiranje\/\" \/>\n<meta property=\"og:site_name\" content=\"Inti\" \/>\n<meta property=\"og:image\" content=\"https:\/\/i0.wp.com\/inti.hr\/wp-content\/uploads\/2024\/03\/GCB008G01-2-e1710782664721.jpg?fit=800%2C868&ssl=1\" \/>\n\t<meta property=\"og:image:width\" content=\"800\" \/>\n\t<meta property=\"og:image:height\" content=\"868\" \/>\n\t<meta property=\"og:image:type\" content=\"image\/jpeg\" \/>\n<meta name=\"twitter:card\" content=\"summary_large_image\" \/>\n<script type=\"application\/ld+json\" class=\"yoast-schema-graph\">{\"@context\":\"https:\/\/schema.org\",\"@graph\":[{\"@type\":\"WebPage\",\"@id\":\"https:\/\/inti.hr\/bs\/proizvod\/sklopivi-stolac-od-2-komada-za-kampiranje\/\",\"url\":\"https:\/\/inti.hr\/bs\/proizvod\/sklopivi-stolac-od-2-komada-za-kampiranje\/\",\"name\":\"Sklopivi stolac od 2 komada za kampiranje - Inti\",\"isPartOf\":{\"@id\":\"https:\/\/inti.hr\/bs\/#website\"},\"primaryImageOfPage\":{\"@id\":\"https:\/\/inti.hr\/bs\/proizvod\/sklopivi-stolac-od-2-komada-za-kampiranje\/#primaryimage\"},\"image\":{\"@id\":\"https:\/\/inti.hr\/bs\/proizvod\/sklopivi-stolac-od-2-komada-za-kampiranje\/#primaryimage\"},\"thumbnailUrl\":\"https:\/\/i0.wp.com\/inti.hr\/wp-content\/uploads\/2024\/03\/GCB008G01-2-e1710782664721.jpg?fit=800%2C868&ssl=1\",\"datePublished\":\"2024-03-18T17:25:44+00:00\",\"dateModified\":\"2024-03-18T17:25:44+00:00\",\"description\":\"Visina naslona: 54 cm, veli\u010dina sjedala: 42 x 42 cm (D x \u0160), udaljenost sjedala od poda: 43 cm. Ova ergonomska pecarska stolica dizajnirana je za optimalnu udobnost sjedenja. Kompaktna sklopiva stolica te\u017ei samo 2,6 kg i mo\u017ee se sklopiti i spremiti u prilo\u017eenu torbu za no\u0161enje (sklopljena veli\u010dina: 13 x 90 x 13 cm) tako da je mo\u017eete jednostavno staviti u automobil ili objesiti na ruksak. Ove 2 sklopive stolice za kampiranje zadovoljavaju razli\u010dite potrebe - ribolov na rijeci, sun\u010danje na terasi popodne, planinarenje ili gledanje nogometa, sve bez problema. \u010celi\u010dni okvir, cijevi debljine stijenke 0,8 mm - vrlo stabilan; 600D Oxford tkanina s vodootpornim premazom - ekstra otporna na habanje i izdr\u017eljiva. Stolica za kampiranje nosi do 150 kg. Jednostavno rasklopite le\u017ealjku za pla\u017eu kada je koristite - nema kompliciranog sastavljanja. Tako\u0111er, stolica ima dr\u017ea\u010d za \u010da\u0161e za pohranjivanje pi\u0107a, mobitela, boce vode ili drugih sitnica.\u00a0\",\"breadcrumb\":{\"@id\":\"https:\/\/inti.hr\/bs\/proizvod\/sklopivi-stolac-od-2-komada-za-kampiranje\/#breadcrumb\"},\"inLanguage\":\"bs-BA\",\"potentialAction\":[{\"@type\":\"ReadAction\",\"target\":[\"https:\/\/inti.hr\/bs\/proizvod\/sklopivi-stolac-od-2-komada-za-kampiranje\/\"]}]},{\"@type\":\"ImageObject\",\"inLanguage\":\"bs-BA\",\"@id\":\"https:\/\/inti.hr\/bs\/proizvod\/sklopivi-stolac-od-2-komada-za-kampiranje\/#primaryimage\",\"url\":\"https:\/\/i0.wp.com\/inti.hr\/wp-content\/uploads\/2024\/03\/GCB008G01-2-e1710782664721.jpg?fit=800%2C868&ssl=1\",\"contentUrl\":\"https:\/\/i0.wp.com\/inti.hr\/wp-content\/uploads\/2024\/03\/GCB008G01-2-e1710782664721.jpg?fit=800%2C868&ssl=1\",\"width\":800,\"height\":868,\"caption\":\"stolica za kampiranje\"},{\"@type\":\"BreadcrumbList\",\"@id\":\"https:\/\/inti.hr\/bs\/proizvod\/sklopivi-stolac-od-2-komada-za-kampiranje\/#breadcrumb\",\"itemListElement\":[{\"@type\":\"ListItem\",\"position\":1,\"name\":\"Po\u010detna stranica\",\"item\":\"https:\/\/inti.hr\/bs\/\"},{\"@type\":\"ListItem\",\"position\":2,\"name\":\"Trgovina\",\"item\":\"https:\/\/inti.hr\/bs\/trgovina\/\"},{\"@type\":\"ListItem\",\"position\":3,\"name\":\"Sklopivi stolac od 2 komada za kampiranje\"}]},{\"@type\":\"WebSite\",\"@id\":\"https:\/\/inti.hr\/bs\/#website\",\"url\":\"https:\/\/inti.hr\/bs\/\",\"name\":\"Inti\",\"description\":\"trgovina\",\"potentialAction\":[{\"@type\":\"SearchAction\",\"target\":{\"@type\":\"EntryPoint\",\"urlTemplate\":\"https:\/\/inti.hr\/bs\/?s={search_term_string}\"},\"query-input\":{\"@type\":\"PropertyValueSpecification\",\"valueRequired\":true,\"valueName\":\"search_term_string\"}}],\"inLanguage\":\"bs-BA\"}]}<\/script>\n<!-- \/ Yoast SEO plugin. -->","yoast_head_json":{"title":"Sklopivi stolac od 2 komada za kampiranje - Inti","description":"Visina naslona: 54 cm, veli\u010dina sjedala: 42 x 42 cm (D x \u0160), udaljenost sjedala od poda: 43 cm. Ova ergonomska pecarska stolica dizajnirana je za optimalnu udobnost sjedenja. Kompaktna sklopiva stolica te\u017ei samo 2,6 kg i mo\u017ee se sklopiti i spremiti u prilo\u017eenu torbu za no\u0161enje (sklopljena veli\u010dina: 13 x 90 x 13 cm) tako da je mo\u017eete jednostavno staviti u automobil ili objesiti na ruksak. Ove 2 sklopive stolice za kampiranje zadovoljavaju razli\u010dite potrebe - ribolov na rijeci, sun\u010danje na terasi popodne, planinarenje ili gledanje nogometa, sve bez problema. \u010celi\u010dni okvir, cijevi debljine stijenke 0,8 mm - vrlo stabilan; 600D Oxford tkanina s vodootpornim premazom - ekstra otporna na habanje i izdr\u017eljiva. Stolica za kampiranje nosi do 150 kg. Jednostavno rasklopite le\u017ealjku za pla\u017eu kada je koristite - nema kompliciranog sastavljanja. Tako\u0111er, stolica ima dr\u017ea\u010d za \u010da\u0161e za pohranjivanje pi\u0107a, mobitela, boce vode ili drugih sitnica.\u00a0","robots":{"index":"index","follow":"follow","max-snippet":"max-snippet:-1","max-image-preview":"max-image-preview:large","max-video-preview":"max-video-preview:-1"},"canonical":"https:\/\/inti.hr\/bs\/proizvod\/sklopivi-stolac-od-2-komada-za-kampiranje\/","og_locale":"bs_BA","og_type":"article","og_title":"Sklopivi stolac od 2 komada za kampiranje - Inti","og_description":"Visina naslona: 54 cm, veli\u010dina sjedala: 42 x 42 cm (D x \u0160), udaljenost sjedala od poda: 43 cm. Ova ergonomska pecarska stolica dizajnirana je za optimalnu udobnost sjedenja. Kompaktna sklopiva stolica te\u017ei samo 2,6 kg i mo\u017ee se sklopiti i spremiti u prilo\u017eenu torbu za no\u0161enje (sklopljena veli\u010dina: 13 x 90 x 13 cm) tako da je mo\u017eete jednostavno staviti u automobil ili objesiti na ruksak. Ove 2 sklopive stolice za kampiranje zadovoljavaju razli\u010dite potrebe - ribolov na rijeci, sun\u010danje na terasi popodne, planinarenje ili gledanje nogometa, sve bez problema. \u010celi\u010dni okvir, cijevi debljine stijenke 0,8 mm - vrlo stabilan; 600D Oxford tkanina s vodootpornim premazom - ekstra otporna na habanje i izdr\u017eljiva. Stolica za kampiranje nosi do 150 kg. Jednostavno rasklopite le\u017ealjku za pla\u017eu kada je koristite - nema kompliciranog sastavljanja. Tako\u0111er, stolica ima dr\u017ea\u010d za \u010da\u0161e za pohranjivanje pi\u0107a, mobitela, boce vode ili drugih sitnica.\u00a0","og_url":"https:\/\/inti.hr\/bs\/proizvod\/sklopivi-stolac-od-2-komada-za-kampiranje\/","og_site_name":"Inti","og_image":[{"width":800,"height":868,"url":"https:\/\/i0.wp.com\/inti.hr\/wp-content\/uploads\/2024\/03\/GCB008G01-2-e1710782664721.jpg?fit=800%2C868&ssl=1","type":"image\/jpeg"}],"twitter_card":"summary_large_image","schema":{"@context":"https:\/\/schema.org","@graph":[{"@type":"WebPage","@id":"https:\/\/inti.hr\/bs\/proizvod\/sklopivi-stolac-od-2-komada-za-kampiranje\/","url":"https:\/\/inti.hr\/bs\/proizvod\/sklopivi-stolac-od-2-komada-za-kampiranje\/","name":"Sklopivi stolac od 2 komada za kampiranje - Inti","isPartOf":{"@id":"https:\/\/inti.hr\/bs\/#website"},"primaryImageOfPage":{"@id":"https:\/\/inti.hr\/bs\/proizvod\/sklopivi-stolac-od-2-komada-za-kampiranje\/#primaryimage"},"image":{"@id":"https:\/\/inti.hr\/bs\/proizvod\/sklopivi-stolac-od-2-komada-za-kampiranje\/#primaryimage"},"thumbnailUrl":"https:\/\/i0.wp.com\/inti.hr\/wp-content\/uploads\/2024\/03\/GCB008G01-2-e1710782664721.jpg?fit=800%2C868&ssl=1","datePublished":"2024-03-18T17:25:44+00:00","dateModified":"2024-03-18T17:25:44+00:00","description":"Visina naslona: 54 cm, veli\u010dina sjedala: 42 x 42 cm (D x \u0160), udaljenost sjedala od poda: 43 cm. Ova ergonomska pecarska stolica dizajnirana je za optimalnu udobnost sjedenja. Kompaktna sklopiva stolica te\u017ei samo 2,6 kg i mo\u017ee se sklopiti i spremiti u prilo\u017eenu torbu za no\u0161enje (sklopljena veli\u010dina: 13 x 90 x 13 cm) tako da je mo\u017eete jednostavno staviti u automobil ili objesiti na ruksak. Ove 2 sklopive stolice za kampiranje zadovoljavaju razli\u010dite potrebe - ribolov na rijeci, sun\u010danje na terasi popodne, planinarenje ili gledanje nogometa, sve bez problema. \u010celi\u010dni okvir, cijevi debljine stijenke 0,8 mm - vrlo stabilan; 600D Oxford tkanina s vodootpornim premazom - ekstra otporna na habanje i izdr\u017eljiva. Stolica za kampiranje nosi do 150 kg. Jednostavno rasklopite le\u017ealjku za pla\u017eu kada je koristite - nema kompliciranog sastavljanja. Tako\u0111er, stolica ima dr\u017ea\u010d za \u010da\u0161e za pohranjivanje pi\u0107a, mobitela, boce vode ili drugih sitnica.\u00a0","breadcrumb":{"@id":"https:\/\/inti.hr\/bs\/proizvod\/sklopivi-stolac-od-2-komada-za-kampiranje\/#breadcrumb"},"inLanguage":"bs-BA","potentialAction":[{"@type":"ReadAction","target":["https:\/\/inti.hr\/bs\/proizvod\/sklopivi-stolac-od-2-komada-za-kampiranje\/"]}]},{"@type":"ImageObject","inLanguage":"bs-BA","@id":"https:\/\/inti.hr\/bs\/proizvod\/sklopivi-stolac-od-2-komada-za-kampiranje\/#primaryimage","url":"https:\/\/i0.wp.com\/inti.hr\/wp-content\/uploads\/2024\/03\/GCB008G01-2-e1710782664721.jpg?fit=800%2C868&ssl=1","contentUrl":"https:\/\/i0.wp.com\/inti.hr\/wp-content\/uploads\/2024\/03\/GCB008G01-2-e1710782664721.jpg?fit=800%2C868&ssl=1","width":800,"height":868,"caption":"stolica za kampiranje"},{"@type":"BreadcrumbList","@id":"https:\/\/inti.hr\/bs\/proizvod\/sklopivi-stolac-od-2-komada-za-kampiranje\/#breadcrumb","itemListElement":[{"@type":"ListItem","position":1,"name":"Po\u010detna stranica","item":"https:\/\/inti.hr\/bs\/"},{"@type":"ListItem","position":2,"name":"Trgovina","item":"https:\/\/inti.hr\/bs\/trgovina\/"},{"@type":"ListItem","position":3,"name":"Sklopivi stolac od 2 komada za kampiranje"}]},{"@type":"WebSite","@id":"https:\/\/inti.hr\/bs\/#website","url":"https:\/\/inti.hr\/bs\/","name":"Inti","description":"trgovina","potentialAction":[{"@type":"SearchAction","target":{"@type":"EntryPoint","urlTemplate":"https:\/\/inti.hr\/bs\/?s={search_term_string}"},"query-input":{"@type":"PropertyValueSpecification","valueRequired":true,"valueName":"search_term_string"}}],"inLanguage":"bs-BA"}]}},"jetpack_sharing_enabled":true,"jetpack-related-posts":[],"_links":{"self":[{"href":"https:\/\/inti.hr\/bs\/wp-json\/wp\/v2\/product\/37313"}],"collection":[{"href":"https:\/\/inti.hr\/bs\/wp-json\/wp\/v2\/product"}],"about":[{"href":"https:\/\/inti.hr\/bs\/wp-json\/wp\/v2\/types\/product"}],"wp:featuredmedia":[{"embeddable":true,"href":"https:\/\/inti.hr\/bs\/wp-json\/wp\/v2\/media\/37314"}],"wp:attachment":[{"href":"https:\/\/inti.hr\/bs\/wp-json\/wp\/v2\/media?parent=37313"}],"wp:term":[{"taxonomy":"product_cat","embeddable":true,"href":"https:\/\/inti.hr\/bs\/wp-json\/wp\/v2\/product_cat?post=37313"},{"taxonomy":"product_tag","embeddable":true,"href":"https:\/\/inti.hr\/bs\/wp-json\/wp\/v2\/product_tag?post=37313"}],"curies":[{"name":"wp","href":"https:\/\/api.w.org\/{rel}","templated":true}]}}