{"id":37321,"date":"2024-03-18T18:18:10","date_gmt":"2024-03-18T17:18:10","guid":{"rendered":"https:\/\/inti.hr\/product\/stolica-za-kampiranje-s-podstavljenim-sjedalom\/"},"modified":"2024-03-18T18:18:10","modified_gmt":"2024-03-18T17:18:10","slug":"stolica-za-kampiranje-s-podstavljenim-sjedalom","status":"publish","type":"product","link":"https:\/\/inti.hr\/bs\/proizvod\/stolica-za-kampiranje-s-podstavljenim-sjedalom\/","title":{"rendered":"Stolica za kampiranje s podstavljenim sjedalom"},"content":{"rendered":"<p>Detalji proizvoda:<\/p>\n<p>Boja: Zeleno-Crna, sivo-crna<br \/>\nMaterijal: 600D Oxford tkanina, pjena, \u010delik premazan prahom, najlonska torba za no\u0161enje<br \/>\nVeli\u010dina: 55 x 90 x 102 cm (D x \u0160 x V)<br \/>\nTe\u017eina: 4,5 kg<br \/>\nMaksimalna stati\u010dka nosivost: 250 kg<\/p>\n","protected":false},"excerpt":{"rendered":"<p>Otkrijte novu razinu udobnosti na otvorenom uz na\u0161u sklopivu vanjsku stolicu. &#8230; <\/p>\n","protected":false},"featured_media":37322,"template":"","meta":[],"product_cat":[2452],"product_tag":[5126,5128],"yoast_head":"<!-- This site is optimized with the Yoast SEO plugin v23.7 - https:\/\/yoast.com\/wordpress\/plugins\/seo\/ -->\n<title>Stolica za kampiranje s podstavljenim sjedalom - Inti<\/title>\n<meta name=\"description\" content=\"Otkrijte novu razinu udobnosti na otvorenom uz na\u0161u sklopivu vanjsku stolicu. Njegov naslon za le\u0111a visok 59 cm i udobna podstava od pjene osiguravaju dugotrajnu udobnost, \u010dak i tijekom dulje upotrebe. S izda\u0161nom \u0161irinom sjedala od 90 cm i mekim naslonima za ruke, ova sklopiva stolica nudi mnogo prostora za udobnost i omogu\u0107uje vam potpuno opu\u0161tanje tijekom aktivnosti na otvorenom. Zahvaljuju\u0107i integriranom dr\u017ea\u010du za \u010da\u0161u od mre\u017eastog materijala, pi\u0107e vam je uvijek nadohvat ruke. Ovi mali detalji \u010dine va\u0161e kampiranje ili ribolov opu\u0161taju\u0107im i ugodnim. Ova stolica za kampiranje ima \u010dvrstu \u010deli\u010dnu konstrukciju cijev u cijevi, noge u obliku kri\u017ea i izdr\u017eljivu 600D Oxford tkaninu i mo\u017ee izdr\u017eati do 250 kg. U\u017eivajte u avanturama na otvorenom tijekom cijele godine s ovim izdr\u017eljivim suputnikom. Ova stolica za pla\u017eu mo\u017ee se brzo sklopiti na kompaktnu veli\u010dinu od 90 x 18 cm bez sastavljanja ili rastavljanja, pohraniti u prilo\u017eenu torbu za no\u0161enje i lako nositi preko ramena.\" \/>\n<meta name=\"robots\" content=\"index, follow, max-snippet:-1, max-image-preview:large, max-video-preview:-1\" \/>\n<link rel=\"canonical\" href=\"https:\/\/inti.hr\/bs\/proizvod\/stolica-za-kampiranje-s-podstavljenim-sjedalom\/\" \/>\n<meta property=\"og:locale\" content=\"bs_BA\" \/>\n<meta property=\"og:type\" content=\"article\" \/>\n<meta property=\"og:title\" content=\"Stolica za kampiranje s podstavljenim sjedalom - Inti\" \/>\n<meta property=\"og:description\" content=\"Otkrijte novu razinu udobnosti na otvorenom uz na\u0161u sklopivu vanjsku stolicu. Njegov naslon za le\u0111a visok 59 cm i udobna podstava od pjene osiguravaju dugotrajnu udobnost, \u010dak i tijekom dulje upotrebe. S izda\u0161nom \u0161irinom sjedala od 90 cm i mekim naslonima za ruke, ova sklopiva stolica nudi mnogo prostora za udobnost i omogu\u0107uje vam potpuno opu\u0161tanje tijekom aktivnosti na otvorenom. Zahvaljuju\u0107i integriranom dr\u017ea\u010du za \u010da\u0161u od mre\u017eastog materijala, pi\u0107e vam je uvijek nadohvat ruke. Ovi mali detalji \u010dine va\u0161e kampiranje ili ribolov opu\u0161taju\u0107im i ugodnim. Ova stolica za kampiranje ima \u010dvrstu \u010deli\u010dnu konstrukciju cijev u cijevi, noge u obliku kri\u017ea i izdr\u017eljivu 600D Oxford tkaninu i mo\u017ee izdr\u017eati do 250 kg. U\u017eivajte u avanturama na otvorenom tijekom cijele godine s ovim izdr\u017eljivim suputnikom. Ova stolica za pla\u017eu mo\u017ee se brzo sklopiti na kompaktnu veli\u010dinu od 90 x 18 cm bez sastavljanja ili rastavljanja, pohraniti u prilo\u017eenu torbu za no\u0161enje i lako nositi preko ramena.\" \/>\n<meta property=\"og:url\" content=\"https:\/\/inti.hr\/bs\/proizvod\/stolica-za-kampiranje-s-podstavljenim-sjedalom\/\" \/>\n<meta property=\"og:site_name\" content=\"Inti\" \/>\n<meta property=\"og:image\" content=\"https:\/\/i0.wp.com\/inti.hr\/wp-content\/uploads\/2024\/03\/GCB006C01-2-e1710782201270.jpg?fit=800%2C878&ssl=1\" \/>\n\t<meta property=\"og:image:width\" content=\"800\" \/>\n\t<meta property=\"og:image:height\" content=\"878\" \/>\n\t<meta property=\"og:image:type\" content=\"image\/jpeg\" \/>\n<meta name=\"twitter:card\" content=\"summary_large_image\" \/>\n<script type=\"application\/ld+json\" class=\"yoast-schema-graph\">{\"@context\":\"https:\/\/schema.org\",\"@graph\":[{\"@type\":\"WebPage\",\"@id\":\"https:\/\/inti.hr\/bs\/proizvod\/stolica-za-kampiranje-s-podstavljenim-sjedalom\/\",\"url\":\"https:\/\/inti.hr\/bs\/proizvod\/stolica-za-kampiranje-s-podstavljenim-sjedalom\/\",\"name\":\"Stolica za kampiranje s podstavljenim sjedalom - Inti\",\"isPartOf\":{\"@id\":\"https:\/\/inti.hr\/bs\/#website\"},\"primaryImageOfPage\":{\"@id\":\"https:\/\/inti.hr\/bs\/proizvod\/stolica-za-kampiranje-s-podstavljenim-sjedalom\/#primaryimage\"},\"image\":{\"@id\":\"https:\/\/inti.hr\/bs\/proizvod\/stolica-za-kampiranje-s-podstavljenim-sjedalom\/#primaryimage\"},\"thumbnailUrl\":\"https:\/\/i0.wp.com\/inti.hr\/wp-content\/uploads\/2024\/03\/GCB006C01-2-e1710782201270.jpg?fit=800%2C878&ssl=1\",\"datePublished\":\"2024-03-18T17:18:10+00:00\",\"dateModified\":\"2024-03-18T17:18:10+00:00\",\"description\":\"Otkrijte novu razinu udobnosti na otvorenom uz na\u0161u sklopivu vanjsku stolicu. Njegov naslon za le\u0111a visok 59 cm i udobna podstava od pjene osiguravaju dugotrajnu udobnost, \u010dak i tijekom dulje upotrebe. S izda\u0161nom \u0161irinom sjedala od 90 cm i mekim naslonima za ruke, ova sklopiva stolica nudi mnogo prostora za udobnost i omogu\u0107uje vam potpuno opu\u0161tanje tijekom aktivnosti na otvorenom. Zahvaljuju\u0107i integriranom dr\u017ea\u010du za \u010da\u0161u od mre\u017eastog materijala, pi\u0107e vam je uvijek nadohvat ruke. Ovi mali detalji \u010dine va\u0161e kampiranje ili ribolov opu\u0161taju\u0107im i ugodnim. Ova stolica za kampiranje ima \u010dvrstu \u010deli\u010dnu konstrukciju cijev u cijevi, noge u obliku kri\u017ea i izdr\u017eljivu 600D Oxford tkaninu i mo\u017ee izdr\u017eati do 250 kg. U\u017eivajte u avanturama na otvorenom tijekom cijele godine s ovim izdr\u017eljivim suputnikom. Ova stolica za pla\u017eu mo\u017ee se brzo sklopiti na kompaktnu veli\u010dinu od 90 x 18 cm bez sastavljanja ili rastavljanja, pohraniti u prilo\u017eenu torbu za no\u0161enje i lako nositi preko ramena.\",\"breadcrumb\":{\"@id\":\"https:\/\/inti.hr\/bs\/proizvod\/stolica-za-kampiranje-s-podstavljenim-sjedalom\/#breadcrumb\"},\"inLanguage\":\"bs-BA\",\"potentialAction\":[{\"@type\":\"ReadAction\",\"target\":[\"https:\/\/inti.hr\/bs\/proizvod\/stolica-za-kampiranje-s-podstavljenim-sjedalom\/\"]}]},{\"@type\":\"ImageObject\",\"inLanguage\":\"bs-BA\",\"@id\":\"https:\/\/inti.hr\/bs\/proizvod\/stolica-za-kampiranje-s-podstavljenim-sjedalom\/#primaryimage\",\"url\":\"https:\/\/i0.wp.com\/inti.hr\/wp-content\/uploads\/2024\/03\/GCB006C01-2-e1710782201270.jpg?fit=800%2C878&ssl=1\",\"contentUrl\":\"https:\/\/i0.wp.com\/inti.hr\/wp-content\/uploads\/2024\/03\/GCB006C01-2-e1710782201270.jpg?fit=800%2C878&ssl=1\",\"width\":800,\"height\":878,\"caption\":\"Stolica za kampiranje s podstavljenim sjedalom\"},{\"@type\":\"BreadcrumbList\",\"@id\":\"https:\/\/inti.hr\/bs\/proizvod\/stolica-za-kampiranje-s-podstavljenim-sjedalom\/#breadcrumb\",\"itemListElement\":[{\"@type\":\"ListItem\",\"position\":1,\"name\":\"Po\u010detna stranica\",\"item\":\"https:\/\/inti.hr\/bs\/\"},{\"@type\":\"ListItem\",\"position\":2,\"name\":\"Trgovina\",\"item\":\"https:\/\/inti.hr\/bs\/trgovina\/\"},{\"@type\":\"ListItem\",\"position\":3,\"name\":\"Stolica za kampiranje s podstavljenim sjedalom\"}]},{\"@type\":\"WebSite\",\"@id\":\"https:\/\/inti.hr\/bs\/#website\",\"url\":\"https:\/\/inti.hr\/bs\/\",\"name\":\"Inti\",\"description\":\"trgovina\",\"potentialAction\":[{\"@type\":\"SearchAction\",\"target\":{\"@type\":\"EntryPoint\",\"urlTemplate\":\"https:\/\/inti.hr\/bs\/?s={search_term_string}\"},\"query-input\":{\"@type\":\"PropertyValueSpecification\",\"valueRequired\":true,\"valueName\":\"search_term_string\"}}],\"inLanguage\":\"bs-BA\"}]}<\/script>\n<!-- \/ Yoast SEO plugin. -->","yoast_head_json":{"title":"Stolica za kampiranje s podstavljenim sjedalom - Inti","description":"Otkrijte novu razinu udobnosti na otvorenom uz na\u0161u sklopivu vanjsku stolicu. Njegov naslon za le\u0111a visok 59 cm i udobna podstava od pjene osiguravaju dugotrajnu udobnost, \u010dak i tijekom dulje upotrebe. S izda\u0161nom \u0161irinom sjedala od 90 cm i mekim naslonima za ruke, ova sklopiva stolica nudi mnogo prostora za udobnost i omogu\u0107uje vam potpuno opu\u0161tanje tijekom aktivnosti na otvorenom. Zahvaljuju\u0107i integriranom dr\u017ea\u010du za \u010da\u0161u od mre\u017eastog materijala, pi\u0107e vam je uvijek nadohvat ruke. Ovi mali detalji \u010dine va\u0161e kampiranje ili ribolov opu\u0161taju\u0107im i ugodnim. Ova stolica za kampiranje ima \u010dvrstu \u010deli\u010dnu konstrukciju cijev u cijevi, noge u obliku kri\u017ea i izdr\u017eljivu 600D Oxford tkaninu i mo\u017ee izdr\u017eati do 250 kg. U\u017eivajte u avanturama na otvorenom tijekom cijele godine s ovim izdr\u017eljivim suputnikom. Ova stolica za pla\u017eu mo\u017ee se brzo sklopiti na kompaktnu veli\u010dinu od 90 x 18 cm bez sastavljanja ili rastavljanja, pohraniti u prilo\u017eenu torbu za no\u0161enje i lako nositi preko ramena.","robots":{"index":"index","follow":"follow","max-snippet":"max-snippet:-1","max-image-preview":"max-image-preview:large","max-video-preview":"max-video-preview:-1"},"canonical":"https:\/\/inti.hr\/bs\/proizvod\/stolica-za-kampiranje-s-podstavljenim-sjedalom\/","og_locale":"bs_BA","og_type":"article","og_title":"Stolica za kampiranje s podstavljenim sjedalom - Inti","og_description":"Otkrijte novu razinu udobnosti na otvorenom uz na\u0161u sklopivu vanjsku stolicu. Njegov naslon za le\u0111a visok 59 cm i udobna podstava od pjene osiguravaju dugotrajnu udobnost, \u010dak i tijekom dulje upotrebe. S izda\u0161nom \u0161irinom sjedala od 90 cm i mekim naslonima za ruke, ova sklopiva stolica nudi mnogo prostora za udobnost i omogu\u0107uje vam potpuno opu\u0161tanje tijekom aktivnosti na otvorenom. Zahvaljuju\u0107i integriranom dr\u017ea\u010du za \u010da\u0161u od mre\u017eastog materijala, pi\u0107e vam je uvijek nadohvat ruke. Ovi mali detalji \u010dine va\u0161e kampiranje ili ribolov opu\u0161taju\u0107im i ugodnim. Ova stolica za kampiranje ima \u010dvrstu \u010deli\u010dnu konstrukciju cijev u cijevi, noge u obliku kri\u017ea i izdr\u017eljivu 600D Oxford tkaninu i mo\u017ee izdr\u017eati do 250 kg. U\u017eivajte u avanturama na otvorenom tijekom cijele godine s ovim izdr\u017eljivim suputnikom. Ova stolica za pla\u017eu mo\u017ee se brzo sklopiti na kompaktnu veli\u010dinu od 90 x 18 cm bez sastavljanja ili rastavljanja, pohraniti u prilo\u017eenu torbu za no\u0161enje i lako nositi preko ramena.","og_url":"https:\/\/inti.hr\/bs\/proizvod\/stolica-za-kampiranje-s-podstavljenim-sjedalom\/","og_site_name":"Inti","og_image":[{"width":800,"height":878,"url":"https:\/\/i0.wp.com\/inti.hr\/wp-content\/uploads\/2024\/03\/GCB006C01-2-e1710782201270.jpg?fit=800%2C878&ssl=1","type":"image\/jpeg"}],"twitter_card":"summary_large_image","schema":{"@context":"https:\/\/schema.org","@graph":[{"@type":"WebPage","@id":"https:\/\/inti.hr\/bs\/proizvod\/stolica-za-kampiranje-s-podstavljenim-sjedalom\/","url":"https:\/\/inti.hr\/bs\/proizvod\/stolica-za-kampiranje-s-podstavljenim-sjedalom\/","name":"Stolica za kampiranje s podstavljenim sjedalom - Inti","isPartOf":{"@id":"https:\/\/inti.hr\/bs\/#website"},"primaryImageOfPage":{"@id":"https:\/\/inti.hr\/bs\/proizvod\/stolica-za-kampiranje-s-podstavljenim-sjedalom\/#primaryimage"},"image":{"@id":"https:\/\/inti.hr\/bs\/proizvod\/stolica-za-kampiranje-s-podstavljenim-sjedalom\/#primaryimage"},"thumbnailUrl":"https:\/\/i0.wp.com\/inti.hr\/wp-content\/uploads\/2024\/03\/GCB006C01-2-e1710782201270.jpg?fit=800%2C878&ssl=1","datePublished":"2024-03-18T17:18:10+00:00","dateModified":"2024-03-18T17:18:10+00:00","description":"Otkrijte novu razinu udobnosti na otvorenom uz na\u0161u sklopivu vanjsku stolicu. Njegov naslon za le\u0111a visok 59 cm i udobna podstava od pjene osiguravaju dugotrajnu udobnost, \u010dak i tijekom dulje upotrebe. S izda\u0161nom \u0161irinom sjedala od 90 cm i mekim naslonima za ruke, ova sklopiva stolica nudi mnogo prostora za udobnost i omogu\u0107uje vam potpuno opu\u0161tanje tijekom aktivnosti na otvorenom. Zahvaljuju\u0107i integriranom dr\u017ea\u010du za \u010da\u0161u od mre\u017eastog materijala, pi\u0107e vam je uvijek nadohvat ruke. Ovi mali detalji \u010dine va\u0161e kampiranje ili ribolov opu\u0161taju\u0107im i ugodnim. Ova stolica za kampiranje ima \u010dvrstu \u010deli\u010dnu konstrukciju cijev u cijevi, noge u obliku kri\u017ea i izdr\u017eljivu 600D Oxford tkaninu i mo\u017ee izdr\u017eati do 250 kg. U\u017eivajte u avanturama na otvorenom tijekom cijele godine s ovim izdr\u017eljivim suputnikom. Ova stolica za pla\u017eu mo\u017ee se brzo sklopiti na kompaktnu veli\u010dinu od 90 x 18 cm bez sastavljanja ili rastavljanja, pohraniti u prilo\u017eenu torbu za no\u0161enje i lako nositi preko ramena.","breadcrumb":{"@id":"https:\/\/inti.hr\/bs\/proizvod\/stolica-za-kampiranje-s-podstavljenim-sjedalom\/#breadcrumb"},"inLanguage":"bs-BA","potentialAction":[{"@type":"ReadAction","target":["https:\/\/inti.hr\/bs\/proizvod\/stolica-za-kampiranje-s-podstavljenim-sjedalom\/"]}]},{"@type":"ImageObject","inLanguage":"bs-BA","@id":"https:\/\/inti.hr\/bs\/proizvod\/stolica-za-kampiranje-s-podstavljenim-sjedalom\/#primaryimage","url":"https:\/\/i0.wp.com\/inti.hr\/wp-content\/uploads\/2024\/03\/GCB006C01-2-e1710782201270.jpg?fit=800%2C878&ssl=1","contentUrl":"https:\/\/i0.wp.com\/inti.hr\/wp-content\/uploads\/2024\/03\/GCB006C01-2-e1710782201270.jpg?fit=800%2C878&ssl=1","width":800,"height":878,"caption":"Stolica za kampiranje s podstavljenim sjedalom"},{"@type":"BreadcrumbList","@id":"https:\/\/inti.hr\/bs\/proizvod\/stolica-za-kampiranje-s-podstavljenim-sjedalom\/#breadcrumb","itemListElement":[{"@type":"ListItem","position":1,"name":"Po\u010detna stranica","item":"https:\/\/inti.hr\/bs\/"},{"@type":"ListItem","position":2,"name":"Trgovina","item":"https:\/\/inti.hr\/bs\/trgovina\/"},{"@type":"ListItem","position":3,"name":"Stolica za kampiranje s podstavljenim sjedalom"}]},{"@type":"WebSite","@id":"https:\/\/inti.hr\/bs\/#website","url":"https:\/\/inti.hr\/bs\/","name":"Inti","description":"trgovina","potentialAction":[{"@type":"SearchAction","target":{"@type":"EntryPoint","urlTemplate":"https:\/\/inti.hr\/bs\/?s={search_term_string}"},"query-input":{"@type":"PropertyValueSpecification","valueRequired":true,"valueName":"search_term_string"}}],"inLanguage":"bs-BA"}]}},"jetpack_sharing_enabled":true,"jetpack-related-posts":[],"_links":{"self":[{"href":"https:\/\/inti.hr\/bs\/wp-json\/wp\/v2\/product\/37321"}],"collection":[{"href":"https:\/\/inti.hr\/bs\/wp-json\/wp\/v2\/product"}],"about":[{"href":"https:\/\/inti.hr\/bs\/wp-json\/wp\/v2\/types\/product"}],"wp:featuredmedia":[{"embeddable":true,"href":"https:\/\/inti.hr\/bs\/wp-json\/wp\/v2\/media\/37322"}],"wp:attachment":[{"href":"https:\/\/inti.hr\/bs\/wp-json\/wp\/v2\/media?parent=37321"}],"wp:term":[{"taxonomy":"product_cat","embeddable":true,"href":"https:\/\/inti.hr\/bs\/wp-json\/wp\/v2\/product_cat?post=37321"},{"taxonomy":"product_tag","embeddable":true,"href":"https:\/\/inti.hr\/bs\/wp-json\/wp\/v2\/product_tag?post=37321"}],"curies":[{"name":"wp","href":"https:\/\/api.w.org\/{rel}","templated":true}]}}