{"id":37409,"date":"2024-03-10T15:49:50","date_gmt":"2024-03-10T14:49:50","guid":{"rendered":"https:\/\/inti.hr\/product\/echo-barske-stolice-visina-63cm\/"},"modified":"2024-03-10T15:49:50","modified_gmt":"2024-03-10T14:49:50","slug":"echo-barske-stolice-visina-63cm","status":"publish","type":"product","link":"https:\/\/inti.hr\/bs\/proizvod\/echo-barske-stolice-visina-63cm\/","title":{"rendered":"Echo barske stolice visina 63cm"},"content":{"rendered":"<p>Detalji proizvoda:<\/p>\n<p>Materijal: \u010delik, visoko elasti\u010dna pjena, PU sinteti\u010dka ko\u017ea (poliuretan), \u0161perplo\u010da<br \/>\nVeli\u010dina po stolcu: 49,5 x 49,5 x 63 cm (D x \u0160 x V)<br \/>\nUkupna te\u017eina: 7,3 kg<br \/>\nMaksimalna stati\u010dka nosivost po stolici: 120 kg<\/p>\n<p>&nbsp;<\/p>\n<p>U setu dolazi dva komada.<\/p>\n","protected":false},"excerpt":{"rendered":"<p>Na\u0161e barske stolice iz kolekcije EKHO primamljiva su mje\u0161avina umjetne ko\u017ee, &#8230; <\/p>\n","protected":false},"featured_media":37411,"template":"","meta":[],"product_cat":[2570],"product_tag":[2626,2571,2537],"yoast_head":"<!-- This site is optimized with the Yoast SEO plugin v23.7 - https:\/\/yoast.com\/wordpress\/plugins\/seo\/ -->\n<title>Echo barske stolice visina 63cm - Inti<\/title>\n<meta name=\"description\" content=\"Na\u0161e barske stolice iz kolekcije EKHO primamljiva su mje\u0161avina umjetne ko\u017ee, delikatnih \u0161avova i elegantnih su\u017eenih nogu koje odaju po\u010dast umije\u0107u izrade i podi\u017eu va\u0161 dom na novu razinu sofisticiranosti. Ovaj set od 2 kuhinjske stolice majstorski je konstruiran i ima jedinstven dizajn s osloncima za noge na razli\u010ditim visinama koji se bez napora prilago\u0111ava velikim i malim gostima, pru\u017eaju\u0107i savr\u0161eno iskustvo sjedenja. Jeste li ikada ne\u0161to prolili? Nema problema! Na\u0161a vodootporna navlaka od umjetne ko\u017ee \u010dini \u010di\u0161\u0107enje lakim. Zajedno s nogama otpornim na ogrebotine izra\u0111enim od mat \u010delika, na\u0161i taburei trajno zadr\u017eavaju svoj visokokvalitetni \u0161arm. Prije\u0111ite rukom preko glatke navlake i utonite u 8 cm debelu, visoko elasti\u010dnu pjenu. Ove barske stolice pru\u017eaju udobno iskustvo sjedenja koje \u0107e izdr\u017eati test vremena. Sa svojim zakretnim podesivim nogama, ovi stolci osiguravaju stabilnost \u010dak i na blago neravnim podovima i \u0161tite va\u0161 pod od ogrebotina, tako da ne morate brinuti o tihim pi\u0107ima ili \u017eivahnim zabavama.\u00a0\" \/>\n<meta name=\"robots\" content=\"index, follow, max-snippet:-1, max-image-preview:large, max-video-preview:-1\" \/>\n<link rel=\"canonical\" href=\"https:\/\/inti.hr\/bs\/proizvod\/echo-barske-stolice-visina-63cm\/\" \/>\n<meta property=\"og:locale\" content=\"bs_BA\" \/>\n<meta property=\"og:type\" content=\"article\" \/>\n<meta property=\"og:title\" content=\"Echo barske stolice visina 63cm - Inti\" \/>\n<meta property=\"og:description\" content=\"Na\u0161e barske stolice iz kolekcije EKHO primamljiva su mje\u0161avina umjetne ko\u017ee, delikatnih \u0161avova i elegantnih su\u017eenih nogu koje odaju po\u010dast umije\u0107u izrade i podi\u017eu va\u0161 dom na novu razinu sofisticiranosti. Ovaj set od 2 kuhinjske stolice majstorski je konstruiran i ima jedinstven dizajn s osloncima za noge na razli\u010ditim visinama koji se bez napora prilago\u0111ava velikim i malim gostima, pru\u017eaju\u0107i savr\u0161eno iskustvo sjedenja. Jeste li ikada ne\u0161to prolili? Nema problema! Na\u0161a vodootporna navlaka od umjetne ko\u017ee \u010dini \u010di\u0161\u0107enje lakim. Zajedno s nogama otpornim na ogrebotine izra\u0111enim od mat \u010delika, na\u0161i taburei trajno zadr\u017eavaju svoj visokokvalitetni \u0161arm. Prije\u0111ite rukom preko glatke navlake i utonite u 8 cm debelu, visoko elasti\u010dnu pjenu. Ove barske stolice pru\u017eaju udobno iskustvo sjedenja koje \u0107e izdr\u017eati test vremena. Sa svojim zakretnim podesivim nogama, ovi stolci osiguravaju stabilnost \u010dak i na blago neravnim podovima i \u0161tite va\u0161 pod od ogrebotina, tako da ne morate brinuti o tihim pi\u0107ima ili \u017eivahnim zabavama.\u00a0\" \/>\n<meta property=\"og:url\" content=\"https:\/\/inti.hr\/bs\/proizvod\/echo-barske-stolice-visina-63cm\/\" \/>\n<meta property=\"og:site_name\" content=\"Inti\" \/>\n<meta property=\"og:image\" content=\"https:\/\/i0.wp.com\/inti.hr\/wp-content\/uploads\/2024\/03\/LBC080B01-1-DE.jpg?fit=1000%2C1000&ssl=1\" \/>\n\t<meta property=\"og:image:width\" content=\"1000\" \/>\n\t<meta property=\"og:image:height\" content=\"1000\" \/>\n\t<meta property=\"og:image:type\" content=\"image\/jpeg\" \/>\n<meta name=\"twitter:card\" content=\"summary_large_image\" \/>\n<script type=\"application\/ld+json\" class=\"yoast-schema-graph\">{\"@context\":\"https:\/\/schema.org\",\"@graph\":[{\"@type\":\"WebPage\",\"@id\":\"https:\/\/inti.hr\/bs\/proizvod\/echo-barske-stolice-visina-63cm\/\",\"url\":\"https:\/\/inti.hr\/bs\/proizvod\/echo-barske-stolice-visina-63cm\/\",\"name\":\"Echo barske stolice visina 63cm - Inti\",\"isPartOf\":{\"@id\":\"https:\/\/inti.hr\/bs\/#website\"},\"primaryImageOfPage\":{\"@id\":\"https:\/\/inti.hr\/bs\/proizvod\/echo-barske-stolice-visina-63cm\/#primaryimage\"},\"image\":{\"@id\":\"https:\/\/inti.hr\/bs\/proizvod\/echo-barske-stolice-visina-63cm\/#primaryimage\"},\"thumbnailUrl\":\"https:\/\/i0.wp.com\/inti.hr\/wp-content\/uploads\/2024\/03\/LBC080B01-1-DE.jpg?fit=1000%2C1000&ssl=1\",\"datePublished\":\"2024-03-10T14:49:50+00:00\",\"dateModified\":\"2024-03-10T14:49:50+00:00\",\"description\":\"Na\u0161e barske stolice iz kolekcije EKHO primamljiva su mje\u0161avina umjetne ko\u017ee, delikatnih \u0161avova i elegantnih su\u017eenih nogu koje odaju po\u010dast umije\u0107u izrade i podi\u017eu va\u0161 dom na novu razinu sofisticiranosti. Ovaj set od 2 kuhinjske stolice majstorski je konstruiran i ima jedinstven dizajn s osloncima za noge na razli\u010ditim visinama koji se bez napora prilago\u0111ava velikim i malim gostima, pru\u017eaju\u0107i savr\u0161eno iskustvo sjedenja. Jeste li ikada ne\u0161to prolili? Nema problema! Na\u0161a vodootporna navlaka od umjetne ko\u017ee \u010dini \u010di\u0161\u0107enje lakim. Zajedno s nogama otpornim na ogrebotine izra\u0111enim od mat \u010delika, na\u0161i taburei trajno zadr\u017eavaju svoj visokokvalitetni \u0161arm. Prije\u0111ite rukom preko glatke navlake i utonite u 8 cm debelu, visoko elasti\u010dnu pjenu. Ove barske stolice pru\u017eaju udobno iskustvo sjedenja koje \u0107e izdr\u017eati test vremena. Sa svojim zakretnim podesivim nogama, ovi stolci osiguravaju stabilnost \u010dak i na blago neravnim podovima i \u0161tite va\u0161 pod od ogrebotina, tako da ne morate brinuti o tihim pi\u0107ima ili \u017eivahnim zabavama.\u00a0\",\"breadcrumb\":{\"@id\":\"https:\/\/inti.hr\/bs\/proizvod\/echo-barske-stolice-visina-63cm\/#breadcrumb\"},\"inLanguage\":\"bs-BA\",\"potentialAction\":[{\"@type\":\"ReadAction\",\"target\":[\"https:\/\/inti.hr\/bs\/proizvod\/echo-barske-stolice-visina-63cm\/\"]}]},{\"@type\":\"ImageObject\",\"inLanguage\":\"bs-BA\",\"@id\":\"https:\/\/inti.hr\/bs\/proizvod\/echo-barske-stolice-visina-63cm\/#primaryimage\",\"url\":\"https:\/\/i0.wp.com\/inti.hr\/wp-content\/uploads\/2024\/03\/LBC080B01-1-DE.jpg?fit=1000%2C1000&ssl=1\",\"contentUrl\":\"https:\/\/i0.wp.com\/inti.hr\/wp-content\/uploads\/2024\/03\/LBC080B01-1-DE.jpg?fit=1000%2C1000&ssl=1\",\"width\":1000,\"height\":1000,\"caption\":\"VASAGLE EKHO kolekcija - Barska stolica jednostavna monta\u017ea, karamel sme\u0111a\"},{\"@type\":\"BreadcrumbList\",\"@id\":\"https:\/\/inti.hr\/bs\/proizvod\/echo-barske-stolice-visina-63cm\/#breadcrumb\",\"itemListElement\":[{\"@type\":\"ListItem\",\"position\":1,\"name\":\"Po\u010detna stranica\",\"item\":\"https:\/\/inti.hr\/bs\/\"},{\"@type\":\"ListItem\",\"position\":2,\"name\":\"Trgovina\",\"item\":\"https:\/\/inti.hr\/bs\/trgovina\/\"},{\"@type\":\"ListItem\",\"position\":3,\"name\":\"Echo barske stolice visina 63cm\"}]},{\"@type\":\"WebSite\",\"@id\":\"https:\/\/inti.hr\/bs\/#website\",\"url\":\"https:\/\/inti.hr\/bs\/\",\"name\":\"Inti\",\"description\":\"trgovina\",\"potentialAction\":[{\"@type\":\"SearchAction\",\"target\":{\"@type\":\"EntryPoint\",\"urlTemplate\":\"https:\/\/inti.hr\/bs\/?s={search_term_string}\"},\"query-input\":{\"@type\":\"PropertyValueSpecification\",\"valueRequired\":true,\"valueName\":\"search_term_string\"}}],\"inLanguage\":\"bs-BA\"}]}<\/script>\n<!-- \/ Yoast SEO plugin. -->","yoast_head_json":{"title":"Echo barske stolice visina 63cm - Inti","description":"Na\u0161e barske stolice iz kolekcije EKHO primamljiva su mje\u0161avina umjetne ko\u017ee, delikatnih \u0161avova i elegantnih su\u017eenih nogu koje odaju po\u010dast umije\u0107u izrade i podi\u017eu va\u0161 dom na novu razinu sofisticiranosti. Ovaj set od 2 kuhinjske stolice majstorski je konstruiran i ima jedinstven dizajn s osloncima za noge na razli\u010ditim visinama koji se bez napora prilago\u0111ava velikim i malim gostima, pru\u017eaju\u0107i savr\u0161eno iskustvo sjedenja. Jeste li ikada ne\u0161to prolili? Nema problema! Na\u0161a vodootporna navlaka od umjetne ko\u017ee \u010dini \u010di\u0161\u0107enje lakim. Zajedno s nogama otpornim na ogrebotine izra\u0111enim od mat \u010delika, na\u0161i taburei trajno zadr\u017eavaju svoj visokokvalitetni \u0161arm. Prije\u0111ite rukom preko glatke navlake i utonite u 8 cm debelu, visoko elasti\u010dnu pjenu. Ove barske stolice pru\u017eaju udobno iskustvo sjedenja koje \u0107e izdr\u017eati test vremena. Sa svojim zakretnim podesivim nogama, ovi stolci osiguravaju stabilnost \u010dak i na blago neravnim podovima i \u0161tite va\u0161 pod od ogrebotina, tako da ne morate brinuti o tihim pi\u0107ima ili \u017eivahnim zabavama.\u00a0","robots":{"index":"index","follow":"follow","max-snippet":"max-snippet:-1","max-image-preview":"max-image-preview:large","max-video-preview":"max-video-preview:-1"},"canonical":"https:\/\/inti.hr\/bs\/proizvod\/echo-barske-stolice-visina-63cm\/","og_locale":"bs_BA","og_type":"article","og_title":"Echo barske stolice visina 63cm - Inti","og_description":"Na\u0161e barske stolice iz kolekcije EKHO primamljiva su mje\u0161avina umjetne ko\u017ee, delikatnih \u0161avova i elegantnih su\u017eenih nogu koje odaju po\u010dast umije\u0107u izrade i podi\u017eu va\u0161 dom na novu razinu sofisticiranosti. Ovaj set od 2 kuhinjske stolice majstorski je konstruiran i ima jedinstven dizajn s osloncima za noge na razli\u010ditim visinama koji se bez napora prilago\u0111ava velikim i malim gostima, pru\u017eaju\u0107i savr\u0161eno iskustvo sjedenja. Jeste li ikada ne\u0161to prolili? Nema problema! Na\u0161a vodootporna navlaka od umjetne ko\u017ee \u010dini \u010di\u0161\u0107enje lakim. Zajedno s nogama otpornim na ogrebotine izra\u0111enim od mat \u010delika, na\u0161i taburei trajno zadr\u017eavaju svoj visokokvalitetni \u0161arm. Prije\u0111ite rukom preko glatke navlake i utonite u 8 cm debelu, visoko elasti\u010dnu pjenu. Ove barske stolice pru\u017eaju udobno iskustvo sjedenja koje \u0107e izdr\u017eati test vremena. Sa svojim zakretnim podesivim nogama, ovi stolci osiguravaju stabilnost \u010dak i na blago neravnim podovima i \u0161tite va\u0161 pod od ogrebotina, tako da ne morate brinuti o tihim pi\u0107ima ili \u017eivahnim zabavama.\u00a0","og_url":"https:\/\/inti.hr\/bs\/proizvod\/echo-barske-stolice-visina-63cm\/","og_site_name":"Inti","og_image":[{"width":1000,"height":1000,"url":"https:\/\/i0.wp.com\/inti.hr\/wp-content\/uploads\/2024\/03\/LBC080B01-1-DE.jpg?fit=1000%2C1000&ssl=1","type":"image\/jpeg"}],"twitter_card":"summary_large_image","schema":{"@context":"https:\/\/schema.org","@graph":[{"@type":"WebPage","@id":"https:\/\/inti.hr\/bs\/proizvod\/echo-barske-stolice-visina-63cm\/","url":"https:\/\/inti.hr\/bs\/proizvod\/echo-barske-stolice-visina-63cm\/","name":"Echo barske stolice visina 63cm - Inti","isPartOf":{"@id":"https:\/\/inti.hr\/bs\/#website"},"primaryImageOfPage":{"@id":"https:\/\/inti.hr\/bs\/proizvod\/echo-barske-stolice-visina-63cm\/#primaryimage"},"image":{"@id":"https:\/\/inti.hr\/bs\/proizvod\/echo-barske-stolice-visina-63cm\/#primaryimage"},"thumbnailUrl":"https:\/\/i0.wp.com\/inti.hr\/wp-content\/uploads\/2024\/03\/LBC080B01-1-DE.jpg?fit=1000%2C1000&ssl=1","datePublished":"2024-03-10T14:49:50+00:00","dateModified":"2024-03-10T14:49:50+00:00","description":"Na\u0161e barske stolice iz kolekcije EKHO primamljiva su mje\u0161avina umjetne ko\u017ee, delikatnih \u0161avova i elegantnih su\u017eenih nogu koje odaju po\u010dast umije\u0107u izrade i podi\u017eu va\u0161 dom na novu razinu sofisticiranosti. Ovaj set od 2 kuhinjske stolice majstorski je konstruiran i ima jedinstven dizajn s osloncima za noge na razli\u010ditim visinama koji se bez napora prilago\u0111ava velikim i malim gostima, pru\u017eaju\u0107i savr\u0161eno iskustvo sjedenja. Jeste li ikada ne\u0161to prolili? Nema problema! Na\u0161a vodootporna navlaka od umjetne ko\u017ee \u010dini \u010di\u0161\u0107enje lakim. Zajedno s nogama otpornim na ogrebotine izra\u0111enim od mat \u010delika, na\u0161i taburei trajno zadr\u017eavaju svoj visokokvalitetni \u0161arm. Prije\u0111ite rukom preko glatke navlake i utonite u 8 cm debelu, visoko elasti\u010dnu pjenu. Ove barske stolice pru\u017eaju udobno iskustvo sjedenja koje \u0107e izdr\u017eati test vremena. Sa svojim zakretnim podesivim nogama, ovi stolci osiguravaju stabilnost \u010dak i na blago neravnim podovima i \u0161tite va\u0161 pod od ogrebotina, tako da ne morate brinuti o tihim pi\u0107ima ili \u017eivahnim zabavama.\u00a0","breadcrumb":{"@id":"https:\/\/inti.hr\/bs\/proizvod\/echo-barske-stolice-visina-63cm\/#breadcrumb"},"inLanguage":"bs-BA","potentialAction":[{"@type":"ReadAction","target":["https:\/\/inti.hr\/bs\/proizvod\/echo-barske-stolice-visina-63cm\/"]}]},{"@type":"ImageObject","inLanguage":"bs-BA","@id":"https:\/\/inti.hr\/bs\/proizvod\/echo-barske-stolice-visina-63cm\/#primaryimage","url":"https:\/\/i0.wp.com\/inti.hr\/wp-content\/uploads\/2024\/03\/LBC080B01-1-DE.jpg?fit=1000%2C1000&ssl=1","contentUrl":"https:\/\/i0.wp.com\/inti.hr\/wp-content\/uploads\/2024\/03\/LBC080B01-1-DE.jpg?fit=1000%2C1000&ssl=1","width":1000,"height":1000,"caption":"VASAGLE EKHO kolekcija - Barska stolica jednostavna monta\u017ea, karamel sme\u0111a"},{"@type":"BreadcrumbList","@id":"https:\/\/inti.hr\/bs\/proizvod\/echo-barske-stolice-visina-63cm\/#breadcrumb","itemListElement":[{"@type":"ListItem","position":1,"name":"Po\u010detna stranica","item":"https:\/\/inti.hr\/bs\/"},{"@type":"ListItem","position":2,"name":"Trgovina","item":"https:\/\/inti.hr\/bs\/trgovina\/"},{"@type":"ListItem","position":3,"name":"Echo barske stolice visina 63cm"}]},{"@type":"WebSite","@id":"https:\/\/inti.hr\/bs\/#website","url":"https:\/\/inti.hr\/bs\/","name":"Inti","description":"trgovina","potentialAction":[{"@type":"SearchAction","target":{"@type":"EntryPoint","urlTemplate":"https:\/\/inti.hr\/bs\/?s={search_term_string}"},"query-input":{"@type":"PropertyValueSpecification","valueRequired":true,"valueName":"search_term_string"}}],"inLanguage":"bs-BA"}]}},"jetpack_sharing_enabled":true,"jetpack-related-posts":[],"_links":{"self":[{"href":"https:\/\/inti.hr\/bs\/wp-json\/wp\/v2\/product\/37409"}],"collection":[{"href":"https:\/\/inti.hr\/bs\/wp-json\/wp\/v2\/product"}],"about":[{"href":"https:\/\/inti.hr\/bs\/wp-json\/wp\/v2\/types\/product"}],"wp:featuredmedia":[{"embeddable":true,"href":"https:\/\/inti.hr\/bs\/wp-json\/wp\/v2\/media\/37411"}],"wp:attachment":[{"href":"https:\/\/inti.hr\/bs\/wp-json\/wp\/v2\/media?parent=37409"}],"wp:term":[{"taxonomy":"product_cat","embeddable":true,"href":"https:\/\/inti.hr\/bs\/wp-json\/wp\/v2\/product_cat?post=37409"},{"taxonomy":"product_tag","embeddable":true,"href":"https:\/\/inti.hr\/bs\/wp-json\/wp\/v2\/product_tag?post=37409"}],"curies":[{"name":"wp","href":"https:\/\/api.w.org\/{rel}","templated":true}]}}