{"id":37473,"date":"2024-02-05T11:08:12","date_gmt":"2024-02-05T10:08:12","guid":{"rendered":"https:\/\/inti.hr\/product\/barske-stolice-sive-2-kom\/"},"modified":"2024-02-05T11:08:12","modified_gmt":"2024-02-05T10:08:12","slug":"barske-stolice-sive-2-kom","status":"publish","type":"product","link":"https:\/\/inti.hr\/bs\/proizvod\/barske-stolice-sive-2-kom\/","title":{"rendered":"Barske stolice sive 2 kom"},"content":{"rendered":"<p>Detalji proizvoda:<\/p>\n<p>Materijal: MDF, PVC folija, metal, poliester pra\u0161kasti premaz.<br \/>\nTe\u017eina: 12 kg. Nosivost do 120kg\/stolica.<br \/>\nDimenzije i te\u017eina paketa: 103,50*48,00*15,00cm, 13kg.<br \/>\nDimenzije proizvoda: L39*D41*H95cm (vidi sliku).<br \/>\nS uputama za monta\u017eu i vijcima, jednostavna monta\u017ea<br \/>\nSigurnost i sukladnost: Ovaj je proizvod razvijen i ispitan za ku\u0107nu upotrebu.<\/p>\n","protected":false},"excerpt":{"rendered":"<p>Stolica minimalisti\u010dke obrade koja spaja jednostavnost i prakti\u010dnost, dizajnirana u suvremenom &#8230; <\/p>\n","protected":false},"featured_media":37474,"template":"","meta":[],"product_cat":[2726],"product_tag":[2626,4812],"yoast_head":"<!-- This site is optimized with the Yoast SEO plugin v23.7 - https:\/\/yoast.com\/wordpress\/plugins\/seo\/ -->\n<title>Barske stolice sive 2 kom - Inti<\/title>\n<meta name=\"description\" content=\"Stolica minimalisti\u010dke obrade koja spaja jednostavnost i prakti\u010dnost, dizajnirana u suvremenom industrijskom stilu, prilagodit \u0107e se svakom stilu ure\u0111enja interijera. Dizajniran da vam pru\u017ei maksimalnu udobnost, zavest \u0107e vas svojom robusno\u0161\u0107u. Dizajniran je s prvoklasnim materijalima, jamstvom kvalitete.Ovaj tabure bit \u0107e savr\u0161en za pult va\u0161eg bara ili restorana, pratit \u0107e vas u njihovim trenucima opu\u0161tanja uz pi\u0107e ili dobar obrok!Oko va\u0161eg otoka ili ispred bara u industrijskom stilu, ovi \u0107e stolci stvoriti vrlo elegantan i ugodan prostor.\" \/>\n<meta name=\"robots\" content=\"index, follow, max-snippet:-1, max-image-preview:large, max-video-preview:-1\" \/>\n<link rel=\"canonical\" href=\"https:\/\/inti.hr\/bs\/proizvod\/barske-stolice-sive-2-kom\/\" \/>\n<meta property=\"og:locale\" content=\"bs_BA\" \/>\n<meta property=\"og:type\" content=\"article\" \/>\n<meta property=\"og:title\" content=\"Barske stolice sive 2 kom - Inti\" \/>\n<meta property=\"og:description\" content=\"Stolica minimalisti\u010dke obrade koja spaja jednostavnost i prakti\u010dnost, dizajnirana u suvremenom industrijskom stilu, prilagodit \u0107e se svakom stilu ure\u0111enja interijera. Dizajniran da vam pru\u017ei maksimalnu udobnost, zavest \u0107e vas svojom robusno\u0161\u0107u. Dizajniran je s prvoklasnim materijalima, jamstvom kvalitete.Ovaj tabure bit \u0107e savr\u0161en za pult va\u0161eg bara ili restorana, pratit \u0107e vas u njihovim trenucima opu\u0161tanja uz pi\u0107e ili dobar obrok!Oko va\u0161eg otoka ili ispred bara u industrijskom stilu, ovi \u0107e stolci stvoriti vrlo elegantan i ugodan prostor.\" \/>\n<meta property=\"og:url\" content=\"https:\/\/inti.hr\/bs\/proizvod\/barske-stolice-sive-2-kom\/\" \/>\n<meta property=\"og:site_name\" content=\"Inti\" \/>\n<meta property=\"og:image\" content=\"https:\/\/i0.wp.com\/inti.hr\/wp-content\/uploads\/2024\/02\/FST53-HG-S001.webp?fit=1600%2C1600&ssl=1\" \/>\n\t<meta property=\"og:image:width\" content=\"1600\" \/>\n\t<meta property=\"og:image:height\" content=\"1600\" \/>\n\t<meta property=\"og:image:type\" content=\"image\/webp\" \/>\n<meta name=\"twitter:card\" content=\"summary_large_image\" \/>\n<script type=\"application\/ld+json\" class=\"yoast-schema-graph\">{\"@context\":\"https:\/\/schema.org\",\"@graph\":[{\"@type\":\"WebPage\",\"@id\":\"https:\/\/inti.hr\/bs\/proizvod\/barske-stolice-sive-2-kom\/\",\"url\":\"https:\/\/inti.hr\/bs\/proizvod\/barske-stolice-sive-2-kom\/\",\"name\":\"Barske stolice sive 2 kom - Inti\",\"isPartOf\":{\"@id\":\"https:\/\/inti.hr\/bs\/#website\"},\"primaryImageOfPage\":{\"@id\":\"https:\/\/inti.hr\/bs\/proizvod\/barske-stolice-sive-2-kom\/#primaryimage\"},\"image\":{\"@id\":\"https:\/\/inti.hr\/bs\/proizvod\/barske-stolice-sive-2-kom\/#primaryimage\"},\"thumbnailUrl\":\"https:\/\/i0.wp.com\/inti.hr\/wp-content\/uploads\/2024\/02\/FST53-HG-S001.webp?fit=1600%2C1600&ssl=1\",\"datePublished\":\"2024-02-05T10:08:12+00:00\",\"dateModified\":\"2024-02-05T10:08:12+00:00\",\"description\":\"Stolica minimalisti\u010dke obrade koja spaja jednostavnost i prakti\u010dnost, dizajnirana u suvremenom industrijskom stilu, prilagodit \u0107e se svakom stilu ure\u0111enja interijera. Dizajniran da vam pru\u017ei maksimalnu udobnost, zavest \u0107e vas svojom robusno\u0161\u0107u. Dizajniran je s prvoklasnim materijalima, jamstvom kvalitete.Ovaj tabure bit \u0107e savr\u0161en za pult va\u0161eg bara ili restorana, pratit \u0107e vas u njihovim trenucima opu\u0161tanja uz pi\u0107e ili dobar obrok!Oko va\u0161eg otoka ili ispred bara u industrijskom stilu, ovi \u0107e stolci stvoriti vrlo elegantan i ugodan prostor.\",\"breadcrumb\":{\"@id\":\"https:\/\/inti.hr\/bs\/proizvod\/barske-stolice-sive-2-kom\/#breadcrumb\"},\"inLanguage\":\"bs-BA\",\"potentialAction\":[{\"@type\":\"ReadAction\",\"target\":[\"https:\/\/inti.hr\/bs\/proizvod\/barske-stolice-sive-2-kom\/\"]}]},{\"@type\":\"ImageObject\",\"inLanguage\":\"bs-BA\",\"@id\":\"https:\/\/inti.hr\/bs\/proizvod\/barske-stolice-sive-2-kom\/#primaryimage\",\"url\":\"https:\/\/i0.wp.com\/inti.hr\/wp-content\/uploads\/2024\/02\/FST53-HG-S001.webp?fit=1600%2C1600&ssl=1\",\"contentUrl\":\"https:\/\/i0.wp.com\/inti.hr\/wp-content\/uploads\/2024\/02\/FST53-HG-S001.webp?fit=1600%2C1600&ssl=1\",\"width\":1600,\"height\":1600},{\"@type\":\"BreadcrumbList\",\"@id\":\"https:\/\/inti.hr\/bs\/proizvod\/barske-stolice-sive-2-kom\/#breadcrumb\",\"itemListElement\":[{\"@type\":\"ListItem\",\"position\":1,\"name\":\"Po\u010detna stranica\",\"item\":\"https:\/\/inti.hr\/bs\/\"},{\"@type\":\"ListItem\",\"position\":2,\"name\":\"Trgovina\",\"item\":\"https:\/\/inti.hr\/bs\/trgovina\/\"},{\"@type\":\"ListItem\",\"position\":3,\"name\":\"Barske stolice sive 2 kom\"}]},{\"@type\":\"WebSite\",\"@id\":\"https:\/\/inti.hr\/bs\/#website\",\"url\":\"https:\/\/inti.hr\/bs\/\",\"name\":\"Inti\",\"description\":\"trgovina\",\"potentialAction\":[{\"@type\":\"SearchAction\",\"target\":{\"@type\":\"EntryPoint\",\"urlTemplate\":\"https:\/\/inti.hr\/bs\/?s={search_term_string}\"},\"query-input\":{\"@type\":\"PropertyValueSpecification\",\"valueRequired\":true,\"valueName\":\"search_term_string\"}}],\"inLanguage\":\"bs-BA\"}]}<\/script>\n<!-- \/ Yoast SEO plugin. -->","yoast_head_json":{"title":"Barske stolice sive 2 kom - Inti","description":"Stolica minimalisti\u010dke obrade koja spaja jednostavnost i prakti\u010dnost, dizajnirana u suvremenom industrijskom stilu, prilagodit \u0107e se svakom stilu ure\u0111enja interijera. Dizajniran da vam pru\u017ei maksimalnu udobnost, zavest \u0107e vas svojom robusno\u0161\u0107u. Dizajniran je s prvoklasnim materijalima, jamstvom kvalitete.Ovaj tabure bit \u0107e savr\u0161en za pult va\u0161eg bara ili restorana, pratit \u0107e vas u njihovim trenucima opu\u0161tanja uz pi\u0107e ili dobar obrok!Oko va\u0161eg otoka ili ispred bara u industrijskom stilu, ovi \u0107e stolci stvoriti vrlo elegantan i ugodan prostor.","robots":{"index":"index","follow":"follow","max-snippet":"max-snippet:-1","max-image-preview":"max-image-preview:large","max-video-preview":"max-video-preview:-1"},"canonical":"https:\/\/inti.hr\/bs\/proizvod\/barske-stolice-sive-2-kom\/","og_locale":"bs_BA","og_type":"article","og_title":"Barske stolice sive 2 kom - Inti","og_description":"Stolica minimalisti\u010dke obrade koja spaja jednostavnost i prakti\u010dnost, dizajnirana u suvremenom industrijskom stilu, prilagodit \u0107e se svakom stilu ure\u0111enja interijera. Dizajniran da vam pru\u017ei maksimalnu udobnost, zavest \u0107e vas svojom robusno\u0161\u0107u. Dizajniran je s prvoklasnim materijalima, jamstvom kvalitete.Ovaj tabure bit \u0107e savr\u0161en za pult va\u0161eg bara ili restorana, pratit \u0107e vas u njihovim trenucima opu\u0161tanja uz pi\u0107e ili dobar obrok!Oko va\u0161eg otoka ili ispred bara u industrijskom stilu, ovi \u0107e stolci stvoriti vrlo elegantan i ugodan prostor.","og_url":"https:\/\/inti.hr\/bs\/proizvod\/barske-stolice-sive-2-kom\/","og_site_name":"Inti","og_image":[{"width":1600,"height":1600,"url":"https:\/\/i0.wp.com\/inti.hr\/wp-content\/uploads\/2024\/02\/FST53-HG-S001.webp?fit=1600%2C1600&ssl=1","type":"image\/webp"}],"twitter_card":"summary_large_image","schema":{"@context":"https:\/\/schema.org","@graph":[{"@type":"WebPage","@id":"https:\/\/inti.hr\/bs\/proizvod\/barske-stolice-sive-2-kom\/","url":"https:\/\/inti.hr\/bs\/proizvod\/barske-stolice-sive-2-kom\/","name":"Barske stolice sive 2 kom - Inti","isPartOf":{"@id":"https:\/\/inti.hr\/bs\/#website"},"primaryImageOfPage":{"@id":"https:\/\/inti.hr\/bs\/proizvod\/barske-stolice-sive-2-kom\/#primaryimage"},"image":{"@id":"https:\/\/inti.hr\/bs\/proizvod\/barske-stolice-sive-2-kom\/#primaryimage"},"thumbnailUrl":"https:\/\/i0.wp.com\/inti.hr\/wp-content\/uploads\/2024\/02\/FST53-HG-S001.webp?fit=1600%2C1600&ssl=1","datePublished":"2024-02-05T10:08:12+00:00","dateModified":"2024-02-05T10:08:12+00:00","description":"Stolica minimalisti\u010dke obrade koja spaja jednostavnost i prakti\u010dnost, dizajnirana u suvremenom industrijskom stilu, prilagodit \u0107e se svakom stilu ure\u0111enja interijera. Dizajniran da vam pru\u017ei maksimalnu udobnost, zavest \u0107e vas svojom robusno\u0161\u0107u. Dizajniran je s prvoklasnim materijalima, jamstvom kvalitete.Ovaj tabure bit \u0107e savr\u0161en za pult va\u0161eg bara ili restorana, pratit \u0107e vas u njihovim trenucima opu\u0161tanja uz pi\u0107e ili dobar obrok!Oko va\u0161eg otoka ili ispred bara u industrijskom stilu, ovi \u0107e stolci stvoriti vrlo elegantan i ugodan prostor.","breadcrumb":{"@id":"https:\/\/inti.hr\/bs\/proizvod\/barske-stolice-sive-2-kom\/#breadcrumb"},"inLanguage":"bs-BA","potentialAction":[{"@type":"ReadAction","target":["https:\/\/inti.hr\/bs\/proizvod\/barske-stolice-sive-2-kom\/"]}]},{"@type":"ImageObject","inLanguage":"bs-BA","@id":"https:\/\/inti.hr\/bs\/proizvod\/barske-stolice-sive-2-kom\/#primaryimage","url":"https:\/\/i0.wp.com\/inti.hr\/wp-content\/uploads\/2024\/02\/FST53-HG-S001.webp?fit=1600%2C1600&ssl=1","contentUrl":"https:\/\/i0.wp.com\/inti.hr\/wp-content\/uploads\/2024\/02\/FST53-HG-S001.webp?fit=1600%2C1600&ssl=1","width":1600,"height":1600},{"@type":"BreadcrumbList","@id":"https:\/\/inti.hr\/bs\/proizvod\/barske-stolice-sive-2-kom\/#breadcrumb","itemListElement":[{"@type":"ListItem","position":1,"name":"Po\u010detna stranica","item":"https:\/\/inti.hr\/bs\/"},{"@type":"ListItem","position":2,"name":"Trgovina","item":"https:\/\/inti.hr\/bs\/trgovina\/"},{"@type":"ListItem","position":3,"name":"Barske stolice sive 2 kom"}]},{"@type":"WebSite","@id":"https:\/\/inti.hr\/bs\/#website","url":"https:\/\/inti.hr\/bs\/","name":"Inti","description":"trgovina","potentialAction":[{"@type":"SearchAction","target":{"@type":"EntryPoint","urlTemplate":"https:\/\/inti.hr\/bs\/?s={search_term_string}"},"query-input":{"@type":"PropertyValueSpecification","valueRequired":true,"valueName":"search_term_string"}}],"inLanguage":"bs-BA"}]}},"jetpack_sharing_enabled":true,"jetpack-related-posts":[],"_links":{"self":[{"href":"https:\/\/inti.hr\/bs\/wp-json\/wp\/v2\/product\/37473"}],"collection":[{"href":"https:\/\/inti.hr\/bs\/wp-json\/wp\/v2\/product"}],"about":[{"href":"https:\/\/inti.hr\/bs\/wp-json\/wp\/v2\/types\/product"}],"wp:featuredmedia":[{"embeddable":true,"href":"https:\/\/inti.hr\/bs\/wp-json\/wp\/v2\/media\/37474"}],"wp:attachment":[{"href":"https:\/\/inti.hr\/bs\/wp-json\/wp\/v2\/media?parent=37473"}],"wp:term":[{"taxonomy":"product_cat","embeddable":true,"href":"https:\/\/inti.hr\/bs\/wp-json\/wp\/v2\/product_cat?post=37473"},{"taxonomy":"product_tag","embeddable":true,"href":"https:\/\/inti.hr\/bs\/wp-json\/wp\/v2\/product_tag?post=37473"}],"curies":[{"name":"wp","href":"https:\/\/api.w.org\/{rel}","templated":true}]}}