{"id":37489,"date":"2024-02-02T13:39:42","date_gmt":"2024-02-02T13:39:42","guid":{"rendered":"https:\/\/inti.hr\/product\/kuhinjski-komoda-108x40x85cm\/"},"modified":"2024-02-02T13:39:42","modified_gmt":"2024-02-02T13:39:42","slug":"kuhinjski-komoda-108x40x85cm","status":"publish","type":"product","link":"https:\/\/inti.hr\/bs\/proizvod\/kuhinjski-komoda-108x40x85cm\/","title":{"rendered":"Kuhinjski komoda 108x40x85cm"},"content":{"rendered":"<p>Detalji o proizvodu:<br \/>\nTe\u017eina: oko 36,6 kg<br \/>\nTestirano za: 88 kg.<br \/>\nMaterijal: MDF(E1), akrilna boja, \u017eeljezo.<br \/>\nMjere proizvoda: 108x40x85 cm (vidi sliku).<br \/>\nDostava: u 2 paketa.<br \/>\nDimenzije paketa A: 82x47x22 cm.<br \/>\nMjere paketa B: 121&#215;48,5&#215;12,5 cm.<br \/>\nS uputama za sastavljanje i vijcima. Jednostavna instalacija.<\/p>\n","protected":false},"excerpt":{"rendered":"<p>Komode su elegantni i posebno svestrani elementi opremanja. Mogu se koristiti &#8230; <\/p>\n","protected":false},"featured_media":37490,"template":"","meta":[],"product_cat":[2418],"product_tag":[2444,4858],"yoast_head":"<!-- This site is optimized with the Yoast SEO plugin v23.7 - https:\/\/yoast.com\/wordpress\/plugins\/seo\/ -->\n<title>Kuhinjski komoda 108x40x85cm - Inti<\/title>\n<meta name=\"description\" content=\"Komode su elegantni i posebno svestrani elementi opremanja. Mogu se koristiti u svakoj prostoriji i nude puno prostora.Prekrasna staklena vrata \u010dine ovu komodu uistinu jedinstvenom. Svojim modernim dizajnom, ovaj komad namje\u0161taja odi\u0161e \u0161armom retro i seoskog stila koji savr\u0161eno pristaje uz svaki tip namje\u0161taja. Svojim ravnim i \u010distim linijama dat \u0107e va\u0161em interijeru izrazito moderan \u0161tih.Savr\u0161eno u dnevnoj sobi ili na ulazu, mo\u017ee djelovati i kao komplementarni komad namje\u0161taja u spava\u0107oj sobi za izlaganje okvira za fotografije, knjiga i drugih ukrasnih predmeta!\" \/>\n<meta name=\"robots\" content=\"index, follow, max-snippet:-1, max-image-preview:large, max-video-preview:-1\" \/>\n<link rel=\"canonical\" href=\"https:\/\/inti.hr\/bs\/proizvod\/kuhinjski-komoda-108x40x85cm\/\" \/>\n<meta property=\"og:locale\" content=\"bs_BA\" \/>\n<meta property=\"og:type\" content=\"article\" \/>\n<meta property=\"og:title\" content=\"Kuhinjski komoda 108x40x85cm - Inti\" \/>\n<meta property=\"og:description\" content=\"Komode su elegantni i posebno svestrani elementi opremanja. Mogu se koristiti u svakoj prostoriji i nude puno prostora.Prekrasna staklena vrata \u010dine ovu komodu uistinu jedinstvenom. Svojim modernim dizajnom, ovaj komad namje\u0161taja odi\u0161e \u0161armom retro i seoskog stila koji savr\u0161eno pristaje uz svaki tip namje\u0161taja. Svojim ravnim i \u010distim linijama dat \u0107e va\u0161em interijeru izrazito moderan \u0161tih.Savr\u0161eno u dnevnoj sobi ili na ulazu, mo\u017ee djelovati i kao komplementarni komad namje\u0161taja u spava\u0107oj sobi za izlaganje okvira za fotografije, knjiga i drugih ukrasnih predmeta!\" \/>\n<meta property=\"og:url\" content=\"https:\/\/inti.hr\/bs\/proizvod\/kuhinjski-komoda-108x40x85cm\/\" \/>\n<meta property=\"og:site_name\" content=\"Inti\" \/>\n<meta property=\"og:image\" content=\"https:\/\/i0.wp.com\/inti.hr\/wp-content\/uploads\/2024\/02\/FSB86-W-Y004_dcdbd807-10c1-4ee7-a2d7-2540f9a337d0_670x.webp?fit=670%2C670&ssl=1\" \/>\n\t<meta property=\"og:image:width\" content=\"670\" \/>\n\t<meta property=\"og:image:height\" content=\"670\" \/>\n\t<meta property=\"og:image:type\" content=\"image\/webp\" \/>\n<meta name=\"twitter:card\" content=\"summary_large_image\" \/>\n<script type=\"application\/ld+json\" class=\"yoast-schema-graph\">{\"@context\":\"https:\/\/schema.org\",\"@graph\":[{\"@type\":\"WebPage\",\"@id\":\"https:\/\/inti.hr\/bs\/proizvod\/kuhinjski-komoda-108x40x85cm\/\",\"url\":\"https:\/\/inti.hr\/bs\/proizvod\/kuhinjski-komoda-108x40x85cm\/\",\"name\":\"Kuhinjski komoda 108x40x85cm - Inti\",\"isPartOf\":{\"@id\":\"https:\/\/inti.hr\/bs\/#website\"},\"primaryImageOfPage\":{\"@id\":\"https:\/\/inti.hr\/bs\/proizvod\/kuhinjski-komoda-108x40x85cm\/#primaryimage\"},\"image\":{\"@id\":\"https:\/\/inti.hr\/bs\/proizvod\/kuhinjski-komoda-108x40x85cm\/#primaryimage\"},\"thumbnailUrl\":\"https:\/\/i0.wp.com\/inti.hr\/wp-content\/uploads\/2024\/02\/FSB86-W-Y004_dcdbd807-10c1-4ee7-a2d7-2540f9a337d0_670x.webp?fit=670%2C670&ssl=1\",\"datePublished\":\"2024-02-02T13:39:42+00:00\",\"dateModified\":\"2024-02-02T13:39:42+00:00\",\"description\":\"Komode su elegantni i posebno svestrani elementi opremanja. Mogu se koristiti u svakoj prostoriji i nude puno prostora.Prekrasna staklena vrata \u010dine ovu komodu uistinu jedinstvenom. Svojim modernim dizajnom, ovaj komad namje\u0161taja odi\u0161e \u0161armom retro i seoskog stila koji savr\u0161eno pristaje uz svaki tip namje\u0161taja. Svojim ravnim i \u010distim linijama dat \u0107e va\u0161em interijeru izrazito moderan \u0161tih.Savr\u0161eno u dnevnoj sobi ili na ulazu, mo\u017ee djelovati i kao komplementarni komad namje\u0161taja u spava\u0107oj sobi za izlaganje okvira za fotografije, knjiga i drugih ukrasnih predmeta!\",\"breadcrumb\":{\"@id\":\"https:\/\/inti.hr\/bs\/proizvod\/kuhinjski-komoda-108x40x85cm\/#breadcrumb\"},\"inLanguage\":\"bs-BA\",\"potentialAction\":[{\"@type\":\"ReadAction\",\"target\":[\"https:\/\/inti.hr\/bs\/proizvod\/kuhinjski-komoda-108x40x85cm\/\"]}]},{\"@type\":\"ImageObject\",\"inLanguage\":\"bs-BA\",\"@id\":\"https:\/\/inti.hr\/bs\/proizvod\/kuhinjski-komoda-108x40x85cm\/#primaryimage\",\"url\":\"https:\/\/i0.wp.com\/inti.hr\/wp-content\/uploads\/2024\/02\/FSB86-W-Y004_dcdbd807-10c1-4ee7-a2d7-2540f9a337d0_670x.webp?fit=670%2C670&ssl=1\",\"contentUrl\":\"https:\/\/i0.wp.com\/inti.hr\/wp-content\/uploads\/2024\/02\/FSB86-W-Y004_dcdbd807-10c1-4ee7-a2d7-2540f9a337d0_670x.webp?fit=670%2C670&ssl=1\",\"width\":670,\"height\":670},{\"@type\":\"BreadcrumbList\",\"@id\":\"https:\/\/inti.hr\/bs\/proizvod\/kuhinjski-komoda-108x40x85cm\/#breadcrumb\",\"itemListElement\":[{\"@type\":\"ListItem\",\"position\":1,\"name\":\"Po\u010detna stranica\",\"item\":\"https:\/\/inti.hr\/bs\/\"},{\"@type\":\"ListItem\",\"position\":2,\"name\":\"Trgovina\",\"item\":\"https:\/\/inti.hr\/bs\/trgovina\/\"},{\"@type\":\"ListItem\",\"position\":3,\"name\":\"Kuhinjski komoda 108x40x85cm\"}]},{\"@type\":\"WebSite\",\"@id\":\"https:\/\/inti.hr\/bs\/#website\",\"url\":\"https:\/\/inti.hr\/bs\/\",\"name\":\"Inti\",\"description\":\"trgovina\",\"potentialAction\":[{\"@type\":\"SearchAction\",\"target\":{\"@type\":\"EntryPoint\",\"urlTemplate\":\"https:\/\/inti.hr\/bs\/?s={search_term_string}\"},\"query-input\":{\"@type\":\"PropertyValueSpecification\",\"valueRequired\":true,\"valueName\":\"search_term_string\"}}],\"inLanguage\":\"bs-BA\"}]}<\/script>\n<!-- \/ Yoast SEO plugin. -->","yoast_head_json":{"title":"Kuhinjski komoda 108x40x85cm - Inti","description":"Komode su elegantni i posebno svestrani elementi opremanja. Mogu se koristiti u svakoj prostoriji i nude puno prostora.Prekrasna staklena vrata \u010dine ovu komodu uistinu jedinstvenom. Svojim modernim dizajnom, ovaj komad namje\u0161taja odi\u0161e \u0161armom retro i seoskog stila koji savr\u0161eno pristaje uz svaki tip namje\u0161taja. Svojim ravnim i \u010distim linijama dat \u0107e va\u0161em interijeru izrazito moderan \u0161tih.Savr\u0161eno u dnevnoj sobi ili na ulazu, mo\u017ee djelovati i kao komplementarni komad namje\u0161taja u spava\u0107oj sobi za izlaganje okvira za fotografije, knjiga i drugih ukrasnih predmeta!","robots":{"index":"index","follow":"follow","max-snippet":"max-snippet:-1","max-image-preview":"max-image-preview:large","max-video-preview":"max-video-preview:-1"},"canonical":"https:\/\/inti.hr\/bs\/proizvod\/kuhinjski-komoda-108x40x85cm\/","og_locale":"bs_BA","og_type":"article","og_title":"Kuhinjski komoda 108x40x85cm - Inti","og_description":"Komode su elegantni i posebno svestrani elementi opremanja. Mogu se koristiti u svakoj prostoriji i nude puno prostora.Prekrasna staklena vrata \u010dine ovu komodu uistinu jedinstvenom. Svojim modernim dizajnom, ovaj komad namje\u0161taja odi\u0161e \u0161armom retro i seoskog stila koji savr\u0161eno pristaje uz svaki tip namje\u0161taja. Svojim ravnim i \u010distim linijama dat \u0107e va\u0161em interijeru izrazito moderan \u0161tih.Savr\u0161eno u dnevnoj sobi ili na ulazu, mo\u017ee djelovati i kao komplementarni komad namje\u0161taja u spava\u0107oj sobi za izlaganje okvira za fotografije, knjiga i drugih ukrasnih predmeta!","og_url":"https:\/\/inti.hr\/bs\/proizvod\/kuhinjski-komoda-108x40x85cm\/","og_site_name":"Inti","og_image":[{"width":670,"height":670,"url":"https:\/\/i0.wp.com\/inti.hr\/wp-content\/uploads\/2024\/02\/FSB86-W-Y004_dcdbd807-10c1-4ee7-a2d7-2540f9a337d0_670x.webp?fit=670%2C670&ssl=1","type":"image\/webp"}],"twitter_card":"summary_large_image","schema":{"@context":"https:\/\/schema.org","@graph":[{"@type":"WebPage","@id":"https:\/\/inti.hr\/bs\/proizvod\/kuhinjski-komoda-108x40x85cm\/","url":"https:\/\/inti.hr\/bs\/proizvod\/kuhinjski-komoda-108x40x85cm\/","name":"Kuhinjski komoda 108x40x85cm - Inti","isPartOf":{"@id":"https:\/\/inti.hr\/bs\/#website"},"primaryImageOfPage":{"@id":"https:\/\/inti.hr\/bs\/proizvod\/kuhinjski-komoda-108x40x85cm\/#primaryimage"},"image":{"@id":"https:\/\/inti.hr\/bs\/proizvod\/kuhinjski-komoda-108x40x85cm\/#primaryimage"},"thumbnailUrl":"https:\/\/i0.wp.com\/inti.hr\/wp-content\/uploads\/2024\/02\/FSB86-W-Y004_dcdbd807-10c1-4ee7-a2d7-2540f9a337d0_670x.webp?fit=670%2C670&ssl=1","datePublished":"2024-02-02T13:39:42+00:00","dateModified":"2024-02-02T13:39:42+00:00","description":"Komode su elegantni i posebno svestrani elementi opremanja. Mogu se koristiti u svakoj prostoriji i nude puno prostora.Prekrasna staklena vrata \u010dine ovu komodu uistinu jedinstvenom. Svojim modernim dizajnom, ovaj komad namje\u0161taja odi\u0161e \u0161armom retro i seoskog stila koji savr\u0161eno pristaje uz svaki tip namje\u0161taja. Svojim ravnim i \u010distim linijama dat \u0107e va\u0161em interijeru izrazito moderan \u0161tih.Savr\u0161eno u dnevnoj sobi ili na ulazu, mo\u017ee djelovati i kao komplementarni komad namje\u0161taja u spava\u0107oj sobi za izlaganje okvira za fotografije, knjiga i drugih ukrasnih predmeta!","breadcrumb":{"@id":"https:\/\/inti.hr\/bs\/proizvod\/kuhinjski-komoda-108x40x85cm\/#breadcrumb"},"inLanguage":"bs-BA","potentialAction":[{"@type":"ReadAction","target":["https:\/\/inti.hr\/bs\/proizvod\/kuhinjski-komoda-108x40x85cm\/"]}]},{"@type":"ImageObject","inLanguage":"bs-BA","@id":"https:\/\/inti.hr\/bs\/proizvod\/kuhinjski-komoda-108x40x85cm\/#primaryimage","url":"https:\/\/i0.wp.com\/inti.hr\/wp-content\/uploads\/2024\/02\/FSB86-W-Y004_dcdbd807-10c1-4ee7-a2d7-2540f9a337d0_670x.webp?fit=670%2C670&ssl=1","contentUrl":"https:\/\/i0.wp.com\/inti.hr\/wp-content\/uploads\/2024\/02\/FSB86-W-Y004_dcdbd807-10c1-4ee7-a2d7-2540f9a337d0_670x.webp?fit=670%2C670&ssl=1","width":670,"height":670},{"@type":"BreadcrumbList","@id":"https:\/\/inti.hr\/bs\/proizvod\/kuhinjski-komoda-108x40x85cm\/#breadcrumb","itemListElement":[{"@type":"ListItem","position":1,"name":"Po\u010detna stranica","item":"https:\/\/inti.hr\/bs\/"},{"@type":"ListItem","position":2,"name":"Trgovina","item":"https:\/\/inti.hr\/bs\/trgovina\/"},{"@type":"ListItem","position":3,"name":"Kuhinjski komoda 108x40x85cm"}]},{"@type":"WebSite","@id":"https:\/\/inti.hr\/bs\/#website","url":"https:\/\/inti.hr\/bs\/","name":"Inti","description":"trgovina","potentialAction":[{"@type":"SearchAction","target":{"@type":"EntryPoint","urlTemplate":"https:\/\/inti.hr\/bs\/?s={search_term_string}"},"query-input":{"@type":"PropertyValueSpecification","valueRequired":true,"valueName":"search_term_string"}}],"inLanguage":"bs-BA"}]}},"jetpack_sharing_enabled":true,"jetpack-related-posts":[],"_links":{"self":[{"href":"https:\/\/inti.hr\/bs\/wp-json\/wp\/v2\/product\/37489"}],"collection":[{"href":"https:\/\/inti.hr\/bs\/wp-json\/wp\/v2\/product"}],"about":[{"href":"https:\/\/inti.hr\/bs\/wp-json\/wp\/v2\/types\/product"}],"wp:featuredmedia":[{"embeddable":true,"href":"https:\/\/inti.hr\/bs\/wp-json\/wp\/v2\/media\/37490"}],"wp:attachment":[{"href":"https:\/\/inti.hr\/bs\/wp-json\/wp\/v2\/media?parent=37489"}],"wp:term":[{"taxonomy":"product_cat","embeddable":true,"href":"https:\/\/inti.hr\/bs\/wp-json\/wp\/v2\/product_cat?post=37489"},{"taxonomy":"product_tag","embeddable":true,"href":"https:\/\/inti.hr\/bs\/wp-json\/wp\/v2\/product_tag?post=37489"}],"curies":[{"name":"wp","href":"https:\/\/api.w.org\/{rel}","templated":true}]}}