{"id":37541,"date":"2024-01-30T16:23:32","date_gmt":"2024-01-30T16:23:32","guid":{"rendered":"https:\/\/inti.hr\/product\/3-dijelni-police-hjartdal\/"},"modified":"2024-01-30T16:23:32","modified_gmt":"2024-01-30T16:23:32","slug":"3-dijelni-police-hjartdal","status":"publish","type":"product","link":"https:\/\/inti.hr\/bs\/proizvod\/3-dijelni-police-hjartdal\/","title":{"rendered":"3-dijelni police Hjartdal"},"content":{"rendered":"<p>Detalji proizvoda:<\/p>\n<p>&#8211; Tri stola na postolju razli\u010dite veli\u010dine u setu<br \/>\n&#8211; Idealno za dekoraciju i biljke<br \/>\n&#8211; Dodatni prostor za pohranu zahvaljuju\u0107i donjoj polici svakog stola<br \/>\n&#8211; \u010cetvrtasti oblik plo\u010de stola<br \/>\n&#8211; Neobi\u010dan i bezvremenski dizajn<br \/>\n&#8211; Svestrani stol za gnije\u017e\u0111enje<br \/>\n&#8211; Brzo i jednostavno postavljanje<\/p>\n<p>Materijal:<\/p>\n<p>&#8211; Police: iveral<br \/>\n&#8211; Okvir: \u010delik<\/p>\n<p>Dimenzije:<\/p>\n<p>&#8211; Mali stol (Vx\u0160xD): 60 x 25 x 25 cm<br \/>\n&#8211; Srednji stol (Vx\u0160xD): 70 x 25 x 25 cm<br \/>\n&#8211; Veliki stol (Vx\u0160xD): 80 x 25 x 25 cm<\/p>\n<p>Boja:<\/p>\n<p>&#8211; Police: boje drveta<br \/>\n&#8211; Okvir: crni<\/p>\n","protected":false},"excerpt":{"rendered":"<p>Ovi neobi\u010dni cvjetni stoli\u0107i savr\u0161en su dodatak dizajnu va\u0161eg \u017eivotnog prostora. &#8230; <\/p>\n","protected":false},"featured_media":37542,"template":"","meta":[],"product_cat":[2890],"product_tag":[5182,3500],"yoast_head":"<!-- This site is optimized with the Yoast SEO plugin v23.7 - https:\/\/yoast.com\/wordpress\/plugins\/seo\/ -->\n<title>3-dijelni police Hjartdal - Inti<\/title>\n<meta name=\"description\" content=\"Ovi neobi\u010dni cvjetni stoli\u0107i savr\u0161en su dodatak dizajnu va\u0161eg \u017eivotnog prostora. Svojim bezvremenskim dizajnom besprijekorno se uklapaju u svaku prostoriju i daju joj odre\u0111enu eleganciju.Stolovi na postolju nude beskrajne mogu\u0107nosti za va\u0161 \u017eivotni prostor. Savr\u0161ene su za izlaganje cvije\u0107a, biljaka i drugih ukrasnih predmeta. Donja polica nudi dodatni prostor za pohranu.Set uklju\u010duje tri stola u razli\u010ditim veli\u010dinama, koji vam uvijek nude mogu\u0107nost da svoje osobne stvari dr\u017eite nadohvat ruke. Sastavljanje je jednostavno i \u0161tedi vrijeme.\" \/>\n<meta name=\"robots\" content=\"index, follow, max-snippet:-1, max-image-preview:large, max-video-preview:-1\" \/>\n<link rel=\"canonical\" href=\"https:\/\/inti.hr\/bs\/proizvod\/3-dijelni-police-hjartdal\/\" \/>\n<meta property=\"og:locale\" content=\"bs_BA\" \/>\n<meta property=\"og:type\" content=\"article\" \/>\n<meta property=\"og:title\" content=\"3-dijelni police Hjartdal - Inti\" \/>\n<meta property=\"og:description\" content=\"Ovi neobi\u010dni cvjetni stoli\u0107i savr\u0161en su dodatak dizajnu va\u0161eg \u017eivotnog prostora. Svojim bezvremenskim dizajnom besprijekorno se uklapaju u svaku prostoriju i daju joj odre\u0111enu eleganciju.Stolovi na postolju nude beskrajne mogu\u0107nosti za va\u0161 \u017eivotni prostor. Savr\u0161ene su za izlaganje cvije\u0107a, biljaka i drugih ukrasnih predmeta. Donja polica nudi dodatni prostor za pohranu.Set uklju\u010duje tri stola u razli\u010ditim veli\u010dinama, koji vam uvijek nude mogu\u0107nost da svoje osobne stvari dr\u017eite nadohvat ruke. Sastavljanje je jednostavno i \u0161tedi vrijeme.\" \/>\n<meta property=\"og:url\" content=\"https:\/\/inti.hr\/bs\/proizvod\/3-dijelni-police-hjartdal\/\" \/>\n<meta property=\"og:site_name\" content=\"Inti\" \/>\n<meta property=\"og:image\" content=\"https:\/\/i0.wp.com\/inti.hr\/wp-content\/uploads\/2024\/01\/af8a9988ad8f3486f626106d6e445588.jpg?fit=1400%2C1400&ssl=1\" \/>\n\t<meta property=\"og:image:width\" content=\"1400\" \/>\n\t<meta property=\"og:image:height\" content=\"1400\" \/>\n\t<meta property=\"og:image:type\" content=\"image\/jpeg\" \/>\n<meta name=\"twitter:card\" content=\"summary_large_image\" \/>\n<script type=\"application\/ld+json\" class=\"yoast-schema-graph\">{\"@context\":\"https:\/\/schema.org\",\"@graph\":[{\"@type\":\"WebPage\",\"@id\":\"https:\/\/inti.hr\/bs\/proizvod\/3-dijelni-police-hjartdal\/\",\"url\":\"https:\/\/inti.hr\/bs\/proizvod\/3-dijelni-police-hjartdal\/\",\"name\":\"3-dijelni police Hjartdal - Inti\",\"isPartOf\":{\"@id\":\"https:\/\/inti.hr\/bs\/#website\"},\"primaryImageOfPage\":{\"@id\":\"https:\/\/inti.hr\/bs\/proizvod\/3-dijelni-police-hjartdal\/#primaryimage\"},\"image\":{\"@id\":\"https:\/\/inti.hr\/bs\/proizvod\/3-dijelni-police-hjartdal\/#primaryimage\"},\"thumbnailUrl\":\"https:\/\/i0.wp.com\/inti.hr\/wp-content\/uploads\/2024\/01\/af8a9988ad8f3486f626106d6e445588.jpg?fit=1400%2C1400&ssl=1\",\"datePublished\":\"2024-01-30T16:23:32+00:00\",\"dateModified\":\"2024-01-30T16:23:32+00:00\",\"description\":\"Ovi neobi\u010dni cvjetni stoli\u0107i savr\u0161en su dodatak dizajnu va\u0161eg \u017eivotnog prostora. Svojim bezvremenskim dizajnom besprijekorno se uklapaju u svaku prostoriju i daju joj odre\u0111enu eleganciju.Stolovi na postolju nude beskrajne mogu\u0107nosti za va\u0161 \u017eivotni prostor. Savr\u0161ene su za izlaganje cvije\u0107a, biljaka i drugih ukrasnih predmeta. Donja polica nudi dodatni prostor za pohranu.Set uklju\u010duje tri stola u razli\u010ditim veli\u010dinama, koji vam uvijek nude mogu\u0107nost da svoje osobne stvari dr\u017eite nadohvat ruke. Sastavljanje je jednostavno i \u0161tedi vrijeme.\",\"breadcrumb\":{\"@id\":\"https:\/\/inti.hr\/bs\/proizvod\/3-dijelni-police-hjartdal\/#breadcrumb\"},\"inLanguage\":\"bs-BA\",\"potentialAction\":[{\"@type\":\"ReadAction\",\"target\":[\"https:\/\/inti.hr\/bs\/proizvod\/3-dijelni-police-hjartdal\/\"]}]},{\"@type\":\"ImageObject\",\"inLanguage\":\"bs-BA\",\"@id\":\"https:\/\/inti.hr\/bs\/proizvod\/3-dijelni-police-hjartdal\/#primaryimage\",\"url\":\"https:\/\/i0.wp.com\/inti.hr\/wp-content\/uploads\/2024\/01\/af8a9988ad8f3486f626106d6e445588.jpg?fit=1400%2C1400&ssl=1\",\"contentUrl\":\"https:\/\/i0.wp.com\/inti.hr\/wp-content\/uploads\/2024\/01\/af8a9988ad8f3486f626106d6e445588.jpg?fit=1400%2C1400&ssl=1\",\"width\":1400,\"height\":1400,\"caption\":\"3-dijelni police Hjartdal\"},{\"@type\":\"BreadcrumbList\",\"@id\":\"https:\/\/inti.hr\/bs\/proizvod\/3-dijelni-police-hjartdal\/#breadcrumb\",\"itemListElement\":[{\"@type\":\"ListItem\",\"position\":1,\"name\":\"Po\u010detna stranica\",\"item\":\"https:\/\/inti.hr\/bs\/\"},{\"@type\":\"ListItem\",\"position\":2,\"name\":\"Trgovina\",\"item\":\"https:\/\/inti.hr\/bs\/trgovina\/\"},{\"@type\":\"ListItem\",\"position\":3,\"name\":\"3-dijelni police Hjartdal\"}]},{\"@type\":\"WebSite\",\"@id\":\"https:\/\/inti.hr\/bs\/#website\",\"url\":\"https:\/\/inti.hr\/bs\/\",\"name\":\"Inti\",\"description\":\"trgovina\",\"potentialAction\":[{\"@type\":\"SearchAction\",\"target\":{\"@type\":\"EntryPoint\",\"urlTemplate\":\"https:\/\/inti.hr\/bs\/?s={search_term_string}\"},\"query-input\":{\"@type\":\"PropertyValueSpecification\",\"valueRequired\":true,\"valueName\":\"search_term_string\"}}],\"inLanguage\":\"bs-BA\"}]}<\/script>\n<!-- \/ Yoast SEO plugin. -->","yoast_head_json":{"title":"3-dijelni police Hjartdal - Inti","description":"Ovi neobi\u010dni cvjetni stoli\u0107i savr\u0161en su dodatak dizajnu va\u0161eg \u017eivotnog prostora. Svojim bezvremenskim dizajnom besprijekorno se uklapaju u svaku prostoriju i daju joj odre\u0111enu eleganciju.Stolovi na postolju nude beskrajne mogu\u0107nosti za va\u0161 \u017eivotni prostor. Savr\u0161ene su za izlaganje cvije\u0107a, biljaka i drugih ukrasnih predmeta. Donja polica nudi dodatni prostor za pohranu.Set uklju\u010duje tri stola u razli\u010ditim veli\u010dinama, koji vam uvijek nude mogu\u0107nost da svoje osobne stvari dr\u017eite nadohvat ruke. Sastavljanje je jednostavno i \u0161tedi vrijeme.","robots":{"index":"index","follow":"follow","max-snippet":"max-snippet:-1","max-image-preview":"max-image-preview:large","max-video-preview":"max-video-preview:-1"},"canonical":"https:\/\/inti.hr\/bs\/proizvod\/3-dijelni-police-hjartdal\/","og_locale":"bs_BA","og_type":"article","og_title":"3-dijelni police Hjartdal - Inti","og_description":"Ovi neobi\u010dni cvjetni stoli\u0107i savr\u0161en su dodatak dizajnu va\u0161eg \u017eivotnog prostora. Svojim bezvremenskim dizajnom besprijekorno se uklapaju u svaku prostoriju i daju joj odre\u0111enu eleganciju.Stolovi na postolju nude beskrajne mogu\u0107nosti za va\u0161 \u017eivotni prostor. Savr\u0161ene su za izlaganje cvije\u0107a, biljaka i drugih ukrasnih predmeta. Donja polica nudi dodatni prostor za pohranu.Set uklju\u010duje tri stola u razli\u010ditim veli\u010dinama, koji vam uvijek nude mogu\u0107nost da svoje osobne stvari dr\u017eite nadohvat ruke. Sastavljanje je jednostavno i \u0161tedi vrijeme.","og_url":"https:\/\/inti.hr\/bs\/proizvod\/3-dijelni-police-hjartdal\/","og_site_name":"Inti","og_image":[{"width":1400,"height":1400,"url":"https:\/\/i0.wp.com\/inti.hr\/wp-content\/uploads\/2024\/01\/af8a9988ad8f3486f626106d6e445588.jpg?fit=1400%2C1400&ssl=1","type":"image\/jpeg"}],"twitter_card":"summary_large_image","schema":{"@context":"https:\/\/schema.org","@graph":[{"@type":"WebPage","@id":"https:\/\/inti.hr\/bs\/proizvod\/3-dijelni-police-hjartdal\/","url":"https:\/\/inti.hr\/bs\/proizvod\/3-dijelni-police-hjartdal\/","name":"3-dijelni police Hjartdal - Inti","isPartOf":{"@id":"https:\/\/inti.hr\/bs\/#website"},"primaryImageOfPage":{"@id":"https:\/\/inti.hr\/bs\/proizvod\/3-dijelni-police-hjartdal\/#primaryimage"},"image":{"@id":"https:\/\/inti.hr\/bs\/proizvod\/3-dijelni-police-hjartdal\/#primaryimage"},"thumbnailUrl":"https:\/\/i0.wp.com\/inti.hr\/wp-content\/uploads\/2024\/01\/af8a9988ad8f3486f626106d6e445588.jpg?fit=1400%2C1400&ssl=1","datePublished":"2024-01-30T16:23:32+00:00","dateModified":"2024-01-30T16:23:32+00:00","description":"Ovi neobi\u010dni cvjetni stoli\u0107i savr\u0161en su dodatak dizajnu va\u0161eg \u017eivotnog prostora. Svojim bezvremenskim dizajnom besprijekorno se uklapaju u svaku prostoriju i daju joj odre\u0111enu eleganciju.Stolovi na postolju nude beskrajne mogu\u0107nosti za va\u0161 \u017eivotni prostor. Savr\u0161ene su za izlaganje cvije\u0107a, biljaka i drugih ukrasnih predmeta. Donja polica nudi dodatni prostor za pohranu.Set uklju\u010duje tri stola u razli\u010ditim veli\u010dinama, koji vam uvijek nude mogu\u0107nost da svoje osobne stvari dr\u017eite nadohvat ruke. Sastavljanje je jednostavno i \u0161tedi vrijeme.","breadcrumb":{"@id":"https:\/\/inti.hr\/bs\/proizvod\/3-dijelni-police-hjartdal\/#breadcrumb"},"inLanguage":"bs-BA","potentialAction":[{"@type":"ReadAction","target":["https:\/\/inti.hr\/bs\/proizvod\/3-dijelni-police-hjartdal\/"]}]},{"@type":"ImageObject","inLanguage":"bs-BA","@id":"https:\/\/inti.hr\/bs\/proizvod\/3-dijelni-police-hjartdal\/#primaryimage","url":"https:\/\/i0.wp.com\/inti.hr\/wp-content\/uploads\/2024\/01\/af8a9988ad8f3486f626106d6e445588.jpg?fit=1400%2C1400&ssl=1","contentUrl":"https:\/\/i0.wp.com\/inti.hr\/wp-content\/uploads\/2024\/01\/af8a9988ad8f3486f626106d6e445588.jpg?fit=1400%2C1400&ssl=1","width":1400,"height":1400,"caption":"3-dijelni police Hjartdal"},{"@type":"BreadcrumbList","@id":"https:\/\/inti.hr\/bs\/proizvod\/3-dijelni-police-hjartdal\/#breadcrumb","itemListElement":[{"@type":"ListItem","position":1,"name":"Po\u010detna stranica","item":"https:\/\/inti.hr\/bs\/"},{"@type":"ListItem","position":2,"name":"Trgovina","item":"https:\/\/inti.hr\/bs\/trgovina\/"},{"@type":"ListItem","position":3,"name":"3-dijelni police Hjartdal"}]},{"@type":"WebSite","@id":"https:\/\/inti.hr\/bs\/#website","url":"https:\/\/inti.hr\/bs\/","name":"Inti","description":"trgovina","potentialAction":[{"@type":"SearchAction","target":{"@type":"EntryPoint","urlTemplate":"https:\/\/inti.hr\/bs\/?s={search_term_string}"},"query-input":{"@type":"PropertyValueSpecification","valueRequired":true,"valueName":"search_term_string"}}],"inLanguage":"bs-BA"}]}},"jetpack_sharing_enabled":true,"jetpack-related-posts":[],"_links":{"self":[{"href":"https:\/\/inti.hr\/bs\/wp-json\/wp\/v2\/product\/37541"}],"collection":[{"href":"https:\/\/inti.hr\/bs\/wp-json\/wp\/v2\/product"}],"about":[{"href":"https:\/\/inti.hr\/bs\/wp-json\/wp\/v2\/types\/product"}],"wp:featuredmedia":[{"embeddable":true,"href":"https:\/\/inti.hr\/bs\/wp-json\/wp\/v2\/media\/37542"}],"wp:attachment":[{"href":"https:\/\/inti.hr\/bs\/wp-json\/wp\/v2\/media?parent=37541"}],"wp:term":[{"taxonomy":"product_cat","embeddable":true,"href":"https:\/\/inti.hr\/bs\/wp-json\/wp\/v2\/product_cat?post=37541"},{"taxonomy":"product_tag","embeddable":true,"href":"https:\/\/inti.hr\/bs\/wp-json\/wp\/v2\/product_tag?post=37541"}],"curies":[{"name":"wp","href":"https:\/\/api.w.org\/{rel}","templated":true}]}}