{"id":37545,"date":"2024-01-30T16:05:25","date_gmt":"2024-01-30T16:05:25","guid":{"rendered":"https:\/\/inti.hr\/product\/stalak-za-kapute-holtalen\/"},"modified":"2024-01-30T16:05:25","modified_gmt":"2024-01-30T16:05:25","slug":"stalak-za-kapute-holtalen","status":"publish","type":"product","link":"https:\/\/inti.hr\/bs\/proizvod\/stalak-za-kapute-holtalen\/","title":{"rendered":"Stalak za kapute Holt\u00e5len"},"content":{"rendered":"<p>Detalji proizvoda:<\/p>\n<p>&#8211; Elegantna vje\u0161alica za kapute s dvije \u0161ipke za odje\u0107u<br \/>\n&#8211; Za vje\u0161anje jakni, kaputa, \u0161alova i vi\u0161e<br \/>\n&#8211; Idealno za garderobu ili va\u0161 ulazni prostor<br \/>\n&#8211; Brzo i jednostavno postavljanje<\/p>\n<p>&#8211; Ukupno (Vx\u0160xD): 90 x 40 x 25 cm<br \/>\n&#8211; Visina prednje strane: 70 cm<br \/>\n&#8211; Profil: 2 x 2 cm<\/p>\n<p>Materijal:<\/p>\n<p>\u017eeljezo<\/p>\n","protected":false},"excerpt":{"rendered":"<p>Stalak za odje\u0107u ne samo da nudi preglednu pohranu va\u0161e odje\u0107e, &#8230; <\/p>\n","protected":false},"featured_media":37546,"template":"","meta":[],"product_cat":[2632],"product_tag":[3022],"yoast_head":"<!-- This site is optimized with the Yoast SEO plugin v23.7 - https:\/\/yoast.com\/wordpress\/plugins\/seo\/ -->\n<title>Stalak za kapute Holt\u00e5len - Inti<\/title>\n<meta name=\"description\" content=\"Stalak za odje\u0107u ne samo da nudi preglednu pohranu va\u0161e odje\u0107e, ve\u0107 tako\u0111er postavlja stilske naglaske u va\u0161em domu. Opremljen s dvije \u0161ipke za odje\u0107u, ovaj stalak nudi velikodu\u0161an prostor za jakne, kapute i dodatke.Ovu vje\u0161alicu za kapute lako je sastaviti pomo\u0107u jednostavnih uputa za sastavljanje. \u010cvrsta konstrukcija osigurava pouzdanu stabilnost, dok jednostavan dizajn pristaje i estetski nadopunjuje svaku prostoriju.Organizirajte svoj ulaz ili garderobu s ovom svestranom vje\u0161alicom za kapute.\" \/>\n<meta name=\"robots\" content=\"index, follow, max-snippet:-1, max-image-preview:large, max-video-preview:-1\" \/>\n<link rel=\"canonical\" href=\"https:\/\/inti.hr\/bs\/proizvod\/stalak-za-kapute-holtalen\/\" \/>\n<meta property=\"og:locale\" content=\"bs_BA\" \/>\n<meta property=\"og:type\" content=\"article\" \/>\n<meta property=\"og:title\" content=\"Stalak za kapute Holt\u00e5len - Inti\" \/>\n<meta property=\"og:description\" content=\"Stalak za odje\u0107u ne samo da nudi preglednu pohranu va\u0161e odje\u0107e, ve\u0107 tako\u0111er postavlja stilske naglaske u va\u0161em domu. Opremljen s dvije \u0161ipke za odje\u0107u, ovaj stalak nudi velikodu\u0161an prostor za jakne, kapute i dodatke.Ovu vje\u0161alicu za kapute lako je sastaviti pomo\u0107u jednostavnih uputa za sastavljanje. \u010cvrsta konstrukcija osigurava pouzdanu stabilnost, dok jednostavan dizajn pristaje i estetski nadopunjuje svaku prostoriju.Organizirajte svoj ulaz ili garderobu s ovom svestranom vje\u0161alicom za kapute.\" \/>\n<meta property=\"og:url\" content=\"https:\/\/inti.hr\/bs\/proizvod\/stalak-za-kapute-holtalen\/\" \/>\n<meta property=\"og:site_name\" content=\"Inti\" \/>\n<meta property=\"og:image\" content=\"https:\/\/i0.wp.com\/inti.hr\/wp-content\/uploads\/2024\/01\/b26179ab72817d82e9bb2ab931ac0f54.jpg?fit=1400%2C1400&ssl=1\" \/>\n\t<meta property=\"og:image:width\" content=\"1400\" \/>\n\t<meta property=\"og:image:height\" content=\"1400\" \/>\n\t<meta property=\"og:image:type\" content=\"image\/jpeg\" \/>\n<meta name=\"twitter:card\" content=\"summary_large_image\" \/>\n<script type=\"application\/ld+json\" class=\"yoast-schema-graph\">{\"@context\":\"https:\/\/schema.org\",\"@graph\":[{\"@type\":\"WebPage\",\"@id\":\"https:\/\/inti.hr\/bs\/proizvod\/stalak-za-kapute-holtalen\/\",\"url\":\"https:\/\/inti.hr\/bs\/proizvod\/stalak-za-kapute-holtalen\/\",\"name\":\"Stalak za kapute Holt\u00e5len - Inti\",\"isPartOf\":{\"@id\":\"https:\/\/inti.hr\/bs\/#website\"},\"primaryImageOfPage\":{\"@id\":\"https:\/\/inti.hr\/bs\/proizvod\/stalak-za-kapute-holtalen\/#primaryimage\"},\"image\":{\"@id\":\"https:\/\/inti.hr\/bs\/proizvod\/stalak-za-kapute-holtalen\/#primaryimage\"},\"thumbnailUrl\":\"https:\/\/i0.wp.com\/inti.hr\/wp-content\/uploads\/2024\/01\/b26179ab72817d82e9bb2ab931ac0f54.jpg?fit=1400%2C1400&ssl=1\",\"datePublished\":\"2024-01-30T16:05:25+00:00\",\"dateModified\":\"2024-01-30T16:05:25+00:00\",\"description\":\"Stalak za odje\u0107u ne samo da nudi preglednu pohranu va\u0161e odje\u0107e, ve\u0107 tako\u0111er postavlja stilske naglaske u va\u0161em domu. Opremljen s dvije \u0161ipke za odje\u0107u, ovaj stalak nudi velikodu\u0161an prostor za jakne, kapute i dodatke.Ovu vje\u0161alicu za kapute lako je sastaviti pomo\u0107u jednostavnih uputa za sastavljanje. \u010cvrsta konstrukcija osigurava pouzdanu stabilnost, dok jednostavan dizajn pristaje i estetski nadopunjuje svaku prostoriju.Organizirajte svoj ulaz ili garderobu s ovom svestranom vje\u0161alicom za kapute.\",\"breadcrumb\":{\"@id\":\"https:\/\/inti.hr\/bs\/proizvod\/stalak-za-kapute-holtalen\/#breadcrumb\"},\"inLanguage\":\"bs-BA\",\"potentialAction\":[{\"@type\":\"ReadAction\",\"target\":[\"https:\/\/inti.hr\/bs\/proizvod\/stalak-za-kapute-holtalen\/\"]}]},{\"@type\":\"ImageObject\",\"inLanguage\":\"bs-BA\",\"@id\":\"https:\/\/inti.hr\/bs\/proizvod\/stalak-za-kapute-holtalen\/#primaryimage\",\"url\":\"https:\/\/i0.wp.com\/inti.hr\/wp-content\/uploads\/2024\/01\/b26179ab72817d82e9bb2ab931ac0f54.jpg?fit=1400%2C1400&ssl=1\",\"contentUrl\":\"https:\/\/i0.wp.com\/inti.hr\/wp-content\/uploads\/2024\/01\/b26179ab72817d82e9bb2ab931ac0f54.jpg?fit=1400%2C1400&ssl=1\",\"width\":1400,\"height\":1400},{\"@type\":\"BreadcrumbList\",\"@id\":\"https:\/\/inti.hr\/bs\/proizvod\/stalak-za-kapute-holtalen\/#breadcrumb\",\"itemListElement\":[{\"@type\":\"ListItem\",\"position\":1,\"name\":\"Po\u010detna stranica\",\"item\":\"https:\/\/inti.hr\/bs\/\"},{\"@type\":\"ListItem\",\"position\":2,\"name\":\"Trgovina\",\"item\":\"https:\/\/inti.hr\/bs\/trgovina\/\"},{\"@type\":\"ListItem\",\"position\":3,\"name\":\"Stalak za kapute Holt\u00e5len\"}]},{\"@type\":\"WebSite\",\"@id\":\"https:\/\/inti.hr\/bs\/#website\",\"url\":\"https:\/\/inti.hr\/bs\/\",\"name\":\"Inti\",\"description\":\"trgovina\",\"potentialAction\":[{\"@type\":\"SearchAction\",\"target\":{\"@type\":\"EntryPoint\",\"urlTemplate\":\"https:\/\/inti.hr\/bs\/?s={search_term_string}\"},\"query-input\":{\"@type\":\"PropertyValueSpecification\",\"valueRequired\":true,\"valueName\":\"search_term_string\"}}],\"inLanguage\":\"bs-BA\"}]}<\/script>\n<!-- \/ Yoast SEO plugin. -->","yoast_head_json":{"title":"Stalak za kapute Holt\u00e5len - Inti","description":"Stalak za odje\u0107u ne samo da nudi preglednu pohranu va\u0161e odje\u0107e, ve\u0107 tako\u0111er postavlja stilske naglaske u va\u0161em domu. Opremljen s dvije \u0161ipke za odje\u0107u, ovaj stalak nudi velikodu\u0161an prostor za jakne, kapute i dodatke.Ovu vje\u0161alicu za kapute lako je sastaviti pomo\u0107u jednostavnih uputa za sastavljanje. \u010cvrsta konstrukcija osigurava pouzdanu stabilnost, dok jednostavan dizajn pristaje i estetski nadopunjuje svaku prostoriju.Organizirajte svoj ulaz ili garderobu s ovom svestranom vje\u0161alicom za kapute.","robots":{"index":"index","follow":"follow","max-snippet":"max-snippet:-1","max-image-preview":"max-image-preview:large","max-video-preview":"max-video-preview:-1"},"canonical":"https:\/\/inti.hr\/bs\/proizvod\/stalak-za-kapute-holtalen\/","og_locale":"bs_BA","og_type":"article","og_title":"Stalak za kapute Holt\u00e5len - Inti","og_description":"Stalak za odje\u0107u ne samo da nudi preglednu pohranu va\u0161e odje\u0107e, ve\u0107 tako\u0111er postavlja stilske naglaske u va\u0161em domu. Opremljen s dvije \u0161ipke za odje\u0107u, ovaj stalak nudi velikodu\u0161an prostor za jakne, kapute i dodatke.Ovu vje\u0161alicu za kapute lako je sastaviti pomo\u0107u jednostavnih uputa za sastavljanje. \u010cvrsta konstrukcija osigurava pouzdanu stabilnost, dok jednostavan dizajn pristaje i estetski nadopunjuje svaku prostoriju.Organizirajte svoj ulaz ili garderobu s ovom svestranom vje\u0161alicom za kapute.","og_url":"https:\/\/inti.hr\/bs\/proizvod\/stalak-za-kapute-holtalen\/","og_site_name":"Inti","og_image":[{"width":1400,"height":1400,"url":"https:\/\/i0.wp.com\/inti.hr\/wp-content\/uploads\/2024\/01\/b26179ab72817d82e9bb2ab931ac0f54.jpg?fit=1400%2C1400&ssl=1","type":"image\/jpeg"}],"twitter_card":"summary_large_image","schema":{"@context":"https:\/\/schema.org","@graph":[{"@type":"WebPage","@id":"https:\/\/inti.hr\/bs\/proizvod\/stalak-za-kapute-holtalen\/","url":"https:\/\/inti.hr\/bs\/proizvod\/stalak-za-kapute-holtalen\/","name":"Stalak za kapute Holt\u00e5len - Inti","isPartOf":{"@id":"https:\/\/inti.hr\/bs\/#website"},"primaryImageOfPage":{"@id":"https:\/\/inti.hr\/bs\/proizvod\/stalak-za-kapute-holtalen\/#primaryimage"},"image":{"@id":"https:\/\/inti.hr\/bs\/proizvod\/stalak-za-kapute-holtalen\/#primaryimage"},"thumbnailUrl":"https:\/\/i0.wp.com\/inti.hr\/wp-content\/uploads\/2024\/01\/b26179ab72817d82e9bb2ab931ac0f54.jpg?fit=1400%2C1400&ssl=1","datePublished":"2024-01-30T16:05:25+00:00","dateModified":"2024-01-30T16:05:25+00:00","description":"Stalak za odje\u0107u ne samo da nudi preglednu pohranu va\u0161e odje\u0107e, ve\u0107 tako\u0111er postavlja stilske naglaske u va\u0161em domu. Opremljen s dvije \u0161ipke za odje\u0107u, ovaj stalak nudi velikodu\u0161an prostor za jakne, kapute i dodatke.Ovu vje\u0161alicu za kapute lako je sastaviti pomo\u0107u jednostavnih uputa za sastavljanje. \u010cvrsta konstrukcija osigurava pouzdanu stabilnost, dok jednostavan dizajn pristaje i estetski nadopunjuje svaku prostoriju.Organizirajte svoj ulaz ili garderobu s ovom svestranom vje\u0161alicom za kapute.","breadcrumb":{"@id":"https:\/\/inti.hr\/bs\/proizvod\/stalak-za-kapute-holtalen\/#breadcrumb"},"inLanguage":"bs-BA","potentialAction":[{"@type":"ReadAction","target":["https:\/\/inti.hr\/bs\/proizvod\/stalak-za-kapute-holtalen\/"]}]},{"@type":"ImageObject","inLanguage":"bs-BA","@id":"https:\/\/inti.hr\/bs\/proizvod\/stalak-za-kapute-holtalen\/#primaryimage","url":"https:\/\/i0.wp.com\/inti.hr\/wp-content\/uploads\/2024\/01\/b26179ab72817d82e9bb2ab931ac0f54.jpg?fit=1400%2C1400&ssl=1","contentUrl":"https:\/\/i0.wp.com\/inti.hr\/wp-content\/uploads\/2024\/01\/b26179ab72817d82e9bb2ab931ac0f54.jpg?fit=1400%2C1400&ssl=1","width":1400,"height":1400},{"@type":"BreadcrumbList","@id":"https:\/\/inti.hr\/bs\/proizvod\/stalak-za-kapute-holtalen\/#breadcrumb","itemListElement":[{"@type":"ListItem","position":1,"name":"Po\u010detna stranica","item":"https:\/\/inti.hr\/bs\/"},{"@type":"ListItem","position":2,"name":"Trgovina","item":"https:\/\/inti.hr\/bs\/trgovina\/"},{"@type":"ListItem","position":3,"name":"Stalak za kapute Holt\u00e5len"}]},{"@type":"WebSite","@id":"https:\/\/inti.hr\/bs\/#website","url":"https:\/\/inti.hr\/bs\/","name":"Inti","description":"trgovina","potentialAction":[{"@type":"SearchAction","target":{"@type":"EntryPoint","urlTemplate":"https:\/\/inti.hr\/bs\/?s={search_term_string}"},"query-input":{"@type":"PropertyValueSpecification","valueRequired":true,"valueName":"search_term_string"}}],"inLanguage":"bs-BA"}]}},"jetpack_sharing_enabled":true,"jetpack-related-posts":[],"_links":{"self":[{"href":"https:\/\/inti.hr\/bs\/wp-json\/wp\/v2\/product\/37545"}],"collection":[{"href":"https:\/\/inti.hr\/bs\/wp-json\/wp\/v2\/product"}],"about":[{"href":"https:\/\/inti.hr\/bs\/wp-json\/wp\/v2\/types\/product"}],"wp:featuredmedia":[{"embeddable":true,"href":"https:\/\/inti.hr\/bs\/wp-json\/wp\/v2\/media\/37546"}],"wp:attachment":[{"href":"https:\/\/inti.hr\/bs\/wp-json\/wp\/v2\/media?parent=37545"}],"wp:term":[{"taxonomy":"product_cat","embeddable":true,"href":"https:\/\/inti.hr\/bs\/wp-json\/wp\/v2\/product_cat?post=37545"},{"taxonomy":"product_tag","embeddable":true,"href":"https:\/\/inti.hr\/bs\/wp-json\/wp\/v2\/product_tag?post=37545"}],"curies":[{"name":"wp","href":"https:\/\/api.w.org\/{rel}","templated":true}]}}