{"id":37557,"date":"2024-01-30T15:50:55","date_gmt":"2024-01-30T15:50:55","guid":{"rendered":"https:\/\/inti.hr\/product\/zidni-ormar-s-povrsinom-ogledala-u-bijeloj-boji\/"},"modified":"2024-01-30T15:50:55","modified_gmt":"2024-01-30T15:50:55","slug":"zidni-ormar-s-povrsinom-ogledala-u-bijeloj-boji","status":"publish","type":"product","link":"https:\/\/inti.hr\/bs\/proizvod\/zidni-ormar-s-povrsinom-ogledala-u-bijeloj-boji\/","title":{"rendered":"Zidni ormar s povr\u0161inom ogledala u bijeloj boji"},"content":{"rendered":"<p>Detalji proizvoda:<\/p>\n<p>Boja: Povr\u0161ina u bijeloj, unutarnja podstava u sivoj boji<br \/>\nMaterijal: MDF (vlaknasta plo\u010da srednje gusto\u0107e), podstava od bar\u0161una, staklo<br \/>\nVeli\u010dina: 10 x 42 x 108 cm (D x \u0160 x V)<br \/>\nTe\u017eina: 9,9 kg<\/p>\n","protected":false},"excerpt":{"rendered":"<p>Karakteristi\u010dno zakrivljeno ogledalo u kutu uljep\u0161ava va\u0161u sobu i daje organizatoru &#8230; <\/p>\n","protected":false},"featured_media":37558,"template":"","meta":[],"product_cat":[2890],"product_tag":[3124,5184],"yoast_head":"<!-- This site is optimized with the Yoast SEO plugin v23.7 - https:\/\/yoast.com\/wordpress\/plugins\/seo\/ -->\n<title>Zidni ormar s povr\u0161inom ogledala u bijeloj boji - Inti<\/title>\n<meta name=\"robots\" content=\"index, follow, max-snippet:-1, max-image-preview:large, max-video-preview:-1\" \/>\n<link rel=\"canonical\" href=\"https:\/\/inti.hr\/bs\/proizvod\/zidni-ormar-s-povrsinom-ogledala-u-bijeloj-boji\/\" \/>\n<meta property=\"og:locale\" content=\"bs_BA\" \/>\n<meta property=\"og:type\" content=\"article\" \/>\n<meta property=\"og:title\" content=\"Zidni ormar s povr\u0161inom ogledala u bijeloj boji - Inti\" \/>\n<meta property=\"og:description\" content=\"Karakteristi\u010dno zakrivljeno ogledalo u kutu uljep\u0161ava va\u0161u sobu i daje organizatoru ...\" \/>\n<meta property=\"og:url\" content=\"https:\/\/inti.hr\/bs\/proizvod\/zidni-ormar-s-povrsinom-ogledala-u-bijeloj-boji\/\" \/>\n<meta property=\"og:site_name\" content=\"Inti\" \/>\n<meta property=\"og:image\" content=\"https:\/\/i0.wp.com\/inti.hr\/wp-content\/uploads\/2024\/01\/JJC026W01-1.jpg?fit=1000%2C1000&ssl=1\" \/>\n\t<meta property=\"og:image:width\" content=\"1000\" \/>\n\t<meta property=\"og:image:height\" content=\"1000\" \/>\n\t<meta property=\"og:image:type\" content=\"image\/jpeg\" \/>\n<meta name=\"twitter:card\" content=\"summary_large_image\" \/>\n<script type=\"application\/ld+json\" class=\"yoast-schema-graph\">{\"@context\":\"https:\/\/schema.org\",\"@graph\":[{\"@type\":\"WebPage\",\"@id\":\"https:\/\/inti.hr\/bs\/proizvod\/zidni-ormar-s-povrsinom-ogledala-u-bijeloj-boji\/\",\"url\":\"https:\/\/inti.hr\/bs\/proizvod\/zidni-ormar-s-povrsinom-ogledala-u-bijeloj-boji\/\",\"name\":\"Zidni ormar s povr\u0161inom ogledala u bijeloj boji - Inti\",\"isPartOf\":{\"@id\":\"https:\/\/inti.hr\/bs\/#website\"},\"primaryImageOfPage\":{\"@id\":\"https:\/\/inti.hr\/bs\/proizvod\/zidni-ormar-s-povrsinom-ogledala-u-bijeloj-boji\/#primaryimage\"},\"image\":{\"@id\":\"https:\/\/inti.hr\/bs\/proizvod\/zidni-ormar-s-povrsinom-ogledala-u-bijeloj-boji\/#primaryimage\"},\"thumbnailUrl\":\"https:\/\/i0.wp.com\/inti.hr\/wp-content\/uploads\/2024\/01\/JJC026W01-1.jpg?fit=1000%2C1000&ssl=1\",\"datePublished\":\"2024-01-30T15:50:55+00:00\",\"dateModified\":\"2024-01-30T15:50:55+00:00\",\"breadcrumb\":{\"@id\":\"https:\/\/inti.hr\/bs\/proizvod\/zidni-ormar-s-povrsinom-ogledala-u-bijeloj-boji\/#breadcrumb\"},\"inLanguage\":\"bs-BA\",\"potentialAction\":[{\"@type\":\"ReadAction\",\"target\":[\"https:\/\/inti.hr\/bs\/proizvod\/zidni-ormar-s-povrsinom-ogledala-u-bijeloj-boji\/\"]}]},{\"@type\":\"ImageObject\",\"inLanguage\":\"bs-BA\",\"@id\":\"https:\/\/inti.hr\/bs\/proizvod\/zidni-ormar-s-povrsinom-ogledala-u-bijeloj-boji\/#primaryimage\",\"url\":\"https:\/\/i0.wp.com\/inti.hr\/wp-content\/uploads\/2024\/01\/JJC026W01-1.jpg?fit=1000%2C1000&ssl=1\",\"contentUrl\":\"https:\/\/i0.wp.com\/inti.hr\/wp-content\/uploads\/2024\/01\/JJC026W01-1.jpg?fit=1000%2C1000&ssl=1\",\"width\":1000,\"height\":1000},{\"@type\":\"BreadcrumbList\",\"@id\":\"https:\/\/inti.hr\/bs\/proizvod\/zidni-ormar-s-povrsinom-ogledala-u-bijeloj-boji\/#breadcrumb\",\"itemListElement\":[{\"@type\":\"ListItem\",\"position\":1,\"name\":\"Po\u010detna stranica\",\"item\":\"https:\/\/inti.hr\/bs\/\"},{\"@type\":\"ListItem\",\"position\":2,\"name\":\"Trgovina\",\"item\":\"https:\/\/inti.hr\/bs\/trgovina\/\"},{\"@type\":\"ListItem\",\"position\":3,\"name\":\"Zidni ormar s povr\u0161inom ogledala u bijeloj boji\"}]},{\"@type\":\"WebSite\",\"@id\":\"https:\/\/inti.hr\/bs\/#website\",\"url\":\"https:\/\/inti.hr\/bs\/\",\"name\":\"Inti\",\"description\":\"trgovina\",\"potentialAction\":[{\"@type\":\"SearchAction\",\"target\":{\"@type\":\"EntryPoint\",\"urlTemplate\":\"https:\/\/inti.hr\/bs\/?s={search_term_string}\"},\"query-input\":{\"@type\":\"PropertyValueSpecification\",\"valueRequired\":true,\"valueName\":\"search_term_string\"}}],\"inLanguage\":\"bs-BA\"}]}<\/script>\n<!-- \/ Yoast SEO plugin. -->","yoast_head_json":{"title":"Zidni ormar s povr\u0161inom ogledala u bijeloj boji - Inti","robots":{"index":"index","follow":"follow","max-snippet":"max-snippet:-1","max-image-preview":"max-image-preview:large","max-video-preview":"max-video-preview:-1"},"canonical":"https:\/\/inti.hr\/bs\/proizvod\/zidni-ormar-s-povrsinom-ogledala-u-bijeloj-boji\/","og_locale":"bs_BA","og_type":"article","og_title":"Zidni ormar s povr\u0161inom ogledala u bijeloj boji - Inti","og_description":"Karakteristi\u010dno zakrivljeno ogledalo u kutu uljep\u0161ava va\u0161u sobu i daje organizatoru ...","og_url":"https:\/\/inti.hr\/bs\/proizvod\/zidni-ormar-s-povrsinom-ogledala-u-bijeloj-boji\/","og_site_name":"Inti","og_image":[{"width":1000,"height":1000,"url":"https:\/\/i0.wp.com\/inti.hr\/wp-content\/uploads\/2024\/01\/JJC026W01-1.jpg?fit=1000%2C1000&ssl=1","type":"image\/jpeg"}],"twitter_card":"summary_large_image","schema":{"@context":"https:\/\/schema.org","@graph":[{"@type":"WebPage","@id":"https:\/\/inti.hr\/bs\/proizvod\/zidni-ormar-s-povrsinom-ogledala-u-bijeloj-boji\/","url":"https:\/\/inti.hr\/bs\/proizvod\/zidni-ormar-s-povrsinom-ogledala-u-bijeloj-boji\/","name":"Zidni ormar s povr\u0161inom ogledala u bijeloj boji - Inti","isPartOf":{"@id":"https:\/\/inti.hr\/bs\/#website"},"primaryImageOfPage":{"@id":"https:\/\/inti.hr\/bs\/proizvod\/zidni-ormar-s-povrsinom-ogledala-u-bijeloj-boji\/#primaryimage"},"image":{"@id":"https:\/\/inti.hr\/bs\/proizvod\/zidni-ormar-s-povrsinom-ogledala-u-bijeloj-boji\/#primaryimage"},"thumbnailUrl":"https:\/\/i0.wp.com\/inti.hr\/wp-content\/uploads\/2024\/01\/JJC026W01-1.jpg?fit=1000%2C1000&ssl=1","datePublished":"2024-01-30T15:50:55+00:00","dateModified":"2024-01-30T15:50:55+00:00","breadcrumb":{"@id":"https:\/\/inti.hr\/bs\/proizvod\/zidni-ormar-s-povrsinom-ogledala-u-bijeloj-boji\/#breadcrumb"},"inLanguage":"bs-BA","potentialAction":[{"@type":"ReadAction","target":["https:\/\/inti.hr\/bs\/proizvod\/zidni-ormar-s-povrsinom-ogledala-u-bijeloj-boji\/"]}]},{"@type":"ImageObject","inLanguage":"bs-BA","@id":"https:\/\/inti.hr\/bs\/proizvod\/zidni-ormar-s-povrsinom-ogledala-u-bijeloj-boji\/#primaryimage","url":"https:\/\/i0.wp.com\/inti.hr\/wp-content\/uploads\/2024\/01\/JJC026W01-1.jpg?fit=1000%2C1000&ssl=1","contentUrl":"https:\/\/i0.wp.com\/inti.hr\/wp-content\/uploads\/2024\/01\/JJC026W01-1.jpg?fit=1000%2C1000&ssl=1","width":1000,"height":1000},{"@type":"BreadcrumbList","@id":"https:\/\/inti.hr\/bs\/proizvod\/zidni-ormar-s-povrsinom-ogledala-u-bijeloj-boji\/#breadcrumb","itemListElement":[{"@type":"ListItem","position":1,"name":"Po\u010detna stranica","item":"https:\/\/inti.hr\/bs\/"},{"@type":"ListItem","position":2,"name":"Trgovina","item":"https:\/\/inti.hr\/bs\/trgovina\/"},{"@type":"ListItem","position":3,"name":"Zidni ormar s povr\u0161inom ogledala u bijeloj boji"}]},{"@type":"WebSite","@id":"https:\/\/inti.hr\/bs\/#website","url":"https:\/\/inti.hr\/bs\/","name":"Inti","description":"trgovina","potentialAction":[{"@type":"SearchAction","target":{"@type":"EntryPoint","urlTemplate":"https:\/\/inti.hr\/bs\/?s={search_term_string}"},"query-input":{"@type":"PropertyValueSpecification","valueRequired":true,"valueName":"search_term_string"}}],"inLanguage":"bs-BA"}]}},"jetpack_sharing_enabled":true,"jetpack-related-posts":[],"_links":{"self":[{"href":"https:\/\/inti.hr\/bs\/wp-json\/wp\/v2\/product\/37557"}],"collection":[{"href":"https:\/\/inti.hr\/bs\/wp-json\/wp\/v2\/product"}],"about":[{"href":"https:\/\/inti.hr\/bs\/wp-json\/wp\/v2\/types\/product"}],"wp:featuredmedia":[{"embeddable":true,"href":"https:\/\/inti.hr\/bs\/wp-json\/wp\/v2\/media\/37558"}],"wp:attachment":[{"href":"https:\/\/inti.hr\/bs\/wp-json\/wp\/v2\/media?parent=37557"}],"wp:term":[{"taxonomy":"product_cat","embeddable":true,"href":"https:\/\/inti.hr\/bs\/wp-json\/wp\/v2\/product_cat?post=37557"},{"taxonomy":"product_tag","embeddable":true,"href":"https:\/\/inti.hr\/bs\/wp-json\/wp\/v2\/product_tag?post=37557"}],"curies":[{"name":"wp","href":"https:\/\/api.w.org\/{rel}","templated":true}]}}