{"id":37599,"date":"2024-01-30T07:33:33","date_gmt":"2024-01-30T07:33:33","guid":{"rendered":"https:\/\/inti.hr\/product\/2-metalne-vjesalice-za-kapute-s-policom\/"},"modified":"2024-01-30T07:33:33","modified_gmt":"2024-01-30T07:33:33","slug":"2-metalne-vjesalice-za-kapute-s-policom","status":"publish","type":"product","link":"https:\/\/inti.hr\/bs\/proizvod\/2-metalne-vjesalice-za-kapute-s-policom\/","title":{"rendered":"2 metalne vje\u0161alice za kapute s policom"},"content":{"rendered":"<p>Detalji proizvoda:<\/p>\n<p>Boja: oblak bijela, crna i srebrna.<br \/>\nMaterijal: \u010delik<br \/>\nVeli\u010dina: 46 x 100 x 155 cm (D x \u0160 x V)<br \/>\nTe\u017eina: 5,4 kg<br \/>\nMaksimalna stati\u010dka nosivost po \u0161ipki za vje\u0161anje: 40 kg<br \/>\nMaksimalna stati\u010dka nosivost po kuki: 2,5 kg<br \/>\nMaksimalna stati\u010dka nosivost police: 20 kg<br \/>\nMaksimalna ukupna stati\u010dka nosivost: 115 kg<\/p>\n","protected":false},"excerpt":{"rendered":"<p>Ovaj stalak ima visoku i nisku \u0161ipku za odje\u0107u razli\u010ditih duljina, &#8230; <\/p>\n","protected":false},"featured_media":37600,"template":"","meta":[],"product_cat":[2632],"product_tag":[2633,2638,2735],"yoast_head":"<!-- This site is optimized with the Yoast SEO plugin v23.7 - https:\/\/yoast.com\/wordpress\/plugins\/seo\/ -->\n<title>2 metalne vje\u0161alice za kapute s policom - Inti<\/title>\n<meta name=\"description\" content=\"\u00a0Ovaj stalak ima visoku i nisku \u0161ipku za odje\u0107u razli\u010ditih duljina, 6 kukica za torbe i \u0161e\u0161ire te policu za kutije i cipele.\u00a0Tako da svoje stvari uvijek mo\u017eete dr\u017eati urednima! \u010celi\u010dne cijevi (\u00d8 25,4 mm) \u010dine ovu vje\u0161alicu \u010dvrstom i pouzdanom. Tako\u0111er nude stabilan okvir nosivosti do 115 kg, tako da svoju odje\u0107u mo\u017eete objesiti bez brige. Zahvaljuju\u0107i jednostavnoj strukturi, ozna\u010denim dijelovima i uputama koje je lako slijediti, ovaj metalni stalak za odje\u0107u postavljen je i spreman za upotrebu u tren oka. Sa svojim dvostrukim policama za kapute, ova prijenosna polica za kapute nudi mnogo prostora za pohranu va\u0161e odje\u0107e, omogu\u0107uju\u0107i vam da jednostavno objesite oko 70 odje\u0107e.\u00a0Nema vi\u0161e hrpe odje\u0107e! \u010ciste linije i minimalisti\u010dka silueta ovog stalka za odje\u0107u odi\u0161u da\u0161kom sofisticiranosti. Besprijekorno se uklapa u spava\u0107e sobe, garderobe ili ulazne prostore i pobolj\u0161ava cjelokupnu sliku.\" \/>\n<meta name=\"robots\" content=\"index, follow, max-snippet:-1, max-image-preview:large, max-video-preview:-1\" \/>\n<link rel=\"canonical\" href=\"https:\/\/inti.hr\/bs\/proizvod\/2-metalne-vjesalice-za-kapute-s-policom\/\" \/>\n<meta property=\"og:locale\" content=\"bs_BA\" \/>\n<meta property=\"og:type\" content=\"article\" \/>\n<meta property=\"og:title\" content=\"2 metalne vje\u0161alice za kapute s policom - Inti\" \/>\n<meta property=\"og:description\" content=\"\u00a0Ovaj stalak ima visoku i nisku \u0161ipku za odje\u0107u razli\u010ditih duljina, 6 kukica za torbe i \u0161e\u0161ire te policu za kutije i cipele.\u00a0Tako da svoje stvari uvijek mo\u017eete dr\u017eati urednima! \u010celi\u010dne cijevi (\u00d8 25,4 mm) \u010dine ovu vje\u0161alicu \u010dvrstom i pouzdanom. Tako\u0111er nude stabilan okvir nosivosti do 115 kg, tako da svoju odje\u0107u mo\u017eete objesiti bez brige. Zahvaljuju\u0107i jednostavnoj strukturi, ozna\u010denim dijelovima i uputama koje je lako slijediti, ovaj metalni stalak za odje\u0107u postavljen je i spreman za upotrebu u tren oka. Sa svojim dvostrukim policama za kapute, ova prijenosna polica za kapute nudi mnogo prostora za pohranu va\u0161e odje\u0107e, omogu\u0107uju\u0107i vam da jednostavno objesite oko 70 odje\u0107e.\u00a0Nema vi\u0161e hrpe odje\u0107e! \u010ciste linije i minimalisti\u010dka silueta ovog stalka za odje\u0107u odi\u0161u da\u0161kom sofisticiranosti. Besprijekorno se uklapa u spava\u0107e sobe, garderobe ili ulazne prostore i pobolj\u0161ava cjelokupnu sliku.\" \/>\n<meta property=\"og:url\" content=\"https:\/\/inti.hr\/bs\/proizvod\/2-metalne-vjesalice-za-kapute-s-policom\/\" \/>\n<meta property=\"og:site_name\" content=\"Inti\" \/>\n<meta property=\"og:image\" content=\"https:\/\/i0.wp.com\/inti.hr\/wp-content\/uploads\/2024\/01\/HSR109B01-2.jpg?fit=800%2C1000&ssl=1\" \/>\n\t<meta property=\"og:image:width\" content=\"800\" \/>\n\t<meta property=\"og:image:height\" content=\"1000\" \/>\n\t<meta property=\"og:image:type\" content=\"image\/jpeg\" \/>\n<meta name=\"twitter:card\" content=\"summary_large_image\" \/>\n<script type=\"application\/ld+json\" class=\"yoast-schema-graph\">{\"@context\":\"https:\/\/schema.org\",\"@graph\":[{\"@type\":\"WebPage\",\"@id\":\"https:\/\/inti.hr\/bs\/proizvod\/2-metalne-vjesalice-za-kapute-s-policom\/\",\"url\":\"https:\/\/inti.hr\/bs\/proizvod\/2-metalne-vjesalice-za-kapute-s-policom\/\",\"name\":\"2 metalne vje\u0161alice za kapute s policom - Inti\",\"isPartOf\":{\"@id\":\"https:\/\/inti.hr\/bs\/#website\"},\"primaryImageOfPage\":{\"@id\":\"https:\/\/inti.hr\/bs\/proizvod\/2-metalne-vjesalice-za-kapute-s-policom\/#primaryimage\"},\"image\":{\"@id\":\"https:\/\/inti.hr\/bs\/proizvod\/2-metalne-vjesalice-za-kapute-s-policom\/#primaryimage\"},\"thumbnailUrl\":\"https:\/\/i0.wp.com\/inti.hr\/wp-content\/uploads\/2024\/01\/HSR109B01-2.jpg?fit=800%2C1000&ssl=1\",\"datePublished\":\"2024-01-30T07:33:33+00:00\",\"dateModified\":\"2024-01-30T07:33:33+00:00\",\"description\":\"\u00a0Ovaj stalak ima visoku i nisku \u0161ipku za odje\u0107u razli\u010ditih duljina, 6 kukica za torbe i \u0161e\u0161ire te policu za kutije i cipele.\u00a0Tako da svoje stvari uvijek mo\u017eete dr\u017eati urednima! \u010celi\u010dne cijevi (\u00d8 25,4 mm) \u010dine ovu vje\u0161alicu \u010dvrstom i pouzdanom. Tako\u0111er nude stabilan okvir nosivosti do 115 kg, tako da svoju odje\u0107u mo\u017eete objesiti bez brige. Zahvaljuju\u0107i jednostavnoj strukturi, ozna\u010denim dijelovima i uputama koje je lako slijediti, ovaj metalni stalak za odje\u0107u postavljen je i spreman za upotrebu u tren oka. Sa svojim dvostrukim policama za kapute, ova prijenosna polica za kapute nudi mnogo prostora za pohranu va\u0161e odje\u0107e, omogu\u0107uju\u0107i vam da jednostavno objesite oko 70 odje\u0107e.\u00a0Nema vi\u0161e hrpe odje\u0107e! \u010ciste linije i minimalisti\u010dka silueta ovog stalka za odje\u0107u odi\u0161u da\u0161kom sofisticiranosti. Besprijekorno se uklapa u spava\u0107e sobe, garderobe ili ulazne prostore i pobolj\u0161ava cjelokupnu sliku.\",\"breadcrumb\":{\"@id\":\"https:\/\/inti.hr\/bs\/proizvod\/2-metalne-vjesalice-za-kapute-s-policom\/#breadcrumb\"},\"inLanguage\":\"bs-BA\",\"potentialAction\":[{\"@type\":\"ReadAction\",\"target\":[\"https:\/\/inti.hr\/bs\/proizvod\/2-metalne-vjesalice-za-kapute-s-policom\/\"]}]},{\"@type\":\"ImageObject\",\"inLanguage\":\"bs-BA\",\"@id\":\"https:\/\/inti.hr\/bs\/proizvod\/2-metalne-vjesalice-za-kapute-s-policom\/#primaryimage\",\"url\":\"https:\/\/i0.wp.com\/inti.hr\/wp-content\/uploads\/2024\/01\/HSR109B01-2.jpg?fit=800%2C1000&ssl=1\",\"contentUrl\":\"https:\/\/i0.wp.com\/inti.hr\/wp-content\/uploads\/2024\/01\/HSR109B01-2.jpg?fit=800%2C1000&ssl=1\",\"width\":800,\"height\":1000,\"caption\":\"metalne vje\u0161alice za kapute s policom\"},{\"@type\":\"BreadcrumbList\",\"@id\":\"https:\/\/inti.hr\/bs\/proizvod\/2-metalne-vjesalice-za-kapute-s-policom\/#breadcrumb\",\"itemListElement\":[{\"@type\":\"ListItem\",\"position\":1,\"name\":\"Po\u010detna stranica\",\"item\":\"https:\/\/inti.hr\/bs\/\"},{\"@type\":\"ListItem\",\"position\":2,\"name\":\"Trgovina\",\"item\":\"https:\/\/inti.hr\/bs\/trgovina\/\"},{\"@type\":\"ListItem\",\"position\":3,\"name\":\"2 metalne vje\u0161alice za kapute s policom\"}]},{\"@type\":\"WebSite\",\"@id\":\"https:\/\/inti.hr\/bs\/#website\",\"url\":\"https:\/\/inti.hr\/bs\/\",\"name\":\"Inti\",\"description\":\"trgovina\",\"potentialAction\":[{\"@type\":\"SearchAction\",\"target\":{\"@type\":\"EntryPoint\",\"urlTemplate\":\"https:\/\/inti.hr\/bs\/?s={search_term_string}\"},\"query-input\":{\"@type\":\"PropertyValueSpecification\",\"valueRequired\":true,\"valueName\":\"search_term_string\"}}],\"inLanguage\":\"bs-BA\"}]}<\/script>\n<!-- \/ Yoast SEO plugin. -->","yoast_head_json":{"title":"2 metalne vje\u0161alice za kapute s policom - Inti","description":"\u00a0Ovaj stalak ima visoku i nisku \u0161ipku za odje\u0107u razli\u010ditih duljina, 6 kukica za torbe i \u0161e\u0161ire te policu za kutije i cipele.\u00a0Tako da svoje stvari uvijek mo\u017eete dr\u017eati urednima! \u010celi\u010dne cijevi (\u00d8 25,4 mm) \u010dine ovu vje\u0161alicu \u010dvrstom i pouzdanom. Tako\u0111er nude stabilan okvir nosivosti do 115 kg, tako da svoju odje\u0107u mo\u017eete objesiti bez brige. Zahvaljuju\u0107i jednostavnoj strukturi, ozna\u010denim dijelovima i uputama koje je lako slijediti, ovaj metalni stalak za odje\u0107u postavljen je i spreman za upotrebu u tren oka. Sa svojim dvostrukim policama za kapute, ova prijenosna polica za kapute nudi mnogo prostora za pohranu va\u0161e odje\u0107e, omogu\u0107uju\u0107i vam da jednostavno objesite oko 70 odje\u0107e.\u00a0Nema vi\u0161e hrpe odje\u0107e! \u010ciste linije i minimalisti\u010dka silueta ovog stalka za odje\u0107u odi\u0161u da\u0161kom sofisticiranosti. Besprijekorno se uklapa u spava\u0107e sobe, garderobe ili ulazne prostore i pobolj\u0161ava cjelokupnu sliku.","robots":{"index":"index","follow":"follow","max-snippet":"max-snippet:-1","max-image-preview":"max-image-preview:large","max-video-preview":"max-video-preview:-1"},"canonical":"https:\/\/inti.hr\/bs\/proizvod\/2-metalne-vjesalice-za-kapute-s-policom\/","og_locale":"bs_BA","og_type":"article","og_title":"2 metalne vje\u0161alice za kapute s policom - Inti","og_description":"\u00a0Ovaj stalak ima visoku i nisku \u0161ipku za odje\u0107u razli\u010ditih duljina, 6 kukica za torbe i \u0161e\u0161ire te policu za kutije i cipele.\u00a0Tako da svoje stvari uvijek mo\u017eete dr\u017eati urednima! \u010celi\u010dne cijevi (\u00d8 25,4 mm) \u010dine ovu vje\u0161alicu \u010dvrstom i pouzdanom. Tako\u0111er nude stabilan okvir nosivosti do 115 kg, tako da svoju odje\u0107u mo\u017eete objesiti bez brige. Zahvaljuju\u0107i jednostavnoj strukturi, ozna\u010denim dijelovima i uputama koje je lako slijediti, ovaj metalni stalak za odje\u0107u postavljen je i spreman za upotrebu u tren oka. Sa svojim dvostrukim policama za kapute, ova prijenosna polica za kapute nudi mnogo prostora za pohranu va\u0161e odje\u0107e, omogu\u0107uju\u0107i vam da jednostavno objesite oko 70 odje\u0107e.\u00a0Nema vi\u0161e hrpe odje\u0107e! \u010ciste linije i minimalisti\u010dka silueta ovog stalka za odje\u0107u odi\u0161u da\u0161kom sofisticiranosti. Besprijekorno se uklapa u spava\u0107e sobe, garderobe ili ulazne prostore i pobolj\u0161ava cjelokupnu sliku.","og_url":"https:\/\/inti.hr\/bs\/proizvod\/2-metalne-vjesalice-za-kapute-s-policom\/","og_site_name":"Inti","og_image":[{"width":800,"height":1000,"url":"https:\/\/i0.wp.com\/inti.hr\/wp-content\/uploads\/2024\/01\/HSR109B01-2.jpg?fit=800%2C1000&ssl=1","type":"image\/jpeg"}],"twitter_card":"summary_large_image","schema":{"@context":"https:\/\/schema.org","@graph":[{"@type":"WebPage","@id":"https:\/\/inti.hr\/bs\/proizvod\/2-metalne-vjesalice-za-kapute-s-policom\/","url":"https:\/\/inti.hr\/bs\/proizvod\/2-metalne-vjesalice-za-kapute-s-policom\/","name":"2 metalne vje\u0161alice za kapute s policom - Inti","isPartOf":{"@id":"https:\/\/inti.hr\/bs\/#website"},"primaryImageOfPage":{"@id":"https:\/\/inti.hr\/bs\/proizvod\/2-metalne-vjesalice-za-kapute-s-policom\/#primaryimage"},"image":{"@id":"https:\/\/inti.hr\/bs\/proizvod\/2-metalne-vjesalice-za-kapute-s-policom\/#primaryimage"},"thumbnailUrl":"https:\/\/i0.wp.com\/inti.hr\/wp-content\/uploads\/2024\/01\/HSR109B01-2.jpg?fit=800%2C1000&ssl=1","datePublished":"2024-01-30T07:33:33+00:00","dateModified":"2024-01-30T07:33:33+00:00","description":"\u00a0Ovaj stalak ima visoku i nisku \u0161ipku za odje\u0107u razli\u010ditih duljina, 6 kukica za torbe i \u0161e\u0161ire te policu za kutije i cipele.\u00a0Tako da svoje stvari uvijek mo\u017eete dr\u017eati urednima! \u010celi\u010dne cijevi (\u00d8 25,4 mm) \u010dine ovu vje\u0161alicu \u010dvrstom i pouzdanom. Tako\u0111er nude stabilan okvir nosivosti do 115 kg, tako da svoju odje\u0107u mo\u017eete objesiti bez brige. Zahvaljuju\u0107i jednostavnoj strukturi, ozna\u010denim dijelovima i uputama koje je lako slijediti, ovaj metalni stalak za odje\u0107u postavljen je i spreman za upotrebu u tren oka. Sa svojim dvostrukim policama za kapute, ova prijenosna polica za kapute nudi mnogo prostora za pohranu va\u0161e odje\u0107e, omogu\u0107uju\u0107i vam da jednostavno objesite oko 70 odje\u0107e.\u00a0Nema vi\u0161e hrpe odje\u0107e! \u010ciste linije i minimalisti\u010dka silueta ovog stalka za odje\u0107u odi\u0161u da\u0161kom sofisticiranosti. Besprijekorno se uklapa u spava\u0107e sobe, garderobe ili ulazne prostore i pobolj\u0161ava cjelokupnu sliku.","breadcrumb":{"@id":"https:\/\/inti.hr\/bs\/proizvod\/2-metalne-vjesalice-za-kapute-s-policom\/#breadcrumb"},"inLanguage":"bs-BA","potentialAction":[{"@type":"ReadAction","target":["https:\/\/inti.hr\/bs\/proizvod\/2-metalne-vjesalice-za-kapute-s-policom\/"]}]},{"@type":"ImageObject","inLanguage":"bs-BA","@id":"https:\/\/inti.hr\/bs\/proizvod\/2-metalne-vjesalice-za-kapute-s-policom\/#primaryimage","url":"https:\/\/i0.wp.com\/inti.hr\/wp-content\/uploads\/2024\/01\/HSR109B01-2.jpg?fit=800%2C1000&ssl=1","contentUrl":"https:\/\/i0.wp.com\/inti.hr\/wp-content\/uploads\/2024\/01\/HSR109B01-2.jpg?fit=800%2C1000&ssl=1","width":800,"height":1000,"caption":"metalne vje\u0161alice za kapute s policom"},{"@type":"BreadcrumbList","@id":"https:\/\/inti.hr\/bs\/proizvod\/2-metalne-vjesalice-za-kapute-s-policom\/#breadcrumb","itemListElement":[{"@type":"ListItem","position":1,"name":"Po\u010detna stranica","item":"https:\/\/inti.hr\/bs\/"},{"@type":"ListItem","position":2,"name":"Trgovina","item":"https:\/\/inti.hr\/bs\/trgovina\/"},{"@type":"ListItem","position":3,"name":"2 metalne vje\u0161alice za kapute s policom"}]},{"@type":"WebSite","@id":"https:\/\/inti.hr\/bs\/#website","url":"https:\/\/inti.hr\/bs\/","name":"Inti","description":"trgovina","potentialAction":[{"@type":"SearchAction","target":{"@type":"EntryPoint","urlTemplate":"https:\/\/inti.hr\/bs\/?s={search_term_string}"},"query-input":{"@type":"PropertyValueSpecification","valueRequired":true,"valueName":"search_term_string"}}],"inLanguage":"bs-BA"}]}},"jetpack_sharing_enabled":true,"jetpack-related-posts":[],"_links":{"self":[{"href":"https:\/\/inti.hr\/bs\/wp-json\/wp\/v2\/product\/37599"}],"collection":[{"href":"https:\/\/inti.hr\/bs\/wp-json\/wp\/v2\/product"}],"about":[{"href":"https:\/\/inti.hr\/bs\/wp-json\/wp\/v2\/types\/product"}],"wp:featuredmedia":[{"embeddable":true,"href":"https:\/\/inti.hr\/bs\/wp-json\/wp\/v2\/media\/37600"}],"wp:attachment":[{"href":"https:\/\/inti.hr\/bs\/wp-json\/wp\/v2\/media?parent=37599"}],"wp:term":[{"taxonomy":"product_cat","embeddable":true,"href":"https:\/\/inti.hr\/bs\/wp-json\/wp\/v2\/product_cat?post=37599"},{"taxonomy":"product_tag","embeddable":true,"href":"https:\/\/inti.hr\/bs\/wp-json\/wp\/v2\/product_tag?post=37599"}],"curies":[{"name":"wp","href":"https:\/\/api.w.org\/{rel}","templated":true}]}}