{"id":37669,"date":"2023-07-05T06:54:29","date_gmt":"2023-07-05T06:54:29","guid":{"rendered":"https:\/\/inti.hr\/product\/ormaric-za-kucne-ljubimce\/"},"modified":"2023-07-05T06:54:29","modified_gmt":"2023-07-05T06:54:29","slug":"ormaric-za-kucne-ljubimce","status":"publish","type":"product","link":"https:\/\/inti.hr\/bs\/proizvod\/ormaric-za-kucne-ljubimce\/","title":{"rendered":"Ormari\u0107 za ku\u0107ne ljubimce"},"content":{"rendered":"<p>Detalji proizvoda:<\/p>\n<ul>\n<li><span>Boja: bijela i zlatna<\/span><\/li>\n<li><span>Materijal: iverica, \u010delik<\/span><\/li>\n<li><span>Veli\u010dina: 80 x 50 x 55 cm (D x \u0160 x V)<\/span><\/li>\n<li><span>Te\u017eina: 16,3 kg<\/span><\/li>\n<li><span>Maksimalna stati\u010dka nosivost podloge: 60 kg<\/span><\/li>\n<li><span>Maksimalna stati\u010dka nosivost poda: 30 kg<\/span><\/li>\n<\/ul>\n","protected":false},"excerpt":{"rendered":"<p>S bijelom zavr\u0161nom obradom i zlatnim metalnim okvirom, ovu modernu kutiju &#8230; <\/p>\n","protected":false},"featured_media":37670,"template":"","meta":[],"product_cat":[2400],"product_tag":[2644,5212],"yoast_head":"<!-- This site is optimized with the Yoast SEO plugin v23.7 - https:\/\/yoast.com\/wordpress\/plugins\/seo\/ -->\n<title>Ormari\u0107 za ku\u0107ne ljubimce - Inti<\/title>\n<meta name=\"description\" content=\"S bijelom zavr\u0161nom obradom i zlatnim metalnim okvirom, ovu modernu kutiju za otpatke lako je integrirati u va\u0161u sobu i donijeti novi izgled neurednom podru\u010dju kutije za otpatke. Unutarnji pretinac dimenzija 52 x 50 x 41,9 cm stane u ve\u0107inu kutija za otpatke. Prednji ulaz omogu\u0107uje vam da ga postavite na ve\u0107ini mjesta bez brige o smjeru. Uz jasne upute i ozna\u010dene dijelove, mo\u017eete sastaviti ovu kutiju za ma\u010dke u 30 minuta. Visoke noge olak\u0161avaju vam \u010di\u0161\u0107enje poda, a dvoja vrata omogu\u0107uju da malo sme\u0107a ispadne. Skrivena kutija s pijeskom daje va\u0161em \u010detverono\u017enom prijatelju vi\u0161e privatnosti; vijugavi ulaz zadovoljava njezin prirodni nagon za istra\u017eivanjem; prostirka za grebanje na ulazu omogu\u0107uje va\u0161oj ma\u010dki da grebe i hvata otpatke. Koristite ga da sakrijete kutiju s pijeskom ili kao udobnu ku\u0107icu za ma\u010dke; Mo\u017eete ga koristiti i kao stoli\u0107 za kavu ili stalak za TV kako biste vi i va\u0161a ma\u010dka mogli dijeliti ovaj svestrani komad namje\u0161taja.\" \/>\n<meta name=\"robots\" content=\"index, follow, max-snippet:-1, max-image-preview:large, max-video-preview:-1\" \/>\n<link rel=\"canonical\" href=\"https:\/\/inti.hr\/bs\/proizvod\/ormaric-za-kucne-ljubimce\/\" \/>\n<meta property=\"og:locale\" content=\"bs_BA\" \/>\n<meta property=\"og:type\" content=\"article\" \/>\n<meta property=\"og:title\" content=\"Ormari\u0107 za ku\u0107ne ljubimce - Inti\" \/>\n<meta property=\"og:description\" content=\"S bijelom zavr\u0161nom obradom i zlatnim metalnim okvirom, ovu modernu kutiju za otpatke lako je integrirati u va\u0161u sobu i donijeti novi izgled neurednom podru\u010dju kutije za otpatke. Unutarnji pretinac dimenzija 52 x 50 x 41,9 cm stane u ve\u0107inu kutija za otpatke. Prednji ulaz omogu\u0107uje vam da ga postavite na ve\u0107ini mjesta bez brige o smjeru. Uz jasne upute i ozna\u010dene dijelove, mo\u017eete sastaviti ovu kutiju za ma\u010dke u 30 minuta. Visoke noge olak\u0161avaju vam \u010di\u0161\u0107enje poda, a dvoja vrata omogu\u0107uju da malo sme\u0107a ispadne. Skrivena kutija s pijeskom daje va\u0161em \u010detverono\u017enom prijatelju vi\u0161e privatnosti; vijugavi ulaz zadovoljava njezin prirodni nagon za istra\u017eivanjem; prostirka za grebanje na ulazu omogu\u0107uje va\u0161oj ma\u010dki da grebe i hvata otpatke. Koristite ga da sakrijete kutiju s pijeskom ili kao udobnu ku\u0107icu za ma\u010dke; Mo\u017eete ga koristiti i kao stoli\u0107 za kavu ili stalak za TV kako biste vi i va\u0161a ma\u010dka mogli dijeliti ovaj svestrani komad namje\u0161taja.\" \/>\n<meta property=\"og:url\" content=\"https:\/\/inti.hr\/bs\/proizvod\/ormaric-za-kucne-ljubimce\/\" \/>\n<meta property=\"og:site_name\" content=\"Inti\" \/>\n<meta property=\"og:image\" content=\"https:\/\/i0.wp.com\/inti.hr\/wp-content\/uploads\/2023\/07\/UPCL007W01-1.jpg?fit=1000%2C1000&ssl=1\" \/>\n\t<meta property=\"og:image:width\" content=\"1000\" \/>\n\t<meta property=\"og:image:height\" content=\"1000\" \/>\n\t<meta property=\"og:image:type\" content=\"image\/jpeg\" \/>\n<meta name=\"twitter:card\" content=\"summary_large_image\" \/>\n<script type=\"application\/ld+json\" class=\"yoast-schema-graph\">{\"@context\":\"https:\/\/schema.org\",\"@graph\":[{\"@type\":\"WebPage\",\"@id\":\"https:\/\/inti.hr\/bs\/proizvod\/ormaric-za-kucne-ljubimce\/\",\"url\":\"https:\/\/inti.hr\/bs\/proizvod\/ormaric-za-kucne-ljubimce\/\",\"name\":\"Ormari\u0107 za ku\u0107ne ljubimce - Inti\",\"isPartOf\":{\"@id\":\"https:\/\/inti.hr\/bs\/#website\"},\"primaryImageOfPage\":{\"@id\":\"https:\/\/inti.hr\/bs\/proizvod\/ormaric-za-kucne-ljubimce\/#primaryimage\"},\"image\":{\"@id\":\"https:\/\/inti.hr\/bs\/proizvod\/ormaric-za-kucne-ljubimce\/#primaryimage\"},\"thumbnailUrl\":\"https:\/\/i0.wp.com\/inti.hr\/wp-content\/uploads\/2023\/07\/UPCL007W01-1.jpg?fit=1000%2C1000&ssl=1\",\"datePublished\":\"2023-07-05T06:54:29+00:00\",\"dateModified\":\"2023-07-05T06:54:29+00:00\",\"description\":\"S bijelom zavr\u0161nom obradom i zlatnim metalnim okvirom, ovu modernu kutiju za otpatke lako je integrirati u va\u0161u sobu i donijeti novi izgled neurednom podru\u010dju kutije za otpatke. Unutarnji pretinac dimenzija 52 x 50 x 41,9 cm stane u ve\u0107inu kutija za otpatke. Prednji ulaz omogu\u0107uje vam da ga postavite na ve\u0107ini mjesta bez brige o smjeru. Uz jasne upute i ozna\u010dene dijelove, mo\u017eete sastaviti ovu kutiju za ma\u010dke u 30 minuta. Visoke noge olak\u0161avaju vam \u010di\u0161\u0107enje poda, a dvoja vrata omogu\u0107uju da malo sme\u0107a ispadne. Skrivena kutija s pijeskom daje va\u0161em \u010detverono\u017enom prijatelju vi\u0161e privatnosti; vijugavi ulaz zadovoljava njezin prirodni nagon za istra\u017eivanjem; prostirka za grebanje na ulazu omogu\u0107uje va\u0161oj ma\u010dki da grebe i hvata otpatke. Koristite ga da sakrijete kutiju s pijeskom ili kao udobnu ku\u0107icu za ma\u010dke; Mo\u017eete ga koristiti i kao stoli\u0107 za kavu ili stalak za TV kako biste vi i va\u0161a ma\u010dka mogli dijeliti ovaj svestrani komad namje\u0161taja.\",\"breadcrumb\":{\"@id\":\"https:\/\/inti.hr\/bs\/proizvod\/ormaric-za-kucne-ljubimce\/#breadcrumb\"},\"inLanguage\":\"bs-BA\",\"potentialAction\":[{\"@type\":\"ReadAction\",\"target\":[\"https:\/\/inti.hr\/bs\/proizvod\/ormaric-za-kucne-ljubimce\/\"]}]},{\"@type\":\"ImageObject\",\"inLanguage\":\"bs-BA\",\"@id\":\"https:\/\/inti.hr\/bs\/proizvod\/ormaric-za-kucne-ljubimce\/#primaryimage\",\"url\":\"https:\/\/i0.wp.com\/inti.hr\/wp-content\/uploads\/2023\/07\/UPCL007W01-1.jpg?fit=1000%2C1000&ssl=1\",\"contentUrl\":\"https:\/\/i0.wp.com\/inti.hr\/wp-content\/uploads\/2023\/07\/UPCL007W01-1.jpg?fit=1000%2C1000&ssl=1\",\"width\":1000,\"height\":1000},{\"@type\":\"BreadcrumbList\",\"@id\":\"https:\/\/inti.hr\/bs\/proizvod\/ormaric-za-kucne-ljubimce\/#breadcrumb\",\"itemListElement\":[{\"@type\":\"ListItem\",\"position\":1,\"name\":\"Po\u010detna stranica\",\"item\":\"https:\/\/inti.hr\/bs\/\"},{\"@type\":\"ListItem\",\"position\":2,\"name\":\"Trgovina\",\"item\":\"https:\/\/inti.hr\/bs\/trgovina\/\"},{\"@type\":\"ListItem\",\"position\":3,\"name\":\"Ormari\u0107 za ku\u0107ne ljubimce\"}]},{\"@type\":\"WebSite\",\"@id\":\"https:\/\/inti.hr\/bs\/#website\",\"url\":\"https:\/\/inti.hr\/bs\/\",\"name\":\"Inti\",\"description\":\"trgovina\",\"potentialAction\":[{\"@type\":\"SearchAction\",\"target\":{\"@type\":\"EntryPoint\",\"urlTemplate\":\"https:\/\/inti.hr\/bs\/?s={search_term_string}\"},\"query-input\":{\"@type\":\"PropertyValueSpecification\",\"valueRequired\":true,\"valueName\":\"search_term_string\"}}],\"inLanguage\":\"bs-BA\"}]}<\/script>\n<!-- \/ Yoast SEO plugin. -->","yoast_head_json":{"title":"Ormari\u0107 za ku\u0107ne ljubimce - Inti","description":"S bijelom zavr\u0161nom obradom i zlatnim metalnim okvirom, ovu modernu kutiju za otpatke lako je integrirati u va\u0161u sobu i donijeti novi izgled neurednom podru\u010dju kutije za otpatke. Unutarnji pretinac dimenzija 52 x 50 x 41,9 cm stane u ve\u0107inu kutija za otpatke. Prednji ulaz omogu\u0107uje vam da ga postavite na ve\u0107ini mjesta bez brige o smjeru. Uz jasne upute i ozna\u010dene dijelove, mo\u017eete sastaviti ovu kutiju za ma\u010dke u 30 minuta. Visoke noge olak\u0161avaju vam \u010di\u0161\u0107enje poda, a dvoja vrata omogu\u0107uju da malo sme\u0107a ispadne. Skrivena kutija s pijeskom daje va\u0161em \u010detverono\u017enom prijatelju vi\u0161e privatnosti; vijugavi ulaz zadovoljava njezin prirodni nagon za istra\u017eivanjem; prostirka za grebanje na ulazu omogu\u0107uje va\u0161oj ma\u010dki da grebe i hvata otpatke. Koristite ga da sakrijete kutiju s pijeskom ili kao udobnu ku\u0107icu za ma\u010dke; Mo\u017eete ga koristiti i kao stoli\u0107 za kavu ili stalak za TV kako biste vi i va\u0161a ma\u010dka mogli dijeliti ovaj svestrani komad namje\u0161taja.","robots":{"index":"index","follow":"follow","max-snippet":"max-snippet:-1","max-image-preview":"max-image-preview:large","max-video-preview":"max-video-preview:-1"},"canonical":"https:\/\/inti.hr\/bs\/proizvod\/ormaric-za-kucne-ljubimce\/","og_locale":"bs_BA","og_type":"article","og_title":"Ormari\u0107 za ku\u0107ne ljubimce - Inti","og_description":"S bijelom zavr\u0161nom obradom i zlatnim metalnim okvirom, ovu modernu kutiju za otpatke lako je integrirati u va\u0161u sobu i donijeti novi izgled neurednom podru\u010dju kutije za otpatke. Unutarnji pretinac dimenzija 52 x 50 x 41,9 cm stane u ve\u0107inu kutija za otpatke. Prednji ulaz omogu\u0107uje vam da ga postavite na ve\u0107ini mjesta bez brige o smjeru. Uz jasne upute i ozna\u010dene dijelove, mo\u017eete sastaviti ovu kutiju za ma\u010dke u 30 minuta. Visoke noge olak\u0161avaju vam \u010di\u0161\u0107enje poda, a dvoja vrata omogu\u0107uju da malo sme\u0107a ispadne. Skrivena kutija s pijeskom daje va\u0161em \u010detverono\u017enom prijatelju vi\u0161e privatnosti; vijugavi ulaz zadovoljava njezin prirodni nagon za istra\u017eivanjem; prostirka za grebanje na ulazu omogu\u0107uje va\u0161oj ma\u010dki da grebe i hvata otpatke. Koristite ga da sakrijete kutiju s pijeskom ili kao udobnu ku\u0107icu za ma\u010dke; Mo\u017eete ga koristiti i kao stoli\u0107 za kavu ili stalak za TV kako biste vi i va\u0161a ma\u010dka mogli dijeliti ovaj svestrani komad namje\u0161taja.","og_url":"https:\/\/inti.hr\/bs\/proizvod\/ormaric-za-kucne-ljubimce\/","og_site_name":"Inti","og_image":[{"width":1000,"height":1000,"url":"https:\/\/i0.wp.com\/inti.hr\/wp-content\/uploads\/2023\/07\/UPCL007W01-1.jpg?fit=1000%2C1000&ssl=1","type":"image\/jpeg"}],"twitter_card":"summary_large_image","schema":{"@context":"https:\/\/schema.org","@graph":[{"@type":"WebPage","@id":"https:\/\/inti.hr\/bs\/proizvod\/ormaric-za-kucne-ljubimce\/","url":"https:\/\/inti.hr\/bs\/proizvod\/ormaric-za-kucne-ljubimce\/","name":"Ormari\u0107 za ku\u0107ne ljubimce - Inti","isPartOf":{"@id":"https:\/\/inti.hr\/bs\/#website"},"primaryImageOfPage":{"@id":"https:\/\/inti.hr\/bs\/proizvod\/ormaric-za-kucne-ljubimce\/#primaryimage"},"image":{"@id":"https:\/\/inti.hr\/bs\/proizvod\/ormaric-za-kucne-ljubimce\/#primaryimage"},"thumbnailUrl":"https:\/\/i0.wp.com\/inti.hr\/wp-content\/uploads\/2023\/07\/UPCL007W01-1.jpg?fit=1000%2C1000&ssl=1","datePublished":"2023-07-05T06:54:29+00:00","dateModified":"2023-07-05T06:54:29+00:00","description":"S bijelom zavr\u0161nom obradom i zlatnim metalnim okvirom, ovu modernu kutiju za otpatke lako je integrirati u va\u0161u sobu i donijeti novi izgled neurednom podru\u010dju kutije za otpatke. Unutarnji pretinac dimenzija 52 x 50 x 41,9 cm stane u ve\u0107inu kutija za otpatke. Prednji ulaz omogu\u0107uje vam da ga postavite na ve\u0107ini mjesta bez brige o smjeru. Uz jasne upute i ozna\u010dene dijelove, mo\u017eete sastaviti ovu kutiju za ma\u010dke u 30 minuta. Visoke noge olak\u0161avaju vam \u010di\u0161\u0107enje poda, a dvoja vrata omogu\u0107uju da malo sme\u0107a ispadne. Skrivena kutija s pijeskom daje va\u0161em \u010detverono\u017enom prijatelju vi\u0161e privatnosti; vijugavi ulaz zadovoljava njezin prirodni nagon za istra\u017eivanjem; prostirka za grebanje na ulazu omogu\u0107uje va\u0161oj ma\u010dki da grebe i hvata otpatke. Koristite ga da sakrijete kutiju s pijeskom ili kao udobnu ku\u0107icu za ma\u010dke; Mo\u017eete ga koristiti i kao stoli\u0107 za kavu ili stalak za TV kako biste vi i va\u0161a ma\u010dka mogli dijeliti ovaj svestrani komad namje\u0161taja.","breadcrumb":{"@id":"https:\/\/inti.hr\/bs\/proizvod\/ormaric-za-kucne-ljubimce\/#breadcrumb"},"inLanguage":"bs-BA","potentialAction":[{"@type":"ReadAction","target":["https:\/\/inti.hr\/bs\/proizvod\/ormaric-za-kucne-ljubimce\/"]}]},{"@type":"ImageObject","inLanguage":"bs-BA","@id":"https:\/\/inti.hr\/bs\/proizvod\/ormaric-za-kucne-ljubimce\/#primaryimage","url":"https:\/\/i0.wp.com\/inti.hr\/wp-content\/uploads\/2023\/07\/UPCL007W01-1.jpg?fit=1000%2C1000&ssl=1","contentUrl":"https:\/\/i0.wp.com\/inti.hr\/wp-content\/uploads\/2023\/07\/UPCL007W01-1.jpg?fit=1000%2C1000&ssl=1","width":1000,"height":1000},{"@type":"BreadcrumbList","@id":"https:\/\/inti.hr\/bs\/proizvod\/ormaric-za-kucne-ljubimce\/#breadcrumb","itemListElement":[{"@type":"ListItem","position":1,"name":"Po\u010detna stranica","item":"https:\/\/inti.hr\/bs\/"},{"@type":"ListItem","position":2,"name":"Trgovina","item":"https:\/\/inti.hr\/bs\/trgovina\/"},{"@type":"ListItem","position":3,"name":"Ormari\u0107 za ku\u0107ne ljubimce"}]},{"@type":"WebSite","@id":"https:\/\/inti.hr\/bs\/#website","url":"https:\/\/inti.hr\/bs\/","name":"Inti","description":"trgovina","potentialAction":[{"@type":"SearchAction","target":{"@type":"EntryPoint","urlTemplate":"https:\/\/inti.hr\/bs\/?s={search_term_string}"},"query-input":{"@type":"PropertyValueSpecification","valueRequired":true,"valueName":"search_term_string"}}],"inLanguage":"bs-BA"}]}},"jetpack_sharing_enabled":true,"jetpack-related-posts":[],"_links":{"self":[{"href":"https:\/\/inti.hr\/bs\/wp-json\/wp\/v2\/product\/37669"}],"collection":[{"href":"https:\/\/inti.hr\/bs\/wp-json\/wp\/v2\/product"}],"about":[{"href":"https:\/\/inti.hr\/bs\/wp-json\/wp\/v2\/types\/product"}],"wp:featuredmedia":[{"embeddable":true,"href":"https:\/\/inti.hr\/bs\/wp-json\/wp\/v2\/media\/37670"}],"wp:attachment":[{"href":"https:\/\/inti.hr\/bs\/wp-json\/wp\/v2\/media?parent=37669"}],"wp:term":[{"taxonomy":"product_cat","embeddable":true,"href":"https:\/\/inti.hr\/bs\/wp-json\/wp\/v2\/product_cat?post=37669"},{"taxonomy":"product_tag","embeddable":true,"href":"https:\/\/inti.hr\/bs\/wp-json\/wp\/v2\/product_tag?post=37669"}],"curies":[{"name":"wp","href":"https:\/\/api.w.org\/{rel}","templated":true}]}}