{"id":37693,"date":"2023-06-20T14:18:25","date_gmt":"2023-06-20T14:18:25","guid":{"rendered":"https:\/\/inti.hr\/product\/nocni-ormaric-45x25x55-cm\/"},"modified":"2023-06-20T14:18:25","modified_gmt":"2023-06-20T14:18:25","slug":"nocni-ormaric-45x25x55-cm","status":"publish","type":"product","link":"https:\/\/inti.hr\/bs\/proizvod\/nocni-ormaric-45x25x55-cm\/","title":{"rendered":"No\u0107ni ormari\u0107  45x25x55 Cm"},"content":{"rendered":"<p>Detalji proizvoda:<\/p>\n<p>Te\u017eina: 5,2 kg<br \/>\nNosivost: 10kg<br \/>\nMaterijal: MDF (E1).<br \/>\nVeli\u010dina proizvoda: 45x25x55cm (vidi sliku)<br \/>\nVeli\u010dina pakiranja: 57x31x12cm<br \/>\nS uputama za sastavljanje i vijcima. Jednostavna instalacija.<\/p>\n","protected":false},"excerpt":{"rendered":"<p>Topla svjetle\u0107a stolna lampa, roman prije spavanja i svje\u017ei aromati\u010dni \u010daj&#8230; &#8230; <\/p>\n","protected":false},"featured_media":37694,"template":"","meta":[],"product_cat":[2414],"product_tag":[5224,2673],"yoast_head":"<!-- This site is optimized with the Yoast SEO plugin v23.7 - https:\/\/yoast.com\/wordpress\/plugins\/seo\/ -->\n<title>No\u0107ni ormari\u0107 45x25x55 Cm - Inti<\/title>\n<meta name=\"description\" content=\"Topla svjetle\u0107a stolna lampa, roman prije spavanja i svje\u017ei aromati\u010dni \u010daj... No\u0107ni ormari\u0107 tih je, ali neophodan komad namje\u0161taja u na\u0161oj spava\u0107oj sobi.Otvoreni pretinci pru\u017eaju idealan prostor za pohranu ostalih sitnica. Koristite bijelu policu za svoju no\u0107nu lampu, fotografije, ukrasne predmete itd.Sve osobne stvari koje bi trebale ostati skrivene od znati\u017eeljnih pogleda mo\u017eete pospremiti u ladice no\u0107nog ormari\u0107a.Jednostavan dizajn i \u010dista bijela boja dodaju moderan \u0161arm va\u0161em prostoru.\" \/>\n<meta name=\"robots\" content=\"index, follow, max-snippet:-1, max-image-preview:large, max-video-preview:-1\" \/>\n<link rel=\"canonical\" href=\"https:\/\/inti.hr\/bs\/proizvod\/nocni-ormaric-45x25x55-cm\/\" \/>\n<meta property=\"og:locale\" content=\"bs_BA\" \/>\n<meta property=\"og:type\" content=\"article\" \/>\n<meta property=\"og:title\" content=\"No\u0107ni ormari\u0107 45x25x55 Cm - Inti\" \/>\n<meta property=\"og:description\" content=\"Topla svjetle\u0107a stolna lampa, roman prije spavanja i svje\u017ei aromati\u010dni \u010daj... No\u0107ni ormari\u0107 tih je, ali neophodan komad namje\u0161taja u na\u0161oj spava\u0107oj sobi.Otvoreni pretinci pru\u017eaju idealan prostor za pohranu ostalih sitnica. Koristite bijelu policu za svoju no\u0107nu lampu, fotografije, ukrasne predmete itd.Sve osobne stvari koje bi trebale ostati skrivene od znati\u017eeljnih pogleda mo\u017eete pospremiti u ladice no\u0107nog ormari\u0107a.Jednostavan dizajn i \u010dista bijela boja dodaju moderan \u0161arm va\u0161em prostoru.\" \/>\n<meta property=\"og:url\" content=\"https:\/\/inti.hr\/bs\/proizvod\/nocni-ormaric-45x25x55-cm\/\" \/>\n<meta property=\"og:site_name\" content=\"Inti\" \/>\n<meta property=\"og:image\" content=\"https:\/\/i0.wp.com\/inti.hr\/wp-content\/uploads\/2023\/06\/NKD03-W-Y002.webp?fit=1600%2C1600&ssl=1\" \/>\n\t<meta property=\"og:image:width\" content=\"1600\" \/>\n\t<meta property=\"og:image:height\" content=\"1600\" \/>\n\t<meta property=\"og:image:type\" content=\"image\/webp\" \/>\n<meta name=\"twitter:card\" content=\"summary_large_image\" \/>\n<script type=\"application\/ld+json\" class=\"yoast-schema-graph\">{\"@context\":\"https:\/\/schema.org\",\"@graph\":[{\"@type\":\"WebPage\",\"@id\":\"https:\/\/inti.hr\/bs\/proizvod\/nocni-ormaric-45x25x55-cm\/\",\"url\":\"https:\/\/inti.hr\/bs\/proizvod\/nocni-ormaric-45x25x55-cm\/\",\"name\":\"No\u0107ni ormari\u0107 45x25x55 Cm - Inti\",\"isPartOf\":{\"@id\":\"https:\/\/inti.hr\/bs\/#website\"},\"primaryImageOfPage\":{\"@id\":\"https:\/\/inti.hr\/bs\/proizvod\/nocni-ormaric-45x25x55-cm\/#primaryimage\"},\"image\":{\"@id\":\"https:\/\/inti.hr\/bs\/proizvod\/nocni-ormaric-45x25x55-cm\/#primaryimage\"},\"thumbnailUrl\":\"https:\/\/i0.wp.com\/inti.hr\/wp-content\/uploads\/2023\/06\/NKD03-W-Y002.webp?fit=1600%2C1600&ssl=1\",\"datePublished\":\"2023-06-20T14:18:25+00:00\",\"dateModified\":\"2023-06-20T14:18:25+00:00\",\"description\":\"Topla svjetle\u0107a stolna lampa, roman prije spavanja i svje\u017ei aromati\u010dni \u010daj... No\u0107ni ormari\u0107 tih je, ali neophodan komad namje\u0161taja u na\u0161oj spava\u0107oj sobi.Otvoreni pretinci pru\u017eaju idealan prostor za pohranu ostalih sitnica. Koristite bijelu policu za svoju no\u0107nu lampu, fotografije, ukrasne predmete itd.Sve osobne stvari koje bi trebale ostati skrivene od znati\u017eeljnih pogleda mo\u017eete pospremiti u ladice no\u0107nog ormari\u0107a.Jednostavan dizajn i \u010dista bijela boja dodaju moderan \u0161arm va\u0161em prostoru.\",\"breadcrumb\":{\"@id\":\"https:\/\/inti.hr\/bs\/proizvod\/nocni-ormaric-45x25x55-cm\/#breadcrumb\"},\"inLanguage\":\"bs-BA\",\"potentialAction\":[{\"@type\":\"ReadAction\",\"target\":[\"https:\/\/inti.hr\/bs\/proizvod\/nocni-ormaric-45x25x55-cm\/\"]}]},{\"@type\":\"ImageObject\",\"inLanguage\":\"bs-BA\",\"@id\":\"https:\/\/inti.hr\/bs\/proizvod\/nocni-ormaric-45x25x55-cm\/#primaryimage\",\"url\":\"https:\/\/i0.wp.com\/inti.hr\/wp-content\/uploads\/2023\/06\/NKD03-W-Y002.webp?fit=1600%2C1600&ssl=1\",\"contentUrl\":\"https:\/\/i0.wp.com\/inti.hr\/wp-content\/uploads\/2023\/06\/NKD03-W-Y002.webp?fit=1600%2C1600&ssl=1\",\"width\":1600,\"height\":1600},{\"@type\":\"BreadcrumbList\",\"@id\":\"https:\/\/inti.hr\/bs\/proizvod\/nocni-ormaric-45x25x55-cm\/#breadcrumb\",\"itemListElement\":[{\"@type\":\"ListItem\",\"position\":1,\"name\":\"Po\u010detna stranica\",\"item\":\"https:\/\/inti.hr\/bs\/\"},{\"@type\":\"ListItem\",\"position\":2,\"name\":\"Trgovina\",\"item\":\"https:\/\/inti.hr\/bs\/trgovina\/\"},{\"@type\":\"ListItem\",\"position\":3,\"name\":\"No\u0107ni ormari\u0107 45x25x55 Cm\"}]},{\"@type\":\"WebSite\",\"@id\":\"https:\/\/inti.hr\/bs\/#website\",\"url\":\"https:\/\/inti.hr\/bs\/\",\"name\":\"Inti\",\"description\":\"trgovina\",\"potentialAction\":[{\"@type\":\"SearchAction\",\"target\":{\"@type\":\"EntryPoint\",\"urlTemplate\":\"https:\/\/inti.hr\/bs\/?s={search_term_string}\"},\"query-input\":{\"@type\":\"PropertyValueSpecification\",\"valueRequired\":true,\"valueName\":\"search_term_string\"}}],\"inLanguage\":\"bs-BA\"}]}<\/script>\n<!-- \/ Yoast SEO plugin. -->","yoast_head_json":{"title":"No\u0107ni ormari\u0107 45x25x55 Cm - Inti","description":"Topla svjetle\u0107a stolna lampa, roman prije spavanja i svje\u017ei aromati\u010dni \u010daj... No\u0107ni ormari\u0107 tih je, ali neophodan komad namje\u0161taja u na\u0161oj spava\u0107oj sobi.Otvoreni pretinci pru\u017eaju idealan prostor za pohranu ostalih sitnica. Koristite bijelu policu za svoju no\u0107nu lampu, fotografije, ukrasne predmete itd.Sve osobne stvari koje bi trebale ostati skrivene od znati\u017eeljnih pogleda mo\u017eete pospremiti u ladice no\u0107nog ormari\u0107a.Jednostavan dizajn i \u010dista bijela boja dodaju moderan \u0161arm va\u0161em prostoru.","robots":{"index":"index","follow":"follow","max-snippet":"max-snippet:-1","max-image-preview":"max-image-preview:large","max-video-preview":"max-video-preview:-1"},"canonical":"https:\/\/inti.hr\/bs\/proizvod\/nocni-ormaric-45x25x55-cm\/","og_locale":"bs_BA","og_type":"article","og_title":"No\u0107ni ormari\u0107 45x25x55 Cm - Inti","og_description":"Topla svjetle\u0107a stolna lampa, roman prije spavanja i svje\u017ei aromati\u010dni \u010daj... No\u0107ni ormari\u0107 tih je, ali neophodan komad namje\u0161taja u na\u0161oj spava\u0107oj sobi.Otvoreni pretinci pru\u017eaju idealan prostor za pohranu ostalih sitnica. Koristite bijelu policu za svoju no\u0107nu lampu, fotografije, ukrasne predmete itd.Sve osobne stvari koje bi trebale ostati skrivene od znati\u017eeljnih pogleda mo\u017eete pospremiti u ladice no\u0107nog ormari\u0107a.Jednostavan dizajn i \u010dista bijela boja dodaju moderan \u0161arm va\u0161em prostoru.","og_url":"https:\/\/inti.hr\/bs\/proizvod\/nocni-ormaric-45x25x55-cm\/","og_site_name":"Inti","og_image":[{"width":1600,"height":1600,"url":"https:\/\/i0.wp.com\/inti.hr\/wp-content\/uploads\/2023\/06\/NKD03-W-Y002.webp?fit=1600%2C1600&ssl=1","type":"image\/webp"}],"twitter_card":"summary_large_image","schema":{"@context":"https:\/\/schema.org","@graph":[{"@type":"WebPage","@id":"https:\/\/inti.hr\/bs\/proizvod\/nocni-ormaric-45x25x55-cm\/","url":"https:\/\/inti.hr\/bs\/proizvod\/nocni-ormaric-45x25x55-cm\/","name":"No\u0107ni ormari\u0107 45x25x55 Cm - Inti","isPartOf":{"@id":"https:\/\/inti.hr\/bs\/#website"},"primaryImageOfPage":{"@id":"https:\/\/inti.hr\/bs\/proizvod\/nocni-ormaric-45x25x55-cm\/#primaryimage"},"image":{"@id":"https:\/\/inti.hr\/bs\/proizvod\/nocni-ormaric-45x25x55-cm\/#primaryimage"},"thumbnailUrl":"https:\/\/i0.wp.com\/inti.hr\/wp-content\/uploads\/2023\/06\/NKD03-W-Y002.webp?fit=1600%2C1600&ssl=1","datePublished":"2023-06-20T14:18:25+00:00","dateModified":"2023-06-20T14:18:25+00:00","description":"Topla svjetle\u0107a stolna lampa, roman prije spavanja i svje\u017ei aromati\u010dni \u010daj... No\u0107ni ormari\u0107 tih je, ali neophodan komad namje\u0161taja u na\u0161oj spava\u0107oj sobi.Otvoreni pretinci pru\u017eaju idealan prostor za pohranu ostalih sitnica. Koristite bijelu policu za svoju no\u0107nu lampu, fotografije, ukrasne predmete itd.Sve osobne stvari koje bi trebale ostati skrivene od znati\u017eeljnih pogleda mo\u017eete pospremiti u ladice no\u0107nog ormari\u0107a.Jednostavan dizajn i \u010dista bijela boja dodaju moderan \u0161arm va\u0161em prostoru.","breadcrumb":{"@id":"https:\/\/inti.hr\/bs\/proizvod\/nocni-ormaric-45x25x55-cm\/#breadcrumb"},"inLanguage":"bs-BA","potentialAction":[{"@type":"ReadAction","target":["https:\/\/inti.hr\/bs\/proizvod\/nocni-ormaric-45x25x55-cm\/"]}]},{"@type":"ImageObject","inLanguage":"bs-BA","@id":"https:\/\/inti.hr\/bs\/proizvod\/nocni-ormaric-45x25x55-cm\/#primaryimage","url":"https:\/\/i0.wp.com\/inti.hr\/wp-content\/uploads\/2023\/06\/NKD03-W-Y002.webp?fit=1600%2C1600&ssl=1","contentUrl":"https:\/\/i0.wp.com\/inti.hr\/wp-content\/uploads\/2023\/06\/NKD03-W-Y002.webp?fit=1600%2C1600&ssl=1","width":1600,"height":1600},{"@type":"BreadcrumbList","@id":"https:\/\/inti.hr\/bs\/proizvod\/nocni-ormaric-45x25x55-cm\/#breadcrumb","itemListElement":[{"@type":"ListItem","position":1,"name":"Po\u010detna stranica","item":"https:\/\/inti.hr\/bs\/"},{"@type":"ListItem","position":2,"name":"Trgovina","item":"https:\/\/inti.hr\/bs\/trgovina\/"},{"@type":"ListItem","position":3,"name":"No\u0107ni ormari\u0107 45x25x55 Cm"}]},{"@type":"WebSite","@id":"https:\/\/inti.hr\/bs\/#website","url":"https:\/\/inti.hr\/bs\/","name":"Inti","description":"trgovina","potentialAction":[{"@type":"SearchAction","target":{"@type":"EntryPoint","urlTemplate":"https:\/\/inti.hr\/bs\/?s={search_term_string}"},"query-input":{"@type":"PropertyValueSpecification","valueRequired":true,"valueName":"search_term_string"}}],"inLanguage":"bs-BA"}]}},"jetpack_sharing_enabled":true,"jetpack-related-posts":[],"_links":{"self":[{"href":"https:\/\/inti.hr\/bs\/wp-json\/wp\/v2\/product\/37693"}],"collection":[{"href":"https:\/\/inti.hr\/bs\/wp-json\/wp\/v2\/product"}],"about":[{"href":"https:\/\/inti.hr\/bs\/wp-json\/wp\/v2\/types\/product"}],"wp:featuredmedia":[{"embeddable":true,"href":"https:\/\/inti.hr\/bs\/wp-json\/wp\/v2\/media\/37694"}],"wp:attachment":[{"href":"https:\/\/inti.hr\/bs\/wp-json\/wp\/v2\/media?parent=37693"}],"wp:term":[{"taxonomy":"product_cat","embeddable":true,"href":"https:\/\/inti.hr\/bs\/wp-json\/wp\/v2\/product_cat?post=37693"},{"taxonomy":"product_tag","embeddable":true,"href":"https:\/\/inti.hr\/bs\/wp-json\/wp\/v2\/product_tag?post=37693"}],"curies":[{"name":"wp","href":"https:\/\/api.w.org\/{rel}","templated":true}]}}