{"id":37743,"date":"2023-06-11T07:37:11","date_gmt":"2023-06-11T07:37:11","guid":{"rendered":"https:\/\/inti.hr\/product\/sklopiva-stolica-bukova\/"},"modified":"2023-06-11T07:37:11","modified_gmt":"2023-06-11T07:37:11","slug":"sklopiva-stolica-bukova","status":"publish","type":"product","link":"https:\/\/inti.hr\/bs\/proizvod\/sklopiva-stolica-bukova\/","title":{"rendered":"Sklopiva stolica bukova"},"content":{"rendered":"<p>Detalji proizvoda:<\/p>\n<p>Te\u017eina: 5,2 kg<br \/>\nNosivost: 120 kg<br \/>\nMaterijal: Okvir: bukva; naslon i sjedalo: tapecirano<br \/>\nDimenzije proizvoda (rasklopljen): L47 x D57 x H44 cm<br \/>\nDimenzije proizvoda (sklopljen): L47 x D8 x H93 cm<br \/>\nSklopivo sjedalo, \u0161tedi prostor i lako se sprema, zamjenjivo.<br \/>\nOkvir od bukovog drva nudi ve\u0107u stabilnost i sigurnost.<\/p>\n","protected":false},"excerpt":{"rendered":"<p>Sklopiva stolica mo\u017ee se koristiti bilo gdje i brzo se postavlja.<\/p>\n<p>Uz &#8230; <\/p>\n","protected":false},"featured_media":37744,"template":"","meta":[],"product_cat":[2418,2536],"product_tag":[2497,2589],"yoast_head":"<!-- This site is optimized with the Yoast SEO plugin v23.7 - https:\/\/yoast.com\/wordpress\/plugins\/seo\/ -->\n<title>Sklopiva stolica bukova - Inti<\/title>\n<meta name=\"description\" content=\"Sklopiva stolica mo\u017ee se koristiti bilo gdje i brzo se postavlja.Uz sklopivi stolac dobivate jednostavno sjedenje za svoju blagovaonicu ili terasu. Stolica se mo\u017ee jednostavno sklopiti i pospremiti kada se ne koristi.Osim toga, tkanina je sjajna na ko\u017ei i lako se skida i pere.Na sljede\u0107oj obiteljskoj proslavi ili kada pozovete prijatelje na ugodan ru\u010dak, svakako \u0107ete cijeniti sklopivi stolac. Stolica je stabilna i bezvremenska, a zahvaljuju\u0107i visokokvalitetnim materijalima, dugo \u0107ete u\u017eivati \u200b\u200bu sklopivoj stolici. Izgled drveta tako\u0111er \u0107e se uklopiti u va\u0161 dom.\" \/>\n<meta name=\"robots\" content=\"index, follow, max-snippet:-1, max-image-preview:large, max-video-preview:-1\" \/>\n<link rel=\"canonical\" href=\"https:\/\/inti.hr\/bs\/proizvod\/sklopiva-stolica-bukova\/\" \/>\n<meta property=\"og:locale\" content=\"bs_BA\" \/>\n<meta property=\"og:type\" content=\"article\" \/>\n<meta property=\"og:title\" content=\"Sklopiva stolica bukova - Inti\" \/>\n<meta property=\"og:description\" content=\"Sklopiva stolica mo\u017ee se koristiti bilo gdje i brzo se postavlja.Uz sklopivi stolac dobivate jednostavno sjedenje za svoju blagovaonicu ili terasu. Stolica se mo\u017ee jednostavno sklopiti i pospremiti kada se ne koristi.Osim toga, tkanina je sjajna na ko\u017ei i lako se skida i pere.Na sljede\u0107oj obiteljskoj proslavi ili kada pozovete prijatelje na ugodan ru\u010dak, svakako \u0107ete cijeniti sklopivi stolac. Stolica je stabilna i bezvremenska, a zahvaljuju\u0107i visokokvalitetnim materijalima, dugo \u0107ete u\u017eivati \u200b\u200bu sklopivoj stolici. Izgled drveta tako\u0111er \u0107e se uklopiti u va\u0161 dom.\" \/>\n<meta property=\"og:url\" content=\"https:\/\/inti.hr\/bs\/proizvod\/sklopiva-stolica-bukova\/\" \/>\n<meta property=\"og:site_name\" content=\"Inti\" \/>\n<meta property=\"og:image\" content=\"https:\/\/i0.wp.com\/inti.hr\/wp-content\/uploads\/2023\/06\/FST92-W-Y004_800x.webp?fit=800%2C800&ssl=1\" \/>\n\t<meta property=\"og:image:width\" content=\"800\" \/>\n\t<meta property=\"og:image:height\" content=\"800\" \/>\n\t<meta property=\"og:image:type\" content=\"image\/webp\" \/>\n<meta name=\"twitter:card\" content=\"summary_large_image\" \/>\n<script type=\"application\/ld+json\" class=\"yoast-schema-graph\">{\"@context\":\"https:\/\/schema.org\",\"@graph\":[{\"@type\":\"WebPage\",\"@id\":\"https:\/\/inti.hr\/bs\/proizvod\/sklopiva-stolica-bukova\/\",\"url\":\"https:\/\/inti.hr\/bs\/proizvod\/sklopiva-stolica-bukova\/\",\"name\":\"Sklopiva stolica bukova - Inti\",\"isPartOf\":{\"@id\":\"https:\/\/inti.hr\/bs\/#website\"},\"primaryImageOfPage\":{\"@id\":\"https:\/\/inti.hr\/bs\/proizvod\/sklopiva-stolica-bukova\/#primaryimage\"},\"image\":{\"@id\":\"https:\/\/inti.hr\/bs\/proizvod\/sklopiva-stolica-bukova\/#primaryimage\"},\"thumbnailUrl\":\"https:\/\/i0.wp.com\/inti.hr\/wp-content\/uploads\/2023\/06\/FST92-W-Y004_800x.webp?fit=800%2C800&ssl=1\",\"datePublished\":\"2023-06-11T07:37:11+00:00\",\"dateModified\":\"2023-06-11T07:37:11+00:00\",\"description\":\"Sklopiva stolica mo\u017ee se koristiti bilo gdje i brzo se postavlja.Uz sklopivi stolac dobivate jednostavno sjedenje za svoju blagovaonicu ili terasu. Stolica se mo\u017ee jednostavno sklopiti i pospremiti kada se ne koristi.Osim toga, tkanina je sjajna na ko\u017ei i lako se skida i pere.Na sljede\u0107oj obiteljskoj proslavi ili kada pozovete prijatelje na ugodan ru\u010dak, svakako \u0107ete cijeniti sklopivi stolac. Stolica je stabilna i bezvremenska, a zahvaljuju\u0107i visokokvalitetnim materijalima, dugo \u0107ete u\u017eivati \u200b\u200bu sklopivoj stolici. Izgled drveta tako\u0111er \u0107e se uklopiti u va\u0161 dom.\",\"breadcrumb\":{\"@id\":\"https:\/\/inti.hr\/bs\/proizvod\/sklopiva-stolica-bukova\/#breadcrumb\"},\"inLanguage\":\"bs-BA\",\"potentialAction\":[{\"@type\":\"ReadAction\",\"target\":[\"https:\/\/inti.hr\/bs\/proizvod\/sklopiva-stolica-bukova\/\"]}]},{\"@type\":\"ImageObject\",\"inLanguage\":\"bs-BA\",\"@id\":\"https:\/\/inti.hr\/bs\/proizvod\/sklopiva-stolica-bukova\/#primaryimage\",\"url\":\"https:\/\/i0.wp.com\/inti.hr\/wp-content\/uploads\/2023\/06\/FST92-W-Y004_800x.webp?fit=800%2C800&ssl=1\",\"contentUrl\":\"https:\/\/i0.wp.com\/inti.hr\/wp-content\/uploads\/2023\/06\/FST92-W-Y004_800x.webp?fit=800%2C800&ssl=1\",\"width\":800,\"height\":800},{\"@type\":\"BreadcrumbList\",\"@id\":\"https:\/\/inti.hr\/bs\/proizvod\/sklopiva-stolica-bukova\/#breadcrumb\",\"itemListElement\":[{\"@type\":\"ListItem\",\"position\":1,\"name\":\"Po\u010detna stranica\",\"item\":\"https:\/\/inti.hr\/bs\/\"},{\"@type\":\"ListItem\",\"position\":2,\"name\":\"Trgovina\",\"item\":\"https:\/\/inti.hr\/bs\/trgovina\/\"},{\"@type\":\"ListItem\",\"position\":3,\"name\":\"Sklopiva stolica bukova\"}]},{\"@type\":\"WebSite\",\"@id\":\"https:\/\/inti.hr\/bs\/#website\",\"url\":\"https:\/\/inti.hr\/bs\/\",\"name\":\"Inti\",\"description\":\"trgovina\",\"potentialAction\":[{\"@type\":\"SearchAction\",\"target\":{\"@type\":\"EntryPoint\",\"urlTemplate\":\"https:\/\/inti.hr\/bs\/?s={search_term_string}\"},\"query-input\":{\"@type\":\"PropertyValueSpecification\",\"valueRequired\":true,\"valueName\":\"search_term_string\"}}],\"inLanguage\":\"bs-BA\"}]}<\/script>\n<!-- \/ Yoast SEO plugin. -->","yoast_head_json":{"title":"Sklopiva stolica bukova - Inti","description":"Sklopiva stolica mo\u017ee se koristiti bilo gdje i brzo se postavlja.Uz sklopivi stolac dobivate jednostavno sjedenje za svoju blagovaonicu ili terasu. Stolica se mo\u017ee jednostavno sklopiti i pospremiti kada se ne koristi.Osim toga, tkanina je sjajna na ko\u017ei i lako se skida i pere.Na sljede\u0107oj obiteljskoj proslavi ili kada pozovete prijatelje na ugodan ru\u010dak, svakako \u0107ete cijeniti sklopivi stolac. Stolica je stabilna i bezvremenska, a zahvaljuju\u0107i visokokvalitetnim materijalima, dugo \u0107ete u\u017eivati \u200b\u200bu sklopivoj stolici. Izgled drveta tako\u0111er \u0107e se uklopiti u va\u0161 dom.","robots":{"index":"index","follow":"follow","max-snippet":"max-snippet:-1","max-image-preview":"max-image-preview:large","max-video-preview":"max-video-preview:-1"},"canonical":"https:\/\/inti.hr\/bs\/proizvod\/sklopiva-stolica-bukova\/","og_locale":"bs_BA","og_type":"article","og_title":"Sklopiva stolica bukova - Inti","og_description":"Sklopiva stolica mo\u017ee se koristiti bilo gdje i brzo se postavlja.Uz sklopivi stolac dobivate jednostavno sjedenje za svoju blagovaonicu ili terasu. Stolica se mo\u017ee jednostavno sklopiti i pospremiti kada se ne koristi.Osim toga, tkanina je sjajna na ko\u017ei i lako se skida i pere.Na sljede\u0107oj obiteljskoj proslavi ili kada pozovete prijatelje na ugodan ru\u010dak, svakako \u0107ete cijeniti sklopivi stolac. Stolica je stabilna i bezvremenska, a zahvaljuju\u0107i visokokvalitetnim materijalima, dugo \u0107ete u\u017eivati \u200b\u200bu sklopivoj stolici. Izgled drveta tako\u0111er \u0107e se uklopiti u va\u0161 dom.","og_url":"https:\/\/inti.hr\/bs\/proizvod\/sklopiva-stolica-bukova\/","og_site_name":"Inti","og_image":[{"width":800,"height":800,"url":"https:\/\/i0.wp.com\/inti.hr\/wp-content\/uploads\/2023\/06\/FST92-W-Y004_800x.webp?fit=800%2C800&ssl=1","type":"image\/webp"}],"twitter_card":"summary_large_image","schema":{"@context":"https:\/\/schema.org","@graph":[{"@type":"WebPage","@id":"https:\/\/inti.hr\/bs\/proizvod\/sklopiva-stolica-bukova\/","url":"https:\/\/inti.hr\/bs\/proizvod\/sklopiva-stolica-bukova\/","name":"Sklopiva stolica bukova - Inti","isPartOf":{"@id":"https:\/\/inti.hr\/bs\/#website"},"primaryImageOfPage":{"@id":"https:\/\/inti.hr\/bs\/proizvod\/sklopiva-stolica-bukova\/#primaryimage"},"image":{"@id":"https:\/\/inti.hr\/bs\/proizvod\/sklopiva-stolica-bukova\/#primaryimage"},"thumbnailUrl":"https:\/\/i0.wp.com\/inti.hr\/wp-content\/uploads\/2023\/06\/FST92-W-Y004_800x.webp?fit=800%2C800&ssl=1","datePublished":"2023-06-11T07:37:11+00:00","dateModified":"2023-06-11T07:37:11+00:00","description":"Sklopiva stolica mo\u017ee se koristiti bilo gdje i brzo se postavlja.Uz sklopivi stolac dobivate jednostavno sjedenje za svoju blagovaonicu ili terasu. Stolica se mo\u017ee jednostavno sklopiti i pospremiti kada se ne koristi.Osim toga, tkanina je sjajna na ko\u017ei i lako se skida i pere.Na sljede\u0107oj obiteljskoj proslavi ili kada pozovete prijatelje na ugodan ru\u010dak, svakako \u0107ete cijeniti sklopivi stolac. Stolica je stabilna i bezvremenska, a zahvaljuju\u0107i visokokvalitetnim materijalima, dugo \u0107ete u\u017eivati \u200b\u200bu sklopivoj stolici. Izgled drveta tako\u0111er \u0107e se uklopiti u va\u0161 dom.","breadcrumb":{"@id":"https:\/\/inti.hr\/bs\/proizvod\/sklopiva-stolica-bukova\/#breadcrumb"},"inLanguage":"bs-BA","potentialAction":[{"@type":"ReadAction","target":["https:\/\/inti.hr\/bs\/proizvod\/sklopiva-stolica-bukova\/"]}]},{"@type":"ImageObject","inLanguage":"bs-BA","@id":"https:\/\/inti.hr\/bs\/proizvod\/sklopiva-stolica-bukova\/#primaryimage","url":"https:\/\/i0.wp.com\/inti.hr\/wp-content\/uploads\/2023\/06\/FST92-W-Y004_800x.webp?fit=800%2C800&ssl=1","contentUrl":"https:\/\/i0.wp.com\/inti.hr\/wp-content\/uploads\/2023\/06\/FST92-W-Y004_800x.webp?fit=800%2C800&ssl=1","width":800,"height":800},{"@type":"BreadcrumbList","@id":"https:\/\/inti.hr\/bs\/proizvod\/sklopiva-stolica-bukova\/#breadcrumb","itemListElement":[{"@type":"ListItem","position":1,"name":"Po\u010detna stranica","item":"https:\/\/inti.hr\/bs\/"},{"@type":"ListItem","position":2,"name":"Trgovina","item":"https:\/\/inti.hr\/bs\/trgovina\/"},{"@type":"ListItem","position":3,"name":"Sklopiva stolica bukova"}]},{"@type":"WebSite","@id":"https:\/\/inti.hr\/bs\/#website","url":"https:\/\/inti.hr\/bs\/","name":"Inti","description":"trgovina","potentialAction":[{"@type":"SearchAction","target":{"@type":"EntryPoint","urlTemplate":"https:\/\/inti.hr\/bs\/?s={search_term_string}"},"query-input":{"@type":"PropertyValueSpecification","valueRequired":true,"valueName":"search_term_string"}}],"inLanguage":"bs-BA"}]}},"jetpack_sharing_enabled":true,"jetpack-related-posts":[],"_links":{"self":[{"href":"https:\/\/inti.hr\/bs\/wp-json\/wp\/v2\/product\/37743"}],"collection":[{"href":"https:\/\/inti.hr\/bs\/wp-json\/wp\/v2\/product"}],"about":[{"href":"https:\/\/inti.hr\/bs\/wp-json\/wp\/v2\/types\/product"}],"wp:featuredmedia":[{"embeddable":true,"href":"https:\/\/inti.hr\/bs\/wp-json\/wp\/v2\/media\/37744"}],"wp:attachment":[{"href":"https:\/\/inti.hr\/bs\/wp-json\/wp\/v2\/media?parent=37743"}],"wp:term":[{"taxonomy":"product_cat","embeddable":true,"href":"https:\/\/inti.hr\/bs\/wp-json\/wp\/v2\/product_cat?post=37743"},{"taxonomy":"product_tag","embeddable":true,"href":"https:\/\/inti.hr\/bs\/wp-json\/wp\/v2\/product_tag?post=37743"}],"curies":[{"name":"wp","href":"https:\/\/api.w.org\/{rel}","templated":true}]}}