{"id":37799,"date":"2022-07-13T06:58:22","date_gmt":"2022-07-13T06:58:22","guid":{"rendered":"https:\/\/inti.hr\/product\/ormar-s-ogledalom-s-osvjetljenjem\/"},"modified":"2022-07-13T06:58:22","modified_gmt":"2022-07-13T06:58:22","slug":"ormar-s-ogledalom-s-osvjetljenjem","status":"publish","type":"product","link":"https:\/\/inti.hr\/bs\/proizvod\/ormar-s-ogledalom-s-osvjetljenjem\/","title":{"rendered":"Ormar s ogledalom s osvjetljenjem"},"content":{"rendered":"<div class=\"left\">\n<p>Detalji proizvoda:<\/p>\n<p>&#8211; Boja: bijelo-zlatna<br \/>\n&#8211; Materijal: iverica, \u010delik, staklo<br \/>\n&#8211; Veli\u010dina: 70 x 14,5 x 70 cm (D x \u0160 x V)<br \/>\n&#8211; Visina lampe: 5 cm<br \/>\n&#8211; Te\u017eina: 14,8 kg<br \/>\n&#8211; Maksimalno stati\u010dko optere\u0107enje gornje police: 20 kg<br \/>\n&#8211; Maksimalno stati\u010dko optere\u0107enje podesive police: 5 kg<br \/>\n&#8211; Maksimalno stati\u010dko optere\u0107enje otvorenog odjeljka: 5 kg<\/p>\n<\/div>\n","protected":false},"excerpt":{"rendered":"<p>Kombinacija bijele i zlatne izgleda luksuzno, bo\u010dne letvice pokazuju poseban stil. &#8230; <\/p>\n","protected":false},"featured_media":37800,"template":"","meta":[],"product_cat":[2392],"product_tag":[2520,2393,2394],"yoast_head":"<!-- This site is optimized with the Yoast SEO plugin v23.7 - https:\/\/yoast.com\/wordpress\/plugins\/seo\/ -->\n<title>Ormar s ogledalom s osvjetljenjem - Inti<\/title>\n<meta name=\"description\" content=\"\u00a0Kombinacija bijele i zlatne izgleda luksuzno, bo\u010dne letvice pokazuju poseban stil.\u00a0S ovim kupaonskim ormari\u0107em svojoj kupaonici mo\u017eete dati novi izgled! To zna\u010di vi\u0161e svjetline i nema neugodnih iznena\u0111enja jer va\u0161a \u0161minka jednostavno izgleda sjajno usred bijela dana! Osim toga, ogledala su izra\u0111ena od visokokvalitetnog stakla - sve za Va\u0161u ljepotu. Polica na vrhu, podesiva polica, otvoreni pretinac, ko\u0161ara za pohranu i dr\u017ea\u010d za su\u0161ilo za kosu - ovaj ormar nudi dovoljno prostora.\u00a0Sve je na jednom mjestu, jednostavno i prakti\u010dno.\" \/>\n<meta name=\"robots\" content=\"index, follow, max-snippet:-1, max-image-preview:large, max-video-preview:-1\" \/>\n<link rel=\"canonical\" href=\"https:\/\/inti.hr\/bs\/proizvod\/ormar-s-ogledalom-s-osvjetljenjem\/\" \/>\n<meta property=\"og:locale\" content=\"bs_BA\" \/>\n<meta property=\"og:type\" content=\"article\" \/>\n<meta property=\"og:title\" content=\"Ormar s ogledalom s osvjetljenjem - Inti\" \/>\n<meta property=\"og:description\" content=\"\u00a0Kombinacija bijele i zlatne izgleda luksuzno, bo\u010dne letvice pokazuju poseban stil.\u00a0S ovim kupaonskim ormari\u0107em svojoj kupaonici mo\u017eete dati novi izgled! To zna\u010di vi\u0161e svjetline i nema neugodnih iznena\u0111enja jer va\u0161a \u0161minka jednostavno izgleda sjajno usred bijela dana! Osim toga, ogledala su izra\u0111ena od visokokvalitetnog stakla - sve za Va\u0161u ljepotu. Polica na vrhu, podesiva polica, otvoreni pretinac, ko\u0161ara za pohranu i dr\u017ea\u010d za su\u0161ilo za kosu - ovaj ormar nudi dovoljno prostora.\u00a0Sve je na jednom mjestu, jednostavno i prakti\u010dno.\" \/>\n<meta property=\"og:url\" content=\"https:\/\/inti.hr\/bs\/proizvod\/ormar-s-ogledalom-s-osvjetljenjem\/\" \/>\n<meta property=\"og:site_name\" content=\"Inti\" \/>\n<meta property=\"og:image\" content=\"https:\/\/i0.wp.com\/inti.hr\/wp-content\/uploads\/2022\/07\/BBK124A10-1.jpg?fit=750%2C750&ssl=1\" \/>\n\t<meta property=\"og:image:width\" content=\"750\" \/>\n\t<meta property=\"og:image:height\" content=\"750\" \/>\n\t<meta property=\"og:image:type\" content=\"image\/jpeg\" \/>\n<meta name=\"twitter:card\" content=\"summary_large_image\" \/>\n<script type=\"application\/ld+json\" class=\"yoast-schema-graph\">{\"@context\":\"https:\/\/schema.org\",\"@graph\":[{\"@type\":\"WebPage\",\"@id\":\"https:\/\/inti.hr\/bs\/proizvod\/ormar-s-ogledalom-s-osvjetljenjem\/\",\"url\":\"https:\/\/inti.hr\/bs\/proizvod\/ormar-s-ogledalom-s-osvjetljenjem\/\",\"name\":\"Ormar s ogledalom s osvjetljenjem - Inti\",\"isPartOf\":{\"@id\":\"https:\/\/inti.hr\/bs\/#website\"},\"primaryImageOfPage\":{\"@id\":\"https:\/\/inti.hr\/bs\/proizvod\/ormar-s-ogledalom-s-osvjetljenjem\/#primaryimage\"},\"image\":{\"@id\":\"https:\/\/inti.hr\/bs\/proizvod\/ormar-s-ogledalom-s-osvjetljenjem\/#primaryimage\"},\"thumbnailUrl\":\"https:\/\/i0.wp.com\/inti.hr\/wp-content\/uploads\/2022\/07\/BBK124A10-1.jpg?fit=750%2C750&ssl=1\",\"datePublished\":\"2022-07-13T06:58:22+00:00\",\"dateModified\":\"2022-07-13T06:58:22+00:00\",\"description\":\"\u00a0Kombinacija bijele i zlatne izgleda luksuzno, bo\u010dne letvice pokazuju poseban stil.\u00a0S ovim kupaonskim ormari\u0107em svojoj kupaonici mo\u017eete dati novi izgled! To zna\u010di vi\u0161e svjetline i nema neugodnih iznena\u0111enja jer va\u0161a \u0161minka jednostavno izgleda sjajno usred bijela dana! Osim toga, ogledala su izra\u0111ena od visokokvalitetnog stakla - sve za Va\u0161u ljepotu. Polica na vrhu, podesiva polica, otvoreni pretinac, ko\u0161ara za pohranu i dr\u017ea\u010d za su\u0161ilo za kosu - ovaj ormar nudi dovoljno prostora.\u00a0Sve je na jednom mjestu, jednostavno i prakti\u010dno.\",\"breadcrumb\":{\"@id\":\"https:\/\/inti.hr\/bs\/proizvod\/ormar-s-ogledalom-s-osvjetljenjem\/#breadcrumb\"},\"inLanguage\":\"bs-BA\",\"potentialAction\":[{\"@type\":\"ReadAction\",\"target\":[\"https:\/\/inti.hr\/bs\/proizvod\/ormar-s-ogledalom-s-osvjetljenjem\/\"]}]},{\"@type\":\"ImageObject\",\"inLanguage\":\"bs-BA\",\"@id\":\"https:\/\/inti.hr\/bs\/proizvod\/ormar-s-ogledalom-s-osvjetljenjem\/#primaryimage\",\"url\":\"https:\/\/i0.wp.com\/inti.hr\/wp-content\/uploads\/2022\/07\/BBK124A10-1.jpg?fit=750%2C750&ssl=1\",\"contentUrl\":\"https:\/\/i0.wp.com\/inti.hr\/wp-content\/uploads\/2022\/07\/BBK124A10-1.jpg?fit=750%2C750&ssl=1\",\"width\":750,\"height\":750},{\"@type\":\"BreadcrumbList\",\"@id\":\"https:\/\/inti.hr\/bs\/proizvod\/ormar-s-ogledalom-s-osvjetljenjem\/#breadcrumb\",\"itemListElement\":[{\"@type\":\"ListItem\",\"position\":1,\"name\":\"Po\u010detna stranica\",\"item\":\"https:\/\/inti.hr\/bs\/\"},{\"@type\":\"ListItem\",\"position\":2,\"name\":\"Trgovina\",\"item\":\"https:\/\/inti.hr\/bs\/trgovina\/\"},{\"@type\":\"ListItem\",\"position\":3,\"name\":\"Ormar s ogledalom s osvjetljenjem\"}]},{\"@type\":\"WebSite\",\"@id\":\"https:\/\/inti.hr\/bs\/#website\",\"url\":\"https:\/\/inti.hr\/bs\/\",\"name\":\"Inti\",\"description\":\"trgovina\",\"potentialAction\":[{\"@type\":\"SearchAction\",\"target\":{\"@type\":\"EntryPoint\",\"urlTemplate\":\"https:\/\/inti.hr\/bs\/?s={search_term_string}\"},\"query-input\":{\"@type\":\"PropertyValueSpecification\",\"valueRequired\":true,\"valueName\":\"search_term_string\"}}],\"inLanguage\":\"bs-BA\"}]}<\/script>\n<!-- \/ Yoast SEO plugin. -->","yoast_head_json":{"title":"Ormar s ogledalom s osvjetljenjem - Inti","description":"\u00a0Kombinacija bijele i zlatne izgleda luksuzno, bo\u010dne letvice pokazuju poseban stil.\u00a0S ovim kupaonskim ormari\u0107em svojoj kupaonici mo\u017eete dati novi izgled! To zna\u010di vi\u0161e svjetline i nema neugodnih iznena\u0111enja jer va\u0161a \u0161minka jednostavno izgleda sjajno usred bijela dana! Osim toga, ogledala su izra\u0111ena od visokokvalitetnog stakla - sve za Va\u0161u ljepotu. Polica na vrhu, podesiva polica, otvoreni pretinac, ko\u0161ara za pohranu i dr\u017ea\u010d za su\u0161ilo za kosu - ovaj ormar nudi dovoljno prostora.\u00a0Sve je na jednom mjestu, jednostavno i prakti\u010dno.","robots":{"index":"index","follow":"follow","max-snippet":"max-snippet:-1","max-image-preview":"max-image-preview:large","max-video-preview":"max-video-preview:-1"},"canonical":"https:\/\/inti.hr\/bs\/proizvod\/ormar-s-ogledalom-s-osvjetljenjem\/","og_locale":"bs_BA","og_type":"article","og_title":"Ormar s ogledalom s osvjetljenjem - Inti","og_description":"\u00a0Kombinacija bijele i zlatne izgleda luksuzno, bo\u010dne letvice pokazuju poseban stil.\u00a0S ovim kupaonskim ormari\u0107em svojoj kupaonici mo\u017eete dati novi izgled! To zna\u010di vi\u0161e svjetline i nema neugodnih iznena\u0111enja jer va\u0161a \u0161minka jednostavno izgleda sjajno usred bijela dana! Osim toga, ogledala su izra\u0111ena od visokokvalitetnog stakla - sve za Va\u0161u ljepotu. Polica na vrhu, podesiva polica, otvoreni pretinac, ko\u0161ara za pohranu i dr\u017ea\u010d za su\u0161ilo za kosu - ovaj ormar nudi dovoljno prostora.\u00a0Sve je na jednom mjestu, jednostavno i prakti\u010dno.","og_url":"https:\/\/inti.hr\/bs\/proizvod\/ormar-s-ogledalom-s-osvjetljenjem\/","og_site_name":"Inti","og_image":[{"width":750,"height":750,"url":"https:\/\/i0.wp.com\/inti.hr\/wp-content\/uploads\/2022\/07\/BBK124A10-1.jpg?fit=750%2C750&ssl=1","type":"image\/jpeg"}],"twitter_card":"summary_large_image","schema":{"@context":"https:\/\/schema.org","@graph":[{"@type":"WebPage","@id":"https:\/\/inti.hr\/bs\/proizvod\/ormar-s-ogledalom-s-osvjetljenjem\/","url":"https:\/\/inti.hr\/bs\/proizvod\/ormar-s-ogledalom-s-osvjetljenjem\/","name":"Ormar s ogledalom s osvjetljenjem - Inti","isPartOf":{"@id":"https:\/\/inti.hr\/bs\/#website"},"primaryImageOfPage":{"@id":"https:\/\/inti.hr\/bs\/proizvod\/ormar-s-ogledalom-s-osvjetljenjem\/#primaryimage"},"image":{"@id":"https:\/\/inti.hr\/bs\/proizvod\/ormar-s-ogledalom-s-osvjetljenjem\/#primaryimage"},"thumbnailUrl":"https:\/\/i0.wp.com\/inti.hr\/wp-content\/uploads\/2022\/07\/BBK124A10-1.jpg?fit=750%2C750&ssl=1","datePublished":"2022-07-13T06:58:22+00:00","dateModified":"2022-07-13T06:58:22+00:00","description":"\u00a0Kombinacija bijele i zlatne izgleda luksuzno, bo\u010dne letvice pokazuju poseban stil.\u00a0S ovim kupaonskim ormari\u0107em svojoj kupaonici mo\u017eete dati novi izgled! To zna\u010di vi\u0161e svjetline i nema neugodnih iznena\u0111enja jer va\u0161a \u0161minka jednostavno izgleda sjajno usred bijela dana! Osim toga, ogledala su izra\u0111ena od visokokvalitetnog stakla - sve za Va\u0161u ljepotu. Polica na vrhu, podesiva polica, otvoreni pretinac, ko\u0161ara za pohranu i dr\u017ea\u010d za su\u0161ilo za kosu - ovaj ormar nudi dovoljno prostora.\u00a0Sve je na jednom mjestu, jednostavno i prakti\u010dno.","breadcrumb":{"@id":"https:\/\/inti.hr\/bs\/proizvod\/ormar-s-ogledalom-s-osvjetljenjem\/#breadcrumb"},"inLanguage":"bs-BA","potentialAction":[{"@type":"ReadAction","target":["https:\/\/inti.hr\/bs\/proizvod\/ormar-s-ogledalom-s-osvjetljenjem\/"]}]},{"@type":"ImageObject","inLanguage":"bs-BA","@id":"https:\/\/inti.hr\/bs\/proizvod\/ormar-s-ogledalom-s-osvjetljenjem\/#primaryimage","url":"https:\/\/i0.wp.com\/inti.hr\/wp-content\/uploads\/2022\/07\/BBK124A10-1.jpg?fit=750%2C750&ssl=1","contentUrl":"https:\/\/i0.wp.com\/inti.hr\/wp-content\/uploads\/2022\/07\/BBK124A10-1.jpg?fit=750%2C750&ssl=1","width":750,"height":750},{"@type":"BreadcrumbList","@id":"https:\/\/inti.hr\/bs\/proizvod\/ormar-s-ogledalom-s-osvjetljenjem\/#breadcrumb","itemListElement":[{"@type":"ListItem","position":1,"name":"Po\u010detna stranica","item":"https:\/\/inti.hr\/bs\/"},{"@type":"ListItem","position":2,"name":"Trgovina","item":"https:\/\/inti.hr\/bs\/trgovina\/"},{"@type":"ListItem","position":3,"name":"Ormar s ogledalom s osvjetljenjem"}]},{"@type":"WebSite","@id":"https:\/\/inti.hr\/bs\/#website","url":"https:\/\/inti.hr\/bs\/","name":"Inti","description":"trgovina","potentialAction":[{"@type":"SearchAction","target":{"@type":"EntryPoint","urlTemplate":"https:\/\/inti.hr\/bs\/?s={search_term_string}"},"query-input":{"@type":"PropertyValueSpecification","valueRequired":true,"valueName":"search_term_string"}}],"inLanguage":"bs-BA"}]}},"jetpack_sharing_enabled":true,"jetpack-related-posts":[],"_links":{"self":[{"href":"https:\/\/inti.hr\/bs\/wp-json\/wp\/v2\/product\/37799"}],"collection":[{"href":"https:\/\/inti.hr\/bs\/wp-json\/wp\/v2\/product"}],"about":[{"href":"https:\/\/inti.hr\/bs\/wp-json\/wp\/v2\/types\/product"}],"wp:featuredmedia":[{"embeddable":true,"href":"https:\/\/inti.hr\/bs\/wp-json\/wp\/v2\/media\/37800"}],"wp:attachment":[{"href":"https:\/\/inti.hr\/bs\/wp-json\/wp\/v2\/media?parent=37799"}],"wp:term":[{"taxonomy":"product_cat","embeddable":true,"href":"https:\/\/inti.hr\/bs\/wp-json\/wp\/v2\/product_cat?post=37799"},{"taxonomy":"product_tag","embeddable":true,"href":"https:\/\/inti.hr\/bs\/wp-json\/wp\/v2\/product_tag?post=37799"}],"curies":[{"name":"wp","href":"https:\/\/api.w.org\/{rel}","templated":true}]}}