{"id":37831,"date":"2022-06-23T08:29:07","date_gmt":"2022-06-23T08:29:07","guid":{"rendered":"https:\/\/inti.hr\/product\/vrtna-ljuljacka-za-ljuljanje\/"},"modified":"2022-06-23T08:29:07","modified_gmt":"2022-06-23T08:29:07","slug":"vrtna-ljuljacka-za-ljuljanje","status":"publish","type":"product","link":"https:\/\/inti.hr\/bs\/proizvod\/vrtna-ljuljacka-za-ljuljanje\/","title":{"rendered":"Vrtna ljulja\u010dka za ljuljanje"},"content":{"rendered":"<p>Detalji proizvoda:<\/p>\n<ul>\n<li>Te\u017eina: cca: 25,8 kg<\/li>\n<li>Nosivost: do 300 kg<\/li>\n<li>Materijal: struktura: metalna cijev, potporna povr\u0161ina: poliester;<\/li>\n<li>Veli\u010dina proizvoda: 164x152x184cm (vidi sliku)<\/li>\n<li>Suncobran \u0161titi glavu od opasnih UV zraka.<\/li>\n<\/ul>\n","protected":false},"excerpt":{"rendered":"<p>Tako mo\u017eete dugo u\u017eivati \u200b\u200bu balkonskoj ljulja\u010dki i ona \u0107e dugo &#8230; <\/p>\n","protected":false},"featured_media":37832,"template":"","meta":[],"product_cat":[2482,2452],"product_tag":[3902,5270,4235,5271],"yoast_head":"<!-- This site is optimized with the Yoast SEO plugin v23.7 - https:\/\/yoast.com\/wordpress\/plugins\/seo\/ -->\n<title>Vrtna ljulja\u010dka za ljuljanje - Inti<\/title>\n<meta name=\"description\" content=\"Tako mo\u017eete dugo u\u017eivati \u200b\u200bu balkonskoj ljulja\u010dki i ona \u0107e dugo ostati vizualni vrhunac u va\u0161em vrtu, balkonu ili terasi. Na\u0161a ljulja\u010dka savr\u0161eno je rje\u0161enje za opu\u0161taju\u0107e sate u vrtu, na balkonu. S velikim sjedalom, ova ljulja\u010dka poziva vas i va\u0161e prijatelje da se opustite, zamahnete i opustite. Nadstre\u0161nica od sunca nudi hladno, sjenovito uto\u010di\u0161te za blokiranje UV zraka dok \u010ditate omiljenu knjigu. Zahvaljuju\u0107i udobnim, udobnim i ekstra mekanim sjedalima i debelim podlogama, nudi vam se optimalna udobnost sjedenja i jam\u010de vam ugodne i bezbolne sate u svojoj stolici za ljuljanje sa svojom obitelji i prijateljima. Zahvaljuju\u0107i stabilnoj konstrukciji u \u010dvrstim metalnim cijevima premazanim prahom, stolica za ljuljanje ima maksimalnu nosivost do 300 kg. Tako ljeti mo\u017eete u\u017eivati \u200b\u200bna toplom suncu sa svojim prijateljem uz hladno pi\u0107e. Ljulja\u010dka nije samo uvjerljiva u svojoj korisnosti, ve\u0107 je i vizualni vrhunac u va\u0161em vrtu, na balkonu, na terasi ili jednostavno u va\u0161em domu. Bez obzira na to gdje \u017eelite postaviti ljulja\u010dku, zahvaljuju\u0107i funkciji ljulja\u010dke prona\u0107i \u0107ete opu\u0161tanje posvuda . Ako se vremenski uvjeti promijene, i dalje ih treba pokriti ili sa\u010duvati. Budu\u0107i da utjecaj trajne vlage i ogrebotina u premazu mo\u017ee uzrokovati hr\u0111u.\" \/>\n<meta name=\"robots\" content=\"index, follow, max-snippet:-1, max-image-preview:large, max-video-preview:-1\" \/>\n<link rel=\"canonical\" href=\"https:\/\/inti.hr\/bs\/proizvod\/vrtna-ljuljacka-za-ljuljanje\/\" \/>\n<meta property=\"og:locale\" content=\"bs_BA\" \/>\n<meta property=\"og:type\" content=\"article\" \/>\n<meta property=\"og:title\" content=\"Vrtna ljulja\u010dka za ljuljanje - Inti\" \/>\n<meta property=\"og:description\" content=\"Tako mo\u017eete dugo u\u017eivati \u200b\u200bu balkonskoj ljulja\u010dki i ona \u0107e dugo ostati vizualni vrhunac u va\u0161em vrtu, balkonu ili terasi. Na\u0161a ljulja\u010dka savr\u0161eno je rje\u0161enje za opu\u0161taju\u0107e sate u vrtu, na balkonu. S velikim sjedalom, ova ljulja\u010dka poziva vas i va\u0161e prijatelje da se opustite, zamahnete i opustite. Nadstre\u0161nica od sunca nudi hladno, sjenovito uto\u010di\u0161te za blokiranje UV zraka dok \u010ditate omiljenu knjigu. Zahvaljuju\u0107i udobnim, udobnim i ekstra mekanim sjedalima i debelim podlogama, nudi vam se optimalna udobnost sjedenja i jam\u010de vam ugodne i bezbolne sate u svojoj stolici za ljuljanje sa svojom obitelji i prijateljima. Zahvaljuju\u0107i stabilnoj konstrukciji u \u010dvrstim metalnim cijevima premazanim prahom, stolica za ljuljanje ima maksimalnu nosivost do 300 kg. Tako ljeti mo\u017eete u\u017eivati \u200b\u200bna toplom suncu sa svojim prijateljem uz hladno pi\u0107e. Ljulja\u010dka nije samo uvjerljiva u svojoj korisnosti, ve\u0107 je i vizualni vrhunac u va\u0161em vrtu, na balkonu, na terasi ili jednostavno u va\u0161em domu. Bez obzira na to gdje \u017eelite postaviti ljulja\u010dku, zahvaljuju\u0107i funkciji ljulja\u010dke prona\u0107i \u0107ete opu\u0161tanje posvuda . Ako se vremenski uvjeti promijene, i dalje ih treba pokriti ili sa\u010duvati. Budu\u0107i da utjecaj trajne vlage i ogrebotina u premazu mo\u017ee uzrokovati hr\u0111u.\" \/>\n<meta property=\"og:url\" content=\"https:\/\/inti.hr\/bs\/proizvod\/vrtna-ljuljacka-za-ljuljanje\/\" \/>\n<meta property=\"og:site_name\" content=\"Inti\" \/>\n<meta property=\"og:image\" content=\"https:\/\/i0.wp.com\/inti.hr\/wp-content\/uploads\/2022\/06\/OGS58-HG-Y004-1.webp?fit=1600%2C1600&ssl=1\" \/>\n\t<meta property=\"og:image:width\" content=\"1600\" \/>\n\t<meta property=\"og:image:height\" content=\"1600\" \/>\n\t<meta property=\"og:image:type\" content=\"image\/webp\" \/>\n<meta name=\"twitter:card\" content=\"summary_large_image\" \/>\n<script type=\"application\/ld+json\" class=\"yoast-schema-graph\">{\"@context\":\"https:\/\/schema.org\",\"@graph\":[{\"@type\":\"WebPage\",\"@id\":\"https:\/\/inti.hr\/bs\/proizvod\/vrtna-ljuljacka-za-ljuljanje\/\",\"url\":\"https:\/\/inti.hr\/bs\/proizvod\/vrtna-ljuljacka-za-ljuljanje\/\",\"name\":\"Vrtna ljulja\u010dka za ljuljanje - Inti\",\"isPartOf\":{\"@id\":\"https:\/\/inti.hr\/bs\/#website\"},\"primaryImageOfPage\":{\"@id\":\"https:\/\/inti.hr\/bs\/proizvod\/vrtna-ljuljacka-za-ljuljanje\/#primaryimage\"},\"image\":{\"@id\":\"https:\/\/inti.hr\/bs\/proizvod\/vrtna-ljuljacka-za-ljuljanje\/#primaryimage\"},\"thumbnailUrl\":\"https:\/\/i0.wp.com\/inti.hr\/wp-content\/uploads\/2022\/06\/OGS58-HG-Y004-1.webp?fit=1600%2C1600&ssl=1\",\"datePublished\":\"2022-06-23T08:29:07+00:00\",\"dateModified\":\"2022-06-23T08:29:07+00:00\",\"description\":\"Tako mo\u017eete dugo u\u017eivati \u200b\u200bu balkonskoj ljulja\u010dki i ona \u0107e dugo ostati vizualni vrhunac u va\u0161em vrtu, balkonu ili terasi. Na\u0161a ljulja\u010dka savr\u0161eno je rje\u0161enje za opu\u0161taju\u0107e sate u vrtu, na balkonu. S velikim sjedalom, ova ljulja\u010dka poziva vas i va\u0161e prijatelje da se opustite, zamahnete i opustite. Nadstre\u0161nica od sunca nudi hladno, sjenovito uto\u010di\u0161te za blokiranje UV zraka dok \u010ditate omiljenu knjigu. Zahvaljuju\u0107i udobnim, udobnim i ekstra mekanim sjedalima i debelim podlogama, nudi vam se optimalna udobnost sjedenja i jam\u010de vam ugodne i bezbolne sate u svojoj stolici za ljuljanje sa svojom obitelji i prijateljima. Zahvaljuju\u0107i stabilnoj konstrukciji u \u010dvrstim metalnim cijevima premazanim prahom, stolica za ljuljanje ima maksimalnu nosivost do 300 kg. Tako ljeti mo\u017eete u\u017eivati \u200b\u200bna toplom suncu sa svojim prijateljem uz hladno pi\u0107e. Ljulja\u010dka nije samo uvjerljiva u svojoj korisnosti, ve\u0107 je i vizualni vrhunac u va\u0161em vrtu, na balkonu, na terasi ili jednostavno u va\u0161em domu. Bez obzira na to gdje \u017eelite postaviti ljulja\u010dku, zahvaljuju\u0107i funkciji ljulja\u010dke prona\u0107i \u0107ete opu\u0161tanje posvuda . Ako se vremenski uvjeti promijene, i dalje ih treba pokriti ili sa\u010duvati. Budu\u0107i da utjecaj trajne vlage i ogrebotina u premazu mo\u017ee uzrokovati hr\u0111u.\",\"breadcrumb\":{\"@id\":\"https:\/\/inti.hr\/bs\/proizvod\/vrtna-ljuljacka-za-ljuljanje\/#breadcrumb\"},\"inLanguage\":\"bs-BA\",\"potentialAction\":[{\"@type\":\"ReadAction\",\"target\":[\"https:\/\/inti.hr\/bs\/proizvod\/vrtna-ljuljacka-za-ljuljanje\/\"]}]},{\"@type\":\"ImageObject\",\"inLanguage\":\"bs-BA\",\"@id\":\"https:\/\/inti.hr\/bs\/proizvod\/vrtna-ljuljacka-za-ljuljanje\/#primaryimage\",\"url\":\"https:\/\/i0.wp.com\/inti.hr\/wp-content\/uploads\/2022\/06\/OGS58-HG-Y004-1.webp?fit=1600%2C1600&ssl=1\",\"contentUrl\":\"https:\/\/i0.wp.com\/inti.hr\/wp-content\/uploads\/2022\/06\/OGS58-HG-Y004-1.webp?fit=1600%2C1600&ssl=1\",\"width\":1600,\"height\":1600},{\"@type\":\"BreadcrumbList\",\"@id\":\"https:\/\/inti.hr\/bs\/proizvod\/vrtna-ljuljacka-za-ljuljanje\/#breadcrumb\",\"itemListElement\":[{\"@type\":\"ListItem\",\"position\":1,\"name\":\"Po\u010detna stranica\",\"item\":\"https:\/\/inti.hr\/bs\/\"},{\"@type\":\"ListItem\",\"position\":2,\"name\":\"Trgovina\",\"item\":\"https:\/\/inti.hr\/bs\/trgovina\/\"},{\"@type\":\"ListItem\",\"position\":3,\"name\":\"Vrtna ljulja\u010dka za ljuljanje\"}]},{\"@type\":\"WebSite\",\"@id\":\"https:\/\/inti.hr\/bs\/#website\",\"url\":\"https:\/\/inti.hr\/bs\/\",\"name\":\"Inti\",\"description\":\"trgovina\",\"potentialAction\":[{\"@type\":\"SearchAction\",\"target\":{\"@type\":\"EntryPoint\",\"urlTemplate\":\"https:\/\/inti.hr\/bs\/?s={search_term_string}\"},\"query-input\":{\"@type\":\"PropertyValueSpecification\",\"valueRequired\":true,\"valueName\":\"search_term_string\"}}],\"inLanguage\":\"bs-BA\"}]}<\/script>\n<!-- \/ Yoast SEO plugin. -->","yoast_head_json":{"title":"Vrtna ljulja\u010dka za ljuljanje - Inti","description":"Tako mo\u017eete dugo u\u017eivati \u200b\u200bu balkonskoj ljulja\u010dki i ona \u0107e dugo ostati vizualni vrhunac u va\u0161em vrtu, balkonu ili terasi. Na\u0161a ljulja\u010dka savr\u0161eno je rje\u0161enje za opu\u0161taju\u0107e sate u vrtu, na balkonu. S velikim sjedalom, ova ljulja\u010dka poziva vas i va\u0161e prijatelje da se opustite, zamahnete i opustite. Nadstre\u0161nica od sunca nudi hladno, sjenovito uto\u010di\u0161te za blokiranje UV zraka dok \u010ditate omiljenu knjigu. Zahvaljuju\u0107i udobnim, udobnim i ekstra mekanim sjedalima i debelim podlogama, nudi vam se optimalna udobnost sjedenja i jam\u010de vam ugodne i bezbolne sate u svojoj stolici za ljuljanje sa svojom obitelji i prijateljima. Zahvaljuju\u0107i stabilnoj konstrukciji u \u010dvrstim metalnim cijevima premazanim prahom, stolica za ljuljanje ima maksimalnu nosivost do 300 kg. Tako ljeti mo\u017eete u\u017eivati \u200b\u200bna toplom suncu sa svojim prijateljem uz hladno pi\u0107e. Ljulja\u010dka nije samo uvjerljiva u svojoj korisnosti, ve\u0107 je i vizualni vrhunac u va\u0161em vrtu, na balkonu, na terasi ili jednostavno u va\u0161em domu. Bez obzira na to gdje \u017eelite postaviti ljulja\u010dku, zahvaljuju\u0107i funkciji ljulja\u010dke prona\u0107i \u0107ete opu\u0161tanje posvuda . Ako se vremenski uvjeti promijene, i dalje ih treba pokriti ili sa\u010duvati. Budu\u0107i da utjecaj trajne vlage i ogrebotina u premazu mo\u017ee uzrokovati hr\u0111u.","robots":{"index":"index","follow":"follow","max-snippet":"max-snippet:-1","max-image-preview":"max-image-preview:large","max-video-preview":"max-video-preview:-1"},"canonical":"https:\/\/inti.hr\/bs\/proizvod\/vrtna-ljuljacka-za-ljuljanje\/","og_locale":"bs_BA","og_type":"article","og_title":"Vrtna ljulja\u010dka za ljuljanje - Inti","og_description":"Tako mo\u017eete dugo u\u017eivati \u200b\u200bu balkonskoj ljulja\u010dki i ona \u0107e dugo ostati vizualni vrhunac u va\u0161em vrtu, balkonu ili terasi. Na\u0161a ljulja\u010dka savr\u0161eno je rje\u0161enje za opu\u0161taju\u0107e sate u vrtu, na balkonu. S velikim sjedalom, ova ljulja\u010dka poziva vas i va\u0161e prijatelje da se opustite, zamahnete i opustite. Nadstre\u0161nica od sunca nudi hladno, sjenovito uto\u010di\u0161te za blokiranje UV zraka dok \u010ditate omiljenu knjigu. Zahvaljuju\u0107i udobnim, udobnim i ekstra mekanim sjedalima i debelim podlogama, nudi vam se optimalna udobnost sjedenja i jam\u010de vam ugodne i bezbolne sate u svojoj stolici za ljuljanje sa svojom obitelji i prijateljima. Zahvaljuju\u0107i stabilnoj konstrukciji u \u010dvrstim metalnim cijevima premazanim prahom, stolica za ljuljanje ima maksimalnu nosivost do 300 kg. Tako ljeti mo\u017eete u\u017eivati \u200b\u200bna toplom suncu sa svojim prijateljem uz hladno pi\u0107e. Ljulja\u010dka nije samo uvjerljiva u svojoj korisnosti, ve\u0107 je i vizualni vrhunac u va\u0161em vrtu, na balkonu, na terasi ili jednostavno u va\u0161em domu. Bez obzira na to gdje \u017eelite postaviti ljulja\u010dku, zahvaljuju\u0107i funkciji ljulja\u010dke prona\u0107i \u0107ete opu\u0161tanje posvuda . Ako se vremenski uvjeti promijene, i dalje ih treba pokriti ili sa\u010duvati. Budu\u0107i da utjecaj trajne vlage i ogrebotina u premazu mo\u017ee uzrokovati hr\u0111u.","og_url":"https:\/\/inti.hr\/bs\/proizvod\/vrtna-ljuljacka-za-ljuljanje\/","og_site_name":"Inti","og_image":[{"width":1600,"height":1600,"url":"https:\/\/i0.wp.com\/inti.hr\/wp-content\/uploads\/2022\/06\/OGS58-HG-Y004-1.webp?fit=1600%2C1600&ssl=1","type":"image\/webp"}],"twitter_card":"summary_large_image","schema":{"@context":"https:\/\/schema.org","@graph":[{"@type":"WebPage","@id":"https:\/\/inti.hr\/bs\/proizvod\/vrtna-ljuljacka-za-ljuljanje\/","url":"https:\/\/inti.hr\/bs\/proizvod\/vrtna-ljuljacka-za-ljuljanje\/","name":"Vrtna ljulja\u010dka za ljuljanje - Inti","isPartOf":{"@id":"https:\/\/inti.hr\/bs\/#website"},"primaryImageOfPage":{"@id":"https:\/\/inti.hr\/bs\/proizvod\/vrtna-ljuljacka-za-ljuljanje\/#primaryimage"},"image":{"@id":"https:\/\/inti.hr\/bs\/proizvod\/vrtna-ljuljacka-za-ljuljanje\/#primaryimage"},"thumbnailUrl":"https:\/\/i0.wp.com\/inti.hr\/wp-content\/uploads\/2022\/06\/OGS58-HG-Y004-1.webp?fit=1600%2C1600&ssl=1","datePublished":"2022-06-23T08:29:07+00:00","dateModified":"2022-06-23T08:29:07+00:00","description":"Tako mo\u017eete dugo u\u017eivati \u200b\u200bu balkonskoj ljulja\u010dki i ona \u0107e dugo ostati vizualni vrhunac u va\u0161em vrtu, balkonu ili terasi. Na\u0161a ljulja\u010dka savr\u0161eno je rje\u0161enje za opu\u0161taju\u0107e sate u vrtu, na balkonu. S velikim sjedalom, ova ljulja\u010dka poziva vas i va\u0161e prijatelje da se opustite, zamahnete i opustite. Nadstre\u0161nica od sunca nudi hladno, sjenovito uto\u010di\u0161te za blokiranje UV zraka dok \u010ditate omiljenu knjigu. Zahvaljuju\u0107i udobnim, udobnim i ekstra mekanim sjedalima i debelim podlogama, nudi vam se optimalna udobnost sjedenja i jam\u010de vam ugodne i bezbolne sate u svojoj stolici za ljuljanje sa svojom obitelji i prijateljima. Zahvaljuju\u0107i stabilnoj konstrukciji u \u010dvrstim metalnim cijevima premazanim prahom, stolica za ljuljanje ima maksimalnu nosivost do 300 kg. Tako ljeti mo\u017eete u\u017eivati \u200b\u200bna toplom suncu sa svojim prijateljem uz hladno pi\u0107e. Ljulja\u010dka nije samo uvjerljiva u svojoj korisnosti, ve\u0107 je i vizualni vrhunac u va\u0161em vrtu, na balkonu, na terasi ili jednostavno u va\u0161em domu. Bez obzira na to gdje \u017eelite postaviti ljulja\u010dku, zahvaljuju\u0107i funkciji ljulja\u010dke prona\u0107i \u0107ete opu\u0161tanje posvuda . Ako se vremenski uvjeti promijene, i dalje ih treba pokriti ili sa\u010duvati. Budu\u0107i da utjecaj trajne vlage i ogrebotina u premazu mo\u017ee uzrokovati hr\u0111u.","breadcrumb":{"@id":"https:\/\/inti.hr\/bs\/proizvod\/vrtna-ljuljacka-za-ljuljanje\/#breadcrumb"},"inLanguage":"bs-BA","potentialAction":[{"@type":"ReadAction","target":["https:\/\/inti.hr\/bs\/proizvod\/vrtna-ljuljacka-za-ljuljanje\/"]}]},{"@type":"ImageObject","inLanguage":"bs-BA","@id":"https:\/\/inti.hr\/bs\/proizvod\/vrtna-ljuljacka-za-ljuljanje\/#primaryimage","url":"https:\/\/i0.wp.com\/inti.hr\/wp-content\/uploads\/2022\/06\/OGS58-HG-Y004-1.webp?fit=1600%2C1600&ssl=1","contentUrl":"https:\/\/i0.wp.com\/inti.hr\/wp-content\/uploads\/2022\/06\/OGS58-HG-Y004-1.webp?fit=1600%2C1600&ssl=1","width":1600,"height":1600},{"@type":"BreadcrumbList","@id":"https:\/\/inti.hr\/bs\/proizvod\/vrtna-ljuljacka-za-ljuljanje\/#breadcrumb","itemListElement":[{"@type":"ListItem","position":1,"name":"Po\u010detna stranica","item":"https:\/\/inti.hr\/bs\/"},{"@type":"ListItem","position":2,"name":"Trgovina","item":"https:\/\/inti.hr\/bs\/trgovina\/"},{"@type":"ListItem","position":3,"name":"Vrtna ljulja\u010dka za ljuljanje"}]},{"@type":"WebSite","@id":"https:\/\/inti.hr\/bs\/#website","url":"https:\/\/inti.hr\/bs\/","name":"Inti","description":"trgovina","potentialAction":[{"@type":"SearchAction","target":{"@type":"EntryPoint","urlTemplate":"https:\/\/inti.hr\/bs\/?s={search_term_string}"},"query-input":{"@type":"PropertyValueSpecification","valueRequired":true,"valueName":"search_term_string"}}],"inLanguage":"bs-BA"}]}},"jetpack_sharing_enabled":true,"jetpack-related-posts":[],"_links":{"self":[{"href":"https:\/\/inti.hr\/bs\/wp-json\/wp\/v2\/product\/37831"}],"collection":[{"href":"https:\/\/inti.hr\/bs\/wp-json\/wp\/v2\/product"}],"about":[{"href":"https:\/\/inti.hr\/bs\/wp-json\/wp\/v2\/types\/product"}],"wp:featuredmedia":[{"embeddable":true,"href":"https:\/\/inti.hr\/bs\/wp-json\/wp\/v2\/media\/37832"}],"wp:attachment":[{"href":"https:\/\/inti.hr\/bs\/wp-json\/wp\/v2\/media?parent=37831"}],"wp:term":[{"taxonomy":"product_cat","embeddable":true,"href":"https:\/\/inti.hr\/bs\/wp-json\/wp\/v2\/product_cat?post=37831"},{"taxonomy":"product_tag","embeddable":true,"href":"https:\/\/inti.hr\/bs\/wp-json\/wp\/v2\/product_tag?post=37831"}],"curies":[{"name":"wp","href":"https:\/\/api.w.org\/{rel}","templated":true}]}}