{"id":37835,"date":"2022-06-20T06:50:33","date_gmt":"2022-06-20T06:50:33","guid":{"rendered":"https:\/\/inti.hr\/product\/konzolni-stol-za-hodnik-2\/"},"modified":"2022-06-20T06:50:33","modified_gmt":"2022-06-20T06:50:33","slug":"konzolni-stol-za-hodnik-2","status":"publish","type":"product","link":"https:\/\/inti.hr\/bs\/proizvod\/konzolni-stol-za-hodnik-2\/","title":{"rendered":"Konzolni stol za hodnik"},"content":{"rendered":"<p>Detalji proizvoda:<\/p>\n<ul>\n<li>Te\u017eina: 21,8 kg<\/li>\n<li>Nosivost: 45 kg<\/li>\n<li>Materijal: MDF (E1)<\/li>\n<li>Veli\u010dina proizvoda: 93x33x79cm (vidi sliku)<\/li>\n<li>Dimenzije pakiranja: 98x40x16cm.<\/li>\n<li>S uputama za monta\u017eu i vijcima.\u00a0Jednostavna instalacija.<\/li>\n<\/ul>\n","protected":false},"excerpt":{"rendered":"<p>Konzolni stol se \u010desto ne uzima u obzir pri postavljanju dok &#8230; <\/p>\n","protected":false},"featured_media":37836,"template":"","meta":[],"product_cat":[2418,2632],"product_tag":[4062,2444,2633,2746,3410,3988],"yoast_head":"<!-- This site is optimized with the Yoast SEO plugin v23.7 - https:\/\/yoast.com\/wordpress\/plugins\/seo\/ -->\n<title>Konzolni stol za hodnik - Inti<\/title>\n<meta name=\"description\" content=\"k onzolni stol se \u010desto ne uzima u obzir pri postavljanju dok ga ne donesete u svoj dom. Na radnoj povr\u0161ini imate dovoljno mjesta za dodavanje fotografija, cvije\u0107a i jo\u0161 mnogo toga. Ukrasiti. Va\u017ene stvari, kao \u0161to su klju\u010devi, slova, olovke itd., mogu se razvrstati i zatim spremiti u tri ladice. Veliki pretinac ispod idealan je za biljke i ukrasne predmete. Uklju\u010duje \u0161titnike za pod od filca za sprje\u010davanje o\u0161te\u0107enja od ogrebotina. Mogu\u0107nosti su neograni\u010dene. U dnevnom boravku stol mo\u017eete postaviti kao pomo\u0107ni stoli\u0107 iza trosjeda, u ulaznom dijelu ga mo\u017eete koristiti kao konzolu, a u kuhinji ga jednostavno opremiti po svom ukusu. Stol je izra\u0111en od visokokvalitetnog MDF-a (E1), osigurava veliku nosivost i izdr\u017eljivost, vodootporan i jednostavan za \u010di\u0161\u0107enje. Zahvaljuju\u0107i jednostavnom dizajnu i svijetlosivoj vanj\u0161tini, dobro pristaje bilo gdje.\" \/>\n<meta name=\"robots\" content=\"index, follow, max-snippet:-1, max-image-preview:large, max-video-preview:-1\" \/>\n<link rel=\"canonical\" href=\"https:\/\/inti.hr\/bs\/proizvod\/konzolni-stol-za-hodnik-2\/\" \/>\n<meta property=\"og:locale\" content=\"bs_BA\" \/>\n<meta property=\"og:type\" content=\"article\" \/>\n<meta property=\"og:title\" content=\"Konzolni stol za hodnik - Inti\" \/>\n<meta property=\"og:description\" content=\"k onzolni stol se \u010desto ne uzima u obzir pri postavljanju dok ga ne donesete u svoj dom. Na radnoj povr\u0161ini imate dovoljno mjesta za dodavanje fotografija, cvije\u0107a i jo\u0161 mnogo toga. Ukrasiti. Va\u017ene stvari, kao \u0161to su klju\u010devi, slova, olovke itd., mogu se razvrstati i zatim spremiti u tri ladice. Veliki pretinac ispod idealan je za biljke i ukrasne predmete. Uklju\u010duje \u0161titnike za pod od filca za sprje\u010davanje o\u0161te\u0107enja od ogrebotina. Mogu\u0107nosti su neograni\u010dene. U dnevnom boravku stol mo\u017eete postaviti kao pomo\u0107ni stoli\u0107 iza trosjeda, u ulaznom dijelu ga mo\u017eete koristiti kao konzolu, a u kuhinji ga jednostavno opremiti po svom ukusu. Stol je izra\u0111en od visokokvalitetnog MDF-a (E1), osigurava veliku nosivost i izdr\u017eljivost, vodootporan i jednostavan za \u010di\u0161\u0107enje. Zahvaljuju\u0107i jednostavnom dizajnu i svijetlosivoj vanj\u0161tini, dobro pristaje bilo gdje.\" \/>\n<meta property=\"og:url\" content=\"https:\/\/inti.hr\/bs\/proizvod\/konzolni-stol-za-hodnik-2\/\" \/>\n<meta property=\"og:site_name\" content=\"Inti\" \/>\n<meta property=\"og:image\" content=\"https:\/\/i0.wp.com\/inti.hr\/wp-content\/uploads\/2022\/06\/FSB51-HG-Y005.webp?fit=1600%2C1600&ssl=1\" \/>\n\t<meta property=\"og:image:width\" content=\"1600\" \/>\n\t<meta property=\"og:image:height\" content=\"1600\" \/>\n\t<meta property=\"og:image:type\" content=\"image\/webp\" \/>\n<meta name=\"twitter:card\" content=\"summary_large_image\" \/>\n<script type=\"application\/ld+json\" class=\"yoast-schema-graph\">{\"@context\":\"https:\/\/schema.org\",\"@graph\":[{\"@type\":\"WebPage\",\"@id\":\"https:\/\/inti.hr\/bs\/proizvod\/konzolni-stol-za-hodnik-2\/\",\"url\":\"https:\/\/inti.hr\/bs\/proizvod\/konzolni-stol-za-hodnik-2\/\",\"name\":\"Konzolni stol za hodnik - Inti\",\"isPartOf\":{\"@id\":\"https:\/\/inti.hr\/bs\/#website\"},\"primaryImageOfPage\":{\"@id\":\"https:\/\/inti.hr\/bs\/proizvod\/konzolni-stol-za-hodnik-2\/#primaryimage\"},\"image\":{\"@id\":\"https:\/\/inti.hr\/bs\/proizvod\/konzolni-stol-za-hodnik-2\/#primaryimage\"},\"thumbnailUrl\":\"https:\/\/i0.wp.com\/inti.hr\/wp-content\/uploads\/2022\/06\/FSB51-HG-Y005.webp?fit=1600%2C1600&ssl=1\",\"datePublished\":\"2022-06-20T06:50:33+00:00\",\"dateModified\":\"2022-06-20T06:50:33+00:00\",\"description\":\"k onzolni stol se \u010desto ne uzima u obzir pri postavljanju dok ga ne donesete u svoj dom. Na radnoj povr\u0161ini imate dovoljno mjesta za dodavanje fotografija, cvije\u0107a i jo\u0161 mnogo toga. Ukrasiti. Va\u017ene stvari, kao \u0161to su klju\u010devi, slova, olovke itd., mogu se razvrstati i zatim spremiti u tri ladice. Veliki pretinac ispod idealan je za biljke i ukrasne predmete. Uklju\u010duje \u0161titnike za pod od filca za sprje\u010davanje o\u0161te\u0107enja od ogrebotina. Mogu\u0107nosti su neograni\u010dene. U dnevnom boravku stol mo\u017eete postaviti kao pomo\u0107ni stoli\u0107 iza trosjeda, u ulaznom dijelu ga mo\u017eete koristiti kao konzolu, a u kuhinji ga jednostavno opremiti po svom ukusu. Stol je izra\u0111en od visokokvalitetnog MDF-a (E1), osigurava veliku nosivost i izdr\u017eljivost, vodootporan i jednostavan za \u010di\u0161\u0107enje. Zahvaljuju\u0107i jednostavnom dizajnu i svijetlosivoj vanj\u0161tini, dobro pristaje bilo gdje.\",\"breadcrumb\":{\"@id\":\"https:\/\/inti.hr\/bs\/proizvod\/konzolni-stol-za-hodnik-2\/#breadcrumb\"},\"inLanguage\":\"bs-BA\",\"potentialAction\":[{\"@type\":\"ReadAction\",\"target\":[\"https:\/\/inti.hr\/bs\/proizvod\/konzolni-stol-za-hodnik-2\/\"]}]},{\"@type\":\"ImageObject\",\"inLanguage\":\"bs-BA\",\"@id\":\"https:\/\/inti.hr\/bs\/proizvod\/konzolni-stol-za-hodnik-2\/#primaryimage\",\"url\":\"https:\/\/i0.wp.com\/inti.hr\/wp-content\/uploads\/2022\/06\/FSB51-HG-Y005.webp?fit=1600%2C1600&ssl=1\",\"contentUrl\":\"https:\/\/i0.wp.com\/inti.hr\/wp-content\/uploads\/2022\/06\/FSB51-HG-Y005.webp?fit=1600%2C1600&ssl=1\",\"width\":1600,\"height\":1600},{\"@type\":\"BreadcrumbList\",\"@id\":\"https:\/\/inti.hr\/bs\/proizvod\/konzolni-stol-za-hodnik-2\/#breadcrumb\",\"itemListElement\":[{\"@type\":\"ListItem\",\"position\":1,\"name\":\"Po\u010detna stranica\",\"item\":\"https:\/\/inti.hr\/bs\/\"},{\"@type\":\"ListItem\",\"position\":2,\"name\":\"Trgovina\",\"item\":\"https:\/\/inti.hr\/bs\/trgovina\/\"},{\"@type\":\"ListItem\",\"position\":3,\"name\":\"Konzolni stol za hodnik\"}]},{\"@type\":\"WebSite\",\"@id\":\"https:\/\/inti.hr\/bs\/#website\",\"url\":\"https:\/\/inti.hr\/bs\/\",\"name\":\"Inti\",\"description\":\"trgovina\",\"potentialAction\":[{\"@type\":\"SearchAction\",\"target\":{\"@type\":\"EntryPoint\",\"urlTemplate\":\"https:\/\/inti.hr\/bs\/?s={search_term_string}\"},\"query-input\":{\"@type\":\"PropertyValueSpecification\",\"valueRequired\":true,\"valueName\":\"search_term_string\"}}],\"inLanguage\":\"bs-BA\"}]}<\/script>\n<!-- \/ Yoast SEO plugin. -->","yoast_head_json":{"title":"Konzolni stol za hodnik - Inti","description":"k onzolni stol se \u010desto ne uzima u obzir pri postavljanju dok ga ne donesete u svoj dom. Na radnoj povr\u0161ini imate dovoljno mjesta za dodavanje fotografija, cvije\u0107a i jo\u0161 mnogo toga. Ukrasiti. Va\u017ene stvari, kao \u0161to su klju\u010devi, slova, olovke itd., mogu se razvrstati i zatim spremiti u tri ladice. Veliki pretinac ispod idealan je za biljke i ukrasne predmete. Uklju\u010duje \u0161titnike za pod od filca za sprje\u010davanje o\u0161te\u0107enja od ogrebotina. Mogu\u0107nosti su neograni\u010dene. U dnevnom boravku stol mo\u017eete postaviti kao pomo\u0107ni stoli\u0107 iza trosjeda, u ulaznom dijelu ga mo\u017eete koristiti kao konzolu, a u kuhinji ga jednostavno opremiti po svom ukusu. Stol je izra\u0111en od visokokvalitetnog MDF-a (E1), osigurava veliku nosivost i izdr\u017eljivost, vodootporan i jednostavan za \u010di\u0161\u0107enje. Zahvaljuju\u0107i jednostavnom dizajnu i svijetlosivoj vanj\u0161tini, dobro pristaje bilo gdje.","robots":{"index":"index","follow":"follow","max-snippet":"max-snippet:-1","max-image-preview":"max-image-preview:large","max-video-preview":"max-video-preview:-1"},"canonical":"https:\/\/inti.hr\/bs\/proizvod\/konzolni-stol-za-hodnik-2\/","og_locale":"bs_BA","og_type":"article","og_title":"Konzolni stol za hodnik - Inti","og_description":"k onzolni stol se \u010desto ne uzima u obzir pri postavljanju dok ga ne donesete u svoj dom. Na radnoj povr\u0161ini imate dovoljno mjesta za dodavanje fotografija, cvije\u0107a i jo\u0161 mnogo toga. Ukrasiti. Va\u017ene stvari, kao \u0161to su klju\u010devi, slova, olovke itd., mogu se razvrstati i zatim spremiti u tri ladice. Veliki pretinac ispod idealan je za biljke i ukrasne predmete. Uklju\u010duje \u0161titnike za pod od filca za sprje\u010davanje o\u0161te\u0107enja od ogrebotina. Mogu\u0107nosti su neograni\u010dene. U dnevnom boravku stol mo\u017eete postaviti kao pomo\u0107ni stoli\u0107 iza trosjeda, u ulaznom dijelu ga mo\u017eete koristiti kao konzolu, a u kuhinji ga jednostavno opremiti po svom ukusu. Stol je izra\u0111en od visokokvalitetnog MDF-a (E1), osigurava veliku nosivost i izdr\u017eljivost, vodootporan i jednostavan za \u010di\u0161\u0107enje. Zahvaljuju\u0107i jednostavnom dizajnu i svijetlosivoj vanj\u0161tini, dobro pristaje bilo gdje.","og_url":"https:\/\/inti.hr\/bs\/proizvod\/konzolni-stol-za-hodnik-2\/","og_site_name":"Inti","og_image":[{"width":1600,"height":1600,"url":"https:\/\/i0.wp.com\/inti.hr\/wp-content\/uploads\/2022\/06\/FSB51-HG-Y005.webp?fit=1600%2C1600&ssl=1","type":"image\/webp"}],"twitter_card":"summary_large_image","schema":{"@context":"https:\/\/schema.org","@graph":[{"@type":"WebPage","@id":"https:\/\/inti.hr\/bs\/proizvod\/konzolni-stol-za-hodnik-2\/","url":"https:\/\/inti.hr\/bs\/proizvod\/konzolni-stol-za-hodnik-2\/","name":"Konzolni stol za hodnik - Inti","isPartOf":{"@id":"https:\/\/inti.hr\/bs\/#website"},"primaryImageOfPage":{"@id":"https:\/\/inti.hr\/bs\/proizvod\/konzolni-stol-za-hodnik-2\/#primaryimage"},"image":{"@id":"https:\/\/inti.hr\/bs\/proizvod\/konzolni-stol-za-hodnik-2\/#primaryimage"},"thumbnailUrl":"https:\/\/i0.wp.com\/inti.hr\/wp-content\/uploads\/2022\/06\/FSB51-HG-Y005.webp?fit=1600%2C1600&ssl=1","datePublished":"2022-06-20T06:50:33+00:00","dateModified":"2022-06-20T06:50:33+00:00","description":"k onzolni stol se \u010desto ne uzima u obzir pri postavljanju dok ga ne donesete u svoj dom. Na radnoj povr\u0161ini imate dovoljno mjesta za dodavanje fotografija, cvije\u0107a i jo\u0161 mnogo toga. Ukrasiti. Va\u017ene stvari, kao \u0161to su klju\u010devi, slova, olovke itd., mogu se razvrstati i zatim spremiti u tri ladice. Veliki pretinac ispod idealan je za biljke i ukrasne predmete. Uklju\u010duje \u0161titnike za pod od filca za sprje\u010davanje o\u0161te\u0107enja od ogrebotina. Mogu\u0107nosti su neograni\u010dene. U dnevnom boravku stol mo\u017eete postaviti kao pomo\u0107ni stoli\u0107 iza trosjeda, u ulaznom dijelu ga mo\u017eete koristiti kao konzolu, a u kuhinji ga jednostavno opremiti po svom ukusu. Stol je izra\u0111en od visokokvalitetnog MDF-a (E1), osigurava veliku nosivost i izdr\u017eljivost, vodootporan i jednostavan za \u010di\u0161\u0107enje. Zahvaljuju\u0107i jednostavnom dizajnu i svijetlosivoj vanj\u0161tini, dobro pristaje bilo gdje.","breadcrumb":{"@id":"https:\/\/inti.hr\/bs\/proizvod\/konzolni-stol-za-hodnik-2\/#breadcrumb"},"inLanguage":"bs-BA","potentialAction":[{"@type":"ReadAction","target":["https:\/\/inti.hr\/bs\/proizvod\/konzolni-stol-za-hodnik-2\/"]}]},{"@type":"ImageObject","inLanguage":"bs-BA","@id":"https:\/\/inti.hr\/bs\/proizvod\/konzolni-stol-za-hodnik-2\/#primaryimage","url":"https:\/\/i0.wp.com\/inti.hr\/wp-content\/uploads\/2022\/06\/FSB51-HG-Y005.webp?fit=1600%2C1600&ssl=1","contentUrl":"https:\/\/i0.wp.com\/inti.hr\/wp-content\/uploads\/2022\/06\/FSB51-HG-Y005.webp?fit=1600%2C1600&ssl=1","width":1600,"height":1600},{"@type":"BreadcrumbList","@id":"https:\/\/inti.hr\/bs\/proizvod\/konzolni-stol-za-hodnik-2\/#breadcrumb","itemListElement":[{"@type":"ListItem","position":1,"name":"Po\u010detna stranica","item":"https:\/\/inti.hr\/bs\/"},{"@type":"ListItem","position":2,"name":"Trgovina","item":"https:\/\/inti.hr\/bs\/trgovina\/"},{"@type":"ListItem","position":3,"name":"Konzolni stol za hodnik"}]},{"@type":"WebSite","@id":"https:\/\/inti.hr\/bs\/#website","url":"https:\/\/inti.hr\/bs\/","name":"Inti","description":"trgovina","potentialAction":[{"@type":"SearchAction","target":{"@type":"EntryPoint","urlTemplate":"https:\/\/inti.hr\/bs\/?s={search_term_string}"},"query-input":{"@type":"PropertyValueSpecification","valueRequired":true,"valueName":"search_term_string"}}],"inLanguage":"bs-BA"}]}},"jetpack_sharing_enabled":true,"jetpack-related-posts":[],"_links":{"self":[{"href":"https:\/\/inti.hr\/bs\/wp-json\/wp\/v2\/product\/37835"}],"collection":[{"href":"https:\/\/inti.hr\/bs\/wp-json\/wp\/v2\/product"}],"about":[{"href":"https:\/\/inti.hr\/bs\/wp-json\/wp\/v2\/types\/product"}],"wp:featuredmedia":[{"embeddable":true,"href":"https:\/\/inti.hr\/bs\/wp-json\/wp\/v2\/media\/37836"}],"wp:attachment":[{"href":"https:\/\/inti.hr\/bs\/wp-json\/wp\/v2\/media?parent=37835"}],"wp:term":[{"taxonomy":"product_cat","embeddable":true,"href":"https:\/\/inti.hr\/bs\/wp-json\/wp\/v2\/product_cat?post=37835"},{"taxonomy":"product_tag","embeddable":true,"href":"https:\/\/inti.hr\/bs\/wp-json\/wp\/v2\/product_tag?post=37835"}],"curies":[{"name":"wp","href":"https:\/\/api.w.org\/{rel}","templated":true}]}}