{"id":37847,"date":"2022-06-14T13:15:34","date_gmt":"2022-06-14T13:15:34","guid":{"rendered":"https:\/\/inti.hr\/product\/stalak-za-odjecu-od-bambusa-hudiksvall\/"},"modified":"2022-06-14T13:15:34","modified_gmt":"2022-06-14T13:15:34","slug":"stalak-za-odjecu-od-bambusa-hudiksvall","status":"publish","type":"product","link":"https:\/\/inti.hr\/bs\/proizvod\/stalak-za-odjecu-od-bambusa-hudiksvall\/","title":{"rendered":"Stalak za odje\u0107u od bambusa Hudiksvall"},"content":{"rendered":"<p><b>Detalji o proizvodu:<\/b><\/p>\n<p>&#8211; Stalak za kapute s 2 klizna vrata<br \/>\n&#8211; Uklju\u010duje dr\u017ea\u010d za kapute<br \/>\n&#8211; 2 velike police u sredini (jedna iznad, jedna ispod)<br \/>\n&#8211; 10 pretinaca za odlaganje (5 sa svake strane)<br \/>\n&#8211; Prirodni i ekolo\u0161ki materijali<br \/>\n&#8211; Jednostavna i brza monta\u017ea<br \/>\n&#8211; Stabilna stajati s 4 stope<\/p>\n<p><b>Dimenzije:<\/b><\/p>\n<p>&#8211; Sveukupno (Vx\u0160xD): 185 x 140 x 45 cm<br \/>\n&#8211; Gornji pretinac za odlaganje u sredini (Vx\u0160xD): 31,5 x 70 x 42 cm<br \/>\n&#8211; Duljina ograde ormara: 69 cm<br \/>\n&#8211; Bo\u010dni pretinci za odlaganje (\u0160xD): 35 x 42 cm<br \/>\n&#8211; Visina bo\u010dnih pretinaca (gornji + donji pretinac): svaki 29,5 cm<br \/>\n&#8211; visina bo\u010dnih pretinaca (srednji pretinci): svaki 32,5 cm<\/p>\n<p><b>elasti\u010dnost:<\/b><\/p>\n<p>&#8211; Ograda za garderobu: Maks. 10 kg<br \/>\n&#8211; Bo\u010dni pretinci za odlaganje: Maks. 8 kg svaki<br \/>\n&#8211; Gornja polica u sredini: Max. 10 kg<br \/>\n&#8211; Donja polica u sredini: Max. 25 kg<\/p>\n<p><b>Materijal:<\/b><\/p>\n<p>bambus<\/p>\n<p><b>Boja:<\/b><\/p>\n<p>Priroda<\/p>\n","protected":false},"excerpt":{"rendered":"<p>Prakti\u010dan i stabilan stalak za odje\u0107u mo\u017ee se postaviti brzo i &#8230; <\/p>\n","protected":false},"featured_media":37848,"template":"","meta":[],"product_cat":[2414],"product_tag":[5258,5274],"yoast_head":"<!-- This site is optimized with the Yoast SEO plugin v23.7 - https:\/\/yoast.com\/wordpress\/plugins\/seo\/ -->\n<title>Stalak za odje\u0107u od bambusa Hudiksvall - Inti<\/title>\n<meta name=\"description\" content=\"Prakti\u010dan i stabilan stalak za odje\u0107u mo\u017ee se postaviti brzo i jednostavno. Ima \u0161inu za garderobu i dodatni prostor za pohranu, na primjer za cipele ili druge predmete. Dvoja vrata mogu se pomicati pojedina\u010dno i mogu pokriti bo\u010dne pretince za odlaganje ili ogradu garderobe.\" \/>\n<meta name=\"robots\" content=\"index, follow, max-snippet:-1, max-image-preview:large, max-video-preview:-1\" \/>\n<link rel=\"canonical\" href=\"https:\/\/inti.hr\/bs\/proizvod\/stalak-za-odjecu-od-bambusa-hudiksvall\/\" \/>\n<meta property=\"og:locale\" content=\"bs_BA\" \/>\n<meta property=\"og:type\" content=\"article\" \/>\n<meta property=\"og:title\" content=\"Stalak za odje\u0107u od bambusa Hudiksvall - Inti\" \/>\n<meta property=\"og:description\" content=\"Prakti\u010dan i stabilan stalak za odje\u0107u mo\u017ee se postaviti brzo i jednostavno. Ima \u0161inu za garderobu i dodatni prostor za pohranu, na primjer za cipele ili druge predmete. Dvoja vrata mogu se pomicati pojedina\u010dno i mogu pokriti bo\u010dne pretince za odlaganje ili ogradu garderobe.\" \/>\n<meta property=\"og:url\" content=\"https:\/\/inti.hr\/bs\/proizvod\/stalak-za-odjecu-od-bambusa-hudiksvall\/\" \/>\n<meta property=\"og:site_name\" content=\"Inti\" \/>\n<meta property=\"og:image\" content=\"https:\/\/i0.wp.com\/inti.hr\/wp-content\/uploads\/2022\/06\/ddc5f0caad335cf8b485744de2a91bce.webp?fit=2000%2C2000&ssl=1\" \/>\n\t<meta property=\"og:image:width\" content=\"2000\" \/>\n\t<meta property=\"og:image:height\" content=\"2000\" \/>\n\t<meta property=\"og:image:type\" content=\"image\/webp\" \/>\n<meta name=\"twitter:card\" content=\"summary_large_image\" \/>\n<meta name=\"twitter:label1\" content=\"Est. reading time\" \/>\n\t<meta name=\"twitter:data1\" content=\"1 minuta\" \/>\n<script type=\"application\/ld+json\" class=\"yoast-schema-graph\">{\"@context\":\"https:\/\/schema.org\",\"@graph\":[{\"@type\":\"WebPage\",\"@id\":\"https:\/\/inti.hr\/bs\/proizvod\/stalak-za-odjecu-od-bambusa-hudiksvall\/\",\"url\":\"https:\/\/inti.hr\/bs\/proizvod\/stalak-za-odjecu-od-bambusa-hudiksvall\/\",\"name\":\"Stalak za odje\u0107u od bambusa Hudiksvall - Inti\",\"isPartOf\":{\"@id\":\"https:\/\/inti.hr\/bs\/#website\"},\"primaryImageOfPage\":{\"@id\":\"https:\/\/inti.hr\/bs\/proizvod\/stalak-za-odjecu-od-bambusa-hudiksvall\/#primaryimage\"},\"image\":{\"@id\":\"https:\/\/inti.hr\/bs\/proizvod\/stalak-za-odjecu-od-bambusa-hudiksvall\/#primaryimage\"},\"thumbnailUrl\":\"https:\/\/i0.wp.com\/inti.hr\/wp-content\/uploads\/2022\/06\/ddc5f0caad335cf8b485744de2a91bce.webp?fit=2000%2C2000&ssl=1\",\"datePublished\":\"2022-06-14T13:15:34+00:00\",\"dateModified\":\"2022-06-14T13:15:34+00:00\",\"description\":\"Prakti\u010dan i stabilan stalak za odje\u0107u mo\u017ee se postaviti brzo i jednostavno. Ima \u0161inu za garderobu i dodatni prostor za pohranu, na primjer za cipele ili druge predmete. Dvoja vrata mogu se pomicati pojedina\u010dno i mogu pokriti bo\u010dne pretince za odlaganje ili ogradu garderobe.\",\"breadcrumb\":{\"@id\":\"https:\/\/inti.hr\/bs\/proizvod\/stalak-za-odjecu-od-bambusa-hudiksvall\/#breadcrumb\"},\"inLanguage\":\"bs-BA\",\"potentialAction\":[{\"@type\":\"ReadAction\",\"target\":[\"https:\/\/inti.hr\/bs\/proizvod\/stalak-za-odjecu-od-bambusa-hudiksvall\/\"]}]},{\"@type\":\"ImageObject\",\"inLanguage\":\"bs-BA\",\"@id\":\"https:\/\/inti.hr\/bs\/proizvod\/stalak-za-odjecu-od-bambusa-hudiksvall\/#primaryimage\",\"url\":\"https:\/\/i0.wp.com\/inti.hr\/wp-content\/uploads\/2022\/06\/ddc5f0caad335cf8b485744de2a91bce.webp?fit=2000%2C2000&ssl=1\",\"contentUrl\":\"https:\/\/i0.wp.com\/inti.hr\/wp-content\/uploads\/2022\/06\/ddc5f0caad335cf8b485744de2a91bce.webp?fit=2000%2C2000&ssl=1\",\"width\":2000,\"height\":2000},{\"@type\":\"BreadcrumbList\",\"@id\":\"https:\/\/inti.hr\/bs\/proizvod\/stalak-za-odjecu-od-bambusa-hudiksvall\/#breadcrumb\",\"itemListElement\":[{\"@type\":\"ListItem\",\"position\":1,\"name\":\"Po\u010detna stranica\",\"item\":\"https:\/\/inti.hr\/bs\/\"},{\"@type\":\"ListItem\",\"position\":2,\"name\":\"Trgovina\",\"item\":\"https:\/\/inti.hr\/bs\/trgovina\/\"},{\"@type\":\"ListItem\",\"position\":3,\"name\":\"Stalak za odje\u0107u od bambusa Hudiksvall\"}]},{\"@type\":\"WebSite\",\"@id\":\"https:\/\/inti.hr\/bs\/#website\",\"url\":\"https:\/\/inti.hr\/bs\/\",\"name\":\"Inti\",\"description\":\"trgovina\",\"potentialAction\":[{\"@type\":\"SearchAction\",\"target\":{\"@type\":\"EntryPoint\",\"urlTemplate\":\"https:\/\/inti.hr\/bs\/?s={search_term_string}\"},\"query-input\":{\"@type\":\"PropertyValueSpecification\",\"valueRequired\":true,\"valueName\":\"search_term_string\"}}],\"inLanguage\":\"bs-BA\"}]}<\/script>\n<!-- \/ Yoast SEO plugin. -->","yoast_head_json":{"title":"Stalak za odje\u0107u od bambusa Hudiksvall - Inti","description":"Prakti\u010dan i stabilan stalak za odje\u0107u mo\u017ee se postaviti brzo i jednostavno. Ima \u0161inu za garderobu i dodatni prostor za pohranu, na primjer za cipele ili druge predmete. Dvoja vrata mogu se pomicati pojedina\u010dno i mogu pokriti bo\u010dne pretince za odlaganje ili ogradu garderobe.","robots":{"index":"index","follow":"follow","max-snippet":"max-snippet:-1","max-image-preview":"max-image-preview:large","max-video-preview":"max-video-preview:-1"},"canonical":"https:\/\/inti.hr\/bs\/proizvod\/stalak-za-odjecu-od-bambusa-hudiksvall\/","og_locale":"bs_BA","og_type":"article","og_title":"Stalak za odje\u0107u od bambusa Hudiksvall - Inti","og_description":"Prakti\u010dan i stabilan stalak za odje\u0107u mo\u017ee se postaviti brzo i jednostavno. Ima \u0161inu za garderobu i dodatni prostor za pohranu, na primjer za cipele ili druge predmete. Dvoja vrata mogu se pomicati pojedina\u010dno i mogu pokriti bo\u010dne pretince za odlaganje ili ogradu garderobe.","og_url":"https:\/\/inti.hr\/bs\/proizvod\/stalak-za-odjecu-od-bambusa-hudiksvall\/","og_site_name":"Inti","og_image":[{"width":2000,"height":2000,"url":"https:\/\/i0.wp.com\/inti.hr\/wp-content\/uploads\/2022\/06\/ddc5f0caad335cf8b485744de2a91bce.webp?fit=2000%2C2000&ssl=1","type":"image\/webp"}],"twitter_card":"summary_large_image","twitter_misc":{"Est. reading time":"1 minuta"},"schema":{"@context":"https:\/\/schema.org","@graph":[{"@type":"WebPage","@id":"https:\/\/inti.hr\/bs\/proizvod\/stalak-za-odjecu-od-bambusa-hudiksvall\/","url":"https:\/\/inti.hr\/bs\/proizvod\/stalak-za-odjecu-od-bambusa-hudiksvall\/","name":"Stalak za odje\u0107u od bambusa Hudiksvall - Inti","isPartOf":{"@id":"https:\/\/inti.hr\/bs\/#website"},"primaryImageOfPage":{"@id":"https:\/\/inti.hr\/bs\/proizvod\/stalak-za-odjecu-od-bambusa-hudiksvall\/#primaryimage"},"image":{"@id":"https:\/\/inti.hr\/bs\/proizvod\/stalak-za-odjecu-od-bambusa-hudiksvall\/#primaryimage"},"thumbnailUrl":"https:\/\/i0.wp.com\/inti.hr\/wp-content\/uploads\/2022\/06\/ddc5f0caad335cf8b485744de2a91bce.webp?fit=2000%2C2000&ssl=1","datePublished":"2022-06-14T13:15:34+00:00","dateModified":"2022-06-14T13:15:34+00:00","description":"Prakti\u010dan i stabilan stalak za odje\u0107u mo\u017ee se postaviti brzo i jednostavno. Ima \u0161inu za garderobu i dodatni prostor za pohranu, na primjer za cipele ili druge predmete. Dvoja vrata mogu se pomicati pojedina\u010dno i mogu pokriti bo\u010dne pretince za odlaganje ili ogradu garderobe.","breadcrumb":{"@id":"https:\/\/inti.hr\/bs\/proizvod\/stalak-za-odjecu-od-bambusa-hudiksvall\/#breadcrumb"},"inLanguage":"bs-BA","potentialAction":[{"@type":"ReadAction","target":["https:\/\/inti.hr\/bs\/proizvod\/stalak-za-odjecu-od-bambusa-hudiksvall\/"]}]},{"@type":"ImageObject","inLanguage":"bs-BA","@id":"https:\/\/inti.hr\/bs\/proizvod\/stalak-za-odjecu-od-bambusa-hudiksvall\/#primaryimage","url":"https:\/\/i0.wp.com\/inti.hr\/wp-content\/uploads\/2022\/06\/ddc5f0caad335cf8b485744de2a91bce.webp?fit=2000%2C2000&ssl=1","contentUrl":"https:\/\/i0.wp.com\/inti.hr\/wp-content\/uploads\/2022\/06\/ddc5f0caad335cf8b485744de2a91bce.webp?fit=2000%2C2000&ssl=1","width":2000,"height":2000},{"@type":"BreadcrumbList","@id":"https:\/\/inti.hr\/bs\/proizvod\/stalak-za-odjecu-od-bambusa-hudiksvall\/#breadcrumb","itemListElement":[{"@type":"ListItem","position":1,"name":"Po\u010detna stranica","item":"https:\/\/inti.hr\/bs\/"},{"@type":"ListItem","position":2,"name":"Trgovina","item":"https:\/\/inti.hr\/bs\/trgovina\/"},{"@type":"ListItem","position":3,"name":"Stalak za odje\u0107u od bambusa Hudiksvall"}]},{"@type":"WebSite","@id":"https:\/\/inti.hr\/bs\/#website","url":"https:\/\/inti.hr\/bs\/","name":"Inti","description":"trgovina","potentialAction":[{"@type":"SearchAction","target":{"@type":"EntryPoint","urlTemplate":"https:\/\/inti.hr\/bs\/?s={search_term_string}"},"query-input":{"@type":"PropertyValueSpecification","valueRequired":true,"valueName":"search_term_string"}}],"inLanguage":"bs-BA"}]}},"jetpack_sharing_enabled":true,"jetpack-related-posts":[],"_links":{"self":[{"href":"https:\/\/inti.hr\/bs\/wp-json\/wp\/v2\/product\/37847"}],"collection":[{"href":"https:\/\/inti.hr\/bs\/wp-json\/wp\/v2\/product"}],"about":[{"href":"https:\/\/inti.hr\/bs\/wp-json\/wp\/v2\/types\/product"}],"wp:featuredmedia":[{"embeddable":true,"href":"https:\/\/inti.hr\/bs\/wp-json\/wp\/v2\/media\/37848"}],"wp:attachment":[{"href":"https:\/\/inti.hr\/bs\/wp-json\/wp\/v2\/media?parent=37847"}],"wp:term":[{"taxonomy":"product_cat","embeddable":true,"href":"https:\/\/inti.hr\/bs\/wp-json\/wp\/v2\/product_cat?post=37847"},{"taxonomy":"product_tag","embeddable":true,"href":"https:\/\/inti.hr\/bs\/wp-json\/wp\/v2\/product_tag?post=37847"}],"curies":[{"name":"wp","href":"https:\/\/api.w.org\/{rel}","templated":true}]}}