{"id":37851,"date":"2022-06-14T07:22:32","date_gmt":"2022-06-14T07:22:32","guid":{"rendered":"https:\/\/inti.hr\/product\/polica-za-knjige-vintage-smeda-i-crna\/"},"modified":"2022-06-14T07:22:32","modified_gmt":"2022-06-14T07:22:32","slug":"polica-za-knjige-vintage-smeda-i-crna","status":"publish","type":"product","link":"https:\/\/inti.hr\/bs\/proizvod\/polica-za-knjige-vintage-smeda-i-crna\/","title":{"rendered":"Polica za knjige vintage sme\u0111a i crna"},"content":{"rendered":"<p><b>Detalji o proizvodu:<\/b><\/p>\n<p>Boja: vintage sme\u0111e-crna<\/p>\n<p>Materijal: iverica, \u010delik<\/p>\n<p>Veli\u010dina: 40 x 30 x 187,5 cm (D x \u0160 x V)<\/p>\n<p>Te\u017eina: 11,5 kg<\/p>\n<p>Maksimalna ukupna stati\u010dka nosivost: 50 kg<\/p>\n","protected":false},"excerpt":{"rendered":"<p>Rustikalni sme\u0111i vrhovi, crni metalni okvir i simetri\u010dan dizajn&#8230; Sve to &#8230; <\/p>\n","protected":false},"featured_media":37852,"template":"","meta":[],"product_cat":[2418],"product_tag":[2444,2598,5276],"yoast_head":"<!-- This site is optimized with the Yoast SEO plugin v23.7 - https:\/\/yoast.com\/wordpress\/plugins\/seo\/ -->\n<title>Polica za knjige vintage sme\u0111a i crna - Inti<\/title>\n<meta name=\"description\" content=\"Rustikalni sme\u0111i vrhovi, crni metalni okvir i simetri\u010dan dizajn... Sve to \u010dini ovu policu za knjige u industrijskom stilu;\u00a0unosi bezvremenski \u0161arm u va\u0161 interijer! Zahvaljuju\u0107i visokokvalitetnoj iverici i robusnom \u010deliku, ova polica 40 x 30 x 178,6 cm uvijek \u0107e vas pratiti tijekom \u010ditanja!\u00a0Da, imat \u0107ete vremena pro\u010ditati cijelu svoju zbirku knjiga u slobodno vrijeme!\" \/>\n<meta name=\"robots\" content=\"index, follow, max-snippet:-1, max-image-preview:large, max-video-preview:-1\" \/>\n<link rel=\"canonical\" href=\"https:\/\/inti.hr\/bs\/proizvod\/polica-za-knjige-vintage-smeda-i-crna\/\" \/>\n<meta property=\"og:locale\" content=\"bs_BA\" \/>\n<meta property=\"og:type\" content=\"article\" \/>\n<meta property=\"og:title\" content=\"Polica za knjige vintage sme\u0111a i crna - Inti\" \/>\n<meta property=\"og:description\" content=\"Rustikalni sme\u0111i vrhovi, crni metalni okvir i simetri\u010dan dizajn... Sve to \u010dini ovu policu za knjige u industrijskom stilu;\u00a0unosi bezvremenski \u0161arm u va\u0161 interijer! Zahvaljuju\u0107i visokokvalitetnoj iverici i robusnom \u010deliku, ova polica 40 x 30 x 178,6 cm uvijek \u0107e vas pratiti tijekom \u010ditanja!\u00a0Da, imat \u0107ete vremena pro\u010ditati cijelu svoju zbirku knjiga u slobodno vrijeme!\" \/>\n<meta property=\"og:url\" content=\"https:\/\/inti.hr\/bs\/proizvod\/polica-za-knjige-vintage-smeda-i-crna\/\" \/>\n<meta property=\"og:site_name\" content=\"Inti\" \/>\n<meta property=\"og:image\" content=\"https:\/\/i0.wp.com\/inti.hr\/wp-content\/uploads\/2022\/06\/LLS101B01-3.jpg?fit=750%2C750&ssl=1\" \/>\n\t<meta property=\"og:image:width\" content=\"750\" \/>\n\t<meta property=\"og:image:height\" content=\"750\" \/>\n\t<meta property=\"og:image:type\" content=\"image\/jpeg\" \/>\n<meta name=\"twitter:card\" content=\"summary_large_image\" \/>\n<script type=\"application\/ld+json\" class=\"yoast-schema-graph\">{\"@context\":\"https:\/\/schema.org\",\"@graph\":[{\"@type\":\"WebPage\",\"@id\":\"https:\/\/inti.hr\/bs\/proizvod\/polica-za-knjige-vintage-smeda-i-crna\/\",\"url\":\"https:\/\/inti.hr\/bs\/proizvod\/polica-za-knjige-vintage-smeda-i-crna\/\",\"name\":\"Polica za knjige vintage sme\u0111a i crna - Inti\",\"isPartOf\":{\"@id\":\"https:\/\/inti.hr\/bs\/#website\"},\"primaryImageOfPage\":{\"@id\":\"https:\/\/inti.hr\/bs\/proizvod\/polica-za-knjige-vintage-smeda-i-crna\/#primaryimage\"},\"image\":{\"@id\":\"https:\/\/inti.hr\/bs\/proizvod\/polica-za-knjige-vintage-smeda-i-crna\/#primaryimage\"},\"thumbnailUrl\":\"https:\/\/i0.wp.com\/inti.hr\/wp-content\/uploads\/2022\/06\/LLS101B01-3.jpg?fit=750%2C750&ssl=1\",\"datePublished\":\"2022-06-14T07:22:32+00:00\",\"dateModified\":\"2022-06-14T07:22:32+00:00\",\"description\":\"Rustikalni sme\u0111i vrhovi, crni metalni okvir i simetri\u010dan dizajn... Sve to \u010dini ovu policu za knjige u industrijskom stilu;\u00a0unosi bezvremenski \u0161arm u va\u0161 interijer! Zahvaljuju\u0107i visokokvalitetnoj iverici i robusnom \u010deliku, ova polica 40 x 30 x 178,6 cm uvijek \u0107e vas pratiti tijekom \u010ditanja!\u00a0Da, imat \u0107ete vremena pro\u010ditati cijelu svoju zbirku knjiga u slobodno vrijeme!\",\"breadcrumb\":{\"@id\":\"https:\/\/inti.hr\/bs\/proizvod\/polica-za-knjige-vintage-smeda-i-crna\/#breadcrumb\"},\"inLanguage\":\"bs-BA\",\"potentialAction\":[{\"@type\":\"ReadAction\",\"target\":[\"https:\/\/inti.hr\/bs\/proizvod\/polica-za-knjige-vintage-smeda-i-crna\/\"]}]},{\"@type\":\"ImageObject\",\"inLanguage\":\"bs-BA\",\"@id\":\"https:\/\/inti.hr\/bs\/proizvod\/polica-za-knjige-vintage-smeda-i-crna\/#primaryimage\",\"url\":\"https:\/\/i0.wp.com\/inti.hr\/wp-content\/uploads\/2022\/06\/LLS101B01-3.jpg?fit=750%2C750&ssl=1\",\"contentUrl\":\"https:\/\/i0.wp.com\/inti.hr\/wp-content\/uploads\/2022\/06\/LLS101B01-3.jpg?fit=750%2C750&ssl=1\",\"width\":750,\"height\":750},{\"@type\":\"BreadcrumbList\",\"@id\":\"https:\/\/inti.hr\/bs\/proizvod\/polica-za-knjige-vintage-smeda-i-crna\/#breadcrumb\",\"itemListElement\":[{\"@type\":\"ListItem\",\"position\":1,\"name\":\"Po\u010detna stranica\",\"item\":\"https:\/\/inti.hr\/bs\/\"},{\"@type\":\"ListItem\",\"position\":2,\"name\":\"Trgovina\",\"item\":\"https:\/\/inti.hr\/bs\/trgovina\/\"},{\"@type\":\"ListItem\",\"position\":3,\"name\":\"Polica za knjige vintage sme\u0111a i crna\"}]},{\"@type\":\"WebSite\",\"@id\":\"https:\/\/inti.hr\/bs\/#website\",\"url\":\"https:\/\/inti.hr\/bs\/\",\"name\":\"Inti\",\"description\":\"trgovina\",\"potentialAction\":[{\"@type\":\"SearchAction\",\"target\":{\"@type\":\"EntryPoint\",\"urlTemplate\":\"https:\/\/inti.hr\/bs\/?s={search_term_string}\"},\"query-input\":{\"@type\":\"PropertyValueSpecification\",\"valueRequired\":true,\"valueName\":\"search_term_string\"}}],\"inLanguage\":\"bs-BA\"}]}<\/script>\n<!-- \/ Yoast SEO plugin. -->","yoast_head_json":{"title":"Polica za knjige vintage sme\u0111a i crna - Inti","description":"Rustikalni sme\u0111i vrhovi, crni metalni okvir i simetri\u010dan dizajn... Sve to \u010dini ovu policu za knjige u industrijskom stilu;\u00a0unosi bezvremenski \u0161arm u va\u0161 interijer! Zahvaljuju\u0107i visokokvalitetnoj iverici i robusnom \u010deliku, ova polica 40 x 30 x 178,6 cm uvijek \u0107e vas pratiti tijekom \u010ditanja!\u00a0Da, imat \u0107ete vremena pro\u010ditati cijelu svoju zbirku knjiga u slobodno vrijeme!","robots":{"index":"index","follow":"follow","max-snippet":"max-snippet:-1","max-image-preview":"max-image-preview:large","max-video-preview":"max-video-preview:-1"},"canonical":"https:\/\/inti.hr\/bs\/proizvod\/polica-za-knjige-vintage-smeda-i-crna\/","og_locale":"bs_BA","og_type":"article","og_title":"Polica za knjige vintage sme\u0111a i crna - Inti","og_description":"Rustikalni sme\u0111i vrhovi, crni metalni okvir i simetri\u010dan dizajn... Sve to \u010dini ovu policu za knjige u industrijskom stilu;\u00a0unosi bezvremenski \u0161arm u va\u0161 interijer! Zahvaljuju\u0107i visokokvalitetnoj iverici i robusnom \u010deliku, ova polica 40 x 30 x 178,6 cm uvijek \u0107e vas pratiti tijekom \u010ditanja!\u00a0Da, imat \u0107ete vremena pro\u010ditati cijelu svoju zbirku knjiga u slobodno vrijeme!","og_url":"https:\/\/inti.hr\/bs\/proizvod\/polica-za-knjige-vintage-smeda-i-crna\/","og_site_name":"Inti","og_image":[{"width":750,"height":750,"url":"https:\/\/i0.wp.com\/inti.hr\/wp-content\/uploads\/2022\/06\/LLS101B01-3.jpg?fit=750%2C750&ssl=1","type":"image\/jpeg"}],"twitter_card":"summary_large_image","schema":{"@context":"https:\/\/schema.org","@graph":[{"@type":"WebPage","@id":"https:\/\/inti.hr\/bs\/proizvod\/polica-za-knjige-vintage-smeda-i-crna\/","url":"https:\/\/inti.hr\/bs\/proizvod\/polica-za-knjige-vintage-smeda-i-crna\/","name":"Polica za knjige vintage sme\u0111a i crna - Inti","isPartOf":{"@id":"https:\/\/inti.hr\/bs\/#website"},"primaryImageOfPage":{"@id":"https:\/\/inti.hr\/bs\/proizvod\/polica-za-knjige-vintage-smeda-i-crna\/#primaryimage"},"image":{"@id":"https:\/\/inti.hr\/bs\/proizvod\/polica-za-knjige-vintage-smeda-i-crna\/#primaryimage"},"thumbnailUrl":"https:\/\/i0.wp.com\/inti.hr\/wp-content\/uploads\/2022\/06\/LLS101B01-3.jpg?fit=750%2C750&ssl=1","datePublished":"2022-06-14T07:22:32+00:00","dateModified":"2022-06-14T07:22:32+00:00","description":"Rustikalni sme\u0111i vrhovi, crni metalni okvir i simetri\u010dan dizajn... Sve to \u010dini ovu policu za knjige u industrijskom stilu;\u00a0unosi bezvremenski \u0161arm u va\u0161 interijer! Zahvaljuju\u0107i visokokvalitetnoj iverici i robusnom \u010deliku, ova polica 40 x 30 x 178,6 cm uvijek \u0107e vas pratiti tijekom \u010ditanja!\u00a0Da, imat \u0107ete vremena pro\u010ditati cijelu svoju zbirku knjiga u slobodno vrijeme!","breadcrumb":{"@id":"https:\/\/inti.hr\/bs\/proizvod\/polica-za-knjige-vintage-smeda-i-crna\/#breadcrumb"},"inLanguage":"bs-BA","potentialAction":[{"@type":"ReadAction","target":["https:\/\/inti.hr\/bs\/proizvod\/polica-za-knjige-vintage-smeda-i-crna\/"]}]},{"@type":"ImageObject","inLanguage":"bs-BA","@id":"https:\/\/inti.hr\/bs\/proizvod\/polica-za-knjige-vintage-smeda-i-crna\/#primaryimage","url":"https:\/\/i0.wp.com\/inti.hr\/wp-content\/uploads\/2022\/06\/LLS101B01-3.jpg?fit=750%2C750&ssl=1","contentUrl":"https:\/\/i0.wp.com\/inti.hr\/wp-content\/uploads\/2022\/06\/LLS101B01-3.jpg?fit=750%2C750&ssl=1","width":750,"height":750},{"@type":"BreadcrumbList","@id":"https:\/\/inti.hr\/bs\/proizvod\/polica-za-knjige-vintage-smeda-i-crna\/#breadcrumb","itemListElement":[{"@type":"ListItem","position":1,"name":"Po\u010detna stranica","item":"https:\/\/inti.hr\/bs\/"},{"@type":"ListItem","position":2,"name":"Trgovina","item":"https:\/\/inti.hr\/bs\/trgovina\/"},{"@type":"ListItem","position":3,"name":"Polica za knjige vintage sme\u0111a i crna"}]},{"@type":"WebSite","@id":"https:\/\/inti.hr\/bs\/#website","url":"https:\/\/inti.hr\/bs\/","name":"Inti","description":"trgovina","potentialAction":[{"@type":"SearchAction","target":{"@type":"EntryPoint","urlTemplate":"https:\/\/inti.hr\/bs\/?s={search_term_string}"},"query-input":{"@type":"PropertyValueSpecification","valueRequired":true,"valueName":"search_term_string"}}],"inLanguage":"bs-BA"}]}},"jetpack_sharing_enabled":true,"jetpack-related-posts":[],"_links":{"self":[{"href":"https:\/\/inti.hr\/bs\/wp-json\/wp\/v2\/product\/37851"}],"collection":[{"href":"https:\/\/inti.hr\/bs\/wp-json\/wp\/v2\/product"}],"about":[{"href":"https:\/\/inti.hr\/bs\/wp-json\/wp\/v2\/types\/product"}],"wp:featuredmedia":[{"embeddable":true,"href":"https:\/\/inti.hr\/bs\/wp-json\/wp\/v2\/media\/37852"}],"wp:attachment":[{"href":"https:\/\/inti.hr\/bs\/wp-json\/wp\/v2\/media?parent=37851"}],"wp:term":[{"taxonomy":"product_cat","embeddable":true,"href":"https:\/\/inti.hr\/bs\/wp-json\/wp\/v2\/product_cat?post=37851"},{"taxonomy":"product_tag","embeddable":true,"href":"https:\/\/inti.hr\/bs\/wp-json\/wp\/v2\/product_tag?post=37851"}],"curies":[{"name":"wp","href":"https:\/\/api.w.org\/{rel}","templated":true}]}}