{"id":37899,"date":"2021-05-31T12:31:04","date_gmt":"2021-05-31T12:31:04","guid":{"rendered":"https:\/\/inti.hr\/product\/pomocni-stolic-mramornog-izgleda\/"},"modified":"2021-05-31T12:31:04","modified_gmt":"2021-05-31T12:31:04","slug":"pomocni-stolic-mramornog-izgleda","status":"publish","type":"product","link":"https:\/\/inti.hr\/bs\/proizvod\/pomocni-stolic-mramornog-izgleda\/","title":{"rendered":"Pomo\u0107ni stoli\u0107 mramornog izgleda"},"content":{"rendered":"<p>Opis proizvoda:<\/p>\n<p>Dizajn bo\u010dni stol s kau\u010dem sa zlatnim metalnim okvirom u kombinaciji s ukrasima mramornog izgleda dovr\u0161ava retro dizajn.<br \/>\nZna\u010dajka oblika C omogu\u0107uje stol da se integrira ispod sofe, fotelja i kreveta radi udobnosti u\u0161tede prostora.<br \/>\nMaterijal: Struktura u \u017eeljeznom premazu u prahu. Plo\u010de od MDF-a (PVC furnir s mramornim efektom)<br \/>\nMjerenja: Duljina 30, Dubina: 48 cm, Visina: 61 cm, Te\u017eina 4 kg, natovarena do 10 kg<\/p>\n","protected":false},"excerpt":{"rendered":"<p>Zlatni metalni bo\u010dni stol u kombinaciji s ukrasom mramornog izgleda dovr\u0161ava &#8230; <\/p>\n","protected":false},"featured_media":37900,"template":"","meta":[],"product_cat":[2418,4206],"product_tag":[4996,3096],"yoast_head":"<!-- This site is optimized with the Yoast SEO plugin v23.7 - https:\/\/yoast.com\/wordpress\/plugins\/seo\/ -->\n<title>Pomo\u0107ni stoli\u0107 mramornog izgleda - Inti<\/title>\n<meta name=\"description\" content=\"Zlatni metalni bo\u010dni stol u kombinaciji s ukrasom mramornog izgleda dovr\u0161ava retro dizajn savr\u0161en je za postavljanje no\u0107nog svjetla daljinskih upravlja\u010da za TV fotoalbume budilice ili druge ukrasne stvari Savr\u0161eno se uklapa u bilo koju sobu ili dekor nudi moderan i klasi\u010dan stil za bilo koji prostor u va\u0161oj spava\u0107oj sobi dnevnoj sobi Zna\u010dajka oblika C omogu\u0107uje stol da se integrira ispod sofe fotelja i kreveta radi udobnosti u\u0161tede prostora\" \/>\n<meta name=\"robots\" content=\"index, follow, max-snippet:-1, max-image-preview:large, max-video-preview:-1\" \/>\n<link rel=\"canonical\" href=\"https:\/\/inti.hr\/bs\/proizvod\/pomocni-stolic-mramornog-izgleda\/\" \/>\n<meta property=\"og:locale\" content=\"bs_BA\" \/>\n<meta property=\"og:type\" content=\"article\" \/>\n<meta property=\"og:title\" content=\"Pomo\u0107ni stoli\u0107 mramornog izgleda - Inti\" \/>\n<meta property=\"og:description\" content=\"Zlatni metalni bo\u010dni stol u kombinaciji s ukrasom mramornog izgleda dovr\u0161ava retro dizajn savr\u0161en je za postavljanje no\u0107nog svjetla daljinskih upravlja\u010da za TV fotoalbume budilice ili druge ukrasne stvari Savr\u0161eno se uklapa u bilo koju sobu ili dekor nudi moderan i klasi\u010dan stil za bilo koji prostor u va\u0161oj spava\u0107oj sobi dnevnoj sobi Zna\u010dajka oblika C omogu\u0107uje stol da se integrira ispod sofe fotelja i kreveta radi udobnosti u\u0161tede prostora\" \/>\n<meta property=\"og:url\" content=\"https:\/\/inti.hr\/bs\/proizvod\/pomocni-stolic-mramornog-izgleda\/\" \/>\n<meta property=\"og:site_name\" content=\"Inti\" \/>\n<meta property=\"og:image\" content=\"https:\/\/i0.wp.com\/inti.hr\/wp-content\/uploads\/2021\/05\/71qUf6-d9FL._SL1500_2048x2048.jpg?fit=1500%2C1500&ssl=1\" \/>\n\t<meta property=\"og:image:width\" content=\"1500\" \/>\n\t<meta property=\"og:image:height\" content=\"1500\" \/>\n\t<meta property=\"og:image:type\" content=\"image\/jpeg\" \/>\n<meta name=\"twitter:card\" content=\"summary_large_image\" \/>\n<script type=\"application\/ld+json\" class=\"yoast-schema-graph\">{\"@context\":\"https:\/\/schema.org\",\"@graph\":[{\"@type\":\"WebPage\",\"@id\":\"https:\/\/inti.hr\/bs\/proizvod\/pomocni-stolic-mramornog-izgleda\/\",\"url\":\"https:\/\/inti.hr\/bs\/proizvod\/pomocni-stolic-mramornog-izgleda\/\",\"name\":\"Pomo\u0107ni stoli\u0107 mramornog izgleda - Inti\",\"isPartOf\":{\"@id\":\"https:\/\/inti.hr\/bs\/#website\"},\"primaryImageOfPage\":{\"@id\":\"https:\/\/inti.hr\/bs\/proizvod\/pomocni-stolic-mramornog-izgleda\/#primaryimage\"},\"image\":{\"@id\":\"https:\/\/inti.hr\/bs\/proizvod\/pomocni-stolic-mramornog-izgleda\/#primaryimage\"},\"thumbnailUrl\":\"https:\/\/i0.wp.com\/inti.hr\/wp-content\/uploads\/2021\/05\/71qUf6-d9FL._SL1500_2048x2048.jpg?fit=1500%2C1500&ssl=1\",\"datePublished\":\"2021-05-31T12:31:04+00:00\",\"dateModified\":\"2021-05-31T12:31:04+00:00\",\"description\":\"Zlatni metalni bo\u010dni stol u kombinaciji s ukrasom mramornog izgleda dovr\u0161ava retro dizajn savr\u0161en je za postavljanje no\u0107nog svjetla daljinskih upravlja\u010da za TV fotoalbume budilice ili druge ukrasne stvari Savr\u0161eno se uklapa u bilo koju sobu ili dekor nudi moderan i klasi\u010dan stil za bilo koji prostor u va\u0161oj spava\u0107oj sobi dnevnoj sobi Zna\u010dajka oblika C omogu\u0107uje stol da se integrira ispod sofe fotelja i kreveta radi udobnosti u\u0161tede prostora\",\"breadcrumb\":{\"@id\":\"https:\/\/inti.hr\/bs\/proizvod\/pomocni-stolic-mramornog-izgleda\/#breadcrumb\"},\"inLanguage\":\"bs-BA\",\"potentialAction\":[{\"@type\":\"ReadAction\",\"target\":[\"https:\/\/inti.hr\/bs\/proizvod\/pomocni-stolic-mramornog-izgleda\/\"]}]},{\"@type\":\"ImageObject\",\"inLanguage\":\"bs-BA\",\"@id\":\"https:\/\/inti.hr\/bs\/proizvod\/pomocni-stolic-mramornog-izgleda\/#primaryimage\",\"url\":\"https:\/\/i0.wp.com\/inti.hr\/wp-content\/uploads\/2021\/05\/71qUf6-d9FL._SL1500_2048x2048.jpg?fit=1500%2C1500&ssl=1\",\"contentUrl\":\"https:\/\/i0.wp.com\/inti.hr\/wp-content\/uploads\/2021\/05\/71qUf6-d9FL._SL1500_2048x2048.jpg?fit=1500%2C1500&ssl=1\",\"width\":1500,\"height\":1500},{\"@type\":\"BreadcrumbList\",\"@id\":\"https:\/\/inti.hr\/bs\/proizvod\/pomocni-stolic-mramornog-izgleda\/#breadcrumb\",\"itemListElement\":[{\"@type\":\"ListItem\",\"position\":1,\"name\":\"Po\u010detna stranica\",\"item\":\"https:\/\/inti.hr\/bs\/\"},{\"@type\":\"ListItem\",\"position\":2,\"name\":\"Trgovina\",\"item\":\"https:\/\/inti.hr\/bs\/trgovina\/\"},{\"@type\":\"ListItem\",\"position\":3,\"name\":\"Pomo\u0107ni stoli\u0107 mramornog izgleda\"}]},{\"@type\":\"WebSite\",\"@id\":\"https:\/\/inti.hr\/bs\/#website\",\"url\":\"https:\/\/inti.hr\/bs\/\",\"name\":\"Inti\",\"description\":\"trgovina\",\"potentialAction\":[{\"@type\":\"SearchAction\",\"target\":{\"@type\":\"EntryPoint\",\"urlTemplate\":\"https:\/\/inti.hr\/bs\/?s={search_term_string}\"},\"query-input\":{\"@type\":\"PropertyValueSpecification\",\"valueRequired\":true,\"valueName\":\"search_term_string\"}}],\"inLanguage\":\"bs-BA\"}]}<\/script>\n<!-- \/ Yoast SEO plugin. -->","yoast_head_json":{"title":"Pomo\u0107ni stoli\u0107 mramornog izgleda - Inti","description":"Zlatni metalni bo\u010dni stol u kombinaciji s ukrasom mramornog izgleda dovr\u0161ava retro dizajn savr\u0161en je za postavljanje no\u0107nog svjetla daljinskih upravlja\u010da za TV fotoalbume budilice ili druge ukrasne stvari Savr\u0161eno se uklapa u bilo koju sobu ili dekor nudi moderan i klasi\u010dan stil za bilo koji prostor u va\u0161oj spava\u0107oj sobi dnevnoj sobi Zna\u010dajka oblika C omogu\u0107uje stol da se integrira ispod sofe fotelja i kreveta radi udobnosti u\u0161tede prostora","robots":{"index":"index","follow":"follow","max-snippet":"max-snippet:-1","max-image-preview":"max-image-preview:large","max-video-preview":"max-video-preview:-1"},"canonical":"https:\/\/inti.hr\/bs\/proizvod\/pomocni-stolic-mramornog-izgleda\/","og_locale":"bs_BA","og_type":"article","og_title":"Pomo\u0107ni stoli\u0107 mramornog izgleda - Inti","og_description":"Zlatni metalni bo\u010dni stol u kombinaciji s ukrasom mramornog izgleda dovr\u0161ava retro dizajn savr\u0161en je za postavljanje no\u0107nog svjetla daljinskih upravlja\u010da za TV fotoalbume budilice ili druge ukrasne stvari Savr\u0161eno se uklapa u bilo koju sobu ili dekor nudi moderan i klasi\u010dan stil za bilo koji prostor u va\u0161oj spava\u0107oj sobi dnevnoj sobi Zna\u010dajka oblika C omogu\u0107uje stol da se integrira ispod sofe fotelja i kreveta radi udobnosti u\u0161tede prostora","og_url":"https:\/\/inti.hr\/bs\/proizvod\/pomocni-stolic-mramornog-izgleda\/","og_site_name":"Inti","og_image":[{"width":1500,"height":1500,"url":"https:\/\/i0.wp.com\/inti.hr\/wp-content\/uploads\/2021\/05\/71qUf6-d9FL._SL1500_2048x2048.jpg?fit=1500%2C1500&ssl=1","type":"image\/jpeg"}],"twitter_card":"summary_large_image","schema":{"@context":"https:\/\/schema.org","@graph":[{"@type":"WebPage","@id":"https:\/\/inti.hr\/bs\/proizvod\/pomocni-stolic-mramornog-izgleda\/","url":"https:\/\/inti.hr\/bs\/proizvod\/pomocni-stolic-mramornog-izgleda\/","name":"Pomo\u0107ni stoli\u0107 mramornog izgleda - Inti","isPartOf":{"@id":"https:\/\/inti.hr\/bs\/#website"},"primaryImageOfPage":{"@id":"https:\/\/inti.hr\/bs\/proizvod\/pomocni-stolic-mramornog-izgleda\/#primaryimage"},"image":{"@id":"https:\/\/inti.hr\/bs\/proizvod\/pomocni-stolic-mramornog-izgleda\/#primaryimage"},"thumbnailUrl":"https:\/\/i0.wp.com\/inti.hr\/wp-content\/uploads\/2021\/05\/71qUf6-d9FL._SL1500_2048x2048.jpg?fit=1500%2C1500&ssl=1","datePublished":"2021-05-31T12:31:04+00:00","dateModified":"2021-05-31T12:31:04+00:00","description":"Zlatni metalni bo\u010dni stol u kombinaciji s ukrasom mramornog izgleda dovr\u0161ava retro dizajn savr\u0161en je za postavljanje no\u0107nog svjetla daljinskih upravlja\u010da za TV fotoalbume budilice ili druge ukrasne stvari Savr\u0161eno se uklapa u bilo koju sobu ili dekor nudi moderan i klasi\u010dan stil za bilo koji prostor u va\u0161oj spava\u0107oj sobi dnevnoj sobi Zna\u010dajka oblika C omogu\u0107uje stol da se integrira ispod sofe fotelja i kreveta radi udobnosti u\u0161tede prostora","breadcrumb":{"@id":"https:\/\/inti.hr\/bs\/proizvod\/pomocni-stolic-mramornog-izgleda\/#breadcrumb"},"inLanguage":"bs-BA","potentialAction":[{"@type":"ReadAction","target":["https:\/\/inti.hr\/bs\/proizvod\/pomocni-stolic-mramornog-izgleda\/"]}]},{"@type":"ImageObject","inLanguage":"bs-BA","@id":"https:\/\/inti.hr\/bs\/proizvod\/pomocni-stolic-mramornog-izgleda\/#primaryimage","url":"https:\/\/i0.wp.com\/inti.hr\/wp-content\/uploads\/2021\/05\/71qUf6-d9FL._SL1500_2048x2048.jpg?fit=1500%2C1500&ssl=1","contentUrl":"https:\/\/i0.wp.com\/inti.hr\/wp-content\/uploads\/2021\/05\/71qUf6-d9FL._SL1500_2048x2048.jpg?fit=1500%2C1500&ssl=1","width":1500,"height":1500},{"@type":"BreadcrumbList","@id":"https:\/\/inti.hr\/bs\/proizvod\/pomocni-stolic-mramornog-izgleda\/#breadcrumb","itemListElement":[{"@type":"ListItem","position":1,"name":"Po\u010detna stranica","item":"https:\/\/inti.hr\/bs\/"},{"@type":"ListItem","position":2,"name":"Trgovina","item":"https:\/\/inti.hr\/bs\/trgovina\/"},{"@type":"ListItem","position":3,"name":"Pomo\u0107ni stoli\u0107 mramornog izgleda"}]},{"@type":"WebSite","@id":"https:\/\/inti.hr\/bs\/#website","url":"https:\/\/inti.hr\/bs\/","name":"Inti","description":"trgovina","potentialAction":[{"@type":"SearchAction","target":{"@type":"EntryPoint","urlTemplate":"https:\/\/inti.hr\/bs\/?s={search_term_string}"},"query-input":{"@type":"PropertyValueSpecification","valueRequired":true,"valueName":"search_term_string"}}],"inLanguage":"bs-BA"}]}},"jetpack_sharing_enabled":true,"jetpack-related-posts":[],"_links":{"self":[{"href":"https:\/\/inti.hr\/bs\/wp-json\/wp\/v2\/product\/37899"}],"collection":[{"href":"https:\/\/inti.hr\/bs\/wp-json\/wp\/v2\/product"}],"about":[{"href":"https:\/\/inti.hr\/bs\/wp-json\/wp\/v2\/types\/product"}],"wp:featuredmedia":[{"embeddable":true,"href":"https:\/\/inti.hr\/bs\/wp-json\/wp\/v2\/media\/37900"}],"wp:attachment":[{"href":"https:\/\/inti.hr\/bs\/wp-json\/wp\/v2\/media?parent=37899"}],"wp:term":[{"taxonomy":"product_cat","embeddable":true,"href":"https:\/\/inti.hr\/bs\/wp-json\/wp\/v2\/product_cat?post=37899"},{"taxonomy":"product_tag","embeddable":true,"href":"https:\/\/inti.hr\/bs\/wp-json\/wp\/v2\/product_tag?post=37899"}],"curies":[{"name":"wp","href":"https:\/\/api.w.org\/{rel}","templated":true}]}}