{"id":37943,"date":"2021-04-14T11:47:40","date_gmt":"2021-04-14T11:47:40","guid":{"rendered":"https:\/\/inti.hr\/product\/nocni-ili-pomocni-stolic\/"},"modified":"2021-04-14T11:47:40","modified_gmt":"2021-04-14T11:47:40","slug":"nocni-ili-pomocni-stolic","status":"publish","type":"product","link":"https:\/\/inti.hr\/bs\/proizvod\/nocni-ili-pomocni-stolic\/","title":{"rendered":"No\u0107ni ili pomo\u0107ni stoli\u0107"},"content":{"rendered":"<p>Detalji proizvoda:<\/p>\n<p>&#8211; Boja: zlatna, crna<\/p>\n<p>&#8211; Materijal: \u017eeljezo, kaljeno staklo<\/p>\n<p>&#8211; Veli\u010dina proizvoda:\u00a0 50 x 50 x 54,8 cm<\/p>\n<p>&#8211; Te\u017eina proizvoda: 4,6 kg<\/p>\n<p>&#8211; Maks. Kapacitet stati\u010dkog optere\u0107enja: 40 kg<\/p>\n","protected":false},"excerpt":{"rendered":"<p>Pahuljasti tepih, pucketavi plamen u kaminu, veliki kau\u010d, a uz sve &#8230; <\/p>\n","protected":false},"featured_media":37944,"template":"","meta":[],"product_cat":[2418],"product_tag":[4246,5318,3096,5319],"yoast_head":"<!-- This site is optimized with the Yoast SEO plugin v23.7 - https:\/\/yoast.com\/wordpress\/plugins\/seo\/ -->\n<title>No\u0107ni ili pomo\u0107ni stoli\u0107 - Inti<\/title>\n<meta name=\"description\" content=\"Pahuljasti tepih, pucketavi plamen u kaminu, veliki kau\u010d, a uz sve to je ovaj zlatni pomo\u0107ni stoli\u0107 - unesite u svoj dom dah dobrih starih vremena i dalje stvorite vrhunski moderan izgled!\u00a0 \u00a0prstena kao i 4 noge izra\u0111ene od \u017eeljeza premazanog prahom \u010dine stabilne temelje ovog plemenitog, malog stoli\u0107a - izdr\u017eljiv, ali graciozan naglasak za va\u0161 dom!Povr\u0161ina ovog bo\u010dnog stola ima kaljeno staklo debljine 6 mm, koje je posebno robusno i otporno na udarce. Stabilna staklena plo\u010da mo\u017ee se napuniti do 88 lb.Bez obzira \u017eelite li no\u0107ni ormari\u0107 postaviti na tepih ili na pod od tvrdog drva, podesive no\u017eice omogu\u0107uju vam nadokna\u0111ivanje manjih neravnina. Jastu\u010di\u0107i za noge tako\u0111er \u0161tite va\u0161 pod od ogrebotina.\" \/>\n<meta name=\"robots\" content=\"index, follow, max-snippet:-1, max-image-preview:large, max-video-preview:-1\" \/>\n<link rel=\"canonical\" href=\"https:\/\/inti.hr\/bs\/proizvod\/nocni-ili-pomocni-stolic\/\" \/>\n<meta property=\"og:locale\" content=\"bs_BA\" \/>\n<meta property=\"og:type\" content=\"article\" \/>\n<meta property=\"og:title\" content=\"No\u0107ni ili pomo\u0107ni stoli\u0107 - Inti\" \/>\n<meta property=\"og:description\" content=\"Pahuljasti tepih, pucketavi plamen u kaminu, veliki kau\u010d, a uz sve to je ovaj zlatni pomo\u0107ni stoli\u0107 - unesite u svoj dom dah dobrih starih vremena i dalje stvorite vrhunski moderan izgled!\u00a0 \u00a0prstena kao i 4 noge izra\u0111ene od \u017eeljeza premazanog prahom \u010dine stabilne temelje ovog plemenitog, malog stoli\u0107a - izdr\u017eljiv, ali graciozan naglasak za va\u0161 dom!Povr\u0161ina ovog bo\u010dnog stola ima kaljeno staklo debljine 6 mm, koje je posebno robusno i otporno na udarce. Stabilna staklena plo\u010da mo\u017ee se napuniti do 88 lb.Bez obzira \u017eelite li no\u0107ni ormari\u0107 postaviti na tepih ili na pod od tvrdog drva, podesive no\u017eice omogu\u0107uju vam nadokna\u0111ivanje manjih neravnina. Jastu\u010di\u0107i za noge tako\u0111er \u0161tite va\u0161 pod od ogrebotina.\" \/>\n<meta property=\"og:url\" content=\"https:\/\/inti.hr\/bs\/proizvod\/nocni-ili-pomocni-stolic\/\" \/>\n<meta property=\"og:site_name\" content=\"Inti\" \/>\n<meta property=\"og:image\" content=\"https:\/\/i0.wp.com\/inti.hr\/wp-content\/uploads\/2021\/04\/816ofoBVTYL._AC_SL1500_.jpg?fit=1500%2C1500&ssl=1\" \/>\n\t<meta property=\"og:image:width\" content=\"1500\" \/>\n\t<meta property=\"og:image:height\" content=\"1500\" \/>\n\t<meta property=\"og:image:type\" content=\"image\/jpeg\" \/>\n<meta name=\"twitter:card\" content=\"summary_large_image\" \/>\n<script type=\"application\/ld+json\" class=\"yoast-schema-graph\">{\"@context\":\"https:\/\/schema.org\",\"@graph\":[{\"@type\":\"WebPage\",\"@id\":\"https:\/\/inti.hr\/bs\/proizvod\/nocni-ili-pomocni-stolic\/\",\"url\":\"https:\/\/inti.hr\/bs\/proizvod\/nocni-ili-pomocni-stolic\/\",\"name\":\"No\u0107ni ili pomo\u0107ni stoli\u0107 - Inti\",\"isPartOf\":{\"@id\":\"https:\/\/inti.hr\/bs\/#website\"},\"primaryImageOfPage\":{\"@id\":\"https:\/\/inti.hr\/bs\/proizvod\/nocni-ili-pomocni-stolic\/#primaryimage\"},\"image\":{\"@id\":\"https:\/\/inti.hr\/bs\/proizvod\/nocni-ili-pomocni-stolic\/#primaryimage\"},\"thumbnailUrl\":\"https:\/\/i0.wp.com\/inti.hr\/wp-content\/uploads\/2021\/04\/816ofoBVTYL._AC_SL1500_.jpg?fit=1500%2C1500&ssl=1\",\"datePublished\":\"2021-04-14T11:47:40+00:00\",\"dateModified\":\"2021-04-14T11:47:40+00:00\",\"description\":\"Pahuljasti tepih, pucketavi plamen u kaminu, veliki kau\u010d, a uz sve to je ovaj zlatni pomo\u0107ni stoli\u0107 - unesite u svoj dom dah dobrih starih vremena i dalje stvorite vrhunski moderan izgled!\u00a0 \u00a0prstena kao i 4 noge izra\u0111ene od \u017eeljeza premazanog prahom \u010dine stabilne temelje ovog plemenitog, malog stoli\u0107a - izdr\u017eljiv, ali graciozan naglasak za va\u0161 dom!Povr\u0161ina ovog bo\u010dnog stola ima kaljeno staklo debljine 6 mm, koje je posebno robusno i otporno na udarce. Stabilna staklena plo\u010da mo\u017ee se napuniti do 88 lb.Bez obzira \u017eelite li no\u0107ni ormari\u0107 postaviti na tepih ili na pod od tvrdog drva, podesive no\u017eice omogu\u0107uju vam nadokna\u0111ivanje manjih neravnina. Jastu\u010di\u0107i za noge tako\u0111er \u0161tite va\u0161 pod od ogrebotina.\",\"breadcrumb\":{\"@id\":\"https:\/\/inti.hr\/bs\/proizvod\/nocni-ili-pomocni-stolic\/#breadcrumb\"},\"inLanguage\":\"bs-BA\",\"potentialAction\":[{\"@type\":\"ReadAction\",\"target\":[\"https:\/\/inti.hr\/bs\/proizvod\/nocni-ili-pomocni-stolic\/\"]}]},{\"@type\":\"ImageObject\",\"inLanguage\":\"bs-BA\",\"@id\":\"https:\/\/inti.hr\/bs\/proizvod\/nocni-ili-pomocni-stolic\/#primaryimage\",\"url\":\"https:\/\/i0.wp.com\/inti.hr\/wp-content\/uploads\/2021\/04\/816ofoBVTYL._AC_SL1500_.jpg?fit=1500%2C1500&ssl=1\",\"contentUrl\":\"https:\/\/i0.wp.com\/inti.hr\/wp-content\/uploads\/2021\/04\/816ofoBVTYL._AC_SL1500_.jpg?fit=1500%2C1500&ssl=1\",\"width\":1500,\"height\":1500},{\"@type\":\"BreadcrumbList\",\"@id\":\"https:\/\/inti.hr\/bs\/proizvod\/nocni-ili-pomocni-stolic\/#breadcrumb\",\"itemListElement\":[{\"@type\":\"ListItem\",\"position\":1,\"name\":\"Po\u010detna stranica\",\"item\":\"https:\/\/inti.hr\/bs\/\"},{\"@type\":\"ListItem\",\"position\":2,\"name\":\"Trgovina\",\"item\":\"https:\/\/inti.hr\/bs\/trgovina\/\"},{\"@type\":\"ListItem\",\"position\":3,\"name\":\"No\u0107ni ili pomo\u0107ni stoli\u0107\"}]},{\"@type\":\"WebSite\",\"@id\":\"https:\/\/inti.hr\/bs\/#website\",\"url\":\"https:\/\/inti.hr\/bs\/\",\"name\":\"Inti\",\"description\":\"trgovina\",\"potentialAction\":[{\"@type\":\"SearchAction\",\"target\":{\"@type\":\"EntryPoint\",\"urlTemplate\":\"https:\/\/inti.hr\/bs\/?s={search_term_string}\"},\"query-input\":{\"@type\":\"PropertyValueSpecification\",\"valueRequired\":true,\"valueName\":\"search_term_string\"}}],\"inLanguage\":\"bs-BA\"}]}<\/script>\n<!-- \/ Yoast SEO plugin. -->","yoast_head_json":{"title":"No\u0107ni ili pomo\u0107ni stoli\u0107 - Inti","description":"Pahuljasti tepih, pucketavi plamen u kaminu, veliki kau\u010d, a uz sve to je ovaj zlatni pomo\u0107ni stoli\u0107 - unesite u svoj dom dah dobrih starih vremena i dalje stvorite vrhunski moderan izgled!\u00a0 \u00a0prstena kao i 4 noge izra\u0111ene od \u017eeljeza premazanog prahom \u010dine stabilne temelje ovog plemenitog, malog stoli\u0107a - izdr\u017eljiv, ali graciozan naglasak za va\u0161 dom!Povr\u0161ina ovog bo\u010dnog stola ima kaljeno staklo debljine 6 mm, koje je posebno robusno i otporno na udarce. Stabilna staklena plo\u010da mo\u017ee se napuniti do 88 lb.Bez obzira \u017eelite li no\u0107ni ormari\u0107 postaviti na tepih ili na pod od tvrdog drva, podesive no\u017eice omogu\u0107uju vam nadokna\u0111ivanje manjih neravnina. Jastu\u010di\u0107i za noge tako\u0111er \u0161tite va\u0161 pod od ogrebotina.","robots":{"index":"index","follow":"follow","max-snippet":"max-snippet:-1","max-image-preview":"max-image-preview:large","max-video-preview":"max-video-preview:-1"},"canonical":"https:\/\/inti.hr\/bs\/proizvod\/nocni-ili-pomocni-stolic\/","og_locale":"bs_BA","og_type":"article","og_title":"No\u0107ni ili pomo\u0107ni stoli\u0107 - Inti","og_description":"Pahuljasti tepih, pucketavi plamen u kaminu, veliki kau\u010d, a uz sve to je ovaj zlatni pomo\u0107ni stoli\u0107 - unesite u svoj dom dah dobrih starih vremena i dalje stvorite vrhunski moderan izgled!\u00a0 \u00a0prstena kao i 4 noge izra\u0111ene od \u017eeljeza premazanog prahom \u010dine stabilne temelje ovog plemenitog, malog stoli\u0107a - izdr\u017eljiv, ali graciozan naglasak za va\u0161 dom!Povr\u0161ina ovog bo\u010dnog stola ima kaljeno staklo debljine 6 mm, koje je posebno robusno i otporno na udarce. Stabilna staklena plo\u010da mo\u017ee se napuniti do 88 lb.Bez obzira \u017eelite li no\u0107ni ormari\u0107 postaviti na tepih ili na pod od tvrdog drva, podesive no\u017eice omogu\u0107uju vam nadokna\u0111ivanje manjih neravnina. Jastu\u010di\u0107i za noge tako\u0111er \u0161tite va\u0161 pod od ogrebotina.","og_url":"https:\/\/inti.hr\/bs\/proizvod\/nocni-ili-pomocni-stolic\/","og_site_name":"Inti","og_image":[{"width":1500,"height":1500,"url":"https:\/\/i0.wp.com\/inti.hr\/wp-content\/uploads\/2021\/04\/816ofoBVTYL._AC_SL1500_.jpg?fit=1500%2C1500&ssl=1","type":"image\/jpeg"}],"twitter_card":"summary_large_image","schema":{"@context":"https:\/\/schema.org","@graph":[{"@type":"WebPage","@id":"https:\/\/inti.hr\/bs\/proizvod\/nocni-ili-pomocni-stolic\/","url":"https:\/\/inti.hr\/bs\/proizvod\/nocni-ili-pomocni-stolic\/","name":"No\u0107ni ili pomo\u0107ni stoli\u0107 - Inti","isPartOf":{"@id":"https:\/\/inti.hr\/bs\/#website"},"primaryImageOfPage":{"@id":"https:\/\/inti.hr\/bs\/proizvod\/nocni-ili-pomocni-stolic\/#primaryimage"},"image":{"@id":"https:\/\/inti.hr\/bs\/proizvod\/nocni-ili-pomocni-stolic\/#primaryimage"},"thumbnailUrl":"https:\/\/i0.wp.com\/inti.hr\/wp-content\/uploads\/2021\/04\/816ofoBVTYL._AC_SL1500_.jpg?fit=1500%2C1500&ssl=1","datePublished":"2021-04-14T11:47:40+00:00","dateModified":"2021-04-14T11:47:40+00:00","description":"Pahuljasti tepih, pucketavi plamen u kaminu, veliki kau\u010d, a uz sve to je ovaj zlatni pomo\u0107ni stoli\u0107 - unesite u svoj dom dah dobrih starih vremena i dalje stvorite vrhunski moderan izgled!\u00a0 \u00a0prstena kao i 4 noge izra\u0111ene od \u017eeljeza premazanog prahom \u010dine stabilne temelje ovog plemenitog, malog stoli\u0107a - izdr\u017eljiv, ali graciozan naglasak za va\u0161 dom!Povr\u0161ina ovog bo\u010dnog stola ima kaljeno staklo debljine 6 mm, koje je posebno robusno i otporno na udarce. Stabilna staklena plo\u010da mo\u017ee se napuniti do 88 lb.Bez obzira \u017eelite li no\u0107ni ormari\u0107 postaviti na tepih ili na pod od tvrdog drva, podesive no\u017eice omogu\u0107uju vam nadokna\u0111ivanje manjih neravnina. Jastu\u010di\u0107i za noge tako\u0111er \u0161tite va\u0161 pod od ogrebotina.","breadcrumb":{"@id":"https:\/\/inti.hr\/bs\/proizvod\/nocni-ili-pomocni-stolic\/#breadcrumb"},"inLanguage":"bs-BA","potentialAction":[{"@type":"ReadAction","target":["https:\/\/inti.hr\/bs\/proizvod\/nocni-ili-pomocni-stolic\/"]}]},{"@type":"ImageObject","inLanguage":"bs-BA","@id":"https:\/\/inti.hr\/bs\/proizvod\/nocni-ili-pomocni-stolic\/#primaryimage","url":"https:\/\/i0.wp.com\/inti.hr\/wp-content\/uploads\/2021\/04\/816ofoBVTYL._AC_SL1500_.jpg?fit=1500%2C1500&ssl=1","contentUrl":"https:\/\/i0.wp.com\/inti.hr\/wp-content\/uploads\/2021\/04\/816ofoBVTYL._AC_SL1500_.jpg?fit=1500%2C1500&ssl=1","width":1500,"height":1500},{"@type":"BreadcrumbList","@id":"https:\/\/inti.hr\/bs\/proizvod\/nocni-ili-pomocni-stolic\/#breadcrumb","itemListElement":[{"@type":"ListItem","position":1,"name":"Po\u010detna stranica","item":"https:\/\/inti.hr\/bs\/"},{"@type":"ListItem","position":2,"name":"Trgovina","item":"https:\/\/inti.hr\/bs\/trgovina\/"},{"@type":"ListItem","position":3,"name":"No\u0107ni ili pomo\u0107ni stoli\u0107"}]},{"@type":"WebSite","@id":"https:\/\/inti.hr\/bs\/#website","url":"https:\/\/inti.hr\/bs\/","name":"Inti","description":"trgovina","potentialAction":[{"@type":"SearchAction","target":{"@type":"EntryPoint","urlTemplate":"https:\/\/inti.hr\/bs\/?s={search_term_string}"},"query-input":{"@type":"PropertyValueSpecification","valueRequired":true,"valueName":"search_term_string"}}],"inLanguage":"bs-BA"}]}},"jetpack_sharing_enabled":true,"jetpack-related-posts":[],"_links":{"self":[{"href":"https:\/\/inti.hr\/bs\/wp-json\/wp\/v2\/product\/37943"}],"collection":[{"href":"https:\/\/inti.hr\/bs\/wp-json\/wp\/v2\/product"}],"about":[{"href":"https:\/\/inti.hr\/bs\/wp-json\/wp\/v2\/types\/product"}],"wp:featuredmedia":[{"embeddable":true,"href":"https:\/\/inti.hr\/bs\/wp-json\/wp\/v2\/media\/37944"}],"wp:attachment":[{"href":"https:\/\/inti.hr\/bs\/wp-json\/wp\/v2\/media?parent=37943"}],"wp:term":[{"taxonomy":"product_cat","embeddable":true,"href":"https:\/\/inti.hr\/bs\/wp-json\/wp\/v2\/product_cat?post=37943"},{"taxonomy":"product_tag","embeddable":true,"href":"https:\/\/inti.hr\/bs\/wp-json\/wp\/v2\/product_tag?post=37943"}],"curies":[{"name":"wp","href":"https:\/\/api.w.org\/{rel}","templated":true}]}}