{"id":38017,"date":"2021-03-10T10:16:03","date_gmt":"2021-03-10T10:16:03","guid":{"rendered":"https:\/\/inti.hr\/product\/moderna-sofa-za-ljuljanje\/"},"modified":"2021-03-10T10:16:03","modified_gmt":"2021-03-10T10:16:03","slug":"moderna-sofa-za-ljuljanje","status":"publish","type":"product","link":"https:\/\/inti.hr\/bs\/proizvod\/moderna-sofa-za-ljuljanje\/","title":{"rendered":"Moderna sofa za ljuljanje"},"content":{"rendered":"<p>Detalji proizvoda:<\/p>\n<p>Te\u017eina: pribli\u017eno: 8,2 kg; Nosivost: 150kg; Materijal: Navlaka: Velvet; Okvir: bukva \/ metal; Dimenzije proizvoda: BHT pribli\u017eno: 48x75x75cm (vidi sliku); Dimenzije paketa: 57x45x56cm.<br \/>\nOva fotelja ima mekani bar\u0161unasti pokriva\u010d i tako osigurava visoku razinu udobnosti sjedenja.<br \/>\nNoge crne metalne fotelje i trka\u010di od bukve jam\u010de sigurno stajanje.<br \/>\nZbog glamuroznog izgleda, mo\u017eete ga izvrsno kombinirati u dnevnoj sobi s krajolikom dnevnog boravka.<\/p>\n","protected":false},"excerpt":{"rendered":"<p>Moderna sofa za ljuljanje s visokim naslonom podupire zdrav i ravno &#8230; <\/p>\n","protected":false},"featured_media":38018,"template":"","meta":[],"product_cat":[2418,4206],"product_tag":[5352,5353,5354,5355],"yoast_head":"<!-- This site is optimized with the Yoast SEO plugin v23.7 - https:\/\/yoast.com\/wordpress\/plugins\/seo\/ -->\n<title>Moderna sofa za ljuljanje - Inti<\/title>\n<meta name=\"description\" content=\"Moderna sofa za ljuljanje s visokim naslonom podupire zdrav i ravno sjede\u0107i polo\u017eaj Meko presvu\u010deni bar\u0161unom nude udobno sjedenje za duge ve\u010deri uz \u010ditanje ili gledanje televizije Umjesto fiksiranih nogu, ova sofa tradicionalno stoji na dva zakrivljena trka\u010da tako da se mo\u017eete ljuljati naprijed-natrag dok sjedite Navlake od bar\u0161una izgledaju posebno elegantno i njihove boje unose vi\u0161e \u017eivota u sobu\" \/>\n<meta name=\"robots\" content=\"index, follow, max-snippet:-1, max-image-preview:large, max-video-preview:-1\" \/>\n<link rel=\"canonical\" href=\"https:\/\/inti.hr\/bs\/proizvod\/moderna-sofa-za-ljuljanje\/\" \/>\n<meta property=\"og:locale\" content=\"bs_BA\" \/>\n<meta property=\"og:type\" content=\"article\" \/>\n<meta property=\"og:title\" content=\"Moderna sofa za ljuljanje - Inti\" \/>\n<meta property=\"og:description\" content=\"Moderna sofa za ljuljanje s visokim naslonom podupire zdrav i ravno sjede\u0107i polo\u017eaj Meko presvu\u010deni bar\u0161unom nude udobno sjedenje za duge ve\u010deri uz \u010ditanje ili gledanje televizije Umjesto fiksiranih nogu, ova sofa tradicionalno stoji na dva zakrivljena trka\u010da tako da se mo\u017eete ljuljati naprijed-natrag dok sjedite Navlake od bar\u0161una izgledaju posebno elegantno i njihove boje unose vi\u0161e \u017eivota u sobu\" \/>\n<meta property=\"og:url\" content=\"https:\/\/inti.hr\/bs\/proizvod\/moderna-sofa-za-ljuljanje\/\" \/>\n<meta property=\"og:site_name\" content=\"Inti\" \/>\n<meta property=\"og:image\" content=\"https:\/\/i0.wp.com\/inti.hr\/wp-content\/uploads\/2021\/03\/FST68-P-Y003.jpg?fit=709%2C709&ssl=1\" \/>\n\t<meta property=\"og:image:width\" content=\"709\" \/>\n\t<meta property=\"og:image:height\" content=\"709\" \/>\n\t<meta property=\"og:image:type\" content=\"image\/jpeg\" \/>\n<meta name=\"twitter:card\" content=\"summary_large_image\" \/>\n<meta name=\"twitter:label1\" content=\"Est. reading time\" \/>\n\t<meta name=\"twitter:data1\" content=\"1 minuta\" \/>\n<script type=\"application\/ld+json\" class=\"yoast-schema-graph\">{\"@context\":\"https:\/\/schema.org\",\"@graph\":[{\"@type\":\"WebPage\",\"@id\":\"https:\/\/inti.hr\/bs\/proizvod\/moderna-sofa-za-ljuljanje\/\",\"url\":\"https:\/\/inti.hr\/bs\/proizvod\/moderna-sofa-za-ljuljanje\/\",\"name\":\"Moderna sofa za ljuljanje - Inti\",\"isPartOf\":{\"@id\":\"https:\/\/inti.hr\/bs\/#website\"},\"primaryImageOfPage\":{\"@id\":\"https:\/\/inti.hr\/bs\/proizvod\/moderna-sofa-za-ljuljanje\/#primaryimage\"},\"image\":{\"@id\":\"https:\/\/inti.hr\/bs\/proizvod\/moderna-sofa-za-ljuljanje\/#primaryimage\"},\"thumbnailUrl\":\"https:\/\/i0.wp.com\/inti.hr\/wp-content\/uploads\/2021\/03\/FST68-P-Y003.jpg?fit=709%2C709&ssl=1\",\"datePublished\":\"2021-03-10T10:16:03+00:00\",\"dateModified\":\"2021-03-10T10:16:03+00:00\",\"description\":\"Moderna sofa za ljuljanje s visokim naslonom podupire zdrav i ravno sjede\u0107i polo\u017eaj Meko presvu\u010deni bar\u0161unom nude udobno sjedenje za duge ve\u010deri uz \u010ditanje ili gledanje televizije Umjesto fiksiranih nogu, ova sofa tradicionalno stoji na dva zakrivljena trka\u010da tako da se mo\u017eete ljuljati naprijed-natrag dok sjedite Navlake od bar\u0161una izgledaju posebno elegantno i njihove boje unose vi\u0161e \u017eivota u sobu\",\"breadcrumb\":{\"@id\":\"https:\/\/inti.hr\/bs\/proizvod\/moderna-sofa-za-ljuljanje\/#breadcrumb\"},\"inLanguage\":\"bs-BA\",\"potentialAction\":[{\"@type\":\"ReadAction\",\"target\":[\"https:\/\/inti.hr\/bs\/proizvod\/moderna-sofa-za-ljuljanje\/\"]}]},{\"@type\":\"ImageObject\",\"inLanguage\":\"bs-BA\",\"@id\":\"https:\/\/inti.hr\/bs\/proizvod\/moderna-sofa-za-ljuljanje\/#primaryimage\",\"url\":\"https:\/\/i0.wp.com\/inti.hr\/wp-content\/uploads\/2021\/03\/FST68-P-Y003.jpg?fit=709%2C709&ssl=1\",\"contentUrl\":\"https:\/\/i0.wp.com\/inti.hr\/wp-content\/uploads\/2021\/03\/FST68-P-Y003.jpg?fit=709%2C709&ssl=1\",\"width\":709,\"height\":709},{\"@type\":\"BreadcrumbList\",\"@id\":\"https:\/\/inti.hr\/bs\/proizvod\/moderna-sofa-za-ljuljanje\/#breadcrumb\",\"itemListElement\":[{\"@type\":\"ListItem\",\"position\":1,\"name\":\"Po\u010detna stranica\",\"item\":\"https:\/\/inti.hr\/bs\/\"},{\"@type\":\"ListItem\",\"position\":2,\"name\":\"Trgovina\",\"item\":\"https:\/\/inti.hr\/bs\/trgovina\/\"},{\"@type\":\"ListItem\",\"position\":3,\"name\":\"Moderna sofa za ljuljanje\"}]},{\"@type\":\"WebSite\",\"@id\":\"https:\/\/inti.hr\/bs\/#website\",\"url\":\"https:\/\/inti.hr\/bs\/\",\"name\":\"Inti\",\"description\":\"trgovina\",\"potentialAction\":[{\"@type\":\"SearchAction\",\"target\":{\"@type\":\"EntryPoint\",\"urlTemplate\":\"https:\/\/inti.hr\/bs\/?s={search_term_string}\"},\"query-input\":{\"@type\":\"PropertyValueSpecification\",\"valueRequired\":true,\"valueName\":\"search_term_string\"}}],\"inLanguage\":\"bs-BA\"}]}<\/script>\n<!-- \/ Yoast SEO plugin. -->","yoast_head_json":{"title":"Moderna sofa za ljuljanje - Inti","description":"Moderna sofa za ljuljanje s visokim naslonom podupire zdrav i ravno sjede\u0107i polo\u017eaj Meko presvu\u010deni bar\u0161unom nude udobno sjedenje za duge ve\u010deri uz \u010ditanje ili gledanje televizije Umjesto fiksiranih nogu, ova sofa tradicionalno stoji na dva zakrivljena trka\u010da tako da se mo\u017eete ljuljati naprijed-natrag dok sjedite Navlake od bar\u0161una izgledaju posebno elegantno i njihove boje unose vi\u0161e \u017eivota u sobu","robots":{"index":"index","follow":"follow","max-snippet":"max-snippet:-1","max-image-preview":"max-image-preview:large","max-video-preview":"max-video-preview:-1"},"canonical":"https:\/\/inti.hr\/bs\/proizvod\/moderna-sofa-za-ljuljanje\/","og_locale":"bs_BA","og_type":"article","og_title":"Moderna sofa za ljuljanje - Inti","og_description":"Moderna sofa za ljuljanje s visokim naslonom podupire zdrav i ravno sjede\u0107i polo\u017eaj Meko presvu\u010deni bar\u0161unom nude udobno sjedenje za duge ve\u010deri uz \u010ditanje ili gledanje televizije Umjesto fiksiranih nogu, ova sofa tradicionalno stoji na dva zakrivljena trka\u010da tako da se mo\u017eete ljuljati naprijed-natrag dok sjedite Navlake od bar\u0161una izgledaju posebno elegantno i njihove boje unose vi\u0161e \u017eivota u sobu","og_url":"https:\/\/inti.hr\/bs\/proizvod\/moderna-sofa-za-ljuljanje\/","og_site_name":"Inti","og_image":[{"width":709,"height":709,"url":"https:\/\/i0.wp.com\/inti.hr\/wp-content\/uploads\/2021\/03\/FST68-P-Y003.jpg?fit=709%2C709&ssl=1","type":"image\/jpeg"}],"twitter_card":"summary_large_image","twitter_misc":{"Est. reading time":"1 minuta"},"schema":{"@context":"https:\/\/schema.org","@graph":[{"@type":"WebPage","@id":"https:\/\/inti.hr\/bs\/proizvod\/moderna-sofa-za-ljuljanje\/","url":"https:\/\/inti.hr\/bs\/proizvod\/moderna-sofa-za-ljuljanje\/","name":"Moderna sofa za ljuljanje - Inti","isPartOf":{"@id":"https:\/\/inti.hr\/bs\/#website"},"primaryImageOfPage":{"@id":"https:\/\/inti.hr\/bs\/proizvod\/moderna-sofa-za-ljuljanje\/#primaryimage"},"image":{"@id":"https:\/\/inti.hr\/bs\/proizvod\/moderna-sofa-za-ljuljanje\/#primaryimage"},"thumbnailUrl":"https:\/\/i0.wp.com\/inti.hr\/wp-content\/uploads\/2021\/03\/FST68-P-Y003.jpg?fit=709%2C709&ssl=1","datePublished":"2021-03-10T10:16:03+00:00","dateModified":"2021-03-10T10:16:03+00:00","description":"Moderna sofa za ljuljanje s visokim naslonom podupire zdrav i ravno sjede\u0107i polo\u017eaj Meko presvu\u010deni bar\u0161unom nude udobno sjedenje za duge ve\u010deri uz \u010ditanje ili gledanje televizije Umjesto fiksiranih nogu, ova sofa tradicionalno stoji na dva zakrivljena trka\u010da tako da se mo\u017eete ljuljati naprijed-natrag dok sjedite Navlake od bar\u0161una izgledaju posebno elegantno i njihove boje unose vi\u0161e \u017eivota u sobu","breadcrumb":{"@id":"https:\/\/inti.hr\/bs\/proizvod\/moderna-sofa-za-ljuljanje\/#breadcrumb"},"inLanguage":"bs-BA","potentialAction":[{"@type":"ReadAction","target":["https:\/\/inti.hr\/bs\/proizvod\/moderna-sofa-za-ljuljanje\/"]}]},{"@type":"ImageObject","inLanguage":"bs-BA","@id":"https:\/\/inti.hr\/bs\/proizvod\/moderna-sofa-za-ljuljanje\/#primaryimage","url":"https:\/\/i0.wp.com\/inti.hr\/wp-content\/uploads\/2021\/03\/FST68-P-Y003.jpg?fit=709%2C709&ssl=1","contentUrl":"https:\/\/i0.wp.com\/inti.hr\/wp-content\/uploads\/2021\/03\/FST68-P-Y003.jpg?fit=709%2C709&ssl=1","width":709,"height":709},{"@type":"BreadcrumbList","@id":"https:\/\/inti.hr\/bs\/proizvod\/moderna-sofa-za-ljuljanje\/#breadcrumb","itemListElement":[{"@type":"ListItem","position":1,"name":"Po\u010detna stranica","item":"https:\/\/inti.hr\/bs\/"},{"@type":"ListItem","position":2,"name":"Trgovina","item":"https:\/\/inti.hr\/bs\/trgovina\/"},{"@type":"ListItem","position":3,"name":"Moderna sofa za ljuljanje"}]},{"@type":"WebSite","@id":"https:\/\/inti.hr\/bs\/#website","url":"https:\/\/inti.hr\/bs\/","name":"Inti","description":"trgovina","potentialAction":[{"@type":"SearchAction","target":{"@type":"EntryPoint","urlTemplate":"https:\/\/inti.hr\/bs\/?s={search_term_string}"},"query-input":{"@type":"PropertyValueSpecification","valueRequired":true,"valueName":"search_term_string"}}],"inLanguage":"bs-BA"}]}},"jetpack_sharing_enabled":true,"jetpack-related-posts":[],"_links":{"self":[{"href":"https:\/\/inti.hr\/bs\/wp-json\/wp\/v2\/product\/38017"}],"collection":[{"href":"https:\/\/inti.hr\/bs\/wp-json\/wp\/v2\/product"}],"about":[{"href":"https:\/\/inti.hr\/bs\/wp-json\/wp\/v2\/types\/product"}],"wp:featuredmedia":[{"embeddable":true,"href":"https:\/\/inti.hr\/bs\/wp-json\/wp\/v2\/media\/38018"}],"wp:attachment":[{"href":"https:\/\/inti.hr\/bs\/wp-json\/wp\/v2\/media?parent=38017"}],"wp:term":[{"taxonomy":"product_cat","embeddable":true,"href":"https:\/\/inti.hr\/bs\/wp-json\/wp\/v2\/product_cat?post=38017"},{"taxonomy":"product_tag","embeddable":true,"href":"https:\/\/inti.hr\/bs\/wp-json\/wp\/v2\/product_tag?post=38017"}],"curies":[{"name":"wp","href":"https:\/\/api.w.org\/{rel}","templated":true}]}}