{"id":38037,"date":"2024-01-12T07:44:54","date_gmt":"2024-01-12T07:44:54","guid":{"rendered":"https:\/\/inti.hr\/product\/kuhinjski-poluotok-105x60x105-cm\/"},"modified":"2024-01-12T07:44:54","modified_gmt":"2024-01-12T07:44:54","slug":"kuhinjski-poluotok-105x60x105-cm","status":"publish","type":"product","link":"https:\/\/inti.hr\/bs\/proizvod\/kuhinjski-poluotok-105x60x105-cm\/","title":{"rendered":"Kuhinjski poluotok 105x60x105 Cm"},"content":{"rendered":"<p>Detalji proizvoda:<\/p>\n<p>Te\u017eina: oko 51 kg<br \/>\nTestirano za: 142 kg.<br \/>\nMaterijal: Hevea drvo, bor, drvena vlakna.<br \/>\nMjere proizvoda: 105x60x105 cm (vidi sliku)<br \/>\nIsporuka: u 2 paketa.<br \/>\nDimenzije paketa A: 112x47x12 cm<br \/>\nMjere paketa B: 115x44x17 cm.<br \/>\nS uputama za sastavljanje i vijcima. Jednostavna instalacija.<\/p>\n","protected":false},"excerpt":{"rendered":"<p>Boravak u va\u0161oj kuhinji sada \u0107e biti jo\u0161 ugodniji uz ovaj &#8230; <\/p>\n","protected":false},"featured_media":38038,"template":"","meta":[],"product_cat":[2536],"product_tag":[2537,3686],"yoast_head":"<!-- This site is optimized with the Yoast SEO plugin v23.7 - https:\/\/yoast.com\/wordpress\/plugins\/seo\/ -->\n<title>Kuhinjski poluotok 105x60x105 Cm - Inti<\/title>\n<meta name=\"description\" content=\"Boravak u va\u0161oj kuhinji sada \u0107e biti jo\u0161 ugodniji uz ovaj kuhinjski element. Elegantan i dobro promi\u0161ljen dizajn kuhinjskog ormari\u0107a spaja \u010darobni zamah drvene \u017elice u va\u0161oj gurmanskoj kuhinji s maksimalnom svakodnevnom udobno\u0161\u0107u u va\u0161em domu.Stavite tanjur sa pe\u010denom piletinom i sirom na plo\u010du stola, otvorite vrata i odaberite svoj omiljeni pribor za jelo, sada ste spremni za u\u017eivanje u jelu!2 police iza vrata i 2 otvorena pretinca daju vam dovoljno prostora za organiziranje va\u0161ih predmeta.8 malih sredi\u0161njih odjeljaka posebno je dizajnirano za pohranu vinskih boca. Tu su i dva dr\u017ea\u010da za \u010da\u0161e na vrhu za lijepe visoke \u010da\u0161e.Ovaj kuhinjski otok ima dodatni nastavak i plo\u010du od gumenog drva. Zato je prikladan i kao jedinstveni barski stol.Stavite tanjur sa pe\u010denom piletinom i sirom na plo\u010du stola, otvorite vrata i odaberite svoj omiljeni pribor za jelo, sada ste spremni za u\u017eivanje u jelu!2 police iza vrata i 2 otvorena pretinca daju vam dovoljno prostora za organiziranje va\u0161ih predmeta.8 malih sredi\u0161njih odjeljaka posebno je dizajnirano za pohranu vinskih boca. Tu su i dva dr\u017ea\u010da za \u010da\u0161e na vrhu za lijepe visoke \u010da\u0161e.Ovaj kuhinjski otok ima dodatni nastavak i plo\u010du od gumenog drva. Zato je prikladan i kao jedinstveni barski stol.\" \/>\n<meta name=\"robots\" content=\"index, follow, max-snippet:-1, max-image-preview:large, max-video-preview:-1\" \/>\n<link rel=\"canonical\" href=\"https:\/\/inti.hr\/bs\/proizvod\/kuhinjski-poluotok-105x60x105-cm\/\" \/>\n<meta property=\"og:locale\" content=\"bs_BA\" \/>\n<meta property=\"og:type\" content=\"article\" \/>\n<meta property=\"og:title\" content=\"Kuhinjski poluotok 105x60x105 Cm - Inti\" \/>\n<meta property=\"og:description\" content=\"Boravak u va\u0161oj kuhinji sada \u0107e biti jo\u0161 ugodniji uz ovaj kuhinjski element. Elegantan i dobro promi\u0161ljen dizajn kuhinjskog ormari\u0107a spaja \u010darobni zamah drvene \u017elice u va\u0161oj gurmanskoj kuhinji s maksimalnom svakodnevnom udobno\u0161\u0107u u va\u0161em domu.Stavite tanjur sa pe\u010denom piletinom i sirom na plo\u010du stola, otvorite vrata i odaberite svoj omiljeni pribor za jelo, sada ste spremni za u\u017eivanje u jelu!2 police iza vrata i 2 otvorena pretinca daju vam dovoljno prostora za organiziranje va\u0161ih predmeta.8 malih sredi\u0161njih odjeljaka posebno je dizajnirano za pohranu vinskih boca. Tu su i dva dr\u017ea\u010da za \u010da\u0161e na vrhu za lijepe visoke \u010da\u0161e.Ovaj kuhinjski otok ima dodatni nastavak i plo\u010du od gumenog drva. Zato je prikladan i kao jedinstveni barski stol.Stavite tanjur sa pe\u010denom piletinom i sirom na plo\u010du stola, otvorite vrata i odaberite svoj omiljeni pribor za jelo, sada ste spremni za u\u017eivanje u jelu!2 police iza vrata i 2 otvorena pretinca daju vam dovoljno prostora za organiziranje va\u0161ih predmeta.8 malih sredi\u0161njih odjeljaka posebno je dizajnirano za pohranu vinskih boca. Tu su i dva dr\u017ea\u010da za \u010da\u0161e na vrhu za lijepe visoke \u010da\u0161e.Ovaj kuhinjski otok ima dodatni nastavak i plo\u010du od gumenog drva. Zato je prikladan i kao jedinstveni barski stol.\" \/>\n<meta property=\"og:url\" content=\"https:\/\/inti.hr\/bs\/proizvod\/kuhinjski-poluotok-105x60x105-cm\/\" \/>\n<meta property=\"og:site_name\" content=\"Inti\" \/>\n<meta property=\"og:image\" content=\"https:\/\/i0.wp.com\/inti.hr\/wp-content\/uploads\/2024\/01\/KNL07-WN-S001_1800x1800.webp?fit=1600%2C1600&ssl=1\" \/>\n\t<meta property=\"og:image:width\" content=\"1600\" \/>\n\t<meta property=\"og:image:height\" content=\"1600\" \/>\n\t<meta property=\"og:image:type\" content=\"image\/webp\" \/>\n<meta name=\"twitter:card\" content=\"summary_large_image\" \/>\n<meta name=\"twitter:label1\" content=\"Est. reading time\" \/>\n\t<meta name=\"twitter:data1\" content=\"1 minuta\" \/>\n<script type=\"application\/ld+json\" class=\"yoast-schema-graph\">{\"@context\":\"https:\/\/schema.org\",\"@graph\":[{\"@type\":\"WebPage\",\"@id\":\"https:\/\/inti.hr\/bs\/proizvod\/kuhinjski-poluotok-105x60x105-cm\/\",\"url\":\"https:\/\/inti.hr\/bs\/proizvod\/kuhinjski-poluotok-105x60x105-cm\/\",\"name\":\"Kuhinjski poluotok 105x60x105 Cm - Inti\",\"isPartOf\":{\"@id\":\"https:\/\/inti.hr\/bs\/#website\"},\"primaryImageOfPage\":{\"@id\":\"https:\/\/inti.hr\/bs\/proizvod\/kuhinjski-poluotok-105x60x105-cm\/#primaryimage\"},\"image\":{\"@id\":\"https:\/\/inti.hr\/bs\/proizvod\/kuhinjski-poluotok-105x60x105-cm\/#primaryimage\"},\"thumbnailUrl\":\"https:\/\/i0.wp.com\/inti.hr\/wp-content\/uploads\/2024\/01\/KNL07-WN-S001_1800x1800.webp?fit=1600%2C1600&ssl=1\",\"datePublished\":\"2024-01-12T07:44:54+00:00\",\"dateModified\":\"2024-01-12T07:44:54+00:00\",\"description\":\"Boravak u va\u0161oj kuhinji sada \u0107e biti jo\u0161 ugodniji uz ovaj kuhinjski element. Elegantan i dobro promi\u0161ljen dizajn kuhinjskog ormari\u0107a spaja \u010darobni zamah drvene \u017elice u va\u0161oj gurmanskoj kuhinji s maksimalnom svakodnevnom udobno\u0161\u0107u u va\u0161em domu.Stavite tanjur sa pe\u010denom piletinom i sirom na plo\u010du stola, otvorite vrata i odaberite svoj omiljeni pribor za jelo, sada ste spremni za u\u017eivanje u jelu!2 police iza vrata i 2 otvorena pretinca daju vam dovoljno prostora za organiziranje va\u0161ih predmeta.8 malih sredi\u0161njih odjeljaka posebno je dizajnirano za pohranu vinskih boca. Tu su i dva dr\u017ea\u010da za \u010da\u0161e na vrhu za lijepe visoke \u010da\u0161e.Ovaj kuhinjski otok ima dodatni nastavak i plo\u010du od gumenog drva. Zato je prikladan i kao jedinstveni barski stol.Stavite tanjur sa pe\u010denom piletinom i sirom na plo\u010du stola, otvorite vrata i odaberite svoj omiljeni pribor za jelo, sada ste spremni za u\u017eivanje u jelu!2 police iza vrata i 2 otvorena pretinca daju vam dovoljno prostora za organiziranje va\u0161ih predmeta.8 malih sredi\u0161njih odjeljaka posebno je dizajnirano za pohranu vinskih boca. Tu su i dva dr\u017ea\u010da za \u010da\u0161e na vrhu za lijepe visoke \u010da\u0161e.Ovaj kuhinjski otok ima dodatni nastavak i plo\u010du od gumenog drva. Zato je prikladan i kao jedinstveni barski stol.\",\"breadcrumb\":{\"@id\":\"https:\/\/inti.hr\/bs\/proizvod\/kuhinjski-poluotok-105x60x105-cm\/#breadcrumb\"},\"inLanguage\":\"bs-BA\",\"potentialAction\":[{\"@type\":\"ReadAction\",\"target\":[\"https:\/\/inti.hr\/bs\/proizvod\/kuhinjski-poluotok-105x60x105-cm\/\"]}]},{\"@type\":\"ImageObject\",\"inLanguage\":\"bs-BA\",\"@id\":\"https:\/\/inti.hr\/bs\/proizvod\/kuhinjski-poluotok-105x60x105-cm\/#primaryimage\",\"url\":\"https:\/\/i0.wp.com\/inti.hr\/wp-content\/uploads\/2024\/01\/KNL07-WN-S001_1800x1800.webp?fit=1600%2C1600&ssl=1\",\"contentUrl\":\"https:\/\/i0.wp.com\/inti.hr\/wp-content\/uploads\/2024\/01\/KNL07-WN-S001_1800x1800.webp?fit=1600%2C1600&ssl=1\",\"width\":1600,\"height\":1600},{\"@type\":\"BreadcrumbList\",\"@id\":\"https:\/\/inti.hr\/bs\/proizvod\/kuhinjski-poluotok-105x60x105-cm\/#breadcrumb\",\"itemListElement\":[{\"@type\":\"ListItem\",\"position\":1,\"name\":\"Po\u010detna stranica\",\"item\":\"https:\/\/inti.hr\/bs\/\"},{\"@type\":\"ListItem\",\"position\":2,\"name\":\"Trgovina\",\"item\":\"https:\/\/inti.hr\/bs\/trgovina\/\"},{\"@type\":\"ListItem\",\"position\":3,\"name\":\"Kuhinjski poluotok 105x60x105 Cm\"}]},{\"@type\":\"WebSite\",\"@id\":\"https:\/\/inti.hr\/bs\/#website\",\"url\":\"https:\/\/inti.hr\/bs\/\",\"name\":\"Inti\",\"description\":\"trgovina\",\"potentialAction\":[{\"@type\":\"SearchAction\",\"target\":{\"@type\":\"EntryPoint\",\"urlTemplate\":\"https:\/\/inti.hr\/bs\/?s={search_term_string}\"},\"query-input\":{\"@type\":\"PropertyValueSpecification\",\"valueRequired\":true,\"valueName\":\"search_term_string\"}}],\"inLanguage\":\"bs-BA\"}]}<\/script>\n<!-- \/ Yoast SEO plugin. -->","yoast_head_json":{"title":"Kuhinjski poluotok 105x60x105 Cm - Inti","description":"Boravak u va\u0161oj kuhinji sada \u0107e biti jo\u0161 ugodniji uz ovaj kuhinjski element. Elegantan i dobro promi\u0161ljen dizajn kuhinjskog ormari\u0107a spaja \u010darobni zamah drvene \u017elice u va\u0161oj gurmanskoj kuhinji s maksimalnom svakodnevnom udobno\u0161\u0107u u va\u0161em domu.Stavite tanjur sa pe\u010denom piletinom i sirom na plo\u010du stola, otvorite vrata i odaberite svoj omiljeni pribor za jelo, sada ste spremni za u\u017eivanje u jelu!2 police iza vrata i 2 otvorena pretinca daju vam dovoljno prostora za organiziranje va\u0161ih predmeta.8 malih sredi\u0161njih odjeljaka posebno je dizajnirano za pohranu vinskih boca. Tu su i dva dr\u017ea\u010da za \u010da\u0161e na vrhu za lijepe visoke \u010da\u0161e.Ovaj kuhinjski otok ima dodatni nastavak i plo\u010du od gumenog drva. Zato je prikladan i kao jedinstveni barski stol.Stavite tanjur sa pe\u010denom piletinom i sirom na plo\u010du stola, otvorite vrata i odaberite svoj omiljeni pribor za jelo, sada ste spremni za u\u017eivanje u jelu!2 police iza vrata i 2 otvorena pretinca daju vam dovoljno prostora za organiziranje va\u0161ih predmeta.8 malih sredi\u0161njih odjeljaka posebno je dizajnirano za pohranu vinskih boca. Tu su i dva dr\u017ea\u010da za \u010da\u0161e na vrhu za lijepe visoke \u010da\u0161e.Ovaj kuhinjski otok ima dodatni nastavak i plo\u010du od gumenog drva. Zato je prikladan i kao jedinstveni barski stol.","robots":{"index":"index","follow":"follow","max-snippet":"max-snippet:-1","max-image-preview":"max-image-preview:large","max-video-preview":"max-video-preview:-1"},"canonical":"https:\/\/inti.hr\/bs\/proizvod\/kuhinjski-poluotok-105x60x105-cm\/","og_locale":"bs_BA","og_type":"article","og_title":"Kuhinjski poluotok 105x60x105 Cm - Inti","og_description":"Boravak u va\u0161oj kuhinji sada \u0107e biti jo\u0161 ugodniji uz ovaj kuhinjski element. Elegantan i dobro promi\u0161ljen dizajn kuhinjskog ormari\u0107a spaja \u010darobni zamah drvene \u017elice u va\u0161oj gurmanskoj kuhinji s maksimalnom svakodnevnom udobno\u0161\u0107u u va\u0161em domu.Stavite tanjur sa pe\u010denom piletinom i sirom na plo\u010du stola, otvorite vrata i odaberite svoj omiljeni pribor za jelo, sada ste spremni za u\u017eivanje u jelu!2 police iza vrata i 2 otvorena pretinca daju vam dovoljno prostora za organiziranje va\u0161ih predmeta.8 malih sredi\u0161njih odjeljaka posebno je dizajnirano za pohranu vinskih boca. Tu su i dva dr\u017ea\u010da za \u010da\u0161e na vrhu za lijepe visoke \u010da\u0161e.Ovaj kuhinjski otok ima dodatni nastavak i plo\u010du od gumenog drva. Zato je prikladan i kao jedinstveni barski stol.Stavite tanjur sa pe\u010denom piletinom i sirom na plo\u010du stola, otvorite vrata i odaberite svoj omiljeni pribor za jelo, sada ste spremni za u\u017eivanje u jelu!2 police iza vrata i 2 otvorena pretinca daju vam dovoljno prostora za organiziranje va\u0161ih predmeta.8 malih sredi\u0161njih odjeljaka posebno je dizajnirano za pohranu vinskih boca. Tu su i dva dr\u017ea\u010da za \u010da\u0161e na vrhu za lijepe visoke \u010da\u0161e.Ovaj kuhinjski otok ima dodatni nastavak i plo\u010du od gumenog drva. Zato je prikladan i kao jedinstveni barski stol.","og_url":"https:\/\/inti.hr\/bs\/proizvod\/kuhinjski-poluotok-105x60x105-cm\/","og_site_name":"Inti","og_image":[{"width":1600,"height":1600,"url":"https:\/\/i0.wp.com\/inti.hr\/wp-content\/uploads\/2024\/01\/KNL07-WN-S001_1800x1800.webp?fit=1600%2C1600&ssl=1","type":"image\/webp"}],"twitter_card":"summary_large_image","twitter_misc":{"Est. reading time":"1 minuta"},"schema":{"@context":"https:\/\/schema.org","@graph":[{"@type":"WebPage","@id":"https:\/\/inti.hr\/bs\/proizvod\/kuhinjski-poluotok-105x60x105-cm\/","url":"https:\/\/inti.hr\/bs\/proizvod\/kuhinjski-poluotok-105x60x105-cm\/","name":"Kuhinjski poluotok 105x60x105 Cm - Inti","isPartOf":{"@id":"https:\/\/inti.hr\/bs\/#website"},"primaryImageOfPage":{"@id":"https:\/\/inti.hr\/bs\/proizvod\/kuhinjski-poluotok-105x60x105-cm\/#primaryimage"},"image":{"@id":"https:\/\/inti.hr\/bs\/proizvod\/kuhinjski-poluotok-105x60x105-cm\/#primaryimage"},"thumbnailUrl":"https:\/\/i0.wp.com\/inti.hr\/wp-content\/uploads\/2024\/01\/KNL07-WN-S001_1800x1800.webp?fit=1600%2C1600&ssl=1","datePublished":"2024-01-12T07:44:54+00:00","dateModified":"2024-01-12T07:44:54+00:00","description":"Boravak u va\u0161oj kuhinji sada \u0107e biti jo\u0161 ugodniji uz ovaj kuhinjski element. Elegantan i dobro promi\u0161ljen dizajn kuhinjskog ormari\u0107a spaja \u010darobni zamah drvene \u017elice u va\u0161oj gurmanskoj kuhinji s maksimalnom svakodnevnom udobno\u0161\u0107u u va\u0161em domu.Stavite tanjur sa pe\u010denom piletinom i sirom na plo\u010du stola, otvorite vrata i odaberite svoj omiljeni pribor za jelo, sada ste spremni za u\u017eivanje u jelu!2 police iza vrata i 2 otvorena pretinca daju vam dovoljno prostora za organiziranje va\u0161ih predmeta.8 malih sredi\u0161njih odjeljaka posebno je dizajnirano za pohranu vinskih boca. Tu su i dva dr\u017ea\u010da za \u010da\u0161e na vrhu za lijepe visoke \u010da\u0161e.Ovaj kuhinjski otok ima dodatni nastavak i plo\u010du od gumenog drva. Zato je prikladan i kao jedinstveni barski stol.Stavite tanjur sa pe\u010denom piletinom i sirom na plo\u010du stola, otvorite vrata i odaberite svoj omiljeni pribor za jelo, sada ste spremni za u\u017eivanje u jelu!2 police iza vrata i 2 otvorena pretinca daju vam dovoljno prostora za organiziranje va\u0161ih predmeta.8 malih sredi\u0161njih odjeljaka posebno je dizajnirano za pohranu vinskih boca. Tu su i dva dr\u017ea\u010da za \u010da\u0161e na vrhu za lijepe visoke \u010da\u0161e.Ovaj kuhinjski otok ima dodatni nastavak i plo\u010du od gumenog drva. Zato je prikladan i kao jedinstveni barski stol.","breadcrumb":{"@id":"https:\/\/inti.hr\/bs\/proizvod\/kuhinjski-poluotok-105x60x105-cm\/#breadcrumb"},"inLanguage":"bs-BA","potentialAction":[{"@type":"ReadAction","target":["https:\/\/inti.hr\/bs\/proizvod\/kuhinjski-poluotok-105x60x105-cm\/"]}]},{"@type":"ImageObject","inLanguage":"bs-BA","@id":"https:\/\/inti.hr\/bs\/proizvod\/kuhinjski-poluotok-105x60x105-cm\/#primaryimage","url":"https:\/\/i0.wp.com\/inti.hr\/wp-content\/uploads\/2024\/01\/KNL07-WN-S001_1800x1800.webp?fit=1600%2C1600&ssl=1","contentUrl":"https:\/\/i0.wp.com\/inti.hr\/wp-content\/uploads\/2024\/01\/KNL07-WN-S001_1800x1800.webp?fit=1600%2C1600&ssl=1","width":1600,"height":1600},{"@type":"BreadcrumbList","@id":"https:\/\/inti.hr\/bs\/proizvod\/kuhinjski-poluotok-105x60x105-cm\/#breadcrumb","itemListElement":[{"@type":"ListItem","position":1,"name":"Po\u010detna stranica","item":"https:\/\/inti.hr\/bs\/"},{"@type":"ListItem","position":2,"name":"Trgovina","item":"https:\/\/inti.hr\/bs\/trgovina\/"},{"@type":"ListItem","position":3,"name":"Kuhinjski poluotok 105x60x105 Cm"}]},{"@type":"WebSite","@id":"https:\/\/inti.hr\/bs\/#website","url":"https:\/\/inti.hr\/bs\/","name":"Inti","description":"trgovina","potentialAction":[{"@type":"SearchAction","target":{"@type":"EntryPoint","urlTemplate":"https:\/\/inti.hr\/bs\/?s={search_term_string}"},"query-input":{"@type":"PropertyValueSpecification","valueRequired":true,"valueName":"search_term_string"}}],"inLanguage":"bs-BA"}]}},"jetpack_sharing_enabled":true,"jetpack-related-posts":[],"_links":{"self":[{"href":"https:\/\/inti.hr\/bs\/wp-json\/wp\/v2\/product\/38037"}],"collection":[{"href":"https:\/\/inti.hr\/bs\/wp-json\/wp\/v2\/product"}],"about":[{"href":"https:\/\/inti.hr\/bs\/wp-json\/wp\/v2\/types\/product"}],"wp:featuredmedia":[{"embeddable":true,"href":"https:\/\/inti.hr\/bs\/wp-json\/wp\/v2\/media\/38038"}],"wp:attachment":[{"href":"https:\/\/inti.hr\/bs\/wp-json\/wp\/v2\/media?parent=38037"}],"wp:term":[{"taxonomy":"product_cat","embeddable":true,"href":"https:\/\/inti.hr\/bs\/wp-json\/wp\/v2\/product_cat?post=38037"},{"taxonomy":"product_tag","embeddable":true,"href":"https:\/\/inti.hr\/bs\/wp-json\/wp\/v2\/product_tag?post=38037"}],"curies":[{"name":"wp","href":"https:\/\/api.w.org\/{rel}","templated":true}]}}