{"id":38131,"date":"2023-11-21T09:51:42","date_gmt":"2023-11-21T09:51:42","guid":{"rendered":"https:\/\/inti.hr\/product\/regal-za-drva-ulvila\/"},"modified":"2023-11-21T09:51:42","modified_gmt":"2023-11-21T09:51:42","slug":"regal-za-drva-ulvila","status":"publish","type":"product","link":"https:\/\/inti.hr\/bs\/proizvod\/regal-za-drva-ulvila\/","title":{"rendered":"Regal za drva Ulvila"},"content":{"rendered":"<p>Detalji proizvoda:<\/p>\n<p>&#8211; Optimalno rje\u0161enje za uredno skladi\u0161tenje drva za ogrjev<br \/>\n&#8211; S dodatnim prostorom za skladi\u0161tenje<br \/>\n&#8211; Za unutarnju upotrebu<br \/>\n&#8211; Brza i jednostavna monta\u017ea<\/p>\n<p><b>Materijal:<\/b><\/p>\n<p>&#8211; Okvir: \u010delik, plastificirano<br \/>\n&#8211; Polica: iveral<\/p>\n<p><b>Dimenzije:<\/b><\/p>\n<p>&#8211; Ukupno (Vx\u0160xD): 170 x 45 x 30 cm<br \/>\n&#8211; Polica (\u0160xD): 45 x 27 cm<br \/>\n&#8211; Debljina police: 1,5 cm<br \/>\n&#8211; Profil: 15 x 30 mm<\/p>\n<p><b>Boja:<\/b><\/p>\n<p>&#8211; Okvir: crni<br \/>\n&#8211; Polica: crna, strukturirana<\/p>\n","protected":false},"excerpt":{"rendered":"<p>Stalak za ogrjev savr\u0161eno je rje\u0161enje za uredno skladi\u0161tenje drva za &#8230; <\/p>\n","protected":false},"featured_media":38132,"template":"","meta":[],"product_cat":[2418],"product_tag":[5372,5374],"yoast_head":"<!-- This site is optimized with the Yoast SEO plugin v23.7 - https:\/\/yoast.com\/wordpress\/plugins\/seo\/ -->\n<title>Regal za drva Ulvila - Inti<\/title>\n<meta name=\"description\" content=\"Stalak za ogrjev savr\u0161eno je rje\u0161enje za uredno skladi\u0161tenje drva za ogrjev. Ne samo da je izuzetno prakti\u010dan, ve\u0107 dodaje da\u0161ak rustikalnog \u0161arma va\u0161em \u017eivotnom prostoru. Bilo da trebate drva za kamin, pe\u0107nicu ili prostor za odlaganje, ova visokokvalitetna polica pru\u017ea dovoljno prostora za odlaganje prema va\u0161im potrebama.Sastavljanje je nekomplicirano i jednostavno. Prilo\u017eene su jasne upute kako biste brzo i jednostavno mogli pokrenuti svoj novi stalak za drva za ogrjev. Zahvaljuju\u0107i \u010dvrstoj \u010deli\u010dnoj konstrukciji zajam\u010den je dug vijek trajanja i visoka stabilnost police.Svojim jednostavnim i atraktivnim dizajnom, stalak za drva savr\u0161eno se uklapa u va\u0161 \u017eivotni prostor i pru\u017ea prakti\u010dan prostor za pohranu i organiziranje drva za ogrjev kako bi va\u0161 dom bio topao i privla\u010dan.Jo\u0161 jedna posebnost ove police je dodatni prostor za odlaganje koji policu dijeli na dvije razine.\" \/>\n<meta name=\"robots\" content=\"index, follow, max-snippet:-1, max-image-preview:large, max-video-preview:-1\" \/>\n<link rel=\"canonical\" href=\"https:\/\/inti.hr\/bs\/proizvod\/regal-za-drva-ulvila\/\" \/>\n<meta property=\"og:locale\" content=\"bs_BA\" \/>\n<meta property=\"og:type\" content=\"article\" \/>\n<meta property=\"og:title\" content=\"Regal za drva Ulvila - Inti\" \/>\n<meta property=\"og:description\" content=\"Stalak za ogrjev savr\u0161eno je rje\u0161enje za uredno skladi\u0161tenje drva za ogrjev. Ne samo da je izuzetno prakti\u010dan, ve\u0107 dodaje da\u0161ak rustikalnog \u0161arma va\u0161em \u017eivotnom prostoru. Bilo da trebate drva za kamin, pe\u0107nicu ili prostor za odlaganje, ova visokokvalitetna polica pru\u017ea dovoljno prostora za odlaganje prema va\u0161im potrebama.Sastavljanje je nekomplicirano i jednostavno. Prilo\u017eene su jasne upute kako biste brzo i jednostavno mogli pokrenuti svoj novi stalak za drva za ogrjev. Zahvaljuju\u0107i \u010dvrstoj \u010deli\u010dnoj konstrukciji zajam\u010den je dug vijek trajanja i visoka stabilnost police.Svojim jednostavnim i atraktivnim dizajnom, stalak za drva savr\u0161eno se uklapa u va\u0161 \u017eivotni prostor i pru\u017ea prakti\u010dan prostor za pohranu i organiziranje drva za ogrjev kako bi va\u0161 dom bio topao i privla\u010dan.Jo\u0161 jedna posebnost ove police je dodatni prostor za odlaganje koji policu dijeli na dvije razine.\" \/>\n<meta property=\"og:url\" content=\"https:\/\/inti.hr\/bs\/proizvod\/regal-za-drva-ulvila\/\" \/>\n<meta property=\"og:site_name\" content=\"Inti\" \/>\n<meta property=\"og:image\" content=\"https:\/\/i0.wp.com\/inti.hr\/wp-content\/uploads\/2023\/11\/eae47f7f0492653216a6a7f6752ef477.jpg?fit=1400%2C1400&ssl=1\" \/>\n\t<meta property=\"og:image:width\" content=\"1400\" \/>\n\t<meta property=\"og:image:height\" content=\"1400\" \/>\n\t<meta property=\"og:image:type\" content=\"image\/jpeg\" \/>\n<meta name=\"twitter:card\" content=\"summary_large_image\" \/>\n<script type=\"application\/ld+json\" class=\"yoast-schema-graph\">{\"@context\":\"https:\/\/schema.org\",\"@graph\":[{\"@type\":\"WebPage\",\"@id\":\"https:\/\/inti.hr\/bs\/proizvod\/regal-za-drva-ulvila\/\",\"url\":\"https:\/\/inti.hr\/bs\/proizvod\/regal-za-drva-ulvila\/\",\"name\":\"Regal za drva Ulvila - Inti\",\"isPartOf\":{\"@id\":\"https:\/\/inti.hr\/bs\/#website\"},\"primaryImageOfPage\":{\"@id\":\"https:\/\/inti.hr\/bs\/proizvod\/regal-za-drva-ulvila\/#primaryimage\"},\"image\":{\"@id\":\"https:\/\/inti.hr\/bs\/proizvod\/regal-za-drva-ulvila\/#primaryimage\"},\"thumbnailUrl\":\"https:\/\/i0.wp.com\/inti.hr\/wp-content\/uploads\/2023\/11\/eae47f7f0492653216a6a7f6752ef477.jpg?fit=1400%2C1400&ssl=1\",\"datePublished\":\"2023-11-21T09:51:42+00:00\",\"dateModified\":\"2023-11-21T09:51:42+00:00\",\"description\":\"Stalak za ogrjev savr\u0161eno je rje\u0161enje za uredno skladi\u0161tenje drva za ogrjev. Ne samo da je izuzetno prakti\u010dan, ve\u0107 dodaje da\u0161ak rustikalnog \u0161arma va\u0161em \u017eivotnom prostoru. Bilo da trebate drva za kamin, pe\u0107nicu ili prostor za odlaganje, ova visokokvalitetna polica pru\u017ea dovoljno prostora za odlaganje prema va\u0161im potrebama.Sastavljanje je nekomplicirano i jednostavno. Prilo\u017eene su jasne upute kako biste brzo i jednostavno mogli pokrenuti svoj novi stalak za drva za ogrjev. Zahvaljuju\u0107i \u010dvrstoj \u010deli\u010dnoj konstrukciji zajam\u010den je dug vijek trajanja i visoka stabilnost police.Svojim jednostavnim i atraktivnim dizajnom, stalak za drva savr\u0161eno se uklapa u va\u0161 \u017eivotni prostor i pru\u017ea prakti\u010dan prostor za pohranu i organiziranje drva za ogrjev kako bi va\u0161 dom bio topao i privla\u010dan.Jo\u0161 jedna posebnost ove police je dodatni prostor za odlaganje koji policu dijeli na dvije razine.\",\"breadcrumb\":{\"@id\":\"https:\/\/inti.hr\/bs\/proizvod\/regal-za-drva-ulvila\/#breadcrumb\"},\"inLanguage\":\"bs-BA\",\"potentialAction\":[{\"@type\":\"ReadAction\",\"target\":[\"https:\/\/inti.hr\/bs\/proizvod\/regal-za-drva-ulvila\/\"]}]},{\"@type\":\"ImageObject\",\"inLanguage\":\"bs-BA\",\"@id\":\"https:\/\/inti.hr\/bs\/proizvod\/regal-za-drva-ulvila\/#primaryimage\",\"url\":\"https:\/\/i0.wp.com\/inti.hr\/wp-content\/uploads\/2023\/11\/eae47f7f0492653216a6a7f6752ef477.jpg?fit=1400%2C1400&ssl=1\",\"contentUrl\":\"https:\/\/i0.wp.com\/inti.hr\/wp-content\/uploads\/2023\/11\/eae47f7f0492653216a6a7f6752ef477.jpg?fit=1400%2C1400&ssl=1\",\"width\":1400,\"height\":1400},{\"@type\":\"BreadcrumbList\",\"@id\":\"https:\/\/inti.hr\/bs\/proizvod\/regal-za-drva-ulvila\/#breadcrumb\",\"itemListElement\":[{\"@type\":\"ListItem\",\"position\":1,\"name\":\"Po\u010detna stranica\",\"item\":\"https:\/\/inti.hr\/bs\/\"},{\"@type\":\"ListItem\",\"position\":2,\"name\":\"Trgovina\",\"item\":\"https:\/\/inti.hr\/bs\/trgovina\/\"},{\"@type\":\"ListItem\",\"position\":3,\"name\":\"Regal za drva Ulvila\"}]},{\"@type\":\"WebSite\",\"@id\":\"https:\/\/inti.hr\/bs\/#website\",\"url\":\"https:\/\/inti.hr\/bs\/\",\"name\":\"Inti\",\"description\":\"trgovina\",\"potentialAction\":[{\"@type\":\"SearchAction\",\"target\":{\"@type\":\"EntryPoint\",\"urlTemplate\":\"https:\/\/inti.hr\/bs\/?s={search_term_string}\"},\"query-input\":{\"@type\":\"PropertyValueSpecification\",\"valueRequired\":true,\"valueName\":\"search_term_string\"}}],\"inLanguage\":\"bs-BA\"}]}<\/script>\n<!-- \/ Yoast SEO plugin. -->","yoast_head_json":{"title":"Regal za drva Ulvila - Inti","description":"Stalak za ogrjev savr\u0161eno je rje\u0161enje za uredno skladi\u0161tenje drva za ogrjev. Ne samo da je izuzetno prakti\u010dan, ve\u0107 dodaje da\u0161ak rustikalnog \u0161arma va\u0161em \u017eivotnom prostoru. Bilo da trebate drva za kamin, pe\u0107nicu ili prostor za odlaganje, ova visokokvalitetna polica pru\u017ea dovoljno prostora za odlaganje prema va\u0161im potrebama.Sastavljanje je nekomplicirano i jednostavno. Prilo\u017eene su jasne upute kako biste brzo i jednostavno mogli pokrenuti svoj novi stalak za drva za ogrjev. Zahvaljuju\u0107i \u010dvrstoj \u010deli\u010dnoj konstrukciji zajam\u010den je dug vijek trajanja i visoka stabilnost police.Svojim jednostavnim i atraktivnim dizajnom, stalak za drva savr\u0161eno se uklapa u va\u0161 \u017eivotni prostor i pru\u017ea prakti\u010dan prostor za pohranu i organiziranje drva za ogrjev kako bi va\u0161 dom bio topao i privla\u010dan.Jo\u0161 jedna posebnost ove police je dodatni prostor za odlaganje koji policu dijeli na dvije razine.","robots":{"index":"index","follow":"follow","max-snippet":"max-snippet:-1","max-image-preview":"max-image-preview:large","max-video-preview":"max-video-preview:-1"},"canonical":"https:\/\/inti.hr\/bs\/proizvod\/regal-za-drva-ulvila\/","og_locale":"bs_BA","og_type":"article","og_title":"Regal za drva Ulvila - Inti","og_description":"Stalak za ogrjev savr\u0161eno je rje\u0161enje za uredno skladi\u0161tenje drva za ogrjev. Ne samo da je izuzetno prakti\u010dan, ve\u0107 dodaje da\u0161ak rustikalnog \u0161arma va\u0161em \u017eivotnom prostoru. Bilo da trebate drva za kamin, pe\u0107nicu ili prostor za odlaganje, ova visokokvalitetna polica pru\u017ea dovoljno prostora za odlaganje prema va\u0161im potrebama.Sastavljanje je nekomplicirano i jednostavno. Prilo\u017eene su jasne upute kako biste brzo i jednostavno mogli pokrenuti svoj novi stalak za drva za ogrjev. Zahvaljuju\u0107i \u010dvrstoj \u010deli\u010dnoj konstrukciji zajam\u010den je dug vijek trajanja i visoka stabilnost police.Svojim jednostavnim i atraktivnim dizajnom, stalak za drva savr\u0161eno se uklapa u va\u0161 \u017eivotni prostor i pru\u017ea prakti\u010dan prostor za pohranu i organiziranje drva za ogrjev kako bi va\u0161 dom bio topao i privla\u010dan.Jo\u0161 jedna posebnost ove police je dodatni prostor za odlaganje koji policu dijeli na dvije razine.","og_url":"https:\/\/inti.hr\/bs\/proizvod\/regal-za-drva-ulvila\/","og_site_name":"Inti","og_image":[{"width":1400,"height":1400,"url":"https:\/\/i0.wp.com\/inti.hr\/wp-content\/uploads\/2023\/11\/eae47f7f0492653216a6a7f6752ef477.jpg?fit=1400%2C1400&ssl=1","type":"image\/jpeg"}],"twitter_card":"summary_large_image","schema":{"@context":"https:\/\/schema.org","@graph":[{"@type":"WebPage","@id":"https:\/\/inti.hr\/bs\/proizvod\/regal-za-drva-ulvila\/","url":"https:\/\/inti.hr\/bs\/proizvod\/regal-za-drva-ulvila\/","name":"Regal za drva Ulvila - Inti","isPartOf":{"@id":"https:\/\/inti.hr\/bs\/#website"},"primaryImageOfPage":{"@id":"https:\/\/inti.hr\/bs\/proizvod\/regal-za-drva-ulvila\/#primaryimage"},"image":{"@id":"https:\/\/inti.hr\/bs\/proizvod\/regal-za-drva-ulvila\/#primaryimage"},"thumbnailUrl":"https:\/\/i0.wp.com\/inti.hr\/wp-content\/uploads\/2023\/11\/eae47f7f0492653216a6a7f6752ef477.jpg?fit=1400%2C1400&ssl=1","datePublished":"2023-11-21T09:51:42+00:00","dateModified":"2023-11-21T09:51:42+00:00","description":"Stalak za ogrjev savr\u0161eno je rje\u0161enje za uredno skladi\u0161tenje drva za ogrjev. Ne samo da je izuzetno prakti\u010dan, ve\u0107 dodaje da\u0161ak rustikalnog \u0161arma va\u0161em \u017eivotnom prostoru. Bilo da trebate drva za kamin, pe\u0107nicu ili prostor za odlaganje, ova visokokvalitetna polica pru\u017ea dovoljno prostora za odlaganje prema va\u0161im potrebama.Sastavljanje je nekomplicirano i jednostavno. Prilo\u017eene su jasne upute kako biste brzo i jednostavno mogli pokrenuti svoj novi stalak za drva za ogrjev. Zahvaljuju\u0107i \u010dvrstoj \u010deli\u010dnoj konstrukciji zajam\u010den je dug vijek trajanja i visoka stabilnost police.Svojim jednostavnim i atraktivnim dizajnom, stalak za drva savr\u0161eno se uklapa u va\u0161 \u017eivotni prostor i pru\u017ea prakti\u010dan prostor za pohranu i organiziranje drva za ogrjev kako bi va\u0161 dom bio topao i privla\u010dan.Jo\u0161 jedna posebnost ove police je dodatni prostor za odlaganje koji policu dijeli na dvije razine.","breadcrumb":{"@id":"https:\/\/inti.hr\/bs\/proizvod\/regal-za-drva-ulvila\/#breadcrumb"},"inLanguage":"bs-BA","potentialAction":[{"@type":"ReadAction","target":["https:\/\/inti.hr\/bs\/proizvod\/regal-za-drva-ulvila\/"]}]},{"@type":"ImageObject","inLanguage":"bs-BA","@id":"https:\/\/inti.hr\/bs\/proizvod\/regal-za-drva-ulvila\/#primaryimage","url":"https:\/\/i0.wp.com\/inti.hr\/wp-content\/uploads\/2023\/11\/eae47f7f0492653216a6a7f6752ef477.jpg?fit=1400%2C1400&ssl=1","contentUrl":"https:\/\/i0.wp.com\/inti.hr\/wp-content\/uploads\/2023\/11\/eae47f7f0492653216a6a7f6752ef477.jpg?fit=1400%2C1400&ssl=1","width":1400,"height":1400},{"@type":"BreadcrumbList","@id":"https:\/\/inti.hr\/bs\/proizvod\/regal-za-drva-ulvila\/#breadcrumb","itemListElement":[{"@type":"ListItem","position":1,"name":"Po\u010detna stranica","item":"https:\/\/inti.hr\/bs\/"},{"@type":"ListItem","position":2,"name":"Trgovina","item":"https:\/\/inti.hr\/bs\/trgovina\/"},{"@type":"ListItem","position":3,"name":"Regal za drva Ulvila"}]},{"@type":"WebSite","@id":"https:\/\/inti.hr\/bs\/#website","url":"https:\/\/inti.hr\/bs\/","name":"Inti","description":"trgovina","potentialAction":[{"@type":"SearchAction","target":{"@type":"EntryPoint","urlTemplate":"https:\/\/inti.hr\/bs\/?s={search_term_string}"},"query-input":{"@type":"PropertyValueSpecification","valueRequired":true,"valueName":"search_term_string"}}],"inLanguage":"bs-BA"}]}},"jetpack_sharing_enabled":true,"jetpack-related-posts":[],"_links":{"self":[{"href":"https:\/\/inti.hr\/bs\/wp-json\/wp\/v2\/product\/38131"}],"collection":[{"href":"https:\/\/inti.hr\/bs\/wp-json\/wp\/v2\/product"}],"about":[{"href":"https:\/\/inti.hr\/bs\/wp-json\/wp\/v2\/types\/product"}],"wp:featuredmedia":[{"embeddable":true,"href":"https:\/\/inti.hr\/bs\/wp-json\/wp\/v2\/media\/38132"}],"wp:attachment":[{"href":"https:\/\/inti.hr\/bs\/wp-json\/wp\/v2\/media?parent=38131"}],"wp:term":[{"taxonomy":"product_cat","embeddable":true,"href":"https:\/\/inti.hr\/bs\/wp-json\/wp\/v2\/product_cat?post=38131"},{"taxonomy":"product_tag","embeddable":true,"href":"https:\/\/inti.hr\/bs\/wp-json\/wp\/v2\/product_tag?post=38131"}],"curies":[{"name":"wp","href":"https:\/\/api.w.org\/{rel}","templated":true}]}}