{"id":38153,"date":"2023-11-17T09:42:51","date_gmt":"2023-11-17T09:42:51","guid":{"rendered":"https:\/\/inti.hr\/product\/toaletni-stol-s-velikim-ogledalom-moderna-bijela\/"},"modified":"2023-11-17T09:42:51","modified_gmt":"2023-11-17T09:42:51","slug":"toaletni-stol-s-velikim-ogledalom-moderna-bijela","status":"publish","type":"product","link":"https:\/\/inti.hr\/bs\/proizvod\/toaletni-stol-s-velikim-ogledalom-moderna-bijela\/","title":{"rendered":"Toaletni stol s velikim ogledalom moderna bijela"},"content":{"rendered":"<p>Detalji proizvoda:<\/p>\n<p>Boja bijela<br \/>\nMaterijal: iverica<br \/>\nVeli\u010dina: 40 x 100 x 140 cm (D x \u0160 x V)<br \/>\nTe\u017eina: 24,2 kg<\/p>\n","protected":false},"excerpt":{"rendered":"<p>S 2 ladice, velikom plo\u010dom stola i 3 otvorena pretinca, ovaj &#8230; <\/p>\n","protected":false},"featured_media":38154,"template":"","meta":[],"product_cat":[2414],"product_tag":[2673,5378],"yoast_head":"<!-- This site is optimized with the Yoast SEO plugin v23.7 - https:\/\/yoast.com\/wordpress\/plugins\/seo\/ -->\n<title>Toaletni stol s velikim ogledalom moderna bijela - Inti<\/title>\n<meta name=\"description\" content=\"S 2 ladice, velikom plo\u010dom stola i 3 otvorena pretinca, ovaj toaletni stoli\u0107 nudi obilje prostora da svoju \u0161minku dr\u017eite urednom i nadohvat ruke; S podnom povr\u0161inom (40 x 100 cm) savr\u0161en je za male prostorije. Pri\u010dvrstite kozmeti\u010dki stol na zid s prilo\u017eenom za\u0161titom od prevrtanja kako biste stvorili sigurnije okru\u017eenje. Ovaj toaletni stol izra\u0111en od kvalitetne iverice robustan je i izdr\u017eljiv; njegov premaz je otporan na habanje i lako se \u010disti, \u0161to omogu\u0107uje dugotrajnu upotrebu. Ogledalo 40 x 53 cm (\u0160 x V) na toaletnom stoli\u0107u omogu\u0107uje vam da se jasno odrazite i nanesete besprijekornu \u0161minku. Jednostavan dizajn, \u010diste linije i elegantna bijela \u010dine ovaj moderni toaletni stoli\u0107 elegantnim dodatkom va\u0161oj spava\u0107oj sobi ili garderobi.\" \/>\n<meta name=\"robots\" content=\"index, follow, max-snippet:-1, max-image-preview:large, max-video-preview:-1\" \/>\n<link rel=\"canonical\" href=\"https:\/\/inti.hr\/bs\/proizvod\/toaletni-stol-s-velikim-ogledalom-moderna-bijela\/\" \/>\n<meta property=\"og:locale\" content=\"bs_BA\" \/>\n<meta property=\"og:type\" content=\"article\" \/>\n<meta property=\"og:title\" content=\"Toaletni stol s velikim ogledalom moderna bijela - Inti\" \/>\n<meta property=\"og:description\" content=\"S 2 ladice, velikom plo\u010dom stola i 3 otvorena pretinca, ovaj toaletni stoli\u0107 nudi obilje prostora da svoju \u0161minku dr\u017eite urednom i nadohvat ruke; S podnom povr\u0161inom (40 x 100 cm) savr\u0161en je za male prostorije. Pri\u010dvrstite kozmeti\u010dki stol na zid s prilo\u017eenom za\u0161titom od prevrtanja kako biste stvorili sigurnije okru\u017eenje. Ovaj toaletni stol izra\u0111en od kvalitetne iverice robustan je i izdr\u017eljiv; njegov premaz je otporan na habanje i lako se \u010disti, \u0161to omogu\u0107uje dugotrajnu upotrebu. Ogledalo 40 x 53 cm (\u0160 x V) na toaletnom stoli\u0107u omogu\u0107uje vam da se jasno odrazite i nanesete besprijekornu \u0161minku. Jednostavan dizajn, \u010diste linije i elegantna bijela \u010dine ovaj moderni toaletni stoli\u0107 elegantnim dodatkom va\u0161oj spava\u0107oj sobi ili garderobi.\" \/>\n<meta property=\"og:url\" content=\"https:\/\/inti.hr\/bs\/proizvod\/toaletni-stol-s-velikim-ogledalom-moderna-bijela\/\" \/>\n<meta property=\"og:site_name\" content=\"Inti\" \/>\n<meta property=\"og:image\" content=\"https:\/\/i0.wp.com\/inti.hr\/wp-content\/uploads\/2023\/11\/RDT163W01-8-DE.jpg?fit=800%2C1000&ssl=1\" \/>\n\t<meta property=\"og:image:width\" content=\"800\" \/>\n\t<meta property=\"og:image:height\" content=\"1000\" \/>\n\t<meta property=\"og:image:type\" content=\"image\/jpeg\" \/>\n<meta name=\"twitter:card\" content=\"summary_large_image\" \/>\n<script type=\"application\/ld+json\" class=\"yoast-schema-graph\">{\"@context\":\"https:\/\/schema.org\",\"@graph\":[{\"@type\":\"WebPage\",\"@id\":\"https:\/\/inti.hr\/bs\/proizvod\/toaletni-stol-s-velikim-ogledalom-moderna-bijela\/\",\"url\":\"https:\/\/inti.hr\/bs\/proizvod\/toaletni-stol-s-velikim-ogledalom-moderna-bijela\/\",\"name\":\"Toaletni stol s velikim ogledalom moderna bijela - Inti\",\"isPartOf\":{\"@id\":\"https:\/\/inti.hr\/bs\/#website\"},\"primaryImageOfPage\":{\"@id\":\"https:\/\/inti.hr\/bs\/proizvod\/toaletni-stol-s-velikim-ogledalom-moderna-bijela\/#primaryimage\"},\"image\":{\"@id\":\"https:\/\/inti.hr\/bs\/proizvod\/toaletni-stol-s-velikim-ogledalom-moderna-bijela\/#primaryimage\"},\"thumbnailUrl\":\"https:\/\/i0.wp.com\/inti.hr\/wp-content\/uploads\/2023\/11\/RDT163W01-8-DE.jpg?fit=800%2C1000&ssl=1\",\"datePublished\":\"2023-11-17T09:42:51+00:00\",\"dateModified\":\"2023-11-17T09:42:51+00:00\",\"description\":\"S 2 ladice, velikom plo\u010dom stola i 3 otvorena pretinca, ovaj toaletni stoli\u0107 nudi obilje prostora da svoju \u0161minku dr\u017eite urednom i nadohvat ruke; S podnom povr\u0161inom (40 x 100 cm) savr\u0161en je za male prostorije. Pri\u010dvrstite kozmeti\u010dki stol na zid s prilo\u017eenom za\u0161titom od prevrtanja kako biste stvorili sigurnije okru\u017eenje. Ovaj toaletni stol izra\u0111en od kvalitetne iverice robustan je i izdr\u017eljiv; njegov premaz je otporan na habanje i lako se \u010disti, \u0161to omogu\u0107uje dugotrajnu upotrebu. Ogledalo 40 x 53 cm (\u0160 x V) na toaletnom stoli\u0107u omogu\u0107uje vam da se jasno odrazite i nanesete besprijekornu \u0161minku. Jednostavan dizajn, \u010diste linije i elegantna bijela \u010dine ovaj moderni toaletni stoli\u0107 elegantnim dodatkom va\u0161oj spava\u0107oj sobi ili garderobi.\",\"breadcrumb\":{\"@id\":\"https:\/\/inti.hr\/bs\/proizvod\/toaletni-stol-s-velikim-ogledalom-moderna-bijela\/#breadcrumb\"},\"inLanguage\":\"bs-BA\",\"potentialAction\":[{\"@type\":\"ReadAction\",\"target\":[\"https:\/\/inti.hr\/bs\/proizvod\/toaletni-stol-s-velikim-ogledalom-moderna-bijela\/\"]}]},{\"@type\":\"ImageObject\",\"inLanguage\":\"bs-BA\",\"@id\":\"https:\/\/inti.hr\/bs\/proizvod\/toaletni-stol-s-velikim-ogledalom-moderna-bijela\/#primaryimage\",\"url\":\"https:\/\/i0.wp.com\/inti.hr\/wp-content\/uploads\/2023\/11\/RDT163W01-8-DE.jpg?fit=800%2C1000&ssl=1\",\"contentUrl\":\"https:\/\/i0.wp.com\/inti.hr\/wp-content\/uploads\/2023\/11\/RDT163W01-8-DE.jpg?fit=800%2C1000&ssl=1\",\"width\":800,\"height\":1000,\"caption\":\"Toaletni stol s velikim ogledalom moderna bijela\"},{\"@type\":\"BreadcrumbList\",\"@id\":\"https:\/\/inti.hr\/bs\/proizvod\/toaletni-stol-s-velikim-ogledalom-moderna-bijela\/#breadcrumb\",\"itemListElement\":[{\"@type\":\"ListItem\",\"position\":1,\"name\":\"Po\u010detna stranica\",\"item\":\"https:\/\/inti.hr\/bs\/\"},{\"@type\":\"ListItem\",\"position\":2,\"name\":\"Trgovina\",\"item\":\"https:\/\/inti.hr\/bs\/trgovina\/\"},{\"@type\":\"ListItem\",\"position\":3,\"name\":\"Toaletni stol s velikim ogledalom moderna bijela\"}]},{\"@type\":\"WebSite\",\"@id\":\"https:\/\/inti.hr\/bs\/#website\",\"url\":\"https:\/\/inti.hr\/bs\/\",\"name\":\"Inti\",\"description\":\"trgovina\",\"potentialAction\":[{\"@type\":\"SearchAction\",\"target\":{\"@type\":\"EntryPoint\",\"urlTemplate\":\"https:\/\/inti.hr\/bs\/?s={search_term_string}\"},\"query-input\":{\"@type\":\"PropertyValueSpecification\",\"valueRequired\":true,\"valueName\":\"search_term_string\"}}],\"inLanguage\":\"bs-BA\"}]}<\/script>\n<!-- \/ Yoast SEO plugin. -->","yoast_head_json":{"title":"Toaletni stol s velikim ogledalom moderna bijela - Inti","description":"S 2 ladice, velikom plo\u010dom stola i 3 otvorena pretinca, ovaj toaletni stoli\u0107 nudi obilje prostora da svoju \u0161minku dr\u017eite urednom i nadohvat ruke; S podnom povr\u0161inom (40 x 100 cm) savr\u0161en je za male prostorije. Pri\u010dvrstite kozmeti\u010dki stol na zid s prilo\u017eenom za\u0161titom od prevrtanja kako biste stvorili sigurnije okru\u017eenje. Ovaj toaletni stol izra\u0111en od kvalitetne iverice robustan je i izdr\u017eljiv; njegov premaz je otporan na habanje i lako se \u010disti, \u0161to omogu\u0107uje dugotrajnu upotrebu. Ogledalo 40 x 53 cm (\u0160 x V) na toaletnom stoli\u0107u omogu\u0107uje vam da se jasno odrazite i nanesete besprijekornu \u0161minku. Jednostavan dizajn, \u010diste linije i elegantna bijela \u010dine ovaj moderni toaletni stoli\u0107 elegantnim dodatkom va\u0161oj spava\u0107oj sobi ili garderobi.","robots":{"index":"index","follow":"follow","max-snippet":"max-snippet:-1","max-image-preview":"max-image-preview:large","max-video-preview":"max-video-preview:-1"},"canonical":"https:\/\/inti.hr\/bs\/proizvod\/toaletni-stol-s-velikim-ogledalom-moderna-bijela\/","og_locale":"bs_BA","og_type":"article","og_title":"Toaletni stol s velikim ogledalom moderna bijela - Inti","og_description":"S 2 ladice, velikom plo\u010dom stola i 3 otvorena pretinca, ovaj toaletni stoli\u0107 nudi obilje prostora da svoju \u0161minku dr\u017eite urednom i nadohvat ruke; S podnom povr\u0161inom (40 x 100 cm) savr\u0161en je za male prostorije. Pri\u010dvrstite kozmeti\u010dki stol na zid s prilo\u017eenom za\u0161titom od prevrtanja kako biste stvorili sigurnije okru\u017eenje. Ovaj toaletni stol izra\u0111en od kvalitetne iverice robustan je i izdr\u017eljiv; njegov premaz je otporan na habanje i lako se \u010disti, \u0161to omogu\u0107uje dugotrajnu upotrebu. Ogledalo 40 x 53 cm (\u0160 x V) na toaletnom stoli\u0107u omogu\u0107uje vam da se jasno odrazite i nanesete besprijekornu \u0161minku. Jednostavan dizajn, \u010diste linije i elegantna bijela \u010dine ovaj moderni toaletni stoli\u0107 elegantnim dodatkom va\u0161oj spava\u0107oj sobi ili garderobi.","og_url":"https:\/\/inti.hr\/bs\/proizvod\/toaletni-stol-s-velikim-ogledalom-moderna-bijela\/","og_site_name":"Inti","og_image":[{"width":800,"height":1000,"url":"https:\/\/i0.wp.com\/inti.hr\/wp-content\/uploads\/2023\/11\/RDT163W01-8-DE.jpg?fit=800%2C1000&ssl=1","type":"image\/jpeg"}],"twitter_card":"summary_large_image","schema":{"@context":"https:\/\/schema.org","@graph":[{"@type":"WebPage","@id":"https:\/\/inti.hr\/bs\/proizvod\/toaletni-stol-s-velikim-ogledalom-moderna-bijela\/","url":"https:\/\/inti.hr\/bs\/proizvod\/toaletni-stol-s-velikim-ogledalom-moderna-bijela\/","name":"Toaletni stol s velikim ogledalom moderna bijela - Inti","isPartOf":{"@id":"https:\/\/inti.hr\/bs\/#website"},"primaryImageOfPage":{"@id":"https:\/\/inti.hr\/bs\/proizvod\/toaletni-stol-s-velikim-ogledalom-moderna-bijela\/#primaryimage"},"image":{"@id":"https:\/\/inti.hr\/bs\/proizvod\/toaletni-stol-s-velikim-ogledalom-moderna-bijela\/#primaryimage"},"thumbnailUrl":"https:\/\/i0.wp.com\/inti.hr\/wp-content\/uploads\/2023\/11\/RDT163W01-8-DE.jpg?fit=800%2C1000&ssl=1","datePublished":"2023-11-17T09:42:51+00:00","dateModified":"2023-11-17T09:42:51+00:00","description":"S 2 ladice, velikom plo\u010dom stola i 3 otvorena pretinca, ovaj toaletni stoli\u0107 nudi obilje prostora da svoju \u0161minku dr\u017eite urednom i nadohvat ruke; S podnom povr\u0161inom (40 x 100 cm) savr\u0161en je za male prostorije. Pri\u010dvrstite kozmeti\u010dki stol na zid s prilo\u017eenom za\u0161titom od prevrtanja kako biste stvorili sigurnije okru\u017eenje. Ovaj toaletni stol izra\u0111en od kvalitetne iverice robustan je i izdr\u017eljiv; njegov premaz je otporan na habanje i lako se \u010disti, \u0161to omogu\u0107uje dugotrajnu upotrebu. Ogledalo 40 x 53 cm (\u0160 x V) na toaletnom stoli\u0107u omogu\u0107uje vam da se jasno odrazite i nanesete besprijekornu \u0161minku. Jednostavan dizajn, \u010diste linije i elegantna bijela \u010dine ovaj moderni toaletni stoli\u0107 elegantnim dodatkom va\u0161oj spava\u0107oj sobi ili garderobi.","breadcrumb":{"@id":"https:\/\/inti.hr\/bs\/proizvod\/toaletni-stol-s-velikim-ogledalom-moderna-bijela\/#breadcrumb"},"inLanguage":"bs-BA","potentialAction":[{"@type":"ReadAction","target":["https:\/\/inti.hr\/bs\/proizvod\/toaletni-stol-s-velikim-ogledalom-moderna-bijela\/"]}]},{"@type":"ImageObject","inLanguage":"bs-BA","@id":"https:\/\/inti.hr\/bs\/proizvod\/toaletni-stol-s-velikim-ogledalom-moderna-bijela\/#primaryimage","url":"https:\/\/i0.wp.com\/inti.hr\/wp-content\/uploads\/2023\/11\/RDT163W01-8-DE.jpg?fit=800%2C1000&ssl=1","contentUrl":"https:\/\/i0.wp.com\/inti.hr\/wp-content\/uploads\/2023\/11\/RDT163W01-8-DE.jpg?fit=800%2C1000&ssl=1","width":800,"height":1000,"caption":"Toaletni stol s velikim ogledalom moderna bijela"},{"@type":"BreadcrumbList","@id":"https:\/\/inti.hr\/bs\/proizvod\/toaletni-stol-s-velikim-ogledalom-moderna-bijela\/#breadcrumb","itemListElement":[{"@type":"ListItem","position":1,"name":"Po\u010detna stranica","item":"https:\/\/inti.hr\/bs\/"},{"@type":"ListItem","position":2,"name":"Trgovina","item":"https:\/\/inti.hr\/bs\/trgovina\/"},{"@type":"ListItem","position":3,"name":"Toaletni stol s velikim ogledalom moderna bijela"}]},{"@type":"WebSite","@id":"https:\/\/inti.hr\/bs\/#website","url":"https:\/\/inti.hr\/bs\/","name":"Inti","description":"trgovina","potentialAction":[{"@type":"SearchAction","target":{"@type":"EntryPoint","urlTemplate":"https:\/\/inti.hr\/bs\/?s={search_term_string}"},"query-input":{"@type":"PropertyValueSpecification","valueRequired":true,"valueName":"search_term_string"}}],"inLanguage":"bs-BA"}]}},"jetpack_sharing_enabled":true,"jetpack-related-posts":[],"_links":{"self":[{"href":"https:\/\/inti.hr\/bs\/wp-json\/wp\/v2\/product\/38153"}],"collection":[{"href":"https:\/\/inti.hr\/bs\/wp-json\/wp\/v2\/product"}],"about":[{"href":"https:\/\/inti.hr\/bs\/wp-json\/wp\/v2\/types\/product"}],"wp:featuredmedia":[{"embeddable":true,"href":"https:\/\/inti.hr\/bs\/wp-json\/wp\/v2\/media\/38154"}],"wp:attachment":[{"href":"https:\/\/inti.hr\/bs\/wp-json\/wp\/v2\/media?parent=38153"}],"wp:term":[{"taxonomy":"product_cat","embeddable":true,"href":"https:\/\/inti.hr\/bs\/wp-json\/wp\/v2\/product_cat?post=38153"},{"taxonomy":"product_tag","embeddable":true,"href":"https:\/\/inti.hr\/bs\/wp-json\/wp\/v2\/product_tag?post=38153"}],"curies":[{"name":"wp","href":"https:\/\/api.w.org\/{rel}","templated":true}]}}