{"id":38175,"date":"2023-11-17T08:54:08","date_gmt":"2023-11-17T08:54:08","guid":{"rendered":"https:\/\/inti.hr\/product\/stalak-za-odjecu-na-kotacima-pastelno-roza\/"},"modified":"2023-11-17T08:54:08","modified_gmt":"2023-11-17T08:54:08","slug":"stalak-za-odjecu-na-kotacima-pastelno-roza","status":"publish","type":"product","link":"https:\/\/inti.hr\/bs\/proizvod\/stalak-za-odjecu-na-kotacima-pastelno-roza\/","title":{"rendered":"Stalak za odje\u0107u na kota\u010dima pastelno roza"},"content":{"rendered":"<p>Detalji proizvoda:<\/p>\n<p>Boja: pastelno roza<br \/>\nMaterijal: \u010delik<br \/>\nVeli\u010dina: 40,5 x 91 x 158 cm (D x \u0160 x V)<br \/>\nTe\u017eina: 4,2 kg<br \/>\nMaksimalna stati\u010dka nosivost \u0161ipke za odje\u0107u: 40 kg<br \/>\nMaksimalna stati\u010dka nosivost police: 10 kg<\/p>\n","protected":false},"excerpt":{"rendered":"<p>Ovaj stalak za odje\u0107u na motanje od 16&#8221; x 36&#8221; x &#8230; <\/p>\n","protected":false},"featured_media":38176,"template":"","meta":[],"product_cat":[2414,2632],"product_tag":[2673,3532],"yoast_head":"<!-- This site is optimized with the Yoast SEO plugin v23.7 - https:\/\/yoast.com\/wordpress\/plugins\/seo\/ -->\n<title>Stalak za odje\u0107u na kota\u010dima pastelno roza - Inti<\/title>\n<meta name=\"description\" content=\"Ovaj stalak za odje\u0107u na motanje od 16&quot; x 36&quot; x 62&quot; idealan je dodatak va\u0161em ormaru, pru\u017eaju\u0107i dovoljno prostora za objesiti do 40 ko\u0161ulja. Va\u0161e cipele, \u010dak i visoke potpetice, i kutije stanu na re\u0161etkastu policu u donjem dijelu kotrljaju\u0107e police za odje\u0107u. Re\u0161etkasta polica mo\u017ee izdr\u017eati do 10 kg. \u00a0Zahvaljuju\u0107i ozna\u010denim pojedina\u010dnim dijelovima i prilo\u017eenim ilustriranim uputama, ormar na rolanje mo\u017ee se brzo sastaviti i pospremiti va\u0161u razbacanu odje\u0107u. Ovaj robusni i izdr\u017eljivi metalni stalak za kapute izra\u0111en je od \u010deli\u010dnih cijevi \u00d8 25,4 mm koje su \u010dvrsto povezane vijcima. \u0160ipka za odje\u0107u mo\u017ee izdr\u017eati do 40 kg, a mo\u017ee nositi i te\u0161ku odje\u0107u. Vje\u0161alica za kapute opremljena je s 4 univerzalna kota\u010da (od kojih se 2 mogu zaklju\u010dati) i mo\u017ee se lako premjestiti iz spava\u0107e sobe u garderobu ili po potrebi dr\u017eati na jednom mjestu.\" \/>\n<meta name=\"robots\" content=\"index, follow, max-snippet:-1, max-image-preview:large, max-video-preview:-1\" \/>\n<link rel=\"canonical\" href=\"https:\/\/inti.hr\/bs\/proizvod\/stalak-za-odjecu-na-kotacima-pastelno-roza\/\" \/>\n<meta property=\"og:locale\" content=\"bs_BA\" \/>\n<meta property=\"og:type\" content=\"article\" \/>\n<meta property=\"og:title\" content=\"Stalak za odje\u0107u na kota\u010dima pastelno roza - Inti\" \/>\n<meta property=\"og:description\" content=\"Ovaj stalak za odje\u0107u na motanje od 16&quot; x 36&quot; x 62&quot; idealan je dodatak va\u0161em ormaru, pru\u017eaju\u0107i dovoljno prostora za objesiti do 40 ko\u0161ulja. Va\u0161e cipele, \u010dak i visoke potpetice, i kutije stanu na re\u0161etkastu policu u donjem dijelu kotrljaju\u0107e police za odje\u0107u. Re\u0161etkasta polica mo\u017ee izdr\u017eati do 10 kg. \u00a0Zahvaljuju\u0107i ozna\u010denim pojedina\u010dnim dijelovima i prilo\u017eenim ilustriranim uputama, ormar na rolanje mo\u017ee se brzo sastaviti i pospremiti va\u0161u razbacanu odje\u0107u. Ovaj robusni i izdr\u017eljivi metalni stalak za kapute izra\u0111en je od \u010deli\u010dnih cijevi \u00d8 25,4 mm koje su \u010dvrsto povezane vijcima. \u0160ipka za odje\u0107u mo\u017ee izdr\u017eati do 40 kg, a mo\u017ee nositi i te\u0161ku odje\u0107u. Vje\u0161alica za kapute opremljena je s 4 univerzalna kota\u010da (od kojih se 2 mogu zaklju\u010dati) i mo\u017ee se lako premjestiti iz spava\u0107e sobe u garderobu ili po potrebi dr\u017eati na jednom mjestu.\" \/>\n<meta property=\"og:url\" content=\"https:\/\/inti.hr\/bs\/proizvod\/stalak-za-odjecu-na-kotacima-pastelno-roza\/\" \/>\n<meta property=\"og:site_name\" content=\"Inti\" \/>\n<meta property=\"og:image\" content=\"https:\/\/i0.wp.com\/inti.hr\/wp-content\/uploads\/2023\/11\/HSR025P01-1.jpg?fit=1000%2C1000&ssl=1\" \/>\n\t<meta property=\"og:image:width\" content=\"1000\" \/>\n\t<meta property=\"og:image:height\" content=\"1000\" \/>\n\t<meta property=\"og:image:type\" content=\"image\/jpeg\" \/>\n<meta name=\"twitter:card\" content=\"summary_large_image\" \/>\n<script type=\"application\/ld+json\" class=\"yoast-schema-graph\">{\"@context\":\"https:\/\/schema.org\",\"@graph\":[{\"@type\":\"WebPage\",\"@id\":\"https:\/\/inti.hr\/bs\/proizvod\/stalak-za-odjecu-na-kotacima-pastelno-roza\/\",\"url\":\"https:\/\/inti.hr\/bs\/proizvod\/stalak-za-odjecu-na-kotacima-pastelno-roza\/\",\"name\":\"Stalak za odje\u0107u na kota\u010dima pastelno roza - Inti\",\"isPartOf\":{\"@id\":\"https:\/\/inti.hr\/bs\/#website\"},\"primaryImageOfPage\":{\"@id\":\"https:\/\/inti.hr\/bs\/proizvod\/stalak-za-odjecu-na-kotacima-pastelno-roza\/#primaryimage\"},\"image\":{\"@id\":\"https:\/\/inti.hr\/bs\/proizvod\/stalak-za-odjecu-na-kotacima-pastelno-roza\/#primaryimage\"},\"thumbnailUrl\":\"https:\/\/i0.wp.com\/inti.hr\/wp-content\/uploads\/2023\/11\/HSR025P01-1.jpg?fit=1000%2C1000&ssl=1\",\"datePublished\":\"2023-11-17T08:54:08+00:00\",\"dateModified\":\"2023-11-17T08:54:08+00:00\",\"description\":\"Ovaj stalak za odje\u0107u na motanje od 16\\\" x 36\\\" x 62\\\" idealan je dodatak va\u0161em ormaru, pru\u017eaju\u0107i dovoljno prostora za objesiti do 40 ko\u0161ulja. Va\u0161e cipele, \u010dak i visoke potpetice, i kutije stanu na re\u0161etkastu policu u donjem dijelu kotrljaju\u0107e police za odje\u0107u. Re\u0161etkasta polica mo\u017ee izdr\u017eati do 10 kg. \u00a0Zahvaljuju\u0107i ozna\u010denim pojedina\u010dnim dijelovima i prilo\u017eenim ilustriranim uputama, ormar na rolanje mo\u017ee se brzo sastaviti i pospremiti va\u0161u razbacanu odje\u0107u. Ovaj robusni i izdr\u017eljivi metalni stalak za kapute izra\u0111en je od \u010deli\u010dnih cijevi \u00d8 25,4 mm koje su \u010dvrsto povezane vijcima. \u0160ipka za odje\u0107u mo\u017ee izdr\u017eati do 40 kg, a mo\u017ee nositi i te\u0161ku odje\u0107u. Vje\u0161alica za kapute opremljena je s 4 univerzalna kota\u010da (od kojih se 2 mogu zaklju\u010dati) i mo\u017ee se lako premjestiti iz spava\u0107e sobe u garderobu ili po potrebi dr\u017eati na jednom mjestu.\",\"breadcrumb\":{\"@id\":\"https:\/\/inti.hr\/bs\/proizvod\/stalak-za-odjecu-na-kotacima-pastelno-roza\/#breadcrumb\"},\"inLanguage\":\"bs-BA\",\"potentialAction\":[{\"@type\":\"ReadAction\",\"target\":[\"https:\/\/inti.hr\/bs\/proizvod\/stalak-za-odjecu-na-kotacima-pastelno-roza\/\"]}]},{\"@type\":\"ImageObject\",\"inLanguage\":\"bs-BA\",\"@id\":\"https:\/\/inti.hr\/bs\/proizvod\/stalak-za-odjecu-na-kotacima-pastelno-roza\/#primaryimage\",\"url\":\"https:\/\/i0.wp.com\/inti.hr\/wp-content\/uploads\/2023\/11\/HSR025P01-1.jpg?fit=1000%2C1000&ssl=1\",\"contentUrl\":\"https:\/\/i0.wp.com\/inti.hr\/wp-content\/uploads\/2023\/11\/HSR025P01-1.jpg?fit=1000%2C1000&ssl=1\",\"width\":1000,\"height\":1000},{\"@type\":\"BreadcrumbList\",\"@id\":\"https:\/\/inti.hr\/bs\/proizvod\/stalak-za-odjecu-na-kotacima-pastelno-roza\/#breadcrumb\",\"itemListElement\":[{\"@type\":\"ListItem\",\"position\":1,\"name\":\"Po\u010detna stranica\",\"item\":\"https:\/\/inti.hr\/bs\/\"},{\"@type\":\"ListItem\",\"position\":2,\"name\":\"Trgovina\",\"item\":\"https:\/\/inti.hr\/bs\/trgovina\/\"},{\"@type\":\"ListItem\",\"position\":3,\"name\":\"Stalak za odje\u0107u na kota\u010dima pastelno roza\"}]},{\"@type\":\"WebSite\",\"@id\":\"https:\/\/inti.hr\/bs\/#website\",\"url\":\"https:\/\/inti.hr\/bs\/\",\"name\":\"Inti\",\"description\":\"trgovina\",\"potentialAction\":[{\"@type\":\"SearchAction\",\"target\":{\"@type\":\"EntryPoint\",\"urlTemplate\":\"https:\/\/inti.hr\/bs\/?s={search_term_string}\"},\"query-input\":{\"@type\":\"PropertyValueSpecification\",\"valueRequired\":true,\"valueName\":\"search_term_string\"}}],\"inLanguage\":\"bs-BA\"}]}<\/script>\n<!-- \/ Yoast SEO plugin. -->","yoast_head_json":{"title":"Stalak za odje\u0107u na kota\u010dima pastelno roza - Inti","description":"Ovaj stalak za odje\u0107u na motanje od 16\" x 36\" x 62\" idealan je dodatak va\u0161em ormaru, pru\u017eaju\u0107i dovoljno prostora za objesiti do 40 ko\u0161ulja. Va\u0161e cipele, \u010dak i visoke potpetice, i kutije stanu na re\u0161etkastu policu u donjem dijelu kotrljaju\u0107e police za odje\u0107u. Re\u0161etkasta polica mo\u017ee izdr\u017eati do 10 kg. \u00a0Zahvaljuju\u0107i ozna\u010denim pojedina\u010dnim dijelovima i prilo\u017eenim ilustriranim uputama, ormar na rolanje mo\u017ee se brzo sastaviti i pospremiti va\u0161u razbacanu odje\u0107u. Ovaj robusni i izdr\u017eljivi metalni stalak za kapute izra\u0111en je od \u010deli\u010dnih cijevi \u00d8 25,4 mm koje su \u010dvrsto povezane vijcima. \u0160ipka za odje\u0107u mo\u017ee izdr\u017eati do 40 kg, a mo\u017ee nositi i te\u0161ku odje\u0107u. Vje\u0161alica za kapute opremljena je s 4 univerzalna kota\u010da (od kojih se 2 mogu zaklju\u010dati) i mo\u017ee se lako premjestiti iz spava\u0107e sobe u garderobu ili po potrebi dr\u017eati na jednom mjestu.","robots":{"index":"index","follow":"follow","max-snippet":"max-snippet:-1","max-image-preview":"max-image-preview:large","max-video-preview":"max-video-preview:-1"},"canonical":"https:\/\/inti.hr\/bs\/proizvod\/stalak-za-odjecu-na-kotacima-pastelno-roza\/","og_locale":"bs_BA","og_type":"article","og_title":"Stalak za odje\u0107u na kota\u010dima pastelno roza - Inti","og_description":"Ovaj stalak za odje\u0107u na motanje od 16\" x 36\" x 62\" idealan je dodatak va\u0161em ormaru, pru\u017eaju\u0107i dovoljno prostora za objesiti do 40 ko\u0161ulja. Va\u0161e cipele, \u010dak i visoke potpetice, i kutije stanu na re\u0161etkastu policu u donjem dijelu kotrljaju\u0107e police za odje\u0107u. Re\u0161etkasta polica mo\u017ee izdr\u017eati do 10 kg. \u00a0Zahvaljuju\u0107i ozna\u010denim pojedina\u010dnim dijelovima i prilo\u017eenim ilustriranim uputama, ormar na rolanje mo\u017ee se brzo sastaviti i pospremiti va\u0161u razbacanu odje\u0107u. Ovaj robusni i izdr\u017eljivi metalni stalak za kapute izra\u0111en je od \u010deli\u010dnih cijevi \u00d8 25,4 mm koje su \u010dvrsto povezane vijcima. \u0160ipka za odje\u0107u mo\u017ee izdr\u017eati do 40 kg, a mo\u017ee nositi i te\u0161ku odje\u0107u. Vje\u0161alica za kapute opremljena je s 4 univerzalna kota\u010da (od kojih se 2 mogu zaklju\u010dati) i mo\u017ee se lako premjestiti iz spava\u0107e sobe u garderobu ili po potrebi dr\u017eati na jednom mjestu.","og_url":"https:\/\/inti.hr\/bs\/proizvod\/stalak-za-odjecu-na-kotacima-pastelno-roza\/","og_site_name":"Inti","og_image":[{"width":1000,"height":1000,"url":"https:\/\/i0.wp.com\/inti.hr\/wp-content\/uploads\/2023\/11\/HSR025P01-1.jpg?fit=1000%2C1000&ssl=1","type":"image\/jpeg"}],"twitter_card":"summary_large_image","schema":{"@context":"https:\/\/schema.org","@graph":[{"@type":"WebPage","@id":"https:\/\/inti.hr\/bs\/proizvod\/stalak-za-odjecu-na-kotacima-pastelno-roza\/","url":"https:\/\/inti.hr\/bs\/proizvod\/stalak-za-odjecu-na-kotacima-pastelno-roza\/","name":"Stalak za odje\u0107u na kota\u010dima pastelno roza - Inti","isPartOf":{"@id":"https:\/\/inti.hr\/bs\/#website"},"primaryImageOfPage":{"@id":"https:\/\/inti.hr\/bs\/proizvod\/stalak-za-odjecu-na-kotacima-pastelno-roza\/#primaryimage"},"image":{"@id":"https:\/\/inti.hr\/bs\/proizvod\/stalak-za-odjecu-na-kotacima-pastelno-roza\/#primaryimage"},"thumbnailUrl":"https:\/\/i0.wp.com\/inti.hr\/wp-content\/uploads\/2023\/11\/HSR025P01-1.jpg?fit=1000%2C1000&ssl=1","datePublished":"2023-11-17T08:54:08+00:00","dateModified":"2023-11-17T08:54:08+00:00","description":"Ovaj stalak za odje\u0107u na motanje od 16\" x 36\" x 62\" idealan je dodatak va\u0161em ormaru, pru\u017eaju\u0107i dovoljno prostora za objesiti do 40 ko\u0161ulja. Va\u0161e cipele, \u010dak i visoke potpetice, i kutije stanu na re\u0161etkastu policu u donjem dijelu kotrljaju\u0107e police za odje\u0107u. Re\u0161etkasta polica mo\u017ee izdr\u017eati do 10 kg. \u00a0Zahvaljuju\u0107i ozna\u010denim pojedina\u010dnim dijelovima i prilo\u017eenim ilustriranim uputama, ormar na rolanje mo\u017ee se brzo sastaviti i pospremiti va\u0161u razbacanu odje\u0107u. Ovaj robusni i izdr\u017eljivi metalni stalak za kapute izra\u0111en je od \u010deli\u010dnih cijevi \u00d8 25,4 mm koje su \u010dvrsto povezane vijcima. \u0160ipka za odje\u0107u mo\u017ee izdr\u017eati do 40 kg, a mo\u017ee nositi i te\u0161ku odje\u0107u. Vje\u0161alica za kapute opremljena je s 4 univerzalna kota\u010da (od kojih se 2 mogu zaklju\u010dati) i mo\u017ee se lako premjestiti iz spava\u0107e sobe u garderobu ili po potrebi dr\u017eati na jednom mjestu.","breadcrumb":{"@id":"https:\/\/inti.hr\/bs\/proizvod\/stalak-za-odjecu-na-kotacima-pastelno-roza\/#breadcrumb"},"inLanguage":"bs-BA","potentialAction":[{"@type":"ReadAction","target":["https:\/\/inti.hr\/bs\/proizvod\/stalak-za-odjecu-na-kotacima-pastelno-roza\/"]}]},{"@type":"ImageObject","inLanguage":"bs-BA","@id":"https:\/\/inti.hr\/bs\/proizvod\/stalak-za-odjecu-na-kotacima-pastelno-roza\/#primaryimage","url":"https:\/\/i0.wp.com\/inti.hr\/wp-content\/uploads\/2023\/11\/HSR025P01-1.jpg?fit=1000%2C1000&ssl=1","contentUrl":"https:\/\/i0.wp.com\/inti.hr\/wp-content\/uploads\/2023\/11\/HSR025P01-1.jpg?fit=1000%2C1000&ssl=1","width":1000,"height":1000},{"@type":"BreadcrumbList","@id":"https:\/\/inti.hr\/bs\/proizvod\/stalak-za-odjecu-na-kotacima-pastelno-roza\/#breadcrumb","itemListElement":[{"@type":"ListItem","position":1,"name":"Po\u010detna stranica","item":"https:\/\/inti.hr\/bs\/"},{"@type":"ListItem","position":2,"name":"Trgovina","item":"https:\/\/inti.hr\/bs\/trgovina\/"},{"@type":"ListItem","position":3,"name":"Stalak za odje\u0107u na kota\u010dima pastelno roza"}]},{"@type":"WebSite","@id":"https:\/\/inti.hr\/bs\/#website","url":"https:\/\/inti.hr\/bs\/","name":"Inti","description":"trgovina","potentialAction":[{"@type":"SearchAction","target":{"@type":"EntryPoint","urlTemplate":"https:\/\/inti.hr\/bs\/?s={search_term_string}"},"query-input":{"@type":"PropertyValueSpecification","valueRequired":true,"valueName":"search_term_string"}}],"inLanguage":"bs-BA"}]}},"jetpack_sharing_enabled":true,"jetpack-related-posts":[],"_links":{"self":[{"href":"https:\/\/inti.hr\/bs\/wp-json\/wp\/v2\/product\/38175"}],"collection":[{"href":"https:\/\/inti.hr\/bs\/wp-json\/wp\/v2\/product"}],"about":[{"href":"https:\/\/inti.hr\/bs\/wp-json\/wp\/v2\/types\/product"}],"wp:featuredmedia":[{"embeddable":true,"href":"https:\/\/inti.hr\/bs\/wp-json\/wp\/v2\/media\/38176"}],"wp:attachment":[{"href":"https:\/\/inti.hr\/bs\/wp-json\/wp\/v2\/media?parent=38175"}],"wp:term":[{"taxonomy":"product_cat","embeddable":true,"href":"https:\/\/inti.hr\/bs\/wp-json\/wp\/v2\/product_cat?post=38175"},{"taxonomy":"product_tag","embeddable":true,"href":"https:\/\/inti.hr\/bs\/wp-json\/wp\/v2\/product_tag?post=38175"}],"curies":[{"name":"wp","href":"https:\/\/api.w.org\/{rel}","templated":true}]}}