{"id":38207,"date":"2022-12-13T07:41:17","date_gmt":"2022-12-13T07:41:17","guid":{"rendered":"https:\/\/inti.hr\/product\/kuhinjski-ormaric-s-kotacima-sivi\/"},"modified":"2022-12-13T07:41:17","modified_gmt":"2022-12-13T07:41:17","slug":"kuhinjski-ormaric-s-kotacima-sivi","status":"publish","type":"product","link":"https:\/\/inti.hr\/bs\/proizvod\/kuhinjski-ormaric-s-kotacima-sivi\/","title":{"rendered":"Kuhinjski ormari\u0107 s kota\u010dima sivi"},"content":{"rendered":"<p>Detalji proizvoda:<\/p>\n<ul>\n<li>Te\u017eina: 28 kg<\/li>\n<li>Nosivost: 60kg;<\/li>\n<li>Materijal: MDF (E1).<\/li>\n<li>Dimenzije proizvoda: 89x40x89cm (vidi sliku)<\/li>\n<li>Veli\u010dina pakiranja: 100x49x18 cm.<\/li>\n<li>S uputama za sastavljanje i vijcima.\u00a0Jednostavna instalacija.<\/li>\n<\/ul>\n","protected":false},"excerpt":{"rendered":"<p>Ovaj ormari\u0107 se mo\u017ee koristiti i kao kupaonski ormari\u0107 za odlaganje &#8230; <\/p>\n","protected":false},"featured_media":38208,"template":"","meta":[],"product_cat":[2536],"product_tag":[2537,5388,3988],"yoast_head":"<!-- This site is optimized with the Yoast SEO plugin v23.7 - https:\/\/yoast.com\/wordpress\/plugins\/seo\/ -->\n<title>Kuhinjski ormari\u0107 s kota\u010dima sivi - Inti<\/title>\n<meta name=\"description\" content=\"Ovaj ormari\u0107 se mo\u017ee koristiti i kao kupaonski ormari\u0107 za odlaganje paste za zube, ru\u010dnika i drugih toaletnih potrep\u0161tina. Ovaj ormari\u0107 se mo\u017ee koristiti kao komoda. Ili kao namje\u0161taj za predsoblje, mogu se pohraniti razni ku\u0107anski predmeti.Uz troja vrata, ladicu i veliki pretinac, mo\u017eete jednostavno pohraniti i organizirati svoj kuhinjski pribor. Polica iza vrata je podesiva u 3 polo\u017eaja.2 velika odjeljka (jedan iza vrata) nude idealan prostor za va\u0161u mikrovalnu pe\u0107nicu i opremljeni su otvorima za kabele.S 4 kota\u010da koji se okre\u0107u za 360\u00b0, ova komoda se mo\u017ee slobodno pomicati i fleksibilno postavljati bez grebanja poda. Dva kota\u010da mogu se zaklju\u010dati kako bi namje\u0161taj ostao u stabilnom polo\u017eaju.Ukrasite komodu ilustracijama, mirisnim svije\u0107ama i cvije\u0107em kako bi ovaj kutak bio jo\u0161 elegantniji.\" \/>\n<meta name=\"robots\" content=\"index, follow, max-snippet:-1, max-image-preview:large, max-video-preview:-1\" \/>\n<link rel=\"canonical\" href=\"https:\/\/inti.hr\/bs\/proizvod\/kuhinjski-ormaric-s-kotacima-sivi\/\" \/>\n<meta property=\"og:locale\" content=\"bs_BA\" \/>\n<meta property=\"og:type\" content=\"article\" \/>\n<meta property=\"og:title\" content=\"Kuhinjski ormari\u0107 s kota\u010dima sivi - Inti\" \/>\n<meta property=\"og:description\" content=\"Ovaj ormari\u0107 se mo\u017ee koristiti i kao kupaonski ormari\u0107 za odlaganje paste za zube, ru\u010dnika i drugih toaletnih potrep\u0161tina. Ovaj ormari\u0107 se mo\u017ee koristiti kao komoda. Ili kao namje\u0161taj za predsoblje, mogu se pohraniti razni ku\u0107anski predmeti.Uz troja vrata, ladicu i veliki pretinac, mo\u017eete jednostavno pohraniti i organizirati svoj kuhinjski pribor. Polica iza vrata je podesiva u 3 polo\u017eaja.2 velika odjeljka (jedan iza vrata) nude idealan prostor za va\u0161u mikrovalnu pe\u0107nicu i opremljeni su otvorima za kabele.S 4 kota\u010da koji se okre\u0107u za 360\u00b0, ova komoda se mo\u017ee slobodno pomicati i fleksibilno postavljati bez grebanja poda. Dva kota\u010da mogu se zaklju\u010dati kako bi namje\u0161taj ostao u stabilnom polo\u017eaju.Ukrasite komodu ilustracijama, mirisnim svije\u0107ama i cvije\u0107em kako bi ovaj kutak bio jo\u0161 elegantniji.\" \/>\n<meta property=\"og:url\" content=\"https:\/\/inti.hr\/bs\/proizvod\/kuhinjski-ormaric-s-kotacima-sivi\/\" \/>\n<meta property=\"og:site_name\" content=\"Inti\" \/>\n<meta property=\"og:image\" content=\"https:\/\/i0.wp.com\/inti.hr\/wp-content\/uploads\/2022\/12\/FSB78-HG-Y001.webp?fit=1600%2C1600&ssl=1\" \/>\n\t<meta property=\"og:image:width\" content=\"1600\" \/>\n\t<meta property=\"og:image:height\" content=\"1600\" \/>\n\t<meta property=\"og:image:type\" content=\"image\/webp\" \/>\n<meta name=\"twitter:card\" content=\"summary_large_image\" \/>\n<script type=\"application\/ld+json\" class=\"yoast-schema-graph\">{\"@context\":\"https:\/\/schema.org\",\"@graph\":[{\"@type\":\"WebPage\",\"@id\":\"https:\/\/inti.hr\/bs\/proizvod\/kuhinjski-ormaric-s-kotacima-sivi\/\",\"url\":\"https:\/\/inti.hr\/bs\/proizvod\/kuhinjski-ormaric-s-kotacima-sivi\/\",\"name\":\"Kuhinjski ormari\u0107 s kota\u010dima sivi - Inti\",\"isPartOf\":{\"@id\":\"https:\/\/inti.hr\/bs\/#website\"},\"primaryImageOfPage\":{\"@id\":\"https:\/\/inti.hr\/bs\/proizvod\/kuhinjski-ormaric-s-kotacima-sivi\/#primaryimage\"},\"image\":{\"@id\":\"https:\/\/inti.hr\/bs\/proizvod\/kuhinjski-ormaric-s-kotacima-sivi\/#primaryimage\"},\"thumbnailUrl\":\"https:\/\/i0.wp.com\/inti.hr\/wp-content\/uploads\/2022\/12\/FSB78-HG-Y001.webp?fit=1600%2C1600&ssl=1\",\"datePublished\":\"2022-12-13T07:41:17+00:00\",\"dateModified\":\"2022-12-13T07:41:17+00:00\",\"description\":\"Ovaj ormari\u0107 se mo\u017ee koristiti i kao kupaonski ormari\u0107 za odlaganje paste za zube, ru\u010dnika i drugih toaletnih potrep\u0161tina. Ovaj ormari\u0107 se mo\u017ee koristiti kao komoda. Ili kao namje\u0161taj za predsoblje, mogu se pohraniti razni ku\u0107anski predmeti.Uz troja vrata, ladicu i veliki pretinac, mo\u017eete jednostavno pohraniti i organizirati svoj kuhinjski pribor. Polica iza vrata je podesiva u 3 polo\u017eaja.2 velika odjeljka (jedan iza vrata) nude idealan prostor za va\u0161u mikrovalnu pe\u0107nicu i opremljeni su otvorima za kabele.S 4 kota\u010da koji se okre\u0107u za 360\u00b0, ova komoda se mo\u017ee slobodno pomicati i fleksibilno postavljati bez grebanja poda. Dva kota\u010da mogu se zaklju\u010dati kako bi namje\u0161taj ostao u stabilnom polo\u017eaju.Ukrasite komodu ilustracijama, mirisnim svije\u0107ama i cvije\u0107em kako bi ovaj kutak bio jo\u0161 elegantniji.\",\"breadcrumb\":{\"@id\":\"https:\/\/inti.hr\/bs\/proizvod\/kuhinjski-ormaric-s-kotacima-sivi\/#breadcrumb\"},\"inLanguage\":\"bs-BA\",\"potentialAction\":[{\"@type\":\"ReadAction\",\"target\":[\"https:\/\/inti.hr\/bs\/proizvod\/kuhinjski-ormaric-s-kotacima-sivi\/\"]}]},{\"@type\":\"ImageObject\",\"inLanguage\":\"bs-BA\",\"@id\":\"https:\/\/inti.hr\/bs\/proizvod\/kuhinjski-ormaric-s-kotacima-sivi\/#primaryimage\",\"url\":\"https:\/\/i0.wp.com\/inti.hr\/wp-content\/uploads\/2022\/12\/FSB78-HG-Y001.webp?fit=1600%2C1600&ssl=1\",\"contentUrl\":\"https:\/\/i0.wp.com\/inti.hr\/wp-content\/uploads\/2022\/12\/FSB78-HG-Y001.webp?fit=1600%2C1600&ssl=1\",\"width\":1600,\"height\":1600},{\"@type\":\"BreadcrumbList\",\"@id\":\"https:\/\/inti.hr\/bs\/proizvod\/kuhinjski-ormaric-s-kotacima-sivi\/#breadcrumb\",\"itemListElement\":[{\"@type\":\"ListItem\",\"position\":1,\"name\":\"Po\u010detna stranica\",\"item\":\"https:\/\/inti.hr\/bs\/\"},{\"@type\":\"ListItem\",\"position\":2,\"name\":\"Trgovina\",\"item\":\"https:\/\/inti.hr\/bs\/trgovina\/\"},{\"@type\":\"ListItem\",\"position\":3,\"name\":\"Kuhinjski ormari\u0107 s kota\u010dima sivi\"}]},{\"@type\":\"WebSite\",\"@id\":\"https:\/\/inti.hr\/bs\/#website\",\"url\":\"https:\/\/inti.hr\/bs\/\",\"name\":\"Inti\",\"description\":\"trgovina\",\"potentialAction\":[{\"@type\":\"SearchAction\",\"target\":{\"@type\":\"EntryPoint\",\"urlTemplate\":\"https:\/\/inti.hr\/bs\/?s={search_term_string}\"},\"query-input\":{\"@type\":\"PropertyValueSpecification\",\"valueRequired\":true,\"valueName\":\"search_term_string\"}}],\"inLanguage\":\"bs-BA\"}]}<\/script>\n<!-- \/ Yoast SEO plugin. -->","yoast_head_json":{"title":"Kuhinjski ormari\u0107 s kota\u010dima sivi - Inti","description":"Ovaj ormari\u0107 se mo\u017ee koristiti i kao kupaonski ormari\u0107 za odlaganje paste za zube, ru\u010dnika i drugih toaletnih potrep\u0161tina. Ovaj ormari\u0107 se mo\u017ee koristiti kao komoda. Ili kao namje\u0161taj za predsoblje, mogu se pohraniti razni ku\u0107anski predmeti.Uz troja vrata, ladicu i veliki pretinac, mo\u017eete jednostavno pohraniti i organizirati svoj kuhinjski pribor. Polica iza vrata je podesiva u 3 polo\u017eaja.2 velika odjeljka (jedan iza vrata) nude idealan prostor za va\u0161u mikrovalnu pe\u0107nicu i opremljeni su otvorima za kabele.S 4 kota\u010da koji se okre\u0107u za 360\u00b0, ova komoda se mo\u017ee slobodno pomicati i fleksibilno postavljati bez grebanja poda. Dva kota\u010da mogu se zaklju\u010dati kako bi namje\u0161taj ostao u stabilnom polo\u017eaju.Ukrasite komodu ilustracijama, mirisnim svije\u0107ama i cvije\u0107em kako bi ovaj kutak bio jo\u0161 elegantniji.","robots":{"index":"index","follow":"follow","max-snippet":"max-snippet:-1","max-image-preview":"max-image-preview:large","max-video-preview":"max-video-preview:-1"},"canonical":"https:\/\/inti.hr\/bs\/proizvod\/kuhinjski-ormaric-s-kotacima-sivi\/","og_locale":"bs_BA","og_type":"article","og_title":"Kuhinjski ormari\u0107 s kota\u010dima sivi - Inti","og_description":"Ovaj ormari\u0107 se mo\u017ee koristiti i kao kupaonski ormari\u0107 za odlaganje paste za zube, ru\u010dnika i drugih toaletnih potrep\u0161tina. Ovaj ormari\u0107 se mo\u017ee koristiti kao komoda. Ili kao namje\u0161taj za predsoblje, mogu se pohraniti razni ku\u0107anski predmeti.Uz troja vrata, ladicu i veliki pretinac, mo\u017eete jednostavno pohraniti i organizirati svoj kuhinjski pribor. Polica iza vrata je podesiva u 3 polo\u017eaja.2 velika odjeljka (jedan iza vrata) nude idealan prostor za va\u0161u mikrovalnu pe\u0107nicu i opremljeni su otvorima za kabele.S 4 kota\u010da koji se okre\u0107u za 360\u00b0, ova komoda se mo\u017ee slobodno pomicati i fleksibilno postavljati bez grebanja poda. Dva kota\u010da mogu se zaklju\u010dati kako bi namje\u0161taj ostao u stabilnom polo\u017eaju.Ukrasite komodu ilustracijama, mirisnim svije\u0107ama i cvije\u0107em kako bi ovaj kutak bio jo\u0161 elegantniji.","og_url":"https:\/\/inti.hr\/bs\/proizvod\/kuhinjski-ormaric-s-kotacima-sivi\/","og_site_name":"Inti","og_image":[{"width":1600,"height":1600,"url":"https:\/\/i0.wp.com\/inti.hr\/wp-content\/uploads\/2022\/12\/FSB78-HG-Y001.webp?fit=1600%2C1600&ssl=1","type":"image\/webp"}],"twitter_card":"summary_large_image","schema":{"@context":"https:\/\/schema.org","@graph":[{"@type":"WebPage","@id":"https:\/\/inti.hr\/bs\/proizvod\/kuhinjski-ormaric-s-kotacima-sivi\/","url":"https:\/\/inti.hr\/bs\/proizvod\/kuhinjski-ormaric-s-kotacima-sivi\/","name":"Kuhinjski ormari\u0107 s kota\u010dima sivi - Inti","isPartOf":{"@id":"https:\/\/inti.hr\/bs\/#website"},"primaryImageOfPage":{"@id":"https:\/\/inti.hr\/bs\/proizvod\/kuhinjski-ormaric-s-kotacima-sivi\/#primaryimage"},"image":{"@id":"https:\/\/inti.hr\/bs\/proizvod\/kuhinjski-ormaric-s-kotacima-sivi\/#primaryimage"},"thumbnailUrl":"https:\/\/i0.wp.com\/inti.hr\/wp-content\/uploads\/2022\/12\/FSB78-HG-Y001.webp?fit=1600%2C1600&ssl=1","datePublished":"2022-12-13T07:41:17+00:00","dateModified":"2022-12-13T07:41:17+00:00","description":"Ovaj ormari\u0107 se mo\u017ee koristiti i kao kupaonski ormari\u0107 za odlaganje paste za zube, ru\u010dnika i drugih toaletnih potrep\u0161tina. Ovaj ormari\u0107 se mo\u017ee koristiti kao komoda. Ili kao namje\u0161taj za predsoblje, mogu se pohraniti razni ku\u0107anski predmeti.Uz troja vrata, ladicu i veliki pretinac, mo\u017eete jednostavno pohraniti i organizirati svoj kuhinjski pribor. Polica iza vrata je podesiva u 3 polo\u017eaja.2 velika odjeljka (jedan iza vrata) nude idealan prostor za va\u0161u mikrovalnu pe\u0107nicu i opremljeni su otvorima za kabele.S 4 kota\u010da koji se okre\u0107u za 360\u00b0, ova komoda se mo\u017ee slobodno pomicati i fleksibilno postavljati bez grebanja poda. Dva kota\u010da mogu se zaklju\u010dati kako bi namje\u0161taj ostao u stabilnom polo\u017eaju.Ukrasite komodu ilustracijama, mirisnim svije\u0107ama i cvije\u0107em kako bi ovaj kutak bio jo\u0161 elegantniji.","breadcrumb":{"@id":"https:\/\/inti.hr\/bs\/proizvod\/kuhinjski-ormaric-s-kotacima-sivi\/#breadcrumb"},"inLanguage":"bs-BA","potentialAction":[{"@type":"ReadAction","target":["https:\/\/inti.hr\/bs\/proizvod\/kuhinjski-ormaric-s-kotacima-sivi\/"]}]},{"@type":"ImageObject","inLanguage":"bs-BA","@id":"https:\/\/inti.hr\/bs\/proizvod\/kuhinjski-ormaric-s-kotacima-sivi\/#primaryimage","url":"https:\/\/i0.wp.com\/inti.hr\/wp-content\/uploads\/2022\/12\/FSB78-HG-Y001.webp?fit=1600%2C1600&ssl=1","contentUrl":"https:\/\/i0.wp.com\/inti.hr\/wp-content\/uploads\/2022\/12\/FSB78-HG-Y001.webp?fit=1600%2C1600&ssl=1","width":1600,"height":1600},{"@type":"BreadcrumbList","@id":"https:\/\/inti.hr\/bs\/proizvod\/kuhinjski-ormaric-s-kotacima-sivi\/#breadcrumb","itemListElement":[{"@type":"ListItem","position":1,"name":"Po\u010detna stranica","item":"https:\/\/inti.hr\/bs\/"},{"@type":"ListItem","position":2,"name":"Trgovina","item":"https:\/\/inti.hr\/bs\/trgovina\/"},{"@type":"ListItem","position":3,"name":"Kuhinjski ormari\u0107 s kota\u010dima sivi"}]},{"@type":"WebSite","@id":"https:\/\/inti.hr\/bs\/#website","url":"https:\/\/inti.hr\/bs\/","name":"Inti","description":"trgovina","potentialAction":[{"@type":"SearchAction","target":{"@type":"EntryPoint","urlTemplate":"https:\/\/inti.hr\/bs\/?s={search_term_string}"},"query-input":{"@type":"PropertyValueSpecification","valueRequired":true,"valueName":"search_term_string"}}],"inLanguage":"bs-BA"}]}},"jetpack_sharing_enabled":true,"jetpack-related-posts":[],"_links":{"self":[{"href":"https:\/\/inti.hr\/bs\/wp-json\/wp\/v2\/product\/38207"}],"collection":[{"href":"https:\/\/inti.hr\/bs\/wp-json\/wp\/v2\/product"}],"about":[{"href":"https:\/\/inti.hr\/bs\/wp-json\/wp\/v2\/types\/product"}],"wp:featuredmedia":[{"embeddable":true,"href":"https:\/\/inti.hr\/bs\/wp-json\/wp\/v2\/media\/38208"}],"wp:attachment":[{"href":"https:\/\/inti.hr\/bs\/wp-json\/wp\/v2\/media?parent=38207"}],"wp:term":[{"taxonomy":"product_cat","embeddable":true,"href":"https:\/\/inti.hr\/bs\/wp-json\/wp\/v2\/product_cat?post=38207"},{"taxonomy":"product_tag","embeddable":true,"href":"https:\/\/inti.hr\/bs\/wp-json\/wp\/v2\/product_tag?post=38207"}],"curies":[{"name":"wp","href":"https:\/\/api.w.org\/{rel}","templated":true}]}}