{"id":38219,"date":"2022-12-06T08:39:27","date_gmt":"2022-12-06T08:39:27","guid":{"rendered":"https:\/\/inti.hr\/product\/set-od-12-kutija-za-cipele\/"},"modified":"2022-12-06T08:39:27","modified_gmt":"2022-12-06T08:39:27","slug":"set-od-12-kutija-za-cipele","status":"publish","type":"product","link":"https:\/\/inti.hr\/bs\/proizvod\/set-od-12-kutija-za-cipele\/","title":{"rendered":"Set od 12 kutija za cipele"},"content":{"rendered":"<p>Detalji o proizvodu:<br \/>\n&#8211; Boja: prozirno bijela<br \/>\n&#8211; Materijal: PET ku\u0107i\u0161te, ABS okvir<br \/>\n&#8211; Veli\u010dina kutije za cipele: 33,5 x 23 x 14 cm (D x \u0160 x V)<br \/>\n&#8211; Unutarnja veli\u010dina kutije za cipele: 30 x 22,6 x 13,5 cm (D x \u0160 x V)<\/p>\n","protected":false},"excerpt":{"rendered":"<p>Potpuno prozirne &#8211; samo trebate baciti pogled na kutije kako biste &#8230; <\/p>\n","protected":false},"featured_media":38220,"template":"","meta":[],"product_cat":[2414,2632],"product_tag":[5390,5391],"yoast_head":"<!-- This site is optimized with the Yoast SEO plugin v23.7 - https:\/\/yoast.com\/wordpress\/plugins\/seo\/ -->\n<title>Set od 12 kutija za cipele - Inti<\/title>\n<meta name=\"description\" content=\"Potpuno prozirne - samo trebate baciti pogled na kutije kako biste prona\u0161li pravi par.\u00a0Tako da ne morate svaki dan prekapati po neprozirnim kutijama za cipele. Stra\u017enja plo\u010da organizatora za cipele dizajnirana je s otvorima u obliku lista, koji ne samo da dodaju moderan stil organizatoru, ve\u0107 tako\u0111er omogu\u0107uju dobru cirkulaciju zraka kako bi se sprije\u010dili neugodni mirisi. Sklopivi PET materijal u kombinaciji sa \u010dvrstim ABS okvirom s izrezima \u010dini kutije za cipele stabilnima \u010dak i kada su slo\u017eene. Iskoristite svoj prostor i poka\u017eite svoje cipele. 12 plasti\u010dnih kutija koje se lako sastavljaju, svaka s unutarnjom veli\u010dinom 12&quot; x 9&quot; x 5,5&quot;, odgovara cipelama do veli\u010dine 14, poma\u017eu\u0107i vam da u tren oka po\u010distite nered! Tenisice, papu\u010de i \u0161tikle \u2013 sve u redu. Koristite ih kao kutije za cipele koje se mogu slo\u017eiti u garderobi, spava\u0107oj sobi, hodniku ili za pohranu odje\u0107e i dodataka. Tako\u0111er mo\u017eete koristiti prozirne kutije za predstavljanje prekrasnih ukrasnih predmeta.\" \/>\n<meta name=\"robots\" content=\"index, follow, max-snippet:-1, max-image-preview:large, max-video-preview:-1\" \/>\n<link rel=\"canonical\" href=\"https:\/\/inti.hr\/bs\/proizvod\/set-od-12-kutija-za-cipele\/\" \/>\n<meta property=\"og:locale\" content=\"bs_BA\" \/>\n<meta property=\"og:type\" content=\"article\" \/>\n<meta property=\"og:title\" content=\"Set od 12 kutija za cipele - Inti\" \/>\n<meta property=\"og:description\" content=\"Potpuno prozirne - samo trebate baciti pogled na kutije kako biste prona\u0161li pravi par.\u00a0Tako da ne morate svaki dan prekapati po neprozirnim kutijama za cipele. Stra\u017enja plo\u010da organizatora za cipele dizajnirana je s otvorima u obliku lista, koji ne samo da dodaju moderan stil organizatoru, ve\u0107 tako\u0111er omogu\u0107uju dobru cirkulaciju zraka kako bi se sprije\u010dili neugodni mirisi. Sklopivi PET materijal u kombinaciji sa \u010dvrstim ABS okvirom s izrezima \u010dini kutije za cipele stabilnima \u010dak i kada su slo\u017eene. Iskoristite svoj prostor i poka\u017eite svoje cipele. 12 plasti\u010dnih kutija koje se lako sastavljaju, svaka s unutarnjom veli\u010dinom 12&quot; x 9&quot; x 5,5&quot;, odgovara cipelama do veli\u010dine 14, poma\u017eu\u0107i vam da u tren oka po\u010distite nered! Tenisice, papu\u010de i \u0161tikle \u2013 sve u redu. Koristite ih kao kutije za cipele koje se mogu slo\u017eiti u garderobi, spava\u0107oj sobi, hodniku ili za pohranu odje\u0107e i dodataka. Tako\u0111er mo\u017eete koristiti prozirne kutije za predstavljanje prekrasnih ukrasnih predmeta.\" \/>\n<meta property=\"og:url\" content=\"https:\/\/inti.hr\/bs\/proizvod\/set-od-12-kutija-za-cipele\/\" \/>\n<meta property=\"og:site_name\" content=\"Inti\" \/>\n<meta property=\"og:image\" content=\"https:\/\/i0.wp.com\/inti.hr\/wp-content\/uploads\/2022\/12\/LSP106W12-2.jpg?fit=750%2C750&ssl=1\" \/>\n\t<meta property=\"og:image:width\" content=\"750\" \/>\n\t<meta property=\"og:image:height\" content=\"750\" \/>\n\t<meta property=\"og:image:type\" content=\"image\/jpeg\" \/>\n<meta name=\"twitter:card\" content=\"summary_large_image\" \/>\n<script type=\"application\/ld+json\" class=\"yoast-schema-graph\">{\"@context\":\"https:\/\/schema.org\",\"@graph\":[{\"@type\":\"WebPage\",\"@id\":\"https:\/\/inti.hr\/bs\/proizvod\/set-od-12-kutija-za-cipele\/\",\"url\":\"https:\/\/inti.hr\/bs\/proizvod\/set-od-12-kutija-za-cipele\/\",\"name\":\"Set od 12 kutija za cipele - Inti\",\"isPartOf\":{\"@id\":\"https:\/\/inti.hr\/bs\/#website\"},\"primaryImageOfPage\":{\"@id\":\"https:\/\/inti.hr\/bs\/proizvod\/set-od-12-kutija-za-cipele\/#primaryimage\"},\"image\":{\"@id\":\"https:\/\/inti.hr\/bs\/proizvod\/set-od-12-kutija-za-cipele\/#primaryimage\"},\"thumbnailUrl\":\"https:\/\/i0.wp.com\/inti.hr\/wp-content\/uploads\/2022\/12\/LSP106W12-2.jpg?fit=750%2C750&ssl=1\",\"datePublished\":\"2022-12-06T08:39:27+00:00\",\"dateModified\":\"2022-12-06T08:39:27+00:00\",\"description\":\"Potpuno prozirne - samo trebate baciti pogled na kutije kako biste prona\u0161li pravi par.\u00a0Tako da ne morate svaki dan prekapati po neprozirnim kutijama za cipele. Stra\u017enja plo\u010da organizatora za cipele dizajnirana je s otvorima u obliku lista, koji ne samo da dodaju moderan stil organizatoru, ve\u0107 tako\u0111er omogu\u0107uju dobru cirkulaciju zraka kako bi se sprije\u010dili neugodni mirisi. Sklopivi PET materijal u kombinaciji sa \u010dvrstim ABS okvirom s izrezima \u010dini kutije za cipele stabilnima \u010dak i kada su slo\u017eene. Iskoristite svoj prostor i poka\u017eite svoje cipele. 12 plasti\u010dnih kutija koje se lako sastavljaju, svaka s unutarnjom veli\u010dinom 12\\\" x 9\\\" x 5,5\\\", odgovara cipelama do veli\u010dine 14, poma\u017eu\u0107i vam da u tren oka po\u010distite nered! Tenisice, papu\u010de i \u0161tikle \u2013 sve u redu. Koristite ih kao kutije za cipele koje se mogu slo\u017eiti u garderobi, spava\u0107oj sobi, hodniku ili za pohranu odje\u0107e i dodataka. Tako\u0111er mo\u017eete koristiti prozirne kutije za predstavljanje prekrasnih ukrasnih predmeta.\",\"breadcrumb\":{\"@id\":\"https:\/\/inti.hr\/bs\/proizvod\/set-od-12-kutija-za-cipele\/#breadcrumb\"},\"inLanguage\":\"bs-BA\",\"potentialAction\":[{\"@type\":\"ReadAction\",\"target\":[\"https:\/\/inti.hr\/bs\/proizvod\/set-od-12-kutija-za-cipele\/\"]}]},{\"@type\":\"ImageObject\",\"inLanguage\":\"bs-BA\",\"@id\":\"https:\/\/inti.hr\/bs\/proizvod\/set-od-12-kutija-za-cipele\/#primaryimage\",\"url\":\"https:\/\/i0.wp.com\/inti.hr\/wp-content\/uploads\/2022\/12\/LSP106W12-2.jpg?fit=750%2C750&ssl=1\",\"contentUrl\":\"https:\/\/i0.wp.com\/inti.hr\/wp-content\/uploads\/2022\/12\/LSP106W12-2.jpg?fit=750%2C750&ssl=1\",\"width\":750,\"height\":750},{\"@type\":\"BreadcrumbList\",\"@id\":\"https:\/\/inti.hr\/bs\/proizvod\/set-od-12-kutija-za-cipele\/#breadcrumb\",\"itemListElement\":[{\"@type\":\"ListItem\",\"position\":1,\"name\":\"Po\u010detna stranica\",\"item\":\"https:\/\/inti.hr\/bs\/\"},{\"@type\":\"ListItem\",\"position\":2,\"name\":\"Trgovina\",\"item\":\"https:\/\/inti.hr\/bs\/trgovina\/\"},{\"@type\":\"ListItem\",\"position\":3,\"name\":\"Set od 12 kutija za cipele\"}]},{\"@type\":\"WebSite\",\"@id\":\"https:\/\/inti.hr\/bs\/#website\",\"url\":\"https:\/\/inti.hr\/bs\/\",\"name\":\"Inti\",\"description\":\"trgovina\",\"potentialAction\":[{\"@type\":\"SearchAction\",\"target\":{\"@type\":\"EntryPoint\",\"urlTemplate\":\"https:\/\/inti.hr\/bs\/?s={search_term_string}\"},\"query-input\":{\"@type\":\"PropertyValueSpecification\",\"valueRequired\":true,\"valueName\":\"search_term_string\"}}],\"inLanguage\":\"bs-BA\"}]}<\/script>\n<!-- \/ Yoast SEO plugin. -->","yoast_head_json":{"title":"Set od 12 kutija za cipele - Inti","description":"Potpuno prozirne - samo trebate baciti pogled na kutije kako biste prona\u0161li pravi par.\u00a0Tako da ne morate svaki dan prekapati po neprozirnim kutijama za cipele. Stra\u017enja plo\u010da organizatora za cipele dizajnirana je s otvorima u obliku lista, koji ne samo da dodaju moderan stil organizatoru, ve\u0107 tako\u0111er omogu\u0107uju dobru cirkulaciju zraka kako bi se sprije\u010dili neugodni mirisi. Sklopivi PET materijal u kombinaciji sa \u010dvrstim ABS okvirom s izrezima \u010dini kutije za cipele stabilnima \u010dak i kada su slo\u017eene. Iskoristite svoj prostor i poka\u017eite svoje cipele. 12 plasti\u010dnih kutija koje se lako sastavljaju, svaka s unutarnjom veli\u010dinom 12\" x 9\" x 5,5\", odgovara cipelama do veli\u010dine 14, poma\u017eu\u0107i vam da u tren oka po\u010distite nered! Tenisice, papu\u010de i \u0161tikle \u2013 sve u redu. Koristite ih kao kutije za cipele koje se mogu slo\u017eiti u garderobi, spava\u0107oj sobi, hodniku ili za pohranu odje\u0107e i dodataka. Tako\u0111er mo\u017eete koristiti prozirne kutije za predstavljanje prekrasnih ukrasnih predmeta.","robots":{"index":"index","follow":"follow","max-snippet":"max-snippet:-1","max-image-preview":"max-image-preview:large","max-video-preview":"max-video-preview:-1"},"canonical":"https:\/\/inti.hr\/bs\/proizvod\/set-od-12-kutija-za-cipele\/","og_locale":"bs_BA","og_type":"article","og_title":"Set od 12 kutija za cipele - Inti","og_description":"Potpuno prozirne - samo trebate baciti pogled na kutije kako biste prona\u0161li pravi par.\u00a0Tako da ne morate svaki dan prekapati po neprozirnim kutijama za cipele. Stra\u017enja plo\u010da organizatora za cipele dizajnirana je s otvorima u obliku lista, koji ne samo da dodaju moderan stil organizatoru, ve\u0107 tako\u0111er omogu\u0107uju dobru cirkulaciju zraka kako bi se sprije\u010dili neugodni mirisi. Sklopivi PET materijal u kombinaciji sa \u010dvrstim ABS okvirom s izrezima \u010dini kutije za cipele stabilnima \u010dak i kada su slo\u017eene. Iskoristite svoj prostor i poka\u017eite svoje cipele. 12 plasti\u010dnih kutija koje se lako sastavljaju, svaka s unutarnjom veli\u010dinom 12\" x 9\" x 5,5\", odgovara cipelama do veli\u010dine 14, poma\u017eu\u0107i vam da u tren oka po\u010distite nered! Tenisice, papu\u010de i \u0161tikle \u2013 sve u redu. Koristite ih kao kutije za cipele koje se mogu slo\u017eiti u garderobi, spava\u0107oj sobi, hodniku ili za pohranu odje\u0107e i dodataka. Tako\u0111er mo\u017eete koristiti prozirne kutije za predstavljanje prekrasnih ukrasnih predmeta.","og_url":"https:\/\/inti.hr\/bs\/proizvod\/set-od-12-kutija-za-cipele\/","og_site_name":"Inti","og_image":[{"width":750,"height":750,"url":"https:\/\/i0.wp.com\/inti.hr\/wp-content\/uploads\/2022\/12\/LSP106W12-2.jpg?fit=750%2C750&ssl=1","type":"image\/jpeg"}],"twitter_card":"summary_large_image","schema":{"@context":"https:\/\/schema.org","@graph":[{"@type":"WebPage","@id":"https:\/\/inti.hr\/bs\/proizvod\/set-od-12-kutija-za-cipele\/","url":"https:\/\/inti.hr\/bs\/proizvod\/set-od-12-kutija-za-cipele\/","name":"Set od 12 kutija za cipele - Inti","isPartOf":{"@id":"https:\/\/inti.hr\/bs\/#website"},"primaryImageOfPage":{"@id":"https:\/\/inti.hr\/bs\/proizvod\/set-od-12-kutija-za-cipele\/#primaryimage"},"image":{"@id":"https:\/\/inti.hr\/bs\/proizvod\/set-od-12-kutija-za-cipele\/#primaryimage"},"thumbnailUrl":"https:\/\/i0.wp.com\/inti.hr\/wp-content\/uploads\/2022\/12\/LSP106W12-2.jpg?fit=750%2C750&ssl=1","datePublished":"2022-12-06T08:39:27+00:00","dateModified":"2022-12-06T08:39:27+00:00","description":"Potpuno prozirne - samo trebate baciti pogled na kutije kako biste prona\u0161li pravi par.\u00a0Tako da ne morate svaki dan prekapati po neprozirnim kutijama za cipele. Stra\u017enja plo\u010da organizatora za cipele dizajnirana je s otvorima u obliku lista, koji ne samo da dodaju moderan stil organizatoru, ve\u0107 tako\u0111er omogu\u0107uju dobru cirkulaciju zraka kako bi se sprije\u010dili neugodni mirisi. Sklopivi PET materijal u kombinaciji sa \u010dvrstim ABS okvirom s izrezima \u010dini kutije za cipele stabilnima \u010dak i kada su slo\u017eene. Iskoristite svoj prostor i poka\u017eite svoje cipele. 12 plasti\u010dnih kutija koje se lako sastavljaju, svaka s unutarnjom veli\u010dinom 12\" x 9\" x 5,5\", odgovara cipelama do veli\u010dine 14, poma\u017eu\u0107i vam da u tren oka po\u010distite nered! Tenisice, papu\u010de i \u0161tikle \u2013 sve u redu. Koristite ih kao kutije za cipele koje se mogu slo\u017eiti u garderobi, spava\u0107oj sobi, hodniku ili za pohranu odje\u0107e i dodataka. Tako\u0111er mo\u017eete koristiti prozirne kutije za predstavljanje prekrasnih ukrasnih predmeta.","breadcrumb":{"@id":"https:\/\/inti.hr\/bs\/proizvod\/set-od-12-kutija-za-cipele\/#breadcrumb"},"inLanguage":"bs-BA","potentialAction":[{"@type":"ReadAction","target":["https:\/\/inti.hr\/bs\/proizvod\/set-od-12-kutija-za-cipele\/"]}]},{"@type":"ImageObject","inLanguage":"bs-BA","@id":"https:\/\/inti.hr\/bs\/proizvod\/set-od-12-kutija-za-cipele\/#primaryimage","url":"https:\/\/i0.wp.com\/inti.hr\/wp-content\/uploads\/2022\/12\/LSP106W12-2.jpg?fit=750%2C750&ssl=1","contentUrl":"https:\/\/i0.wp.com\/inti.hr\/wp-content\/uploads\/2022\/12\/LSP106W12-2.jpg?fit=750%2C750&ssl=1","width":750,"height":750},{"@type":"BreadcrumbList","@id":"https:\/\/inti.hr\/bs\/proizvod\/set-od-12-kutija-za-cipele\/#breadcrumb","itemListElement":[{"@type":"ListItem","position":1,"name":"Po\u010detna stranica","item":"https:\/\/inti.hr\/bs\/"},{"@type":"ListItem","position":2,"name":"Trgovina","item":"https:\/\/inti.hr\/bs\/trgovina\/"},{"@type":"ListItem","position":3,"name":"Set od 12 kutija za cipele"}]},{"@type":"WebSite","@id":"https:\/\/inti.hr\/bs\/#website","url":"https:\/\/inti.hr\/bs\/","name":"Inti","description":"trgovina","potentialAction":[{"@type":"SearchAction","target":{"@type":"EntryPoint","urlTemplate":"https:\/\/inti.hr\/bs\/?s={search_term_string}"},"query-input":{"@type":"PropertyValueSpecification","valueRequired":true,"valueName":"search_term_string"}}],"inLanguage":"bs-BA"}]}},"jetpack_sharing_enabled":true,"jetpack-related-posts":[],"_links":{"self":[{"href":"https:\/\/inti.hr\/bs\/wp-json\/wp\/v2\/product\/38219"}],"collection":[{"href":"https:\/\/inti.hr\/bs\/wp-json\/wp\/v2\/product"}],"about":[{"href":"https:\/\/inti.hr\/bs\/wp-json\/wp\/v2\/types\/product"}],"wp:featuredmedia":[{"embeddable":true,"href":"https:\/\/inti.hr\/bs\/wp-json\/wp\/v2\/media\/38220"}],"wp:attachment":[{"href":"https:\/\/inti.hr\/bs\/wp-json\/wp\/v2\/media?parent=38219"}],"wp:term":[{"taxonomy":"product_cat","embeddable":true,"href":"https:\/\/inti.hr\/bs\/wp-json\/wp\/v2\/product_cat?post=38219"},{"taxonomy":"product_tag","embeddable":true,"href":"https:\/\/inti.hr\/bs\/wp-json\/wp\/v2\/product_tag?post=38219"}],"curies":[{"name":"wp","href":"https:\/\/api.w.org\/{rel}","templated":true}]}}