{"id":38227,"date":"2022-12-05T08:28:43","date_gmt":"2022-12-05T08:28:43","guid":{"rendered":"https:\/\/inti.hr\/product\/konzolni-stol-od-stakla-i-metala\/"},"modified":"2026-04-09T12:27:21","modified_gmt":"2026-04-09T11:27:21","slug":"konzolni-stol-od-stakla-i-metala","status":"publish","type":"product","link":"https:\/\/inti.hr\/bs\/proizvod\/konzolni-stol-od-stakla-i-metala\/","title":{"rendered":"Konzolni stol od stakla i metala"},"content":{"rendered":"<p>Detalji proizvoda:<br \/>\n&#8211; Boja: zlatna<br \/>\n&#8211; Materijal: \u010delik, kaljeno staklo<br \/>\n&#8211; Veli\u010dina: 35 x 100 x 80 cm (D x \u0160 x V)<br \/>\n&#8211; Te\u017eina: 16 kg<br \/>\n&#8211; Maksimalno stati\u010dko optere\u0107enje: 30 kg<\/p>\n","protected":false},"excerpt":{"rendered":"<p>Okvir zlatne boje i \u0161ik kaljeno staklo stvaraju luksuzan i prakti\u010dan &#8230; <\/p>\n","protected":false},"featured_media":38228,"template":"","meta":[],"product_cat":[2418],"product_tag":[2746,3763,5396],"yoast_head":"<!-- This site is optimized with the Yoast SEO plugin v23.7 - https:\/\/yoast.com\/wordpress\/plugins\/seo\/ -->\n<title>Konzolni stol od stakla i metala - Inti<\/title>\n<meta name=\"description\" content=\"Okvir zlatne boje i \u0161ik kaljeno staklo stvaraju luksuzan i prakti\u010dan stol za hodnik. Asimetri\u010dne police ne samo da vam nude obilje prostora, ve\u0107 slu\u017ee i kao ukras koji \u0107e va\u0161oj sobi dodati otmjenost. Robusni \u010deli\u010dni okvir i visokokvalitetno kaljeno staklo (debljina: 5 mm) jam\u010de visoku stabilnost i otpornost (nosivost do 30 kg); isporu\u010dena za\u0161tita od prevrtanja nudi dodatnu stabilnost. Ovaj stol veli\u010dine 35 x 100 x 80 cm stane u razli\u010dite prostorije - u radnu sobu za knjige, u dnevnu sobu za ukrasne predmete ili u hodnik za klju\u010deve i druge sitnice. Predsobni stol od 16 kg s otvorenim policama za odlaganje, za\u0161titom od prevrtanja za sigurnije okru\u017eenje i podesivim nogama koje pru\u017eaju stabilnost \u010dak i na neravnim podovima i \u0161tite va\u0161 pod od ogrebotina.\" \/>\n<meta name=\"robots\" content=\"index, follow, max-snippet:-1, max-image-preview:large, max-video-preview:-1\" \/>\n<link rel=\"canonical\" href=\"https:\/\/inti.hr\/bs\/proizvod\/konzolni-stol-od-stakla-i-metala\/\" \/>\n<meta property=\"og:locale\" content=\"bs_BA\" \/>\n<meta property=\"og:type\" content=\"article\" \/>\n<meta property=\"og:title\" content=\"Konzolni stol od stakla i metala - Inti\" \/>\n<meta property=\"og:description\" content=\"Okvir zlatne boje i \u0161ik kaljeno staklo stvaraju luksuzan i prakti\u010dan stol za hodnik. Asimetri\u010dne police ne samo da vam nude obilje prostora, ve\u0107 slu\u017ee i kao ukras koji \u0107e va\u0161oj sobi dodati otmjenost. Robusni \u010deli\u010dni okvir i visokokvalitetno kaljeno staklo (debljina: 5 mm) jam\u010de visoku stabilnost i otpornost (nosivost do 30 kg); isporu\u010dena za\u0161tita od prevrtanja nudi dodatnu stabilnost. Ovaj stol veli\u010dine 35 x 100 x 80 cm stane u razli\u010dite prostorije - u radnu sobu za knjige, u dnevnu sobu za ukrasne predmete ili u hodnik za klju\u010deve i druge sitnice. Predsobni stol od 16 kg s otvorenim policama za odlaganje, za\u0161titom od prevrtanja za sigurnije okru\u017eenje i podesivim nogama koje pru\u017eaju stabilnost \u010dak i na neravnim podovima i \u0161tite va\u0161 pod od ogrebotina.\" \/>\n<meta property=\"og:url\" content=\"https:\/\/inti.hr\/bs\/proizvod\/konzolni-stol-od-stakla-i-metala\/\" \/>\n<meta property=\"og:site_name\" content=\"Inti\" \/>\n<meta property=\"article:modified_time\" content=\"2026-04-09T11:27:21+00:00\" \/>\n<meta property=\"og:image\" content=\"https:\/\/i0.wp.com\/inti.hr\/wp-content\/uploads\/2022\/12\/LGT022A61-3.jpg?fit=750%2C750&ssl=1\" \/>\n\t<meta property=\"og:image:width\" content=\"750\" \/>\n\t<meta property=\"og:image:height\" content=\"750\" \/>\n\t<meta property=\"og:image:type\" content=\"image\/jpeg\" \/>\n<meta name=\"twitter:card\" content=\"summary_large_image\" \/>\n<meta name=\"twitter:label1\" content=\"Est. reading time\" \/>\n\t<meta name=\"twitter:data1\" content=\"1 minuta\" \/>\n<script type=\"application\/ld+json\" class=\"yoast-schema-graph\">{\"@context\":\"https:\/\/schema.org\",\"@graph\":[{\"@type\":\"WebPage\",\"@id\":\"https:\/\/inti.hr\/bs\/proizvod\/konzolni-stol-od-stakla-i-metala\/\",\"url\":\"https:\/\/inti.hr\/bs\/proizvod\/konzolni-stol-od-stakla-i-metala\/\",\"name\":\"Konzolni stol od stakla i metala - Inti\",\"isPartOf\":{\"@id\":\"https:\/\/inti.hr\/bs\/#website\"},\"primaryImageOfPage\":{\"@id\":\"https:\/\/inti.hr\/bs\/proizvod\/konzolni-stol-od-stakla-i-metala\/#primaryimage\"},\"image\":{\"@id\":\"https:\/\/inti.hr\/bs\/proizvod\/konzolni-stol-od-stakla-i-metala\/#primaryimage\"},\"thumbnailUrl\":\"https:\/\/i0.wp.com\/inti.hr\/wp-content\/uploads\/2022\/12\/LGT022A61-3.jpg?fit=750%2C750&ssl=1\",\"datePublished\":\"2022-12-05T08:28:43+00:00\",\"dateModified\":\"2026-04-09T11:27:21+00:00\",\"description\":\"Okvir zlatne boje i \u0161ik kaljeno staklo stvaraju luksuzan i prakti\u010dan stol za hodnik. Asimetri\u010dne police ne samo da vam nude obilje prostora, ve\u0107 slu\u017ee i kao ukras koji \u0107e va\u0161oj sobi dodati otmjenost. Robusni \u010deli\u010dni okvir i visokokvalitetno kaljeno staklo (debljina: 5 mm) jam\u010de visoku stabilnost i otpornost (nosivost do 30 kg); isporu\u010dena za\u0161tita od prevrtanja nudi dodatnu stabilnost. Ovaj stol veli\u010dine 35 x 100 x 80 cm stane u razli\u010dite prostorije - u radnu sobu za knjige, u dnevnu sobu za ukrasne predmete ili u hodnik za klju\u010deve i druge sitnice. Predsobni stol od 16 kg s otvorenim policama za odlaganje, za\u0161titom od prevrtanja za sigurnije okru\u017eenje i podesivim nogama koje pru\u017eaju stabilnost \u010dak i na neravnim podovima i \u0161tite va\u0161 pod od ogrebotina.\",\"breadcrumb\":{\"@id\":\"https:\/\/inti.hr\/bs\/proizvod\/konzolni-stol-od-stakla-i-metala\/#breadcrumb\"},\"inLanguage\":\"bs-BA\",\"potentialAction\":[{\"@type\":\"ReadAction\",\"target\":[\"https:\/\/inti.hr\/bs\/proizvod\/konzolni-stol-od-stakla-i-metala\/\"]}]},{\"@type\":\"ImageObject\",\"inLanguage\":\"bs-BA\",\"@id\":\"https:\/\/inti.hr\/bs\/proizvod\/konzolni-stol-od-stakla-i-metala\/#primaryimage\",\"url\":\"https:\/\/i0.wp.com\/inti.hr\/wp-content\/uploads\/2022\/12\/LGT022A61-3.jpg?fit=750%2C750&ssl=1\",\"contentUrl\":\"https:\/\/i0.wp.com\/inti.hr\/wp-content\/uploads\/2022\/12\/LGT022A61-3.jpg?fit=750%2C750&ssl=1\",\"width\":750,\"height\":750},{\"@type\":\"BreadcrumbList\",\"@id\":\"https:\/\/inti.hr\/bs\/proizvod\/konzolni-stol-od-stakla-i-metala\/#breadcrumb\",\"itemListElement\":[{\"@type\":\"ListItem\",\"position\":1,\"name\":\"Po\u010detna stranica\",\"item\":\"https:\/\/inti.hr\/bs\/\"},{\"@type\":\"ListItem\",\"position\":2,\"name\":\"Trgovina\",\"item\":\"https:\/\/inti.hr\/bs\/trgovina\/\"},{\"@type\":\"ListItem\",\"position\":3,\"name\":\"Konzolni stol od stakla i metala\"}]},{\"@type\":\"WebSite\",\"@id\":\"https:\/\/inti.hr\/bs\/#website\",\"url\":\"https:\/\/inti.hr\/bs\/\",\"name\":\"Inti\",\"description\":\"trgovina\",\"potentialAction\":[{\"@type\":\"SearchAction\",\"target\":{\"@type\":\"EntryPoint\",\"urlTemplate\":\"https:\/\/inti.hr\/bs\/?s={search_term_string}\"},\"query-input\":{\"@type\":\"PropertyValueSpecification\",\"valueRequired\":true,\"valueName\":\"search_term_string\"}}],\"inLanguage\":\"bs-BA\"}]}<\/script>\n<!-- \/ Yoast SEO plugin. -->","yoast_head_json":{"title":"Konzolni stol od stakla i metala - Inti","description":"Okvir zlatne boje i \u0161ik kaljeno staklo stvaraju luksuzan i prakti\u010dan stol za hodnik. Asimetri\u010dne police ne samo da vam nude obilje prostora, ve\u0107 slu\u017ee i kao ukras koji \u0107e va\u0161oj sobi dodati otmjenost. Robusni \u010deli\u010dni okvir i visokokvalitetno kaljeno staklo (debljina: 5 mm) jam\u010de visoku stabilnost i otpornost (nosivost do 30 kg); isporu\u010dena za\u0161tita od prevrtanja nudi dodatnu stabilnost. Ovaj stol veli\u010dine 35 x 100 x 80 cm stane u razli\u010dite prostorije - u radnu sobu za knjige, u dnevnu sobu za ukrasne predmete ili u hodnik za klju\u010deve i druge sitnice. Predsobni stol od 16 kg s otvorenim policama za odlaganje, za\u0161titom od prevrtanja za sigurnije okru\u017eenje i podesivim nogama koje pru\u017eaju stabilnost \u010dak i na neravnim podovima i \u0161tite va\u0161 pod od ogrebotina.","robots":{"index":"index","follow":"follow","max-snippet":"max-snippet:-1","max-image-preview":"max-image-preview:large","max-video-preview":"max-video-preview:-1"},"canonical":"https:\/\/inti.hr\/bs\/proizvod\/konzolni-stol-od-stakla-i-metala\/","og_locale":"bs_BA","og_type":"article","og_title":"Konzolni stol od stakla i metala - Inti","og_description":"Okvir zlatne boje i \u0161ik kaljeno staklo stvaraju luksuzan i prakti\u010dan stol za hodnik. Asimetri\u010dne police ne samo da vam nude obilje prostora, ve\u0107 slu\u017ee i kao ukras koji \u0107e va\u0161oj sobi dodati otmjenost. Robusni \u010deli\u010dni okvir i visokokvalitetno kaljeno staklo (debljina: 5 mm) jam\u010de visoku stabilnost i otpornost (nosivost do 30 kg); isporu\u010dena za\u0161tita od prevrtanja nudi dodatnu stabilnost. Ovaj stol veli\u010dine 35 x 100 x 80 cm stane u razli\u010dite prostorije - u radnu sobu za knjige, u dnevnu sobu za ukrasne predmete ili u hodnik za klju\u010deve i druge sitnice. Predsobni stol od 16 kg s otvorenim policama za odlaganje, za\u0161titom od prevrtanja za sigurnije okru\u017eenje i podesivim nogama koje pru\u017eaju stabilnost \u010dak i na neravnim podovima i \u0161tite va\u0161 pod od ogrebotina.","og_url":"https:\/\/inti.hr\/bs\/proizvod\/konzolni-stol-od-stakla-i-metala\/","og_site_name":"Inti","article_modified_time":"2026-04-09T11:27:21+00:00","og_image":[{"width":750,"height":750,"url":"https:\/\/i0.wp.com\/inti.hr\/wp-content\/uploads\/2022\/12\/LGT022A61-3.jpg?fit=750%2C750&ssl=1","type":"image\/jpeg"}],"twitter_card":"summary_large_image","twitter_misc":{"Est. reading time":"1 minuta"},"schema":{"@context":"https:\/\/schema.org","@graph":[{"@type":"WebPage","@id":"https:\/\/inti.hr\/bs\/proizvod\/konzolni-stol-od-stakla-i-metala\/","url":"https:\/\/inti.hr\/bs\/proizvod\/konzolni-stol-od-stakla-i-metala\/","name":"Konzolni stol od stakla i metala - Inti","isPartOf":{"@id":"https:\/\/inti.hr\/bs\/#website"},"primaryImageOfPage":{"@id":"https:\/\/inti.hr\/bs\/proizvod\/konzolni-stol-od-stakla-i-metala\/#primaryimage"},"image":{"@id":"https:\/\/inti.hr\/bs\/proizvod\/konzolni-stol-od-stakla-i-metala\/#primaryimage"},"thumbnailUrl":"https:\/\/i0.wp.com\/inti.hr\/wp-content\/uploads\/2022\/12\/LGT022A61-3.jpg?fit=750%2C750&ssl=1","datePublished":"2022-12-05T08:28:43+00:00","dateModified":"2026-04-09T11:27:21+00:00","description":"Okvir zlatne boje i \u0161ik kaljeno staklo stvaraju luksuzan i prakti\u010dan stol za hodnik. Asimetri\u010dne police ne samo da vam nude obilje prostora, ve\u0107 slu\u017ee i kao ukras koji \u0107e va\u0161oj sobi dodati otmjenost. Robusni \u010deli\u010dni okvir i visokokvalitetno kaljeno staklo (debljina: 5 mm) jam\u010de visoku stabilnost i otpornost (nosivost do 30 kg); isporu\u010dena za\u0161tita od prevrtanja nudi dodatnu stabilnost. Ovaj stol veli\u010dine 35 x 100 x 80 cm stane u razli\u010dite prostorije - u radnu sobu za knjige, u dnevnu sobu za ukrasne predmete ili u hodnik za klju\u010deve i druge sitnice. Predsobni stol od 16 kg s otvorenim policama za odlaganje, za\u0161titom od prevrtanja za sigurnije okru\u017eenje i podesivim nogama koje pru\u017eaju stabilnost \u010dak i na neravnim podovima i \u0161tite va\u0161 pod od ogrebotina.","breadcrumb":{"@id":"https:\/\/inti.hr\/bs\/proizvod\/konzolni-stol-od-stakla-i-metala\/#breadcrumb"},"inLanguage":"bs-BA","potentialAction":[{"@type":"ReadAction","target":["https:\/\/inti.hr\/bs\/proizvod\/konzolni-stol-od-stakla-i-metala\/"]}]},{"@type":"ImageObject","inLanguage":"bs-BA","@id":"https:\/\/inti.hr\/bs\/proizvod\/konzolni-stol-od-stakla-i-metala\/#primaryimage","url":"https:\/\/i0.wp.com\/inti.hr\/wp-content\/uploads\/2022\/12\/LGT022A61-3.jpg?fit=750%2C750&ssl=1","contentUrl":"https:\/\/i0.wp.com\/inti.hr\/wp-content\/uploads\/2022\/12\/LGT022A61-3.jpg?fit=750%2C750&ssl=1","width":750,"height":750},{"@type":"BreadcrumbList","@id":"https:\/\/inti.hr\/bs\/proizvod\/konzolni-stol-od-stakla-i-metala\/#breadcrumb","itemListElement":[{"@type":"ListItem","position":1,"name":"Po\u010detna stranica","item":"https:\/\/inti.hr\/bs\/"},{"@type":"ListItem","position":2,"name":"Trgovina","item":"https:\/\/inti.hr\/bs\/trgovina\/"},{"@type":"ListItem","position":3,"name":"Konzolni stol od stakla i metala"}]},{"@type":"WebSite","@id":"https:\/\/inti.hr\/bs\/#website","url":"https:\/\/inti.hr\/bs\/","name":"Inti","description":"trgovina","potentialAction":[{"@type":"SearchAction","target":{"@type":"EntryPoint","urlTemplate":"https:\/\/inti.hr\/bs\/?s={search_term_string}"},"query-input":{"@type":"PropertyValueSpecification","valueRequired":true,"valueName":"search_term_string"}}],"inLanguage":"bs-BA"}]}},"jetpack_sharing_enabled":true,"jetpack-related-posts":[],"_links":{"self":[{"href":"https:\/\/inti.hr\/bs\/wp-json\/wp\/v2\/product\/38227"}],"collection":[{"href":"https:\/\/inti.hr\/bs\/wp-json\/wp\/v2\/product"}],"about":[{"href":"https:\/\/inti.hr\/bs\/wp-json\/wp\/v2\/types\/product"}],"wp:featuredmedia":[{"embeddable":true,"href":"https:\/\/inti.hr\/bs\/wp-json\/wp\/v2\/media\/38228"}],"wp:attachment":[{"href":"https:\/\/inti.hr\/bs\/wp-json\/wp\/v2\/media?parent=38227"}],"wp:term":[{"taxonomy":"product_cat","embeddable":true,"href":"https:\/\/inti.hr\/bs\/wp-json\/wp\/v2\/product_cat?post=38227"},{"taxonomy":"product_tag","embeddable":true,"href":"https:\/\/inti.hr\/bs\/wp-json\/wp\/v2\/product_tag?post=38227"}],"curies":[{"name":"wp","href":"https:\/\/api.w.org\/{rel}","templated":true}]}}