{"id":38259,"date":"2022-11-14T11:07:17","date_gmt":"2022-11-14T11:07:17","guid":{"rendered":"https:\/\/inti.hr\/product\/djecja-polica-za-knjige-s-odjeljcima\/"},"modified":"2022-11-14T11:07:17","modified_gmt":"2022-11-14T11:07:17","slug":"djecja-polica-za-knjige-s-odjeljcima","status":"publish","type":"product","link":"https:\/\/inti.hr\/bs\/proizvod\/djecja-polica-za-knjige-s-odjeljcima\/","title":{"rendered":"Dje\u010dja polica za knjige s odjeljcima"},"content":{"rendered":"<p>Detalji proizvoda:<\/p>\n<ul>\n<li>Te\u017eina: 12,7 kg<\/li>\n<li>Nosivost: do 40 kg<\/li>\n<li>Materijal: MDF (E1) \/ lakirana borovina.<\/li>\n<li>Veli\u010dina proizvoda: 85x42x45cm (vidi sliku)<\/li>\n<li>Dimenzije paketa: 94x47x12 cm.<\/li>\n<li>S uputama za sastavljanje i vijcima.\u00a0Jednostavna instalacija.<\/li>\n<\/ul>\n","protected":false},"excerpt":{"rendered":"<p>Uz toliko igra\u010daka ili bezbroj knjiga, nije tako lako uvijek prona\u0107i &#8230; <\/p>\n","protected":false},"featured_media":38260,"template":"","meta":[],"product_cat":[2408],"product_tag":[3006,2410,2437],"yoast_head":"<!-- This site is optimized with the Yoast SEO plugin v23.7 - https:\/\/yoast.com\/wordpress\/plugins\/seo\/ -->\n<title>Dje\u010dja polica za knjige s odjeljcima - Inti<\/title>\n<meta name=\"description\" content=\"Uz toliko igra\u010daka ili bezbroj knjiga, nije tako lako uvijek prona\u0107i pravi dio. Kako bi va\u0161e dijete pratilo svoje blago, tu je na\u0161a dje\u010dja polica za knjige.Gornji dio je zasebno podijeljen s tri plo\u010de, a dje\u010dji \u010dasopisi ili knjige mogu se tematski sortirati.S policom ispod imate dovoljno prostora za spremanje svojih igra\u010daka, ukrasa ili drugih predmeta.Uz visinu od 45 cm, knjige se posebno lako sortiraju i vade tako da nije potrebna pomo\u0107 odraslih.Ovu policu tako\u0111er mo\u017eete koristiti da je postavite pokraj kau\u010da, kau\u010da na razvla\u010denje ili spava\u0107e sobe i pohranite svoje omiljene \u010dasopise na pristupa\u010dno mjesto sa stilom. Dje\u010dja polica za knjige uklapa se u gotovo svaki interijer.Polica je izra\u0111ena od visokokvalitetnog MDF drva koje je \u010dvrsto, izdr\u017eljivo i lako se odr\u017eava. Za \u010di\u0161\u0107enje vam je potrebna samo vla\u017ena krpa. Noge su izra\u0111ene od punog drva, vrlo su otporne i mogu izdr\u017eati brojna optere\u0107enja.Polica za knjige prirodno raste s va\u0161om bebom. Lako se mo\u017ee kombinirati s ostalim namje\u0161tajem i kasnije koristiti kao prostor za odlaganje u mladena\u010dkoj sobi.\" \/>\n<meta name=\"robots\" content=\"index, follow, max-snippet:-1, max-image-preview:large, max-video-preview:-1\" \/>\n<link rel=\"canonical\" href=\"https:\/\/inti.hr\/bs\/proizvod\/djecja-polica-za-knjige-s-odjeljcima\/\" \/>\n<meta property=\"og:locale\" content=\"bs_BA\" \/>\n<meta property=\"og:type\" content=\"article\" \/>\n<meta property=\"og:title\" content=\"Dje\u010dja polica za knjige s odjeljcima - Inti\" \/>\n<meta property=\"og:description\" content=\"Uz toliko igra\u010daka ili bezbroj knjiga, nije tako lako uvijek prona\u0107i pravi dio. Kako bi va\u0161e dijete pratilo svoje blago, tu je na\u0161a dje\u010dja polica za knjige.Gornji dio je zasebno podijeljen s tri plo\u010de, a dje\u010dji \u010dasopisi ili knjige mogu se tematski sortirati.S policom ispod imate dovoljno prostora za spremanje svojih igra\u010daka, ukrasa ili drugih predmeta.Uz visinu od 45 cm, knjige se posebno lako sortiraju i vade tako da nije potrebna pomo\u0107 odraslih.Ovu policu tako\u0111er mo\u017eete koristiti da je postavite pokraj kau\u010da, kau\u010da na razvla\u010denje ili spava\u0107e sobe i pohranite svoje omiljene \u010dasopise na pristupa\u010dno mjesto sa stilom. Dje\u010dja polica za knjige uklapa se u gotovo svaki interijer.Polica je izra\u0111ena od visokokvalitetnog MDF drva koje je \u010dvrsto, izdr\u017eljivo i lako se odr\u017eava. Za \u010di\u0161\u0107enje vam je potrebna samo vla\u017ena krpa. Noge su izra\u0111ene od punog drva, vrlo su otporne i mogu izdr\u017eati brojna optere\u0107enja.Polica za knjige prirodno raste s va\u0161om bebom. Lako se mo\u017ee kombinirati s ostalim namje\u0161tajem i kasnije koristiti kao prostor za odlaganje u mladena\u010dkoj sobi.\" \/>\n<meta property=\"og:url\" content=\"https:\/\/inti.hr\/bs\/proizvod\/djecja-polica-za-knjige-s-odjeljcima\/\" \/>\n<meta property=\"og:site_name\" content=\"Inti\" \/>\n<meta property=\"og:image\" content=\"https:\/\/i0.wp.com\/inti.hr\/wp-content\/uploads\/2022\/11\/KMB35-W-Y001_1800x1800.webp?fit=1600%2C1600&ssl=1\" \/>\n\t<meta property=\"og:image:width\" content=\"1600\" \/>\n\t<meta property=\"og:image:height\" content=\"1600\" \/>\n\t<meta property=\"og:image:type\" content=\"image\/webp\" \/>\n<meta name=\"twitter:card\" content=\"summary_large_image\" \/>\n<script type=\"application\/ld+json\" class=\"yoast-schema-graph\">{\"@context\":\"https:\/\/schema.org\",\"@graph\":[{\"@type\":\"WebPage\",\"@id\":\"https:\/\/inti.hr\/bs\/proizvod\/djecja-polica-za-knjige-s-odjeljcima\/\",\"url\":\"https:\/\/inti.hr\/bs\/proizvod\/djecja-polica-za-knjige-s-odjeljcima\/\",\"name\":\"Dje\u010dja polica za knjige s odjeljcima - Inti\",\"isPartOf\":{\"@id\":\"https:\/\/inti.hr\/bs\/#website\"},\"primaryImageOfPage\":{\"@id\":\"https:\/\/inti.hr\/bs\/proizvod\/djecja-polica-za-knjige-s-odjeljcima\/#primaryimage\"},\"image\":{\"@id\":\"https:\/\/inti.hr\/bs\/proizvod\/djecja-polica-za-knjige-s-odjeljcima\/#primaryimage\"},\"thumbnailUrl\":\"https:\/\/i0.wp.com\/inti.hr\/wp-content\/uploads\/2022\/11\/KMB35-W-Y001_1800x1800.webp?fit=1600%2C1600&ssl=1\",\"datePublished\":\"2022-11-14T11:07:17+00:00\",\"dateModified\":\"2022-11-14T11:07:17+00:00\",\"description\":\"Uz toliko igra\u010daka ili bezbroj knjiga, nije tako lako uvijek prona\u0107i pravi dio. Kako bi va\u0161e dijete pratilo svoje blago, tu je na\u0161a dje\u010dja polica za knjige.Gornji dio je zasebno podijeljen s tri plo\u010de, a dje\u010dji \u010dasopisi ili knjige mogu se tematski sortirati.S policom ispod imate dovoljno prostora za spremanje svojih igra\u010daka, ukrasa ili drugih predmeta.Uz visinu od 45 cm, knjige se posebno lako sortiraju i vade tako da nije potrebna pomo\u0107 odraslih.Ovu policu tako\u0111er mo\u017eete koristiti da je postavite pokraj kau\u010da, kau\u010da na razvla\u010denje ili spava\u0107e sobe i pohranite svoje omiljene \u010dasopise na pristupa\u010dno mjesto sa stilom. Dje\u010dja polica za knjige uklapa se u gotovo svaki interijer.Polica je izra\u0111ena od visokokvalitetnog MDF drva koje je \u010dvrsto, izdr\u017eljivo i lako se odr\u017eava. Za \u010di\u0161\u0107enje vam je potrebna samo vla\u017ena krpa. Noge su izra\u0111ene od punog drva, vrlo su otporne i mogu izdr\u017eati brojna optere\u0107enja.Polica za knjige prirodno raste s va\u0161om bebom. Lako se mo\u017ee kombinirati s ostalim namje\u0161tajem i kasnije koristiti kao prostor za odlaganje u mladena\u010dkoj sobi.\",\"breadcrumb\":{\"@id\":\"https:\/\/inti.hr\/bs\/proizvod\/djecja-polica-za-knjige-s-odjeljcima\/#breadcrumb\"},\"inLanguage\":\"bs-BA\",\"potentialAction\":[{\"@type\":\"ReadAction\",\"target\":[\"https:\/\/inti.hr\/bs\/proizvod\/djecja-polica-za-knjige-s-odjeljcima\/\"]}]},{\"@type\":\"ImageObject\",\"inLanguage\":\"bs-BA\",\"@id\":\"https:\/\/inti.hr\/bs\/proizvod\/djecja-polica-za-knjige-s-odjeljcima\/#primaryimage\",\"url\":\"https:\/\/i0.wp.com\/inti.hr\/wp-content\/uploads\/2022\/11\/KMB35-W-Y001_1800x1800.webp?fit=1600%2C1600&ssl=1\",\"contentUrl\":\"https:\/\/i0.wp.com\/inti.hr\/wp-content\/uploads\/2022\/11\/KMB35-W-Y001_1800x1800.webp?fit=1600%2C1600&ssl=1\",\"width\":1600,\"height\":1600},{\"@type\":\"BreadcrumbList\",\"@id\":\"https:\/\/inti.hr\/bs\/proizvod\/djecja-polica-za-knjige-s-odjeljcima\/#breadcrumb\",\"itemListElement\":[{\"@type\":\"ListItem\",\"position\":1,\"name\":\"Po\u010detna stranica\",\"item\":\"https:\/\/inti.hr\/bs\/\"},{\"@type\":\"ListItem\",\"position\":2,\"name\":\"Trgovina\",\"item\":\"https:\/\/inti.hr\/bs\/trgovina\/\"},{\"@type\":\"ListItem\",\"position\":3,\"name\":\"Dje\u010dja polica za knjige s odjeljcima\"}]},{\"@type\":\"WebSite\",\"@id\":\"https:\/\/inti.hr\/bs\/#website\",\"url\":\"https:\/\/inti.hr\/bs\/\",\"name\":\"Inti\",\"description\":\"trgovina\",\"potentialAction\":[{\"@type\":\"SearchAction\",\"target\":{\"@type\":\"EntryPoint\",\"urlTemplate\":\"https:\/\/inti.hr\/bs\/?s={search_term_string}\"},\"query-input\":{\"@type\":\"PropertyValueSpecification\",\"valueRequired\":true,\"valueName\":\"search_term_string\"}}],\"inLanguage\":\"bs-BA\"}]}<\/script>\n<!-- \/ Yoast SEO plugin. -->","yoast_head_json":{"title":"Dje\u010dja polica za knjige s odjeljcima - Inti","description":"Uz toliko igra\u010daka ili bezbroj knjiga, nije tako lako uvijek prona\u0107i pravi dio. Kako bi va\u0161e dijete pratilo svoje blago, tu je na\u0161a dje\u010dja polica za knjige.Gornji dio je zasebno podijeljen s tri plo\u010de, a dje\u010dji \u010dasopisi ili knjige mogu se tematski sortirati.S policom ispod imate dovoljno prostora za spremanje svojih igra\u010daka, ukrasa ili drugih predmeta.Uz visinu od 45 cm, knjige se posebno lako sortiraju i vade tako da nije potrebna pomo\u0107 odraslih.Ovu policu tako\u0111er mo\u017eete koristiti da je postavite pokraj kau\u010da, kau\u010da na razvla\u010denje ili spava\u0107e sobe i pohranite svoje omiljene \u010dasopise na pristupa\u010dno mjesto sa stilom. Dje\u010dja polica za knjige uklapa se u gotovo svaki interijer.Polica je izra\u0111ena od visokokvalitetnog MDF drva koje je \u010dvrsto, izdr\u017eljivo i lako se odr\u017eava. Za \u010di\u0161\u0107enje vam je potrebna samo vla\u017ena krpa. Noge su izra\u0111ene od punog drva, vrlo su otporne i mogu izdr\u017eati brojna optere\u0107enja.Polica za knjige prirodno raste s va\u0161om bebom. Lako se mo\u017ee kombinirati s ostalim namje\u0161tajem i kasnije koristiti kao prostor za odlaganje u mladena\u010dkoj sobi.","robots":{"index":"index","follow":"follow","max-snippet":"max-snippet:-1","max-image-preview":"max-image-preview:large","max-video-preview":"max-video-preview:-1"},"canonical":"https:\/\/inti.hr\/bs\/proizvod\/djecja-polica-za-knjige-s-odjeljcima\/","og_locale":"bs_BA","og_type":"article","og_title":"Dje\u010dja polica za knjige s odjeljcima - Inti","og_description":"Uz toliko igra\u010daka ili bezbroj knjiga, nije tako lako uvijek prona\u0107i pravi dio. Kako bi va\u0161e dijete pratilo svoje blago, tu je na\u0161a dje\u010dja polica za knjige.Gornji dio je zasebno podijeljen s tri plo\u010de, a dje\u010dji \u010dasopisi ili knjige mogu se tematski sortirati.S policom ispod imate dovoljno prostora za spremanje svojih igra\u010daka, ukrasa ili drugih predmeta.Uz visinu od 45 cm, knjige se posebno lako sortiraju i vade tako da nije potrebna pomo\u0107 odraslih.Ovu policu tako\u0111er mo\u017eete koristiti da je postavite pokraj kau\u010da, kau\u010da na razvla\u010denje ili spava\u0107e sobe i pohranite svoje omiljene \u010dasopise na pristupa\u010dno mjesto sa stilom. Dje\u010dja polica za knjige uklapa se u gotovo svaki interijer.Polica je izra\u0111ena od visokokvalitetnog MDF drva koje je \u010dvrsto, izdr\u017eljivo i lako se odr\u017eava. Za \u010di\u0161\u0107enje vam je potrebna samo vla\u017ena krpa. Noge su izra\u0111ene od punog drva, vrlo su otporne i mogu izdr\u017eati brojna optere\u0107enja.Polica za knjige prirodno raste s va\u0161om bebom. Lako se mo\u017ee kombinirati s ostalim namje\u0161tajem i kasnije koristiti kao prostor za odlaganje u mladena\u010dkoj sobi.","og_url":"https:\/\/inti.hr\/bs\/proizvod\/djecja-polica-za-knjige-s-odjeljcima\/","og_site_name":"Inti","og_image":[{"width":1600,"height":1600,"url":"https:\/\/i0.wp.com\/inti.hr\/wp-content\/uploads\/2022\/11\/KMB35-W-Y001_1800x1800.webp?fit=1600%2C1600&ssl=1","type":"image\/webp"}],"twitter_card":"summary_large_image","schema":{"@context":"https:\/\/schema.org","@graph":[{"@type":"WebPage","@id":"https:\/\/inti.hr\/bs\/proizvod\/djecja-polica-za-knjige-s-odjeljcima\/","url":"https:\/\/inti.hr\/bs\/proizvod\/djecja-polica-za-knjige-s-odjeljcima\/","name":"Dje\u010dja polica za knjige s odjeljcima - Inti","isPartOf":{"@id":"https:\/\/inti.hr\/bs\/#website"},"primaryImageOfPage":{"@id":"https:\/\/inti.hr\/bs\/proizvod\/djecja-polica-za-knjige-s-odjeljcima\/#primaryimage"},"image":{"@id":"https:\/\/inti.hr\/bs\/proizvod\/djecja-polica-za-knjige-s-odjeljcima\/#primaryimage"},"thumbnailUrl":"https:\/\/i0.wp.com\/inti.hr\/wp-content\/uploads\/2022\/11\/KMB35-W-Y001_1800x1800.webp?fit=1600%2C1600&ssl=1","datePublished":"2022-11-14T11:07:17+00:00","dateModified":"2022-11-14T11:07:17+00:00","description":"Uz toliko igra\u010daka ili bezbroj knjiga, nije tako lako uvijek prona\u0107i pravi dio. Kako bi va\u0161e dijete pratilo svoje blago, tu je na\u0161a dje\u010dja polica za knjige.Gornji dio je zasebno podijeljen s tri plo\u010de, a dje\u010dji \u010dasopisi ili knjige mogu se tematski sortirati.S policom ispod imate dovoljno prostora za spremanje svojih igra\u010daka, ukrasa ili drugih predmeta.Uz visinu od 45 cm, knjige se posebno lako sortiraju i vade tako da nije potrebna pomo\u0107 odraslih.Ovu policu tako\u0111er mo\u017eete koristiti da je postavite pokraj kau\u010da, kau\u010da na razvla\u010denje ili spava\u0107e sobe i pohranite svoje omiljene \u010dasopise na pristupa\u010dno mjesto sa stilom. Dje\u010dja polica za knjige uklapa se u gotovo svaki interijer.Polica je izra\u0111ena od visokokvalitetnog MDF drva koje je \u010dvrsto, izdr\u017eljivo i lako se odr\u017eava. Za \u010di\u0161\u0107enje vam je potrebna samo vla\u017ena krpa. Noge su izra\u0111ene od punog drva, vrlo su otporne i mogu izdr\u017eati brojna optere\u0107enja.Polica za knjige prirodno raste s va\u0161om bebom. Lako se mo\u017ee kombinirati s ostalim namje\u0161tajem i kasnije koristiti kao prostor za odlaganje u mladena\u010dkoj sobi.","breadcrumb":{"@id":"https:\/\/inti.hr\/bs\/proizvod\/djecja-polica-za-knjige-s-odjeljcima\/#breadcrumb"},"inLanguage":"bs-BA","potentialAction":[{"@type":"ReadAction","target":["https:\/\/inti.hr\/bs\/proizvod\/djecja-polica-za-knjige-s-odjeljcima\/"]}]},{"@type":"ImageObject","inLanguage":"bs-BA","@id":"https:\/\/inti.hr\/bs\/proizvod\/djecja-polica-za-knjige-s-odjeljcima\/#primaryimage","url":"https:\/\/i0.wp.com\/inti.hr\/wp-content\/uploads\/2022\/11\/KMB35-W-Y001_1800x1800.webp?fit=1600%2C1600&ssl=1","contentUrl":"https:\/\/i0.wp.com\/inti.hr\/wp-content\/uploads\/2022\/11\/KMB35-W-Y001_1800x1800.webp?fit=1600%2C1600&ssl=1","width":1600,"height":1600},{"@type":"BreadcrumbList","@id":"https:\/\/inti.hr\/bs\/proizvod\/djecja-polica-za-knjige-s-odjeljcima\/#breadcrumb","itemListElement":[{"@type":"ListItem","position":1,"name":"Po\u010detna stranica","item":"https:\/\/inti.hr\/bs\/"},{"@type":"ListItem","position":2,"name":"Trgovina","item":"https:\/\/inti.hr\/bs\/trgovina\/"},{"@type":"ListItem","position":3,"name":"Dje\u010dja polica za knjige s odjeljcima"}]},{"@type":"WebSite","@id":"https:\/\/inti.hr\/bs\/#website","url":"https:\/\/inti.hr\/bs\/","name":"Inti","description":"trgovina","potentialAction":[{"@type":"SearchAction","target":{"@type":"EntryPoint","urlTemplate":"https:\/\/inti.hr\/bs\/?s={search_term_string}"},"query-input":{"@type":"PropertyValueSpecification","valueRequired":true,"valueName":"search_term_string"}}],"inLanguage":"bs-BA"}]}},"jetpack_sharing_enabled":true,"jetpack-related-posts":[],"_links":{"self":[{"href":"https:\/\/inti.hr\/bs\/wp-json\/wp\/v2\/product\/38259"}],"collection":[{"href":"https:\/\/inti.hr\/bs\/wp-json\/wp\/v2\/product"}],"about":[{"href":"https:\/\/inti.hr\/bs\/wp-json\/wp\/v2\/types\/product"}],"wp:featuredmedia":[{"embeddable":true,"href":"https:\/\/inti.hr\/bs\/wp-json\/wp\/v2\/media\/38260"}],"wp:attachment":[{"href":"https:\/\/inti.hr\/bs\/wp-json\/wp\/v2\/media?parent=38259"}],"wp:term":[{"taxonomy":"product_cat","embeddable":true,"href":"https:\/\/inti.hr\/bs\/wp-json\/wp\/v2\/product_cat?post=38259"},{"taxonomy":"product_tag","embeddable":true,"href":"https:\/\/inti.hr\/bs\/wp-json\/wp\/v2\/product_tag?post=38259"}],"curies":[{"name":"wp","href":"https:\/\/api.w.org\/{rel}","templated":true}]}}