{"id":38263,"date":"2022-11-14T09:39:06","date_gmt":"2022-11-14T09:39:06","guid":{"rendered":"https:\/\/inti.hr\/product\/kavez-za-pse-s-2-vrata-107-x-70-x-749-cm\/"},"modified":"2022-11-14T09:39:06","modified_gmt":"2022-11-14T09:39:06","slug":"kavez-za-pse-s-2-vrata-107-x-70-x-749-cm","status":"publish","type":"product","link":"https:\/\/inti.hr\/bs\/proizvod\/kavez-za-pse-s-2-vrata-107-x-70-x-749-cm\/","title":{"rendered":"Kavez za pse s 2 vrata 107 x 70 x 74,9 cm"},"content":{"rendered":"<p>Detalji proizvoda:<br \/>\n&#8211; Boja: crna<br \/>\n&#8211; Materijal: \u010celik<br \/>\n&#8211; Veli\u010dina proizvoda: 107 x 70 x 74,9 cm (D x \u0160 x V)<br \/>\n&#8211; Veli\u010dina velikih vrata: 47 x 67 cm (D x \u0160)<br \/>\n&#8211; Veli\u010dina malih vrata: 43,3 x 28 1,4 cm (D x \u0160)<br \/>\n&#8211; Veli\u010dina gornje re\u0161etkaste plo\u010de: 104 x 67 cm (D x \u0160)<br \/>\n&#8211; Te\u017eina: 18,8 kg<\/p>\n","protected":false},"excerpt":{"rendered":"<div class=\"left\">\n<p>Robustan i siguran: kavez za pse opremljen je s 5 &#8230; <\/p>\n","protected":false},"featured_media":38264,"template":"","meta":[],"product_cat":[2400],"product_tag":[2834,2644,5404,5405],"yoast_head":"<!-- This site is optimized with the Yoast SEO plugin v23.7 - https:\/\/yoast.com\/wordpress\/plugins\/seo\/ -->\n<title>Kavez za pse s 2 vrata 107 x 70 x 74,9 cm - Inti<\/title>\n<meta name=\"description\" content=\"Robustan i siguran: kavez za pse opremljen je s 5 pre\u010dki u obliku slova L tako da va\u0161 pas ne mo\u017ee pobje\u0107i. Izra\u0111en od visokokvalitetnog metala, kavez je otporan na hr\u0111u, robustan je i izdr\u017eljiv te ima glatku povr\u0161inu - sigurno mjesto za va\u0161eg \u010detverono\u017enog prijatelja. Ovaj sanduk za pse 42&quot; x 27&quot; x 29.5&quot; prikladan je za pse te\u017eine izme\u0111u 32-42 kg. Preporu\u010dene pasmine: Border Collie, Ameri\u010dki buldog i Husky itd. Pogledajte upute za to\u010dnu metodu mjerenja. Transportni boks za pse ima velika ulazna vrata s integriranim preklopom za hranjenje. Zahvaljuju\u0107i izuzetno niskom pragu vrata, \u010dak i psi s kratkim nogama mogu u\u0107i u kavez s lako\u0107om i bez opasnosti od ozljede nogu. Odvojivi dijelovi - svestrani: kada va\u0161em psu treba vi\u0161e slobode, mo\u017eete odvojiti vrata sanduka.\u00a0Mo\u017eete ukloniti gornju re\u0161etkastu plo\u010du kako biste kutiju pretvorili u podru\u010dje za tr\u010danje - igru \u200b\u200bi zonu za odmor za va\u0161eg krznenog prijatelja.\" \/>\n<meta name=\"robots\" content=\"index, follow, max-snippet:-1, max-image-preview:large, max-video-preview:-1\" \/>\n<link rel=\"canonical\" href=\"https:\/\/inti.hr\/bs\/proizvod\/kavez-za-pse-s-2-vrata-107-x-70-x-749-cm\/\" \/>\n<meta property=\"og:locale\" content=\"bs_BA\" \/>\n<meta property=\"og:type\" content=\"article\" \/>\n<meta property=\"og:title\" content=\"Kavez za pse s 2 vrata 107 x 70 x 74,9 cm - Inti\" \/>\n<meta property=\"og:description\" content=\"Robustan i siguran: kavez za pse opremljen je s 5 pre\u010dki u obliku slova L tako da va\u0161 pas ne mo\u017ee pobje\u0107i. Izra\u0111en od visokokvalitetnog metala, kavez je otporan na hr\u0111u, robustan je i izdr\u017eljiv te ima glatku povr\u0161inu - sigurno mjesto za va\u0161eg \u010detverono\u017enog prijatelja. Ovaj sanduk za pse 42&quot; x 27&quot; x 29.5&quot; prikladan je za pse te\u017eine izme\u0111u 32-42 kg. Preporu\u010dene pasmine: Border Collie, Ameri\u010dki buldog i Husky itd. Pogledajte upute za to\u010dnu metodu mjerenja. Transportni boks za pse ima velika ulazna vrata s integriranim preklopom za hranjenje. Zahvaljuju\u0107i izuzetno niskom pragu vrata, \u010dak i psi s kratkim nogama mogu u\u0107i u kavez s lako\u0107om i bez opasnosti od ozljede nogu. Odvojivi dijelovi - svestrani: kada va\u0161em psu treba vi\u0161e slobode, mo\u017eete odvojiti vrata sanduka.\u00a0Mo\u017eete ukloniti gornju re\u0161etkastu plo\u010du kako biste kutiju pretvorili u podru\u010dje za tr\u010danje - igru \u200b\u200bi zonu za odmor za va\u0161eg krznenog prijatelja.\" \/>\n<meta property=\"og:url\" content=\"https:\/\/inti.hr\/bs\/proizvod\/kavez-za-pse-s-2-vrata-107-x-70-x-749-cm\/\" \/>\n<meta property=\"og:site_name\" content=\"Inti\" \/>\n<meta property=\"og:image\" content=\"https:\/\/i0.wp.com\/inti.hr\/wp-content\/uploads\/2022\/11\/PPD001B01-2.jpg?fit=750%2C750&ssl=1\" \/>\n\t<meta property=\"og:image:width\" content=\"750\" \/>\n\t<meta property=\"og:image:height\" content=\"750\" \/>\n\t<meta property=\"og:image:type\" content=\"image\/jpeg\" \/>\n<meta name=\"twitter:card\" content=\"summary_large_image\" \/>\n<script type=\"application\/ld+json\" class=\"yoast-schema-graph\">{\"@context\":\"https:\/\/schema.org\",\"@graph\":[{\"@type\":\"WebPage\",\"@id\":\"https:\/\/inti.hr\/bs\/proizvod\/kavez-za-pse-s-2-vrata-107-x-70-x-749-cm\/\",\"url\":\"https:\/\/inti.hr\/bs\/proizvod\/kavez-za-pse-s-2-vrata-107-x-70-x-749-cm\/\",\"name\":\"Kavez za pse s 2 vrata 107 x 70 x 74,9 cm - Inti\",\"isPartOf\":{\"@id\":\"https:\/\/inti.hr\/bs\/#website\"},\"primaryImageOfPage\":{\"@id\":\"https:\/\/inti.hr\/bs\/proizvod\/kavez-za-pse-s-2-vrata-107-x-70-x-749-cm\/#primaryimage\"},\"image\":{\"@id\":\"https:\/\/inti.hr\/bs\/proizvod\/kavez-za-pse-s-2-vrata-107-x-70-x-749-cm\/#primaryimage\"},\"thumbnailUrl\":\"https:\/\/i0.wp.com\/inti.hr\/wp-content\/uploads\/2022\/11\/PPD001B01-2.jpg?fit=750%2C750&ssl=1\",\"datePublished\":\"2022-11-14T09:39:06+00:00\",\"dateModified\":\"2022-11-14T09:39:06+00:00\",\"description\":\"Robustan i siguran: kavez za pse opremljen je s 5 pre\u010dki u obliku slova L tako da va\u0161 pas ne mo\u017ee pobje\u0107i. Izra\u0111en od visokokvalitetnog metala, kavez je otporan na hr\u0111u, robustan je i izdr\u017eljiv te ima glatku povr\u0161inu - sigurno mjesto za va\u0161eg \u010detverono\u017enog prijatelja. Ovaj sanduk za pse 42\\\" x 27\\\" x 29.5\\\" prikladan je za pse te\u017eine izme\u0111u 32-42 kg. Preporu\u010dene pasmine: Border Collie, Ameri\u010dki buldog i Husky itd. Pogledajte upute za to\u010dnu metodu mjerenja. Transportni boks za pse ima velika ulazna vrata s integriranim preklopom za hranjenje. Zahvaljuju\u0107i izuzetno niskom pragu vrata, \u010dak i psi s kratkim nogama mogu u\u0107i u kavez s lako\u0107om i bez opasnosti od ozljede nogu. Odvojivi dijelovi - svestrani: kada va\u0161em psu treba vi\u0161e slobode, mo\u017eete odvojiti vrata sanduka.\u00a0Mo\u017eete ukloniti gornju re\u0161etkastu plo\u010du kako biste kutiju pretvorili u podru\u010dje za tr\u010danje - igru \u200b\u200bi zonu za odmor za va\u0161eg krznenog prijatelja.\",\"breadcrumb\":{\"@id\":\"https:\/\/inti.hr\/bs\/proizvod\/kavez-za-pse-s-2-vrata-107-x-70-x-749-cm\/#breadcrumb\"},\"inLanguage\":\"bs-BA\",\"potentialAction\":[{\"@type\":\"ReadAction\",\"target\":[\"https:\/\/inti.hr\/bs\/proizvod\/kavez-za-pse-s-2-vrata-107-x-70-x-749-cm\/\"]}]},{\"@type\":\"ImageObject\",\"inLanguage\":\"bs-BA\",\"@id\":\"https:\/\/inti.hr\/bs\/proizvod\/kavez-za-pse-s-2-vrata-107-x-70-x-749-cm\/#primaryimage\",\"url\":\"https:\/\/i0.wp.com\/inti.hr\/wp-content\/uploads\/2022\/11\/PPD001B01-2.jpg?fit=750%2C750&ssl=1\",\"contentUrl\":\"https:\/\/i0.wp.com\/inti.hr\/wp-content\/uploads\/2022\/11\/PPD001B01-2.jpg?fit=750%2C750&ssl=1\",\"width\":750,\"height\":750,\"caption\":\"Kavez za pse s 2 vrata\"},{\"@type\":\"BreadcrumbList\",\"@id\":\"https:\/\/inti.hr\/bs\/proizvod\/kavez-za-pse-s-2-vrata-107-x-70-x-749-cm\/#breadcrumb\",\"itemListElement\":[{\"@type\":\"ListItem\",\"position\":1,\"name\":\"Po\u010detna stranica\",\"item\":\"https:\/\/inti.hr\/bs\/\"},{\"@type\":\"ListItem\",\"position\":2,\"name\":\"Trgovina\",\"item\":\"https:\/\/inti.hr\/bs\/trgovina\/\"},{\"@type\":\"ListItem\",\"position\":3,\"name\":\"Kavez za pse s 2 vrata 107 x 70 x 74,9 cm\"}]},{\"@type\":\"WebSite\",\"@id\":\"https:\/\/inti.hr\/bs\/#website\",\"url\":\"https:\/\/inti.hr\/bs\/\",\"name\":\"Inti\",\"description\":\"trgovina\",\"potentialAction\":[{\"@type\":\"SearchAction\",\"target\":{\"@type\":\"EntryPoint\",\"urlTemplate\":\"https:\/\/inti.hr\/bs\/?s={search_term_string}\"},\"query-input\":{\"@type\":\"PropertyValueSpecification\",\"valueRequired\":true,\"valueName\":\"search_term_string\"}}],\"inLanguage\":\"bs-BA\"}]}<\/script>\n<!-- \/ Yoast SEO plugin. -->","yoast_head_json":{"title":"Kavez za pse s 2 vrata 107 x 70 x 74,9 cm - Inti","description":"Robustan i siguran: kavez za pse opremljen je s 5 pre\u010dki u obliku slova L tako da va\u0161 pas ne mo\u017ee pobje\u0107i. Izra\u0111en od visokokvalitetnog metala, kavez je otporan na hr\u0111u, robustan je i izdr\u017eljiv te ima glatku povr\u0161inu - sigurno mjesto za va\u0161eg \u010detverono\u017enog prijatelja. Ovaj sanduk za pse 42\" x 27\" x 29.5\" prikladan je za pse te\u017eine izme\u0111u 32-42 kg. Preporu\u010dene pasmine: Border Collie, Ameri\u010dki buldog i Husky itd. Pogledajte upute za to\u010dnu metodu mjerenja. Transportni boks za pse ima velika ulazna vrata s integriranim preklopom za hranjenje. Zahvaljuju\u0107i izuzetno niskom pragu vrata, \u010dak i psi s kratkim nogama mogu u\u0107i u kavez s lako\u0107om i bez opasnosti od ozljede nogu. Odvojivi dijelovi - svestrani: kada va\u0161em psu treba vi\u0161e slobode, mo\u017eete odvojiti vrata sanduka.\u00a0Mo\u017eete ukloniti gornju re\u0161etkastu plo\u010du kako biste kutiju pretvorili u podru\u010dje za tr\u010danje - igru \u200b\u200bi zonu za odmor za va\u0161eg krznenog prijatelja.","robots":{"index":"index","follow":"follow","max-snippet":"max-snippet:-1","max-image-preview":"max-image-preview:large","max-video-preview":"max-video-preview:-1"},"canonical":"https:\/\/inti.hr\/bs\/proizvod\/kavez-za-pse-s-2-vrata-107-x-70-x-749-cm\/","og_locale":"bs_BA","og_type":"article","og_title":"Kavez za pse s 2 vrata 107 x 70 x 74,9 cm - Inti","og_description":"Robustan i siguran: kavez za pse opremljen je s 5 pre\u010dki u obliku slova L tako da va\u0161 pas ne mo\u017ee pobje\u0107i. Izra\u0111en od visokokvalitetnog metala, kavez je otporan na hr\u0111u, robustan je i izdr\u017eljiv te ima glatku povr\u0161inu - sigurno mjesto za va\u0161eg \u010detverono\u017enog prijatelja. Ovaj sanduk za pse 42\" x 27\" x 29.5\" prikladan je za pse te\u017eine izme\u0111u 32-42 kg. Preporu\u010dene pasmine: Border Collie, Ameri\u010dki buldog i Husky itd. Pogledajte upute za to\u010dnu metodu mjerenja. Transportni boks za pse ima velika ulazna vrata s integriranim preklopom za hranjenje. Zahvaljuju\u0107i izuzetno niskom pragu vrata, \u010dak i psi s kratkim nogama mogu u\u0107i u kavez s lako\u0107om i bez opasnosti od ozljede nogu. Odvojivi dijelovi - svestrani: kada va\u0161em psu treba vi\u0161e slobode, mo\u017eete odvojiti vrata sanduka.\u00a0Mo\u017eete ukloniti gornju re\u0161etkastu plo\u010du kako biste kutiju pretvorili u podru\u010dje za tr\u010danje - igru \u200b\u200bi zonu za odmor za va\u0161eg krznenog prijatelja.","og_url":"https:\/\/inti.hr\/bs\/proizvod\/kavez-za-pse-s-2-vrata-107-x-70-x-749-cm\/","og_site_name":"Inti","og_image":[{"width":750,"height":750,"url":"https:\/\/i0.wp.com\/inti.hr\/wp-content\/uploads\/2022\/11\/PPD001B01-2.jpg?fit=750%2C750&ssl=1","type":"image\/jpeg"}],"twitter_card":"summary_large_image","schema":{"@context":"https:\/\/schema.org","@graph":[{"@type":"WebPage","@id":"https:\/\/inti.hr\/bs\/proizvod\/kavez-za-pse-s-2-vrata-107-x-70-x-749-cm\/","url":"https:\/\/inti.hr\/bs\/proizvod\/kavez-za-pse-s-2-vrata-107-x-70-x-749-cm\/","name":"Kavez za pse s 2 vrata 107 x 70 x 74,9 cm - Inti","isPartOf":{"@id":"https:\/\/inti.hr\/bs\/#website"},"primaryImageOfPage":{"@id":"https:\/\/inti.hr\/bs\/proizvod\/kavez-za-pse-s-2-vrata-107-x-70-x-749-cm\/#primaryimage"},"image":{"@id":"https:\/\/inti.hr\/bs\/proizvod\/kavez-za-pse-s-2-vrata-107-x-70-x-749-cm\/#primaryimage"},"thumbnailUrl":"https:\/\/i0.wp.com\/inti.hr\/wp-content\/uploads\/2022\/11\/PPD001B01-2.jpg?fit=750%2C750&ssl=1","datePublished":"2022-11-14T09:39:06+00:00","dateModified":"2022-11-14T09:39:06+00:00","description":"Robustan i siguran: kavez za pse opremljen je s 5 pre\u010dki u obliku slova L tako da va\u0161 pas ne mo\u017ee pobje\u0107i. Izra\u0111en od visokokvalitetnog metala, kavez je otporan na hr\u0111u, robustan je i izdr\u017eljiv te ima glatku povr\u0161inu - sigurno mjesto za va\u0161eg \u010detverono\u017enog prijatelja. Ovaj sanduk za pse 42\" x 27\" x 29.5\" prikladan je za pse te\u017eine izme\u0111u 32-42 kg. Preporu\u010dene pasmine: Border Collie, Ameri\u010dki buldog i Husky itd. Pogledajte upute za to\u010dnu metodu mjerenja. Transportni boks za pse ima velika ulazna vrata s integriranim preklopom za hranjenje. Zahvaljuju\u0107i izuzetno niskom pragu vrata, \u010dak i psi s kratkim nogama mogu u\u0107i u kavez s lako\u0107om i bez opasnosti od ozljede nogu. Odvojivi dijelovi - svestrani: kada va\u0161em psu treba vi\u0161e slobode, mo\u017eete odvojiti vrata sanduka.\u00a0Mo\u017eete ukloniti gornju re\u0161etkastu plo\u010du kako biste kutiju pretvorili u podru\u010dje za tr\u010danje - igru \u200b\u200bi zonu za odmor za va\u0161eg krznenog prijatelja.","breadcrumb":{"@id":"https:\/\/inti.hr\/bs\/proizvod\/kavez-za-pse-s-2-vrata-107-x-70-x-749-cm\/#breadcrumb"},"inLanguage":"bs-BA","potentialAction":[{"@type":"ReadAction","target":["https:\/\/inti.hr\/bs\/proizvod\/kavez-za-pse-s-2-vrata-107-x-70-x-749-cm\/"]}]},{"@type":"ImageObject","inLanguage":"bs-BA","@id":"https:\/\/inti.hr\/bs\/proizvod\/kavez-za-pse-s-2-vrata-107-x-70-x-749-cm\/#primaryimage","url":"https:\/\/i0.wp.com\/inti.hr\/wp-content\/uploads\/2022\/11\/PPD001B01-2.jpg?fit=750%2C750&ssl=1","contentUrl":"https:\/\/i0.wp.com\/inti.hr\/wp-content\/uploads\/2022\/11\/PPD001B01-2.jpg?fit=750%2C750&ssl=1","width":750,"height":750,"caption":"Kavez za pse s 2 vrata"},{"@type":"BreadcrumbList","@id":"https:\/\/inti.hr\/bs\/proizvod\/kavez-za-pse-s-2-vrata-107-x-70-x-749-cm\/#breadcrumb","itemListElement":[{"@type":"ListItem","position":1,"name":"Po\u010detna stranica","item":"https:\/\/inti.hr\/bs\/"},{"@type":"ListItem","position":2,"name":"Trgovina","item":"https:\/\/inti.hr\/bs\/trgovina\/"},{"@type":"ListItem","position":3,"name":"Kavez za pse s 2 vrata 107 x 70 x 74,9 cm"}]},{"@type":"WebSite","@id":"https:\/\/inti.hr\/bs\/#website","url":"https:\/\/inti.hr\/bs\/","name":"Inti","description":"trgovina","potentialAction":[{"@type":"SearchAction","target":{"@type":"EntryPoint","urlTemplate":"https:\/\/inti.hr\/bs\/?s={search_term_string}"},"query-input":{"@type":"PropertyValueSpecification","valueRequired":true,"valueName":"search_term_string"}}],"inLanguage":"bs-BA"}]}},"jetpack_sharing_enabled":true,"jetpack-related-posts":[],"_links":{"self":[{"href":"https:\/\/inti.hr\/bs\/wp-json\/wp\/v2\/product\/38263"}],"collection":[{"href":"https:\/\/inti.hr\/bs\/wp-json\/wp\/v2\/product"}],"about":[{"href":"https:\/\/inti.hr\/bs\/wp-json\/wp\/v2\/types\/product"}],"wp:featuredmedia":[{"embeddable":true,"href":"https:\/\/inti.hr\/bs\/wp-json\/wp\/v2\/media\/38264"}],"wp:attachment":[{"href":"https:\/\/inti.hr\/bs\/wp-json\/wp\/v2\/media?parent=38263"}],"wp:term":[{"taxonomy":"product_cat","embeddable":true,"href":"https:\/\/inti.hr\/bs\/wp-json\/wp\/v2\/product_cat?post=38263"},{"taxonomy":"product_tag","embeddable":true,"href":"https:\/\/inti.hr\/bs\/wp-json\/wp\/v2\/product_tag?post=38263"}],"curies":[{"name":"wp","href":"https:\/\/api.w.org\/{rel}","templated":true}]}}