{"id":38275,"date":"2022-11-14T09:17:24","date_gmt":"2022-11-14T09:17:24","guid":{"rendered":"https:\/\/inti.hr\/product\/grebalica-73-cm-s-igrackama\/"},"modified":"2022-11-14T09:17:24","modified_gmt":"2022-11-14T09:17:24","slug":"grebalica-73-cm-s-igrackama","status":"publish","type":"product","link":"https:\/\/inti.hr\/bs\/proizvod\/grebalica-73-cm-s-igrackama\/","title":{"rendered":"Grebalica 73 cm s igra\u010dkama"},"content":{"rendered":"<p>Detalji o proizvodu:<br \/>\n&#8211; Boja: vintage sme\u0111a<br \/>\n&#8211; Materijal: iverica, konop od sisala (debljine 8 mm)<br \/>\n&#8211; Veli\u010dina: 38 x 38 x 73 cm (D x \u0160 x V)<br \/>\n&#8211; Te\u017eina: 3,8 kg<\/p>\n","protected":false},"excerpt":{"rendered":"<p>Vrijeme je da svojoj ma\u010dki date vlastiti stup za grebanje kako &#8230; <\/p>\n","protected":false},"featured_media":38276,"template":"","meta":[],"product_cat":[2400],"product_tag":[3030,2644,5410],"yoast_head":"<!-- This site is optimized with the Yoast SEO plugin v23.7 - https:\/\/yoast.com\/wordpress\/plugins\/seo\/ -->\n<title>Grebalica 73 cm s igra\u010dkama - Inti<\/title>\n<meta name=\"description\" content=\"Vrijeme je da svojoj ma\u010dki date vlastiti stup za grebanje kako se va\u0161 namje\u0161taj vi\u0161e ne bi uni\u0161tavao. Izdr\u017eljiv materijal, dugotrajna zabava: o\u0161tre kand\u017ee? Bez straha. Ovo ma\u010dje drvce omotano je sisalom otpornim na habanje, savr\u0161eno za dugotrajnu zabavu i dugotrajnu upotrebu. Stabilan i siguran: s bazom od 38 x 38 cm i 4 jastu\u010di\u0107a protiv klizanja, ovaj stup za grebanje za ma\u010dke nudi stabilno i sigurno mjesto na kojem se mo\u017ee \u010de\u0161ati, igrati i penjati bez prevrtanja. Vi\u0161e zna\u010di udobnije: velike i male ma\u010dke vole se rastezati. Zato je ova grebalica visoka 73 cm, kako bi se va\u0161 mali \u010detverono\u017eni prijatelj mogao rastezati i intenzivno kretati. \u010ci\u0161\u0107enje? Nema problema: iverica \u010dini \u010di\u0161\u0107enje baze i vrha ovog stupa za grebanje lakim;\u00a0samo krpom uklonite dlake i prljav\u0161tinu.\" \/>\n<meta name=\"robots\" content=\"index, follow, max-snippet:-1, max-image-preview:large, max-video-preview:-1\" \/>\n<link rel=\"canonical\" href=\"https:\/\/inti.hr\/bs\/proizvod\/grebalica-73-cm-s-igrackama\/\" \/>\n<meta property=\"og:locale\" content=\"bs_BA\" \/>\n<meta property=\"og:type\" content=\"article\" \/>\n<meta property=\"og:title\" content=\"Grebalica 73 cm s igra\u010dkama - Inti\" \/>\n<meta property=\"og:description\" content=\"Vrijeme je da svojoj ma\u010dki date vlastiti stup za grebanje kako se va\u0161 namje\u0161taj vi\u0161e ne bi uni\u0161tavao. Izdr\u017eljiv materijal, dugotrajna zabava: o\u0161tre kand\u017ee? Bez straha. Ovo ma\u010dje drvce omotano je sisalom otpornim na habanje, savr\u0161eno za dugotrajnu zabavu i dugotrajnu upotrebu. Stabilan i siguran: s bazom od 38 x 38 cm i 4 jastu\u010di\u0107a protiv klizanja, ovaj stup za grebanje za ma\u010dke nudi stabilno i sigurno mjesto na kojem se mo\u017ee \u010de\u0161ati, igrati i penjati bez prevrtanja. Vi\u0161e zna\u010di udobnije: velike i male ma\u010dke vole se rastezati. Zato je ova grebalica visoka 73 cm, kako bi se va\u0161 mali \u010detverono\u017eni prijatelj mogao rastezati i intenzivno kretati. \u010ci\u0161\u0107enje? Nema problema: iverica \u010dini \u010di\u0161\u0107enje baze i vrha ovog stupa za grebanje lakim;\u00a0samo krpom uklonite dlake i prljav\u0161tinu.\" \/>\n<meta property=\"og:url\" content=\"https:\/\/inti.hr\/bs\/proizvod\/grebalica-73-cm-s-igrackama\/\" \/>\n<meta property=\"og:site_name\" content=\"Inti\" \/>\n<meta property=\"og:image\" content=\"https:\/\/i0.wp.com\/inti.hr\/wp-content\/uploads\/2022\/11\/PCA021X01-3.jpg?fit=750%2C750&ssl=1\" \/>\n\t<meta property=\"og:image:width\" content=\"750\" \/>\n\t<meta property=\"og:image:height\" content=\"750\" \/>\n\t<meta property=\"og:image:type\" content=\"image\/jpeg\" \/>\n<meta name=\"twitter:card\" content=\"summary_large_image\" \/>\n<script type=\"application\/ld+json\" class=\"yoast-schema-graph\">{\"@context\":\"https:\/\/schema.org\",\"@graph\":[{\"@type\":\"WebPage\",\"@id\":\"https:\/\/inti.hr\/bs\/proizvod\/grebalica-73-cm-s-igrackama\/\",\"url\":\"https:\/\/inti.hr\/bs\/proizvod\/grebalica-73-cm-s-igrackama\/\",\"name\":\"Grebalica 73 cm s igra\u010dkama - Inti\",\"isPartOf\":{\"@id\":\"https:\/\/inti.hr\/bs\/#website\"},\"primaryImageOfPage\":{\"@id\":\"https:\/\/inti.hr\/bs\/proizvod\/grebalica-73-cm-s-igrackama\/#primaryimage\"},\"image\":{\"@id\":\"https:\/\/inti.hr\/bs\/proizvod\/grebalica-73-cm-s-igrackama\/#primaryimage\"},\"thumbnailUrl\":\"https:\/\/i0.wp.com\/inti.hr\/wp-content\/uploads\/2022\/11\/PCA021X01-3.jpg?fit=750%2C750&ssl=1\",\"datePublished\":\"2022-11-14T09:17:24+00:00\",\"dateModified\":\"2022-11-14T09:17:24+00:00\",\"description\":\"Vrijeme je da svojoj ma\u010dki date vlastiti stup za grebanje kako se va\u0161 namje\u0161taj vi\u0161e ne bi uni\u0161tavao. Izdr\u017eljiv materijal, dugotrajna zabava: o\u0161tre kand\u017ee? Bez straha. Ovo ma\u010dje drvce omotano je sisalom otpornim na habanje, savr\u0161eno za dugotrajnu zabavu i dugotrajnu upotrebu. Stabilan i siguran: s bazom od 38 x 38 cm i 4 jastu\u010di\u0107a protiv klizanja, ovaj stup za grebanje za ma\u010dke nudi stabilno i sigurno mjesto na kojem se mo\u017ee \u010de\u0161ati, igrati i penjati bez prevrtanja. Vi\u0161e zna\u010di udobnije: velike i male ma\u010dke vole se rastezati. Zato je ova grebalica visoka 73 cm, kako bi se va\u0161 mali \u010detverono\u017eni prijatelj mogao rastezati i intenzivno kretati. \u010ci\u0161\u0107enje? Nema problema: iverica \u010dini \u010di\u0161\u0107enje baze i vrha ovog stupa za grebanje lakim;\u00a0samo krpom uklonite dlake i prljav\u0161tinu.\",\"breadcrumb\":{\"@id\":\"https:\/\/inti.hr\/bs\/proizvod\/grebalica-73-cm-s-igrackama\/#breadcrumb\"},\"inLanguage\":\"bs-BA\",\"potentialAction\":[{\"@type\":\"ReadAction\",\"target\":[\"https:\/\/inti.hr\/bs\/proizvod\/grebalica-73-cm-s-igrackama\/\"]}]},{\"@type\":\"ImageObject\",\"inLanguage\":\"bs-BA\",\"@id\":\"https:\/\/inti.hr\/bs\/proizvod\/grebalica-73-cm-s-igrackama\/#primaryimage\",\"url\":\"https:\/\/i0.wp.com\/inti.hr\/wp-content\/uploads\/2022\/11\/PCA021X01-3.jpg?fit=750%2C750&ssl=1\",\"contentUrl\":\"https:\/\/i0.wp.com\/inti.hr\/wp-content\/uploads\/2022\/11\/PCA021X01-3.jpg?fit=750%2C750&ssl=1\",\"width\":750,\"height\":750,\"caption\":\"grebalice za ku\u0107ne ljubimce ma\u010dke\"},{\"@type\":\"BreadcrumbList\",\"@id\":\"https:\/\/inti.hr\/bs\/proizvod\/grebalica-73-cm-s-igrackama\/#breadcrumb\",\"itemListElement\":[{\"@type\":\"ListItem\",\"position\":1,\"name\":\"Po\u010detna stranica\",\"item\":\"https:\/\/inti.hr\/bs\/\"},{\"@type\":\"ListItem\",\"position\":2,\"name\":\"Trgovina\",\"item\":\"https:\/\/inti.hr\/bs\/trgovina\/\"},{\"@type\":\"ListItem\",\"position\":3,\"name\":\"Grebalica 73 cm s igra\u010dkama\"}]},{\"@type\":\"WebSite\",\"@id\":\"https:\/\/inti.hr\/bs\/#website\",\"url\":\"https:\/\/inti.hr\/bs\/\",\"name\":\"Inti\",\"description\":\"trgovina\",\"potentialAction\":[{\"@type\":\"SearchAction\",\"target\":{\"@type\":\"EntryPoint\",\"urlTemplate\":\"https:\/\/inti.hr\/bs\/?s={search_term_string}\"},\"query-input\":{\"@type\":\"PropertyValueSpecification\",\"valueRequired\":true,\"valueName\":\"search_term_string\"}}],\"inLanguage\":\"bs-BA\"}]}<\/script>\n<!-- \/ Yoast SEO plugin. -->","yoast_head_json":{"title":"Grebalica 73 cm s igra\u010dkama - Inti","description":"Vrijeme je da svojoj ma\u010dki date vlastiti stup za grebanje kako se va\u0161 namje\u0161taj vi\u0161e ne bi uni\u0161tavao. Izdr\u017eljiv materijal, dugotrajna zabava: o\u0161tre kand\u017ee? Bez straha. Ovo ma\u010dje drvce omotano je sisalom otpornim na habanje, savr\u0161eno za dugotrajnu zabavu i dugotrajnu upotrebu. Stabilan i siguran: s bazom od 38 x 38 cm i 4 jastu\u010di\u0107a protiv klizanja, ovaj stup za grebanje za ma\u010dke nudi stabilno i sigurno mjesto na kojem se mo\u017ee \u010de\u0161ati, igrati i penjati bez prevrtanja. Vi\u0161e zna\u010di udobnije: velike i male ma\u010dke vole se rastezati. Zato je ova grebalica visoka 73 cm, kako bi se va\u0161 mali \u010detverono\u017eni prijatelj mogao rastezati i intenzivno kretati. \u010ci\u0161\u0107enje? Nema problema: iverica \u010dini \u010di\u0161\u0107enje baze i vrha ovog stupa za grebanje lakim;\u00a0samo krpom uklonite dlake i prljav\u0161tinu.","robots":{"index":"index","follow":"follow","max-snippet":"max-snippet:-1","max-image-preview":"max-image-preview:large","max-video-preview":"max-video-preview:-1"},"canonical":"https:\/\/inti.hr\/bs\/proizvod\/grebalica-73-cm-s-igrackama\/","og_locale":"bs_BA","og_type":"article","og_title":"Grebalica 73 cm s igra\u010dkama - Inti","og_description":"Vrijeme je da svojoj ma\u010dki date vlastiti stup za grebanje kako se va\u0161 namje\u0161taj vi\u0161e ne bi uni\u0161tavao. Izdr\u017eljiv materijal, dugotrajna zabava: o\u0161tre kand\u017ee? Bez straha. Ovo ma\u010dje drvce omotano je sisalom otpornim na habanje, savr\u0161eno za dugotrajnu zabavu i dugotrajnu upotrebu. Stabilan i siguran: s bazom od 38 x 38 cm i 4 jastu\u010di\u0107a protiv klizanja, ovaj stup za grebanje za ma\u010dke nudi stabilno i sigurno mjesto na kojem se mo\u017ee \u010de\u0161ati, igrati i penjati bez prevrtanja. Vi\u0161e zna\u010di udobnije: velike i male ma\u010dke vole se rastezati. Zato je ova grebalica visoka 73 cm, kako bi se va\u0161 mali \u010detverono\u017eni prijatelj mogao rastezati i intenzivno kretati. \u010ci\u0161\u0107enje? Nema problema: iverica \u010dini \u010di\u0161\u0107enje baze i vrha ovog stupa za grebanje lakim;\u00a0samo krpom uklonite dlake i prljav\u0161tinu.","og_url":"https:\/\/inti.hr\/bs\/proizvod\/grebalica-73-cm-s-igrackama\/","og_site_name":"Inti","og_image":[{"width":750,"height":750,"url":"https:\/\/i0.wp.com\/inti.hr\/wp-content\/uploads\/2022\/11\/PCA021X01-3.jpg?fit=750%2C750&ssl=1","type":"image\/jpeg"}],"twitter_card":"summary_large_image","schema":{"@context":"https:\/\/schema.org","@graph":[{"@type":"WebPage","@id":"https:\/\/inti.hr\/bs\/proizvod\/grebalica-73-cm-s-igrackama\/","url":"https:\/\/inti.hr\/bs\/proizvod\/grebalica-73-cm-s-igrackama\/","name":"Grebalica 73 cm s igra\u010dkama - Inti","isPartOf":{"@id":"https:\/\/inti.hr\/bs\/#website"},"primaryImageOfPage":{"@id":"https:\/\/inti.hr\/bs\/proizvod\/grebalica-73-cm-s-igrackama\/#primaryimage"},"image":{"@id":"https:\/\/inti.hr\/bs\/proizvod\/grebalica-73-cm-s-igrackama\/#primaryimage"},"thumbnailUrl":"https:\/\/i0.wp.com\/inti.hr\/wp-content\/uploads\/2022\/11\/PCA021X01-3.jpg?fit=750%2C750&ssl=1","datePublished":"2022-11-14T09:17:24+00:00","dateModified":"2022-11-14T09:17:24+00:00","description":"Vrijeme je da svojoj ma\u010dki date vlastiti stup za grebanje kako se va\u0161 namje\u0161taj vi\u0161e ne bi uni\u0161tavao. Izdr\u017eljiv materijal, dugotrajna zabava: o\u0161tre kand\u017ee? Bez straha. Ovo ma\u010dje drvce omotano je sisalom otpornim na habanje, savr\u0161eno za dugotrajnu zabavu i dugotrajnu upotrebu. Stabilan i siguran: s bazom od 38 x 38 cm i 4 jastu\u010di\u0107a protiv klizanja, ovaj stup za grebanje za ma\u010dke nudi stabilno i sigurno mjesto na kojem se mo\u017ee \u010de\u0161ati, igrati i penjati bez prevrtanja. Vi\u0161e zna\u010di udobnije: velike i male ma\u010dke vole se rastezati. Zato je ova grebalica visoka 73 cm, kako bi se va\u0161 mali \u010detverono\u017eni prijatelj mogao rastezati i intenzivno kretati. \u010ci\u0161\u0107enje? Nema problema: iverica \u010dini \u010di\u0161\u0107enje baze i vrha ovog stupa za grebanje lakim;\u00a0samo krpom uklonite dlake i prljav\u0161tinu.","breadcrumb":{"@id":"https:\/\/inti.hr\/bs\/proizvod\/grebalica-73-cm-s-igrackama\/#breadcrumb"},"inLanguage":"bs-BA","potentialAction":[{"@type":"ReadAction","target":["https:\/\/inti.hr\/bs\/proizvod\/grebalica-73-cm-s-igrackama\/"]}]},{"@type":"ImageObject","inLanguage":"bs-BA","@id":"https:\/\/inti.hr\/bs\/proizvod\/grebalica-73-cm-s-igrackama\/#primaryimage","url":"https:\/\/i0.wp.com\/inti.hr\/wp-content\/uploads\/2022\/11\/PCA021X01-3.jpg?fit=750%2C750&ssl=1","contentUrl":"https:\/\/i0.wp.com\/inti.hr\/wp-content\/uploads\/2022\/11\/PCA021X01-3.jpg?fit=750%2C750&ssl=1","width":750,"height":750,"caption":"grebalice za ku\u0107ne ljubimce ma\u010dke"},{"@type":"BreadcrumbList","@id":"https:\/\/inti.hr\/bs\/proizvod\/grebalica-73-cm-s-igrackama\/#breadcrumb","itemListElement":[{"@type":"ListItem","position":1,"name":"Po\u010detna stranica","item":"https:\/\/inti.hr\/bs\/"},{"@type":"ListItem","position":2,"name":"Trgovina","item":"https:\/\/inti.hr\/bs\/trgovina\/"},{"@type":"ListItem","position":3,"name":"Grebalica 73 cm s igra\u010dkama"}]},{"@type":"WebSite","@id":"https:\/\/inti.hr\/bs\/#website","url":"https:\/\/inti.hr\/bs\/","name":"Inti","description":"trgovina","potentialAction":[{"@type":"SearchAction","target":{"@type":"EntryPoint","urlTemplate":"https:\/\/inti.hr\/bs\/?s={search_term_string}"},"query-input":{"@type":"PropertyValueSpecification","valueRequired":true,"valueName":"search_term_string"}}],"inLanguage":"bs-BA"}]}},"jetpack_sharing_enabled":true,"jetpack-related-posts":[],"_links":{"self":[{"href":"https:\/\/inti.hr\/bs\/wp-json\/wp\/v2\/product\/38275"}],"collection":[{"href":"https:\/\/inti.hr\/bs\/wp-json\/wp\/v2\/product"}],"about":[{"href":"https:\/\/inti.hr\/bs\/wp-json\/wp\/v2\/types\/product"}],"wp:featuredmedia":[{"embeddable":true,"href":"https:\/\/inti.hr\/bs\/wp-json\/wp\/v2\/media\/38276"}],"wp:attachment":[{"href":"https:\/\/inti.hr\/bs\/wp-json\/wp\/v2\/media?parent=38275"}],"wp:term":[{"taxonomy":"product_cat","embeddable":true,"href":"https:\/\/inti.hr\/bs\/wp-json\/wp\/v2\/product_cat?post=38275"},{"taxonomy":"product_tag","embeddable":true,"href":"https:\/\/inti.hr\/bs\/wp-json\/wp\/v2\/product_tag?post=38275"}],"curies":[{"name":"wp","href":"https:\/\/api.w.org\/{rel}","templated":true}]}}