{"id":38395,"date":"2022-03-10T07:40:43","date_gmt":"2022-03-10T07:40:43","guid":{"rendered":"https:\/\/inti.hr\/product\/4-dijelni-set-balkonskog-namjestaja-terasa-vrtna-garnitura\/"},"modified":"2022-03-10T07:40:43","modified_gmt":"2022-03-10T07:40:43","slug":"4-dijelni-set-balkonskog-namjestaja-terasa-vrtna-garnitura","status":"publish","type":"product","link":"https:\/\/inti.hr\/bs\/proizvod\/4-dijelni-set-balkonskog-namjestaja-terasa-vrtna-garnitura\/","title":{"rendered":"4-dijelni set balkonskog namje\u0161taja"},"content":{"rendered":"<p><b>Detalji o proizvodu:<\/b><\/p>\n<p>Boja: sme\u0111e-taupe<\/p>\n<p>Materijal stolice, stola i sofe: pocin\u010dani metalni okvir, PE poli ratan, kaljeno staklo,<\/p>\n<p>Materijal jastuka: podstava VFT (Vertical Fiber Technology), presvlaka od poliesterske tkanine<\/p>\n<p>Veli\u010dina stolice: 56,5 x 54,5 x 81,5 cm (D x \u0160 x V)<\/p>\n<p>Veli\u010dina kau\u010da: 99 x 54,5 x 81,5 cm (D x \u0160 x V)<\/p>\n<p>Veli\u010dina stola: 71 x 41 x 39 cm (D x \u0160 x V)<\/p>\n<p>Ukupna te\u017eina: 25,4 kg<\/p>\n<p>Maksimalna stati\u010dka nosivost po stolici: 150 kg<\/p>\n<p>Maksimalna stati\u010dka nosivost sofe: 200 kg<\/p>\n<p>Maksimalna stati\u010dka nosivost stola: 30 kg.<\/p>\n<p>&nbsp;<\/p>\n<p>Jednostavan izgled i \u010dvrste metalne noge nagla\u0161avaju moderni \u0161arm ovog seta vrtnog namje\u0161taja.\u00a0PE povr\u0161ina od ratana daje notu dobrodo\u0161lice va\u0161em ljetnom vrtu. Ovaj set balkonskog namje\u0161taja izra\u0111en je od robusnog poliratana PE, otpornog na vremenske utjecaje i poduprt je \u010dvrstim metalnim okvirom, tako da mo\u017ee izdr\u017eati sile prirode i pre\u017eivjeti mnoge o\u0161tre zime.<\/p>\n","protected":false},"excerpt":{"rendered":"<p>Balkonska garnitura, vrtna garnitura, od PE poliratana, garnitura za odmor, vrtna &#8230; <\/p>\n","protected":false},"featured_media":38397,"template":"","meta":[],"product_cat":[2452],"product_tag":[5462,5463,2525],"yoast_head":"<!-- This site is optimized with the Yoast SEO plugin v23.7 - https:\/\/yoast.com\/wordpress\/plugins\/seo\/ -->\n<title>4-dijelni set balkonskog namje\u0161taja - Inti<\/title>\n<meta name=\"description\" content=\"balkonska garnitura, vrtna garnitura, od PE poliratana, garnitura za odmor, vrtna garnitura, vanjska, za terasu, balkon, vrt, sme\u0111e-taupe\" \/>\n<meta name=\"robots\" content=\"index, follow, max-snippet:-1, max-image-preview:large, max-video-preview:-1\" \/>\n<link rel=\"canonical\" href=\"https:\/\/inti.hr\/bs\/proizvod\/4-dijelni-set-balkonskog-namjestaja-terasa-vrtna-garnitura\/\" \/>\n<meta property=\"og:locale\" content=\"bs_BA\" \/>\n<meta property=\"og:type\" content=\"article\" \/>\n<meta property=\"og:title\" content=\"4-dijelni set balkonskog namje\u0161taja - Inti\" \/>\n<meta property=\"og:description\" content=\"balkonska garnitura, vrtna garnitura, od PE poliratana, garnitura za odmor, vrtna garnitura, vanjska, za terasu, balkon, vrt, sme\u0111e-taupe\" \/>\n<meta property=\"og:url\" content=\"https:\/\/inti.hr\/bs\/proizvod\/4-dijelni-set-balkonskog-namjestaja-terasa-vrtna-garnitura\/\" \/>\n<meta property=\"og:site_name\" content=\"Inti\" \/>\n<meta property=\"og:image\" content=\"https:\/\/i0.wp.com\/inti.hr\/wp-content\/uploads\/2022\/03\/919TSVlyUKL._AC_SL1500_.jpg?fit=1500%2C1500&ssl=1\" \/>\n\t<meta property=\"og:image:width\" content=\"1500\" \/>\n\t<meta property=\"og:image:height\" content=\"1500\" \/>\n\t<meta property=\"og:image:type\" content=\"image\/jpeg\" \/>\n<meta name=\"twitter:card\" content=\"summary_large_image\" \/>\n<meta name=\"twitter:label1\" content=\"Est. reading time\" \/>\n\t<meta name=\"twitter:data1\" content=\"1 minuta\" \/>\n<script type=\"application\/ld+json\" class=\"yoast-schema-graph\">{\"@context\":\"https:\/\/schema.org\",\"@graph\":[{\"@type\":\"WebPage\",\"@id\":\"https:\/\/inti.hr\/bs\/proizvod\/4-dijelni-set-balkonskog-namjestaja-terasa-vrtna-garnitura\/\",\"url\":\"https:\/\/inti.hr\/bs\/proizvod\/4-dijelni-set-balkonskog-namjestaja-terasa-vrtna-garnitura\/\",\"name\":\"4-dijelni set balkonskog namje\u0161taja - Inti\",\"isPartOf\":{\"@id\":\"https:\/\/inti.hr\/bs\/#website\"},\"primaryImageOfPage\":{\"@id\":\"https:\/\/inti.hr\/bs\/proizvod\/4-dijelni-set-balkonskog-namjestaja-terasa-vrtna-garnitura\/#primaryimage\"},\"image\":{\"@id\":\"https:\/\/inti.hr\/bs\/proizvod\/4-dijelni-set-balkonskog-namjestaja-terasa-vrtna-garnitura\/#primaryimage\"},\"thumbnailUrl\":\"https:\/\/i0.wp.com\/inti.hr\/wp-content\/uploads\/2022\/03\/919TSVlyUKL._AC_SL1500_.jpg?fit=1500%2C1500&ssl=1\",\"datePublished\":\"2022-03-10T07:40:43+00:00\",\"dateModified\":\"2022-03-10T07:40:43+00:00\",\"description\":\"balkonska garnitura, vrtna garnitura, od PE poliratana, garnitura za odmor, vrtna garnitura, vanjska, za terasu, balkon, vrt, sme\u0111e-taupe\",\"breadcrumb\":{\"@id\":\"https:\/\/inti.hr\/bs\/proizvod\/4-dijelni-set-balkonskog-namjestaja-terasa-vrtna-garnitura\/#breadcrumb\"},\"inLanguage\":\"bs-BA\",\"potentialAction\":[{\"@type\":\"ReadAction\",\"target\":[\"https:\/\/inti.hr\/bs\/proizvod\/4-dijelni-set-balkonskog-namjestaja-terasa-vrtna-garnitura\/\"]}]},{\"@type\":\"ImageObject\",\"inLanguage\":\"bs-BA\",\"@id\":\"https:\/\/inti.hr\/bs\/proizvod\/4-dijelni-set-balkonskog-namjestaja-terasa-vrtna-garnitura\/#primaryimage\",\"url\":\"https:\/\/i0.wp.com\/inti.hr\/wp-content\/uploads\/2022\/03\/919TSVlyUKL._AC_SL1500_.jpg?fit=1500%2C1500&ssl=1\",\"contentUrl\":\"https:\/\/i0.wp.com\/inti.hr\/wp-content\/uploads\/2022\/03\/919TSVlyUKL._AC_SL1500_.jpg?fit=1500%2C1500&ssl=1\",\"width\":1500,\"height\":1500,\"caption\":\"set balkonskog namje\u0161taja vrtna garnitura\"},{\"@type\":\"BreadcrumbList\",\"@id\":\"https:\/\/inti.hr\/bs\/proizvod\/4-dijelni-set-balkonskog-namjestaja-terasa-vrtna-garnitura\/#breadcrumb\",\"itemListElement\":[{\"@type\":\"ListItem\",\"position\":1,\"name\":\"Po\u010detna stranica\",\"item\":\"https:\/\/inti.hr\/bs\/\"},{\"@type\":\"ListItem\",\"position\":2,\"name\":\"Trgovina\",\"item\":\"https:\/\/inti.hr\/bs\/trgovina\/\"},{\"@type\":\"ListItem\",\"position\":3,\"name\":\"4-dijelni set balkonskog namje\u0161taja\"}]},{\"@type\":\"WebSite\",\"@id\":\"https:\/\/inti.hr\/bs\/#website\",\"url\":\"https:\/\/inti.hr\/bs\/\",\"name\":\"Inti\",\"description\":\"trgovina\",\"potentialAction\":[{\"@type\":\"SearchAction\",\"target\":{\"@type\":\"EntryPoint\",\"urlTemplate\":\"https:\/\/inti.hr\/bs\/?s={search_term_string}\"},\"query-input\":{\"@type\":\"PropertyValueSpecification\",\"valueRequired\":true,\"valueName\":\"search_term_string\"}}],\"inLanguage\":\"bs-BA\"}]}<\/script>\n<!-- \/ Yoast SEO plugin. -->","yoast_head_json":{"title":"4-dijelni set balkonskog namje\u0161taja - Inti","description":"balkonska garnitura, vrtna garnitura, od PE poliratana, garnitura za odmor, vrtna garnitura, vanjska, za terasu, balkon, vrt, sme\u0111e-taupe","robots":{"index":"index","follow":"follow","max-snippet":"max-snippet:-1","max-image-preview":"max-image-preview:large","max-video-preview":"max-video-preview:-1"},"canonical":"https:\/\/inti.hr\/bs\/proizvod\/4-dijelni-set-balkonskog-namjestaja-terasa-vrtna-garnitura\/","og_locale":"bs_BA","og_type":"article","og_title":"4-dijelni set balkonskog namje\u0161taja - Inti","og_description":"balkonska garnitura, vrtna garnitura, od PE poliratana, garnitura za odmor, vrtna garnitura, vanjska, za terasu, balkon, vrt, sme\u0111e-taupe","og_url":"https:\/\/inti.hr\/bs\/proizvod\/4-dijelni-set-balkonskog-namjestaja-terasa-vrtna-garnitura\/","og_site_name":"Inti","og_image":[{"width":1500,"height":1500,"url":"https:\/\/i0.wp.com\/inti.hr\/wp-content\/uploads\/2022\/03\/919TSVlyUKL._AC_SL1500_.jpg?fit=1500%2C1500&ssl=1","type":"image\/jpeg"}],"twitter_card":"summary_large_image","twitter_misc":{"Est. reading time":"1 minuta"},"schema":{"@context":"https:\/\/schema.org","@graph":[{"@type":"WebPage","@id":"https:\/\/inti.hr\/bs\/proizvod\/4-dijelni-set-balkonskog-namjestaja-terasa-vrtna-garnitura\/","url":"https:\/\/inti.hr\/bs\/proizvod\/4-dijelni-set-balkonskog-namjestaja-terasa-vrtna-garnitura\/","name":"4-dijelni set balkonskog namje\u0161taja - Inti","isPartOf":{"@id":"https:\/\/inti.hr\/bs\/#website"},"primaryImageOfPage":{"@id":"https:\/\/inti.hr\/bs\/proizvod\/4-dijelni-set-balkonskog-namjestaja-terasa-vrtna-garnitura\/#primaryimage"},"image":{"@id":"https:\/\/inti.hr\/bs\/proizvod\/4-dijelni-set-balkonskog-namjestaja-terasa-vrtna-garnitura\/#primaryimage"},"thumbnailUrl":"https:\/\/i0.wp.com\/inti.hr\/wp-content\/uploads\/2022\/03\/919TSVlyUKL._AC_SL1500_.jpg?fit=1500%2C1500&ssl=1","datePublished":"2022-03-10T07:40:43+00:00","dateModified":"2022-03-10T07:40:43+00:00","description":"balkonska garnitura, vrtna garnitura, od PE poliratana, garnitura za odmor, vrtna garnitura, vanjska, za terasu, balkon, vrt, sme\u0111e-taupe","breadcrumb":{"@id":"https:\/\/inti.hr\/bs\/proizvod\/4-dijelni-set-balkonskog-namjestaja-terasa-vrtna-garnitura\/#breadcrumb"},"inLanguage":"bs-BA","potentialAction":[{"@type":"ReadAction","target":["https:\/\/inti.hr\/bs\/proizvod\/4-dijelni-set-balkonskog-namjestaja-terasa-vrtna-garnitura\/"]}]},{"@type":"ImageObject","inLanguage":"bs-BA","@id":"https:\/\/inti.hr\/bs\/proizvod\/4-dijelni-set-balkonskog-namjestaja-terasa-vrtna-garnitura\/#primaryimage","url":"https:\/\/i0.wp.com\/inti.hr\/wp-content\/uploads\/2022\/03\/919TSVlyUKL._AC_SL1500_.jpg?fit=1500%2C1500&ssl=1","contentUrl":"https:\/\/i0.wp.com\/inti.hr\/wp-content\/uploads\/2022\/03\/919TSVlyUKL._AC_SL1500_.jpg?fit=1500%2C1500&ssl=1","width":1500,"height":1500,"caption":"set balkonskog namje\u0161taja vrtna garnitura"},{"@type":"BreadcrumbList","@id":"https:\/\/inti.hr\/bs\/proizvod\/4-dijelni-set-balkonskog-namjestaja-terasa-vrtna-garnitura\/#breadcrumb","itemListElement":[{"@type":"ListItem","position":1,"name":"Po\u010detna stranica","item":"https:\/\/inti.hr\/bs\/"},{"@type":"ListItem","position":2,"name":"Trgovina","item":"https:\/\/inti.hr\/bs\/trgovina\/"},{"@type":"ListItem","position":3,"name":"4-dijelni set balkonskog namje\u0161taja"}]},{"@type":"WebSite","@id":"https:\/\/inti.hr\/bs\/#website","url":"https:\/\/inti.hr\/bs\/","name":"Inti","description":"trgovina","potentialAction":[{"@type":"SearchAction","target":{"@type":"EntryPoint","urlTemplate":"https:\/\/inti.hr\/bs\/?s={search_term_string}"},"query-input":{"@type":"PropertyValueSpecification","valueRequired":true,"valueName":"search_term_string"}}],"inLanguage":"bs-BA"}]}},"jetpack_sharing_enabled":true,"jetpack-related-posts":[],"_links":{"self":[{"href":"https:\/\/inti.hr\/bs\/wp-json\/wp\/v2\/product\/38395"}],"collection":[{"href":"https:\/\/inti.hr\/bs\/wp-json\/wp\/v2\/product"}],"about":[{"href":"https:\/\/inti.hr\/bs\/wp-json\/wp\/v2\/types\/product"}],"wp:featuredmedia":[{"embeddable":true,"href":"https:\/\/inti.hr\/bs\/wp-json\/wp\/v2\/media\/38397"}],"wp:attachment":[{"href":"https:\/\/inti.hr\/bs\/wp-json\/wp\/v2\/media?parent=38395"}],"wp:term":[{"taxonomy":"product_cat","embeddable":true,"href":"https:\/\/inti.hr\/bs\/wp-json\/wp\/v2\/product_cat?post=38395"},{"taxonomy":"product_tag","embeddable":true,"href":"https:\/\/inti.hr\/bs\/wp-json\/wp\/v2\/product_tag?post=38395"}],"curies":[{"name":"wp","href":"https:\/\/api.w.org\/{rel}","templated":true}]}}