{"id":38405,"date":"2022-03-03T08:21:43","date_gmt":"2022-03-03T08:21:43","guid":{"rendered":"https:\/\/inti.hr\/product\/drvene-barske-stolice\/"},"modified":"2022-03-03T08:21:43","modified_gmt":"2022-03-03T08:21:43","slug":"drvene-barske-stolice","status":"publish","type":"product","link":"https:\/\/inti.hr\/bs\/proizvod\/drvene-barske-stolice\/","title":{"rendered":"Drvene barske stolice"},"content":{"rendered":"<p>Detalji proizvoda:<\/p>\n<p>Materijal: Struktura oblo\u017eena \u017eeljeznim prahom. MDF plo\u010de (povr\u0161ina: drveni furnir)<br \/>\nMjere sjedala: \u016039 * D39 * V67 cm<br \/>\nTe\u017eina po stolici: 6 kg<br \/>\nMaksimalno optere\u0107enje: 100 kg<br \/>\nS uputama za monta\u017eu i vijcima. Jednostavna instalacija.<\/p>\n<p>U setu dolaze dvije stolice.<\/p>\n","protected":false},"excerpt":{"rendered":"<p>Ako \u017eelite prona\u0107i odgovaraju\u0107u barsku stolicu za svoju kuhinju \/ blagovaonicu &#8230; <\/p>\n","protected":false},"featured_media":38406,"template":"","meta":[],"product_cat":[2726,2536,2810],"product_tag":[2918,5468],"yoast_head":"<!-- This site is optimized with the Yoast SEO plugin v23.7 - https:\/\/yoast.com\/wordpress\/plugins\/seo\/ -->\n<title>Drvene barske stolice - Inti<\/title>\n<meta name=\"description\" content=\"Ako \u017eelite prona\u0107i odgovaraju\u0107u barsku stolicu za svoju kuhinju \/ blagovaonicu \/ ured ili restoran, preporu\u010damo ovaj set od 2 barske stolice s obzirom na njegovu funkciju i jednostavan dizajn.Moderan, elegantan i dinami\u010dan dizajn, izra\u0111en od najboljih materijala, idealan za barove i kuhinje.Sa svojim drvenim sjedalom i ergonomski dizajniranim naslonom, mo\u017eete se zabaviti nakon posla. Stoga odmah ponesite ovu stolicu u svoj dom!\" \/>\n<meta name=\"robots\" content=\"index, follow, max-snippet:-1, max-image-preview:large, max-video-preview:-1\" \/>\n<link rel=\"canonical\" href=\"https:\/\/inti.hr\/bs\/proizvod\/drvene-barske-stolice\/\" \/>\n<meta property=\"og:locale\" content=\"bs_BA\" \/>\n<meta property=\"og:type\" content=\"article\" \/>\n<meta property=\"og:title\" content=\"Drvene barske stolice - Inti\" \/>\n<meta property=\"og:description\" content=\"Ako \u017eelite prona\u0107i odgovaraju\u0107u barsku stolicu za svoju kuhinju \/ blagovaonicu \/ ured ili restoran, preporu\u010damo ovaj set od 2 barske stolice s obzirom na njegovu funkciju i jednostavan dizajn.Moderan, elegantan i dinami\u010dan dizajn, izra\u0111en od najboljih materijala, idealan za barove i kuhinje.Sa svojim drvenim sjedalom i ergonomski dizajniranim naslonom, mo\u017eete se zabaviti nakon posla. Stoga odmah ponesite ovu stolicu u svoj dom!\" \/>\n<meta property=\"og:url\" content=\"https:\/\/inti.hr\/bs\/proizvod\/drvene-barske-stolice\/\" \/>\n<meta property=\"og:site_name\" content=\"Inti\" \/>\n<meta property=\"og:image\" content=\"https:\/\/i0.wp.com\/inti.hr\/wp-content\/uploads\/2022\/03\/FST53-S001_2048x2048.jpg?fit=709%2C709&ssl=1\" \/>\n\t<meta property=\"og:image:width\" content=\"709\" \/>\n\t<meta property=\"og:image:height\" content=\"709\" \/>\n\t<meta property=\"og:image:type\" content=\"image\/jpeg\" \/>\n<meta name=\"twitter:card\" content=\"summary_large_image\" \/>\n<script type=\"application\/ld+json\" class=\"yoast-schema-graph\">{\"@context\":\"https:\/\/schema.org\",\"@graph\":[{\"@type\":\"WebPage\",\"@id\":\"https:\/\/inti.hr\/bs\/proizvod\/drvene-barske-stolice\/\",\"url\":\"https:\/\/inti.hr\/bs\/proizvod\/drvene-barske-stolice\/\",\"name\":\"Drvene barske stolice - Inti\",\"isPartOf\":{\"@id\":\"https:\/\/inti.hr\/bs\/#website\"},\"primaryImageOfPage\":{\"@id\":\"https:\/\/inti.hr\/bs\/proizvod\/drvene-barske-stolice\/#primaryimage\"},\"image\":{\"@id\":\"https:\/\/inti.hr\/bs\/proizvod\/drvene-barske-stolice\/#primaryimage\"},\"thumbnailUrl\":\"https:\/\/i0.wp.com\/inti.hr\/wp-content\/uploads\/2022\/03\/FST53-S001_2048x2048.jpg?fit=709%2C709&ssl=1\",\"datePublished\":\"2022-03-03T08:21:43+00:00\",\"dateModified\":\"2022-03-03T08:21:43+00:00\",\"description\":\"Ako \u017eelite prona\u0107i odgovaraju\u0107u barsku stolicu za svoju kuhinju \/ blagovaonicu \/ ured ili restoran, preporu\u010damo ovaj set od 2 barske stolice s obzirom na njegovu funkciju i jednostavan dizajn.Moderan, elegantan i dinami\u010dan dizajn, izra\u0111en od najboljih materijala, idealan za barove i kuhinje.Sa svojim drvenim sjedalom i ergonomski dizajniranim naslonom, mo\u017eete se zabaviti nakon posla. Stoga odmah ponesite ovu stolicu u svoj dom!\",\"breadcrumb\":{\"@id\":\"https:\/\/inti.hr\/bs\/proizvod\/drvene-barske-stolice\/#breadcrumb\"},\"inLanguage\":\"bs-BA\",\"potentialAction\":[{\"@type\":\"ReadAction\",\"target\":[\"https:\/\/inti.hr\/bs\/proizvod\/drvene-barske-stolice\/\"]}]},{\"@type\":\"ImageObject\",\"inLanguage\":\"bs-BA\",\"@id\":\"https:\/\/inti.hr\/bs\/proizvod\/drvene-barske-stolice\/#primaryimage\",\"url\":\"https:\/\/i0.wp.com\/inti.hr\/wp-content\/uploads\/2022\/03\/FST53-S001_2048x2048.jpg?fit=709%2C709&ssl=1\",\"contentUrl\":\"https:\/\/i0.wp.com\/inti.hr\/wp-content\/uploads\/2022\/03\/FST53-S001_2048x2048.jpg?fit=709%2C709&ssl=1\",\"width\":709,\"height\":709},{\"@type\":\"BreadcrumbList\",\"@id\":\"https:\/\/inti.hr\/bs\/proizvod\/drvene-barske-stolice\/#breadcrumb\",\"itemListElement\":[{\"@type\":\"ListItem\",\"position\":1,\"name\":\"Po\u010detna stranica\",\"item\":\"https:\/\/inti.hr\/bs\/\"},{\"@type\":\"ListItem\",\"position\":2,\"name\":\"Trgovina\",\"item\":\"https:\/\/inti.hr\/bs\/trgovina\/\"},{\"@type\":\"ListItem\",\"position\":3,\"name\":\"Drvene barske stolice\"}]},{\"@type\":\"WebSite\",\"@id\":\"https:\/\/inti.hr\/bs\/#website\",\"url\":\"https:\/\/inti.hr\/bs\/\",\"name\":\"Inti\",\"description\":\"trgovina\",\"potentialAction\":[{\"@type\":\"SearchAction\",\"target\":{\"@type\":\"EntryPoint\",\"urlTemplate\":\"https:\/\/inti.hr\/bs\/?s={search_term_string}\"},\"query-input\":{\"@type\":\"PropertyValueSpecification\",\"valueRequired\":true,\"valueName\":\"search_term_string\"}}],\"inLanguage\":\"bs-BA\"}]}<\/script>\n<!-- \/ Yoast SEO plugin. -->","yoast_head_json":{"title":"Drvene barske stolice - Inti","description":"Ako \u017eelite prona\u0107i odgovaraju\u0107u barsku stolicu za svoju kuhinju \/ blagovaonicu \/ ured ili restoran, preporu\u010damo ovaj set od 2 barske stolice s obzirom na njegovu funkciju i jednostavan dizajn.Moderan, elegantan i dinami\u010dan dizajn, izra\u0111en od najboljih materijala, idealan za barove i kuhinje.Sa svojim drvenim sjedalom i ergonomski dizajniranim naslonom, mo\u017eete se zabaviti nakon posla. Stoga odmah ponesite ovu stolicu u svoj dom!","robots":{"index":"index","follow":"follow","max-snippet":"max-snippet:-1","max-image-preview":"max-image-preview:large","max-video-preview":"max-video-preview:-1"},"canonical":"https:\/\/inti.hr\/bs\/proizvod\/drvene-barske-stolice\/","og_locale":"bs_BA","og_type":"article","og_title":"Drvene barske stolice - Inti","og_description":"Ako \u017eelite prona\u0107i odgovaraju\u0107u barsku stolicu za svoju kuhinju \/ blagovaonicu \/ ured ili restoran, preporu\u010damo ovaj set od 2 barske stolice s obzirom na njegovu funkciju i jednostavan dizajn.Moderan, elegantan i dinami\u010dan dizajn, izra\u0111en od najboljih materijala, idealan za barove i kuhinje.Sa svojim drvenim sjedalom i ergonomski dizajniranim naslonom, mo\u017eete se zabaviti nakon posla. Stoga odmah ponesite ovu stolicu u svoj dom!","og_url":"https:\/\/inti.hr\/bs\/proizvod\/drvene-barske-stolice\/","og_site_name":"Inti","og_image":[{"width":709,"height":709,"url":"https:\/\/i0.wp.com\/inti.hr\/wp-content\/uploads\/2022\/03\/FST53-S001_2048x2048.jpg?fit=709%2C709&ssl=1","type":"image\/jpeg"}],"twitter_card":"summary_large_image","schema":{"@context":"https:\/\/schema.org","@graph":[{"@type":"WebPage","@id":"https:\/\/inti.hr\/bs\/proizvod\/drvene-barske-stolice\/","url":"https:\/\/inti.hr\/bs\/proizvod\/drvene-barske-stolice\/","name":"Drvene barske stolice - Inti","isPartOf":{"@id":"https:\/\/inti.hr\/bs\/#website"},"primaryImageOfPage":{"@id":"https:\/\/inti.hr\/bs\/proizvod\/drvene-barske-stolice\/#primaryimage"},"image":{"@id":"https:\/\/inti.hr\/bs\/proizvod\/drvene-barske-stolice\/#primaryimage"},"thumbnailUrl":"https:\/\/i0.wp.com\/inti.hr\/wp-content\/uploads\/2022\/03\/FST53-S001_2048x2048.jpg?fit=709%2C709&ssl=1","datePublished":"2022-03-03T08:21:43+00:00","dateModified":"2022-03-03T08:21:43+00:00","description":"Ako \u017eelite prona\u0107i odgovaraju\u0107u barsku stolicu za svoju kuhinju \/ blagovaonicu \/ ured ili restoran, preporu\u010damo ovaj set od 2 barske stolice s obzirom na njegovu funkciju i jednostavan dizajn.Moderan, elegantan i dinami\u010dan dizajn, izra\u0111en od najboljih materijala, idealan za barove i kuhinje.Sa svojim drvenim sjedalom i ergonomski dizajniranim naslonom, mo\u017eete se zabaviti nakon posla. Stoga odmah ponesite ovu stolicu u svoj dom!","breadcrumb":{"@id":"https:\/\/inti.hr\/bs\/proizvod\/drvene-barske-stolice\/#breadcrumb"},"inLanguage":"bs-BA","potentialAction":[{"@type":"ReadAction","target":["https:\/\/inti.hr\/bs\/proizvod\/drvene-barske-stolice\/"]}]},{"@type":"ImageObject","inLanguage":"bs-BA","@id":"https:\/\/inti.hr\/bs\/proizvod\/drvene-barske-stolice\/#primaryimage","url":"https:\/\/i0.wp.com\/inti.hr\/wp-content\/uploads\/2022\/03\/FST53-S001_2048x2048.jpg?fit=709%2C709&ssl=1","contentUrl":"https:\/\/i0.wp.com\/inti.hr\/wp-content\/uploads\/2022\/03\/FST53-S001_2048x2048.jpg?fit=709%2C709&ssl=1","width":709,"height":709},{"@type":"BreadcrumbList","@id":"https:\/\/inti.hr\/bs\/proizvod\/drvene-barske-stolice\/#breadcrumb","itemListElement":[{"@type":"ListItem","position":1,"name":"Po\u010detna stranica","item":"https:\/\/inti.hr\/bs\/"},{"@type":"ListItem","position":2,"name":"Trgovina","item":"https:\/\/inti.hr\/bs\/trgovina\/"},{"@type":"ListItem","position":3,"name":"Drvene barske stolice"}]},{"@type":"WebSite","@id":"https:\/\/inti.hr\/bs\/#website","url":"https:\/\/inti.hr\/bs\/","name":"Inti","description":"trgovina","potentialAction":[{"@type":"SearchAction","target":{"@type":"EntryPoint","urlTemplate":"https:\/\/inti.hr\/bs\/?s={search_term_string}"},"query-input":{"@type":"PropertyValueSpecification","valueRequired":true,"valueName":"search_term_string"}}],"inLanguage":"bs-BA"}]}},"jetpack_sharing_enabled":true,"jetpack-related-posts":[],"_links":{"self":[{"href":"https:\/\/inti.hr\/bs\/wp-json\/wp\/v2\/product\/38405"}],"collection":[{"href":"https:\/\/inti.hr\/bs\/wp-json\/wp\/v2\/product"}],"about":[{"href":"https:\/\/inti.hr\/bs\/wp-json\/wp\/v2\/types\/product"}],"wp:featuredmedia":[{"embeddable":true,"href":"https:\/\/inti.hr\/bs\/wp-json\/wp\/v2\/media\/38406"}],"wp:attachment":[{"href":"https:\/\/inti.hr\/bs\/wp-json\/wp\/v2\/media?parent=38405"}],"wp:term":[{"taxonomy":"product_cat","embeddable":true,"href":"https:\/\/inti.hr\/bs\/wp-json\/wp\/v2\/product_cat?post=38405"},{"taxonomy":"product_tag","embeddable":true,"href":"https:\/\/inti.hr\/bs\/wp-json\/wp\/v2\/product_tag?post=38405"}],"curies":[{"name":"wp","href":"https:\/\/api.w.org\/{rel}","templated":true}]}}