{"id":38441,"date":"2022-02-28T08:42:39","date_gmt":"2022-02-28T08:42:39","guid":{"rendered":"https:\/\/inti.hr\/product\/suncobran-o-270-cm\/"},"modified":"2022-02-28T08:42:39","modified_gmt":"2022-02-28T08:42:39","slug":"suncobran-o-270-cm","status":"publish","type":"product","link":"https:\/\/inti.hr\/bs\/proizvod\/suncobran-o-270-cm\/","title":{"rendered":"Suncobran \u00d8 270 cm"},"content":{"rendered":"<p>Detalji o proizvodu:<br \/>\n&#8211; Boja: Siva<br \/>\n&#8211; Materijal: Stup za ki\u0161obran i rebra za ki\u0161obran od metala, 180 g\/\u33a1 poliesterska tkanina<br \/>\n&#8211; Visina: 240 cm<br \/>\n&#8211; \u00d8 ki\u0161obrana: 270 cm<br \/>\n&#8211; \u00d8 stupa za ki\u0161obran: 38 mm<br \/>\n&#8211; Te\u017eina: 6 kg.<\/p>\n","protected":false},"excerpt":{"rendered":"<p>Suncobran, \u00d8 270 cm, vrtni suncobran, suncobran za tr\u017ei\u0161te, UV za\u0161tita &#8230; <\/p>\n","protected":false},"featured_media":38443,"template":"","meta":[],"product_cat":[2482,2452],"product_tag":[5480,5481],"yoast_head":"<!-- This site is optimized with the Yoast SEO plugin v23.7 - https:\/\/yoast.com\/wordpress\/plugins\/seo\/ -->\n<title>Suncobran \u00d8 270 cm - Inti<\/title>\n<meta name=\"description\" content=\"suncobran, \u00d8 270 cm, vrtni suncobran, suncobran za tr\u017ei\u0161te, UV za\u0161tita do UPF 50+, suncobran za terasu, za\u0161tita od sunca, zglobni, sa polugom, bez postolja, vrt, balkon, terasa, sivi\" \/>\n<meta name=\"robots\" content=\"index, follow, max-snippet:-1, max-image-preview:large, max-video-preview:-1\" \/>\n<link rel=\"canonical\" href=\"https:\/\/inti.hr\/bs\/proizvod\/suncobran-o-270-cm\/\" \/>\n<meta property=\"og:locale\" content=\"bs_BA\" \/>\n<meta property=\"og:type\" content=\"article\" \/>\n<meta property=\"og:title\" content=\"Suncobran \u00d8 270 cm - Inti\" \/>\n<meta property=\"og:description\" content=\"suncobran, \u00d8 270 cm, vrtni suncobran, suncobran za tr\u017ei\u0161te, UV za\u0161tita do UPF 50+, suncobran za terasu, za\u0161tita od sunca, zglobni, sa polugom, bez postolja, vrt, balkon, terasa, sivi\" \/>\n<meta property=\"og:url\" content=\"https:\/\/inti.hr\/bs\/proizvod\/suncobran-o-270-cm\/\" \/>\n<meta property=\"og:site_name\" content=\"Inti\" \/>\n<meta property=\"og:image\" content=\"https:\/\/i0.wp.com\/inti.hr\/wp-content\/uploads\/2022\/02\/A1bx48KIMpL._AC_SL1500_.jpg?fit=1500%2C1500&ssl=1\" \/>\n\t<meta property=\"og:image:width\" content=\"1500\" \/>\n\t<meta property=\"og:image:height\" content=\"1500\" \/>\n\t<meta property=\"og:image:type\" content=\"image\/jpeg\" \/>\n<meta name=\"twitter:card\" content=\"summary_large_image\" \/>\n<meta name=\"twitter:label1\" content=\"Est. reading time\" \/>\n\t<meta name=\"twitter:data1\" content=\"1 minuta\" \/>\n<script type=\"application\/ld+json\" class=\"yoast-schema-graph\">{\"@context\":\"https:\/\/schema.org\",\"@graph\":[{\"@type\":\"WebPage\",\"@id\":\"https:\/\/inti.hr\/bs\/proizvod\/suncobran-o-270-cm\/\",\"url\":\"https:\/\/inti.hr\/bs\/proizvod\/suncobran-o-270-cm\/\",\"name\":\"Suncobran \u00d8 270 cm - Inti\",\"isPartOf\":{\"@id\":\"https:\/\/inti.hr\/bs\/#website\"},\"primaryImageOfPage\":{\"@id\":\"https:\/\/inti.hr\/bs\/proizvod\/suncobran-o-270-cm\/#primaryimage\"},\"image\":{\"@id\":\"https:\/\/inti.hr\/bs\/proizvod\/suncobran-o-270-cm\/#primaryimage\"},\"thumbnailUrl\":\"https:\/\/i0.wp.com\/inti.hr\/wp-content\/uploads\/2022\/02\/A1bx48KIMpL._AC_SL1500_.jpg?fit=1500%2C1500&ssl=1\",\"datePublished\":\"2022-02-28T08:42:39+00:00\",\"dateModified\":\"2022-02-28T08:42:39+00:00\",\"description\":\"suncobran, \u00d8 270 cm, vrtni suncobran, suncobran za tr\u017ei\u0161te, UV za\u0161tita do UPF 50+, suncobran za terasu, za\u0161tita od sunca, zglobni, sa polugom, bez postolja, vrt, balkon, terasa, sivi\",\"breadcrumb\":{\"@id\":\"https:\/\/inti.hr\/bs\/proizvod\/suncobran-o-270-cm\/#breadcrumb\"},\"inLanguage\":\"bs-BA\",\"potentialAction\":[{\"@type\":\"ReadAction\",\"target\":[\"https:\/\/inti.hr\/bs\/proizvod\/suncobran-o-270-cm\/\"]}]},{\"@type\":\"ImageObject\",\"inLanguage\":\"bs-BA\",\"@id\":\"https:\/\/inti.hr\/bs\/proizvod\/suncobran-o-270-cm\/#primaryimage\",\"url\":\"https:\/\/i0.wp.com\/inti.hr\/wp-content\/uploads\/2022\/02\/A1bx48KIMpL._AC_SL1500_.jpg?fit=1500%2C1500&ssl=1\",\"contentUrl\":\"https:\/\/i0.wp.com\/inti.hr\/wp-content\/uploads\/2022\/02\/A1bx48KIMpL._AC_SL1500_.jpg?fit=1500%2C1500&ssl=1\",\"width\":1500,\"height\":1500},{\"@type\":\"BreadcrumbList\",\"@id\":\"https:\/\/inti.hr\/bs\/proizvod\/suncobran-o-270-cm\/#breadcrumb\",\"itemListElement\":[{\"@type\":\"ListItem\",\"position\":1,\"name\":\"Po\u010detna stranica\",\"item\":\"https:\/\/inti.hr\/bs\/\"},{\"@type\":\"ListItem\",\"position\":2,\"name\":\"Trgovina\",\"item\":\"https:\/\/inti.hr\/bs\/trgovina\/\"},{\"@type\":\"ListItem\",\"position\":3,\"name\":\"Suncobran \u00d8 270 cm\"}]},{\"@type\":\"WebSite\",\"@id\":\"https:\/\/inti.hr\/bs\/#website\",\"url\":\"https:\/\/inti.hr\/bs\/\",\"name\":\"Inti\",\"description\":\"trgovina\",\"potentialAction\":[{\"@type\":\"SearchAction\",\"target\":{\"@type\":\"EntryPoint\",\"urlTemplate\":\"https:\/\/inti.hr\/bs\/?s={search_term_string}\"},\"query-input\":{\"@type\":\"PropertyValueSpecification\",\"valueRequired\":true,\"valueName\":\"search_term_string\"}}],\"inLanguage\":\"bs-BA\"}]}<\/script>\n<!-- \/ Yoast SEO plugin. -->","yoast_head_json":{"title":"Suncobran \u00d8 270 cm - Inti","description":"suncobran, \u00d8 270 cm, vrtni suncobran, suncobran za tr\u017ei\u0161te, UV za\u0161tita do UPF 50+, suncobran za terasu, za\u0161tita od sunca, zglobni, sa polugom, bez postolja, vrt, balkon, terasa, sivi","robots":{"index":"index","follow":"follow","max-snippet":"max-snippet:-1","max-image-preview":"max-image-preview:large","max-video-preview":"max-video-preview:-1"},"canonical":"https:\/\/inti.hr\/bs\/proizvod\/suncobran-o-270-cm\/","og_locale":"bs_BA","og_type":"article","og_title":"Suncobran \u00d8 270 cm - Inti","og_description":"suncobran, \u00d8 270 cm, vrtni suncobran, suncobran za tr\u017ei\u0161te, UV za\u0161tita do UPF 50+, suncobran za terasu, za\u0161tita od sunca, zglobni, sa polugom, bez postolja, vrt, balkon, terasa, sivi","og_url":"https:\/\/inti.hr\/bs\/proizvod\/suncobran-o-270-cm\/","og_site_name":"Inti","og_image":[{"width":1500,"height":1500,"url":"https:\/\/i0.wp.com\/inti.hr\/wp-content\/uploads\/2022\/02\/A1bx48KIMpL._AC_SL1500_.jpg?fit=1500%2C1500&ssl=1","type":"image\/jpeg"}],"twitter_card":"summary_large_image","twitter_misc":{"Est. reading time":"1 minuta"},"schema":{"@context":"https:\/\/schema.org","@graph":[{"@type":"WebPage","@id":"https:\/\/inti.hr\/bs\/proizvod\/suncobran-o-270-cm\/","url":"https:\/\/inti.hr\/bs\/proizvod\/suncobran-o-270-cm\/","name":"Suncobran \u00d8 270 cm - Inti","isPartOf":{"@id":"https:\/\/inti.hr\/bs\/#website"},"primaryImageOfPage":{"@id":"https:\/\/inti.hr\/bs\/proizvod\/suncobran-o-270-cm\/#primaryimage"},"image":{"@id":"https:\/\/inti.hr\/bs\/proizvod\/suncobran-o-270-cm\/#primaryimage"},"thumbnailUrl":"https:\/\/i0.wp.com\/inti.hr\/wp-content\/uploads\/2022\/02\/A1bx48KIMpL._AC_SL1500_.jpg?fit=1500%2C1500&ssl=1","datePublished":"2022-02-28T08:42:39+00:00","dateModified":"2022-02-28T08:42:39+00:00","description":"suncobran, \u00d8 270 cm, vrtni suncobran, suncobran za tr\u017ei\u0161te, UV za\u0161tita do UPF 50+, suncobran za terasu, za\u0161tita od sunca, zglobni, sa polugom, bez postolja, vrt, balkon, terasa, sivi","breadcrumb":{"@id":"https:\/\/inti.hr\/bs\/proizvod\/suncobran-o-270-cm\/#breadcrumb"},"inLanguage":"bs-BA","potentialAction":[{"@type":"ReadAction","target":["https:\/\/inti.hr\/bs\/proizvod\/suncobran-o-270-cm\/"]}]},{"@type":"ImageObject","inLanguage":"bs-BA","@id":"https:\/\/inti.hr\/bs\/proizvod\/suncobran-o-270-cm\/#primaryimage","url":"https:\/\/i0.wp.com\/inti.hr\/wp-content\/uploads\/2022\/02\/A1bx48KIMpL._AC_SL1500_.jpg?fit=1500%2C1500&ssl=1","contentUrl":"https:\/\/i0.wp.com\/inti.hr\/wp-content\/uploads\/2022\/02\/A1bx48KIMpL._AC_SL1500_.jpg?fit=1500%2C1500&ssl=1","width":1500,"height":1500},{"@type":"BreadcrumbList","@id":"https:\/\/inti.hr\/bs\/proizvod\/suncobran-o-270-cm\/#breadcrumb","itemListElement":[{"@type":"ListItem","position":1,"name":"Po\u010detna stranica","item":"https:\/\/inti.hr\/bs\/"},{"@type":"ListItem","position":2,"name":"Trgovina","item":"https:\/\/inti.hr\/bs\/trgovina\/"},{"@type":"ListItem","position":3,"name":"Suncobran \u00d8 270 cm"}]},{"@type":"WebSite","@id":"https:\/\/inti.hr\/bs\/#website","url":"https:\/\/inti.hr\/bs\/","name":"Inti","description":"trgovina","potentialAction":[{"@type":"SearchAction","target":{"@type":"EntryPoint","urlTemplate":"https:\/\/inti.hr\/bs\/?s={search_term_string}"},"query-input":{"@type":"PropertyValueSpecification","valueRequired":true,"valueName":"search_term_string"}}],"inLanguage":"bs-BA"}]}},"jetpack_sharing_enabled":true,"jetpack-related-posts":[],"_links":{"self":[{"href":"https:\/\/inti.hr\/bs\/wp-json\/wp\/v2\/product\/38441"}],"collection":[{"href":"https:\/\/inti.hr\/bs\/wp-json\/wp\/v2\/product"}],"about":[{"href":"https:\/\/inti.hr\/bs\/wp-json\/wp\/v2\/types\/product"}],"wp:featuredmedia":[{"embeddable":true,"href":"https:\/\/inti.hr\/bs\/wp-json\/wp\/v2\/media\/38443"}],"wp:attachment":[{"href":"https:\/\/inti.hr\/bs\/wp-json\/wp\/v2\/media?parent=38441"}],"wp:term":[{"taxonomy":"product_cat","embeddable":true,"href":"https:\/\/inti.hr\/bs\/wp-json\/wp\/v2\/product_cat?post=38441"},{"taxonomy":"product_tag","embeddable":true,"href":"https:\/\/inti.hr\/bs\/wp-json\/wp\/v2\/product_tag?post=38441"}],"curies":[{"name":"wp","href":"https:\/\/api.w.org\/{rel}","templated":true}]}}