{"id":38447,"date":"2022-02-28T08:21:16","date_gmt":"2022-02-28T08:21:16","guid":{"rendered":"https:\/\/inti.hr\/product\/viseci-suncobran-300cm\/"},"modified":"2022-02-28T08:21:16","modified_gmt":"2022-02-28T08:21:16","slug":"viseci-suncobran-300cm","status":"publish","type":"product","link":"https:\/\/inti.hr\/bs\/proizvod\/viseci-suncobran-300cm\/","title":{"rendered":"Vise\u0107i suncobran 300cm"},"content":{"rendered":"<p><span class=\"a-text-bold\">Detalji o proizvodu:<\/span><\/p>\n<p>&nbsp;<\/p>\n<ul class=\"a-unordered-list a-vertical\">\n<li><span class=\"a-list-item\">Boja siva<\/span><\/li>\n<li><span class=\"a-list-item\">Materijal: metalni stup, 180 g\/m\u00b2 poliesterska tkanina<\/span><\/li>\n<li><span class=\"a-list-item\">\u00d8 ekrana: 3 m<\/span><\/li>\n<li><span class=\"a-list-item\">Visina: 2,45m<\/span><\/li>\n<li><span class=\"a-list-item\">Te\u017eina: 13 kg.<\/span><\/li>\n<\/ul>\n<p>Bez obzira \u017eelite li odrijemati u vrtu, jesti s prijateljima na terasi ili u\u017eivati \u200b\u200bu pauzi za kavu s obitelji na otvorenom, ovaj \u0107e suncobran ostvariti sve va\u0161e planove. Izra\u0111en od 180 g\/m\u00b2 poliesterske tkanine, nudi izvrsnu UV za\u0161titu do UPF 50+.\u00a0Dakle, ne morate brinuti da \u0107e vam jaka sun\u010deva svjetlost povrijediti o\u010di i pocrvenjeti na ko\u017ei.<\/p>\n","protected":false},"excerpt":{"rendered":"<p>Suncobran, konzolni suncobran \u00d8 300 cm, sa polugom za otvaranje i &#8230; <\/p>\n","protected":false},"featured_media":38448,"template":"","meta":[],"product_cat":[2482],"product_tag":[5160,5484,5485],"yoast_head":"<!-- This site is optimized with the Yoast SEO plugin v23.7 - https:\/\/yoast.com\/wordpress\/plugins\/seo\/ -->\n<title>Vise\u0107i suncobran 300cm - Inti<\/title>\n<meta name=\"description\" content=\"suncobran, konzolni suncobran \u00d8 300 cm, sa polugom za otvaranje i zatvaranje, za\u0161tita od sunca, vrtni suncobran, UV za\u0161tita do UPF 50+, za vrt, terasu, siva\" \/>\n<meta name=\"robots\" content=\"index, follow, max-snippet:-1, max-image-preview:large, max-video-preview:-1\" \/>\n<link rel=\"canonical\" href=\"https:\/\/inti.hr\/bs\/proizvod\/viseci-suncobran-300cm\/\" \/>\n<meta property=\"og:locale\" content=\"bs_BA\" \/>\n<meta property=\"og:type\" content=\"article\" \/>\n<meta property=\"og:title\" content=\"Vise\u0107i suncobran 300cm - Inti\" \/>\n<meta property=\"og:description\" content=\"suncobran, konzolni suncobran \u00d8 300 cm, sa polugom za otvaranje i zatvaranje, za\u0161tita od sunca, vrtni suncobran, UV za\u0161tita do UPF 50+, za vrt, terasu, siva\" \/>\n<meta property=\"og:url\" content=\"https:\/\/inti.hr\/bs\/proizvod\/viseci-suncobran-300cm\/\" \/>\n<meta property=\"og:site_name\" content=\"Inti\" \/>\n<meta property=\"og:image\" content=\"https:\/\/i0.wp.com\/inti.hr\/wp-content\/uploads\/2022\/02\/91tO8OkBWpL._AC_SL1500_.jpg?fit=1500%2C1500&ssl=1\" \/>\n\t<meta property=\"og:image:width\" content=\"1500\" \/>\n\t<meta property=\"og:image:height\" content=\"1500\" \/>\n\t<meta property=\"og:image:type\" content=\"image\/jpeg\" \/>\n<meta name=\"twitter:card\" content=\"summary_large_image\" \/>\n<script type=\"application\/ld+json\" class=\"yoast-schema-graph\">{\"@context\":\"https:\/\/schema.org\",\"@graph\":[{\"@type\":\"WebPage\",\"@id\":\"https:\/\/inti.hr\/bs\/proizvod\/viseci-suncobran-300cm\/\",\"url\":\"https:\/\/inti.hr\/bs\/proizvod\/viseci-suncobran-300cm\/\",\"name\":\"Vise\u0107i suncobran 300cm - Inti\",\"isPartOf\":{\"@id\":\"https:\/\/inti.hr\/bs\/#website\"},\"primaryImageOfPage\":{\"@id\":\"https:\/\/inti.hr\/bs\/proizvod\/viseci-suncobran-300cm\/#primaryimage\"},\"image\":{\"@id\":\"https:\/\/inti.hr\/bs\/proizvod\/viseci-suncobran-300cm\/#primaryimage\"},\"thumbnailUrl\":\"https:\/\/i0.wp.com\/inti.hr\/wp-content\/uploads\/2022\/02\/91tO8OkBWpL._AC_SL1500_.jpg?fit=1500%2C1500&ssl=1\",\"datePublished\":\"2022-02-28T08:21:16+00:00\",\"dateModified\":\"2022-02-28T08:21:16+00:00\",\"description\":\"suncobran, konzolni suncobran \u00d8 300 cm, sa polugom za otvaranje i zatvaranje, za\u0161tita od sunca, vrtni suncobran, UV za\u0161tita do UPF 50+, za vrt, terasu, siva\",\"breadcrumb\":{\"@id\":\"https:\/\/inti.hr\/bs\/proizvod\/viseci-suncobran-300cm\/#breadcrumb\"},\"inLanguage\":\"bs-BA\",\"potentialAction\":[{\"@type\":\"ReadAction\",\"target\":[\"https:\/\/inti.hr\/bs\/proizvod\/viseci-suncobran-300cm\/\"]}]},{\"@type\":\"ImageObject\",\"inLanguage\":\"bs-BA\",\"@id\":\"https:\/\/inti.hr\/bs\/proizvod\/viseci-suncobran-300cm\/#primaryimage\",\"url\":\"https:\/\/i0.wp.com\/inti.hr\/wp-content\/uploads\/2022\/02\/91tO8OkBWpL._AC_SL1500_.jpg?fit=1500%2C1500&ssl=1\",\"contentUrl\":\"https:\/\/i0.wp.com\/inti.hr\/wp-content\/uploads\/2022\/02\/91tO8OkBWpL._AC_SL1500_.jpg?fit=1500%2C1500&ssl=1\",\"width\":1500,\"height\":1500},{\"@type\":\"BreadcrumbList\",\"@id\":\"https:\/\/inti.hr\/bs\/proizvod\/viseci-suncobran-300cm\/#breadcrumb\",\"itemListElement\":[{\"@type\":\"ListItem\",\"position\":1,\"name\":\"Po\u010detna stranica\",\"item\":\"https:\/\/inti.hr\/bs\/\"},{\"@type\":\"ListItem\",\"position\":2,\"name\":\"Trgovina\",\"item\":\"https:\/\/inti.hr\/bs\/trgovina\/\"},{\"@type\":\"ListItem\",\"position\":3,\"name\":\"Vise\u0107i suncobran 300cm\"}]},{\"@type\":\"WebSite\",\"@id\":\"https:\/\/inti.hr\/bs\/#website\",\"url\":\"https:\/\/inti.hr\/bs\/\",\"name\":\"Inti\",\"description\":\"trgovina\",\"potentialAction\":[{\"@type\":\"SearchAction\",\"target\":{\"@type\":\"EntryPoint\",\"urlTemplate\":\"https:\/\/inti.hr\/bs\/?s={search_term_string}\"},\"query-input\":{\"@type\":\"PropertyValueSpecification\",\"valueRequired\":true,\"valueName\":\"search_term_string\"}}],\"inLanguage\":\"bs-BA\"}]}<\/script>\n<!-- \/ Yoast SEO plugin. -->","yoast_head_json":{"title":"Vise\u0107i suncobran 300cm - Inti","description":"suncobran, konzolni suncobran \u00d8 300 cm, sa polugom za otvaranje i zatvaranje, za\u0161tita od sunca, vrtni suncobran, UV za\u0161tita do UPF 50+, za vrt, terasu, siva","robots":{"index":"index","follow":"follow","max-snippet":"max-snippet:-1","max-image-preview":"max-image-preview:large","max-video-preview":"max-video-preview:-1"},"canonical":"https:\/\/inti.hr\/bs\/proizvod\/viseci-suncobran-300cm\/","og_locale":"bs_BA","og_type":"article","og_title":"Vise\u0107i suncobran 300cm - Inti","og_description":"suncobran, konzolni suncobran \u00d8 300 cm, sa polugom za otvaranje i zatvaranje, za\u0161tita od sunca, vrtni suncobran, UV za\u0161tita do UPF 50+, za vrt, terasu, siva","og_url":"https:\/\/inti.hr\/bs\/proizvod\/viseci-suncobran-300cm\/","og_site_name":"Inti","og_image":[{"width":1500,"height":1500,"url":"https:\/\/i0.wp.com\/inti.hr\/wp-content\/uploads\/2022\/02\/91tO8OkBWpL._AC_SL1500_.jpg?fit=1500%2C1500&ssl=1","type":"image\/jpeg"}],"twitter_card":"summary_large_image","schema":{"@context":"https:\/\/schema.org","@graph":[{"@type":"WebPage","@id":"https:\/\/inti.hr\/bs\/proizvod\/viseci-suncobran-300cm\/","url":"https:\/\/inti.hr\/bs\/proizvod\/viseci-suncobran-300cm\/","name":"Vise\u0107i suncobran 300cm - Inti","isPartOf":{"@id":"https:\/\/inti.hr\/bs\/#website"},"primaryImageOfPage":{"@id":"https:\/\/inti.hr\/bs\/proizvod\/viseci-suncobran-300cm\/#primaryimage"},"image":{"@id":"https:\/\/inti.hr\/bs\/proizvod\/viseci-suncobran-300cm\/#primaryimage"},"thumbnailUrl":"https:\/\/i0.wp.com\/inti.hr\/wp-content\/uploads\/2022\/02\/91tO8OkBWpL._AC_SL1500_.jpg?fit=1500%2C1500&ssl=1","datePublished":"2022-02-28T08:21:16+00:00","dateModified":"2022-02-28T08:21:16+00:00","description":"suncobran, konzolni suncobran \u00d8 300 cm, sa polugom za otvaranje i zatvaranje, za\u0161tita od sunca, vrtni suncobran, UV za\u0161tita do UPF 50+, za vrt, terasu, siva","breadcrumb":{"@id":"https:\/\/inti.hr\/bs\/proizvod\/viseci-suncobran-300cm\/#breadcrumb"},"inLanguage":"bs-BA","potentialAction":[{"@type":"ReadAction","target":["https:\/\/inti.hr\/bs\/proizvod\/viseci-suncobran-300cm\/"]}]},{"@type":"ImageObject","inLanguage":"bs-BA","@id":"https:\/\/inti.hr\/bs\/proizvod\/viseci-suncobran-300cm\/#primaryimage","url":"https:\/\/i0.wp.com\/inti.hr\/wp-content\/uploads\/2022\/02\/91tO8OkBWpL._AC_SL1500_.jpg?fit=1500%2C1500&ssl=1","contentUrl":"https:\/\/i0.wp.com\/inti.hr\/wp-content\/uploads\/2022\/02\/91tO8OkBWpL._AC_SL1500_.jpg?fit=1500%2C1500&ssl=1","width":1500,"height":1500},{"@type":"BreadcrumbList","@id":"https:\/\/inti.hr\/bs\/proizvod\/viseci-suncobran-300cm\/#breadcrumb","itemListElement":[{"@type":"ListItem","position":1,"name":"Po\u010detna stranica","item":"https:\/\/inti.hr\/bs\/"},{"@type":"ListItem","position":2,"name":"Trgovina","item":"https:\/\/inti.hr\/bs\/trgovina\/"},{"@type":"ListItem","position":3,"name":"Vise\u0107i suncobran 300cm"}]},{"@type":"WebSite","@id":"https:\/\/inti.hr\/bs\/#website","url":"https:\/\/inti.hr\/bs\/","name":"Inti","description":"trgovina","potentialAction":[{"@type":"SearchAction","target":{"@type":"EntryPoint","urlTemplate":"https:\/\/inti.hr\/bs\/?s={search_term_string}"},"query-input":{"@type":"PropertyValueSpecification","valueRequired":true,"valueName":"search_term_string"}}],"inLanguage":"bs-BA"}]}},"jetpack_sharing_enabled":true,"jetpack-related-posts":[],"_links":{"self":[{"href":"https:\/\/inti.hr\/bs\/wp-json\/wp\/v2\/product\/38447"}],"collection":[{"href":"https:\/\/inti.hr\/bs\/wp-json\/wp\/v2\/product"}],"about":[{"href":"https:\/\/inti.hr\/bs\/wp-json\/wp\/v2\/types\/product"}],"wp:featuredmedia":[{"embeddable":true,"href":"https:\/\/inti.hr\/bs\/wp-json\/wp\/v2\/media\/38448"}],"wp:attachment":[{"href":"https:\/\/inti.hr\/bs\/wp-json\/wp\/v2\/media?parent=38447"}],"wp:term":[{"taxonomy":"product_cat","embeddable":true,"href":"https:\/\/inti.hr\/bs\/wp-json\/wp\/v2\/product_cat?post=38447"},{"taxonomy":"product_tag","embeddable":true,"href":"https:\/\/inti.hr\/bs\/wp-json\/wp\/v2\/product_tag?post=38447"}],"curies":[{"name":"wp","href":"https:\/\/api.w.org\/{rel}","templated":true}]}}